{"id":352,"date":"2026-04-16T22:02:15","date_gmt":"2026-04-16T20:02:15","guid":{"rendered":"https:\/\/digilago.es\/tazamania\/?post_type=product&#038;p=352"},"modified":"2026-04-16T22:05:07","modified_gmt":"2026-04-16T20:05:07","slug":"taza-kawaii-hello-kitty-de-ceramica","status":"publish","type":"product","link":"https:\/\/digilago.es\/tazamania\/producto\/taza-kawaii-hello-kitty-de-ceramica\/","title":{"rendered":"Taza Kawaii Hello Kitty de Cer\u00e1mica"},"content":{"rendered":"<p data-start=\"308\" data-end=\"515\">Disfruta de cada bebida con la ternura inconfundible de Hello Kitty. Esta taza kawaii est\u00e1 dise\u00f1ada para quienes aman el estilo adorable y los detalles delicados que hacen especial cualquier momento del d\u00eda.<\/p>\n<p data-start=\"517\" data-end=\"788\">Fabricada en cer\u00e1mica de alta calidad, ofrece resistencia, durabilidad y una excelente conservaci\u00f3n del calor. Su dise\u00f1o presenta a Hello Kitty en un estilo encantador, con colores suaves y acabados cuidados que aportan un toque dulce y elegante a tu cocina o escritorio.<\/p>\n<p data-start=\"790\" data-end=\"982\">Es perfecta para caf\u00e9, t\u00e9, chocolate caliente o cualquier bebida que quieras disfrutar con un toque de personalidad. Adem\u00e1s, es un regalo ideal para fans de Sanrio o amantes del estilo kawaii.<\/p>\n<p data-start=\"984\" data-end=\"1069\">Convierte tu rutina diaria en un momento m\u00e1s especial con esta taza \u00fanica y adorable.<\/p>\n","protected":false},"excerpt":{"rendered":"<p>Taza kawaii de Hello Kitty en cer\u00e1mica. Ideal para regalo o uso diario.<\/p>\n","protected":false},"featured_media":353,"comment_status":"open","ping_status":"closed","template":"","meta":[],"product_brand":[],"product_cat":[39],"product_tag":[36,40,43,42,41],"class_list":{"0":"post-352","1":"product","2":"type-product","3":"status-publish","4":"has-post-thumbnail","6":"product_cat-coleccion-sanrio","7":"product_tag-ceramica","8":"product_tag-hello-kitty","9":"product_tag-regalos-cute","10":"product_tag-sanrio","11":"product_tag-taza-kawaii","13":"first","14":"instock","15":"taxable","16":"shipping-taxable","17":"purchasable","18":"product-type-simple"},"yoast_head":"<!-- This site is optimized with the Yoast SEO plugin v26.8 - https:\/\/yoast.com\/product\/yoast-seo-wordpress\/ -->\n<title>Taza Kawaii Hello Kitty de Cer\u00e1mica -<\/title>\n<meta name=\"description\" content=\"Compra taza kawaii de Hello Kitty en cer\u00e1mica. Dise\u00f1o adorable, perfecta para regalo o colecci\u00f3n.\" \/>\n<meta name=\"robots\" content=\"index, follow, max-snippet:-1, max-image-preview:large, max-video-preview:-1\" \/>\n<link rel=\"canonical\" href=\"https:\/\/digilago.es\/tazamania\/producto\/taza-kawaii-hello-kitty-de-ceramica\/\" \/>\n<meta property=\"og:locale\" content=\"es_ES\" \/>\n<meta property=\"og:type\" content=\"article\" \/>\n<meta property=\"og:title\" content=\"Taza Kawaii Hello Kitty de Cer\u00e1mica -\" \/>\n<meta property=\"og:description\" content=\"Compra taza kawaii de Hello Kitty en cer\u00e1mica. Dise\u00f1o adorable, perfecta para regalo o colecci\u00f3n.\" \/>\n<meta property=\"og:url\" content=\"https:\/\/digilago.es\/tazamania\/producto\/taza-kawaii-hello-kitty-de-ceramica\/\" \/>\n<meta property=\"article:modified_time\" content=\"2026-04-16T20:05:07+00:00\" \/>\n<meta property=\"og:image\" content=\"https:\/\/digilago.es\/tazamania\/wp-content\/uploads\/sites\/46\/2026\/04\/hello-kitty-jpg.jpg\" \/>\n\t<meta property=\"og:image:width\" content=\"736\" \/>\n\t<meta property=\"og:image:height\" content=\"861\" \/>\n\t<meta property=\"og:image:type\" content=\"image\/jpeg\" \/>\n<meta name=\"twitter:card\" content=\"summary_large_image\" \/>\n<meta name=\"twitter:label1\" content=\"Tiempo de lectura\" \/>\n\t<meta name=\"twitter:data1\" content=\"1 minuto\" \/>\n<script type=\"application\/ld+json\" class=\"yoast-schema-graph\">{\"@context\":\"https:\/\/schema.org\",\"@graph\":[{\"@type\":\"WebPage\",\"@id\":\"https:\/\/digilago.es\/tazamania\/producto\/taza-kawaii-hello-kitty-de-ceramica\/\",\"url\":\"https:\/\/digilago.es\/tazamania\/producto\/taza-kawaii-hello-kitty-de-ceramica\/\",\"name\":\"Taza Kawaii Hello Kitty de Cer\u00e1mica -\",\"isPartOf\":{\"@id\":\"https:\/\/digilago.es\/tazamania\/#website\"},\"primaryImageOfPage\":{\"@id\":\"https:\/\/digilago.es\/tazamania\/producto\/taza-kawaii-hello-kitty-de-ceramica\/#primaryimage\"},\"image\":{\"@id\":\"https:\/\/digilago.es\/tazamania\/producto\/taza-kawaii-hello-kitty-de-ceramica\/#primaryimage\"},\"thumbnailUrl\":\"https:\/\/digilago.es\/tazamania\/wp-content\/uploads\/sites\/46\/2026\/04\/hello-kitty-jpg.jpg\",\"datePublished\":\"2026-04-16T20:02:15+00:00\",\"dateModified\":\"2026-04-16T20:05:07+00:00\",\"description\":\"Compra taza kawaii de Hello Kitty en cer\u00e1mica. Dise\u00f1o adorable, perfecta para regalo o colecci\u00f3n.\",\"breadcrumb\":{\"@id\":\"https:\/\/digilago.es\/tazamania\/producto\/taza-kawaii-hello-kitty-de-ceramica\/#breadcrumb\"},\"inLanguage\":\"es\",\"potentialAction\":[{\"@type\":\"ReadAction\",\"target\":[\"https:\/\/digilago.es\/tazamania\/producto\/taza-kawaii-hello-kitty-de-ceramica\/\"]}]},{\"@type\":\"ImageObject\",\"inLanguage\":\"es\",\"@id\":\"https:\/\/digilago.es\/tazamania\/producto\/taza-kawaii-hello-kitty-de-ceramica\/#primaryimage\",\"url\":\"https:\/\/digilago.es\/tazamania\/wp-content\/uploads\/sites\/46\/2026\/04\/hello-kitty-jpg.jpg\",\"contentUrl\":\"https:\/\/digilago.es\/tazamania\/wp-content\/uploads\/sites\/46\/2026\/04\/hello-kitty-jpg.jpg\",\"width\":736,\"height\":861},{\"@type\":\"BreadcrumbList\",\"@id\":\"https:\/\/digilago.es\/tazamania\/producto\/taza-kawaii-hello-kitty-de-ceramica\/#breadcrumb\",\"itemListElement\":[{\"@type\":\"ListItem\",\"position\":1,\"name\":\"Portada\",\"item\":\"https:\/\/digilago.es\/tazamania\/\"},{\"@type\":\"ListItem\",\"position\":2,\"name\":\"Explora nuestra tienda\",\"item\":\"https:\/\/digilago.es\/tazamania\/tienda\/\"},{\"@type\":\"ListItem\",\"position\":3,\"name\":\"Taza Kawaii Hello Kitty de Cer\u00e1mica\"}]},{\"@type\":\"WebSite\",\"@id\":\"https:\/\/digilago.es\/tazamania\/#website\",\"url\":\"https:\/\/digilago.es\/tazamania\/\",\"name\":\"\",\"description\":\"\",\"potentialAction\":[{\"@type\":\"SearchAction\",\"target\":{\"@type\":\"EntryPoint\",\"urlTemplate\":\"https:\/\/digilago.es\/tazamania\/?s={search_term_string}\"},\"query-input\":{\"@type\":\"PropertyValueSpecification\",\"valueRequired\":true,\"valueName\":\"search_term_string\"}}],\"inLanguage\":\"es\"}]}<\/script>\n<!-- \/ Yoast SEO plugin. -->","yoast_head_json":{"title":"Taza Kawaii Hello Kitty de Cer\u00e1mica -","description":"Compra taza kawaii de Hello Kitty en cer\u00e1mica. Dise\u00f1o adorable, perfecta para regalo o colecci\u00f3n.","robots":{"index":"index","follow":"follow","max-snippet":"max-snippet:-1","max-image-preview":"max-image-preview:large","max-video-preview":"max-video-preview:-1"},"canonical":"https:\/\/digilago.es\/tazamania\/producto\/taza-kawaii-hello-kitty-de-ceramica\/","og_locale":"es_ES","og_type":"article","og_title":"Taza Kawaii Hello Kitty de Cer\u00e1mica -","og_description":"Compra taza kawaii de Hello Kitty en cer\u00e1mica. Dise\u00f1o adorable, perfecta para regalo o colecci\u00f3n.","og_url":"https:\/\/digilago.es\/tazamania\/producto\/taza-kawaii-hello-kitty-de-ceramica\/","article_modified_time":"2026-04-16T20:05:07+00:00","og_image":[{"width":736,"height":861,"url":"https:\/\/digilago.es\/tazamania\/wp-content\/uploads\/sites\/46\/2026\/04\/hello-kitty-jpg.jpg","type":"image\/jpeg"}],"twitter_card":"summary_large_image","twitter_misc":{"Tiempo de lectura":"1 minuto"},"schema":{"@context":"https:\/\/schema.org","@graph":[{"@type":"WebPage","@id":"https:\/\/digilago.es\/tazamania\/producto\/taza-kawaii-hello-kitty-de-ceramica\/","url":"https:\/\/digilago.es\/tazamania\/producto\/taza-kawaii-hello-kitty-de-ceramica\/","name":"Taza Kawaii Hello Kitty de Cer\u00e1mica -","isPartOf":{"@id":"https:\/\/digilago.es\/tazamania\/#website"},"primaryImageOfPage":{"@id":"https:\/\/digilago.es\/tazamania\/producto\/taza-kawaii-hello-kitty-de-ceramica\/#primaryimage"},"image":{"@id":"https:\/\/digilago.es\/tazamania\/producto\/taza-kawaii-hello-kitty-de-ceramica\/#primaryimage"},"thumbnailUrl":"https:\/\/digilago.es\/tazamania\/wp-content\/uploads\/sites\/46\/2026\/04\/hello-kitty-jpg.jpg","datePublished":"2026-04-16T20:02:15+00:00","dateModified":"2026-04-16T20:05:07+00:00","description":"Compra taza kawaii de Hello Kitty en cer\u00e1mica. Dise\u00f1o adorable, perfecta para regalo o colecci\u00f3n.","breadcrumb":{"@id":"https:\/\/digilago.es\/tazamania\/producto\/taza-kawaii-hello-kitty-de-ceramica\/#breadcrumb"},"inLanguage":"es","potentialAction":[{"@type":"ReadAction","target":["https:\/\/digilago.es\/tazamania\/producto\/taza-kawaii-hello-kitty-de-ceramica\/"]}]},{"@type":"ImageObject","inLanguage":"es","@id":"https:\/\/digilago.es\/tazamania\/producto\/taza-kawaii-hello-kitty-de-ceramica\/#primaryimage","url":"https:\/\/digilago.es\/tazamania\/wp-content\/uploads\/sites\/46\/2026\/04\/hello-kitty-jpg.jpg","contentUrl":"https:\/\/digilago.es\/tazamania\/wp-content\/uploads\/sites\/46\/2026\/04\/hello-kitty-jpg.jpg","width":736,"height":861},{"@type":"BreadcrumbList","@id":"https:\/\/digilago.es\/tazamania\/producto\/taza-kawaii-hello-kitty-de-ceramica\/#breadcrumb","itemListElement":[{"@type":"ListItem","position":1,"name":"Portada","item":"https:\/\/digilago.es\/tazamania\/"},{"@type":"ListItem","position":2,"name":"Explora nuestra tienda","item":"https:\/\/digilago.es\/tazamania\/tienda\/"},{"@type":"ListItem","position":3,"name":"Taza Kawaii Hello Kitty de Cer\u00e1mica"}]},{"@type":"WebSite","@id":"https:\/\/digilago.es\/tazamania\/#website","url":"https:\/\/digilago.es\/tazamania\/","name":"","description":"","potentialAction":[{"@type":"SearchAction","target":{"@type":"EntryPoint","urlTemplate":"https:\/\/digilago.es\/tazamania\/?s={search_term_string}"},"query-input":{"@type":"PropertyValueSpecification","valueRequired":true,"valueName":"search_term_string"}}],"inLanguage":"es"}]}},"_links":{"self":[{"href":"https:\/\/digilago.es\/tazamania\/wp-json\/wp\/v2\/product\/352","targetHints":{"allow":["GET"]}}],"collection":[{"href":"https:\/\/digilago.es\/tazamania\/wp-json\/wp\/v2\/product"}],"about":[{"href":"https:\/\/digilago.es\/tazamania\/wp-json\/wp\/v2\/types\/product"}],"replies":[{"embeddable":true,"href":"https:\/\/digilago.es\/tazamania\/wp-json\/wp\/v2\/comments?post=352"}],"wp:featuredmedia":[{"embeddable":true,"href":"https:\/\/digilago.es\/tazamania\/wp-json\/wp\/v2\/media\/353"}],"wp:attachment":[{"href":"https:\/\/digilago.es\/tazamania\/wp-json\/wp\/v2\/media?parent=352"}],"wp:term":[{"taxonomy":"product_brand","embeddable":true,"href":"https:\/\/digilago.es\/tazamania\/wp-json\/wp\/v2\/product_brand?post=352"},{"taxonomy":"product_cat","embeddable":true,"href":"https:\/\/digilago.es\/tazamania\/wp-json\/wp\/v2\/product_cat?post=352"},{"taxonomy":"product_tag","embeddable":true,"href":"https:\/\/digilago.es\/tazamania\/wp-json\/wp\/v2\/product_tag?post=352"}],"curies":[{"name":"wp","href":"https:\/\/api.w.org\/{rel}","templated":true}]}}