{"id":337,"date":"2026-04-07T12:31:00","date_gmt":"2026-04-07T10:31:00","guid":{"rendered":"https:\/\/digilago.es\/tazamania\/?post_type=product&#038;p=337"},"modified":"2026-04-17T09:56:25","modified_gmt":"2026-04-17T07:56:25","slug":"taza-nezuko-demon-slayer","status":"publish","type":"product","link":"https:\/\/digilago.es\/tazamania\/producto\/taza-nezuko-demon-slayer\/","title":{"rendered":"Taza de cer\u00e1mica Nezuko Kimetsu no yaiba"},"content":{"rendered":"<p>Disfruta de tu bebida favorita con esta hermosa taza inspirada en Nezuko, uno de los personajes m\u00e1s queridos de Demon Slayer.<\/p>\n<p>Con un dise\u00f1o \u00fanico y lleno de estilo, esta taza es perfecta para los fans del anime que quieren llevar su pasi\u00f3n a su d\u00eda a d\u00eda. Su acabado de alta calidad garantiza colores vivos y una gran durabilidad.<\/p>\n<p>\u2615 Caracter\u00edsticas:<\/p>\n<ul>\n<li>Material: Cer\u00e1mica de alta calidad<\/li>\n<li>Apta para microondas y lavavajillas<\/li>\n<li>Impresi\u00f3n en alta definici\u00f3n<\/li>\n<li>Capacidad est\u00e1ndar (aprox. 325 ml)<\/li>\n<\/ul>\n<p>\ud83c\udf81 Ideal para:<\/p>\n<ul>\n<li>Fans de Demon Slayer<\/li>\n<li>Regalos originales<\/li>\n<li>Uso diario en casa o la oficina<\/li>\n<\/ul>\n<p>A\u00f1ade un toque especial a tus ma\u00f1anas con esta incre\u00edble taza de Nezuko.<\/p>\n","protected":false},"excerpt":{"rendered":"<p><strong>Taza de Nezuko de alta calidad\u00a0<\/strong><\/p>\n<p><em>De 325ml, apta para microondas y lavavajillas.\u00a0<\/em><\/p>\n","protected":false},"featured_media":87,"comment_status":"open","ping_status":"closed","template":"","meta":[],"product_brand":[],"product_cat":[25],"product_tag":[29,27,26,28],"class_list":{"0":"post-337","1":"product","2":"type-product","3":"status-publish","4":"has-post-thumbnail","6":"product_cat-anime","7":"product_tag-demon-slayer","8":"product_tag-kimetsu-no-yaiba","9":"product_tag-nezuko-kamado","10":"product_tag-regalo-anime","12":"first","13":"instock","14":"sold-individually","15":"taxable","16":"shipping-taxable","17":"purchasable","18":"product-type-simple"},"yoast_head":"<!-- This site is optimized with the Yoast SEO plugin v26.8 - https:\/\/yoast.com\/product\/yoast-seo-wordpress\/ -->\n<title>Taza de cer\u00e1mica Nezuko Kimetsu no yaiba -<\/title>\n<meta name=\"description\" content=\"Taza de Nezuko de Demon Slayer con dise\u00f1o original. Perfecta para fans del anime. Resistente, pr\u00e1ctica y ideal para regalo. \u00a1Cons\u00edguela ahora!\" \/>\n<meta name=\"robots\" content=\"index, follow, max-snippet:-1, max-image-preview:large, max-video-preview:-1\" \/>\n<link rel=\"canonical\" href=\"https:\/\/digilago.es\/tazamania\/producto\/taza-nezuko-demon-slayer\/\" \/>\n<meta property=\"og:locale\" content=\"es_ES\" \/>\n<meta property=\"og:type\" content=\"article\" \/>\n<meta property=\"og:title\" content=\"Taza de cer\u00e1mica Nezuko Kimetsu no yaiba -\" \/>\n<meta property=\"og:description\" content=\"Taza de Nezuko de Demon Slayer con dise\u00f1o original. Perfecta para fans del anime. Resistente, pr\u00e1ctica y ideal para regalo. \u00a1Cons\u00edguela ahora!\" \/>\n<meta property=\"og:url\" content=\"https:\/\/digilago.es\/tazamania\/producto\/taza-nezuko-demon-slayer\/\" \/>\n<meta property=\"article:modified_time\" content=\"2026-04-17T07:56:25+00:00\" \/>\n<meta property=\"og:image\" content=\"https:\/\/digilago.es\/tazamania\/wp-content\/uploads\/sites\/46\/2026\/02\/cropped-Diseno-sin-titulo-2.png\" \/>\n\t<meta property=\"og:image:width\" content=\"1349\" \/>\n\t<meta property=\"og:image:height\" content=\"759\" \/>\n\t<meta property=\"og:image:type\" content=\"image\/png\" \/>\n<meta name=\"twitter:card\" content=\"summary_large_image\" \/>\n<meta name=\"twitter:label1\" content=\"Tiempo de lectura\" \/>\n\t<meta name=\"twitter:data1\" content=\"1 minuto\" \/>\n<script type=\"application\/ld+json\" class=\"yoast-schema-graph\">{\"@context\":\"https:\/\/schema.org\",\"@graph\":[{\"@type\":\"WebPage\",\"@id\":\"https:\/\/digilago.es\/tazamania\/producto\/taza-nezuko-demon-slayer\/\",\"url\":\"https:\/\/digilago.es\/tazamania\/producto\/taza-nezuko-demon-slayer\/\",\"name\":\"Taza de cer\u00e1mica Nezuko Kimetsu no yaiba -\",\"isPartOf\":{\"@id\":\"https:\/\/digilago.es\/tazamania\/#website\"},\"primaryImageOfPage\":{\"@id\":\"https:\/\/digilago.es\/tazamania\/producto\/taza-nezuko-demon-slayer\/#primaryimage\"},\"image\":{\"@id\":\"https:\/\/digilago.es\/tazamania\/producto\/taza-nezuko-demon-slayer\/#primaryimage\"},\"thumbnailUrl\":\"https:\/\/digilago.es\/tazamania\/wp-content\/uploads\/sites\/46\/2026\/02\/cropped-Diseno-sin-titulo-2.png\",\"datePublished\":\"2026-04-07T10:31:00+00:00\",\"dateModified\":\"2026-04-17T07:56:25+00:00\",\"description\":\"Taza de Nezuko de Demon Slayer con dise\u00f1o original. Perfecta para fans del anime. Resistente, pr\u00e1ctica y ideal para regalo. \u00a1Cons\u00edguela ahora!\",\"breadcrumb\":{\"@id\":\"https:\/\/digilago.es\/tazamania\/producto\/taza-nezuko-demon-slayer\/#breadcrumb\"},\"inLanguage\":\"es\",\"potentialAction\":[{\"@type\":\"ReadAction\",\"target\":[\"https:\/\/digilago.es\/tazamania\/producto\/taza-nezuko-demon-slayer\/\"]}]},{\"@type\":\"ImageObject\",\"inLanguage\":\"es\",\"@id\":\"https:\/\/digilago.es\/tazamania\/producto\/taza-nezuko-demon-slayer\/#primaryimage\",\"url\":\"https:\/\/digilago.es\/tazamania\/wp-content\/uploads\/sites\/46\/2026\/02\/cropped-Diseno-sin-titulo-2.png\",\"contentUrl\":\"https:\/\/digilago.es\/tazamania\/wp-content\/uploads\/sites\/46\/2026\/02\/cropped-Diseno-sin-titulo-2.png\",\"width\":1349,\"height\":759,\"caption\":\"taza nezuko\"},{\"@type\":\"BreadcrumbList\",\"@id\":\"https:\/\/digilago.es\/tazamania\/producto\/taza-nezuko-demon-slayer\/#breadcrumb\",\"itemListElement\":[{\"@type\":\"ListItem\",\"position\":1,\"name\":\"Portada\",\"item\":\"https:\/\/digilago.es\/tazamania\/\"},{\"@type\":\"ListItem\",\"position\":2,\"name\":\"Explora nuestra tienda\",\"item\":\"https:\/\/digilago.es\/tazamania\/tienda\/\"},{\"@type\":\"ListItem\",\"position\":3,\"name\":\"Taza de cer\u00e1mica Nezuko Kimetsu no yaiba\"}]},{\"@type\":\"WebSite\",\"@id\":\"https:\/\/digilago.es\/tazamania\/#website\",\"url\":\"https:\/\/digilago.es\/tazamania\/\",\"name\":\"\",\"description\":\"\",\"potentialAction\":[{\"@type\":\"SearchAction\",\"target\":{\"@type\":\"EntryPoint\",\"urlTemplate\":\"https:\/\/digilago.es\/tazamania\/?s={search_term_string}\"},\"query-input\":{\"@type\":\"PropertyValueSpecification\",\"valueRequired\":true,\"valueName\":\"search_term_string\"}}],\"inLanguage\":\"es\"}]}<\/script>\n<!-- \/ Yoast SEO plugin. -->","yoast_head_json":{"title":"Taza de cer\u00e1mica Nezuko Kimetsu no yaiba -","description":"Taza de Nezuko de Demon Slayer con dise\u00f1o original. Perfecta para fans del anime. Resistente, pr\u00e1ctica y ideal para regalo. \u00a1Cons\u00edguela ahora!","robots":{"index":"index","follow":"follow","max-snippet":"max-snippet:-1","max-image-preview":"max-image-preview:large","max-video-preview":"max-video-preview:-1"},"canonical":"https:\/\/digilago.es\/tazamania\/producto\/taza-nezuko-demon-slayer\/","og_locale":"es_ES","og_type":"article","og_title":"Taza de cer\u00e1mica Nezuko Kimetsu no yaiba -","og_description":"Taza de Nezuko de Demon Slayer con dise\u00f1o original. Perfecta para fans del anime. Resistente, pr\u00e1ctica y ideal para regalo. \u00a1Cons\u00edguela ahora!","og_url":"https:\/\/digilago.es\/tazamania\/producto\/taza-nezuko-demon-slayer\/","article_modified_time":"2026-04-17T07:56:25+00:00","og_image":[{"width":1349,"height":759,"url":"https:\/\/digilago.es\/tazamania\/wp-content\/uploads\/sites\/46\/2026\/02\/cropped-Diseno-sin-titulo-2.png","type":"image\/png"}],"twitter_card":"summary_large_image","twitter_misc":{"Tiempo de lectura":"1 minuto"},"schema":{"@context":"https:\/\/schema.org","@graph":[{"@type":"WebPage","@id":"https:\/\/digilago.es\/tazamania\/producto\/taza-nezuko-demon-slayer\/","url":"https:\/\/digilago.es\/tazamania\/producto\/taza-nezuko-demon-slayer\/","name":"Taza de cer\u00e1mica Nezuko Kimetsu no yaiba -","isPartOf":{"@id":"https:\/\/digilago.es\/tazamania\/#website"},"primaryImageOfPage":{"@id":"https:\/\/digilago.es\/tazamania\/producto\/taza-nezuko-demon-slayer\/#primaryimage"},"image":{"@id":"https:\/\/digilago.es\/tazamania\/producto\/taza-nezuko-demon-slayer\/#primaryimage"},"thumbnailUrl":"https:\/\/digilago.es\/tazamania\/wp-content\/uploads\/sites\/46\/2026\/02\/cropped-Diseno-sin-titulo-2.png","datePublished":"2026-04-07T10:31:00+00:00","dateModified":"2026-04-17T07:56:25+00:00","description":"Taza de Nezuko de Demon Slayer con dise\u00f1o original. Perfecta para fans del anime. Resistente, pr\u00e1ctica y ideal para regalo. \u00a1Cons\u00edguela ahora!","breadcrumb":{"@id":"https:\/\/digilago.es\/tazamania\/producto\/taza-nezuko-demon-slayer\/#breadcrumb"},"inLanguage":"es","potentialAction":[{"@type":"ReadAction","target":["https:\/\/digilago.es\/tazamania\/producto\/taza-nezuko-demon-slayer\/"]}]},{"@type":"ImageObject","inLanguage":"es","@id":"https:\/\/digilago.es\/tazamania\/producto\/taza-nezuko-demon-slayer\/#primaryimage","url":"https:\/\/digilago.es\/tazamania\/wp-content\/uploads\/sites\/46\/2026\/02\/cropped-Diseno-sin-titulo-2.png","contentUrl":"https:\/\/digilago.es\/tazamania\/wp-content\/uploads\/sites\/46\/2026\/02\/cropped-Diseno-sin-titulo-2.png","width":1349,"height":759,"caption":"taza nezuko"},{"@type":"BreadcrumbList","@id":"https:\/\/digilago.es\/tazamania\/producto\/taza-nezuko-demon-slayer\/#breadcrumb","itemListElement":[{"@type":"ListItem","position":1,"name":"Portada","item":"https:\/\/digilago.es\/tazamania\/"},{"@type":"ListItem","position":2,"name":"Explora nuestra tienda","item":"https:\/\/digilago.es\/tazamania\/tienda\/"},{"@type":"ListItem","position":3,"name":"Taza de cer\u00e1mica Nezuko Kimetsu no yaiba"}]},{"@type":"WebSite","@id":"https:\/\/digilago.es\/tazamania\/#website","url":"https:\/\/digilago.es\/tazamania\/","name":"","description":"","potentialAction":[{"@type":"SearchAction","target":{"@type":"EntryPoint","urlTemplate":"https:\/\/digilago.es\/tazamania\/?s={search_term_string}"},"query-input":{"@type":"PropertyValueSpecification","valueRequired":true,"valueName":"search_term_string"}}],"inLanguage":"es"}]}},"_links":{"self":[{"href":"https:\/\/digilago.es\/tazamania\/wp-json\/wp\/v2\/product\/337","targetHints":{"allow":["GET"]}}],"collection":[{"href":"https:\/\/digilago.es\/tazamania\/wp-json\/wp\/v2\/product"}],"about":[{"href":"https:\/\/digilago.es\/tazamania\/wp-json\/wp\/v2\/types\/product"}],"replies":[{"embeddable":true,"href":"https:\/\/digilago.es\/tazamania\/wp-json\/wp\/v2\/comments?post=337"}],"wp:featuredmedia":[{"embeddable":true,"href":"https:\/\/digilago.es\/tazamania\/wp-json\/wp\/v2\/media\/87"}],"wp:attachment":[{"href":"https:\/\/digilago.es\/tazamania\/wp-json\/wp\/v2\/media?parent=337"}],"wp:term":[{"taxonomy":"product_brand","embeddable":true,"href":"https:\/\/digilago.es\/tazamania\/wp-json\/wp\/v2\/product_brand?post=337"},{"taxonomy":"product_cat","embeddable":true,"href":"https:\/\/digilago.es\/tazamania\/wp-json\/wp\/v2\/product_cat?post=337"},{"taxonomy":"product_tag","embeddable":true,"href":"https:\/\/digilago.es\/tazamania\/wp-json\/wp\/v2\/product_tag?post=337"}],"curies":[{"name":"wp","href":"https:\/\/api.w.org\/{rel}","templated":true}]}}