{"id":47,"date":"2026-02-03T11:48:07","date_gmt":"2026-02-03T10:48:07","guid":{"rendered":"https:\/\/digilago.es\/tazamania\/?page_id=47"},"modified":"2026-02-17T10:40:43","modified_gmt":"2026-02-17T09:40:43","slug":"contacto","status":"publish","type":"page","link":"https:\/\/digilago.es\/tazamania\/contacto\/","title":{"rendered":"Cont\u00e1ctanos"},"content":{"rendered":"\n\n\n\n\n<p>\u00a1Hola! Somos TazaMania, contacta con nosotros mediante el siguiente formulario. <\/p>\n\n\n\n<p>\u00a1Te responderemos lo antes posible!<\/p>\n\n\n<style id=\"wpforms-css-vars-57-block-003f73bc-ac49-4c42-917a-0b19d80011f3\">\n\t\t\t\t#wpforms-57.wpforms-block-003f73bc-ac49-4c42-917a-0b19d80011f3 {\n\t\t\t\t--wpforms-field-size-input-height: 43px;\n--wpforms-field-size-input-spacing: 15px;\n--wpforms-field-size-font-size: 16px;\n--wpforms-field-size-line-height: 19px;\n--wpforms-field-size-padding-h: 14px;\n--wpforms-field-size-checkbox-size: 16px;\n--wpforms-field-size-sublabel-spacing: 5px;\n--wpforms-field-size-icon-size: 1;\n--wpforms-label-size-font-size: 16px;\n--wpforms-label-size-line-height: 19px;\n--wpforms-label-size-sublabel-font-size: 14px;\n--wpforms-label-size-sublabel-line-height: 17px;\n--wpforms-button-size-font-size: 17px;\n--wpforms-button-size-height: 41px;\n--wpforms-button-size-padding-h: 15px;\n--wpforms-button-size-margin-top: 10px;\n\t\t\t}\n\t\t\t<\/style><div class=\"wpforms-container wpforms-container-full wpforms-block wpforms-block-003f73bc-ac49-4c42-917a-0b19d80011f3 wpforms-render-modern\" id=\"wpforms-57\"><form id=\"wpforms-form-57\" class=\"wpforms-validate wpforms-form wpforms-ajax-form\" data-formid=\"57\" method=\"post\" enctype=\"multipart\/form-data\" action=\"\/tazamania\/wp-json\/wp\/v2\/pages\/47\" data-token=\"ed1e33a462ba737a68f096159978aa8f\" data-token-time=\"1776749322\"><noscript class=\"wpforms-error-noscript\">Por favor, activa JavaScript en tu navegador para completar este formulario.<\/noscript><div id=\"wpforms-error-noscript\" style=\"display: none;\">Por favor, activa JavaScript en tu navegador para completar este formulario.<\/div><div class=\"wpforms-field-container\"><div id=\"wpforms-57-field_1-container\" class=\"wpforms-field wpforms-field-name wpforms-one-half wpforms-first\" data-field-id=\"1\"><label class=\"wpforms-field-label\" for=\"wpforms-57-field_1\">Nombre <span class=\"wpforms-required-label\" aria-hidden=\"true\">*<\/span><\/label><input type=\"text\" id=\"wpforms-57-field_1\" class=\"wpforms-field-medium wpforms-field-required\" name=\"wpforms[fields][1]\" aria-errormessage=\"wpforms-57-field_1-error\" required><\/div><div id=\"wpforms-57-field_2-container\" class=\"wpforms-field wpforms-field-email\" data-field-id=\"2\"><label class=\"wpforms-field-label\" for=\"wpforms-57-field_2\">Correo electr\u00f3nico <span class=\"wpforms-required-label\" aria-hidden=\"true\">*<\/span><\/label><input type=\"email\" id=\"wpforms-57-field_2\" class=\"wpforms-field-medium wpforms-field-required\" name=\"wpforms[fields][2]\" spellcheck=\"false\" aria-errormessage=\"wpforms-57-field_2-error\" required><\/div><div id=\"wpforms-57-field_3-container\" class=\"wpforms-field wpforms-field-textarea\" data-field-id=\"3\"><label class=\"wpforms-field-label\" for=\"wpforms-57-field_3\">Comentario o mensaje<\/label><textarea id=\"wpforms-57-field_3\" class=\"wpforms-field-medium\" name=\"wpforms[fields][3]\" aria-errormessage=\"wpforms-57-field_3-error\" ><\/textarea><\/div>\t\t<div id=\"wpforms-57-field_5-container\"\n\t\t\tclass=\"wpforms-field wpforms-field-text\"\n\t\t\tdata-field-type=\"text\"\n\t\t\tdata-field-id=\"5\"\n\t\t\t>\n\t\t\t<label class=\"wpforms-field-label\" for=\"wpforms-57-field_5\" >y acerca si<\/label>\n\t\t\t<input type=\"text\" id=\"wpforms-57-field_5\" class=\"wpforms-field-medium\" name=\"wpforms[fields][5]\" >\n\t\t<\/div>\n\t\t<div id=\"wpforms-57-field_4-container\" class=\"wpforms-field wpforms-field-checkbox\" data-field-id=\"4\"><fieldset><legend class=\"wpforms-field-label\">TazaMania se compromete a proteger y respetar tu privacidad, solo usaremos tu informacion personal para administrar tu cuenta y proprocionar los prodcuctos o servicios que nos solicitaste. De vez en cuando nos gustar\u00eda ponernos en contacto contigo acerca de nuestros productos y servicios, asi como sobre otros contenidos que puedan interesarte, si aceptas que nos comuniquemos contigo para este fin, marca la casilla a continuaci\u00f3n.<\/legend><ul id=\"wpforms-57-field_4\"><li class=\"choice-3 depth-1\"><input type=\"checkbox\" id=\"wpforms-57-field_4_3\" name=\"wpforms[fields][4][]\" value=\"Al unirte aceptas recibir comunicaciones de TazaMania. Consulta nuestra Pol\u00edtica de Privacidad.\" aria-errormessage=\"wpforms-57-field_4_3-error\" aria-describedby=\"wpforms-57-field_4-description\"  ><label class=\"wpforms-field-label-inline\" for=\"wpforms-57-field_4_3\">Al unirte aceptas recibir comunicaciones de TazaMania. Consulta nuestra Pol\u00edtica de Privacidad.<\/label><\/li><\/ul><div id=\"wpforms-57-field_4-description\" class=\"wpforms-field-description\">Puedes darte de baja de estas comunicaciones en cualquier momento. Para obtener m\u00e1s informaci\u00f3n sobre c\u00f3mo darte de baja, nuestras pr\u00e1cticas de privacidad y c\u00f3mo nos comprometemos a proteger y respetar tu privacidad, consulta nuestra Pol\u00edtica de privacidad.\nAl hacer clic en Enviar, aceptas que TazaMania almacene y procese la informaci\u00f3n personal suministrada arriba para proporcionarte el contenido solicitado.<\/div><\/fieldset><\/div><script>\n\t\t\t\t( function() {\n\t\t\t\t\tconst style = document.createElement( 'style' );\n\t\t\t\t\tstyle.appendChild( document.createTextNode( '#wpforms-57-field_5-container { position: absolute !important; overflow: hidden !important; display: inline !important; height: 1px !important; width: 1px !important; z-index: -1000 !important; padding: 0 !important; } #wpforms-57-field_5-container input { visibility: hidden; } #wpforms-conversational-form-page #wpforms-57-field_5-container label { counter-increment: none; }' ) );\n\t\t\t\t\tdocument.head.appendChild( style );\n\t\t\t\t\tdocument.currentScript?.remove();\n\t\t\t\t} )();\n\t\t\t<\/script><\/div><!-- .wpforms-field-container --><div class=\"wpforms-submit-container\" ><input type=\"hidden\" name=\"wpforms[id]\" value=\"57\"><input type=\"hidden\" name=\"page_title\" value=\"\"><input type=\"hidden\" name=\"page_url\" value=\"https:\/\/digilago.es\/tazamania\/wp-json\/wp\/v2\/pages\/47\"><input type=\"hidden\" name=\"url_referer\" value=\"\"><button type=\"submit\" name=\"wpforms[submit]\" id=\"wpforms-submit-57\" class=\"wpforms-submit\" data-alt-text=\"Enviando...\" data-submit-text=\"Enviar\" aria-live=\"assertive\" value=\"wpforms-submit\">Enviar<\/button><img decoding=\"async\" src=\"https:\/\/digilago.es\/tazamania\/wp-content\/plugins\/wpforms-lite\/assets\/images\/submit-spin.svg\" class=\"wpforms-submit-spinner\" style=\"display: none;\" width=\"26\" height=\"26\" alt=\"Cargando\"><\/div><\/form><\/div>  <!-- .wpforms-container -->\n\n\n<p><a href=\"https:\/\/maps.app.goo.gl\/bEiybusCvbLjve8UA\">https:\/\/maps.app.goo.gl\/bEiybusCvbLjve8UA<\/a><\/p>\n","protected":false},"excerpt":{"rendered":"<p>\u00a1Hola! Somos TazaMania, contacta con nosotros mediante el siguiente formulario. \u00a1Te responderemos lo antes posible! https:\/\/maps.app.goo.gl\/bEiybusCvbLjve8UA<\/p>\n","protected":false},"author":126,"featured_media":0,"parent":0,"menu_order":0,"comment_status":"closed","ping_status":"closed","template":"","meta":{"footnotes":""},"class_list":["post-47","page","type-page","status-publish","hentry"],"yoast_head":"<!-- This site is optimized with the Yoast SEO plugin v26.8 - https:\/\/yoast.com\/product\/yoast-seo-wordpress\/ -->\n<title>Cont\u00e1ctanos -<\/title>\n<meta name=\"robots\" content=\"index, follow, max-snippet:-1, max-image-preview:large, max-video-preview:-1\" \/>\n<link rel=\"canonical\" href=\"https:\/\/digilago.es\/tazamania\/contacto\/\" \/>\n<meta property=\"og:locale\" content=\"es_ES\" \/>\n<meta property=\"og:type\" content=\"article\" \/>\n<meta property=\"og:title\" content=\"Cont\u00e1ctanos -\" \/>\n<meta property=\"og:description\" content=\"\u00a1Hola! Somos TazaMania, contacta con nosotros mediante el siguiente formulario. \u00a1Te responderemos lo antes posible! https:\/\/maps.app.goo.gl\/bEiybusCvbLjve8UA\" \/>\n<meta property=\"og:url\" content=\"https:\/\/digilago.es\/tazamania\/contacto\/\" \/>\n<meta property=\"article:modified_time\" content=\"2026-02-17T09:40:43+00:00\" \/>\n<meta name=\"twitter:card\" content=\"summary_large_image\" \/>\n<meta name=\"twitter:label1\" content=\"Tiempo de lectura\" \/>\n\t<meta name=\"twitter:data1\" content=\"1 minuto\" \/>\n<script type=\"application\/ld+json\" class=\"yoast-schema-graph\">{\"@context\":\"https:\/\/schema.org\",\"@graph\":[{\"@type\":\"WebPage\",\"@id\":\"https:\/\/digilago.es\/tazamania\/contacto\/\",\"url\":\"https:\/\/digilago.es\/tazamania\/contacto\/\",\"name\":\"Cont\u00e1ctanos -\",\"isPartOf\":{\"@id\":\"https:\/\/digilago.es\/tazamania\/#website\"},\"datePublished\":\"2026-02-03T10:48:07+00:00\",\"dateModified\":\"2026-02-17T09:40:43+00:00\",\"breadcrumb\":{\"@id\":\"https:\/\/digilago.es\/tazamania\/contacto\/#breadcrumb\"},\"inLanguage\":\"es\",\"potentialAction\":[{\"@type\":\"ReadAction\",\"target\":[\"https:\/\/digilago.es\/tazamania\/contacto\/\"]}]},{\"@type\":\"BreadcrumbList\",\"@id\":\"https:\/\/digilago.es\/tazamania\/contacto\/#breadcrumb\",\"itemListElement\":[{\"@type\":\"ListItem\",\"position\":1,\"name\":\"Portada\",\"item\":\"https:\/\/digilago.es\/tazamania\/\"},{\"@type\":\"ListItem\",\"position\":2,\"name\":\"Cont\u00e1ctanos\"}]},{\"@type\":\"WebSite\",\"@id\":\"https:\/\/digilago.es\/tazamania\/#website\",\"url\":\"https:\/\/digilago.es\/tazamania\/\",\"name\":\"\",\"description\":\"\",\"potentialAction\":[{\"@type\":\"SearchAction\",\"target\":{\"@type\":\"EntryPoint\",\"urlTemplate\":\"https:\/\/digilago.es\/tazamania\/?s={search_term_string}\"},\"query-input\":{\"@type\":\"PropertyValueSpecification\",\"valueRequired\":true,\"valueName\":\"search_term_string\"}}],\"inLanguage\":\"es\"}]}<\/script>\n<!-- \/ Yoast SEO plugin. -->","yoast_head_json":{"title":"Cont\u00e1ctanos -","robots":{"index":"index","follow":"follow","max-snippet":"max-snippet:-1","max-image-preview":"max-image-preview:large","max-video-preview":"max-video-preview:-1"},"canonical":"https:\/\/digilago.es\/tazamania\/contacto\/","og_locale":"es_ES","og_type":"article","og_title":"Cont\u00e1ctanos -","og_description":"\u00a1Hola! Somos TazaMania, contacta con nosotros mediante el siguiente formulario. \u00a1Te responderemos lo antes posible! https:\/\/maps.app.goo.gl\/bEiybusCvbLjve8UA","og_url":"https:\/\/digilago.es\/tazamania\/contacto\/","article_modified_time":"2026-02-17T09:40:43+00:00","twitter_card":"summary_large_image","twitter_misc":{"Tiempo de lectura":"1 minuto"},"schema":{"@context":"https:\/\/schema.org","@graph":[{"@type":"WebPage","@id":"https:\/\/digilago.es\/tazamania\/contacto\/","url":"https:\/\/digilago.es\/tazamania\/contacto\/","name":"Cont\u00e1ctanos -","isPartOf":{"@id":"https:\/\/digilago.es\/tazamania\/#website"},"datePublished":"2026-02-03T10:48:07+00:00","dateModified":"2026-02-17T09:40:43+00:00","breadcrumb":{"@id":"https:\/\/digilago.es\/tazamania\/contacto\/#breadcrumb"},"inLanguage":"es","potentialAction":[{"@type":"ReadAction","target":["https:\/\/digilago.es\/tazamania\/contacto\/"]}]},{"@type":"BreadcrumbList","@id":"https:\/\/digilago.es\/tazamania\/contacto\/#breadcrumb","itemListElement":[{"@type":"ListItem","position":1,"name":"Portada","item":"https:\/\/digilago.es\/tazamania\/"},{"@type":"ListItem","position":2,"name":"Cont\u00e1ctanos"}]},{"@type":"WebSite","@id":"https:\/\/digilago.es\/tazamania\/#website","url":"https:\/\/digilago.es\/tazamania\/","name":"","description":"","potentialAction":[{"@type":"SearchAction","target":{"@type":"EntryPoint","urlTemplate":"https:\/\/digilago.es\/tazamania\/?s={search_term_string}"},"query-input":{"@type":"PropertyValueSpecification","valueRequired":true,"valueName":"search_term_string"}}],"inLanguage":"es"}]}},"_links":{"self":[{"href":"https:\/\/digilago.es\/tazamania\/wp-json\/wp\/v2\/pages\/47","targetHints":{"allow":["GET"]}}],"collection":[{"href":"https:\/\/digilago.es\/tazamania\/wp-json\/wp\/v2\/pages"}],"about":[{"href":"https:\/\/digilago.es\/tazamania\/wp-json\/wp\/v2\/types\/page"}],"author":[{"embeddable":true,"href":"https:\/\/digilago.es\/tazamania\/wp-json\/wp\/v2\/users\/126"}],"replies":[{"embeddable":true,"href":"https:\/\/digilago.es\/tazamania\/wp-json\/wp\/v2\/comments?post=47"}],"version-history":[{"count":11,"href":"https:\/\/digilago.es\/tazamania\/wp-json\/wp\/v2\/pages\/47\/revisions"}],"predecessor-version":[{"id":286,"href":"https:\/\/digilago.es\/tazamania\/wp-json\/wp\/v2\/pages\/47\/revisions\/286"}],"wp:attachment":[{"href":"https:\/\/digilago.es\/tazamania\/wp-json\/wp\/v2\/media?parent=47"}],"curies":[{"name":"wp","href":"https:\/\/api.w.org\/{rel}","templated":true}]}}