{"id":38,"date":"2026-02-03T11:00:17","date_gmt":"2026-02-03T10:00:17","guid":{"rendered":"https:\/\/digilago.es\/tazamania\/?page_id=38"},"modified":"2026-02-15T15:48:54","modified_gmt":"2026-02-15T14:48:54","slug":"quienes-somos","status":"publish","type":"page","link":"https:\/\/digilago.es\/tazamania\/quienes-somos\/","title":{"rendered":"\u00bfQui\u00e9nes somos?"},"content":{"rendered":"\n<p>Taza Man\u00eda es un peque\u00f1o negocio creativo que cree en algo muy simple:<br data-start=\"402\" data-end=\"405\"><strong data-start=\"405\" data-end=\"457\">los objetos cotidianos tambi\u00e9n pueden tener alma<\/strong> \u2728<\/p>\n\n\n\n<p>Nacimos de la pasi\u00f3n por el arte, el cine, el anime, la m\u00fasica y todo aquello que despierta emociones. Porque sabemos que una taza no es solo una taza: es la que usas cada ma\u00f1ana, la que te acompa\u00f1a mientras ves tu pel\u00edcula favorita, la que te recuerda qui\u00e9n eres y lo que te gusta.<\/p>\n\n\n\n<p><\/p>\n","protected":false},"excerpt":{"rendered":"<p>Taza Man\u00eda es un peque\u00f1o negocio creativo que cree en algo muy simple:los objetos cotidianos tambi\u00e9n pueden tener alma \u2728 Nacimos de la pasi\u00f3n por el arte, el cine, el anime, la m\u00fasica y todo aquello que despierta emociones. Porque sabemos que una taza no es solo una taza: es la que usas cada ma\u00f1ana, [&hellip;]<\/p>\n","protected":false},"author":126,"featured_media":0,"parent":0,"menu_order":0,"comment_status":"closed","ping_status":"closed","template":"","meta":{"footnotes":""},"class_list":["post-38","page","type-page","status-publish","hentry"],"yoast_head":"<!-- This site is optimized with the Yoast SEO plugin v26.8 - https:\/\/yoast.com\/product\/yoast-seo-wordpress\/ -->\n<title>\u00bfQui\u00e9nes somos? -<\/title>\n<meta name=\"robots\" content=\"index, follow, max-snippet:-1, max-image-preview:large, max-video-preview:-1\" \/>\n<link rel=\"canonical\" href=\"https:\/\/digilago.es\/tazamania\/quienes-somos\/\" \/>\n<meta property=\"og:locale\" content=\"es_ES\" \/>\n<meta property=\"og:type\" content=\"article\" \/>\n<meta property=\"og:title\" content=\"\u00bfQui\u00e9nes somos? -\" \/>\n<meta property=\"og:description\" content=\"Taza Man\u00eda es un peque\u00f1o negocio creativo que cree en algo muy simple:los objetos cotidianos tambi\u00e9n pueden tener alma \u2728 Nacimos de la pasi\u00f3n por el arte, el cine, el anime, la m\u00fasica y todo aquello que despierta emociones. Porque sabemos que una taza no es solo una taza: es la que usas cada ma\u00f1ana, [&hellip;]\" \/>\n<meta property=\"og:url\" content=\"https:\/\/digilago.es\/tazamania\/quienes-somos\/\" \/>\n<meta property=\"article:modified_time\" content=\"2026-02-15T14:48:54+00:00\" \/>\n<meta name=\"twitter:card\" content=\"summary_large_image\" \/>\n<meta name=\"twitter:label1\" content=\"Tiempo de lectura\" \/>\n\t<meta name=\"twitter:data1\" content=\"1 minuto\" \/>\n<script type=\"application\/ld+json\" class=\"yoast-schema-graph\">{\"@context\":\"https:\/\/schema.org\",\"@graph\":[{\"@type\":\"WebPage\",\"@id\":\"https:\/\/digilago.es\/tazamania\/quienes-somos\/\",\"url\":\"https:\/\/digilago.es\/tazamania\/quienes-somos\/\",\"name\":\"\u00bfQui\u00e9nes somos? -\",\"isPartOf\":{\"@id\":\"https:\/\/digilago.es\/tazamania\/#website\"},\"datePublished\":\"2026-02-03T10:00:17+00:00\",\"dateModified\":\"2026-02-15T14:48:54+00:00\",\"breadcrumb\":{\"@id\":\"https:\/\/digilago.es\/tazamania\/quienes-somos\/#breadcrumb\"},\"inLanguage\":\"es\",\"potentialAction\":[{\"@type\":\"ReadAction\",\"target\":[\"https:\/\/digilago.es\/tazamania\/quienes-somos\/\"]}]},{\"@type\":\"BreadcrumbList\",\"@id\":\"https:\/\/digilago.es\/tazamania\/quienes-somos\/#breadcrumb\",\"itemListElement\":[{\"@type\":\"ListItem\",\"position\":1,\"name\":\"Portada\",\"item\":\"https:\/\/digilago.es\/tazamania\/\"},{\"@type\":\"ListItem\",\"position\":2,\"name\":\"\u00bfQui\u00e9nes somos?\"}]},{\"@type\":\"WebSite\",\"@id\":\"https:\/\/digilago.es\/tazamania\/#website\",\"url\":\"https:\/\/digilago.es\/tazamania\/\",\"name\":\"\",\"description\":\"\",\"potentialAction\":[{\"@type\":\"SearchAction\",\"target\":{\"@type\":\"EntryPoint\",\"urlTemplate\":\"https:\/\/digilago.es\/tazamania\/?s={search_term_string}\"},\"query-input\":{\"@type\":\"PropertyValueSpecification\",\"valueRequired\":true,\"valueName\":\"search_term_string\"}}],\"inLanguage\":\"es\"}]}<\/script>\n<!-- \/ Yoast SEO plugin. -->","yoast_head_json":{"title":"\u00bfQui\u00e9nes somos? -","robots":{"index":"index","follow":"follow","max-snippet":"max-snippet:-1","max-image-preview":"max-image-preview:large","max-video-preview":"max-video-preview:-1"},"canonical":"https:\/\/digilago.es\/tazamania\/quienes-somos\/","og_locale":"es_ES","og_type":"article","og_title":"\u00bfQui\u00e9nes somos? -","og_description":"Taza Man\u00eda es un peque\u00f1o negocio creativo que cree en algo muy simple:los objetos cotidianos tambi\u00e9n pueden tener alma \u2728 Nacimos de la pasi\u00f3n por el arte, el cine, el anime, la m\u00fasica y todo aquello que despierta emociones. Porque sabemos que una taza no es solo una taza: es la que usas cada ma\u00f1ana, [&hellip;]","og_url":"https:\/\/digilago.es\/tazamania\/quienes-somos\/","article_modified_time":"2026-02-15T14:48:54+00:00","twitter_card":"summary_large_image","twitter_misc":{"Tiempo de lectura":"1 minuto"},"schema":{"@context":"https:\/\/schema.org","@graph":[{"@type":"WebPage","@id":"https:\/\/digilago.es\/tazamania\/quienes-somos\/","url":"https:\/\/digilago.es\/tazamania\/quienes-somos\/","name":"\u00bfQui\u00e9nes somos? -","isPartOf":{"@id":"https:\/\/digilago.es\/tazamania\/#website"},"datePublished":"2026-02-03T10:00:17+00:00","dateModified":"2026-02-15T14:48:54+00:00","breadcrumb":{"@id":"https:\/\/digilago.es\/tazamania\/quienes-somos\/#breadcrumb"},"inLanguage":"es","potentialAction":[{"@type":"ReadAction","target":["https:\/\/digilago.es\/tazamania\/quienes-somos\/"]}]},{"@type":"BreadcrumbList","@id":"https:\/\/digilago.es\/tazamania\/quienes-somos\/#breadcrumb","itemListElement":[{"@type":"ListItem","position":1,"name":"Portada","item":"https:\/\/digilago.es\/tazamania\/"},{"@type":"ListItem","position":2,"name":"\u00bfQui\u00e9nes somos?"}]},{"@type":"WebSite","@id":"https:\/\/digilago.es\/tazamania\/#website","url":"https:\/\/digilago.es\/tazamania\/","name":"","description":"","potentialAction":[{"@type":"SearchAction","target":{"@type":"EntryPoint","urlTemplate":"https:\/\/digilago.es\/tazamania\/?s={search_term_string}"},"query-input":{"@type":"PropertyValueSpecification","valueRequired":true,"valueName":"search_term_string"}}],"inLanguage":"es"}]}},"_links":{"self":[{"href":"https:\/\/digilago.es\/tazamania\/wp-json\/wp\/v2\/pages\/38","targetHints":{"allow":["GET"]}}],"collection":[{"href":"https:\/\/digilago.es\/tazamania\/wp-json\/wp\/v2\/pages"}],"about":[{"href":"https:\/\/digilago.es\/tazamania\/wp-json\/wp\/v2\/types\/page"}],"author":[{"embeddable":true,"href":"https:\/\/digilago.es\/tazamania\/wp-json\/wp\/v2\/users\/126"}],"replies":[{"embeddable":true,"href":"https:\/\/digilago.es\/tazamania\/wp-json\/wp\/v2\/comments?post=38"}],"version-history":[{"count":5,"href":"https:\/\/digilago.es\/tazamania\/wp-json\/wp\/v2\/pages\/38\/revisions"}],"predecessor-version":[{"id":244,"href":"https:\/\/digilago.es\/tazamania\/wp-json\/wp\/v2\/pages\/38\/revisions\/244"}],"wp:attachment":[{"href":"https:\/\/digilago.es\/tazamania\/wp-json\/wp\/v2\/media?parent=38"}],"curies":[{"name":"wp","href":"https:\/\/api.w.org\/{rel}","templated":true}]}}