{"id":85,"date":"2026-05-11T12:52:59","date_gmt":"2026-05-11T10:52:59","guid":{"rendered":"https:\/\/digilago.es\/radiodeperdidosallago\/?page_id=85"},"modified":"2026-05-11T13:14:45","modified_gmt":"2026-05-11T11:14:45","slug":"de-perdidos-al-lago","status":"publish","type":"page","link":"https:\/\/digilago.es\/radiodeperdidosallago\/","title":{"rendered":"De Perdidos al Lago"},"content":{"rendered":"\n<div class=\"wp-block-cover is-light\"><img fetchpriority=\"high\" decoding=\"async\" width=\"1024\" height=\"750\" class=\"wp-block-cover__image-background wp-image-92 size-large\" alt=\"\" src=\"https:\/\/digilago.es\/radiodeperdidosallago\/wp-content\/uploads\/sites\/59\/2026\/05\/podcast-gfb5dc68c8_1280_grande-1024x750.jpg\" data-object-fit=\"cover\" srcset=\"https:\/\/digilago.es\/radiodeperdidosallago\/wp-content\/uploads\/sites\/59\/2026\/05\/podcast-gfb5dc68c8_1280_grande-1024x750.jpg 1024w, https:\/\/digilago.es\/radiodeperdidosallago\/wp-content\/uploads\/sites\/59\/2026\/05\/podcast-gfb5dc68c8_1280_grande-300x220.jpg 300w, https:\/\/digilago.es\/radiodeperdidosallago\/wp-content\/uploads\/sites\/59\/2026\/05\/podcast-gfb5dc68c8_1280_grande-768x563.jpg 768w, https:\/\/digilago.es\/radiodeperdidosallago\/wp-content\/uploads\/sites\/59\/2026\/05\/podcast-gfb5dc68c8_1280_grande-600x440.jpg 600w, https:\/\/digilago.es\/radiodeperdidosallago\/wp-content\/uploads\/sites\/59\/2026\/05\/podcast-gfb5dc68c8_1280_grande.jpg 1280w\" sizes=\"(max-width: 1024px) 100vw, 1024px\" \/><span aria-hidden=\"true\" class=\"wp-block-cover__background has-background-dim\" style=\"background-color:#eeeded\"><\/span><div class=\"wp-block-cover__inner-container is-layout-constrained wp-block-cover-is-layout-constrained\">\n<p><\/p>\n<\/div><\/div>\n\n\n\n<p><\/p>\n\n\n\n<h2 class=\"wp-block-heading\">Bienvenid@s a&#8230; De perdidos al Lago, la radio podcast del IES El Lago                                                                                                                                 <\/h2>\n\n\n\n<p>Nuestra radio nace como punto de encuentro donde confluyen alumnado, profesorado, equipo directivo y agentes externos (empresas y asociaciones) que colaboran con nuestro centro. Todos han mostrado su motivaci\u00f3n para crear, alimentar y hacer crecer este proyecto.<\/p>\n\n\n\n<p>Dentro de <strong>De perdidos al Lago<\/strong>, el protagonismo lo tiene nuestro alumnado. Ellxs ser\u00e1n los encargados de dar vida a nuestra radio: crear\u00e1n, editar\u00e1n y publicar\u00e1n el contenido. Siempre dentro de los diferentes proyectos y pr\u00e1cticas que trabajamos en los ciclos formativos que ofertamos.<\/p>\n\n\n\n<p>Nos encanta que pas\u00e9is por este espacio para compartir ideas, aprendizaje y diversi\u00f3n. <strong>\u00a1Os escuchamos!<\/strong><\/p>\n\n\n\n<p><\/p>\n","protected":false},"excerpt":{"rendered":"<p>Bienvenid@s a&#8230; De perdidos al Lago, la radio podcast del IES El Lago Nuestra radio nace como punto de encuentro [&hellip;]<\/p>\n","protected":false},"author":1,"featured_media":0,"parent":0,"menu_order":0,"comment_status":"closed","ping_status":"closed","template":"","meta":{"site-sidebar-layout":"default","site-content-layout":"","ast-site-content-layout":"default","site-content-style":"default","site-sidebar-style":"default","ast-global-header-display":"","ast-banner-title-visibility":"","ast-main-header-display":"","ast-hfb-above-header-display":"","ast-hfb-below-header-display":"","ast-hfb-mobile-header-display":"","site-post-title":"disabled","ast-breadcrumbs-content":"","ast-featured-img":"","footer-sml-layout":"","ast-disable-related-posts":"","theme-transparent-header-meta":"","adv-header-id-meta":"","stick-header-meta":"","header-above-stick-meta":"","header-main-stick-meta":"","header-below-stick-meta":"","astra-migrate-meta-layouts":"default","ast-page-background-enabled":"default","ast-page-background-meta":{"desktop":{"background-color":"var(--ast-global-color-5)","background-image":"","background-repeat":"repeat","background-position":"center center","background-size":"auto","background-attachment":"scroll","background-type":"","background-media":"","overlay-type":"","overlay-color":"","overlay-opacity":"","overlay-gradient":""},"tablet":{"background-color":"","background-image":"","background-repeat":"repeat","background-position":"center center","background-size":"auto","background-attachment":"scroll","background-type":"","background-media":"","overlay-type":"","overlay-color":"","overlay-opacity":"","overlay-gradient":""},"mobile":{"background-color":"","background-image":"","background-repeat":"repeat","background-position":"center center","background-size":"auto","background-attachment":"scroll","background-type":"","background-media":"","overlay-type":"","overlay-color":"","overlay-opacity":"","overlay-gradient":""}},"ast-content-background-meta":{"desktop":{"background-color":"var(--ast-global-color-4)","background-image":"","background-repeat":"repeat","background-position":"center center","background-size":"auto","background-attachment":"scroll","background-type":"","background-media":"","overlay-type":"","overlay-color":"","overlay-opacity":"","overlay-gradient":""},"tablet":{"background-color":"var(--ast-global-color-4)","background-image":"","background-repeat":"repeat","background-position":"center center","background-size":"auto","background-attachment":"scroll","background-type":"","background-media":"","overlay-type":"","overlay-color":"","overlay-opacity":"","overlay-gradient":""},"mobile":{"background-color":"var(--ast-global-color-4)","background-image":"","background-repeat":"repeat","background-position":"center center","background-size":"auto","background-attachment":"scroll","background-type":"","background-media":"","overlay-type":"","overlay-color":"","overlay-opacity":"","overlay-gradient":""}},"footnotes":""},"class_list":["post-85","page","type-page","status-publish","hentry"],"yoast_head":"<!-- This site is optimized with the Yoast SEO plugin v26.8 - https:\/\/yoast.com\/product\/yoast-seo-wordpress\/ -->\n<title>De Perdidos al Lago -<\/title>\n<meta name=\"robots\" content=\"index, follow, max-snippet:-1, max-image-preview:large, max-video-preview:-1\" \/>\n<link rel=\"canonical\" href=\"https:\/\/digilago.es\/radiodeperdidosallago\/\" \/>\n<meta property=\"og:locale\" content=\"es_ES\" \/>\n<meta property=\"og:type\" content=\"article\" \/>\n<meta property=\"og:title\" content=\"De Perdidos al Lago -\" \/>\n<meta property=\"og:description\" content=\"Bienvenid@s a&#8230; De perdidos al Lago, la radio podcast del IES El Lago Nuestra radio nace como punto de encuentro [&hellip;]\" \/>\n<meta property=\"og:url\" content=\"https:\/\/digilago.es\/radiodeperdidosallago\/\" \/>\n<meta property=\"article:modified_time\" content=\"2026-05-11T11:14:45+00:00\" \/>\n<meta property=\"og:image\" content=\"https:\/\/digilago.es\/radiodeperdidosallago\/wp-content\/uploads\/sites\/59\/2026\/05\/podcast-gfb5dc68c8_1280_grande.jpg\" \/>\n\t<meta property=\"og:image:width\" content=\"1280\" \/>\n\t<meta property=\"og:image:height\" content=\"938\" \/>\n\t<meta property=\"og:image:type\" content=\"image\/jpeg\" \/>\n<meta name=\"twitter:card\" content=\"summary_large_image\" \/>\n<meta name=\"twitter:label1\" content=\"Tiempo de lectura\" \/>\n\t<meta name=\"twitter:data1\" content=\"1 minuto\" \/>\n<script type=\"application\/ld+json\" class=\"yoast-schema-graph\">{\"@context\":\"https:\/\/schema.org\",\"@graph\":[{\"@type\":\"WebPage\",\"@id\":\"https:\/\/digilago.es\/radiodeperdidosallago\/\",\"url\":\"https:\/\/digilago.es\/radiodeperdidosallago\/\",\"name\":\"De Perdidos al Lago -\",\"isPartOf\":{\"@id\":\"https:\/\/digilago.es\/radiodeperdidosallago\/#website\"},\"primaryImageOfPage\":{\"@id\":\"https:\/\/digilago.es\/radiodeperdidosallago\/#primaryimage\"},\"image\":{\"@id\":\"https:\/\/digilago.es\/radiodeperdidosallago\/#primaryimage\"},\"thumbnailUrl\":\"https:\/\/digilago.es\/radiodeperdidosallago\/wp-content\/uploads\/sites\/59\/2026\/05\/podcast-gfb5dc68c8_1280_grande-1024x750.jpg\",\"datePublished\":\"2026-05-11T10:52:59+00:00\",\"dateModified\":\"2026-05-11T11:14:45+00:00\",\"breadcrumb\":{\"@id\":\"https:\/\/digilago.es\/radiodeperdidosallago\/#breadcrumb\"},\"inLanguage\":\"es\",\"potentialAction\":[{\"@type\":\"ReadAction\",\"target\":[\"https:\/\/digilago.es\/radiodeperdidosallago\/\"]}]},{\"@type\":\"ImageObject\",\"inLanguage\":\"es\",\"@id\":\"https:\/\/digilago.es\/radiodeperdidosallago\/#primaryimage\",\"url\":\"https:\/\/digilago.es\/radiodeperdidosallago\/wp-content\/uploads\/sites\/59\/2026\/05\/podcast-gfb5dc68c8_1280_grande.jpg\",\"contentUrl\":\"https:\/\/digilago.es\/radiodeperdidosallago\/wp-content\/uploads\/sites\/59\/2026\/05\/podcast-gfb5dc68c8_1280_grande.jpg\",\"width\":1280,\"height\":938},{\"@type\":\"BreadcrumbList\",\"@id\":\"https:\/\/digilago.es\/radiodeperdidosallago\/#breadcrumb\",\"itemListElement\":[{\"@type\":\"ListItem\",\"position\":1,\"name\":\"Portada\",\"item\":\"https:\/\/digilago.es\/radiodeperdidosallago\/\"},{\"@type\":\"ListItem\",\"position\":2,\"name\":\"De Perdidos al Lago\"}]},{\"@type\":\"WebSite\",\"@id\":\"https:\/\/digilago.es\/radiodeperdidosallago\/#website\",\"url\":\"https:\/\/digilago.es\/radiodeperdidosallago\/\",\"name\":\"\",\"description\":\"\",\"potentialAction\":[{\"@type\":\"SearchAction\",\"target\":{\"@type\":\"EntryPoint\",\"urlTemplate\":\"https:\/\/digilago.es\/radiodeperdidosallago\/?s={search_term_string}\"},\"query-input\":{\"@type\":\"PropertyValueSpecification\",\"valueRequired\":true,\"valueName\":\"search_term_string\"}}],\"inLanguage\":\"es\"}]}<\/script>\n<!-- \/ Yoast SEO plugin. -->","yoast_head_json":{"title":"De Perdidos al Lago -","robots":{"index":"index","follow":"follow","max-snippet":"max-snippet:-1","max-image-preview":"max-image-preview:large","max-video-preview":"max-video-preview:-1"},"canonical":"https:\/\/digilago.es\/radiodeperdidosallago\/","og_locale":"es_ES","og_type":"article","og_title":"De Perdidos al Lago -","og_description":"Bienvenid@s a&#8230; De perdidos al Lago, la radio podcast del IES El Lago Nuestra radio nace como punto de encuentro [&hellip;]","og_url":"https:\/\/digilago.es\/radiodeperdidosallago\/","article_modified_time":"2026-05-11T11:14:45+00:00","og_image":[{"width":1280,"height":938,"url":"https:\/\/digilago.es\/radiodeperdidosallago\/wp-content\/uploads\/sites\/59\/2026\/05\/podcast-gfb5dc68c8_1280_grande.jpg","type":"image\/jpeg"}],"twitter_card":"summary_large_image","twitter_misc":{"Tiempo de lectura":"1 minuto"},"schema":{"@context":"https:\/\/schema.org","@graph":[{"@type":"WebPage","@id":"https:\/\/digilago.es\/radiodeperdidosallago\/","url":"https:\/\/digilago.es\/radiodeperdidosallago\/","name":"De Perdidos al Lago -","isPartOf":{"@id":"https:\/\/digilago.es\/radiodeperdidosallago\/#website"},"primaryImageOfPage":{"@id":"https:\/\/digilago.es\/radiodeperdidosallago\/#primaryimage"},"image":{"@id":"https:\/\/digilago.es\/radiodeperdidosallago\/#primaryimage"},"thumbnailUrl":"https:\/\/digilago.es\/radiodeperdidosallago\/wp-content\/uploads\/sites\/59\/2026\/05\/podcast-gfb5dc68c8_1280_grande-1024x750.jpg","datePublished":"2026-05-11T10:52:59+00:00","dateModified":"2026-05-11T11:14:45+00:00","breadcrumb":{"@id":"https:\/\/digilago.es\/radiodeperdidosallago\/#breadcrumb"},"inLanguage":"es","potentialAction":[{"@type":"ReadAction","target":["https:\/\/digilago.es\/radiodeperdidosallago\/"]}]},{"@type":"ImageObject","inLanguage":"es","@id":"https:\/\/digilago.es\/radiodeperdidosallago\/#primaryimage","url":"https:\/\/digilago.es\/radiodeperdidosallago\/wp-content\/uploads\/sites\/59\/2026\/05\/podcast-gfb5dc68c8_1280_grande.jpg","contentUrl":"https:\/\/digilago.es\/radiodeperdidosallago\/wp-content\/uploads\/sites\/59\/2026\/05\/podcast-gfb5dc68c8_1280_grande.jpg","width":1280,"height":938},{"@type":"BreadcrumbList","@id":"https:\/\/digilago.es\/radiodeperdidosallago\/#breadcrumb","itemListElement":[{"@type":"ListItem","position":1,"name":"Portada","item":"https:\/\/digilago.es\/radiodeperdidosallago\/"},{"@type":"ListItem","position":2,"name":"De Perdidos al Lago"}]},{"@type":"WebSite","@id":"https:\/\/digilago.es\/radiodeperdidosallago\/#website","url":"https:\/\/digilago.es\/radiodeperdidosallago\/","name":"","description":"","potentialAction":[{"@type":"SearchAction","target":{"@type":"EntryPoint","urlTemplate":"https:\/\/digilago.es\/radiodeperdidosallago\/?s={search_term_string}"},"query-input":{"@type":"PropertyValueSpecification","valueRequired":true,"valueName":"search_term_string"}}],"inLanguage":"es"}]}},"_links":{"self":[{"href":"https:\/\/digilago.es\/radiodeperdidosallago\/wp-json\/wp\/v2\/pages\/85","targetHints":{"allow":["GET"]}}],"collection":[{"href":"https:\/\/digilago.es\/radiodeperdidosallago\/wp-json\/wp\/v2\/pages"}],"about":[{"href":"https:\/\/digilago.es\/radiodeperdidosallago\/wp-json\/wp\/v2\/types\/page"}],"author":[{"embeddable":true,"href":"https:\/\/digilago.es\/radiodeperdidosallago\/wp-json\/wp\/v2\/users\/1"}],"replies":[{"embeddable":true,"href":"https:\/\/digilago.es\/radiodeperdidosallago\/wp-json\/wp\/v2\/comments?post=85"}],"version-history":[{"count":5,"href":"https:\/\/digilago.es\/radiodeperdidosallago\/wp-json\/wp\/v2\/pages\/85\/revisions"}],"predecessor-version":[{"id":99,"href":"https:\/\/digilago.es\/radiodeperdidosallago\/wp-json\/wp\/v2\/pages\/85\/revisions\/99"}],"wp:attachment":[{"href":"https:\/\/digilago.es\/radiodeperdidosallago\/wp-json\/wp\/v2\/media?parent=85"}],"curies":[{"name":"wp","href":"https:\/\/api.w.org\/{rel}","templated":true}]}}