{"id":83,"date":"2026-05-11T12:51:55","date_gmt":"2026-05-11T10:51:55","guid":{"rendered":"https:\/\/digilago.es\/radiodeperdidosallago\/?page_id=83"},"modified":"2026-05-11T13:47:22","modified_gmt":"2026-05-11T11:47:22","slug":"te-escuchamos","status":"publish","type":"page","link":"https:\/\/digilago.es\/radiodeperdidosallago\/te-escuchamos\/","title":{"rendered":"Te escuchamos"},"content":{"rendered":"\n<p>Hola, si est\u00e1s por aqu\u00ed significa que te ha llamado la atenci\u00f3n nuestra radio.<\/p>\n\n\n\n<p>Ya seas alumno\/a, profe o que te ha gustado nuestros programas de radio, aqu\u00ed te dejamos un espacio en blanco para que nos cuentes lo que consideres:<\/p>\n\n\n<style id=\"wpforms-css-vars-107-block-36a6f67c-e0e9-45fe-b83f-b35f4ec6aca2\">\n\t\t\t\t#wpforms-107.wpforms-block-36a6f67c-e0e9-45fe-b83f-b35f4ec6aca2 {\n\t\t\t\t--wpforms-field-size-input-height: 43px;\n--wpforms-field-size-input-spacing: 15px;\n--wpforms-field-size-font-size: 16px;\n--wpforms-field-size-line-height: 19px;\n--wpforms-field-size-padding-h: 14px;\n--wpforms-field-size-checkbox-size: 16px;\n--wpforms-field-size-sublabel-spacing: 5px;\n--wpforms-field-size-icon-size: 1;\n--wpforms-label-size-font-size: 16px;\n--wpforms-label-size-line-height: 19px;\n--wpforms-label-size-sublabel-font-size: 14px;\n--wpforms-label-size-sublabel-line-height: 17px;\n--wpforms-button-size-font-size: 17px;\n--wpforms-button-size-height: 41px;\n--wpforms-button-size-padding-h: 15px;\n--wpforms-button-size-margin-top: 10px;\n\t\t\t}\n\t\t\t<\/style><div class=\"wpforms-container wpforms-container-full wpforms-block wpforms-block-36a6f67c-e0e9-45fe-b83f-b35f4ec6aca2 wpforms-render-modern\" id=\"wpforms-107\"><form id=\"wpforms-form-107\" class=\"wpforms-validate wpforms-form wpforms-ajax-form\" data-formid=\"107\" method=\"post\" enctype=\"multipart\/form-data\" action=\"\/radiodeperdidosallago\/wp-json\/wp\/v2\/pages\/83\" data-token=\"827e1a233f7a5d9d0e0425f79414dbcd\" data-token-time=\"1778662071\"><noscript class=\"wpforms-error-noscript\">Por favor, activa JavaScript en tu navegador para completar este formulario.<\/noscript><div id=\"wpforms-error-noscript\" style=\"display: none;\">Por favor, activa JavaScript en tu navegador para completar este formulario.<\/div><div class=\"wpforms-field-container\"><div id=\"wpforms-107-field_1-container\" class=\"wpforms-field wpforms-field-name\" data-field-id=\"1\"><label class=\"wpforms-field-label\" for=\"wpforms-107-field_1\">Nombre <span class=\"wpforms-required-label\" aria-hidden=\"true\">*<\/span><\/label><input type=\"text\" id=\"wpforms-107-field_1\" class=\"wpforms-field-medium wpforms-field-required\" name=\"wpforms[fields][1]\" aria-errormessage=\"wpforms-107-field_1-error\" required><\/div>\t\t<div id=\"wpforms-107-field_4-container\"\n\t\t\tclass=\"wpforms-field wpforms-field-text\"\n\t\t\tdata-field-type=\"text\"\n\t\t\tdata-field-id=\"4\"\n\t\t\t>\n\t\t\t<label class=\"wpforms-field-label\" for=\"wpforms-107-field_4\" >Nombre electr\u00f3nico mensaje<\/label>\n\t\t\t<input type=\"text\" id=\"wpforms-107-field_4\" class=\"wpforms-field-medium\" name=\"wpforms[fields][4]\" >\n\t\t<\/div>\n\t\t<div id=\"wpforms-107-field_2-container\" class=\"wpforms-field wpforms-field-email\" data-field-id=\"2\"><label class=\"wpforms-field-label\" for=\"wpforms-107-field_2\">Correo electr\u00f3nico <span class=\"wpforms-required-label\" aria-hidden=\"true\">*<\/span><\/label><input type=\"email\" id=\"wpforms-107-field_2\" class=\"wpforms-field-medium wpforms-field-required\" name=\"wpforms[fields][2]\" spellcheck=\"false\" aria-errormessage=\"wpforms-107-field_2-error\" required><\/div><div id=\"wpforms-107-field_3-container\" class=\"wpforms-field wpforms-field-textarea\" data-field-id=\"3\"><label class=\"wpforms-field-label\" for=\"wpforms-107-field_3\">Comentario o mensaje<\/label><textarea id=\"wpforms-107-field_3\" class=\"wpforms-field-medium\" name=\"wpforms[fields][3]\" aria-errormessage=\"wpforms-107-field_3-error\" ><\/textarea><\/div><script>\n\t\t\t\t( function() {\n\t\t\t\t\tconst style = document.createElement( 'style' );\n\t\t\t\t\tstyle.appendChild( document.createTextNode( '#wpforms-107-field_4-container { position: absolute !important; overflow: hidden !important; display: inline !important; height: 1px !important; width: 1px !important; z-index: -1000 !important; padding: 0 !important; } #wpforms-107-field_4-container input { visibility: hidden; } #wpforms-conversational-form-page #wpforms-107-field_4-container label { counter-increment: none; }' ) );\n\t\t\t\t\tdocument.head.appendChild( style );\n\t\t\t\t\tdocument.currentScript?.remove();\n\t\t\t\t} )();\n\t\t\t<\/script><\/div><!-- .wpforms-field-container --><div class=\"wpforms-submit-container\" ><input type=\"hidden\" name=\"wpforms[id]\" value=\"107\"><input type=\"hidden\" name=\"page_title\" value=\"\"><input type=\"hidden\" name=\"page_url\" value=\"https:\/\/digilago.es\/radiodeperdidosallago\/wp-json\/wp\/v2\/pages\/83\"><input type=\"hidden\" name=\"url_referer\" value=\"\"><button type=\"submit\" name=\"wpforms[submit]\" id=\"wpforms-submit-107\" class=\"wpforms-submit\" data-alt-text=\"Enviando...\" data-submit-text=\"Enviar\" aria-live=\"assertive\" value=\"wpforms-submit\">Enviar<\/button><img decoding=\"async\" src=\"https:\/\/digilago.es\/radiodeperdidosallago\/wp-content\/plugins\/wpforms-lite\/assets\/images\/submit-spin.svg\" class=\"wpforms-submit-spinner\" style=\"display: none;\" width=\"26\" height=\"26\" alt=\"Cargando\"><\/div><\/form><\/div>  <!-- .wpforms-container -->\n\n\n<p><strong>Si lo prefieres, te dejemos nuestros datos de contacto:<\/strong><\/p>\n\n\n\n<p>Radio De perdidos al Lago; IES El Lago Paseo de la Prta del \u00c1ngel, s\/n, Madrid<\/p>\n\n\n\n<p>radiodeperdidosallago@gmail.com | 91 479 68 51<\/p>\n\n\n\n<p><\/p>\n","protected":false},"excerpt":{"rendered":"<p>Hola, si est\u00e1s por aqu\u00ed significa que te ha llamado la atenci\u00f3n nuestra radio. Ya seas alumno\/a, profe o que [&hellip;]<\/p>\n","protected":false},"author":1,"featured_media":0,"parent":0,"menu_order":0,"comment_status":"closed","ping_status":"closed","template":"","meta":{"site-sidebar-layout":"default","site-content-layout":"","ast-site-content-layout":"default","site-content-style":"default","site-sidebar-style":"default","ast-global-header-display":"","ast-banner-title-visibility":"","ast-main-header-display":"","ast-hfb-above-header-display":"","ast-hfb-below-header-display":"","ast-hfb-mobile-header-display":"","site-post-title":"","ast-breadcrumbs-content":"","ast-featured-img":"","footer-sml-layout":"","ast-disable-related-posts":"","theme-transparent-header-meta":"","adv-header-id-meta":"","stick-header-meta":"","header-above-stick-meta":"","header-main-stick-meta":"","header-below-stick-meta":"","astra-migrate-meta-layouts":"default","ast-page-background-enabled":"default","ast-page-background-meta":{"desktop":{"background-color":"var(--ast-global-color-5)","background-image":"","background-repeat":"repeat","background-position":"center center","background-size":"auto","background-attachment":"scroll","background-type":"","background-media":"","overlay-type":"","overlay-color":"","overlay-opacity":"","overlay-gradient":""},"tablet":{"background-color":"","background-image":"","background-repeat":"repeat","background-position":"center center","background-size":"auto","background-attachment":"scroll","background-type":"","background-media":"","overlay-type":"","overlay-color":"","overlay-opacity":"","overlay-gradient":""},"mobile":{"background-color":"","background-image":"","background-repeat":"repeat","background-position":"center center","background-size":"auto","background-attachment":"scroll","background-type":"","background-media":"","overlay-type":"","overlay-color":"","overlay-opacity":"","overlay-gradient":""}},"ast-content-background-meta":{"desktop":{"background-color":"var(--ast-global-color-4)","background-image":"","background-repeat":"repeat","background-position":"center center","background-size":"auto","background-attachment":"scroll","background-type":"","background-media":"","overlay-type":"","overlay-color":"","overlay-opacity":"","overlay-gradient":""},"tablet":{"background-color":"var(--ast-global-color-4)","background-image":"","background-repeat":"repeat","background-position":"center center","background-size":"auto","background-attachment":"scroll","background-type":"","background-media":"","overlay-type":"","overlay-color":"","overlay-opacity":"","overlay-gradient":""},"mobile":{"background-color":"var(--ast-global-color-4)","background-image":"","background-repeat":"repeat","background-position":"center center","background-size":"auto","background-attachment":"scroll","background-type":"","background-media":"","overlay-type":"","overlay-color":"","overlay-opacity":"","overlay-gradient":""}},"footnotes":""},"class_list":["post-83","page","type-page","status-publish","hentry"],"yoast_head":"<!-- This site is optimized with the Yoast SEO plugin v26.8 - https:\/\/yoast.com\/product\/yoast-seo-wordpress\/ -->\n<title>Te escuchamos -<\/title>\n<meta name=\"robots\" content=\"index, follow, max-snippet:-1, max-image-preview:large, max-video-preview:-1\" \/>\n<link rel=\"canonical\" href=\"https:\/\/digilago.es\/radiodeperdidosallago\/te-escuchamos\/\" \/>\n<meta property=\"og:locale\" content=\"es_ES\" \/>\n<meta property=\"og:type\" content=\"article\" \/>\n<meta property=\"og:title\" content=\"Te escuchamos -\" \/>\n<meta property=\"og:description\" content=\"Hola, si est\u00e1s por aqu\u00ed significa que te ha llamado la atenci\u00f3n nuestra radio. Ya seas alumno\/a, profe o que [&hellip;]\" \/>\n<meta property=\"og:url\" content=\"https:\/\/digilago.es\/radiodeperdidosallago\/te-escuchamos\/\" \/>\n<meta property=\"article:modified_time\" content=\"2026-05-11T11:47:22+00:00\" \/>\n<meta name=\"twitter:card\" content=\"summary_large_image\" \/>\n<meta name=\"twitter:label1\" content=\"Tiempo de lectura\" \/>\n\t<meta name=\"twitter:data1\" content=\"1 minuto\" \/>\n<script type=\"application\/ld+json\" class=\"yoast-schema-graph\">{\"@context\":\"https:\/\/schema.org\",\"@graph\":[{\"@type\":\"WebPage\",\"@id\":\"https:\/\/digilago.es\/radiodeperdidosallago\/te-escuchamos\/\",\"url\":\"https:\/\/digilago.es\/radiodeperdidosallago\/te-escuchamos\/\",\"name\":\"Te escuchamos -\",\"isPartOf\":{\"@id\":\"https:\/\/digilago.es\/radiodeperdidosallago\/#website\"},\"datePublished\":\"2026-05-11T10:51:55+00:00\",\"dateModified\":\"2026-05-11T11:47:22+00:00\",\"breadcrumb\":{\"@id\":\"https:\/\/digilago.es\/radiodeperdidosallago\/te-escuchamos\/#breadcrumb\"},\"inLanguage\":\"es\",\"potentialAction\":[{\"@type\":\"ReadAction\",\"target\":[\"https:\/\/digilago.es\/radiodeperdidosallago\/te-escuchamos\/\"]}]},{\"@type\":\"BreadcrumbList\",\"@id\":\"https:\/\/digilago.es\/radiodeperdidosallago\/te-escuchamos\/#breadcrumb\",\"itemListElement\":[{\"@type\":\"ListItem\",\"position\":1,\"name\":\"Portada\",\"item\":\"https:\/\/digilago.es\/radiodeperdidosallago\/\"},{\"@type\":\"ListItem\",\"position\":2,\"name\":\"Te escuchamos\"}]},{\"@type\":\"WebSite\",\"@id\":\"https:\/\/digilago.es\/radiodeperdidosallago\/#website\",\"url\":\"https:\/\/digilago.es\/radiodeperdidosallago\/\",\"name\":\"\",\"description\":\"\",\"potentialAction\":[{\"@type\":\"SearchAction\",\"target\":{\"@type\":\"EntryPoint\",\"urlTemplate\":\"https:\/\/digilago.es\/radiodeperdidosallago\/?s={search_term_string}\"},\"query-input\":{\"@type\":\"PropertyValueSpecification\",\"valueRequired\":true,\"valueName\":\"search_term_string\"}}],\"inLanguage\":\"es\"}]}<\/script>\n<!-- \/ Yoast SEO plugin. -->","yoast_head_json":{"title":"Te escuchamos -","robots":{"index":"index","follow":"follow","max-snippet":"max-snippet:-1","max-image-preview":"max-image-preview:large","max-video-preview":"max-video-preview:-1"},"canonical":"https:\/\/digilago.es\/radiodeperdidosallago\/te-escuchamos\/","og_locale":"es_ES","og_type":"article","og_title":"Te escuchamos -","og_description":"Hola, si est\u00e1s por aqu\u00ed significa que te ha llamado la atenci\u00f3n nuestra radio. Ya seas alumno\/a, profe o que [&hellip;]","og_url":"https:\/\/digilago.es\/radiodeperdidosallago\/te-escuchamos\/","article_modified_time":"2026-05-11T11:47:22+00:00","twitter_card":"summary_large_image","twitter_misc":{"Tiempo de lectura":"1 minuto"},"schema":{"@context":"https:\/\/schema.org","@graph":[{"@type":"WebPage","@id":"https:\/\/digilago.es\/radiodeperdidosallago\/te-escuchamos\/","url":"https:\/\/digilago.es\/radiodeperdidosallago\/te-escuchamos\/","name":"Te escuchamos -","isPartOf":{"@id":"https:\/\/digilago.es\/radiodeperdidosallago\/#website"},"datePublished":"2026-05-11T10:51:55+00:00","dateModified":"2026-05-11T11:47:22+00:00","breadcrumb":{"@id":"https:\/\/digilago.es\/radiodeperdidosallago\/te-escuchamos\/#breadcrumb"},"inLanguage":"es","potentialAction":[{"@type":"ReadAction","target":["https:\/\/digilago.es\/radiodeperdidosallago\/te-escuchamos\/"]}]},{"@type":"BreadcrumbList","@id":"https:\/\/digilago.es\/radiodeperdidosallago\/te-escuchamos\/#breadcrumb","itemListElement":[{"@type":"ListItem","position":1,"name":"Portada","item":"https:\/\/digilago.es\/radiodeperdidosallago\/"},{"@type":"ListItem","position":2,"name":"Te escuchamos"}]},{"@type":"WebSite","@id":"https:\/\/digilago.es\/radiodeperdidosallago\/#website","url":"https:\/\/digilago.es\/radiodeperdidosallago\/","name":"","description":"","potentialAction":[{"@type":"SearchAction","target":{"@type":"EntryPoint","urlTemplate":"https:\/\/digilago.es\/radiodeperdidosallago\/?s={search_term_string}"},"query-input":{"@type":"PropertyValueSpecification","valueRequired":true,"valueName":"search_term_string"}}],"inLanguage":"es"}]}},"_links":{"self":[{"href":"https:\/\/digilago.es\/radiodeperdidosallago\/wp-json\/wp\/v2\/pages\/83","targetHints":{"allow":["GET"]}}],"collection":[{"href":"https:\/\/digilago.es\/radiodeperdidosallago\/wp-json\/wp\/v2\/pages"}],"about":[{"href":"https:\/\/digilago.es\/radiodeperdidosallago\/wp-json\/wp\/v2\/types\/page"}],"author":[{"embeddable":true,"href":"https:\/\/digilago.es\/radiodeperdidosallago\/wp-json\/wp\/v2\/users\/1"}],"replies":[{"embeddable":true,"href":"https:\/\/digilago.es\/radiodeperdidosallago\/wp-json\/wp\/v2\/comments?post=83"}],"version-history":[{"count":3,"href":"https:\/\/digilago.es\/radiodeperdidosallago\/wp-json\/wp\/v2\/pages\/83\/revisions"}],"predecessor-version":[{"id":111,"href":"https:\/\/digilago.es\/radiodeperdidosallago\/wp-json\/wp\/v2\/pages\/83\/revisions\/111"}],"wp:attachment":[{"href":"https:\/\/digilago.es\/radiodeperdidosallago\/wp-json\/wp\/v2\/media?parent=83"}],"curies":[{"name":"wp","href":"https:\/\/api.w.org\/{rel}","templated":true}]}}