{"id":6136,"date":"2024-01-09T20:10:59","date_gmt":"2024-01-09T20:10:59","guid":{"rendered":"https:\/\/digilago.es\/mugun\/?post_type=product&#038;p=6136"},"modified":"2024-01-10T00:13:51","modified_gmt":"2024-01-10T00:13:51","slug":"the-face-shop-fmgt-new-bold-sheer-glow-lipstick","status":"publish","type":"product","link":"https:\/\/digilago.es\/mugun\/producto\/the-face-shop-fmgt-new-bold-sheer-glow-lipstick\/","title":{"rendered":"THE FACE SHOP \u2013 Fmgt New Bold Sheer Glow Lipstick"},"content":{"rendered":"<p><strong><u>C\u00f3mo aplicar:<\/u><\/strong><\/p>\n<p>Aplique en el centro de los labios difuminado hacia afuera o use la punta del aplicador para delinear los labios para mayor precisi\u00f3n. Vuelva a aplicar a lo largo del d\u00eda seg\u00fan sea necesario.<\/p>\n<p><strong><u>Beneficios:<\/u><\/strong><\/p>\n<ul>\n<li class=\"QFw9Te BLojaf\"><span style=\"font-size: 16px\"><strong>Acabado radiante:<\/strong> ofrece un acabado luminoso y transl\u00facido que brinda un brillo sutil a tus labios, realzando tu apariencia.<\/span><\/li>\n<li class=\"QFw9Te BLojaf\"><span style=\"font-size: 16px\"><strong>Acabado radiante:<\/strong> ofrece un acabado luminoso y transl\u00facido que brinda un brillo sutil a tus labios, realzando tu apariencia. <\/span><\/li>\n<li class=\"QFw9Te BLojaf\"><span style=\"font-size: 16px\"><strong>Hidrataci\u00f3n duradera:<\/strong> su f\u00f3rmula hidratante con 8 tipos de aceites mantiene los labios suaves y nutridos, evitando la sequedad. Textura ligera: una sensaci\u00f3n c\u00f3moda y ligera en los labios, sin sensaci\u00f3n pegajosa.<\/span><\/li>\n<\/ul>\n<p><strong><u>Ingredientes:<\/u><\/strong><\/p>\n<p>POLYGLYCERYL-2 TRIISOSTEARATE, MACADAMIA SEED OIL POLYGLYCERYL-6 ESTERS BEHENATE, DIPENTAERYTHRITYL HEXA C5-9 ACID ESTERS, BUTYLENE GLYCOL DICAPRYLATE\/DICAPRATE, CERESIN, TRIDECYL TRIMELLITATE, VINYL DIMETHICONE\/METHICONE SILSESQUIOXANE CROSSPOLYMER, HYDROGENATED POLYISOBUTENE, PHYTOSTERYL\/ISOSTEARYL\/CETYL\/STEARYL\/BEHENYL DIMER DILINOLEATE, DIPHENYLSILOXY PHENYL TRIMETHICONE, MICROCRYSTALLINE WAX, SYNTHETIC WAX, DIISOSTEARYL MALATE, PENTAERYTHRITYL TETRAISOSTEARATE, ETHYLENE\/PROPYLENE COPOLYMER, 1,2-HEXANEDIOL, DISTEARDIMONIUM HECTORITE, TOCOPHERYL ACETATE, PROPYLENE CARBONATE, TOCOPHEROL, ROSA CANINA FRUIT OIL, CAPRYLIC\/CAPRIC TRIGLYCERIDE, HIPPOPHAE RHAMNOIDES FRUIT OIL, HELIANTHUS ANNUUS (SUNFLOWER) SEED OIL, CARTHAMUS TINCTORIUS (SAFFLOWER) SEED OIL, GLYCINE MAX (SOYBEAN) OIL, GOSSYPIUM HERBACEUM (COTTON) SEED OIL, LINUM USITATISSIMUM (LINSEED) SEED OIL, CAMELLIA SINENSIS LEAF OIL, PRUNUS ARMENIACA (APRICOT) KERNEL OIL, FRAGRANCE, CITRONELLOL, GERANIOL, LINALOOL, LIMONENE, HEXYL CINNAMAL, RED 28 LAKE (CI 45410), RED 6 (CI 15850), RED 7 LAKE (CI 15850), TITANIUM DIOXIDE (CI 77891)<\/p>\n","protected":false},"excerpt":{"rendered":"<p>El labial ofrece un acabado radiante y transl\u00facido con colores audaces. Su f\u00f3rmula ligera y brillante proporciona un toque sutil de color mientras hidrata tus labios. Disponible en una variedad de tonos vibrantes para realzar tu estilo con un brillo suave y llamativo.<\/p>\n","protected":false},"featured_media":6137,"comment_status":"open","ping_status":"closed","template":"","meta":{"site-sidebar-layout":"default","site-content-layout":"","ast-site-content-layout":"default","site-content-style":"default","site-sidebar-style":"default","ast-global-header-display":"","ast-banner-title-visibility":"","ast-main-header-display":"","ast-hfb-above-header-display":"","ast-hfb-below-header-display":"","ast-hfb-mobile-header-display":"","site-post-title":"","ast-breadcrumbs-content":"","ast-featured-img":"","footer-sml-layout":"","ast-disable-related-posts":"","theme-transparent-header-meta":"default","adv-header-id-meta":"","stick-header-meta":"","header-above-stick-meta":"","header-main-stick-meta":"","header-below-stick-meta":"","astra-migrate-meta-layouts":"set","ast-page-background-enabled":"default","ast-page-background-meta":{"desktop":{"background-color":"var(--ast-global-color-4)","background-image":"","background-repeat":"repeat","background-position":"center center","background-size":"auto","background-attachment":"scroll","background-type":"","background-media":"","overlay-type":"","overlay-color":"","overlay-opacity":"","overlay-gradient":""},"tablet":{"background-color":"","background-image":"","background-repeat":"repeat","background-position":"center center","background-size":"auto","background-attachment":"scroll","background-type":"","background-media":"","overlay-type":"","overlay-color":"","overlay-opacity":"","overlay-gradient":""},"mobile":{"background-color":"","background-image":"","background-repeat":"repeat","background-position":"center center","background-size":"auto","background-attachment":"scroll","background-type":"","background-media":"","overlay-type":"","overlay-color":"","overlay-opacity":"","overlay-gradient":""}},"ast-content-background-meta":{"desktop":{"background-color":"var(--ast-global-color-5)","background-image":"","background-repeat":"repeat","background-position":"center center","background-size":"auto","background-attachment":"scroll","background-type":"","background-media":"","overlay-type":"","overlay-color":"","overlay-opacity":"","overlay-gradient":""},"tablet":{"background-color":"var(--ast-global-color-5)","background-image":"","background-repeat":"repeat","background-position":"center center","background-size":"auto","background-attachment":"scroll","background-type":"","background-media":"","overlay-type":"","overlay-color":"","overlay-opacity":"","overlay-gradient":""},"mobile":{"background-color":"var(--ast-global-color-5)","background-image":"","background-repeat":"repeat","background-position":"center center","background-size":"auto","background-attachment":"scroll","background-type":"","background-media":"","overlay-type":"","overlay-color":"","overlay-opacity":"","overlay-gradient":""}}},"product_brand":[],"product_cat":[122,115,93,105,45,47,61,42,31,33],"product_tag":[],"class_list":{"0":"post-6136","1":"product","2":"type-product","3":"status-publish","4":"has-post-thumbnail","6":"product_cat-barra-de-labios","7":"product_cat-glow","8":"product_cat-labios","9":"product_cat-the-face-shop","10":"product_cat-piel-con-acne","11":"product_cat-piel-grasa","12":"product_cat-piel-mixta","13":"product_cat-piel-seca","14":"product_cat-sensible","15":"product_cat-todo-tipo-de-piel","16":"desktop-align-center","17":"tablet-align-left","18":"mobile-align-left","20":"first","21":"instock","22":"shipping-taxable","23":"purchasable","24":"product-type-variable"},"yoast_head":"<!-- This site is optimized with the Yoast SEO plugin v26.8 - https:\/\/yoast.com\/product\/yoast-seo-wordpress\/ -->\n<title>THE FACE SHOP \u2013 Fmgt New Bold Sheer Glow Lipstick - MERAKI<\/title>\n<meta name=\"robots\" content=\"index, follow, max-snippet:-1, max-image-preview:large, max-video-preview:-1\" \/>\n<link rel=\"canonical\" href=\"https:\/\/digilago.es\/mugun\/producto\/the-face-shop-fmgt-new-bold-sheer-glow-lipstick\/\" \/>\n<meta property=\"og:locale\" content=\"es_ES\" \/>\n<meta property=\"og:type\" content=\"article\" \/>\n<meta property=\"og:title\" content=\"THE FACE SHOP \u2013 Fmgt New Bold Sheer Glow Lipstick - MERAKI\" \/>\n<meta property=\"og:description\" content=\"El labial ofrece un acabado radiante y transl\u00facido con colores audaces. Su f\u00f3rmula ligera y brillante proporciona un toque sutil de color mientras hidrata tus labios. Disponible en una variedad de tonos vibrantes para realzar tu estilo con un brillo suave y llamativo.\" \/>\n<meta property=\"og:url\" content=\"https:\/\/digilago.es\/mugun\/producto\/the-face-shop-fmgt-new-bold-sheer-glow-lipstick\/\" \/>\n<meta property=\"og:site_name\" content=\"MERAKI\" \/>\n<meta property=\"article:modified_time\" content=\"2024-01-10T00:13:51+00:00\" \/>\n<meta property=\"og:image\" content=\"https:\/\/digilago.es\/mugun\/wp-content\/uploads\/sites\/5\/2024\/01\/XXL_p0186814739.webp\" \/>\n\t<meta property=\"og:image:width\" content=\"640\" \/>\n\t<meta property=\"og:image:height\" content=\"640\" \/>\n\t<meta property=\"og:image:type\" content=\"image\/webp\" \/>\n<meta name=\"twitter:card\" content=\"summary_large_image\" \/>\n<meta name=\"twitter:label1\" content=\"Tiempo de lectura\" \/>\n\t<meta name=\"twitter:data1\" content=\"2 minutos\" \/>\n<script type=\"application\/ld+json\" class=\"yoast-schema-graph\">{\"@context\":\"https:\/\/schema.org\",\"@graph\":[{\"@type\":\"WebPage\",\"@id\":\"https:\/\/digilago.es\/mugun\/producto\/the-face-shop-fmgt-new-bold-sheer-glow-lipstick\/\",\"url\":\"https:\/\/digilago.es\/mugun\/producto\/the-face-shop-fmgt-new-bold-sheer-glow-lipstick\/\",\"name\":\"THE FACE SHOP \u2013 Fmgt New Bold Sheer Glow Lipstick - MERAKI\",\"isPartOf\":{\"@id\":\"https:\/\/digilago.es\/mugun\/#website\"},\"primaryImageOfPage\":{\"@id\":\"https:\/\/digilago.es\/mugun\/producto\/the-face-shop-fmgt-new-bold-sheer-glow-lipstick\/#primaryimage\"},\"image\":{\"@id\":\"https:\/\/digilago.es\/mugun\/producto\/the-face-shop-fmgt-new-bold-sheer-glow-lipstick\/#primaryimage\"},\"thumbnailUrl\":\"https:\/\/digilago.es\/mugun\/wp-content\/uploads\/sites\/5\/2024\/01\/XXL_p0186814739.webp\",\"datePublished\":\"2024-01-09T20:10:59+00:00\",\"dateModified\":\"2024-01-10T00:13:51+00:00\",\"breadcrumb\":{\"@id\":\"https:\/\/digilago.es\/mugun\/producto\/the-face-shop-fmgt-new-bold-sheer-glow-lipstick\/#breadcrumb\"},\"inLanguage\":\"es\",\"potentialAction\":[{\"@type\":\"ReadAction\",\"target\":[\"https:\/\/digilago.es\/mugun\/producto\/the-face-shop-fmgt-new-bold-sheer-glow-lipstick\/\"]}]},{\"@type\":\"ImageObject\",\"inLanguage\":\"es\",\"@id\":\"https:\/\/digilago.es\/mugun\/producto\/the-face-shop-fmgt-new-bold-sheer-glow-lipstick\/#primaryimage\",\"url\":\"https:\/\/digilago.es\/mugun\/wp-content\/uploads\/sites\/5\/2024\/01\/XXL_p0186814739.webp\",\"contentUrl\":\"https:\/\/digilago.es\/mugun\/wp-content\/uploads\/sites\/5\/2024\/01\/XXL_p0186814739.webp\",\"width\":640,\"height\":640},{\"@type\":\"BreadcrumbList\",\"@id\":\"https:\/\/digilago.es\/mugun\/producto\/the-face-shop-fmgt-new-bold-sheer-glow-lipstick\/#breadcrumb\",\"itemListElement\":[{\"@type\":\"ListItem\",\"position\":1,\"name\":\"Portada\",\"item\":\"https:\/\/digilago.es\/mugun\/\"},{\"@type\":\"ListItem\",\"position\":2,\"name\":\"Todos los productos\",\"item\":\"https:\/\/digilago.es\/mugun\/shop\/\"},{\"@type\":\"ListItem\",\"position\":3,\"name\":\"THE FACE SHOP \u2013 Fmgt New Bold Sheer Glow Lipstick\"}]},{\"@type\":\"WebSite\",\"@id\":\"https:\/\/digilago.es\/mugun\/#website\",\"url\":\"https:\/\/digilago.es\/mugun\/\",\"name\":\"MERAKI\",\"description\":\"Otro sitio m\u00e1s de DIGILAGO proyectos de negocio alumnos\",\"publisher\":{\"@id\":\"https:\/\/digilago.es\/mugun\/#organization\"},\"potentialAction\":[{\"@type\":\"SearchAction\",\"target\":{\"@type\":\"EntryPoint\",\"urlTemplate\":\"https:\/\/digilago.es\/mugun\/?s={search_term_string}\"},\"query-input\":{\"@type\":\"PropertyValueSpecification\",\"valueRequired\":true,\"valueName\":\"search_term_string\"}}],\"inLanguage\":\"es\"},{\"@type\":\"Organization\",\"@id\":\"https:\/\/digilago.es\/mugun\/#organization\",\"name\":\"MERAKI\",\"url\":\"https:\/\/digilago.es\/mugun\/\",\"logo\":{\"@type\":\"ImageObject\",\"inLanguage\":\"es\",\"@id\":\"https:\/\/digilago.es\/mugun\/#\/schema\/logo\/image\/\",\"url\":\"https:\/\/digilago.es\/mugun\/wp-content\/uploads\/sites\/5\/2024\/01\/cropped-cropped-Logo-blanco-sin-nombre.png\",\"contentUrl\":\"https:\/\/digilago.es\/mugun\/wp-content\/uploads\/sites\/5\/2024\/01\/cropped-cropped-Logo-blanco-sin-nombre.png\",\"width\":184,\"height\":166,\"caption\":\"MERAKI\"},\"image\":{\"@id\":\"https:\/\/digilago.es\/mugun\/#\/schema\/logo\/image\/\"}}]}<\/script>\n<!-- \/ Yoast SEO plugin. -->","yoast_head_json":{"title":"THE FACE SHOP \u2013 Fmgt New Bold Sheer Glow Lipstick - MERAKI","robots":{"index":"index","follow":"follow","max-snippet":"max-snippet:-1","max-image-preview":"max-image-preview:large","max-video-preview":"max-video-preview:-1"},"canonical":"https:\/\/digilago.es\/mugun\/producto\/the-face-shop-fmgt-new-bold-sheer-glow-lipstick\/","og_locale":"es_ES","og_type":"article","og_title":"THE FACE SHOP \u2013 Fmgt New Bold Sheer Glow Lipstick - MERAKI","og_description":"El labial ofrece un acabado radiante y transl\u00facido con colores audaces. Su f\u00f3rmula ligera y brillante proporciona un toque sutil de color mientras hidrata tus labios. Disponible en una variedad de tonos vibrantes para realzar tu estilo con un brillo suave y llamativo.","og_url":"https:\/\/digilago.es\/mugun\/producto\/the-face-shop-fmgt-new-bold-sheer-glow-lipstick\/","og_site_name":"MERAKI","article_modified_time":"2024-01-10T00:13:51+00:00","og_image":[{"width":640,"height":640,"url":"https:\/\/digilago.es\/mugun\/wp-content\/uploads\/sites\/5\/2024\/01\/XXL_p0186814739.webp","type":"image\/webp"}],"twitter_card":"summary_large_image","twitter_misc":{"Tiempo de lectura":"2 minutos"},"schema":{"@context":"https:\/\/schema.org","@graph":[{"@type":"WebPage","@id":"https:\/\/digilago.es\/mugun\/producto\/the-face-shop-fmgt-new-bold-sheer-glow-lipstick\/","url":"https:\/\/digilago.es\/mugun\/producto\/the-face-shop-fmgt-new-bold-sheer-glow-lipstick\/","name":"THE FACE SHOP \u2013 Fmgt New Bold Sheer Glow Lipstick - MERAKI","isPartOf":{"@id":"https:\/\/digilago.es\/mugun\/#website"},"primaryImageOfPage":{"@id":"https:\/\/digilago.es\/mugun\/producto\/the-face-shop-fmgt-new-bold-sheer-glow-lipstick\/#primaryimage"},"image":{"@id":"https:\/\/digilago.es\/mugun\/producto\/the-face-shop-fmgt-new-bold-sheer-glow-lipstick\/#primaryimage"},"thumbnailUrl":"https:\/\/digilago.es\/mugun\/wp-content\/uploads\/sites\/5\/2024\/01\/XXL_p0186814739.webp","datePublished":"2024-01-09T20:10:59+00:00","dateModified":"2024-01-10T00:13:51+00:00","breadcrumb":{"@id":"https:\/\/digilago.es\/mugun\/producto\/the-face-shop-fmgt-new-bold-sheer-glow-lipstick\/#breadcrumb"},"inLanguage":"es","potentialAction":[{"@type":"ReadAction","target":["https:\/\/digilago.es\/mugun\/producto\/the-face-shop-fmgt-new-bold-sheer-glow-lipstick\/"]}]},{"@type":"ImageObject","inLanguage":"es","@id":"https:\/\/digilago.es\/mugun\/producto\/the-face-shop-fmgt-new-bold-sheer-glow-lipstick\/#primaryimage","url":"https:\/\/digilago.es\/mugun\/wp-content\/uploads\/sites\/5\/2024\/01\/XXL_p0186814739.webp","contentUrl":"https:\/\/digilago.es\/mugun\/wp-content\/uploads\/sites\/5\/2024\/01\/XXL_p0186814739.webp","width":640,"height":640},{"@type":"BreadcrumbList","@id":"https:\/\/digilago.es\/mugun\/producto\/the-face-shop-fmgt-new-bold-sheer-glow-lipstick\/#breadcrumb","itemListElement":[{"@type":"ListItem","position":1,"name":"Portada","item":"https:\/\/digilago.es\/mugun\/"},{"@type":"ListItem","position":2,"name":"Todos los productos","item":"https:\/\/digilago.es\/mugun\/shop\/"},{"@type":"ListItem","position":3,"name":"THE FACE SHOP \u2013 Fmgt New Bold Sheer Glow Lipstick"}]},{"@type":"WebSite","@id":"https:\/\/digilago.es\/mugun\/#website","url":"https:\/\/digilago.es\/mugun\/","name":"MERAKI","description":"Otro sitio m\u00e1s de DIGILAGO proyectos de negocio alumnos","publisher":{"@id":"https:\/\/digilago.es\/mugun\/#organization"},"potentialAction":[{"@type":"SearchAction","target":{"@type":"EntryPoint","urlTemplate":"https:\/\/digilago.es\/mugun\/?s={search_term_string}"},"query-input":{"@type":"PropertyValueSpecification","valueRequired":true,"valueName":"search_term_string"}}],"inLanguage":"es"},{"@type":"Organization","@id":"https:\/\/digilago.es\/mugun\/#organization","name":"MERAKI","url":"https:\/\/digilago.es\/mugun\/","logo":{"@type":"ImageObject","inLanguage":"es","@id":"https:\/\/digilago.es\/mugun\/#\/schema\/logo\/image\/","url":"https:\/\/digilago.es\/mugun\/wp-content\/uploads\/sites\/5\/2024\/01\/cropped-cropped-Logo-blanco-sin-nombre.png","contentUrl":"https:\/\/digilago.es\/mugun\/wp-content\/uploads\/sites\/5\/2024\/01\/cropped-cropped-Logo-blanco-sin-nombre.png","width":184,"height":166,"caption":"MERAKI"},"image":{"@id":"https:\/\/digilago.es\/mugun\/#\/schema\/logo\/image\/"}}]}},"_links":{"self":[{"href":"https:\/\/digilago.es\/mugun\/wp-json\/wp\/v2\/product\/6136","targetHints":{"allow":["GET"]}}],"collection":[{"href":"https:\/\/digilago.es\/mugun\/wp-json\/wp\/v2\/product"}],"about":[{"href":"https:\/\/digilago.es\/mugun\/wp-json\/wp\/v2\/types\/product"}],"replies":[{"embeddable":true,"href":"https:\/\/digilago.es\/mugun\/wp-json\/wp\/v2\/comments?post=6136"}],"wp:featuredmedia":[{"embeddable":true,"href":"https:\/\/digilago.es\/mugun\/wp-json\/wp\/v2\/media\/6137"}],"wp:attachment":[{"href":"https:\/\/digilago.es\/mugun\/wp-json\/wp\/v2\/media?parent=6136"}],"wp:term":[{"taxonomy":"product_brand","embeddable":true,"href":"https:\/\/digilago.es\/mugun\/wp-json\/wp\/v2\/product_brand?post=6136"},{"taxonomy":"product_cat","embeddable":true,"href":"https:\/\/digilago.es\/mugun\/wp-json\/wp\/v2\/product_cat?post=6136"},{"taxonomy":"product_tag","embeddable":true,"href":"https:\/\/digilago.es\/mugun\/wp-json\/wp\/v2\/product_tag?post=6136"}],"curies":[{"name":"wp","href":"https:\/\/api.w.org\/{rel}","templated":true}]}}