{"id":6101,"date":"2024-01-09T19:06:51","date_gmt":"2024-01-09T19:06:51","guid":{"rendered":"https:\/\/digilago.es\/mugun\/?post_type=product&#038;p=6101"},"modified":"2024-01-09T19:24:47","modified_gmt":"2024-01-09T19:24:47","slug":"banila-co-covericious-power-fit-foundation","status":"publish","type":"product","link":"https:\/\/digilago.es\/mugun\/producto\/banila-co-covericious-power-fit-foundation\/","title":{"rendered":"BANILA CO \u2013 Covericious Power Fit Foundation"},"content":{"rendered":"<p><strong><u>C\u00f3mo aplicar:<\/u><\/strong><\/p>\n<ol>\n<li><strong>Aplicaci\u00f3n de la base:<\/strong> utiliza una brocha, una esponja de maquillaje o tus dedos para aplicar la base. Deposita una peque\u00f1a cantidad en el centro de tu rostro y difumina hacia afuera, asegur\u00e1ndote de cubrir bien todas las \u00e1reas. Empieza con una capa ligera y construye la cobertura seg\u00fan sea necesario.<\/li>\n<li><strong>Difuminado:<\/strong> Aseg\u00farate de difuminar bien la base en la l\u00ednea del cabello, la mand\u00edbula y el cuello para evitar l\u00edneas visibles y lograr un acabado natural.<\/li>\n<\/ol>\n<p><strong><u>Beneficios:<\/u><\/strong><\/p>\n<ul>\n<li><strong>Cobertura de larga duraci\u00f3n:<\/strong> proporciona una cobertura completa que dura durante horas, manteniendo tu piel impecable a lo largo del d\u00eda.<\/li>\n<li><strong>F\u00f3rmula ligera:<\/strong> a pesar de su alta pigmentaci\u00f3n, tiene una f\u00f3rmula liviana que se siente c\u00f3moda en la piel, evitando una sensaci\u00f3n pesada o acartonada.<\/li>\n<li><strong>Resistencia a la transferencia:<\/strong> su f\u00f3rmula est\u00e1 dise\u00f1ada para resistir la transferencia, lo que significa que no se manchar\u00e1 f\u00e1cilmente en la ropa o superficies.<\/li>\n<\/ul>\n<p><strong><u>Ingredientes:<\/u><\/strong><\/p>\n<p>WATER, CYCLOPENTASILOXANE, TITANIUM DIOXIDE, TRIMETHYLSILOXYSILICATE, BUTYLENE GLYCOL, ISODODECANE, DIMETHICONE, PENTYLENE GLYCOL, HYDRATED FERRIC OXIDE, PEG\/PPG-18\/18 DIMETHICONE, PEG-9 POLYDIMETHYLSILOXYETHL DIMETHICONE, HYDROLYZED COLLAGEN, MAGNESIUM SULFATE, POLYGLYCERYL-3 DIISOSTEARATE, POLYMETHYLSILSESQUIOXANE, TRIDECYL TRIMELLITATE, TOCOPHERYL ACETATE, ALUMINUM HYDROXIDE, TRIBEHENIN, DISTEARDIMONIUM HECTORITE, POLYPROPYLSILSESQUIOXANE, TRIETHOXYCAPRYLYLSILANE, STEARIC ACID, CAPRYLYL GLYCOL, GLYCERYL CAPRYLATE, PROPYLENE CARBONATE, PEG-10 DIMETHICONE, 1,2-HEXANEDIOL, XANTHAN GUM, DISODIUM EDTA, FRAGRANCE, FERRIC OXIDE, FERROUS FERRIC, ALUMINA<\/p>\n","protected":false},"excerpt":{"rendered":"<p>Esta base de maquillaje proporciona una cobertura impecable y de larga duraci\u00f3n. Con una f\u00f3rmula liviana, pero de alta pigmentaci\u00f3n, ofrece un acabado natural y resistente a la transferencia para una piel perfecta durante todo el d\u00eda. Disponible en una amplia gama de tonos para adaptarse a diversos tonos de piel.<\/p>\n","protected":false},"featured_media":6103,"comment_status":"open","ping_status":"closed","template":"","meta":{"site-sidebar-layout":"default","site-content-layout":"","ast-site-content-layout":"default","site-content-style":"default","site-sidebar-style":"default","ast-global-header-display":"","ast-banner-title-visibility":"","ast-main-header-display":"","ast-hfb-above-header-display":"","ast-hfb-below-header-display":"","ast-hfb-mobile-header-display":"","site-post-title":"","ast-breadcrumbs-content":"","ast-featured-img":"","footer-sml-layout":"","ast-disable-related-posts":"","theme-transparent-header-meta":"default","adv-header-id-meta":"","stick-header-meta":"","header-above-stick-meta":"","header-main-stick-meta":"","header-below-stick-meta":"","astra-migrate-meta-layouts":"set","ast-page-background-enabled":"default","ast-page-background-meta":{"desktop":{"background-color":"var(--ast-global-color-4)","background-image":"","background-repeat":"repeat","background-position":"center center","background-size":"auto","background-attachment":"scroll","background-type":"","background-media":"","overlay-type":"","overlay-color":"","overlay-opacity":"","overlay-gradient":""},"tablet":{"background-color":"","background-image":"","background-repeat":"repeat","background-position":"center center","background-size":"auto","background-attachment":"scroll","background-type":"","background-media":"","overlay-type":"","overlay-color":"","overlay-opacity":"","overlay-gradient":""},"mobile":{"background-color":"","background-image":"","background-repeat":"repeat","background-position":"center center","background-size":"auto","background-attachment":"scroll","background-type":"","background-media":"","overlay-type":"","overlay-color":"","overlay-opacity":"","overlay-gradient":""}},"ast-content-background-meta":{"desktop":{"background-color":"var(--ast-global-color-5)","background-image":"","background-repeat":"repeat","background-position":"center center","background-size":"auto","background-attachment":"scroll","background-type":"","background-media":"","overlay-type":"","overlay-color":"","overlay-opacity":"","overlay-gradient":""},"tablet":{"background-color":"var(--ast-global-color-5)","background-image":"","background-repeat":"repeat","background-position":"center center","background-size":"auto","background-attachment":"scroll","background-type":"","background-media":"","overlay-type":"","overlay-color":"","overlay-opacity":"","overlay-gradient":""},"mobile":{"background-color":"var(--ast-global-color-5)","background-image":"","background-repeat":"repeat","background-position":"center center","background-size":"auto","background-attachment":"scroll","background-type":"","background-media":"","overlay-type":"","overlay-color":"","overlay-opacity":"","overlay-gradient":""}}},"product_brand":[],"product_cat":[97,109,114,94,45,47,61,31],"product_tag":[],"class_list":{"0":"post-6101","1":"product","2":"type-product","3":"status-publish","4":"has-post-thumbnail","6":"product_cat-banila-co","7":"product_cat-bases-de-maquillaje","8":"product_cat-mate","9":"product_cat-rostro","10":"product_cat-piel-con-acne","11":"product_cat-piel-grasa","12":"product_cat-piel-mixta","13":"product_cat-sensible","14":"desktop-align-center","15":"tablet-align-left","16":"mobile-align-left","18":"first","19":"instock","20":"shipping-taxable","21":"purchasable","22":"product-type-variable"},"yoast_head":"<!-- This site is optimized with the Yoast SEO plugin v26.8 - https:\/\/yoast.com\/product\/yoast-seo-wordpress\/ -->\n<title>BANILA CO \u2013 Covericious Power Fit Foundation - MERAKI<\/title>\n<meta name=\"robots\" content=\"index, follow, max-snippet:-1, max-image-preview:large, max-video-preview:-1\" \/>\n<link rel=\"canonical\" href=\"https:\/\/digilago.es\/mugun\/producto\/banila-co-covericious-power-fit-foundation\/\" \/>\n<meta property=\"og:locale\" content=\"es_ES\" \/>\n<meta property=\"og:type\" content=\"article\" \/>\n<meta property=\"og:title\" content=\"BANILA CO \u2013 Covericious Power Fit Foundation - MERAKI\" \/>\n<meta property=\"og:description\" content=\"Esta base de maquillaje proporciona una cobertura impecable y de larga duraci\u00f3n. Con una f\u00f3rmula liviana, pero de alta pigmentaci\u00f3n, ofrece un acabado natural y resistente a la transferencia para una piel perfecta durante todo el d\u00eda. Disponible en una amplia gama de tonos para adaptarse a diversos tonos de piel.\" \/>\n<meta property=\"og:url\" content=\"https:\/\/digilago.es\/mugun\/producto\/banila-co-covericious-power-fit-foundation\/\" \/>\n<meta property=\"og:site_name\" content=\"MERAKI\" \/>\n<meta property=\"article:modified_time\" content=\"2024-01-09T19:24:47+00:00\" \/>\n<meta property=\"og:image\" content=\"https:\/\/digilago.es\/mugun\/wp-content\/uploads\/sites\/5\/2024\/01\/PRODUC.webp\" \/>\n\t<meta property=\"og:image:width\" content=\"640\" \/>\n\t<meta property=\"og:image:height\" content=\"640\" \/>\n\t<meta property=\"og:image:type\" content=\"image\/webp\" \/>\n<meta name=\"twitter:card\" content=\"summary_large_image\" \/>\n<meta name=\"twitter:label1\" content=\"Tiempo de lectura\" \/>\n\t<meta name=\"twitter:data1\" content=\"1 minuto\" \/>\n<script type=\"application\/ld+json\" class=\"yoast-schema-graph\">{\"@context\":\"https:\/\/schema.org\",\"@graph\":[{\"@type\":\"WebPage\",\"@id\":\"https:\/\/digilago.es\/mugun\/producto\/banila-co-covericious-power-fit-foundation\/\",\"url\":\"https:\/\/digilago.es\/mugun\/producto\/banila-co-covericious-power-fit-foundation\/\",\"name\":\"BANILA CO \u2013 Covericious Power Fit Foundation - MERAKI\",\"isPartOf\":{\"@id\":\"https:\/\/digilago.es\/mugun\/#website\"},\"primaryImageOfPage\":{\"@id\":\"https:\/\/digilago.es\/mugun\/producto\/banila-co-covericious-power-fit-foundation\/#primaryimage\"},\"image\":{\"@id\":\"https:\/\/digilago.es\/mugun\/producto\/banila-co-covericious-power-fit-foundation\/#primaryimage\"},\"thumbnailUrl\":\"https:\/\/digilago.es\/mugun\/wp-content\/uploads\/sites\/5\/2024\/01\/PRODUC.webp\",\"datePublished\":\"2024-01-09T19:06:51+00:00\",\"dateModified\":\"2024-01-09T19:24:47+00:00\",\"breadcrumb\":{\"@id\":\"https:\/\/digilago.es\/mugun\/producto\/banila-co-covericious-power-fit-foundation\/#breadcrumb\"},\"inLanguage\":\"es\",\"potentialAction\":[{\"@type\":\"ReadAction\",\"target\":[\"https:\/\/digilago.es\/mugun\/producto\/banila-co-covericious-power-fit-foundation\/\"]}]},{\"@type\":\"ImageObject\",\"inLanguage\":\"es\",\"@id\":\"https:\/\/digilago.es\/mugun\/producto\/banila-co-covericious-power-fit-foundation\/#primaryimage\",\"url\":\"https:\/\/digilago.es\/mugun\/wp-content\/uploads\/sites\/5\/2024\/01\/PRODUC.webp\",\"contentUrl\":\"https:\/\/digilago.es\/mugun\/wp-content\/uploads\/sites\/5\/2024\/01\/PRODUC.webp\",\"width\":640,\"height\":640},{\"@type\":\"BreadcrumbList\",\"@id\":\"https:\/\/digilago.es\/mugun\/producto\/banila-co-covericious-power-fit-foundation\/#breadcrumb\",\"itemListElement\":[{\"@type\":\"ListItem\",\"position\":1,\"name\":\"Portada\",\"item\":\"https:\/\/digilago.es\/mugun\/\"},{\"@type\":\"ListItem\",\"position\":2,\"name\":\"Todos los productos\",\"item\":\"https:\/\/digilago.es\/mugun\/shop\/\"},{\"@type\":\"ListItem\",\"position\":3,\"name\":\"BANILA CO \u2013 Covericious Power Fit Foundation\"}]},{\"@type\":\"WebSite\",\"@id\":\"https:\/\/digilago.es\/mugun\/#website\",\"url\":\"https:\/\/digilago.es\/mugun\/\",\"name\":\"MERAKI\",\"description\":\"Otro sitio m\u00e1s de DIGILAGO proyectos de negocio alumnos\",\"publisher\":{\"@id\":\"https:\/\/digilago.es\/mugun\/#organization\"},\"potentialAction\":[{\"@type\":\"SearchAction\",\"target\":{\"@type\":\"EntryPoint\",\"urlTemplate\":\"https:\/\/digilago.es\/mugun\/?s={search_term_string}\"},\"query-input\":{\"@type\":\"PropertyValueSpecification\",\"valueRequired\":true,\"valueName\":\"search_term_string\"}}],\"inLanguage\":\"es\"},{\"@type\":\"Organization\",\"@id\":\"https:\/\/digilago.es\/mugun\/#organization\",\"name\":\"MERAKI\",\"url\":\"https:\/\/digilago.es\/mugun\/\",\"logo\":{\"@type\":\"ImageObject\",\"inLanguage\":\"es\",\"@id\":\"https:\/\/digilago.es\/mugun\/#\/schema\/logo\/image\/\",\"url\":\"https:\/\/digilago.es\/mugun\/wp-content\/uploads\/sites\/5\/2024\/01\/cropped-cropped-Logo-blanco-sin-nombre.png\",\"contentUrl\":\"https:\/\/digilago.es\/mugun\/wp-content\/uploads\/sites\/5\/2024\/01\/cropped-cropped-Logo-blanco-sin-nombre.png\",\"width\":184,\"height\":166,\"caption\":\"MERAKI\"},\"image\":{\"@id\":\"https:\/\/digilago.es\/mugun\/#\/schema\/logo\/image\/\"}}]}<\/script>\n<!-- \/ Yoast SEO plugin. -->","yoast_head_json":{"title":"BANILA CO \u2013 Covericious Power Fit Foundation - MERAKI","robots":{"index":"index","follow":"follow","max-snippet":"max-snippet:-1","max-image-preview":"max-image-preview:large","max-video-preview":"max-video-preview:-1"},"canonical":"https:\/\/digilago.es\/mugun\/producto\/banila-co-covericious-power-fit-foundation\/","og_locale":"es_ES","og_type":"article","og_title":"BANILA CO \u2013 Covericious Power Fit Foundation - MERAKI","og_description":"Esta base de maquillaje proporciona una cobertura impecable y de larga duraci\u00f3n. Con una f\u00f3rmula liviana, pero de alta pigmentaci\u00f3n, ofrece un acabado natural y resistente a la transferencia para una piel perfecta durante todo el d\u00eda. Disponible en una amplia gama de tonos para adaptarse a diversos tonos de piel.","og_url":"https:\/\/digilago.es\/mugun\/producto\/banila-co-covericious-power-fit-foundation\/","og_site_name":"MERAKI","article_modified_time":"2024-01-09T19:24:47+00:00","og_image":[{"width":640,"height":640,"url":"https:\/\/digilago.es\/mugun\/wp-content\/uploads\/sites\/5\/2024\/01\/PRODUC.webp","type":"image\/webp"}],"twitter_card":"summary_large_image","twitter_misc":{"Tiempo de lectura":"1 minuto"},"schema":{"@context":"https:\/\/schema.org","@graph":[{"@type":"WebPage","@id":"https:\/\/digilago.es\/mugun\/producto\/banila-co-covericious-power-fit-foundation\/","url":"https:\/\/digilago.es\/mugun\/producto\/banila-co-covericious-power-fit-foundation\/","name":"BANILA CO \u2013 Covericious Power Fit Foundation - MERAKI","isPartOf":{"@id":"https:\/\/digilago.es\/mugun\/#website"},"primaryImageOfPage":{"@id":"https:\/\/digilago.es\/mugun\/producto\/banila-co-covericious-power-fit-foundation\/#primaryimage"},"image":{"@id":"https:\/\/digilago.es\/mugun\/producto\/banila-co-covericious-power-fit-foundation\/#primaryimage"},"thumbnailUrl":"https:\/\/digilago.es\/mugun\/wp-content\/uploads\/sites\/5\/2024\/01\/PRODUC.webp","datePublished":"2024-01-09T19:06:51+00:00","dateModified":"2024-01-09T19:24:47+00:00","breadcrumb":{"@id":"https:\/\/digilago.es\/mugun\/producto\/banila-co-covericious-power-fit-foundation\/#breadcrumb"},"inLanguage":"es","potentialAction":[{"@type":"ReadAction","target":["https:\/\/digilago.es\/mugun\/producto\/banila-co-covericious-power-fit-foundation\/"]}]},{"@type":"ImageObject","inLanguage":"es","@id":"https:\/\/digilago.es\/mugun\/producto\/banila-co-covericious-power-fit-foundation\/#primaryimage","url":"https:\/\/digilago.es\/mugun\/wp-content\/uploads\/sites\/5\/2024\/01\/PRODUC.webp","contentUrl":"https:\/\/digilago.es\/mugun\/wp-content\/uploads\/sites\/5\/2024\/01\/PRODUC.webp","width":640,"height":640},{"@type":"BreadcrumbList","@id":"https:\/\/digilago.es\/mugun\/producto\/banila-co-covericious-power-fit-foundation\/#breadcrumb","itemListElement":[{"@type":"ListItem","position":1,"name":"Portada","item":"https:\/\/digilago.es\/mugun\/"},{"@type":"ListItem","position":2,"name":"Todos los productos","item":"https:\/\/digilago.es\/mugun\/shop\/"},{"@type":"ListItem","position":3,"name":"BANILA CO \u2013 Covericious Power Fit Foundation"}]},{"@type":"WebSite","@id":"https:\/\/digilago.es\/mugun\/#website","url":"https:\/\/digilago.es\/mugun\/","name":"MERAKI","description":"Otro sitio m\u00e1s de DIGILAGO proyectos de negocio alumnos","publisher":{"@id":"https:\/\/digilago.es\/mugun\/#organization"},"potentialAction":[{"@type":"SearchAction","target":{"@type":"EntryPoint","urlTemplate":"https:\/\/digilago.es\/mugun\/?s={search_term_string}"},"query-input":{"@type":"PropertyValueSpecification","valueRequired":true,"valueName":"search_term_string"}}],"inLanguage":"es"},{"@type":"Organization","@id":"https:\/\/digilago.es\/mugun\/#organization","name":"MERAKI","url":"https:\/\/digilago.es\/mugun\/","logo":{"@type":"ImageObject","inLanguage":"es","@id":"https:\/\/digilago.es\/mugun\/#\/schema\/logo\/image\/","url":"https:\/\/digilago.es\/mugun\/wp-content\/uploads\/sites\/5\/2024\/01\/cropped-cropped-Logo-blanco-sin-nombre.png","contentUrl":"https:\/\/digilago.es\/mugun\/wp-content\/uploads\/sites\/5\/2024\/01\/cropped-cropped-Logo-blanco-sin-nombre.png","width":184,"height":166,"caption":"MERAKI"},"image":{"@id":"https:\/\/digilago.es\/mugun\/#\/schema\/logo\/image\/"}}]}},"_links":{"self":[{"href":"https:\/\/digilago.es\/mugun\/wp-json\/wp\/v2\/product\/6101","targetHints":{"allow":["GET"]}}],"collection":[{"href":"https:\/\/digilago.es\/mugun\/wp-json\/wp\/v2\/product"}],"about":[{"href":"https:\/\/digilago.es\/mugun\/wp-json\/wp\/v2\/types\/product"}],"replies":[{"embeddable":true,"href":"https:\/\/digilago.es\/mugun\/wp-json\/wp\/v2\/comments?post=6101"}],"wp:featuredmedia":[{"embeddable":true,"href":"https:\/\/digilago.es\/mugun\/wp-json\/wp\/v2\/media\/6103"}],"wp:attachment":[{"href":"https:\/\/digilago.es\/mugun\/wp-json\/wp\/v2\/media?parent=6101"}],"wp:term":[{"taxonomy":"product_brand","embeddable":true,"href":"https:\/\/digilago.es\/mugun\/wp-json\/wp\/v2\/product_brand?post=6101"},{"taxonomy":"product_cat","embeddable":true,"href":"https:\/\/digilago.es\/mugun\/wp-json\/wp\/v2\/product_cat?post=6101"},{"taxonomy":"product_tag","embeddable":true,"href":"https:\/\/digilago.es\/mugun\/wp-json\/wp\/v2\/product_tag?post=6101"}],"curies":[{"name":"wp","href":"https:\/\/api.w.org\/{rel}","templated":true}]}}