{"id":5571,"date":"2024-01-06T01:04:14","date_gmt":"2024-01-06T01:04:14","guid":{"rendered":"https:\/\/digilago.es\/mugun\/?post_type=product&#038;p=5571"},"modified":"2024-01-09T07:43:57","modified_gmt":"2024-01-09T07:43:57","slug":"the-saem-eco-soul-lip-oil","status":"publish","type":"product","link":"https:\/\/digilago.es\/mugun\/producto\/the-saem-eco-soul-lip-oil\/","title":{"rendered":"THE SAEM \u2013 Eco Soul Lip Oil"},"content":{"rendered":"<p><strong><u>C\u00f3mo aplicar:<\/u><\/strong><\/p>\n<p>Presiona suavemente el aplicador sobre los labios, extiende el aceite con movimientos circulares para asegurar una cobertura uniforme, \u00fasalo seg\u00fan sea necesario para mantener los labios hidratados y suaves.<\/p>\n<p><strong><u>Beneficios:<\/u><\/strong><\/p>\n<ul>\n<li><strong>Acabado natural: <\/strong>ofrece un brillo sutil y un aspecto saludable sin sensaci\u00f3n pegajosa.<\/li>\n<li><strong>Nutrici\u00f3n: <\/strong>ayuda a nutrir y suavizar la delicada piel de los labios.<\/li>\n<li><strong>Protecci\u00f3n: <\/strong>forma una barrera protectora contra los elementos externos, como el viento o el fr\u00edo.<\/li>\n<\/ul>\n<p><strong><u>Ingredientes:<\/u><\/strong><\/p>\n<p>POLYGLYCERYL-2 ISOSTEARATE\/DIMER DILINOLEATE COPOLYMER, HELIANTHUS ANNUUS (SUNFLOWER) SEED OIL, SIMMONDSIA CHINENSIS (JOJOBA) SEED OIL, TOCOPHERYL ACETATE, OLEA EUROPAEA (OLIVE) FRUIT OIL, SILICA DIMETHYL SILYLATE, CAMELLIA JAPONICA SEED OIL, CAMELLIA SINENSIS (GREEN TEA) SEED OIL, ARGANIA SPINOSA (ARGAN) KERNEL OIL, MONASCUS EXTRACT, ECLIPTA PROSTRATA (FALSE DAISY) EXTRACT, ORIGANUM VULGARE LEAF EXTRACT, CHAMAECYPARIS OBTUSA LEAF EXTRACT, SALIX ALBA (WILLOW) BARK EXTRACT, MELIA AZADIRACHTA (NEEM) LEAF EXTRACT, LACTOBACILLUS\/SOYBEAN FERMENT EXTRACT, PORTULACA OLERACEA (GREEN PURSLANE) EXTRACT, CINNAMOMUM CASSIA (CINNAMON) BARK EXTRACT, SCUTELLARIA BAICALENSIS (BAIKAL SKULLCAP) ROOT EXTRACT, POLYHYDROXYSTEARIC ACID, CERAMIDE NP, LECITHIN, ISOSTEARIC ACID, ISOPROPYL MYRISTATE, ETHYLHEXYL PALMITATE, DIISOSTEARYL MALATE, DEHYDROACETIC ACID, POLYGLYCERYL-3 POLYRICINOLEATE, TOCOPHEROL, FRAGRANCE, RED 7 LAKE (CI 15850:1), FRAGARIA VESCA (STRAWBERRY) FRUIT EXTRACT, ROSA CANINA (DOG ROSE) SEED EXTRACT, CITRUS PARADISI (GRAPEFRUIT) FRUIT EXTRACT, MORINGA PTERYGOSPERMA SEED OIL, MORUS ALBA (WHITE MULBERRY) ROOT EXTRACT, MACADAMIA TERNIFOLIA (MACADAMIA) SEED OIL, YELLOW 5 LAKE (CI 19140), MENTHA VIRIDIS (SPEARMINT) LEAF OIL, YELLOW 6 LAKE (CI 15985), MORINGA PTERYGOSPERMA (MORINGA OLEIFERA) SEED OIL, MACADAMIA INTEGRIFOLIA (MACADAMIA) NUT OIL, RUBUS IDAEUS (RASPBERRY) FRUIT EXTRACT, VACCINIUM ANGUSTIFOLIUM (BLUEBzERRY) FRUIT EXTRACT, LIMONENE, BENZYL BENZOATE, ROSA DAMASCENA (ROSE) FLOWER WATER<\/p>\n","protected":false},"excerpt":{"rendered":"<p>Aceite que suaviza la textura de los labios, dej\u00e1ndolos con un aspecto m\u00e1s saludable y revitalizado. Al proporcionar una barrera hidratante, este b\u00e1lsamo labial es especialmente beneficioso para labios agrietados o expuestos a condiciones adversas.<\/p>\n<p>Contenido: 6 ml<\/p>\n","protected":false},"featured_media":5666,"comment_status":"open","ping_status":"closed","template":"","meta":{"site-sidebar-layout":"default","site-content-layout":"","ast-site-content-layout":"default","site-content-style":"default","site-sidebar-style":"default","ast-global-header-display":"","ast-banner-title-visibility":"","ast-main-header-display":"","ast-hfb-above-header-display":"","ast-hfb-below-header-display":"","ast-hfb-mobile-header-display":"","site-post-title":"","ast-breadcrumbs-content":"","ast-featured-img":"","footer-sml-layout":"","ast-disable-related-posts":"","theme-transparent-header-meta":"default","adv-header-id-meta":"","stick-header-meta":"","header-above-stick-meta":"","header-main-stick-meta":"","header-below-stick-meta":"","astra-migrate-meta-layouts":"set","ast-page-background-enabled":"default","ast-page-background-meta":{"desktop":{"background-color":"var(--ast-global-color-4)","background-image":"","background-repeat":"repeat","background-position":"center center","background-size":"auto","background-attachment":"scroll","background-type":"","background-media":"","overlay-type":"","overlay-color":"","overlay-opacity":"","overlay-gradient":""},"tablet":{"background-color":"","background-image":"","background-repeat":"repeat","background-position":"center center","background-size":"auto","background-attachment":"scroll","background-type":"","background-media":"","overlay-type":"","overlay-color":"","overlay-opacity":"","overlay-gradient":""},"mobile":{"background-color":"","background-image":"","background-repeat":"repeat","background-position":"center center","background-size":"auto","background-attachment":"scroll","background-type":"","background-media":"","overlay-type":"","overlay-color":"","overlay-opacity":"","overlay-gradient":""}},"ast-content-background-meta":{"desktop":{"background-color":"var(--ast-global-color-5)","background-image":"","background-repeat":"repeat","background-position":"center center","background-size":"auto","background-attachment":"scroll","background-type":"","background-media":"","overlay-type":"","overlay-color":"","overlay-opacity":"","overlay-gradient":""},"tablet":{"background-color":"var(--ast-global-color-5)","background-image":"","background-repeat":"repeat","background-position":"center center","background-size":"auto","background-attachment":"scroll","background-type":"","background-media":"","overlay-type":"","overlay-color":"","overlay-opacity":"","overlay-gradient":""},"mobile":{"background-color":"var(--ast-global-color-5)","background-image":"","background-repeat":"repeat","background-position":"center center","background-size":"auto","background-attachment":"scroll","background-type":"","background-media":"","overlay-type":"","overlay-color":"","overlay-opacity":"","overlay-gradient":""}}},"product_brand":[],"product_cat":[129,115,93,106,123,45,47,61,42,31,33],"product_tag":[],"class_list":{"0":"post-5571","1":"product","2":"type-product","3":"status-publish","4":"has-post-thumbnail","6":"product_cat-aceite-labial","7":"product_cat-glow","8":"product_cat-labios","9":"product_cat-the-saem","10":"product_cat-tinta-de-labios","11":"product_cat-piel-con-acne","12":"product_cat-piel-grasa","13":"product_cat-piel-mixta","14":"product_cat-piel-seca","15":"product_cat-sensible","16":"product_cat-todo-tipo-de-piel","17":"desktop-align-center","18":"tablet-align-left","19":"mobile-align-left","21":"first","22":"instock","23":"shipping-taxable","24":"purchasable","25":"product-type-variable"},"yoast_head":"<!-- This site is optimized with the Yoast SEO plugin v26.8 - https:\/\/yoast.com\/product\/yoast-seo-wordpress\/ -->\n<title>THE SAEM \u2013 Eco Soul Lip Oil - MERAKI<\/title>\n<meta name=\"robots\" content=\"index, follow, max-snippet:-1, max-image-preview:large, max-video-preview:-1\" \/>\n<link rel=\"canonical\" href=\"https:\/\/digilago.es\/mugun\/producto\/the-saem-eco-soul-lip-oil\/\" \/>\n<meta property=\"og:locale\" content=\"es_ES\" \/>\n<meta property=\"og:type\" content=\"article\" \/>\n<meta property=\"og:title\" content=\"THE SAEM \u2013 Eco Soul Lip Oil - MERAKI\" \/>\n<meta property=\"og:description\" content=\"Aceite que suaviza la textura de los labios, dej\u00e1ndolos con un aspecto m\u00e1s saludable y revitalizado. Al proporcionar una barrera hidratante, este b\u00e1lsamo labial es especialmente beneficioso para labios agrietados o expuestos a condiciones adversas.  Contenido: 6 ml\" \/>\n<meta property=\"og:url\" content=\"https:\/\/digilago.es\/mugun\/producto\/the-saem-eco-soul-lip-oil\/\" \/>\n<meta property=\"og:site_name\" content=\"MERAKI\" \/>\n<meta property=\"article:modified_time\" content=\"2024-01-09T07:43:57+00:00\" \/>\n<meta property=\"og:image\" content=\"https:\/\/digilago.es\/mugun\/wp-content\/uploads\/sites\/5\/2024\/01\/image_c3f90cf2-c9e4-40bb-a967-3738af3caf6f_png.webp\" \/>\n\t<meta property=\"og:image:width\" content=\"800\" \/>\n\t<meta property=\"og:image:height\" content=\"972\" \/>\n\t<meta property=\"og:image:type\" content=\"image\/webp\" \/>\n<meta name=\"twitter:card\" content=\"summary_large_image\" \/>\n<meta name=\"twitter:label1\" content=\"Tiempo de lectura\" \/>\n\t<meta name=\"twitter:data1\" content=\"2 minutos\" \/>\n<script type=\"application\/ld+json\" class=\"yoast-schema-graph\">{\"@context\":\"https:\/\/schema.org\",\"@graph\":[{\"@type\":\"WebPage\",\"@id\":\"https:\/\/digilago.es\/mugun\/producto\/the-saem-eco-soul-lip-oil\/\",\"url\":\"https:\/\/digilago.es\/mugun\/producto\/the-saem-eco-soul-lip-oil\/\",\"name\":\"THE SAEM \u2013 Eco Soul Lip Oil - MERAKI\",\"isPartOf\":{\"@id\":\"https:\/\/digilago.es\/mugun\/#website\"},\"primaryImageOfPage\":{\"@id\":\"https:\/\/digilago.es\/mugun\/producto\/the-saem-eco-soul-lip-oil\/#primaryimage\"},\"image\":{\"@id\":\"https:\/\/digilago.es\/mugun\/producto\/the-saem-eco-soul-lip-oil\/#primaryimage\"},\"thumbnailUrl\":\"https:\/\/digilago.es\/mugun\/wp-content\/uploads\/sites\/5\/2024\/01\/image_c3f90cf2-c9e4-40bb-a967-3738af3caf6f_png.webp\",\"datePublished\":\"2024-01-06T01:04:14+00:00\",\"dateModified\":\"2024-01-09T07:43:57+00:00\",\"breadcrumb\":{\"@id\":\"https:\/\/digilago.es\/mugun\/producto\/the-saem-eco-soul-lip-oil\/#breadcrumb\"},\"inLanguage\":\"es\",\"potentialAction\":[{\"@type\":\"ReadAction\",\"target\":[\"https:\/\/digilago.es\/mugun\/producto\/the-saem-eco-soul-lip-oil\/\"]}]},{\"@type\":\"ImageObject\",\"inLanguage\":\"es\",\"@id\":\"https:\/\/digilago.es\/mugun\/producto\/the-saem-eco-soul-lip-oil\/#primaryimage\",\"url\":\"https:\/\/digilago.es\/mugun\/wp-content\/uploads\/sites\/5\/2024\/01\/image_c3f90cf2-c9e4-40bb-a967-3738af3caf6f_png.webp\",\"contentUrl\":\"https:\/\/digilago.es\/mugun\/wp-content\/uploads\/sites\/5\/2024\/01\/image_c3f90cf2-c9e4-40bb-a967-3738af3caf6f_png.webp\",\"width\":800,\"height\":972},{\"@type\":\"BreadcrumbList\",\"@id\":\"https:\/\/digilago.es\/mugun\/producto\/the-saem-eco-soul-lip-oil\/#breadcrumb\",\"itemListElement\":[{\"@type\":\"ListItem\",\"position\":1,\"name\":\"Portada\",\"item\":\"https:\/\/digilago.es\/mugun\/\"},{\"@type\":\"ListItem\",\"position\":2,\"name\":\"Todos los productos\",\"item\":\"https:\/\/digilago.es\/mugun\/shop\/\"},{\"@type\":\"ListItem\",\"position\":3,\"name\":\"THE SAEM \u2013 Eco Soul Lip Oil\"}]},{\"@type\":\"WebSite\",\"@id\":\"https:\/\/digilago.es\/mugun\/#website\",\"url\":\"https:\/\/digilago.es\/mugun\/\",\"name\":\"MERAKI\",\"description\":\"Otro sitio m\u00e1s de DIGILAGO proyectos de negocio alumnos\",\"publisher\":{\"@id\":\"https:\/\/digilago.es\/mugun\/#organization\"},\"potentialAction\":[{\"@type\":\"SearchAction\",\"target\":{\"@type\":\"EntryPoint\",\"urlTemplate\":\"https:\/\/digilago.es\/mugun\/?s={search_term_string}\"},\"query-input\":{\"@type\":\"PropertyValueSpecification\",\"valueRequired\":true,\"valueName\":\"search_term_string\"}}],\"inLanguage\":\"es\"},{\"@type\":\"Organization\",\"@id\":\"https:\/\/digilago.es\/mugun\/#organization\",\"name\":\"MERAKI\",\"url\":\"https:\/\/digilago.es\/mugun\/\",\"logo\":{\"@type\":\"ImageObject\",\"inLanguage\":\"es\",\"@id\":\"https:\/\/digilago.es\/mugun\/#\/schema\/logo\/image\/\",\"url\":\"https:\/\/digilago.es\/mugun\/wp-content\/uploads\/sites\/5\/2024\/01\/cropped-cropped-Logo-blanco-sin-nombre.png\",\"contentUrl\":\"https:\/\/digilago.es\/mugun\/wp-content\/uploads\/sites\/5\/2024\/01\/cropped-cropped-Logo-blanco-sin-nombre.png\",\"width\":184,\"height\":166,\"caption\":\"MERAKI\"},\"image\":{\"@id\":\"https:\/\/digilago.es\/mugun\/#\/schema\/logo\/image\/\"}}]}<\/script>\n<!-- \/ Yoast SEO plugin. -->","yoast_head_json":{"title":"THE SAEM \u2013 Eco Soul Lip Oil - MERAKI","robots":{"index":"index","follow":"follow","max-snippet":"max-snippet:-1","max-image-preview":"max-image-preview:large","max-video-preview":"max-video-preview:-1"},"canonical":"https:\/\/digilago.es\/mugun\/producto\/the-saem-eco-soul-lip-oil\/","og_locale":"es_ES","og_type":"article","og_title":"THE SAEM \u2013 Eco Soul Lip Oil - MERAKI","og_description":"Aceite que suaviza la textura de los labios, dej\u00e1ndolos con un aspecto m\u00e1s saludable y revitalizado. Al proporcionar una barrera hidratante, este b\u00e1lsamo labial es especialmente beneficioso para labios agrietados o expuestos a condiciones adversas.  Contenido: 6 ml","og_url":"https:\/\/digilago.es\/mugun\/producto\/the-saem-eco-soul-lip-oil\/","og_site_name":"MERAKI","article_modified_time":"2024-01-09T07:43:57+00:00","og_image":[{"width":800,"height":972,"url":"https:\/\/digilago.es\/mugun\/wp-content\/uploads\/sites\/5\/2024\/01\/image_c3f90cf2-c9e4-40bb-a967-3738af3caf6f_png.webp","type":"image\/webp"}],"twitter_card":"summary_large_image","twitter_misc":{"Tiempo de lectura":"2 minutos"},"schema":{"@context":"https:\/\/schema.org","@graph":[{"@type":"WebPage","@id":"https:\/\/digilago.es\/mugun\/producto\/the-saem-eco-soul-lip-oil\/","url":"https:\/\/digilago.es\/mugun\/producto\/the-saem-eco-soul-lip-oil\/","name":"THE SAEM \u2013 Eco Soul Lip Oil - MERAKI","isPartOf":{"@id":"https:\/\/digilago.es\/mugun\/#website"},"primaryImageOfPage":{"@id":"https:\/\/digilago.es\/mugun\/producto\/the-saem-eco-soul-lip-oil\/#primaryimage"},"image":{"@id":"https:\/\/digilago.es\/mugun\/producto\/the-saem-eco-soul-lip-oil\/#primaryimage"},"thumbnailUrl":"https:\/\/digilago.es\/mugun\/wp-content\/uploads\/sites\/5\/2024\/01\/image_c3f90cf2-c9e4-40bb-a967-3738af3caf6f_png.webp","datePublished":"2024-01-06T01:04:14+00:00","dateModified":"2024-01-09T07:43:57+00:00","breadcrumb":{"@id":"https:\/\/digilago.es\/mugun\/producto\/the-saem-eco-soul-lip-oil\/#breadcrumb"},"inLanguage":"es","potentialAction":[{"@type":"ReadAction","target":["https:\/\/digilago.es\/mugun\/producto\/the-saem-eco-soul-lip-oil\/"]}]},{"@type":"ImageObject","inLanguage":"es","@id":"https:\/\/digilago.es\/mugun\/producto\/the-saem-eco-soul-lip-oil\/#primaryimage","url":"https:\/\/digilago.es\/mugun\/wp-content\/uploads\/sites\/5\/2024\/01\/image_c3f90cf2-c9e4-40bb-a967-3738af3caf6f_png.webp","contentUrl":"https:\/\/digilago.es\/mugun\/wp-content\/uploads\/sites\/5\/2024\/01\/image_c3f90cf2-c9e4-40bb-a967-3738af3caf6f_png.webp","width":800,"height":972},{"@type":"BreadcrumbList","@id":"https:\/\/digilago.es\/mugun\/producto\/the-saem-eco-soul-lip-oil\/#breadcrumb","itemListElement":[{"@type":"ListItem","position":1,"name":"Portada","item":"https:\/\/digilago.es\/mugun\/"},{"@type":"ListItem","position":2,"name":"Todos los productos","item":"https:\/\/digilago.es\/mugun\/shop\/"},{"@type":"ListItem","position":3,"name":"THE SAEM \u2013 Eco Soul Lip Oil"}]},{"@type":"WebSite","@id":"https:\/\/digilago.es\/mugun\/#website","url":"https:\/\/digilago.es\/mugun\/","name":"MERAKI","description":"Otro sitio m\u00e1s de DIGILAGO proyectos de negocio alumnos","publisher":{"@id":"https:\/\/digilago.es\/mugun\/#organization"},"potentialAction":[{"@type":"SearchAction","target":{"@type":"EntryPoint","urlTemplate":"https:\/\/digilago.es\/mugun\/?s={search_term_string}"},"query-input":{"@type":"PropertyValueSpecification","valueRequired":true,"valueName":"search_term_string"}}],"inLanguage":"es"},{"@type":"Organization","@id":"https:\/\/digilago.es\/mugun\/#organization","name":"MERAKI","url":"https:\/\/digilago.es\/mugun\/","logo":{"@type":"ImageObject","inLanguage":"es","@id":"https:\/\/digilago.es\/mugun\/#\/schema\/logo\/image\/","url":"https:\/\/digilago.es\/mugun\/wp-content\/uploads\/sites\/5\/2024\/01\/cropped-cropped-Logo-blanco-sin-nombre.png","contentUrl":"https:\/\/digilago.es\/mugun\/wp-content\/uploads\/sites\/5\/2024\/01\/cropped-cropped-Logo-blanco-sin-nombre.png","width":184,"height":166,"caption":"MERAKI"},"image":{"@id":"https:\/\/digilago.es\/mugun\/#\/schema\/logo\/image\/"}}]}},"_links":{"self":[{"href":"https:\/\/digilago.es\/mugun\/wp-json\/wp\/v2\/product\/5571","targetHints":{"allow":["GET"]}}],"collection":[{"href":"https:\/\/digilago.es\/mugun\/wp-json\/wp\/v2\/product"}],"about":[{"href":"https:\/\/digilago.es\/mugun\/wp-json\/wp\/v2\/types\/product"}],"replies":[{"embeddable":true,"href":"https:\/\/digilago.es\/mugun\/wp-json\/wp\/v2\/comments?post=5571"}],"wp:featuredmedia":[{"embeddable":true,"href":"https:\/\/digilago.es\/mugun\/wp-json\/wp\/v2\/media\/5666"}],"wp:attachment":[{"href":"https:\/\/digilago.es\/mugun\/wp-json\/wp\/v2\/media?parent=5571"}],"wp:term":[{"taxonomy":"product_brand","embeddable":true,"href":"https:\/\/digilago.es\/mugun\/wp-json\/wp\/v2\/product_brand?post=5571"},{"taxonomy":"product_cat","embeddable":true,"href":"https:\/\/digilago.es\/mugun\/wp-json\/wp\/v2\/product_cat?post=5571"},{"taxonomy":"product_tag","embeddable":true,"href":"https:\/\/digilago.es\/mugun\/wp-json\/wp\/v2\/product_tag?post=5571"}],"curies":[{"name":"wp","href":"https:\/\/api.w.org\/{rel}","templated":true}]}}