{"id":5553,"date":"2024-01-06T01:00:35","date_gmt":"2024-01-06T01:00:35","guid":{"rendered":"https:\/\/digilago.es\/mugun\/?post_type=product&#038;p=5553"},"modified":"2024-01-09T07:20:20","modified_gmt":"2024-01-09T07:20:20","slug":"apieu-honey-and-milk-lip-oil","status":"publish","type":"product","link":"https:\/\/digilago.es\/mugun\/producto\/apieu-honey-and-milk-lip-oil\/","title":{"rendered":"A\u2019PIEU \u2013 Honey And Milk Lip Oil"},"content":{"rendered":"<p><strong><u>C\u00f3mo aplicar:<\/u><\/strong><\/p>\n<p>Presiona suavemente el aplicador sobre los labios, extiende el aceite con movimientos suaves y circulares para asegurar una cobertura uniforme. \u00dasalo solo o como base antes de tu labial favorito para un extra de hidrataci\u00f3n.<\/p>\n<p><strong><u>Beneficios:<\/u><\/strong><\/p>\n<ul>\n<li><strong>Suavidad: <\/strong>suaviza la textura \u00e1spera de los labios, dej\u00e1ndolos m\u00e1s tersos.<\/li>\n<li><strong>Brillo natural: <\/strong>aporta un brillo sutil y saludable a los labios sin sensaci\u00f3n pegajosa.<\/li>\n<li><strong>Nutrici\u00f3n: <\/strong>los ingredientes como la miel y la leche aportan nutrientes esenciales para la salud de la piel de los labios.<\/li>\n<\/ul>\n<p><strong><u>Ingredientes:<\/u><\/strong><\/p>\n<p>POLYBUTENE, DIISOSTEARYL MALATE, HYDROGENATED POLYISOBUTENE, TRIDECYL TRIMELLITATE, SILICA SILYLATE, SILICA DIMETHYL SILYLATE, MILK PROTEIN EXTRACT, HONEY EXTRACT, POLYGLYCERYL-2 TRIISOSTEARATE, TOCOPHERYL ACETATE, 1,2-HEXANEDIOL, ETHYLHEXYLGLYCERIN, DEHYDROACETIC ACID, PHENOXYETHANOL, FRAGRANCE, TARTRAZINE (CI 19140), SUNSET YELLOW FCF (CI 15985)<\/p>\n","protected":false},"excerpt":{"rendered":"<p>Tratamiento labial en formato de aceite, dise\u00f1ado para proporcionar nutrici\u00f3n y cuidado intensivo a los labios. Ideal para quienes buscan una soluci\u00f3n efectiva para labios secos o agrietados, ya que ofrece una hidrataci\u00f3n profunda sin dejar residuos pesados.<\/p>\n<p>Contenido: 5 gr<\/p>\n","protected":false},"featured_media":5675,"comment_status":"open","ping_status":"closed","template":"","meta":{"site-sidebar-layout":"default","site-content-layout":"","ast-site-content-layout":"default","site-content-style":"default","site-sidebar-style":"default","ast-global-header-display":"","ast-banner-title-visibility":"","ast-main-header-display":"","ast-hfb-above-header-display":"","ast-hfb-below-header-display":"","ast-hfb-mobile-header-display":"","site-post-title":"","ast-breadcrumbs-content":"","ast-featured-img":"","footer-sml-layout":"","ast-disable-related-posts":"","theme-transparent-header-meta":"default","adv-header-id-meta":"","stick-header-meta":"","header-above-stick-meta":"","header-main-stick-meta":"","header-below-stick-meta":"","astra-migrate-meta-layouts":"set","ast-page-background-enabled":"default","ast-page-background-meta":{"desktop":{"background-color":"var(--ast-global-color-4)","background-image":"","background-repeat":"repeat","background-position":"center center","background-size":"auto","background-attachment":"scroll","background-type":"","background-media":"","overlay-type":"","overlay-color":"","overlay-opacity":"","overlay-gradient":""},"tablet":{"background-color":"","background-image":"","background-repeat":"repeat","background-position":"center center","background-size":"auto","background-attachment":"scroll","background-type":"","background-media":"","overlay-type":"","overlay-color":"","overlay-opacity":"","overlay-gradient":""},"mobile":{"background-color":"","background-image":"","background-repeat":"repeat","background-position":"center center","background-size":"auto","background-attachment":"scroll","background-type":"","background-media":"","overlay-type":"","overlay-color":"","overlay-opacity":"","overlay-gradient":""}},"ast-content-background-meta":{"desktop":{"background-color":"var(--ast-global-color-5)","background-image":"","background-repeat":"repeat","background-position":"center center","background-size":"auto","background-attachment":"scroll","background-type":"","background-media":"","overlay-type":"","overlay-color":"","overlay-opacity":"","overlay-gradient":""},"tablet":{"background-color":"var(--ast-global-color-5)","background-image":"","background-repeat":"repeat","background-position":"center center","background-size":"auto","background-attachment":"scroll","background-type":"","background-media":"","overlay-type":"","overlay-color":"","overlay-opacity":"","overlay-gradient":""},"mobile":{"background-color":"var(--ast-global-color-5)","background-image":"","background-repeat":"repeat","background-position":"center center","background-size":"auto","background-attachment":"scroll","background-type":"","background-media":"","overlay-type":"","overlay-color":"","overlay-opacity":"","overlay-gradient":""}}},"product_brand":[],"product_cat":[96,129,115,93,123,45,47,61,42,31,33],"product_tag":[],"class_list":{"0":"post-5553","1":"product","2":"type-product","3":"status-publish","4":"has-post-thumbnail","6":"product_cat-apieu","7":"product_cat-aceite-labial","8":"product_cat-glow","9":"product_cat-labios","10":"product_cat-tinta-de-labios","11":"product_cat-piel-con-acne","12":"product_cat-piel-grasa","13":"product_cat-piel-mixta","14":"product_cat-piel-seca","15":"product_cat-sensible","16":"product_cat-todo-tipo-de-piel","17":"desktop-align-center","18":"tablet-align-left","19":"mobile-align-left","21":"first","22":"instock","23":"shipping-taxable","24":"purchasable","25":"product-type-simple"},"yoast_head":"<!-- This site is optimized with the Yoast SEO plugin v26.8 - https:\/\/yoast.com\/product\/yoast-seo-wordpress\/ -->\n<title>A\u2019PIEU \u2013 Honey And Milk Lip Oil - MERAKI<\/title>\n<meta name=\"robots\" content=\"index, follow, max-snippet:-1, max-image-preview:large, max-video-preview:-1\" \/>\n<link rel=\"canonical\" href=\"https:\/\/digilago.es\/mugun\/producto\/apieu-honey-and-milk-lip-oil\/\" \/>\n<meta property=\"og:locale\" content=\"es_ES\" \/>\n<meta property=\"og:type\" content=\"article\" \/>\n<meta property=\"og:title\" content=\"A\u2019PIEU \u2013 Honey And Milk Lip Oil - MERAKI\" \/>\n<meta property=\"og:description\" content=\"Tratamiento labial en formato de aceite, dise\u00f1ado para proporcionar nutrici\u00f3n y cuidado intensivo a los labios. Ideal para quienes buscan una soluci\u00f3n efectiva para labios secos o agrietados, ya que ofrece una hidrataci\u00f3n profunda sin dejar residuos pesados.  Contenido: 5 gr\" \/>\n<meta property=\"og:url\" content=\"https:\/\/digilago.es\/mugun\/producto\/apieu-honey-and-milk-lip-oil\/\" \/>\n<meta property=\"og:site_name\" content=\"MERAKI\" \/>\n<meta property=\"article:modified_time\" content=\"2024-01-09T07:20:20+00:00\" \/>\n<meta property=\"og:image\" content=\"https:\/\/digilago.es\/mugun\/wp-content\/uploads\/sites\/5\/2024\/01\/31hYKswGpXL.jpg\" \/>\n\t<meta property=\"og:image:width\" content=\"500\" \/>\n\t<meta property=\"og:image:height\" content=\"407\" \/>\n\t<meta property=\"og:image:type\" content=\"image\/jpeg\" \/>\n<meta name=\"twitter:card\" content=\"summary_large_image\" \/>\n<meta name=\"twitter:label1\" content=\"Tiempo de lectura\" \/>\n\t<meta name=\"twitter:data1\" content=\"1 minuto\" \/>\n<script type=\"application\/ld+json\" class=\"yoast-schema-graph\">{\"@context\":\"https:\/\/schema.org\",\"@graph\":[{\"@type\":\"WebPage\",\"@id\":\"https:\/\/digilago.es\/mugun\/producto\/apieu-honey-and-milk-lip-oil\/\",\"url\":\"https:\/\/digilago.es\/mugun\/producto\/apieu-honey-and-milk-lip-oil\/\",\"name\":\"A\u2019PIEU \u2013 Honey And Milk Lip Oil - MERAKI\",\"isPartOf\":{\"@id\":\"https:\/\/digilago.es\/mugun\/#website\"},\"primaryImageOfPage\":{\"@id\":\"https:\/\/digilago.es\/mugun\/producto\/apieu-honey-and-milk-lip-oil\/#primaryimage\"},\"image\":{\"@id\":\"https:\/\/digilago.es\/mugun\/producto\/apieu-honey-and-milk-lip-oil\/#primaryimage\"},\"thumbnailUrl\":\"https:\/\/digilago.es\/mugun\/wp-content\/uploads\/sites\/5\/2024\/01\/31hYKswGpXL.jpg\",\"datePublished\":\"2024-01-06T01:00:35+00:00\",\"dateModified\":\"2024-01-09T07:20:20+00:00\",\"breadcrumb\":{\"@id\":\"https:\/\/digilago.es\/mugun\/producto\/apieu-honey-and-milk-lip-oil\/#breadcrumb\"},\"inLanguage\":\"es\",\"potentialAction\":[{\"@type\":\"ReadAction\",\"target\":[\"https:\/\/digilago.es\/mugun\/producto\/apieu-honey-and-milk-lip-oil\/\"]}]},{\"@type\":\"ImageObject\",\"inLanguage\":\"es\",\"@id\":\"https:\/\/digilago.es\/mugun\/producto\/apieu-honey-and-milk-lip-oil\/#primaryimage\",\"url\":\"https:\/\/digilago.es\/mugun\/wp-content\/uploads\/sites\/5\/2024\/01\/31hYKswGpXL.jpg\",\"contentUrl\":\"https:\/\/digilago.es\/mugun\/wp-content\/uploads\/sites\/5\/2024\/01\/31hYKswGpXL.jpg\",\"width\":500,\"height\":407},{\"@type\":\"BreadcrumbList\",\"@id\":\"https:\/\/digilago.es\/mugun\/producto\/apieu-honey-and-milk-lip-oil\/#breadcrumb\",\"itemListElement\":[{\"@type\":\"ListItem\",\"position\":1,\"name\":\"Portada\",\"item\":\"https:\/\/digilago.es\/mugun\/\"},{\"@type\":\"ListItem\",\"position\":2,\"name\":\"Todos los productos\",\"item\":\"https:\/\/digilago.es\/mugun\/shop\/\"},{\"@type\":\"ListItem\",\"position\":3,\"name\":\"A\u2019PIEU \u2013 Honey And Milk Lip Oil\"}]},{\"@type\":\"WebSite\",\"@id\":\"https:\/\/digilago.es\/mugun\/#website\",\"url\":\"https:\/\/digilago.es\/mugun\/\",\"name\":\"MERAKI\",\"description\":\"Otro sitio m\u00e1s de DIGILAGO proyectos de negocio alumnos\",\"publisher\":{\"@id\":\"https:\/\/digilago.es\/mugun\/#organization\"},\"potentialAction\":[{\"@type\":\"SearchAction\",\"target\":{\"@type\":\"EntryPoint\",\"urlTemplate\":\"https:\/\/digilago.es\/mugun\/?s={search_term_string}\"},\"query-input\":{\"@type\":\"PropertyValueSpecification\",\"valueRequired\":true,\"valueName\":\"search_term_string\"}}],\"inLanguage\":\"es\"},{\"@type\":\"Organization\",\"@id\":\"https:\/\/digilago.es\/mugun\/#organization\",\"name\":\"MERAKI\",\"url\":\"https:\/\/digilago.es\/mugun\/\",\"logo\":{\"@type\":\"ImageObject\",\"inLanguage\":\"es\",\"@id\":\"https:\/\/digilago.es\/mugun\/#\/schema\/logo\/image\/\",\"url\":\"https:\/\/digilago.es\/mugun\/wp-content\/uploads\/sites\/5\/2024\/01\/cropped-cropped-Logo-blanco-sin-nombre.png\",\"contentUrl\":\"https:\/\/digilago.es\/mugun\/wp-content\/uploads\/sites\/5\/2024\/01\/cropped-cropped-Logo-blanco-sin-nombre.png\",\"width\":184,\"height\":166,\"caption\":\"MERAKI\"},\"image\":{\"@id\":\"https:\/\/digilago.es\/mugun\/#\/schema\/logo\/image\/\"}}]}<\/script>\n<!-- \/ Yoast SEO plugin. -->","yoast_head_json":{"title":"A\u2019PIEU \u2013 Honey And Milk Lip Oil - MERAKI","robots":{"index":"index","follow":"follow","max-snippet":"max-snippet:-1","max-image-preview":"max-image-preview:large","max-video-preview":"max-video-preview:-1"},"canonical":"https:\/\/digilago.es\/mugun\/producto\/apieu-honey-and-milk-lip-oil\/","og_locale":"es_ES","og_type":"article","og_title":"A\u2019PIEU \u2013 Honey And Milk Lip Oil - MERAKI","og_description":"Tratamiento labial en formato de aceite, dise\u00f1ado para proporcionar nutrici\u00f3n y cuidado intensivo a los labios. Ideal para quienes buscan una soluci\u00f3n efectiva para labios secos o agrietados, ya que ofrece una hidrataci\u00f3n profunda sin dejar residuos pesados.  Contenido: 5 gr","og_url":"https:\/\/digilago.es\/mugun\/producto\/apieu-honey-and-milk-lip-oil\/","og_site_name":"MERAKI","article_modified_time":"2024-01-09T07:20:20+00:00","og_image":[{"width":500,"height":407,"url":"https:\/\/digilago.es\/mugun\/wp-content\/uploads\/sites\/5\/2024\/01\/31hYKswGpXL.jpg","type":"image\/jpeg"}],"twitter_card":"summary_large_image","twitter_misc":{"Tiempo de lectura":"1 minuto"},"schema":{"@context":"https:\/\/schema.org","@graph":[{"@type":"WebPage","@id":"https:\/\/digilago.es\/mugun\/producto\/apieu-honey-and-milk-lip-oil\/","url":"https:\/\/digilago.es\/mugun\/producto\/apieu-honey-and-milk-lip-oil\/","name":"A\u2019PIEU \u2013 Honey And Milk Lip Oil - MERAKI","isPartOf":{"@id":"https:\/\/digilago.es\/mugun\/#website"},"primaryImageOfPage":{"@id":"https:\/\/digilago.es\/mugun\/producto\/apieu-honey-and-milk-lip-oil\/#primaryimage"},"image":{"@id":"https:\/\/digilago.es\/mugun\/producto\/apieu-honey-and-milk-lip-oil\/#primaryimage"},"thumbnailUrl":"https:\/\/digilago.es\/mugun\/wp-content\/uploads\/sites\/5\/2024\/01\/31hYKswGpXL.jpg","datePublished":"2024-01-06T01:00:35+00:00","dateModified":"2024-01-09T07:20:20+00:00","breadcrumb":{"@id":"https:\/\/digilago.es\/mugun\/producto\/apieu-honey-and-milk-lip-oil\/#breadcrumb"},"inLanguage":"es","potentialAction":[{"@type":"ReadAction","target":["https:\/\/digilago.es\/mugun\/producto\/apieu-honey-and-milk-lip-oil\/"]}]},{"@type":"ImageObject","inLanguage":"es","@id":"https:\/\/digilago.es\/mugun\/producto\/apieu-honey-and-milk-lip-oil\/#primaryimage","url":"https:\/\/digilago.es\/mugun\/wp-content\/uploads\/sites\/5\/2024\/01\/31hYKswGpXL.jpg","contentUrl":"https:\/\/digilago.es\/mugun\/wp-content\/uploads\/sites\/5\/2024\/01\/31hYKswGpXL.jpg","width":500,"height":407},{"@type":"BreadcrumbList","@id":"https:\/\/digilago.es\/mugun\/producto\/apieu-honey-and-milk-lip-oil\/#breadcrumb","itemListElement":[{"@type":"ListItem","position":1,"name":"Portada","item":"https:\/\/digilago.es\/mugun\/"},{"@type":"ListItem","position":2,"name":"Todos los productos","item":"https:\/\/digilago.es\/mugun\/shop\/"},{"@type":"ListItem","position":3,"name":"A\u2019PIEU \u2013 Honey And Milk Lip Oil"}]},{"@type":"WebSite","@id":"https:\/\/digilago.es\/mugun\/#website","url":"https:\/\/digilago.es\/mugun\/","name":"MERAKI","description":"Otro sitio m\u00e1s de DIGILAGO proyectos de negocio alumnos","publisher":{"@id":"https:\/\/digilago.es\/mugun\/#organization"},"potentialAction":[{"@type":"SearchAction","target":{"@type":"EntryPoint","urlTemplate":"https:\/\/digilago.es\/mugun\/?s={search_term_string}"},"query-input":{"@type":"PropertyValueSpecification","valueRequired":true,"valueName":"search_term_string"}}],"inLanguage":"es"},{"@type":"Organization","@id":"https:\/\/digilago.es\/mugun\/#organization","name":"MERAKI","url":"https:\/\/digilago.es\/mugun\/","logo":{"@type":"ImageObject","inLanguage":"es","@id":"https:\/\/digilago.es\/mugun\/#\/schema\/logo\/image\/","url":"https:\/\/digilago.es\/mugun\/wp-content\/uploads\/sites\/5\/2024\/01\/cropped-cropped-Logo-blanco-sin-nombre.png","contentUrl":"https:\/\/digilago.es\/mugun\/wp-content\/uploads\/sites\/5\/2024\/01\/cropped-cropped-Logo-blanco-sin-nombre.png","width":184,"height":166,"caption":"MERAKI"},"image":{"@id":"https:\/\/digilago.es\/mugun\/#\/schema\/logo\/image\/"}}]}},"_links":{"self":[{"href":"https:\/\/digilago.es\/mugun\/wp-json\/wp\/v2\/product\/5553","targetHints":{"allow":["GET"]}}],"collection":[{"href":"https:\/\/digilago.es\/mugun\/wp-json\/wp\/v2\/product"}],"about":[{"href":"https:\/\/digilago.es\/mugun\/wp-json\/wp\/v2\/types\/product"}],"replies":[{"embeddable":true,"href":"https:\/\/digilago.es\/mugun\/wp-json\/wp\/v2\/comments?post=5553"}],"wp:featuredmedia":[{"embeddable":true,"href":"https:\/\/digilago.es\/mugun\/wp-json\/wp\/v2\/media\/5675"}],"wp:attachment":[{"href":"https:\/\/digilago.es\/mugun\/wp-json\/wp\/v2\/media?parent=5553"}],"wp:term":[{"taxonomy":"product_brand","embeddable":true,"href":"https:\/\/digilago.es\/mugun\/wp-json\/wp\/v2\/product_brand?post=5553"},{"taxonomy":"product_cat","embeddable":true,"href":"https:\/\/digilago.es\/mugun\/wp-json\/wp\/v2\/product_cat?post=5553"},{"taxonomy":"product_tag","embeddable":true,"href":"https:\/\/digilago.es\/mugun\/wp-json\/wp\/v2\/product_tag?post=5553"}],"curies":[{"name":"wp","href":"https:\/\/api.w.org\/{rel}","templated":true}]}}