{"id":5541,"date":"2024-01-06T00:59:15","date_gmt":"2024-01-06T00:59:15","guid":{"rendered":"https:\/\/digilago.es\/mugun\/?post_type=product&#038;p=5541"},"modified":"2024-01-07T23:54:07","modified_gmt":"2024-01-07T23:54:07","slug":"the-saem-saemmul-perfect-curling-mascara","status":"publish","type":"product","link":"https:\/\/digilago.es\/mugun\/producto\/the-saem-saemmul-perfect-curling-mascara\/","title":{"rendered":"THE SAEM \u2013 Saemmul Perfect Curling Mascara"},"content":{"rendered":"<p><strong><u>C\u00f3mo aplicar:<\/u><\/strong><\/p>\n<p>Desliza el cepillo desde la ra\u00edz hasta las puntas suavemente. Aplicar una segunda capa si se desea m\u00e1s definici\u00f3n y rizo.<\/p>\n<p><strong><u>Beneficios:<\/u><\/strong><\/p>\n<ul>\n<li><strong>F\u00f3rmula de cuidado: <\/strong>contiene ingredientes que ayudan a nutrir y fortalecer las pesta\u00f1as con el uso continuado.<\/li>\n<li><strong>Rizo duradero: <\/strong>f\u00f3rmula dise\u00f1ada para mantener el rizo de las pesta\u00f1as durante horas.<\/li>\n<li><strong>Elevaci\u00f3n de pesta\u00f1as: <\/strong>proporciona un efecto lifting, haciendo que las pesta\u00f1as parezcan m\u00e1s largas y elevadas.<\/li>\n<\/ul>\n<p><strong><u>Ingredientes:<\/u><\/strong><\/p>\n<p>WATER, ACRYLATES COPOLYMER, STEARIC ACID, COPERNICIA CERIFERA (CARNAUBA) WAX, BEESWAX, HYDROGENATED POLYISOBUTENE, ETHANOL, TRIETHANOLAMINE, CELLULOSE, ACACIA SENEGAL GUM, PARAFFIN, GLYCERYL STEARATE, ROSA CENTIFOLIA FLOWER WATER, PRUNUS AMYGDALUS DULCIS (SWEET ALMOND) OIL, BETULA PLATYPHYLLA JAPONICA JUICE, ANTHEMIS NOBILIS FLOWER EXTRACT, TOCOPHERYL ACETATE, ACRYLATES\/OCTYLACRYLAMIDE COPOLYMER, TROMETHAMINE, DIMETHICONE, HYDROXYETHYLCELLULOSE, ETHYLHEXYLGLYCERIN, PANTHENOL, PHENOXYETHANOL, CI 77499<\/p>\n","protected":false},"excerpt":{"rendered":"<p>M\u00e1scara dise\u00f1ada para enfocarse en rizar y elevar las pesta\u00f1as, proporcionando una apariencia m\u00e1s abierta y definida a los ojos. Adem\u00e1s, al centrarse en el rizado, este producto tambi\u00e9n ofrece una mayor longitud y definici\u00f3n, resaltando la belleza natural de las pesta\u00f1as.<\/p>\n<p>Contenido: 8 ml<\/p>\n","protected":false},"featured_media":5682,"comment_status":"open","ping_status":"closed","template":"","meta":{"site-sidebar-layout":"default","site-content-layout":"","ast-site-content-layout":"default","site-content-style":"default","site-sidebar-style":"default","ast-global-header-display":"","ast-banner-title-visibility":"","ast-main-header-display":"","ast-hfb-above-header-display":"","ast-hfb-below-header-display":"","ast-hfb-mobile-header-display":"","site-post-title":"","ast-breadcrumbs-content":"","ast-featured-img":"","footer-sml-layout":"","ast-disable-related-posts":"","theme-transparent-header-meta":"default","adv-header-id-meta":"","stick-header-meta":"","header-above-stick-meta":"","header-main-stick-meta":"","header-below-stick-meta":"","astra-migrate-meta-layouts":"set","ast-page-background-enabled":"default","ast-page-background-meta":{"desktop":{"background-color":"var(--ast-global-color-4)","background-image":"","background-repeat":"repeat","background-position":"center center","background-size":"auto","background-attachment":"scroll","background-type":"","background-media":"","overlay-type":"","overlay-color":"","overlay-opacity":"","overlay-gradient":""},"tablet":{"background-color":"","background-image":"","background-repeat":"repeat","background-position":"center center","background-size":"auto","background-attachment":"scroll","background-type":"","background-media":"","overlay-type":"","overlay-color":"","overlay-opacity":"","overlay-gradient":""},"mobile":{"background-color":"","background-image":"","background-repeat":"repeat","background-position":"center center","background-size":"auto","background-attachment":"scroll","background-type":"","background-media":"","overlay-type":"","overlay-color":"","overlay-opacity":"","overlay-gradient":""}},"ast-content-background-meta":{"desktop":{"background-color":"var(--ast-global-color-5)","background-image":"","background-repeat":"repeat","background-position":"center center","background-size":"auto","background-attachment":"scroll","background-type":"","background-media":"","overlay-type":"","overlay-color":"","overlay-opacity":"","overlay-gradient":""},"tablet":{"background-color":"var(--ast-global-color-5)","background-image":"","background-repeat":"repeat","background-position":"center center","background-size":"auto","background-attachment":"scroll","background-type":"","background-media":"","overlay-type":"","overlay-color":"","overlay-opacity":"","overlay-gradient":""},"mobile":{"background-color":"var(--ast-global-color-5)","background-image":"","background-repeat":"repeat","background-position":"center center","background-size":"auto","background-attachment":"scroll","background-type":"","background-media":"","overlay-type":"","overlay-color":"","overlay-opacity":"","overlay-gradient":""}}},"product_brand":[],"product_cat":[111,92,106],"product_tag":[],"class_list":{"0":"post-5541","1":"product","2":"type-product","3":"status-publish","4":"has-post-thumbnail","6":"product_cat-mascaras-de-pestanas","7":"product_cat-ojos","8":"product_cat-the-saem","9":"desktop-align-center","10":"tablet-align-left","11":"mobile-align-left","13":"first","14":"instock","15":"shipping-taxable","16":"purchasable","17":"product-type-simple"},"yoast_head":"<!-- This site is optimized with the Yoast SEO plugin v26.8 - https:\/\/yoast.com\/product\/yoast-seo-wordpress\/ -->\n<title>THE SAEM \u2013 Saemmul Perfect Curling Mascara - MERAKI<\/title>\n<meta name=\"robots\" content=\"index, follow, max-snippet:-1, max-image-preview:large, max-video-preview:-1\" \/>\n<link rel=\"canonical\" href=\"https:\/\/digilago.es\/mugun\/producto\/the-saem-saemmul-perfect-curling-mascara\/\" \/>\n<meta property=\"og:locale\" content=\"es_ES\" \/>\n<meta property=\"og:type\" content=\"article\" \/>\n<meta property=\"og:title\" content=\"THE SAEM \u2013 Saemmul Perfect Curling Mascara - MERAKI\" \/>\n<meta property=\"og:description\" content=\"M\u00e1scara dise\u00f1ada para enfocarse en rizar y elevar las pesta\u00f1as, proporcionando una apariencia m\u00e1s abierta y definida a los ojos. Adem\u00e1s, al centrarse en el rizado, este producto tambi\u00e9n ofrece una mayor longitud y definici\u00f3n, resaltando la belleza natural de las pesta\u00f1as.  Contenido: 8 ml\" \/>\n<meta property=\"og:url\" content=\"https:\/\/digilago.es\/mugun\/producto\/the-saem-saemmul-perfect-curling-mascara\/\" \/>\n<meta property=\"og:site_name\" content=\"MERAKI\" \/>\n<meta property=\"article:modified_time\" content=\"2024-01-07T23:54:07+00:00\" \/>\n<meta property=\"og:image\" content=\"https:\/\/digilago.es\/mugun\/wp-content\/uploads\/sites\/5\/2024\/01\/TR.jpg\" \/>\n\t<meta property=\"og:image:width\" content=\"513\" \/>\n\t<meta property=\"og:image:height\" content=\"513\" \/>\n\t<meta property=\"og:image:type\" content=\"image\/jpeg\" \/>\n<meta name=\"twitter:card\" content=\"summary_large_image\" \/>\n<meta name=\"twitter:label1\" content=\"Tiempo de lectura\" \/>\n\t<meta name=\"twitter:data1\" content=\"1 minuto\" \/>\n<script type=\"application\/ld+json\" class=\"yoast-schema-graph\">{\"@context\":\"https:\/\/schema.org\",\"@graph\":[{\"@type\":\"WebPage\",\"@id\":\"https:\/\/digilago.es\/mugun\/producto\/the-saem-saemmul-perfect-curling-mascara\/\",\"url\":\"https:\/\/digilago.es\/mugun\/producto\/the-saem-saemmul-perfect-curling-mascara\/\",\"name\":\"THE SAEM \u2013 Saemmul Perfect Curling Mascara - MERAKI\",\"isPartOf\":{\"@id\":\"https:\/\/digilago.es\/mugun\/#website\"},\"primaryImageOfPage\":{\"@id\":\"https:\/\/digilago.es\/mugun\/producto\/the-saem-saemmul-perfect-curling-mascara\/#primaryimage\"},\"image\":{\"@id\":\"https:\/\/digilago.es\/mugun\/producto\/the-saem-saemmul-perfect-curling-mascara\/#primaryimage\"},\"thumbnailUrl\":\"https:\/\/digilago.es\/mugun\/wp-content\/uploads\/sites\/5\/2024\/01\/TR.jpg\",\"datePublished\":\"2024-01-06T00:59:15+00:00\",\"dateModified\":\"2024-01-07T23:54:07+00:00\",\"breadcrumb\":{\"@id\":\"https:\/\/digilago.es\/mugun\/producto\/the-saem-saemmul-perfect-curling-mascara\/#breadcrumb\"},\"inLanguage\":\"es\",\"potentialAction\":[{\"@type\":\"ReadAction\",\"target\":[\"https:\/\/digilago.es\/mugun\/producto\/the-saem-saemmul-perfect-curling-mascara\/\"]}]},{\"@type\":\"ImageObject\",\"inLanguage\":\"es\",\"@id\":\"https:\/\/digilago.es\/mugun\/producto\/the-saem-saemmul-perfect-curling-mascara\/#primaryimage\",\"url\":\"https:\/\/digilago.es\/mugun\/wp-content\/uploads\/sites\/5\/2024\/01\/TR.jpg\",\"contentUrl\":\"https:\/\/digilago.es\/mugun\/wp-content\/uploads\/sites\/5\/2024\/01\/TR.jpg\",\"width\":513,\"height\":513},{\"@type\":\"BreadcrumbList\",\"@id\":\"https:\/\/digilago.es\/mugun\/producto\/the-saem-saemmul-perfect-curling-mascara\/#breadcrumb\",\"itemListElement\":[{\"@type\":\"ListItem\",\"position\":1,\"name\":\"Portada\",\"item\":\"https:\/\/digilago.es\/mugun\/\"},{\"@type\":\"ListItem\",\"position\":2,\"name\":\"Todos los productos\",\"item\":\"https:\/\/digilago.es\/mugun\/shop\/\"},{\"@type\":\"ListItem\",\"position\":3,\"name\":\"THE SAEM \u2013 Saemmul Perfect Curling Mascara\"}]},{\"@type\":\"WebSite\",\"@id\":\"https:\/\/digilago.es\/mugun\/#website\",\"url\":\"https:\/\/digilago.es\/mugun\/\",\"name\":\"MERAKI\",\"description\":\"Otro sitio m\u00e1s de DIGILAGO proyectos de negocio alumnos\",\"publisher\":{\"@id\":\"https:\/\/digilago.es\/mugun\/#organization\"},\"potentialAction\":[{\"@type\":\"SearchAction\",\"target\":{\"@type\":\"EntryPoint\",\"urlTemplate\":\"https:\/\/digilago.es\/mugun\/?s={search_term_string}\"},\"query-input\":{\"@type\":\"PropertyValueSpecification\",\"valueRequired\":true,\"valueName\":\"search_term_string\"}}],\"inLanguage\":\"es\"},{\"@type\":\"Organization\",\"@id\":\"https:\/\/digilago.es\/mugun\/#organization\",\"name\":\"MERAKI\",\"url\":\"https:\/\/digilago.es\/mugun\/\",\"logo\":{\"@type\":\"ImageObject\",\"inLanguage\":\"es\",\"@id\":\"https:\/\/digilago.es\/mugun\/#\/schema\/logo\/image\/\",\"url\":\"https:\/\/digilago.es\/mugun\/wp-content\/uploads\/sites\/5\/2024\/01\/cropped-cropped-Logo-blanco-sin-nombre.png\",\"contentUrl\":\"https:\/\/digilago.es\/mugun\/wp-content\/uploads\/sites\/5\/2024\/01\/cropped-cropped-Logo-blanco-sin-nombre.png\",\"width\":184,\"height\":166,\"caption\":\"MERAKI\"},\"image\":{\"@id\":\"https:\/\/digilago.es\/mugun\/#\/schema\/logo\/image\/\"}}]}<\/script>\n<!-- \/ Yoast SEO plugin. -->","yoast_head_json":{"title":"THE SAEM \u2013 Saemmul Perfect Curling Mascara - MERAKI","robots":{"index":"index","follow":"follow","max-snippet":"max-snippet:-1","max-image-preview":"max-image-preview:large","max-video-preview":"max-video-preview:-1"},"canonical":"https:\/\/digilago.es\/mugun\/producto\/the-saem-saemmul-perfect-curling-mascara\/","og_locale":"es_ES","og_type":"article","og_title":"THE SAEM \u2013 Saemmul Perfect Curling Mascara - MERAKI","og_description":"M\u00e1scara dise\u00f1ada para enfocarse en rizar y elevar las pesta\u00f1as, proporcionando una apariencia m\u00e1s abierta y definida a los ojos. Adem\u00e1s, al centrarse en el rizado, este producto tambi\u00e9n ofrece una mayor longitud y definici\u00f3n, resaltando la belleza natural de las pesta\u00f1as.  Contenido: 8 ml","og_url":"https:\/\/digilago.es\/mugun\/producto\/the-saem-saemmul-perfect-curling-mascara\/","og_site_name":"MERAKI","article_modified_time":"2024-01-07T23:54:07+00:00","og_image":[{"width":513,"height":513,"url":"https:\/\/digilago.es\/mugun\/wp-content\/uploads\/sites\/5\/2024\/01\/TR.jpg","type":"image\/jpeg"}],"twitter_card":"summary_large_image","twitter_misc":{"Tiempo de lectura":"1 minuto"},"schema":{"@context":"https:\/\/schema.org","@graph":[{"@type":"WebPage","@id":"https:\/\/digilago.es\/mugun\/producto\/the-saem-saemmul-perfect-curling-mascara\/","url":"https:\/\/digilago.es\/mugun\/producto\/the-saem-saemmul-perfect-curling-mascara\/","name":"THE SAEM \u2013 Saemmul Perfect Curling Mascara - MERAKI","isPartOf":{"@id":"https:\/\/digilago.es\/mugun\/#website"},"primaryImageOfPage":{"@id":"https:\/\/digilago.es\/mugun\/producto\/the-saem-saemmul-perfect-curling-mascara\/#primaryimage"},"image":{"@id":"https:\/\/digilago.es\/mugun\/producto\/the-saem-saemmul-perfect-curling-mascara\/#primaryimage"},"thumbnailUrl":"https:\/\/digilago.es\/mugun\/wp-content\/uploads\/sites\/5\/2024\/01\/TR.jpg","datePublished":"2024-01-06T00:59:15+00:00","dateModified":"2024-01-07T23:54:07+00:00","breadcrumb":{"@id":"https:\/\/digilago.es\/mugun\/producto\/the-saem-saemmul-perfect-curling-mascara\/#breadcrumb"},"inLanguage":"es","potentialAction":[{"@type":"ReadAction","target":["https:\/\/digilago.es\/mugun\/producto\/the-saem-saemmul-perfect-curling-mascara\/"]}]},{"@type":"ImageObject","inLanguage":"es","@id":"https:\/\/digilago.es\/mugun\/producto\/the-saem-saemmul-perfect-curling-mascara\/#primaryimage","url":"https:\/\/digilago.es\/mugun\/wp-content\/uploads\/sites\/5\/2024\/01\/TR.jpg","contentUrl":"https:\/\/digilago.es\/mugun\/wp-content\/uploads\/sites\/5\/2024\/01\/TR.jpg","width":513,"height":513},{"@type":"BreadcrumbList","@id":"https:\/\/digilago.es\/mugun\/producto\/the-saem-saemmul-perfect-curling-mascara\/#breadcrumb","itemListElement":[{"@type":"ListItem","position":1,"name":"Portada","item":"https:\/\/digilago.es\/mugun\/"},{"@type":"ListItem","position":2,"name":"Todos los productos","item":"https:\/\/digilago.es\/mugun\/shop\/"},{"@type":"ListItem","position":3,"name":"THE SAEM \u2013 Saemmul Perfect Curling Mascara"}]},{"@type":"WebSite","@id":"https:\/\/digilago.es\/mugun\/#website","url":"https:\/\/digilago.es\/mugun\/","name":"MERAKI","description":"Otro sitio m\u00e1s de DIGILAGO proyectos de negocio alumnos","publisher":{"@id":"https:\/\/digilago.es\/mugun\/#organization"},"potentialAction":[{"@type":"SearchAction","target":{"@type":"EntryPoint","urlTemplate":"https:\/\/digilago.es\/mugun\/?s={search_term_string}"},"query-input":{"@type":"PropertyValueSpecification","valueRequired":true,"valueName":"search_term_string"}}],"inLanguage":"es"},{"@type":"Organization","@id":"https:\/\/digilago.es\/mugun\/#organization","name":"MERAKI","url":"https:\/\/digilago.es\/mugun\/","logo":{"@type":"ImageObject","inLanguage":"es","@id":"https:\/\/digilago.es\/mugun\/#\/schema\/logo\/image\/","url":"https:\/\/digilago.es\/mugun\/wp-content\/uploads\/sites\/5\/2024\/01\/cropped-cropped-Logo-blanco-sin-nombre.png","contentUrl":"https:\/\/digilago.es\/mugun\/wp-content\/uploads\/sites\/5\/2024\/01\/cropped-cropped-Logo-blanco-sin-nombre.png","width":184,"height":166,"caption":"MERAKI"},"image":{"@id":"https:\/\/digilago.es\/mugun\/#\/schema\/logo\/image\/"}}]}},"_links":{"self":[{"href":"https:\/\/digilago.es\/mugun\/wp-json\/wp\/v2\/product\/5541","targetHints":{"allow":["GET"]}}],"collection":[{"href":"https:\/\/digilago.es\/mugun\/wp-json\/wp\/v2\/product"}],"about":[{"href":"https:\/\/digilago.es\/mugun\/wp-json\/wp\/v2\/types\/product"}],"replies":[{"embeddable":true,"href":"https:\/\/digilago.es\/mugun\/wp-json\/wp\/v2\/comments?post=5541"}],"wp:featuredmedia":[{"embeddable":true,"href":"https:\/\/digilago.es\/mugun\/wp-json\/wp\/v2\/media\/5682"}],"wp:attachment":[{"href":"https:\/\/digilago.es\/mugun\/wp-json\/wp\/v2\/media?parent=5541"}],"wp:term":[{"taxonomy":"product_brand","embeddable":true,"href":"https:\/\/digilago.es\/mugun\/wp-json\/wp\/v2\/product_brand?post=5541"},{"taxonomy":"product_cat","embeddable":true,"href":"https:\/\/digilago.es\/mugun\/wp-json\/wp\/v2\/product_cat?post=5541"},{"taxonomy":"product_tag","embeddable":true,"href":"https:\/\/digilago.es\/mugun\/wp-json\/wp\/v2\/product_tag?post=5541"}],"curies":[{"name":"wp","href":"https:\/\/api.w.org\/{rel}","templated":true}]}}