{"id":5523,"date":"2024-01-06T00:57:35","date_gmt":"2024-01-06T00:57:35","guid":{"rendered":"https:\/\/digilago.es\/mugun\/?post_type=product&#038;p=5523"},"modified":"2024-01-09T06:40:04","modified_gmt":"2024-01-09T06:40:04","slug":"clio-kill-lash-superproof-mascara","status":"publish","type":"product","link":"https:\/\/digilago.es\/mugun\/producto\/clio-kill-lash-superproof-mascara\/","title":{"rendered":"CLIO \u2013 Kill Lash Superproof Mascara"},"content":{"rendered":"<p><strong><u>C\u00f3mo aplicar:<\/u><\/strong><\/p>\n<p>Desliza el cepillo desde la ra\u00edz hasta las puntas, zigzagueando para una cobertura completa. Repite seg\u00fan desees intensidad y volumen.<\/p>\n<p><strong><u>Beneficios:<\/u><\/strong><\/p>\n<ul>\n<li><strong>Longitud: <\/strong>alarga las pesta\u00f1as, proporcionando una apariencia m\u00e1s larga y definida.<\/li>\n<li><strong>Definici\u00f3n:<\/strong> permite una separaci\u00f3n efectiva de las pesta\u00f1as, evitando grumos o apelmazamiento.<\/li>\n<li><strong>Volumen: <\/strong>proporciona un volumen adicional a las pesta\u00f1as, haciendo que se vean m\u00e1s llenas y densas.<\/li>\n<li><strong>Color intenso:<\/strong> ofrece un pigmento rico y profundo que realza el color natural de las pesta\u00f1as, proporcionando un acabado audaz y llamativo.<\/li>\n<\/ul>\n<p><strong><u>Ingredientes:<\/u><\/strong><\/p>\n<p>WATER, LACTOBACILLUS\/BEAN EXTRACT FERMENTAT FILTRATE, ETHYLENE\/PROPYLENE COPOLYMER, DISTEARDIMONIUM HECTORITE, HYDROGENATED POLYISOBUTENE, TITANIUM DIOXIDE (CI 77891), PANTHENOL, PVP, CAPRYLYL GLYCOL, POLYISOBUTENE, SILICA, OLEA EUROPAEA (OLIVE) FRUIT OIL, CERESIN, LACTOBACILLUS\/SOY EXTRACT FERMENT FILTRATE, GLYCERYL STEARATE SE, SODIUM DEHYDROACETATE, POLYMETHYLSILSESQUIOXANE, DISTEADIMONIUM HECTORITE, CAMELLIA SINENSIS SEED OIL, PROPYLENE CARBONATE, ALUMINUM DISTEARATE, IRON OXIDES (CI 77499), [#00 SLIM FIXING]: ISODODECANE, XANTHAN GUM, NYLON-66, GLYCERYL CAPRYLATE, COPERNICIA CERIFERA (CARNAUBA) WAX, LACTOBACILLUS\/SOYBEAN EXTRACT FERMENT FILTRATE, CANDIDA BOMBICOLA\/GLUCOSE\/METHYL RAPESEEDATE FERMENT, VP\/EICOSEN COPOLYMER, TRIETHOXYCAPRYLYLSILANE, DIPROPYLENE GLYCOL, HYDROLYZED COLLAGEN, TRIMETHYLSILOXYSILICATE, ALCOHOL DENAT., BLACK IRON OXIDE (CI 77499), ISODODECANE, PARAFFIN, POLYPROPYLSILSESQUIOXANE, BHT, GLYCERIN, PURIFIED WATER, RAYON, DEXTRIN PALMITATE\/ETHYLHEXANOATE, PHENOXYETHANOL, PALMITIC ACID, METHYLGLUCAMINE, ACRYLATES\/ETHYLHEXYL ACRYLATE COPOLYMER, DEXTRIN PALMITATE\/ETHYLHEXA NOATE, DIMETHICONE, VP\/EICOSENE COPOLYMER, BLACK 2 (CI 77266), TALC, RED IRON OXIDE (CI 77491), STEARIC ACID, DEXTRIN PALMITATE, SILICA SILYLATE, LAURETH-21, 1,2-HEXANEDIOL, YELLOW IRON OXIDE (CI 77492), MICROCRYSTALLINE WAX, ARGANIA SPINOSA KERNEL OIL, DISODIUM EDTA, TROMETHAMINE.<\/p>\n","protected":false},"excerpt":{"rendered":"<p>Mascara dise\u00f1ada para resistir condiciones adversas, como la humedad o el sudor, manteniendo las pesta\u00f1as voluminosas y definidas durante todo el d\u00eda. Ideal para aquellos que buscan una m\u00e1scara de pesta\u00f1as confiable que no se desvanezca o manche con facilidad.<\/p>\n<p>Contenido: 7 gr<\/p>\n","protected":false},"featured_media":5694,"comment_status":"open","ping_status":"closed","template":"","meta":{"site-sidebar-layout":"default","site-content-layout":"","ast-site-content-layout":"default","site-content-style":"default","site-sidebar-style":"default","ast-global-header-display":"","ast-banner-title-visibility":"","ast-main-header-display":"","ast-hfb-above-header-display":"","ast-hfb-below-header-display":"","ast-hfb-mobile-header-display":"","site-post-title":"","ast-breadcrumbs-content":"","ast-featured-img":"","footer-sml-layout":"","ast-disable-related-posts":"","theme-transparent-header-meta":"default","adv-header-id-meta":"","stick-header-meta":"","header-above-stick-meta":"","header-main-stick-meta":"","header-below-stick-meta":"","astra-migrate-meta-layouts":"set","ast-page-background-enabled":"default","ast-page-background-meta":{"desktop":{"background-color":"var(--ast-global-color-4)","background-image":"","background-repeat":"repeat","background-position":"center center","background-size":"auto","background-attachment":"scroll","background-type":"","background-media":"","overlay-type":"","overlay-color":"","overlay-opacity":"","overlay-gradient":""},"tablet":{"background-color":"","background-image":"","background-repeat":"repeat","background-position":"center center","background-size":"auto","background-attachment":"scroll","background-type":"","background-media":"","overlay-type":"","overlay-color":"","overlay-opacity":"","overlay-gradient":""},"mobile":{"background-color":"","background-image":"","background-repeat":"repeat","background-position":"center center","background-size":"auto","background-attachment":"scroll","background-type":"","background-media":"","overlay-type":"","overlay-color":"","overlay-opacity":"","overlay-gradient":""}},"ast-content-background-meta":{"desktop":{"background-color":"var(--ast-global-color-5)","background-image":"","background-repeat":"repeat","background-position":"center center","background-size":"auto","background-attachment":"scroll","background-type":"","background-media":"","overlay-type":"","overlay-color":"","overlay-opacity":"","overlay-gradient":""},"tablet":{"background-color":"var(--ast-global-color-5)","background-image":"","background-repeat":"repeat","background-position":"center center","background-size":"auto","background-attachment":"scroll","background-type":"","background-media":"","overlay-type":"","overlay-color":"","overlay-opacity":"","overlay-gradient":""},"mobile":{"background-color":"var(--ast-global-color-5)","background-image":"","background-repeat":"repeat","background-position":"center center","background-size":"auto","background-attachment":"scroll","background-type":"","background-media":"","overlay-type":"","overlay-color":"","overlay-opacity":"","overlay-gradient":""}}},"product_brand":[],"product_cat":[98,111,92,45,47,61,42,31,33],"product_tag":[],"class_list":{"0":"post-5523","1":"product","2":"type-product","3":"status-publish","4":"has-post-thumbnail","6":"product_cat-clio","7":"product_cat-mascaras-de-pestanas","8":"product_cat-ojos","9":"product_cat-piel-con-acne","10":"product_cat-piel-grasa","11":"product_cat-piel-mixta","12":"product_cat-piel-seca","13":"product_cat-sensible","14":"product_cat-todo-tipo-de-piel","15":"desktop-align-center","16":"tablet-align-left","17":"mobile-align-left","19":"first","20":"instock","21":"shipping-taxable","22":"purchasable","23":"product-type-variable"},"yoast_head":"<!-- This site is optimized with the Yoast SEO plugin v26.8 - https:\/\/yoast.com\/product\/yoast-seo-wordpress\/ -->\n<title>CLIO \u2013 Kill Lash Superproof Mascara - MERAKI<\/title>\n<meta name=\"robots\" content=\"index, follow, max-snippet:-1, max-image-preview:large, max-video-preview:-1\" \/>\n<link rel=\"canonical\" href=\"https:\/\/digilago.es\/mugun\/producto\/clio-kill-lash-superproof-mascara\/\" \/>\n<meta property=\"og:locale\" content=\"es_ES\" \/>\n<meta property=\"og:type\" content=\"article\" \/>\n<meta property=\"og:title\" content=\"CLIO \u2013 Kill Lash Superproof Mascara - MERAKI\" \/>\n<meta property=\"og:description\" content=\"Mascara dise\u00f1ada para resistir condiciones adversas, como la humedad o el sudor, manteniendo las pesta\u00f1as voluminosas y definidas durante todo el d\u00eda. Ideal para aquellos que buscan una m\u00e1scara de pesta\u00f1as confiable que no se desvanezca o manche con facilidad.  Contenido: 7 gr\" \/>\n<meta property=\"og:url\" content=\"https:\/\/digilago.es\/mugun\/producto\/clio-kill-lash-superproof-mascara\/\" \/>\n<meta property=\"og:site_name\" content=\"MERAKI\" \/>\n<meta property=\"article:modified_time\" content=\"2024-01-09T06:40:04+00:00\" \/>\n<meta property=\"og:image\" content=\"https:\/\/digilago.es\/mugun\/wp-content\/uploads\/sites\/5\/2024\/01\/dgffgdfg.jpg\" \/>\n\t<meta property=\"og:image:width\" content=\"1024\" \/>\n\t<meta property=\"og:image:height\" content=\"1024\" \/>\n\t<meta property=\"og:image:type\" content=\"image\/jpeg\" \/>\n<meta name=\"twitter:card\" content=\"summary_large_image\" \/>\n<meta name=\"twitter:label1\" content=\"Tiempo de lectura\" \/>\n\t<meta name=\"twitter:data1\" content=\"2 minutos\" \/>\n<script type=\"application\/ld+json\" class=\"yoast-schema-graph\">{\"@context\":\"https:\/\/schema.org\",\"@graph\":[{\"@type\":\"WebPage\",\"@id\":\"https:\/\/digilago.es\/mugun\/producto\/clio-kill-lash-superproof-mascara\/\",\"url\":\"https:\/\/digilago.es\/mugun\/producto\/clio-kill-lash-superproof-mascara\/\",\"name\":\"CLIO \u2013 Kill Lash Superproof Mascara - MERAKI\",\"isPartOf\":{\"@id\":\"https:\/\/digilago.es\/mugun\/#website\"},\"primaryImageOfPage\":{\"@id\":\"https:\/\/digilago.es\/mugun\/producto\/clio-kill-lash-superproof-mascara\/#primaryimage\"},\"image\":{\"@id\":\"https:\/\/digilago.es\/mugun\/producto\/clio-kill-lash-superproof-mascara\/#primaryimage\"},\"thumbnailUrl\":\"https:\/\/digilago.es\/mugun\/wp-content\/uploads\/sites\/5\/2024\/01\/dgffgdfg.jpg\",\"datePublished\":\"2024-01-06T00:57:35+00:00\",\"dateModified\":\"2024-01-09T06:40:04+00:00\",\"breadcrumb\":{\"@id\":\"https:\/\/digilago.es\/mugun\/producto\/clio-kill-lash-superproof-mascara\/#breadcrumb\"},\"inLanguage\":\"es\",\"potentialAction\":[{\"@type\":\"ReadAction\",\"target\":[\"https:\/\/digilago.es\/mugun\/producto\/clio-kill-lash-superproof-mascara\/\"]}]},{\"@type\":\"ImageObject\",\"inLanguage\":\"es\",\"@id\":\"https:\/\/digilago.es\/mugun\/producto\/clio-kill-lash-superproof-mascara\/#primaryimage\",\"url\":\"https:\/\/digilago.es\/mugun\/wp-content\/uploads\/sites\/5\/2024\/01\/dgffgdfg.jpg\",\"contentUrl\":\"https:\/\/digilago.es\/mugun\/wp-content\/uploads\/sites\/5\/2024\/01\/dgffgdfg.jpg\",\"width\":1024,\"height\":1024},{\"@type\":\"BreadcrumbList\",\"@id\":\"https:\/\/digilago.es\/mugun\/producto\/clio-kill-lash-superproof-mascara\/#breadcrumb\",\"itemListElement\":[{\"@type\":\"ListItem\",\"position\":1,\"name\":\"Portada\",\"item\":\"https:\/\/digilago.es\/mugun\/\"},{\"@type\":\"ListItem\",\"position\":2,\"name\":\"Todos los productos\",\"item\":\"https:\/\/digilago.es\/mugun\/shop\/\"},{\"@type\":\"ListItem\",\"position\":3,\"name\":\"CLIO \u2013 Kill Lash Superproof Mascara\"}]},{\"@type\":\"WebSite\",\"@id\":\"https:\/\/digilago.es\/mugun\/#website\",\"url\":\"https:\/\/digilago.es\/mugun\/\",\"name\":\"MERAKI\",\"description\":\"Otro sitio m\u00e1s de DIGILAGO proyectos de negocio alumnos\",\"publisher\":{\"@id\":\"https:\/\/digilago.es\/mugun\/#organization\"},\"potentialAction\":[{\"@type\":\"SearchAction\",\"target\":{\"@type\":\"EntryPoint\",\"urlTemplate\":\"https:\/\/digilago.es\/mugun\/?s={search_term_string}\"},\"query-input\":{\"@type\":\"PropertyValueSpecification\",\"valueRequired\":true,\"valueName\":\"search_term_string\"}}],\"inLanguage\":\"es\"},{\"@type\":\"Organization\",\"@id\":\"https:\/\/digilago.es\/mugun\/#organization\",\"name\":\"MERAKI\",\"url\":\"https:\/\/digilago.es\/mugun\/\",\"logo\":{\"@type\":\"ImageObject\",\"inLanguage\":\"es\",\"@id\":\"https:\/\/digilago.es\/mugun\/#\/schema\/logo\/image\/\",\"url\":\"https:\/\/digilago.es\/mugun\/wp-content\/uploads\/sites\/5\/2024\/01\/cropped-cropped-Logo-blanco-sin-nombre.png\",\"contentUrl\":\"https:\/\/digilago.es\/mugun\/wp-content\/uploads\/sites\/5\/2024\/01\/cropped-cropped-Logo-blanco-sin-nombre.png\",\"width\":184,\"height\":166,\"caption\":\"MERAKI\"},\"image\":{\"@id\":\"https:\/\/digilago.es\/mugun\/#\/schema\/logo\/image\/\"}}]}<\/script>\n<!-- \/ Yoast SEO plugin. -->","yoast_head_json":{"title":"CLIO \u2013 Kill Lash Superproof Mascara - MERAKI","robots":{"index":"index","follow":"follow","max-snippet":"max-snippet:-1","max-image-preview":"max-image-preview:large","max-video-preview":"max-video-preview:-1"},"canonical":"https:\/\/digilago.es\/mugun\/producto\/clio-kill-lash-superproof-mascara\/","og_locale":"es_ES","og_type":"article","og_title":"CLIO \u2013 Kill Lash Superproof Mascara - MERAKI","og_description":"Mascara dise\u00f1ada para resistir condiciones adversas, como la humedad o el sudor, manteniendo las pesta\u00f1as voluminosas y definidas durante todo el d\u00eda. Ideal para aquellos que buscan una m\u00e1scara de pesta\u00f1as confiable que no se desvanezca o manche con facilidad.  Contenido: 7 gr","og_url":"https:\/\/digilago.es\/mugun\/producto\/clio-kill-lash-superproof-mascara\/","og_site_name":"MERAKI","article_modified_time":"2024-01-09T06:40:04+00:00","og_image":[{"width":1024,"height":1024,"url":"https:\/\/digilago.es\/mugun\/wp-content\/uploads\/sites\/5\/2024\/01\/dgffgdfg.jpg","type":"image\/jpeg"}],"twitter_card":"summary_large_image","twitter_misc":{"Tiempo de lectura":"2 minutos"},"schema":{"@context":"https:\/\/schema.org","@graph":[{"@type":"WebPage","@id":"https:\/\/digilago.es\/mugun\/producto\/clio-kill-lash-superproof-mascara\/","url":"https:\/\/digilago.es\/mugun\/producto\/clio-kill-lash-superproof-mascara\/","name":"CLIO \u2013 Kill Lash Superproof Mascara - MERAKI","isPartOf":{"@id":"https:\/\/digilago.es\/mugun\/#website"},"primaryImageOfPage":{"@id":"https:\/\/digilago.es\/mugun\/producto\/clio-kill-lash-superproof-mascara\/#primaryimage"},"image":{"@id":"https:\/\/digilago.es\/mugun\/producto\/clio-kill-lash-superproof-mascara\/#primaryimage"},"thumbnailUrl":"https:\/\/digilago.es\/mugun\/wp-content\/uploads\/sites\/5\/2024\/01\/dgffgdfg.jpg","datePublished":"2024-01-06T00:57:35+00:00","dateModified":"2024-01-09T06:40:04+00:00","breadcrumb":{"@id":"https:\/\/digilago.es\/mugun\/producto\/clio-kill-lash-superproof-mascara\/#breadcrumb"},"inLanguage":"es","potentialAction":[{"@type":"ReadAction","target":["https:\/\/digilago.es\/mugun\/producto\/clio-kill-lash-superproof-mascara\/"]}]},{"@type":"ImageObject","inLanguage":"es","@id":"https:\/\/digilago.es\/mugun\/producto\/clio-kill-lash-superproof-mascara\/#primaryimage","url":"https:\/\/digilago.es\/mugun\/wp-content\/uploads\/sites\/5\/2024\/01\/dgffgdfg.jpg","contentUrl":"https:\/\/digilago.es\/mugun\/wp-content\/uploads\/sites\/5\/2024\/01\/dgffgdfg.jpg","width":1024,"height":1024},{"@type":"BreadcrumbList","@id":"https:\/\/digilago.es\/mugun\/producto\/clio-kill-lash-superproof-mascara\/#breadcrumb","itemListElement":[{"@type":"ListItem","position":1,"name":"Portada","item":"https:\/\/digilago.es\/mugun\/"},{"@type":"ListItem","position":2,"name":"Todos los productos","item":"https:\/\/digilago.es\/mugun\/shop\/"},{"@type":"ListItem","position":3,"name":"CLIO \u2013 Kill Lash Superproof Mascara"}]},{"@type":"WebSite","@id":"https:\/\/digilago.es\/mugun\/#website","url":"https:\/\/digilago.es\/mugun\/","name":"MERAKI","description":"Otro sitio m\u00e1s de DIGILAGO proyectos de negocio alumnos","publisher":{"@id":"https:\/\/digilago.es\/mugun\/#organization"},"potentialAction":[{"@type":"SearchAction","target":{"@type":"EntryPoint","urlTemplate":"https:\/\/digilago.es\/mugun\/?s={search_term_string}"},"query-input":{"@type":"PropertyValueSpecification","valueRequired":true,"valueName":"search_term_string"}}],"inLanguage":"es"},{"@type":"Organization","@id":"https:\/\/digilago.es\/mugun\/#organization","name":"MERAKI","url":"https:\/\/digilago.es\/mugun\/","logo":{"@type":"ImageObject","inLanguage":"es","@id":"https:\/\/digilago.es\/mugun\/#\/schema\/logo\/image\/","url":"https:\/\/digilago.es\/mugun\/wp-content\/uploads\/sites\/5\/2024\/01\/cropped-cropped-Logo-blanco-sin-nombre.png","contentUrl":"https:\/\/digilago.es\/mugun\/wp-content\/uploads\/sites\/5\/2024\/01\/cropped-cropped-Logo-blanco-sin-nombre.png","width":184,"height":166,"caption":"MERAKI"},"image":{"@id":"https:\/\/digilago.es\/mugun\/#\/schema\/logo\/image\/"}}]}},"_links":{"self":[{"href":"https:\/\/digilago.es\/mugun\/wp-json\/wp\/v2\/product\/5523","targetHints":{"allow":["GET"]}}],"collection":[{"href":"https:\/\/digilago.es\/mugun\/wp-json\/wp\/v2\/product"}],"about":[{"href":"https:\/\/digilago.es\/mugun\/wp-json\/wp\/v2\/types\/product"}],"replies":[{"embeddable":true,"href":"https:\/\/digilago.es\/mugun\/wp-json\/wp\/v2\/comments?post=5523"}],"wp:featuredmedia":[{"embeddable":true,"href":"https:\/\/digilago.es\/mugun\/wp-json\/wp\/v2\/media\/5694"}],"wp:attachment":[{"href":"https:\/\/digilago.es\/mugun\/wp-json\/wp\/v2\/media?parent=5523"}],"wp:term":[{"taxonomy":"product_brand","embeddable":true,"href":"https:\/\/digilago.es\/mugun\/wp-json\/wp\/v2\/product_brand?post=5523"},{"taxonomy":"product_cat","embeddable":true,"href":"https:\/\/digilago.es\/mugun\/wp-json\/wp\/v2\/product_cat?post=5523"},{"taxonomy":"product_tag","embeddable":true,"href":"https:\/\/digilago.es\/mugun\/wp-json\/wp\/v2\/product_tag?post=5523"}],"curies":[{"name":"wp","href":"https:\/\/api.w.org\/{rel}","templated":true}]}}