{"id":5517,"date":"2024-01-06T00:57:21","date_gmt":"2024-01-06T00:57:21","guid":{"rendered":"https:\/\/digilago.es\/mugun\/?post_type=product&#038;p=5517"},"modified":"2024-01-09T07:14:01","modified_gmt":"2024-01-09T07:14:01","slug":"too-cool-for-school-glam-underliner","status":"publish","type":"product","link":"https:\/\/digilago.es\/mugun\/producto\/too-cool-for-school-glam-underliner\/","title":{"rendered":"TOO COOL FOR SCHOOL \u2013 Glam Underliner"},"content":{"rendered":"<p><strong><u>C\u00f3mo aplicar:<\/u><\/strong><\/p>\n<p>Delicadamente, traza una l\u00ednea a lo largo de las pesta\u00f1as inferiores para realzar la mirada. Ajusta la intensidad seg\u00fan tu preferencia y completa tu look con el resto del maquillaje.<\/p>\n<p><strong><u>Beneficios:<\/u><\/strong><\/p>\n<ul>\n<li><strong>Definici\u00f3n: <\/strong>realza y define la l\u00ednea inferior de las pesta\u00f1as, aportando profundidad a la mirada.<\/li>\n<li><strong>Acabado glamuroso: <\/strong>ofrece un acabado brillante y audaz para a\u00f1adir un toque de glamour al maquillaje.<\/li>\n<li><strong>F\u00e1cil aplicaci\u00f3n: <\/strong>dise\u00f1ado para deslizarse suavemente sobre la piel, facilitando la creaci\u00f3n de l\u00edneas precisas.<\/li>\n<\/ul>\n<p><strong><u>Ingredientes:<\/u><\/strong><\/p>\n<p>C12-15 ALKYL ETHYLHEXANOATE, CYCLOPENTASILOXANE, POLYGLYCERYL-2 TRIISOSTEARATE, SYNTHETIC WAX, CALCIUM TITANIUM BOROSILICATE, VP\/HEXADECENE COPOLYMER, POLYBUTENE, TRIMETHYLSILOXYSILICATE, EUPHORBIA CERIFERA (CANDELILLA) WAX, COPERNICIA CERIFERA (CARNAUBA) WAX, DISTEARDIMONIUM HECTORITE, LAUROYL LYSINE, POLYHYDROXYSTEARIC ACID, CAPRYLYL GLYCOL, GLYCERYL CAPRYLATE, ETHYLHEXYLGLYCERIN, TIN OXIDE, MICA, TITANIUM DIOXIDE, TARTRAZINE, HELINDONE PINK CN, WATER, BUTYLENE GLYCOL, PENTYLENE GLYCOL, ACRYLATES COPOLYMER, POLYSORBATE 20, PHENOXYETHANOL, ALCOHOL DENAT., SODIUM DEHYDROACETATE, TARTRAZINE, FAST ACID MAGENTA, BRILLIANT BLUE FCF<\/p>\n","protected":false},"excerpt":{"rendered":"<p>Delineador que ofrece un acabado brillante, audaz y sofisticado, perfecto para aquellos que desean a\u00f1adir un toque de glamour a su look. Dise\u00f1ado para realzar y definir la l\u00ednea inferior de las pesta\u00f1as, una t\u00e9cnica que a\u00f1ade profundidad y drama a la mirada.<\/p>\n<p>Contenido: 0,7 gr<\/p>\n","protected":false},"featured_media":5701,"comment_status":"open","ping_status":"closed","template":"","meta":{"site-sidebar-layout":"default","site-content-layout":"","ast-site-content-layout":"default","site-content-style":"default","site-sidebar-style":"default","ast-global-header-display":"","ast-banner-title-visibility":"","ast-main-header-display":"","ast-hfb-above-header-display":"","ast-hfb-below-header-display":"","ast-hfb-mobile-header-display":"","site-post-title":"","ast-breadcrumbs-content":"","ast-featured-img":"","footer-sml-layout":"","ast-disable-related-posts":"","theme-transparent-header-meta":"default","adv-header-id-meta":"","stick-header-meta":"","header-above-stick-meta":"","header-main-stick-meta":"","header-below-stick-meta":"","astra-migrate-meta-layouts":"set","ast-page-background-enabled":"default","ast-page-background-meta":{"desktop":{"background-color":"var(--ast-global-color-4)","background-image":"","background-repeat":"repeat","background-position":"center center","background-size":"auto","background-attachment":"scroll","background-type":"","background-media":"","overlay-type":"","overlay-color":"","overlay-opacity":"","overlay-gradient":""},"tablet":{"background-color":"","background-image":"","background-repeat":"repeat","background-position":"center center","background-size":"auto","background-attachment":"scroll","background-type":"","background-media":"","overlay-type":"","overlay-color":"","overlay-opacity":"","overlay-gradient":""},"mobile":{"background-color":"","background-image":"","background-repeat":"repeat","background-position":"center center","background-size":"auto","background-attachment":"scroll","background-type":"","background-media":"","overlay-type":"","overlay-color":"","overlay-opacity":"","overlay-gradient":""}},"ast-content-background-meta":{"desktop":{"background-color":"var(--ast-global-color-5)","background-image":"","background-repeat":"repeat","background-position":"center center","background-size":"auto","background-attachment":"scroll","background-type":"","background-media":"","overlay-type":"","overlay-color":"","overlay-opacity":"","overlay-gradient":""},"tablet":{"background-color":"var(--ast-global-color-5)","background-image":"","background-repeat":"repeat","background-position":"center center","background-size":"auto","background-attachment":"scroll","background-type":"","background-media":"","overlay-type":"","overlay-color":"","overlay-opacity":"","overlay-gradient":""},"mobile":{"background-color":"var(--ast-global-color-5)","background-image":"","background-repeat":"repeat","background-position":"center center","background-size":"auto","background-attachment":"scroll","background-type":"","background-media":"","overlay-type":"","overlay-color":"","overlay-opacity":"","overlay-gradient":""}}},"product_brand":[],"product_cat":[112,115,92,108,45,47,61,42,31,33],"product_tag":[],"class_list":{"0":"post-5517","1":"product","2":"type-product","3":"status-publish","4":"has-post-thumbnail","6":"product_cat-delineadores-de-ojos","7":"product_cat-glow","8":"product_cat-ojos","9":"product_cat-too-cool-for-school","10":"product_cat-piel-con-acne","11":"product_cat-piel-grasa","12":"product_cat-piel-mixta","13":"product_cat-piel-seca","14":"product_cat-sensible","15":"product_cat-todo-tipo-de-piel","16":"desktop-align-center","17":"tablet-align-left","18":"mobile-align-left","20":"first","21":"instock","22":"shipping-taxable","23":"purchasable","24":"product-type-variable"},"yoast_head":"<!-- This site is optimized with the Yoast SEO plugin v26.8 - https:\/\/yoast.com\/product\/yoast-seo-wordpress\/ -->\n<title>TOO COOL FOR SCHOOL \u2013 Glam Underliner - MERAKI<\/title>\n<meta name=\"robots\" content=\"index, follow, max-snippet:-1, max-image-preview:large, max-video-preview:-1\" \/>\n<link rel=\"canonical\" href=\"https:\/\/digilago.es\/mugun\/producto\/too-cool-for-school-glam-underliner\/\" \/>\n<meta property=\"og:locale\" content=\"es_ES\" \/>\n<meta property=\"og:type\" content=\"article\" \/>\n<meta property=\"og:title\" content=\"TOO COOL FOR SCHOOL \u2013 Glam Underliner - MERAKI\" \/>\n<meta property=\"og:description\" content=\"Delineador que ofrece un acabado brillante, audaz y sofisticado, perfecto para aquellos que desean a\u00f1adir un toque de glamour a su look. Dise\u00f1ado para realzar y definir la l\u00ednea inferior de las pesta\u00f1as, una t\u00e9cnica que a\u00f1ade profundidad y drama a la mirada.  Contenido: 0,7 gr\" \/>\n<meta property=\"og:url\" content=\"https:\/\/digilago.es\/mugun\/producto\/too-cool-for-school-glam-underliner\/\" \/>\n<meta property=\"og:site_name\" content=\"MERAKI\" \/>\n<meta property=\"article:modified_time\" content=\"2024-01-09T07:14:01+00:00\" \/>\n<meta property=\"og:image\" content=\"https:\/\/digilago.es\/mugun\/wp-content\/uploads\/sites\/5\/2024\/01\/41qNvo2FU0L._AC_UF10001000_QL80_.jpg\" \/>\n\t<meta property=\"og:image:width\" content=\"1000\" \/>\n\t<meta property=\"og:image:height\" content=\"849\" \/>\n\t<meta property=\"og:image:type\" content=\"image\/jpeg\" \/>\n<meta name=\"twitter:card\" content=\"summary_large_image\" \/>\n<meta name=\"twitter:label1\" content=\"Tiempo de lectura\" \/>\n\t<meta name=\"twitter:data1\" content=\"1 minuto\" \/>\n<script type=\"application\/ld+json\" class=\"yoast-schema-graph\">{\"@context\":\"https:\/\/schema.org\",\"@graph\":[{\"@type\":\"WebPage\",\"@id\":\"https:\/\/digilago.es\/mugun\/producto\/too-cool-for-school-glam-underliner\/\",\"url\":\"https:\/\/digilago.es\/mugun\/producto\/too-cool-for-school-glam-underliner\/\",\"name\":\"TOO COOL FOR SCHOOL \u2013 Glam Underliner - MERAKI\",\"isPartOf\":{\"@id\":\"https:\/\/digilago.es\/mugun\/#website\"},\"primaryImageOfPage\":{\"@id\":\"https:\/\/digilago.es\/mugun\/producto\/too-cool-for-school-glam-underliner\/#primaryimage\"},\"image\":{\"@id\":\"https:\/\/digilago.es\/mugun\/producto\/too-cool-for-school-glam-underliner\/#primaryimage\"},\"thumbnailUrl\":\"https:\/\/digilago.es\/mugun\/wp-content\/uploads\/sites\/5\/2024\/01\/41qNvo2FU0L._AC_UF10001000_QL80_.jpg\",\"datePublished\":\"2024-01-06T00:57:21+00:00\",\"dateModified\":\"2024-01-09T07:14:01+00:00\",\"breadcrumb\":{\"@id\":\"https:\/\/digilago.es\/mugun\/producto\/too-cool-for-school-glam-underliner\/#breadcrumb\"},\"inLanguage\":\"es\",\"potentialAction\":[{\"@type\":\"ReadAction\",\"target\":[\"https:\/\/digilago.es\/mugun\/producto\/too-cool-for-school-glam-underliner\/\"]}]},{\"@type\":\"ImageObject\",\"inLanguage\":\"es\",\"@id\":\"https:\/\/digilago.es\/mugun\/producto\/too-cool-for-school-glam-underliner\/#primaryimage\",\"url\":\"https:\/\/digilago.es\/mugun\/wp-content\/uploads\/sites\/5\/2024\/01\/41qNvo2FU0L._AC_UF10001000_QL80_.jpg\",\"contentUrl\":\"https:\/\/digilago.es\/mugun\/wp-content\/uploads\/sites\/5\/2024\/01\/41qNvo2FU0L._AC_UF10001000_QL80_.jpg\",\"width\":1000,\"height\":849},{\"@type\":\"BreadcrumbList\",\"@id\":\"https:\/\/digilago.es\/mugun\/producto\/too-cool-for-school-glam-underliner\/#breadcrumb\",\"itemListElement\":[{\"@type\":\"ListItem\",\"position\":1,\"name\":\"Portada\",\"item\":\"https:\/\/digilago.es\/mugun\/\"},{\"@type\":\"ListItem\",\"position\":2,\"name\":\"Todos los productos\",\"item\":\"https:\/\/digilago.es\/mugun\/shop\/\"},{\"@type\":\"ListItem\",\"position\":3,\"name\":\"TOO COOL FOR SCHOOL \u2013 Glam Underliner\"}]},{\"@type\":\"WebSite\",\"@id\":\"https:\/\/digilago.es\/mugun\/#website\",\"url\":\"https:\/\/digilago.es\/mugun\/\",\"name\":\"MERAKI\",\"description\":\"Otro sitio m\u00e1s de DIGILAGO proyectos de negocio alumnos\",\"publisher\":{\"@id\":\"https:\/\/digilago.es\/mugun\/#organization\"},\"potentialAction\":[{\"@type\":\"SearchAction\",\"target\":{\"@type\":\"EntryPoint\",\"urlTemplate\":\"https:\/\/digilago.es\/mugun\/?s={search_term_string}\"},\"query-input\":{\"@type\":\"PropertyValueSpecification\",\"valueRequired\":true,\"valueName\":\"search_term_string\"}}],\"inLanguage\":\"es\"},{\"@type\":\"Organization\",\"@id\":\"https:\/\/digilago.es\/mugun\/#organization\",\"name\":\"MERAKI\",\"url\":\"https:\/\/digilago.es\/mugun\/\",\"logo\":{\"@type\":\"ImageObject\",\"inLanguage\":\"es\",\"@id\":\"https:\/\/digilago.es\/mugun\/#\/schema\/logo\/image\/\",\"url\":\"https:\/\/digilago.es\/mugun\/wp-content\/uploads\/sites\/5\/2024\/01\/cropped-cropped-Logo-blanco-sin-nombre.png\",\"contentUrl\":\"https:\/\/digilago.es\/mugun\/wp-content\/uploads\/sites\/5\/2024\/01\/cropped-cropped-Logo-blanco-sin-nombre.png\",\"width\":184,\"height\":166,\"caption\":\"MERAKI\"},\"image\":{\"@id\":\"https:\/\/digilago.es\/mugun\/#\/schema\/logo\/image\/\"}}]}<\/script>\n<!-- \/ Yoast SEO plugin. -->","yoast_head_json":{"title":"TOO COOL FOR SCHOOL \u2013 Glam Underliner - MERAKI","robots":{"index":"index","follow":"follow","max-snippet":"max-snippet:-1","max-image-preview":"max-image-preview:large","max-video-preview":"max-video-preview:-1"},"canonical":"https:\/\/digilago.es\/mugun\/producto\/too-cool-for-school-glam-underliner\/","og_locale":"es_ES","og_type":"article","og_title":"TOO COOL FOR SCHOOL \u2013 Glam Underliner - MERAKI","og_description":"Delineador que ofrece un acabado brillante, audaz y sofisticado, perfecto para aquellos que desean a\u00f1adir un toque de glamour a su look. Dise\u00f1ado para realzar y definir la l\u00ednea inferior de las pesta\u00f1as, una t\u00e9cnica que a\u00f1ade profundidad y drama a la mirada.  Contenido: 0,7 gr","og_url":"https:\/\/digilago.es\/mugun\/producto\/too-cool-for-school-glam-underliner\/","og_site_name":"MERAKI","article_modified_time":"2024-01-09T07:14:01+00:00","og_image":[{"width":1000,"height":849,"url":"https:\/\/digilago.es\/mugun\/wp-content\/uploads\/sites\/5\/2024\/01\/41qNvo2FU0L._AC_UF10001000_QL80_.jpg","type":"image\/jpeg"}],"twitter_card":"summary_large_image","twitter_misc":{"Tiempo de lectura":"1 minuto"},"schema":{"@context":"https:\/\/schema.org","@graph":[{"@type":"WebPage","@id":"https:\/\/digilago.es\/mugun\/producto\/too-cool-for-school-glam-underliner\/","url":"https:\/\/digilago.es\/mugun\/producto\/too-cool-for-school-glam-underliner\/","name":"TOO COOL FOR SCHOOL \u2013 Glam Underliner - MERAKI","isPartOf":{"@id":"https:\/\/digilago.es\/mugun\/#website"},"primaryImageOfPage":{"@id":"https:\/\/digilago.es\/mugun\/producto\/too-cool-for-school-glam-underliner\/#primaryimage"},"image":{"@id":"https:\/\/digilago.es\/mugun\/producto\/too-cool-for-school-glam-underliner\/#primaryimage"},"thumbnailUrl":"https:\/\/digilago.es\/mugun\/wp-content\/uploads\/sites\/5\/2024\/01\/41qNvo2FU0L._AC_UF10001000_QL80_.jpg","datePublished":"2024-01-06T00:57:21+00:00","dateModified":"2024-01-09T07:14:01+00:00","breadcrumb":{"@id":"https:\/\/digilago.es\/mugun\/producto\/too-cool-for-school-glam-underliner\/#breadcrumb"},"inLanguage":"es","potentialAction":[{"@type":"ReadAction","target":["https:\/\/digilago.es\/mugun\/producto\/too-cool-for-school-glam-underliner\/"]}]},{"@type":"ImageObject","inLanguage":"es","@id":"https:\/\/digilago.es\/mugun\/producto\/too-cool-for-school-glam-underliner\/#primaryimage","url":"https:\/\/digilago.es\/mugun\/wp-content\/uploads\/sites\/5\/2024\/01\/41qNvo2FU0L._AC_UF10001000_QL80_.jpg","contentUrl":"https:\/\/digilago.es\/mugun\/wp-content\/uploads\/sites\/5\/2024\/01\/41qNvo2FU0L._AC_UF10001000_QL80_.jpg","width":1000,"height":849},{"@type":"BreadcrumbList","@id":"https:\/\/digilago.es\/mugun\/producto\/too-cool-for-school-glam-underliner\/#breadcrumb","itemListElement":[{"@type":"ListItem","position":1,"name":"Portada","item":"https:\/\/digilago.es\/mugun\/"},{"@type":"ListItem","position":2,"name":"Todos los productos","item":"https:\/\/digilago.es\/mugun\/shop\/"},{"@type":"ListItem","position":3,"name":"TOO COOL FOR SCHOOL \u2013 Glam Underliner"}]},{"@type":"WebSite","@id":"https:\/\/digilago.es\/mugun\/#website","url":"https:\/\/digilago.es\/mugun\/","name":"MERAKI","description":"Otro sitio m\u00e1s de DIGILAGO proyectos de negocio alumnos","publisher":{"@id":"https:\/\/digilago.es\/mugun\/#organization"},"potentialAction":[{"@type":"SearchAction","target":{"@type":"EntryPoint","urlTemplate":"https:\/\/digilago.es\/mugun\/?s={search_term_string}"},"query-input":{"@type":"PropertyValueSpecification","valueRequired":true,"valueName":"search_term_string"}}],"inLanguage":"es"},{"@type":"Organization","@id":"https:\/\/digilago.es\/mugun\/#organization","name":"MERAKI","url":"https:\/\/digilago.es\/mugun\/","logo":{"@type":"ImageObject","inLanguage":"es","@id":"https:\/\/digilago.es\/mugun\/#\/schema\/logo\/image\/","url":"https:\/\/digilago.es\/mugun\/wp-content\/uploads\/sites\/5\/2024\/01\/cropped-cropped-Logo-blanco-sin-nombre.png","contentUrl":"https:\/\/digilago.es\/mugun\/wp-content\/uploads\/sites\/5\/2024\/01\/cropped-cropped-Logo-blanco-sin-nombre.png","width":184,"height":166,"caption":"MERAKI"},"image":{"@id":"https:\/\/digilago.es\/mugun\/#\/schema\/logo\/image\/"}}]}},"_links":{"self":[{"href":"https:\/\/digilago.es\/mugun\/wp-json\/wp\/v2\/product\/5517","targetHints":{"allow":["GET"]}}],"collection":[{"href":"https:\/\/digilago.es\/mugun\/wp-json\/wp\/v2\/product"}],"about":[{"href":"https:\/\/digilago.es\/mugun\/wp-json\/wp\/v2\/types\/product"}],"replies":[{"embeddable":true,"href":"https:\/\/digilago.es\/mugun\/wp-json\/wp\/v2\/comments?post=5517"}],"wp:featuredmedia":[{"embeddable":true,"href":"https:\/\/digilago.es\/mugun\/wp-json\/wp\/v2\/media\/5701"}],"wp:attachment":[{"href":"https:\/\/digilago.es\/mugun\/wp-json\/wp\/v2\/media?parent=5517"}],"wp:term":[{"taxonomy":"product_brand","embeddable":true,"href":"https:\/\/digilago.es\/mugun\/wp-json\/wp\/v2\/product_brand?post=5517"},{"taxonomy":"product_cat","embeddable":true,"href":"https:\/\/digilago.es\/mugun\/wp-json\/wp\/v2\/product_cat?post=5517"},{"taxonomy":"product_tag","embeddable":true,"href":"https:\/\/digilago.es\/mugun\/wp-json\/wp\/v2\/product_tag?post=5517"}],"curies":[{"name":"wp","href":"https:\/\/api.w.org\/{rel}","templated":true}]}}