{"id":5487,"date":"2024-01-06T00:54:19","date_gmt":"2024-01-06T00:54:19","guid":{"rendered":"https:\/\/digilago.es\/mugun\/?post_type=product&#038;p=5487"},"modified":"2024-01-09T06:57:13","modified_gmt":"2024-01-09T06:57:13","slug":"clio-sharp-so-simple-waterproof-pencil-liner","status":"publish","type":"product","link":"https:\/\/digilago.es\/mugun\/producto\/clio-sharp-so-simple-waterproof-pencil-liner\/","title":{"rendered":"CLIO \u2013 Sharp, So Simple Waterproof Pencil Liner"},"content":{"rendered":"<p><strong><u>C\u00f3mo aplicar:<\/u><\/strong><\/p>\n<p>Sujeta el l\u00e1piz con firmeza y dibuja una l\u00ednea precisa desde el interior hacia el exterior del ojo. Ajusta la presi\u00f3n para lograr el grosor deseado.<\/p>\n<p><strong><u>Beneficios:<\/u><\/strong><\/p>\n<ul>\n<li><strong>Resistencia al agua:<\/strong> mantiene su intensidad y durabilidad incluso en condiciones h\u00famedas.<\/li>\n<li><strong>Precisi\u00f3n:<\/strong> su dise\u00f1o permite trazos finos y definidos con facilidad.<\/li>\n<li><strong>Textura suave:<\/strong> se desliza suavemente sobre la piel sin causar irritaci\u00f3n.<\/li>\n<\/ul>\n<p><strong><u>Ingredientes:<\/u><\/strong><\/p>\n<p>TRIMETILSILOXISILICATO, METIL TRIMETICONA, CICLOPENTASILOXANO, POLIETILENO, CERESINA, CERA DE COPERNICIA CERIFERA (CARNAUBA), CERA SINT\u00c9TICA, ALCOHOL CET\u00cdLICO, ACRILATOS\/ACRILATO DE ESTEARILO\/METACRILATO DE DIMETICONA COPOL\u00cdMERO, CERA DE EUFORBIA CERIFERA (CANDELILLA), DI\u00d3XIDO DE TITANIO (CI 77891), POLIGLICERILO-2. TRIISOESTEARATO, POLIISOBUTENO, METICONA, BOROSILICATO DE CALCIO Y TITANIO, \u00d3XIDOS DE HIERRO (CI 77491), DIMETICONA, NEGRO 2 (CI 77266), FLUORFLOGOPITA SINT\u00c9TICA, \u00d3XIDOS DE HIERRO (CI 77499), MICA (CI 77019), BOROSILICATO DE CALCIO Y SODIO, BOROSILICATO DE CALCIO Y ALUMINIO. \u00d3XIDO DE HIERRO (CI 77499), \u00d3XIDOS DE HIERRO (CI 77492), \u00d3XIDO DE ESTA\u00d1O (CI 77861), MALATO DE DIISOESTEARILO.<\/p>\n","protected":false},"excerpt":{"rendered":"<p>Delineador de ojos dise\u00f1ado para aquellos que buscan una aplicaci\u00f3n sencilla pero precisa, este producto combina la facilidad de uso con la durabilidad. Su f\u00f3rmula resistente al agua asegura que la l\u00ednea del delineador se mantenga intacta durante todo el d\u00eda.<\/p>\n<p>Contenido: 0,14 gr<\/p>\n","protected":false},"featured_media":5712,"comment_status":"open","ping_status":"closed","template":"","meta":{"site-sidebar-layout":"default","site-content-layout":"","ast-site-content-layout":"default","site-content-style":"default","site-sidebar-style":"default","ast-global-header-display":"","ast-banner-title-visibility":"","ast-main-header-display":"","ast-hfb-above-header-display":"","ast-hfb-below-header-display":"","ast-hfb-mobile-header-display":"","site-post-title":"","ast-breadcrumbs-content":"","ast-featured-img":"","footer-sml-layout":"","ast-disable-related-posts":"","theme-transparent-header-meta":"default","adv-header-id-meta":"","stick-header-meta":"","header-above-stick-meta":"","header-main-stick-meta":"","header-below-stick-meta":"","astra-migrate-meta-layouts":"set","ast-page-background-enabled":"default","ast-page-background-meta":{"desktop":{"background-color":"var(--ast-global-color-4)","background-image":"","background-repeat":"repeat","background-position":"center center","background-size":"auto","background-attachment":"scroll","background-type":"","background-media":"","overlay-type":"","overlay-color":"","overlay-opacity":"","overlay-gradient":""},"tablet":{"background-color":"","background-image":"","background-repeat":"repeat","background-position":"center center","background-size":"auto","background-attachment":"scroll","background-type":"","background-media":"","overlay-type":"","overlay-color":"","overlay-opacity":"","overlay-gradient":""},"mobile":{"background-color":"","background-image":"","background-repeat":"repeat","background-position":"center center","background-size":"auto","background-attachment":"scroll","background-type":"","background-media":"","overlay-type":"","overlay-color":"","overlay-opacity":"","overlay-gradient":""}},"ast-content-background-meta":{"desktop":{"background-color":"var(--ast-global-color-5)","background-image":"","background-repeat":"repeat","background-position":"center center","background-size":"auto","background-attachment":"scroll","background-type":"","background-media":"","overlay-type":"","overlay-color":"","overlay-opacity":"","overlay-gradient":""},"tablet":{"background-color":"var(--ast-global-color-5)","background-image":"","background-repeat":"repeat","background-position":"center center","background-size":"auto","background-attachment":"scroll","background-type":"","background-media":"","overlay-type":"","overlay-color":"","overlay-opacity":"","overlay-gradient":""},"mobile":{"background-color":"var(--ast-global-color-5)","background-image":"","background-repeat":"repeat","background-position":"center center","background-size":"auto","background-attachment":"scroll","background-type":"","background-media":"","overlay-type":"","overlay-color":"","overlay-opacity":"","overlay-gradient":""}}},"product_brand":[],"product_cat":[98,112,92,45,47,61,42,31,33],"product_tag":[],"class_list":{"0":"post-5487","1":"product","2":"type-product","3":"status-publish","4":"has-post-thumbnail","6":"product_cat-clio","7":"product_cat-delineadores-de-ojos","8":"product_cat-ojos","9":"product_cat-piel-con-acne","10":"product_cat-piel-grasa","11":"product_cat-piel-mixta","12":"product_cat-piel-seca","13":"product_cat-sensible","14":"product_cat-todo-tipo-de-piel","15":"desktop-align-center","16":"tablet-align-left","17":"mobile-align-left","19":"first","20":"instock","21":"shipping-taxable","22":"purchasable","23":"product-type-variable"},"yoast_head":"<!-- This site is optimized with the Yoast SEO plugin v26.8 - https:\/\/yoast.com\/product\/yoast-seo-wordpress\/ -->\n<title>CLIO \u2013 Sharp, So Simple Waterproof Pencil Liner - MERAKI<\/title>\n<meta name=\"robots\" content=\"index, follow, max-snippet:-1, max-image-preview:large, max-video-preview:-1\" \/>\n<link rel=\"canonical\" href=\"https:\/\/digilago.es\/mugun\/producto\/clio-sharp-so-simple-waterproof-pencil-liner\/\" \/>\n<meta property=\"og:locale\" content=\"es_ES\" \/>\n<meta property=\"og:type\" content=\"article\" \/>\n<meta property=\"og:title\" content=\"CLIO \u2013 Sharp, So Simple Waterproof Pencil Liner - MERAKI\" \/>\n<meta property=\"og:description\" content=\"Delineador de ojos dise\u00f1ado para aquellos que buscan una aplicaci\u00f3n sencilla pero precisa, este producto combina la facilidad de uso con la durabilidad. Su f\u00f3rmula resistente al agua asegura que la l\u00ednea del delineador se mantenga intacta durante todo el d\u00eda.  Contenido: 0,14 gr\" \/>\n<meta property=\"og:url\" content=\"https:\/\/digilago.es\/mugun\/producto\/clio-sharp-so-simple-waterproof-pencil-liner\/\" \/>\n<meta property=\"og:site_name\" content=\"MERAKI\" \/>\n<meta property=\"article:modified_time\" content=\"2024-01-09T06:57:13+00:00\" \/>\n<meta property=\"og:image\" content=\"https:\/\/digilago.es\/mugun\/wp-content\/uploads\/sites\/5\/2024\/01\/51k7JlzZsWL.jpg\" \/>\n\t<meta property=\"og:image:width\" content=\"1200\" \/>\n\t<meta property=\"og:image:height\" content=\"1200\" \/>\n\t<meta property=\"og:image:type\" content=\"image\/jpeg\" \/>\n<meta name=\"twitter:card\" content=\"summary_large_image\" \/>\n<meta name=\"twitter:label1\" content=\"Tiempo de lectura\" \/>\n\t<meta name=\"twitter:data1\" content=\"1 minuto\" \/>\n<script type=\"application\/ld+json\" class=\"yoast-schema-graph\">{\"@context\":\"https:\/\/schema.org\",\"@graph\":[{\"@type\":\"WebPage\",\"@id\":\"https:\/\/digilago.es\/mugun\/producto\/clio-sharp-so-simple-waterproof-pencil-liner\/\",\"url\":\"https:\/\/digilago.es\/mugun\/producto\/clio-sharp-so-simple-waterproof-pencil-liner\/\",\"name\":\"CLIO \u2013 Sharp, So Simple Waterproof Pencil Liner - MERAKI\",\"isPartOf\":{\"@id\":\"https:\/\/digilago.es\/mugun\/#website\"},\"primaryImageOfPage\":{\"@id\":\"https:\/\/digilago.es\/mugun\/producto\/clio-sharp-so-simple-waterproof-pencil-liner\/#primaryimage\"},\"image\":{\"@id\":\"https:\/\/digilago.es\/mugun\/producto\/clio-sharp-so-simple-waterproof-pencil-liner\/#primaryimage\"},\"thumbnailUrl\":\"https:\/\/digilago.es\/mugun\/wp-content\/uploads\/sites\/5\/2024\/01\/51k7JlzZsWL.jpg\",\"datePublished\":\"2024-01-06T00:54:19+00:00\",\"dateModified\":\"2024-01-09T06:57:13+00:00\",\"breadcrumb\":{\"@id\":\"https:\/\/digilago.es\/mugun\/producto\/clio-sharp-so-simple-waterproof-pencil-liner\/#breadcrumb\"},\"inLanguage\":\"es\",\"potentialAction\":[{\"@type\":\"ReadAction\",\"target\":[\"https:\/\/digilago.es\/mugun\/producto\/clio-sharp-so-simple-waterproof-pencil-liner\/\"]}]},{\"@type\":\"ImageObject\",\"inLanguage\":\"es\",\"@id\":\"https:\/\/digilago.es\/mugun\/producto\/clio-sharp-so-simple-waterproof-pencil-liner\/#primaryimage\",\"url\":\"https:\/\/digilago.es\/mugun\/wp-content\/uploads\/sites\/5\/2024\/01\/51k7JlzZsWL.jpg\",\"contentUrl\":\"https:\/\/digilago.es\/mugun\/wp-content\/uploads\/sites\/5\/2024\/01\/51k7JlzZsWL.jpg\",\"width\":1200,\"height\":1200},{\"@type\":\"BreadcrumbList\",\"@id\":\"https:\/\/digilago.es\/mugun\/producto\/clio-sharp-so-simple-waterproof-pencil-liner\/#breadcrumb\",\"itemListElement\":[{\"@type\":\"ListItem\",\"position\":1,\"name\":\"Portada\",\"item\":\"https:\/\/digilago.es\/mugun\/\"},{\"@type\":\"ListItem\",\"position\":2,\"name\":\"Todos los productos\",\"item\":\"https:\/\/digilago.es\/mugun\/shop\/\"},{\"@type\":\"ListItem\",\"position\":3,\"name\":\"CLIO \u2013 Sharp, So Simple Waterproof Pencil Liner\"}]},{\"@type\":\"WebSite\",\"@id\":\"https:\/\/digilago.es\/mugun\/#website\",\"url\":\"https:\/\/digilago.es\/mugun\/\",\"name\":\"MERAKI\",\"description\":\"Otro sitio m\u00e1s de DIGILAGO proyectos de negocio alumnos\",\"publisher\":{\"@id\":\"https:\/\/digilago.es\/mugun\/#organization\"},\"potentialAction\":[{\"@type\":\"SearchAction\",\"target\":{\"@type\":\"EntryPoint\",\"urlTemplate\":\"https:\/\/digilago.es\/mugun\/?s={search_term_string}\"},\"query-input\":{\"@type\":\"PropertyValueSpecification\",\"valueRequired\":true,\"valueName\":\"search_term_string\"}}],\"inLanguage\":\"es\"},{\"@type\":\"Organization\",\"@id\":\"https:\/\/digilago.es\/mugun\/#organization\",\"name\":\"MERAKI\",\"url\":\"https:\/\/digilago.es\/mugun\/\",\"logo\":{\"@type\":\"ImageObject\",\"inLanguage\":\"es\",\"@id\":\"https:\/\/digilago.es\/mugun\/#\/schema\/logo\/image\/\",\"url\":\"https:\/\/digilago.es\/mugun\/wp-content\/uploads\/sites\/5\/2024\/01\/cropped-cropped-Logo-blanco-sin-nombre.png\",\"contentUrl\":\"https:\/\/digilago.es\/mugun\/wp-content\/uploads\/sites\/5\/2024\/01\/cropped-cropped-Logo-blanco-sin-nombre.png\",\"width\":184,\"height\":166,\"caption\":\"MERAKI\"},\"image\":{\"@id\":\"https:\/\/digilago.es\/mugun\/#\/schema\/logo\/image\/\"}}]}<\/script>\n<!-- \/ Yoast SEO plugin. -->","yoast_head_json":{"title":"CLIO \u2013 Sharp, So Simple Waterproof Pencil Liner - MERAKI","robots":{"index":"index","follow":"follow","max-snippet":"max-snippet:-1","max-image-preview":"max-image-preview:large","max-video-preview":"max-video-preview:-1"},"canonical":"https:\/\/digilago.es\/mugun\/producto\/clio-sharp-so-simple-waterproof-pencil-liner\/","og_locale":"es_ES","og_type":"article","og_title":"CLIO \u2013 Sharp, So Simple Waterproof Pencil Liner - MERAKI","og_description":"Delineador de ojos dise\u00f1ado para aquellos que buscan una aplicaci\u00f3n sencilla pero precisa, este producto combina la facilidad de uso con la durabilidad. Su f\u00f3rmula resistente al agua asegura que la l\u00ednea del delineador se mantenga intacta durante todo el d\u00eda.  Contenido: 0,14 gr","og_url":"https:\/\/digilago.es\/mugun\/producto\/clio-sharp-so-simple-waterproof-pencil-liner\/","og_site_name":"MERAKI","article_modified_time":"2024-01-09T06:57:13+00:00","og_image":[{"width":1200,"height":1200,"url":"https:\/\/digilago.es\/mugun\/wp-content\/uploads\/sites\/5\/2024\/01\/51k7JlzZsWL.jpg","type":"image\/jpeg"}],"twitter_card":"summary_large_image","twitter_misc":{"Tiempo de lectura":"1 minuto"},"schema":{"@context":"https:\/\/schema.org","@graph":[{"@type":"WebPage","@id":"https:\/\/digilago.es\/mugun\/producto\/clio-sharp-so-simple-waterproof-pencil-liner\/","url":"https:\/\/digilago.es\/mugun\/producto\/clio-sharp-so-simple-waterproof-pencil-liner\/","name":"CLIO \u2013 Sharp, So Simple Waterproof Pencil Liner - MERAKI","isPartOf":{"@id":"https:\/\/digilago.es\/mugun\/#website"},"primaryImageOfPage":{"@id":"https:\/\/digilago.es\/mugun\/producto\/clio-sharp-so-simple-waterproof-pencil-liner\/#primaryimage"},"image":{"@id":"https:\/\/digilago.es\/mugun\/producto\/clio-sharp-so-simple-waterproof-pencil-liner\/#primaryimage"},"thumbnailUrl":"https:\/\/digilago.es\/mugun\/wp-content\/uploads\/sites\/5\/2024\/01\/51k7JlzZsWL.jpg","datePublished":"2024-01-06T00:54:19+00:00","dateModified":"2024-01-09T06:57:13+00:00","breadcrumb":{"@id":"https:\/\/digilago.es\/mugun\/producto\/clio-sharp-so-simple-waterproof-pencil-liner\/#breadcrumb"},"inLanguage":"es","potentialAction":[{"@type":"ReadAction","target":["https:\/\/digilago.es\/mugun\/producto\/clio-sharp-so-simple-waterproof-pencil-liner\/"]}]},{"@type":"ImageObject","inLanguage":"es","@id":"https:\/\/digilago.es\/mugun\/producto\/clio-sharp-so-simple-waterproof-pencil-liner\/#primaryimage","url":"https:\/\/digilago.es\/mugun\/wp-content\/uploads\/sites\/5\/2024\/01\/51k7JlzZsWL.jpg","contentUrl":"https:\/\/digilago.es\/mugun\/wp-content\/uploads\/sites\/5\/2024\/01\/51k7JlzZsWL.jpg","width":1200,"height":1200},{"@type":"BreadcrumbList","@id":"https:\/\/digilago.es\/mugun\/producto\/clio-sharp-so-simple-waterproof-pencil-liner\/#breadcrumb","itemListElement":[{"@type":"ListItem","position":1,"name":"Portada","item":"https:\/\/digilago.es\/mugun\/"},{"@type":"ListItem","position":2,"name":"Todos los productos","item":"https:\/\/digilago.es\/mugun\/shop\/"},{"@type":"ListItem","position":3,"name":"CLIO \u2013 Sharp, So Simple Waterproof Pencil Liner"}]},{"@type":"WebSite","@id":"https:\/\/digilago.es\/mugun\/#website","url":"https:\/\/digilago.es\/mugun\/","name":"MERAKI","description":"Otro sitio m\u00e1s de DIGILAGO proyectos de negocio alumnos","publisher":{"@id":"https:\/\/digilago.es\/mugun\/#organization"},"potentialAction":[{"@type":"SearchAction","target":{"@type":"EntryPoint","urlTemplate":"https:\/\/digilago.es\/mugun\/?s={search_term_string}"},"query-input":{"@type":"PropertyValueSpecification","valueRequired":true,"valueName":"search_term_string"}}],"inLanguage":"es"},{"@type":"Organization","@id":"https:\/\/digilago.es\/mugun\/#organization","name":"MERAKI","url":"https:\/\/digilago.es\/mugun\/","logo":{"@type":"ImageObject","inLanguage":"es","@id":"https:\/\/digilago.es\/mugun\/#\/schema\/logo\/image\/","url":"https:\/\/digilago.es\/mugun\/wp-content\/uploads\/sites\/5\/2024\/01\/cropped-cropped-Logo-blanco-sin-nombre.png","contentUrl":"https:\/\/digilago.es\/mugun\/wp-content\/uploads\/sites\/5\/2024\/01\/cropped-cropped-Logo-blanco-sin-nombre.png","width":184,"height":166,"caption":"MERAKI"},"image":{"@id":"https:\/\/digilago.es\/mugun\/#\/schema\/logo\/image\/"}}]}},"_links":{"self":[{"href":"https:\/\/digilago.es\/mugun\/wp-json\/wp\/v2\/product\/5487","targetHints":{"allow":["GET"]}}],"collection":[{"href":"https:\/\/digilago.es\/mugun\/wp-json\/wp\/v2\/product"}],"about":[{"href":"https:\/\/digilago.es\/mugun\/wp-json\/wp\/v2\/types\/product"}],"replies":[{"embeddable":true,"href":"https:\/\/digilago.es\/mugun\/wp-json\/wp\/v2\/comments?post=5487"}],"wp:featuredmedia":[{"embeddable":true,"href":"https:\/\/digilago.es\/mugun\/wp-json\/wp\/v2\/media\/5712"}],"wp:attachment":[{"href":"https:\/\/digilago.es\/mugun\/wp-json\/wp\/v2\/media?parent=5487"}],"wp:term":[{"taxonomy":"product_brand","embeddable":true,"href":"https:\/\/digilago.es\/mugun\/wp-json\/wp\/v2\/product_brand?post=5487"},{"taxonomy":"product_cat","embeddable":true,"href":"https:\/\/digilago.es\/mugun\/wp-json\/wp\/v2\/product_cat?post=5487"},{"taxonomy":"product_tag","embeddable":true,"href":"https:\/\/digilago.es\/mugun\/wp-json\/wp\/v2\/product_tag?post=5487"}],"curies":[{"name":"wp","href":"https:\/\/api.w.org\/{rel}","templated":true}]}}