{"id":5475,"date":"2024-01-06T00:53:33","date_gmt":"2024-01-06T00:53:33","guid":{"rendered":"https:\/\/digilago.es\/mugun\/?post_type=product&#038;p=5475"},"modified":"2024-01-09T06:34:56","modified_gmt":"2024-01-09T06:34:56","slug":"romand-better-than-eyes","status":"publish","type":"product","link":"https:\/\/digilago.es\/mugun\/producto\/romand-better-than-eyes\/","title":{"rendered":"ROMAND \u2013 Better Than Eyes"},"content":{"rendered":"<p><strong><u>C\u00f3mo aplicar<\/u>:<\/strong><\/p>\n<ul>\n<li>Puedes aplicar la paleta con una variedad de pinceles para ojos: un pincel plano para depositar el color, un pincel de difuminar para mezclar los tonos en el pliegue y un pincel de detalle para los tonos m\u00e1s brillantes.<\/li>\n<\/ul>\n<p><strong><u>Beneficios<\/u>:<\/strong><\/p>\n<ul>\n<li><strong>Combinaci\u00f3n arm\u00f3nica de tonos:<\/strong> ofrece una selecci\u00f3n cuidadosamente equilibrada de colores que se complementan entre s\u00ed para crear looks armoniosos.<\/li>\n<li><strong>F\u00e1cilmente modulable:<\/strong> permite jugar con la intensidad de los colores, desde looks sutiles hasta impactantes, seg\u00fan la cantidad aplicada.<\/li>\n<\/ul>\n<p><strong><u>Ingredientes<\/u>:<\/strong><\/p>\n<p>SOFT CORAL-TALC, MICA (CI 77019), TITANIUM DIOXIDE (CI 77891), OCTYLDODECYL STEAROYL STEARATE, PHENYL TRIMETHICONE, METHYL METHACRYLATE CROSSPOLYMER, SILICA, DIMETHICONE, IRON OXIDES (CI 77491), PROPANEDIOL, MAGNESIUM MYRISTATE, HYDROGENATED LECITHIN, TRIETHOXYCAPRYLYLSILANE, METHICONE, LAUROYL LYSINE, IRON OXIDES (CI 77492), IRON OXIDES (CI 77499), RED 30 (CI 73360)<br \/>\n2. ROMANTIC TULIP-TALC, MICA (CI 77019), SILICA, OCTYLDODECANOL, OCTYLDODECYL STEAROYL STEARATE, PHENYL TRIMETHICONE , MACADAMIA TERNIFOLIA SEED OIL, DIMETHICONE, MAGNESIUM MYRISTATE, NYLON-12, METHYLPROPANEDIOL , HDI\/TRIMETHYLOL HEXYLLACTONE CROSSPOLYMER, DIMETHICONOL STEARATE, DIISOSTEARYL MALATE, DIPENTAERYTHRITYL HEXAHYDROXYSTEARATE\/HEXASTEARATE\/HEXAROSINATE, MAGNESIUM STEARATE , PROPANEDIOL, HYDROGENATED LECITHIN, TRIETHOXYCAPRYLYLSILANE, METHICONE, WATER, IRON OXIDES (CI 77491), IRON OXIDES (CI 77492), TITANIUM DIOXIDE (CI 77891), YELLOW 6 LAKE (CI 15985), IRON OXIDES (CI 77499), CARMINE (CI 75470), RED 30 (CI 73360), YELLOW 5 LAKE (CI 19140), ULTRAMARINES (CI 77007)<br \/>\n3. TULIP PERFUME-DIMETHICONE, SYNTHETIC FLUORPHLOGOPITE, CALCIUM TITANIUM BOROSILICATE, ISODODECANE, CALCIUM ALUMINUM BOROSILICATE, TITANIUM DIOXIDE (CI 77891), METHYL METHACRYLATE CROSSPOLYMER, VINYL DIMETHICONE\/METHICONE SILSESQUIOXANE CROSSPOLYMER, NEOPENTYL GLYCOL DIETHYLHEXANOATE, NYLON-12, HEXYL LAURATE, DIMETHICONE\/VINYL DIMETHICONE CROSSPOLYMER, MAGNESIUM MYRISTATE, DIGLYCERYL SEBACATE\/ISOPALMITATE, POLYPROPYLENE, SILICA, SORBITAN SESQUIISOSTEARATE, DIPENTAERYTHRITYL HEXAHYDROXYSTEARATE\/HEXASTEARATE\/HEXAROSINATE, ALUMINUM DISTEARATE, PROPANEDIOL, PTFE, SYNTHETIC WAX, TRIETHOXYCAPRYLYLSILANE, TIN OXIDE (CI 77861), PHENOXYETHANOL, YELLOW 5 LAKE (CI 19140), RED 30 (CI 73360), IRON OXIDES (CI 77491), IRON OXIDES (CI 77499)<br \/>\n4. MANGO TULIP GARDEN-TALC, MICA (CI 77019), IRON OXIDES (CI 77491), IRON OXIDES (CI 77499), SILICA, IRON OXIDES (CI 77492), OCTYLDODECYL STEAROYL STEARATE, PHENYL TRIMETHICONE, OCTYLDODECANOL, MAGNESIUM MYRISTATE, NYLON-12, METHYLPROPANEDIOL, CAPRYLIC\/CAPRIC TRIGLYCERIDE, DIISOSTEARYL MALATE, DIPENTAERYTHRITYL HEXAHYDROXYSTEARATE\/HEXASTEARATE\/HEXAROSINATE, DIMETHICONOL STEARATE, MAGNESIUM STEARATE, PROPANEDIOL, TRIETHOXYCAPRYLYLSILANE, METHICONE, HYDROGENATED LECITHIN, DIMETHICONE, WATER, ULTRAMARINES (CI 77007), TITANIUM DIOXIDE (CI 77891), CARMINE (CI 75470)<\/p>\n","protected":false},"excerpt":{"rendered":"<p>Esta paleta de sombras es una fusi\u00f3n perfecta de tonos vibrantes y neutros en una combinaci\u00f3n vers\u00e1til. Se adaptan a cualquier ocasi\u00f3n, proporcionando una pigmentaci\u00f3n intensa y duradera.<\/p>\n<p>Contenido: 6,5 gr<\/p>\n","protected":false},"featured_media":5791,"comment_status":"open","ping_status":"closed","template":"","meta":{"site-sidebar-layout":"default","site-content-layout":"","ast-site-content-layout":"default","site-content-style":"default","site-sidebar-style":"default","ast-global-header-display":"","ast-banner-title-visibility":"","ast-main-header-display":"","ast-hfb-above-header-display":"","ast-hfb-below-header-display":"","ast-hfb-mobile-header-display":"","site-post-title":"","ast-breadcrumbs-content":"","ast-featured-img":"","footer-sml-layout":"","ast-disable-related-posts":"","theme-transparent-header-meta":"default","adv-header-id-meta":"","stick-header-meta":"","header-above-stick-meta":"","header-main-stick-meta":"","header-below-stick-meta":"","astra-migrate-meta-layouts":"set","ast-page-background-enabled":"default","ast-page-background-meta":{"desktop":{"background-color":"var(--ast-global-color-4)","background-image":"","background-repeat":"repeat","background-position":"center center","background-size":"auto","background-attachment":"scroll","background-type":"","background-media":"","overlay-type":"","overlay-color":"","overlay-opacity":"","overlay-gradient":""},"tablet":{"background-color":"","background-image":"","background-repeat":"repeat","background-position":"center center","background-size":"auto","background-attachment":"scroll","background-type":"","background-media":"","overlay-type":"","overlay-color":"","overlay-opacity":"","overlay-gradient":""},"mobile":{"background-color":"","background-image":"","background-repeat":"repeat","background-position":"center center","background-size":"auto","background-attachment":"scroll","background-type":"","background-media":"","overlay-type":"","overlay-color":"","overlay-opacity":"","overlay-gradient":""}},"ast-content-background-meta":{"desktop":{"background-color":"var(--ast-global-color-5)","background-image":"","background-repeat":"repeat","background-position":"center center","background-size":"auto","background-attachment":"scroll","background-type":"","background-media":"","overlay-type":"","overlay-color":"","overlay-opacity":"","overlay-gradient":""},"tablet":{"background-color":"var(--ast-global-color-5)","background-image":"","background-repeat":"repeat","background-position":"center center","background-size":"auto","background-attachment":"scroll","background-type":"","background-media":"","overlay-type":"","overlay-color":"","overlay-opacity":"","overlay-gradient":""},"mobile":{"background-color":"var(--ast-global-color-5)","background-image":"","background-repeat":"repeat","background-position":"center center","background-size":"auto","background-attachment":"scroll","background-type":"","background-media":"","overlay-type":"","overlay-color":"","overlay-opacity":"","overlay-gradient":""}}},"product_brand":[],"product_cat":[115,114,92,104,113,45,47,61,42,31,33],"product_tag":[],"class_list":{"0":"post-5475","1":"product","2":"type-product","3":"status-publish","4":"has-post-thumbnail","6":"product_cat-glow","7":"product_cat-mate","8":"product_cat-ojos","9":"product_cat-romand","10":"product_cat-sombras-de-ojos","11":"product_cat-piel-con-acne","12":"product_cat-piel-grasa","13":"product_cat-piel-mixta","14":"product_cat-piel-seca","15":"product_cat-sensible","16":"product_cat-todo-tipo-de-piel","17":"desktop-align-center","18":"tablet-align-left","19":"mobile-align-left","21":"first","22":"instock","23":"shipping-taxable","24":"purchasable","25":"product-type-variable"},"yoast_head":"<!-- This site is optimized with the Yoast SEO plugin v26.8 - https:\/\/yoast.com\/product\/yoast-seo-wordpress\/ -->\n<title>ROMAND \u2013 Better Than Eyes - MERAKI<\/title>\n<meta name=\"robots\" content=\"index, follow, max-snippet:-1, max-image-preview:large, max-video-preview:-1\" \/>\n<link rel=\"canonical\" href=\"https:\/\/digilago.es\/mugun\/producto\/romand-better-than-eyes\/\" \/>\n<meta property=\"og:locale\" content=\"es_ES\" \/>\n<meta property=\"og:type\" content=\"article\" \/>\n<meta property=\"og:title\" content=\"ROMAND \u2013 Better Than Eyes - MERAKI\" \/>\n<meta property=\"og:description\" content=\"Esta paleta de sombras es una fusi\u00f3n perfecta de tonos vibrantes y neutros en una combinaci\u00f3n vers\u00e1til. Se adaptan a cualquier ocasi\u00f3n, proporcionando una pigmentaci\u00f3n intensa y duradera.  Contenido: 6,5 gr\" \/>\n<meta property=\"og:url\" content=\"https:\/\/digilago.es\/mugun\/producto\/romand-better-than-eyes\/\" \/>\n<meta property=\"og:site_name\" content=\"MERAKI\" \/>\n<meta property=\"article:modified_time\" content=\"2024-01-09T06:34:56+00:00\" \/>\n<meta property=\"og:image\" content=\"https:\/\/digilago.es\/mugun\/wp-content\/uploads\/sites\/5\/2024\/01\/Romand-Better_Than_Eyes-_Original_Series-Makeup-Eyes-Moona_Store-NZ_1200x630.webp\" \/>\n\t<meta property=\"og:image:width\" content=\"630\" \/>\n\t<meta property=\"og:image:height\" content=\"630\" \/>\n\t<meta property=\"og:image:type\" content=\"image\/webp\" \/>\n<meta name=\"twitter:card\" content=\"summary_large_image\" \/>\n<meta name=\"twitter:label1\" content=\"Tiempo de lectura\" \/>\n\t<meta name=\"twitter:data1\" content=\"2 minutos\" \/>\n<script type=\"application\/ld+json\" class=\"yoast-schema-graph\">{\"@context\":\"https:\/\/schema.org\",\"@graph\":[{\"@type\":\"WebPage\",\"@id\":\"https:\/\/digilago.es\/mugun\/producto\/romand-better-than-eyes\/\",\"url\":\"https:\/\/digilago.es\/mugun\/producto\/romand-better-than-eyes\/\",\"name\":\"ROMAND \u2013 Better Than Eyes - MERAKI\",\"isPartOf\":{\"@id\":\"https:\/\/digilago.es\/mugun\/#website\"},\"primaryImageOfPage\":{\"@id\":\"https:\/\/digilago.es\/mugun\/producto\/romand-better-than-eyes\/#primaryimage\"},\"image\":{\"@id\":\"https:\/\/digilago.es\/mugun\/producto\/romand-better-than-eyes\/#primaryimage\"},\"thumbnailUrl\":\"https:\/\/digilago.es\/mugun\/wp-content\/uploads\/sites\/5\/2024\/01\/Romand-Better_Than_Eyes-_Original_Series-Makeup-Eyes-Moona_Store-NZ_1200x630.webp\",\"datePublished\":\"2024-01-06T00:53:33+00:00\",\"dateModified\":\"2024-01-09T06:34:56+00:00\",\"breadcrumb\":{\"@id\":\"https:\/\/digilago.es\/mugun\/producto\/romand-better-than-eyes\/#breadcrumb\"},\"inLanguage\":\"es\",\"potentialAction\":[{\"@type\":\"ReadAction\",\"target\":[\"https:\/\/digilago.es\/mugun\/producto\/romand-better-than-eyes\/\"]}]},{\"@type\":\"ImageObject\",\"inLanguage\":\"es\",\"@id\":\"https:\/\/digilago.es\/mugun\/producto\/romand-better-than-eyes\/#primaryimage\",\"url\":\"https:\/\/digilago.es\/mugun\/wp-content\/uploads\/sites\/5\/2024\/01\/Romand-Better_Than_Eyes-_Original_Series-Makeup-Eyes-Moona_Store-NZ_1200x630.webp\",\"contentUrl\":\"https:\/\/digilago.es\/mugun\/wp-content\/uploads\/sites\/5\/2024\/01\/Romand-Better_Than_Eyes-_Original_Series-Makeup-Eyes-Moona_Store-NZ_1200x630.webp\",\"width\":630,\"height\":630},{\"@type\":\"BreadcrumbList\",\"@id\":\"https:\/\/digilago.es\/mugun\/producto\/romand-better-than-eyes\/#breadcrumb\",\"itemListElement\":[{\"@type\":\"ListItem\",\"position\":1,\"name\":\"Portada\",\"item\":\"https:\/\/digilago.es\/mugun\/\"},{\"@type\":\"ListItem\",\"position\":2,\"name\":\"Todos los productos\",\"item\":\"https:\/\/digilago.es\/mugun\/shop\/\"},{\"@type\":\"ListItem\",\"position\":3,\"name\":\"ROMAND \u2013 Better Than Eyes\"}]},{\"@type\":\"WebSite\",\"@id\":\"https:\/\/digilago.es\/mugun\/#website\",\"url\":\"https:\/\/digilago.es\/mugun\/\",\"name\":\"MERAKI\",\"description\":\"Otro sitio m\u00e1s de DIGILAGO proyectos de negocio alumnos\",\"publisher\":{\"@id\":\"https:\/\/digilago.es\/mugun\/#organization\"},\"potentialAction\":[{\"@type\":\"SearchAction\",\"target\":{\"@type\":\"EntryPoint\",\"urlTemplate\":\"https:\/\/digilago.es\/mugun\/?s={search_term_string}\"},\"query-input\":{\"@type\":\"PropertyValueSpecification\",\"valueRequired\":true,\"valueName\":\"search_term_string\"}}],\"inLanguage\":\"es\"},{\"@type\":\"Organization\",\"@id\":\"https:\/\/digilago.es\/mugun\/#organization\",\"name\":\"MERAKI\",\"url\":\"https:\/\/digilago.es\/mugun\/\",\"logo\":{\"@type\":\"ImageObject\",\"inLanguage\":\"es\",\"@id\":\"https:\/\/digilago.es\/mugun\/#\/schema\/logo\/image\/\",\"url\":\"https:\/\/digilago.es\/mugun\/wp-content\/uploads\/sites\/5\/2024\/01\/cropped-cropped-Logo-blanco-sin-nombre.png\",\"contentUrl\":\"https:\/\/digilago.es\/mugun\/wp-content\/uploads\/sites\/5\/2024\/01\/cropped-cropped-Logo-blanco-sin-nombre.png\",\"width\":184,\"height\":166,\"caption\":\"MERAKI\"},\"image\":{\"@id\":\"https:\/\/digilago.es\/mugun\/#\/schema\/logo\/image\/\"}}]}<\/script>\n<!-- \/ Yoast SEO plugin. -->","yoast_head_json":{"title":"ROMAND \u2013 Better Than Eyes - MERAKI","robots":{"index":"index","follow":"follow","max-snippet":"max-snippet:-1","max-image-preview":"max-image-preview:large","max-video-preview":"max-video-preview:-1"},"canonical":"https:\/\/digilago.es\/mugun\/producto\/romand-better-than-eyes\/","og_locale":"es_ES","og_type":"article","og_title":"ROMAND \u2013 Better Than Eyes - MERAKI","og_description":"Esta paleta de sombras es una fusi\u00f3n perfecta de tonos vibrantes y neutros en una combinaci\u00f3n vers\u00e1til. Se adaptan a cualquier ocasi\u00f3n, proporcionando una pigmentaci\u00f3n intensa y duradera.  Contenido: 6,5 gr","og_url":"https:\/\/digilago.es\/mugun\/producto\/romand-better-than-eyes\/","og_site_name":"MERAKI","article_modified_time":"2024-01-09T06:34:56+00:00","og_image":[{"width":630,"height":630,"url":"https:\/\/digilago.es\/mugun\/wp-content\/uploads\/sites\/5\/2024\/01\/Romand-Better_Than_Eyes-_Original_Series-Makeup-Eyes-Moona_Store-NZ_1200x630.webp","type":"image\/webp"}],"twitter_card":"summary_large_image","twitter_misc":{"Tiempo de lectura":"2 minutos"},"schema":{"@context":"https:\/\/schema.org","@graph":[{"@type":"WebPage","@id":"https:\/\/digilago.es\/mugun\/producto\/romand-better-than-eyes\/","url":"https:\/\/digilago.es\/mugun\/producto\/romand-better-than-eyes\/","name":"ROMAND \u2013 Better Than Eyes - MERAKI","isPartOf":{"@id":"https:\/\/digilago.es\/mugun\/#website"},"primaryImageOfPage":{"@id":"https:\/\/digilago.es\/mugun\/producto\/romand-better-than-eyes\/#primaryimage"},"image":{"@id":"https:\/\/digilago.es\/mugun\/producto\/romand-better-than-eyes\/#primaryimage"},"thumbnailUrl":"https:\/\/digilago.es\/mugun\/wp-content\/uploads\/sites\/5\/2024\/01\/Romand-Better_Than_Eyes-_Original_Series-Makeup-Eyes-Moona_Store-NZ_1200x630.webp","datePublished":"2024-01-06T00:53:33+00:00","dateModified":"2024-01-09T06:34:56+00:00","breadcrumb":{"@id":"https:\/\/digilago.es\/mugun\/producto\/romand-better-than-eyes\/#breadcrumb"},"inLanguage":"es","potentialAction":[{"@type":"ReadAction","target":["https:\/\/digilago.es\/mugun\/producto\/romand-better-than-eyes\/"]}]},{"@type":"ImageObject","inLanguage":"es","@id":"https:\/\/digilago.es\/mugun\/producto\/romand-better-than-eyes\/#primaryimage","url":"https:\/\/digilago.es\/mugun\/wp-content\/uploads\/sites\/5\/2024\/01\/Romand-Better_Than_Eyes-_Original_Series-Makeup-Eyes-Moona_Store-NZ_1200x630.webp","contentUrl":"https:\/\/digilago.es\/mugun\/wp-content\/uploads\/sites\/5\/2024\/01\/Romand-Better_Than_Eyes-_Original_Series-Makeup-Eyes-Moona_Store-NZ_1200x630.webp","width":630,"height":630},{"@type":"BreadcrumbList","@id":"https:\/\/digilago.es\/mugun\/producto\/romand-better-than-eyes\/#breadcrumb","itemListElement":[{"@type":"ListItem","position":1,"name":"Portada","item":"https:\/\/digilago.es\/mugun\/"},{"@type":"ListItem","position":2,"name":"Todos los productos","item":"https:\/\/digilago.es\/mugun\/shop\/"},{"@type":"ListItem","position":3,"name":"ROMAND \u2013 Better Than Eyes"}]},{"@type":"WebSite","@id":"https:\/\/digilago.es\/mugun\/#website","url":"https:\/\/digilago.es\/mugun\/","name":"MERAKI","description":"Otro sitio m\u00e1s de DIGILAGO proyectos de negocio alumnos","publisher":{"@id":"https:\/\/digilago.es\/mugun\/#organization"},"potentialAction":[{"@type":"SearchAction","target":{"@type":"EntryPoint","urlTemplate":"https:\/\/digilago.es\/mugun\/?s={search_term_string}"},"query-input":{"@type":"PropertyValueSpecification","valueRequired":true,"valueName":"search_term_string"}}],"inLanguage":"es"},{"@type":"Organization","@id":"https:\/\/digilago.es\/mugun\/#organization","name":"MERAKI","url":"https:\/\/digilago.es\/mugun\/","logo":{"@type":"ImageObject","inLanguage":"es","@id":"https:\/\/digilago.es\/mugun\/#\/schema\/logo\/image\/","url":"https:\/\/digilago.es\/mugun\/wp-content\/uploads\/sites\/5\/2024\/01\/cropped-cropped-Logo-blanco-sin-nombre.png","contentUrl":"https:\/\/digilago.es\/mugun\/wp-content\/uploads\/sites\/5\/2024\/01\/cropped-cropped-Logo-blanco-sin-nombre.png","width":184,"height":166,"caption":"MERAKI"},"image":{"@id":"https:\/\/digilago.es\/mugun\/#\/schema\/logo\/image\/"}}]}},"_links":{"self":[{"href":"https:\/\/digilago.es\/mugun\/wp-json\/wp\/v2\/product\/5475","targetHints":{"allow":["GET"]}}],"collection":[{"href":"https:\/\/digilago.es\/mugun\/wp-json\/wp\/v2\/product"}],"about":[{"href":"https:\/\/digilago.es\/mugun\/wp-json\/wp\/v2\/types\/product"}],"replies":[{"embeddable":true,"href":"https:\/\/digilago.es\/mugun\/wp-json\/wp\/v2\/comments?post=5475"}],"wp:featuredmedia":[{"embeddable":true,"href":"https:\/\/digilago.es\/mugun\/wp-json\/wp\/v2\/media\/5791"}],"wp:attachment":[{"href":"https:\/\/digilago.es\/mugun\/wp-json\/wp\/v2\/media?parent=5475"}],"wp:term":[{"taxonomy":"product_brand","embeddable":true,"href":"https:\/\/digilago.es\/mugun\/wp-json\/wp\/v2\/product_brand?post=5475"},{"taxonomy":"product_cat","embeddable":true,"href":"https:\/\/digilago.es\/mugun\/wp-json\/wp\/v2\/product_cat?post=5475"},{"taxonomy":"product_tag","embeddable":true,"href":"https:\/\/digilago.es\/mugun\/wp-json\/wp\/v2\/product_tag?post=5475"}],"curies":[{"name":"wp","href":"https:\/\/api.w.org\/{rel}","templated":true}]}}