{"id":5463,"date":"2024-01-06T00:50:44","date_gmt":"2024-01-06T00:50:44","guid":{"rendered":"https:\/\/digilago.es\/mugun\/?post_type=product&#038;p=5463"},"modified":"2024-01-09T06:12:56","modified_gmt":"2024-01-09T06:12:56","slug":"clio-pro-eye-palette-koshort-in-seoul","status":"publish","type":"product","link":"https:\/\/digilago.es\/mugun\/producto\/clio-pro-eye-palette-koshort-in-seoul\/","title":{"rendered":"CLIO \u2013 Pro Eye Palette Koshort In Seoul"},"content":{"rendered":"<p><strong><u>C\u00f3mo aplicar<\/u>:<\/strong><\/p>\n<ul>\n<li>Puedes aplicar la paleta con una variedad de pinceles para ojos: un pincel plano para depositar el color, un pincel de difuminar para mezclar los tonos en el pliegue y un pincel de detalle para los tonos m\u00e1s brillantes.<\/li>\n<\/ul>\n<p><strong><u>Beneficios<\/u>:<\/strong><\/p>\n<ul>\n<li><strong>Variedad de tonos inspirados en Se\u00fal:<\/strong> ofrece una gama diversa de colores que reflejan la energ\u00eda y la moda de la ciudad, desde tonos neutros hasta opciones audaces y vibrantes.<\/li>\n<li><strong>Acabados vers\u00e1tiles:<\/strong> combina sombras mate y met\u00e1licas para crear looks desde sutiles hasta dram\u00e1ticos, permitiendo una gran versatilidad en el maquillaje de ojos.<\/li>\n<li><strong>Pigmentaci\u00f3n intensa:<\/strong> sus sombras tienen una pigmentaci\u00f3n intensa, lo que garantiza colores vivos y duraderos con una sola aplicaci\u00f3n.<\/li>\n<\/ul>\n<p><strong><u>Ingredientes<\/u>:<\/strong><\/p>\n<p>DIMETHICONE,SYNTHETIC FLUORPHLOGOPITE,MICA (CI 77019),TITANIUM DIOXIDE (CI 77891),METHYL METHACRYLATE CROSSPOLYMER., NEOPENTYL GLYCOL DIETHYLHEXANOATE,HEXYL LAURATE,NYLON-12,DIMETHICONE\/VINYL DIMETHICONE CROSSPOLYMER,DIGLYCERYL SEBACATE\/ISOPALMITATE,SORBITAN SESQUIISOSTEARATE,DIPENTAERYTHRITYL HEXAHYDROXYSTEARATE\/HEXASTEARATE\/HEXAROSINATE,MAGNESIUM MYRISTATE,SYNTHETIC WAX,PROPANEDIOL,TRIETHOXYCAPRYLYLSILANE,TOCOPHEROL,TIN OXIDE (CI 77861),PHENOXYETHANOL,IRON OXIDE RED (CI 77491), IRON OXIDE YELLOW (CI 77492),CARMINE (CI 75470) [2]: TALC,MICA (CI 77019),TITANIUM DIOXIDE (CI 77891), NEOPENTYL GLYCOL DIETHYLHEXANOATE,MAGNESIUM MYRISTATE,PHENYL TRIMETHICONE,DIMETHICONE,MAGNESIUM STEARATE,BORON NITRIDE,METHYL PROPANEDIOL,DIPENTAERYTHRITYL HEXAHYDROXYSTEARATE\/HEXASTEARATE\/HEXAROSINATE,DIISOSTEARYL MALATE,ISOSTEARYL NEOPENTANOATE,OCTYLDODECYL STEAROYL STEARATE,PROPANEDIOL,POLYBUTENE,LAUROYL LYSINE,ALUMINUM HYDROXIDE OXIDE,HYDROGENATED LECITHIN,METHICONE,TRIETHOXYCAPRYLYLSILANE,KAOLIN,MALTODEXTRIN, IRON OXIDE YELLOW (CI 77492),IRON OXIDE RED (CI 77491),MANGANESE VIOLET (CI 77742),CARMINE (CI 75470),TARTRAZINE (CI 19140), IRON OXIDE BLACK (CI 77499),ULTRAMARINES (CI 77007) [3]: TALC,MICA (CI 77019),CALCIUM TITANIUM BOROSILICATE,SILICA,OCTYLDODECYL STEAROYL STEARATE,PHENYL TRIMETHICONE,TITANIUM DIOXIDE (CI 77891), IRON OXIDE YELLOW (CI 77492),MACADAMIA TERNIFOLIA SEED OIL,METHYL PROPANEDIOL,OCTYLDODECANOL,DIMETHICONOL STEARATE,MAGNESIUM MYRISTATE,DIPENTAERYTHRITYL.<\/p>\n","protected":false},"excerpt":{"rendered":"<p>Esta paleta ofrece una gama sofisticada de tonos inspirados en la energ\u00eda y estilo de Se\u00fal. Con una combinaci\u00f3n de mates y met\u00e1licos, esta paleta vers\u00e1til permite crear looks desde sutiles hasta dram\u00e1ticos.<\/p>\n<p>Contenido: 16 gr<\/p>\n","protected":false},"featured_media":5794,"comment_status":"open","ping_status":"closed","template":"","meta":{"site-sidebar-layout":"default","site-content-layout":"","ast-site-content-layout":"default","site-content-style":"default","site-sidebar-style":"default","ast-global-header-display":"","ast-banner-title-visibility":"","ast-main-header-display":"","ast-hfb-above-header-display":"","ast-hfb-below-header-display":"","ast-hfb-mobile-header-display":"","site-post-title":"","ast-breadcrumbs-content":"","ast-featured-img":"","footer-sml-layout":"","ast-disable-related-posts":"","theme-transparent-header-meta":"default","adv-header-id-meta":"","stick-header-meta":"","header-above-stick-meta":"","header-main-stick-meta":"","header-below-stick-meta":"","astra-migrate-meta-layouts":"set","ast-page-background-enabled":"default","ast-page-background-meta":{"desktop":{"background-color":"var(--ast-global-color-4)","background-image":"","background-repeat":"repeat","background-position":"center center","background-size":"auto","background-attachment":"scroll","background-type":"","background-media":"","overlay-type":"","overlay-color":"","overlay-opacity":"","overlay-gradient":""},"tablet":{"background-color":"","background-image":"","background-repeat":"repeat","background-position":"center center","background-size":"auto","background-attachment":"scroll","background-type":"","background-media":"","overlay-type":"","overlay-color":"","overlay-opacity":"","overlay-gradient":""},"mobile":{"background-color":"","background-image":"","background-repeat":"repeat","background-position":"center center","background-size":"auto","background-attachment":"scroll","background-type":"","background-media":"","overlay-type":"","overlay-color":"","overlay-opacity":"","overlay-gradient":""}},"ast-content-background-meta":{"desktop":{"background-color":"var(--ast-global-color-5)","background-image":"","background-repeat":"repeat","background-position":"center center","background-size":"auto","background-attachment":"scroll","background-type":"","background-media":"","overlay-type":"","overlay-color":"","overlay-opacity":"","overlay-gradient":""},"tablet":{"background-color":"var(--ast-global-color-5)","background-image":"","background-repeat":"repeat","background-position":"center center","background-size":"auto","background-attachment":"scroll","background-type":"","background-media":"","overlay-type":"","overlay-color":"","overlay-opacity":"","overlay-gradient":""},"mobile":{"background-color":"var(--ast-global-color-5)","background-image":"","background-repeat":"repeat","background-position":"center center","background-size":"auto","background-attachment":"scroll","background-type":"","background-media":"","overlay-type":"","overlay-color":"","overlay-opacity":"","overlay-gradient":""}}},"product_brand":[],"product_cat":[98,115,114,92,113,45,47,61,42,31,33],"product_tag":[],"class_list":{"0":"post-5463","1":"product","2":"type-product","3":"status-publish","4":"has-post-thumbnail","6":"product_cat-clio","7":"product_cat-glow","8":"product_cat-mate","9":"product_cat-ojos","10":"product_cat-sombras-de-ojos","11":"product_cat-piel-con-acne","12":"product_cat-piel-grasa","13":"product_cat-piel-mixta","14":"product_cat-piel-seca","15":"product_cat-sensible","16":"product_cat-todo-tipo-de-piel","17":"desktop-align-center","18":"tablet-align-left","19":"mobile-align-left","21":"first","22":"instock","23":"shipping-taxable","24":"purchasable","25":"product-type-variable"},"yoast_head":"<!-- This site is optimized with the Yoast SEO plugin v26.8 - https:\/\/yoast.com\/product\/yoast-seo-wordpress\/ -->\n<title>CLIO \u2013 Pro Eye Palette Koshort In Seoul - MERAKI<\/title>\n<meta name=\"robots\" content=\"index, follow, max-snippet:-1, max-image-preview:large, max-video-preview:-1\" \/>\n<link rel=\"canonical\" href=\"https:\/\/digilago.es\/mugun\/producto\/clio-pro-eye-palette-koshort-in-seoul\/\" \/>\n<meta property=\"og:locale\" content=\"es_ES\" \/>\n<meta property=\"og:type\" content=\"article\" \/>\n<meta property=\"og:title\" content=\"CLIO \u2013 Pro Eye Palette Koshort In Seoul - MERAKI\" \/>\n<meta property=\"og:description\" content=\"Esta paleta ofrece una gama sofisticada de tonos inspirados en la energ\u00eda y estilo de Se\u00fal. Con una combinaci\u00f3n de mates y met\u00e1licos, esta paleta vers\u00e1til permite crear looks desde sutiles hasta dram\u00e1ticos.  Contenido: 16 gr\" \/>\n<meta property=\"og:url\" content=\"https:\/\/digilago.es\/mugun\/producto\/clio-pro-eye-palette-koshort-in-seoul\/\" \/>\n<meta property=\"og:site_name\" content=\"MERAKI\" \/>\n<meta property=\"article:modified_time\" content=\"2024-01-09T06:12:56+00:00\" \/>\n<meta property=\"og:image\" content=\"https:\/\/digilago.es\/mugun\/wp-content\/uploads\/sites\/5\/2024\/01\/800x.jpeg\" \/>\n\t<meta property=\"og:image:width\" content=\"800\" \/>\n\t<meta property=\"og:image:height\" content=\"800\" \/>\n\t<meta property=\"og:image:type\" content=\"image\/jpeg\" \/>\n<meta name=\"twitter:card\" content=\"summary_large_image\" \/>\n<meta name=\"twitter:label1\" content=\"Tiempo de lectura\" \/>\n\t<meta name=\"twitter:data1\" content=\"2 minutos\" \/>\n<script type=\"application\/ld+json\" class=\"yoast-schema-graph\">{\"@context\":\"https:\/\/schema.org\",\"@graph\":[{\"@type\":\"WebPage\",\"@id\":\"https:\/\/digilago.es\/mugun\/producto\/clio-pro-eye-palette-koshort-in-seoul\/\",\"url\":\"https:\/\/digilago.es\/mugun\/producto\/clio-pro-eye-palette-koshort-in-seoul\/\",\"name\":\"CLIO \u2013 Pro Eye Palette Koshort In Seoul - MERAKI\",\"isPartOf\":{\"@id\":\"https:\/\/digilago.es\/mugun\/#website\"},\"primaryImageOfPage\":{\"@id\":\"https:\/\/digilago.es\/mugun\/producto\/clio-pro-eye-palette-koshort-in-seoul\/#primaryimage\"},\"image\":{\"@id\":\"https:\/\/digilago.es\/mugun\/producto\/clio-pro-eye-palette-koshort-in-seoul\/#primaryimage\"},\"thumbnailUrl\":\"https:\/\/digilago.es\/mugun\/wp-content\/uploads\/sites\/5\/2024\/01\/800x.jpeg\",\"datePublished\":\"2024-01-06T00:50:44+00:00\",\"dateModified\":\"2024-01-09T06:12:56+00:00\",\"breadcrumb\":{\"@id\":\"https:\/\/digilago.es\/mugun\/producto\/clio-pro-eye-palette-koshort-in-seoul\/#breadcrumb\"},\"inLanguage\":\"es\",\"potentialAction\":[{\"@type\":\"ReadAction\",\"target\":[\"https:\/\/digilago.es\/mugun\/producto\/clio-pro-eye-palette-koshort-in-seoul\/\"]}]},{\"@type\":\"ImageObject\",\"inLanguage\":\"es\",\"@id\":\"https:\/\/digilago.es\/mugun\/producto\/clio-pro-eye-palette-koshort-in-seoul\/#primaryimage\",\"url\":\"https:\/\/digilago.es\/mugun\/wp-content\/uploads\/sites\/5\/2024\/01\/800x.jpeg\",\"contentUrl\":\"https:\/\/digilago.es\/mugun\/wp-content\/uploads\/sites\/5\/2024\/01\/800x.jpeg\",\"width\":800,\"height\":800},{\"@type\":\"BreadcrumbList\",\"@id\":\"https:\/\/digilago.es\/mugun\/producto\/clio-pro-eye-palette-koshort-in-seoul\/#breadcrumb\",\"itemListElement\":[{\"@type\":\"ListItem\",\"position\":1,\"name\":\"Portada\",\"item\":\"https:\/\/digilago.es\/mugun\/\"},{\"@type\":\"ListItem\",\"position\":2,\"name\":\"Todos los productos\",\"item\":\"https:\/\/digilago.es\/mugun\/shop\/\"},{\"@type\":\"ListItem\",\"position\":3,\"name\":\"CLIO \u2013 Pro Eye Palette Koshort In Seoul\"}]},{\"@type\":\"WebSite\",\"@id\":\"https:\/\/digilago.es\/mugun\/#website\",\"url\":\"https:\/\/digilago.es\/mugun\/\",\"name\":\"MERAKI\",\"description\":\"Otro sitio m\u00e1s de DIGILAGO proyectos de negocio alumnos\",\"publisher\":{\"@id\":\"https:\/\/digilago.es\/mugun\/#organization\"},\"potentialAction\":[{\"@type\":\"SearchAction\",\"target\":{\"@type\":\"EntryPoint\",\"urlTemplate\":\"https:\/\/digilago.es\/mugun\/?s={search_term_string}\"},\"query-input\":{\"@type\":\"PropertyValueSpecification\",\"valueRequired\":true,\"valueName\":\"search_term_string\"}}],\"inLanguage\":\"es\"},{\"@type\":\"Organization\",\"@id\":\"https:\/\/digilago.es\/mugun\/#organization\",\"name\":\"MERAKI\",\"url\":\"https:\/\/digilago.es\/mugun\/\",\"logo\":{\"@type\":\"ImageObject\",\"inLanguage\":\"es\",\"@id\":\"https:\/\/digilago.es\/mugun\/#\/schema\/logo\/image\/\",\"url\":\"https:\/\/digilago.es\/mugun\/wp-content\/uploads\/sites\/5\/2024\/01\/cropped-cropped-Logo-blanco-sin-nombre.png\",\"contentUrl\":\"https:\/\/digilago.es\/mugun\/wp-content\/uploads\/sites\/5\/2024\/01\/cropped-cropped-Logo-blanco-sin-nombre.png\",\"width\":184,\"height\":166,\"caption\":\"MERAKI\"},\"image\":{\"@id\":\"https:\/\/digilago.es\/mugun\/#\/schema\/logo\/image\/\"}}]}<\/script>\n<!-- \/ Yoast SEO plugin. -->","yoast_head_json":{"title":"CLIO \u2013 Pro Eye Palette Koshort In Seoul - MERAKI","robots":{"index":"index","follow":"follow","max-snippet":"max-snippet:-1","max-image-preview":"max-image-preview:large","max-video-preview":"max-video-preview:-1"},"canonical":"https:\/\/digilago.es\/mugun\/producto\/clio-pro-eye-palette-koshort-in-seoul\/","og_locale":"es_ES","og_type":"article","og_title":"CLIO \u2013 Pro Eye Palette Koshort In Seoul - MERAKI","og_description":"Esta paleta ofrece una gama sofisticada de tonos inspirados en la energ\u00eda y estilo de Se\u00fal. Con una combinaci\u00f3n de mates y met\u00e1licos, esta paleta vers\u00e1til permite crear looks desde sutiles hasta dram\u00e1ticos.  Contenido: 16 gr","og_url":"https:\/\/digilago.es\/mugun\/producto\/clio-pro-eye-palette-koshort-in-seoul\/","og_site_name":"MERAKI","article_modified_time":"2024-01-09T06:12:56+00:00","og_image":[{"width":800,"height":800,"url":"https:\/\/digilago.es\/mugun\/wp-content\/uploads\/sites\/5\/2024\/01\/800x.jpeg","type":"image\/jpeg"}],"twitter_card":"summary_large_image","twitter_misc":{"Tiempo de lectura":"2 minutos"},"schema":{"@context":"https:\/\/schema.org","@graph":[{"@type":"WebPage","@id":"https:\/\/digilago.es\/mugun\/producto\/clio-pro-eye-palette-koshort-in-seoul\/","url":"https:\/\/digilago.es\/mugun\/producto\/clio-pro-eye-palette-koshort-in-seoul\/","name":"CLIO \u2013 Pro Eye Palette Koshort In Seoul - MERAKI","isPartOf":{"@id":"https:\/\/digilago.es\/mugun\/#website"},"primaryImageOfPage":{"@id":"https:\/\/digilago.es\/mugun\/producto\/clio-pro-eye-palette-koshort-in-seoul\/#primaryimage"},"image":{"@id":"https:\/\/digilago.es\/mugun\/producto\/clio-pro-eye-palette-koshort-in-seoul\/#primaryimage"},"thumbnailUrl":"https:\/\/digilago.es\/mugun\/wp-content\/uploads\/sites\/5\/2024\/01\/800x.jpeg","datePublished":"2024-01-06T00:50:44+00:00","dateModified":"2024-01-09T06:12:56+00:00","breadcrumb":{"@id":"https:\/\/digilago.es\/mugun\/producto\/clio-pro-eye-palette-koshort-in-seoul\/#breadcrumb"},"inLanguage":"es","potentialAction":[{"@type":"ReadAction","target":["https:\/\/digilago.es\/mugun\/producto\/clio-pro-eye-palette-koshort-in-seoul\/"]}]},{"@type":"ImageObject","inLanguage":"es","@id":"https:\/\/digilago.es\/mugun\/producto\/clio-pro-eye-palette-koshort-in-seoul\/#primaryimage","url":"https:\/\/digilago.es\/mugun\/wp-content\/uploads\/sites\/5\/2024\/01\/800x.jpeg","contentUrl":"https:\/\/digilago.es\/mugun\/wp-content\/uploads\/sites\/5\/2024\/01\/800x.jpeg","width":800,"height":800},{"@type":"BreadcrumbList","@id":"https:\/\/digilago.es\/mugun\/producto\/clio-pro-eye-palette-koshort-in-seoul\/#breadcrumb","itemListElement":[{"@type":"ListItem","position":1,"name":"Portada","item":"https:\/\/digilago.es\/mugun\/"},{"@type":"ListItem","position":2,"name":"Todos los productos","item":"https:\/\/digilago.es\/mugun\/shop\/"},{"@type":"ListItem","position":3,"name":"CLIO \u2013 Pro Eye Palette Koshort In Seoul"}]},{"@type":"WebSite","@id":"https:\/\/digilago.es\/mugun\/#website","url":"https:\/\/digilago.es\/mugun\/","name":"MERAKI","description":"Otro sitio m\u00e1s de DIGILAGO proyectos de negocio alumnos","publisher":{"@id":"https:\/\/digilago.es\/mugun\/#organization"},"potentialAction":[{"@type":"SearchAction","target":{"@type":"EntryPoint","urlTemplate":"https:\/\/digilago.es\/mugun\/?s={search_term_string}"},"query-input":{"@type":"PropertyValueSpecification","valueRequired":true,"valueName":"search_term_string"}}],"inLanguage":"es"},{"@type":"Organization","@id":"https:\/\/digilago.es\/mugun\/#organization","name":"MERAKI","url":"https:\/\/digilago.es\/mugun\/","logo":{"@type":"ImageObject","inLanguage":"es","@id":"https:\/\/digilago.es\/mugun\/#\/schema\/logo\/image\/","url":"https:\/\/digilago.es\/mugun\/wp-content\/uploads\/sites\/5\/2024\/01\/cropped-cropped-Logo-blanco-sin-nombre.png","contentUrl":"https:\/\/digilago.es\/mugun\/wp-content\/uploads\/sites\/5\/2024\/01\/cropped-cropped-Logo-blanco-sin-nombre.png","width":184,"height":166,"caption":"MERAKI"},"image":{"@id":"https:\/\/digilago.es\/mugun\/#\/schema\/logo\/image\/"}}]}},"_links":{"self":[{"href":"https:\/\/digilago.es\/mugun\/wp-json\/wp\/v2\/product\/5463","targetHints":{"allow":["GET"]}}],"collection":[{"href":"https:\/\/digilago.es\/mugun\/wp-json\/wp\/v2\/product"}],"about":[{"href":"https:\/\/digilago.es\/mugun\/wp-json\/wp\/v2\/types\/product"}],"replies":[{"embeddable":true,"href":"https:\/\/digilago.es\/mugun\/wp-json\/wp\/v2\/comments?post=5463"}],"wp:featuredmedia":[{"embeddable":true,"href":"https:\/\/digilago.es\/mugun\/wp-json\/wp\/v2\/media\/5794"}],"wp:attachment":[{"href":"https:\/\/digilago.es\/mugun\/wp-json\/wp\/v2\/media?parent=5463"}],"wp:term":[{"taxonomy":"product_brand","embeddable":true,"href":"https:\/\/digilago.es\/mugun\/wp-json\/wp\/v2\/product_brand?post=5463"},{"taxonomy":"product_cat","embeddable":true,"href":"https:\/\/digilago.es\/mugun\/wp-json\/wp\/v2\/product_cat?post=5463"},{"taxonomy":"product_tag","embeddable":true,"href":"https:\/\/digilago.es\/mugun\/wp-json\/wp\/v2\/product_tag?post=5463"}],"curies":[{"name":"wp","href":"https:\/\/api.w.org\/{rel}","templated":true}]}}