{"id":5457,"date":"2024-01-06T00:49:42","date_gmt":"2024-01-06T00:49:42","guid":{"rendered":"https:\/\/digilago.es\/mugun\/?post_type=product&#038;p=5457"},"modified":"2024-01-09T06:25:44","modified_gmt":"2024-01-09T06:25:44","slug":"peripera-sugar-twinkle-duo-eye-stick","status":"publish","type":"product","link":"https:\/\/digilago.es\/mugun\/producto\/peripera-sugar-twinkle-duo-eye-stick\/","title":{"rendered":"PERIPERA \u2013 Sugar Twinkle Duo Eye Stick"},"content":{"rendered":"<p><strong><u>C\u00f3mo aplicar<\/u>:<\/strong><\/p>\n<ul>\n<li>Aplica el tono m\u00e1s claro en el p\u00e1rpado como base y utiliza el tono m\u00e1s brillante en el centro o lagrimal para resaltar.<\/li>\n<li>Tambi\u00e9n puedes utilizar el l\u00e1piz m\u00e1s fino para resaltar la parte de abajo de los ojos.<\/li>\n<\/ul>\n<p><strong><u>Beneficios<\/u>:<\/strong><\/p>\n<ul>\n<li><strong>Formato pr\u00e1ctico 2 en 1:<\/strong> ofrece dos tonos en un solo l\u00e1piz, facilitando la creaci\u00f3n de looks combinados.<\/li>\n<li><strong>Brillos sutiles pero duraderos:<\/strong> proporciona un acabado brillante y duradero que resalta los ojos sin ser excesivamente llamativo.<\/li>\n<li><strong>Versatilidad de uso:<\/strong> puede ser utilizado como sombra, delineador o resaltador, ofreciendo opciones vers\u00e1tiles de maquillaje de ojos.<\/li>\n<\/ul>\n<p><strong><u>Ingredientes<\/u>:<\/strong><\/p>\n<p>PHENYL TRIMETHICONE, MICA (CI 77019), TRIMETHYLSILOXYSILICATE, SYNTHETIC WAX, CERESIN, SYNTHETIC FLUORPHLOGOPITE, SYNTHETIC BEESWAX, POLYHYDROXYSTEARIC ACID, STEARIC ACID, LECITHIN, ETHYLHEXYL PALMITATE, ISOSTEARIC ACID, ISOPROPYL MYRISTATE, GLYCERYL CAPRYLATE, CAPRYLYL GLYCOL, TIN OXIDE (CI 77861), POLYGLYCERYL-3 POLYRICINOLEATE, POLYISOBUTENE, IRON OXIDE RED (CI 77491), ACRYLATES\/STEARYL ACRYLATE\/DIMETHICONE METHACRYLATE COPOLYMER, STEARIC ACID, TITANIUM DIOXIDE (CI 77891), ETHYLHEXYL PALMITATE, [STICK SHADOW] TRIETHYLHEXANOIN, ISOPROPYL TITANIUM TRIISOSTEARATE, CALCIUM TITANIUM BOROSILICATE, CYCLOPENTASILOXANE, PHENYL TRIMETHICONE, CARMINE (CI 75470, TRIDECYL TRIMELLITATE, IRON OXIDE YELLOW (CI 77492), TITANIUM DIOXIDE (CI 77891), IRON OXIDE RED (CI 77491), TRIETHOXYCAPRYLYLSILANE [EYE LINER] CYCLOPENTASILOXANE, CALCIUM SODIUM BOROSILICATE, IRON OXIDE BLACK (CI 77499, ISOPROPYL TITANIUM TRIISOSTEARATE, POLYGLYCERYL-3 POLYRICINOLEATE [EYE LINER] CYCLOPENTASILOXANE, IRON OXIDE YELLOW (CI 77492), METHYL TRIMETHICONE, CARMINE (CI 75470)<\/p>\n","protected":false},"excerpt":{"rendered":"<p>Los sugar twinkle duo eye sticks son herramientas vers\u00e1tiles que combinan dos tonos en un formato de l\u00e1piz para ojos. Con una textura cremosa y brillos sutiles, estos sticks ofrecen una aplicaci\u00f3n f\u00e1cil y r\u00e1pida para crear looks brillantes y duraderos.<\/p>\n<p>Contenido: 0,8 gr<\/p>\n","protected":false},"featured_media":5797,"comment_status":"open","ping_status":"closed","template":"","meta":{"site-sidebar-layout":"default","site-content-layout":"","ast-site-content-layout":"default","site-content-style":"default","site-sidebar-style":"default","ast-global-header-display":"","ast-banner-title-visibility":"","ast-main-header-display":"","ast-hfb-above-header-display":"","ast-hfb-below-header-display":"","ast-hfb-mobile-header-display":"","site-post-title":"","ast-breadcrumbs-content":"","ast-featured-img":"","footer-sml-layout":"","ast-disable-related-posts":"","theme-transparent-header-meta":"default","adv-header-id-meta":"","stick-header-meta":"","header-above-stick-meta":"","header-main-stick-meta":"","header-below-stick-meta":"","astra-migrate-meta-layouts":"set","ast-page-background-enabled":"default","ast-page-background-meta":{"desktop":{"background-color":"var(--ast-global-color-4)","background-image":"","background-repeat":"repeat","background-position":"center center","background-size":"auto","background-attachment":"scroll","background-type":"","background-media":"","overlay-type":"","overlay-color":"","overlay-opacity":"","overlay-gradient":""},"tablet":{"background-color":"","background-image":"","background-repeat":"repeat","background-position":"center center","background-size":"auto","background-attachment":"scroll","background-type":"","background-media":"","overlay-type":"","overlay-color":"","overlay-opacity":"","overlay-gradient":""},"mobile":{"background-color":"","background-image":"","background-repeat":"repeat","background-position":"center center","background-size":"auto","background-attachment":"scroll","background-type":"","background-media":"","overlay-type":"","overlay-color":"","overlay-opacity":"","overlay-gradient":""}},"ast-content-background-meta":{"desktop":{"background-color":"var(--ast-global-color-5)","background-image":"","background-repeat":"repeat","background-position":"center center","background-size":"auto","background-attachment":"scroll","background-type":"","background-media":"","overlay-type":"","overlay-color":"","overlay-opacity":"","overlay-gradient":""},"tablet":{"background-color":"var(--ast-global-color-5)","background-image":"","background-repeat":"repeat","background-position":"center center","background-size":"auto","background-attachment":"scroll","background-type":"","background-media":"","overlay-type":"","overlay-color":"","overlay-opacity":"","overlay-gradient":""},"mobile":{"background-color":"var(--ast-global-color-5)","background-image":"","background-repeat":"repeat","background-position":"center center","background-size":"auto","background-attachment":"scroll","background-type":"","background-media":"","overlay-type":"","overlay-color":"","overlay-opacity":"","overlay-gradient":""}}},"product_brand":[],"product_cat":[115,92,102,113,61,42,31],"product_tag":[],"class_list":{"0":"post-5457","1":"product","2":"type-product","3":"status-publish","4":"has-post-thumbnail","6":"product_cat-glow","7":"product_cat-ojos","8":"product_cat-peripera","9":"product_cat-sombras-de-ojos","10":"product_cat-piel-mixta","11":"product_cat-piel-seca","12":"product_cat-sensible","13":"desktop-align-center","14":"tablet-align-left","15":"mobile-align-left","17":"first","18":"instock","19":"shipping-taxable","20":"purchasable","21":"product-type-variable"},"yoast_head":"<!-- This site is optimized with the Yoast SEO plugin v26.8 - https:\/\/yoast.com\/product\/yoast-seo-wordpress\/ -->\n<title>PERIPERA \u2013 Sugar Twinkle Duo Eye Stick - MERAKI<\/title>\n<meta name=\"robots\" content=\"index, follow, max-snippet:-1, max-image-preview:large, max-video-preview:-1\" \/>\n<link rel=\"canonical\" href=\"https:\/\/digilago.es\/mugun\/producto\/peripera-sugar-twinkle-duo-eye-stick\/\" \/>\n<meta property=\"og:locale\" content=\"es_ES\" \/>\n<meta property=\"og:type\" content=\"article\" \/>\n<meta property=\"og:title\" content=\"PERIPERA \u2013 Sugar Twinkle Duo Eye Stick - MERAKI\" \/>\n<meta property=\"og:description\" content=\"Los sugar twinkle duo eye sticks son herramientas vers\u00e1tiles que combinan dos tonos en un formato de l\u00e1piz para ojos. Con una textura cremosa y brillos sutiles, estos sticks ofrecen una aplicaci\u00f3n f\u00e1cil y r\u00e1pida para crear looks brillantes y duraderos.  Contenido: 0,8 gr\" \/>\n<meta property=\"og:url\" content=\"https:\/\/digilago.es\/mugun\/producto\/peripera-sugar-twinkle-duo-eye-stick\/\" \/>\n<meta property=\"og:site_name\" content=\"MERAKI\" \/>\n<meta property=\"article:modified_time\" content=\"2024-01-09T06:25:44+00:00\" \/>\n<meta property=\"og:image\" content=\"https:\/\/digilago.es\/mugun\/wp-content\/uploads\/sites\/5\/2024\/01\/XL_p0172500336.webp\" \/>\n\t<meta property=\"og:image:width\" content=\"500\" \/>\n\t<meta property=\"og:image:height\" content=\"500\" \/>\n\t<meta property=\"og:image:type\" content=\"image\/webp\" \/>\n<meta name=\"twitter:card\" content=\"summary_large_image\" \/>\n<meta name=\"twitter:label1\" content=\"Tiempo de lectura\" \/>\n\t<meta name=\"twitter:data1\" content=\"1 minuto\" \/>\n<script type=\"application\/ld+json\" class=\"yoast-schema-graph\">{\"@context\":\"https:\/\/schema.org\",\"@graph\":[{\"@type\":\"WebPage\",\"@id\":\"https:\/\/digilago.es\/mugun\/producto\/peripera-sugar-twinkle-duo-eye-stick\/\",\"url\":\"https:\/\/digilago.es\/mugun\/producto\/peripera-sugar-twinkle-duo-eye-stick\/\",\"name\":\"PERIPERA \u2013 Sugar Twinkle Duo Eye Stick - MERAKI\",\"isPartOf\":{\"@id\":\"https:\/\/digilago.es\/mugun\/#website\"},\"primaryImageOfPage\":{\"@id\":\"https:\/\/digilago.es\/mugun\/producto\/peripera-sugar-twinkle-duo-eye-stick\/#primaryimage\"},\"image\":{\"@id\":\"https:\/\/digilago.es\/mugun\/producto\/peripera-sugar-twinkle-duo-eye-stick\/#primaryimage\"},\"thumbnailUrl\":\"https:\/\/digilago.es\/mugun\/wp-content\/uploads\/sites\/5\/2024\/01\/XL_p0172500336.webp\",\"datePublished\":\"2024-01-06T00:49:42+00:00\",\"dateModified\":\"2024-01-09T06:25:44+00:00\",\"breadcrumb\":{\"@id\":\"https:\/\/digilago.es\/mugun\/producto\/peripera-sugar-twinkle-duo-eye-stick\/#breadcrumb\"},\"inLanguage\":\"es\",\"potentialAction\":[{\"@type\":\"ReadAction\",\"target\":[\"https:\/\/digilago.es\/mugun\/producto\/peripera-sugar-twinkle-duo-eye-stick\/\"]}]},{\"@type\":\"ImageObject\",\"inLanguage\":\"es\",\"@id\":\"https:\/\/digilago.es\/mugun\/producto\/peripera-sugar-twinkle-duo-eye-stick\/#primaryimage\",\"url\":\"https:\/\/digilago.es\/mugun\/wp-content\/uploads\/sites\/5\/2024\/01\/XL_p0172500336.webp\",\"contentUrl\":\"https:\/\/digilago.es\/mugun\/wp-content\/uploads\/sites\/5\/2024\/01\/XL_p0172500336.webp\",\"width\":500,\"height\":500},{\"@type\":\"BreadcrumbList\",\"@id\":\"https:\/\/digilago.es\/mugun\/producto\/peripera-sugar-twinkle-duo-eye-stick\/#breadcrumb\",\"itemListElement\":[{\"@type\":\"ListItem\",\"position\":1,\"name\":\"Portada\",\"item\":\"https:\/\/digilago.es\/mugun\/\"},{\"@type\":\"ListItem\",\"position\":2,\"name\":\"Todos los productos\",\"item\":\"https:\/\/digilago.es\/mugun\/shop\/\"},{\"@type\":\"ListItem\",\"position\":3,\"name\":\"PERIPERA \u2013 Sugar Twinkle Duo Eye Stick\"}]},{\"@type\":\"WebSite\",\"@id\":\"https:\/\/digilago.es\/mugun\/#website\",\"url\":\"https:\/\/digilago.es\/mugun\/\",\"name\":\"MERAKI\",\"description\":\"Otro sitio m\u00e1s de DIGILAGO proyectos de negocio alumnos\",\"publisher\":{\"@id\":\"https:\/\/digilago.es\/mugun\/#organization\"},\"potentialAction\":[{\"@type\":\"SearchAction\",\"target\":{\"@type\":\"EntryPoint\",\"urlTemplate\":\"https:\/\/digilago.es\/mugun\/?s={search_term_string}\"},\"query-input\":{\"@type\":\"PropertyValueSpecification\",\"valueRequired\":true,\"valueName\":\"search_term_string\"}}],\"inLanguage\":\"es\"},{\"@type\":\"Organization\",\"@id\":\"https:\/\/digilago.es\/mugun\/#organization\",\"name\":\"MERAKI\",\"url\":\"https:\/\/digilago.es\/mugun\/\",\"logo\":{\"@type\":\"ImageObject\",\"inLanguage\":\"es\",\"@id\":\"https:\/\/digilago.es\/mugun\/#\/schema\/logo\/image\/\",\"url\":\"https:\/\/digilago.es\/mugun\/wp-content\/uploads\/sites\/5\/2024\/01\/cropped-cropped-Logo-blanco-sin-nombre.png\",\"contentUrl\":\"https:\/\/digilago.es\/mugun\/wp-content\/uploads\/sites\/5\/2024\/01\/cropped-cropped-Logo-blanco-sin-nombre.png\",\"width\":184,\"height\":166,\"caption\":\"MERAKI\"},\"image\":{\"@id\":\"https:\/\/digilago.es\/mugun\/#\/schema\/logo\/image\/\"}}]}<\/script>\n<!-- \/ Yoast SEO plugin. -->","yoast_head_json":{"title":"PERIPERA \u2013 Sugar Twinkle Duo Eye Stick - MERAKI","robots":{"index":"index","follow":"follow","max-snippet":"max-snippet:-1","max-image-preview":"max-image-preview:large","max-video-preview":"max-video-preview:-1"},"canonical":"https:\/\/digilago.es\/mugun\/producto\/peripera-sugar-twinkle-duo-eye-stick\/","og_locale":"es_ES","og_type":"article","og_title":"PERIPERA \u2013 Sugar Twinkle Duo Eye Stick - MERAKI","og_description":"Los sugar twinkle duo eye sticks son herramientas vers\u00e1tiles que combinan dos tonos en un formato de l\u00e1piz para ojos. Con una textura cremosa y brillos sutiles, estos sticks ofrecen una aplicaci\u00f3n f\u00e1cil y r\u00e1pida para crear looks brillantes y duraderos.  Contenido: 0,8 gr","og_url":"https:\/\/digilago.es\/mugun\/producto\/peripera-sugar-twinkle-duo-eye-stick\/","og_site_name":"MERAKI","article_modified_time":"2024-01-09T06:25:44+00:00","og_image":[{"width":500,"height":500,"url":"https:\/\/digilago.es\/mugun\/wp-content\/uploads\/sites\/5\/2024\/01\/XL_p0172500336.webp","type":"image\/webp"}],"twitter_card":"summary_large_image","twitter_misc":{"Tiempo de lectura":"1 minuto"},"schema":{"@context":"https:\/\/schema.org","@graph":[{"@type":"WebPage","@id":"https:\/\/digilago.es\/mugun\/producto\/peripera-sugar-twinkle-duo-eye-stick\/","url":"https:\/\/digilago.es\/mugun\/producto\/peripera-sugar-twinkle-duo-eye-stick\/","name":"PERIPERA \u2013 Sugar Twinkle Duo Eye Stick - MERAKI","isPartOf":{"@id":"https:\/\/digilago.es\/mugun\/#website"},"primaryImageOfPage":{"@id":"https:\/\/digilago.es\/mugun\/producto\/peripera-sugar-twinkle-duo-eye-stick\/#primaryimage"},"image":{"@id":"https:\/\/digilago.es\/mugun\/producto\/peripera-sugar-twinkle-duo-eye-stick\/#primaryimage"},"thumbnailUrl":"https:\/\/digilago.es\/mugun\/wp-content\/uploads\/sites\/5\/2024\/01\/XL_p0172500336.webp","datePublished":"2024-01-06T00:49:42+00:00","dateModified":"2024-01-09T06:25:44+00:00","breadcrumb":{"@id":"https:\/\/digilago.es\/mugun\/producto\/peripera-sugar-twinkle-duo-eye-stick\/#breadcrumb"},"inLanguage":"es","potentialAction":[{"@type":"ReadAction","target":["https:\/\/digilago.es\/mugun\/producto\/peripera-sugar-twinkle-duo-eye-stick\/"]}]},{"@type":"ImageObject","inLanguage":"es","@id":"https:\/\/digilago.es\/mugun\/producto\/peripera-sugar-twinkle-duo-eye-stick\/#primaryimage","url":"https:\/\/digilago.es\/mugun\/wp-content\/uploads\/sites\/5\/2024\/01\/XL_p0172500336.webp","contentUrl":"https:\/\/digilago.es\/mugun\/wp-content\/uploads\/sites\/5\/2024\/01\/XL_p0172500336.webp","width":500,"height":500},{"@type":"BreadcrumbList","@id":"https:\/\/digilago.es\/mugun\/producto\/peripera-sugar-twinkle-duo-eye-stick\/#breadcrumb","itemListElement":[{"@type":"ListItem","position":1,"name":"Portada","item":"https:\/\/digilago.es\/mugun\/"},{"@type":"ListItem","position":2,"name":"Todos los productos","item":"https:\/\/digilago.es\/mugun\/shop\/"},{"@type":"ListItem","position":3,"name":"PERIPERA \u2013 Sugar Twinkle Duo Eye Stick"}]},{"@type":"WebSite","@id":"https:\/\/digilago.es\/mugun\/#website","url":"https:\/\/digilago.es\/mugun\/","name":"MERAKI","description":"Otro sitio m\u00e1s de DIGILAGO proyectos de negocio alumnos","publisher":{"@id":"https:\/\/digilago.es\/mugun\/#organization"},"potentialAction":[{"@type":"SearchAction","target":{"@type":"EntryPoint","urlTemplate":"https:\/\/digilago.es\/mugun\/?s={search_term_string}"},"query-input":{"@type":"PropertyValueSpecification","valueRequired":true,"valueName":"search_term_string"}}],"inLanguage":"es"},{"@type":"Organization","@id":"https:\/\/digilago.es\/mugun\/#organization","name":"MERAKI","url":"https:\/\/digilago.es\/mugun\/","logo":{"@type":"ImageObject","inLanguage":"es","@id":"https:\/\/digilago.es\/mugun\/#\/schema\/logo\/image\/","url":"https:\/\/digilago.es\/mugun\/wp-content\/uploads\/sites\/5\/2024\/01\/cropped-cropped-Logo-blanco-sin-nombre.png","contentUrl":"https:\/\/digilago.es\/mugun\/wp-content\/uploads\/sites\/5\/2024\/01\/cropped-cropped-Logo-blanco-sin-nombre.png","width":184,"height":166,"caption":"MERAKI"},"image":{"@id":"https:\/\/digilago.es\/mugun\/#\/schema\/logo\/image\/"}}]}},"_links":{"self":[{"href":"https:\/\/digilago.es\/mugun\/wp-json\/wp\/v2\/product\/5457","targetHints":{"allow":["GET"]}}],"collection":[{"href":"https:\/\/digilago.es\/mugun\/wp-json\/wp\/v2\/product"}],"about":[{"href":"https:\/\/digilago.es\/mugun\/wp-json\/wp\/v2\/types\/product"}],"replies":[{"embeddable":true,"href":"https:\/\/digilago.es\/mugun\/wp-json\/wp\/v2\/comments?post=5457"}],"wp:featuredmedia":[{"embeddable":true,"href":"https:\/\/digilago.es\/mugun\/wp-json\/wp\/v2\/media\/5797"}],"wp:attachment":[{"href":"https:\/\/digilago.es\/mugun\/wp-json\/wp\/v2\/media?parent=5457"}],"wp:term":[{"taxonomy":"product_brand","embeddable":true,"href":"https:\/\/digilago.es\/mugun\/wp-json\/wp\/v2\/product_brand?post=5457"},{"taxonomy":"product_cat","embeddable":true,"href":"https:\/\/digilago.es\/mugun\/wp-json\/wp\/v2\/product_cat?post=5457"},{"taxonomy":"product_tag","embeddable":true,"href":"https:\/\/digilago.es\/mugun\/wp-json\/wp\/v2\/product_tag?post=5457"}],"curies":[{"name":"wp","href":"https:\/\/api.w.org\/{rel}","templated":true}]}}