{"id":5445,"date":"2024-01-06T00:46:25","date_gmt":"2024-01-06T00:46:25","guid":{"rendered":"https:\/\/digilago.es\/mugun\/?post_type=product&#038;p=5445"},"modified":"2024-01-09T07:50:55","modified_gmt":"2024-01-09T07:50:55","slug":"holika-holika-wonder-drawing-skinny-eyebrow","status":"publish","type":"product","link":"https:\/\/digilago.es\/mugun\/producto\/holika-holika-wonder-drawing-skinny-eyebrow\/","title":{"rendered":"HOLIKA HOLIKA \u2013 Wonder Drawing Skinny Eyebrow"},"content":{"rendered":"<p><strong><u>C\u00f3mo aplicar:<\/u><\/strong><\/p>\n<p>Usa la punta delgada para trazar l\u00edneas finas y precisas en la direcci\u00f3n del crecimiento del vello, rellena suavemente \u00e1reas dispersas para lograr un aspecto uniforme, peina con el cepillo integrado para difuminar y definir las cejas.<\/p>\n<p><strong><u>Beneficios:<\/u><\/strong><\/p>\n<ul>\n<li><strong>Portabilidad: <\/strong>su dise\u00f1o compacto y delgado lo hace ideal para llevarlo en el bolso o neceser de maquillaje, permitiendo retoques sobre la marcha.<\/li>\n<li><strong>Dise\u00f1o multifuncional: <\/strong>con caracter\u00edsticas como un cepillo incorporado, proporciona herramientas adicionales para peinar y estilizar las cejas.<\/li>\n<li><strong>Definici\u00f3n precisa: <\/strong>permite trazar l\u00edneas finas que imitan el aspecto natural de los pelos de las cejas.<\/li>\n<\/ul>\n<p><strong><u>Ingredientes:<\/u><\/strong><\/p>\n<p>CARBON BLACK, TOCOPHERYL ACETATE, CI 77266, TITANIUM DIOXIDE (CI 77891), POLYGLYCERYL-2 TRIISOSTEARATE, METHICONE, IRON OXIDES (CI 77491), HYDROGENATED COCO-GLYCERIDES, POLYETHYLENE, CI 77492, CI 77491, IRON OXIDES (CI 77499), COPERNICIA CERIFERA (CARNAUBA) WAX, CI 77891, BUTYROSPERMUM PARKII (SHEA) BUTTER, HYDROGENATED SOYBEAN OIL, MICA (CI 77019), CI 77499, CI 77019, HYDROGENATED COCONUT OIL, HYDROGENATED VEGETABLE OIL, COPERNICIA CERIFERA (CARNAUBA) WAX, ZINC STEARATE, PEARL POWDER, IRON OXIDES (CI 77492)<\/p>\n","protected":false},"excerpt":{"rendered":"<p>L\u00e1piz delineador con una punta delgada y precisa, este dise\u00f1o permite trazar l\u00edneas finas que imitan el aspecto natural de los pelos de las cejas, facilitando la creaci\u00f3n de una definici\u00f3n detallada y un acabado pulido.<\/p>\n<p>Contenido: 0,5 gr<\/p>\n","protected":false},"featured_media":5786,"comment_status":"open","ping_status":"closed","template":"","meta":{"site-sidebar-layout":"default","site-content-layout":"","ast-site-content-layout":"default","site-content-style":"default","site-sidebar-style":"default","ast-global-header-display":"","ast-banner-title-visibility":"","ast-main-header-display":"","ast-hfb-above-header-display":"","ast-hfb-below-header-display":"","ast-hfb-mobile-header-display":"","site-post-title":"","ast-breadcrumbs-content":"","ast-featured-img":"","footer-sml-layout":"","ast-disable-related-posts":"","theme-transparent-header-meta":"default","adv-header-id-meta":"","stick-header-meta":"","header-above-stick-meta":"","header-main-stick-meta":"","header-below-stick-meta":"","astra-migrate-meta-layouts":"set","ast-page-background-enabled":"default","ast-page-background-meta":{"desktop":{"background-color":"var(--ast-global-color-4)","background-image":"","background-repeat":"repeat","background-position":"center center","background-size":"auto","background-attachment":"scroll","background-type":"","background-media":"","overlay-type":"","overlay-color":"","overlay-opacity":"","overlay-gradient":""},"tablet":{"background-color":"","background-image":"","background-repeat":"repeat","background-position":"center center","background-size":"auto","background-attachment":"scroll","background-type":"","background-media":"","overlay-type":"","overlay-color":"","overlay-opacity":"","overlay-gradient":""},"mobile":{"background-color":"","background-image":"","background-repeat":"repeat","background-position":"center center","background-size":"auto","background-attachment":"scroll","background-type":"","background-media":"","overlay-type":"","overlay-color":"","overlay-opacity":"","overlay-gradient":""}},"ast-content-background-meta":{"desktop":{"background-color":"var(--ast-global-color-5)","background-image":"","background-repeat":"repeat","background-position":"center center","background-size":"auto","background-attachment":"scroll","background-type":"","background-media":"","overlay-type":"","overlay-color":"","overlay-opacity":"","overlay-gradient":""},"tablet":{"background-color":"var(--ast-global-color-5)","background-image":"","background-repeat":"repeat","background-position":"center center","background-size":"auto","background-attachment":"scroll","background-type":"","background-media":"","overlay-type":"","overlay-color":"","overlay-opacity":"","overlay-gradient":""},"mobile":{"background-color":"var(--ast-global-color-5)","background-image":"","background-repeat":"repeat","background-position":"center center","background-size":"auto","background-attachment":"scroll","background-type":"","background-media":"","overlay-type":"","overlay-color":"","overlay-opacity":"","overlay-gradient":""}}},"product_brand":[],"product_cat":[116,99,92],"product_tag":[],"class_list":{"0":"post-5445","1":"product","2":"type-product","3":"status-publish","4":"has-post-thumbnail","6":"product_cat-cejas","7":"product_cat-holika-holika","8":"product_cat-ojos","9":"desktop-align-center","10":"tablet-align-left","11":"mobile-align-left","13":"first","14":"instock","15":"shipping-taxable","16":"purchasable","17":"product-type-simple"},"yoast_head":"<!-- This site is optimized with the Yoast SEO plugin v26.8 - https:\/\/yoast.com\/product\/yoast-seo-wordpress\/ -->\n<title>HOLIKA HOLIKA \u2013 Wonder Drawing Skinny Eyebrow - MERAKI<\/title>\n<meta name=\"robots\" content=\"index, follow, max-snippet:-1, max-image-preview:large, max-video-preview:-1\" \/>\n<link rel=\"canonical\" href=\"https:\/\/digilago.es\/mugun\/producto\/holika-holika-wonder-drawing-skinny-eyebrow\/\" \/>\n<meta property=\"og:locale\" content=\"es_ES\" \/>\n<meta property=\"og:type\" content=\"article\" \/>\n<meta property=\"og:title\" content=\"HOLIKA HOLIKA \u2013 Wonder Drawing Skinny Eyebrow - MERAKI\" \/>\n<meta property=\"og:description\" content=\"L\u00e1piz delineador con una punta delgada y precisa, este dise\u00f1o permite trazar l\u00edneas finas que imitan el aspecto natural de los pelos de las cejas, facilitando la creaci\u00f3n de una definici\u00f3n detallada y un acabado pulido.  Contenido: 0,5 gr\" \/>\n<meta property=\"og:url\" content=\"https:\/\/digilago.es\/mugun\/producto\/holika-holika-wonder-drawing-skinny-eyebrow\/\" \/>\n<meta property=\"og:site_name\" content=\"MERAKI\" \/>\n<meta property=\"article:modified_time\" content=\"2024-01-09T07:50:55+00:00\" \/>\n<meta property=\"og:image\" content=\"https:\/\/digilago.es\/mugun\/wp-content\/uploads\/sites\/5\/2024\/01\/wonder-drawing-skinny-eyebrow-01-gray-black.webp\" \/>\n\t<meta property=\"og:image:width\" content=\"570\" \/>\n\t<meta property=\"og:image:height\" content=\"465\" \/>\n\t<meta property=\"og:image:type\" content=\"image\/webp\" \/>\n<meta name=\"twitter:card\" content=\"summary_large_image\" \/>\n<meta name=\"twitter:label1\" content=\"Tiempo de lectura\" \/>\n\t<meta name=\"twitter:data1\" content=\"1 minuto\" \/>\n<script type=\"application\/ld+json\" class=\"yoast-schema-graph\">{\"@context\":\"https:\/\/schema.org\",\"@graph\":[{\"@type\":\"WebPage\",\"@id\":\"https:\/\/digilago.es\/mugun\/producto\/holika-holika-wonder-drawing-skinny-eyebrow\/\",\"url\":\"https:\/\/digilago.es\/mugun\/producto\/holika-holika-wonder-drawing-skinny-eyebrow\/\",\"name\":\"HOLIKA HOLIKA \u2013 Wonder Drawing Skinny Eyebrow - MERAKI\",\"isPartOf\":{\"@id\":\"https:\/\/digilago.es\/mugun\/#website\"},\"primaryImageOfPage\":{\"@id\":\"https:\/\/digilago.es\/mugun\/producto\/holika-holika-wonder-drawing-skinny-eyebrow\/#primaryimage\"},\"image\":{\"@id\":\"https:\/\/digilago.es\/mugun\/producto\/holika-holika-wonder-drawing-skinny-eyebrow\/#primaryimage\"},\"thumbnailUrl\":\"https:\/\/digilago.es\/mugun\/wp-content\/uploads\/sites\/5\/2024\/01\/wonder-drawing-skinny-eyebrow-01-gray-black.webp\",\"datePublished\":\"2024-01-06T00:46:25+00:00\",\"dateModified\":\"2024-01-09T07:50:55+00:00\",\"breadcrumb\":{\"@id\":\"https:\/\/digilago.es\/mugun\/producto\/holika-holika-wonder-drawing-skinny-eyebrow\/#breadcrumb\"},\"inLanguage\":\"es\",\"potentialAction\":[{\"@type\":\"ReadAction\",\"target\":[\"https:\/\/digilago.es\/mugun\/producto\/holika-holika-wonder-drawing-skinny-eyebrow\/\"]}]},{\"@type\":\"ImageObject\",\"inLanguage\":\"es\",\"@id\":\"https:\/\/digilago.es\/mugun\/producto\/holika-holika-wonder-drawing-skinny-eyebrow\/#primaryimage\",\"url\":\"https:\/\/digilago.es\/mugun\/wp-content\/uploads\/sites\/5\/2024\/01\/wonder-drawing-skinny-eyebrow-01-gray-black.webp\",\"contentUrl\":\"https:\/\/digilago.es\/mugun\/wp-content\/uploads\/sites\/5\/2024\/01\/wonder-drawing-skinny-eyebrow-01-gray-black.webp\",\"width\":570,\"height\":465},{\"@type\":\"BreadcrumbList\",\"@id\":\"https:\/\/digilago.es\/mugun\/producto\/holika-holika-wonder-drawing-skinny-eyebrow\/#breadcrumb\",\"itemListElement\":[{\"@type\":\"ListItem\",\"position\":1,\"name\":\"Portada\",\"item\":\"https:\/\/digilago.es\/mugun\/\"},{\"@type\":\"ListItem\",\"position\":2,\"name\":\"Todos los productos\",\"item\":\"https:\/\/digilago.es\/mugun\/shop\/\"},{\"@type\":\"ListItem\",\"position\":3,\"name\":\"HOLIKA HOLIKA \u2013 Wonder Drawing Skinny Eyebrow\"}]},{\"@type\":\"WebSite\",\"@id\":\"https:\/\/digilago.es\/mugun\/#website\",\"url\":\"https:\/\/digilago.es\/mugun\/\",\"name\":\"MERAKI\",\"description\":\"Otro sitio m\u00e1s de DIGILAGO proyectos de negocio alumnos\",\"publisher\":{\"@id\":\"https:\/\/digilago.es\/mugun\/#organization\"},\"potentialAction\":[{\"@type\":\"SearchAction\",\"target\":{\"@type\":\"EntryPoint\",\"urlTemplate\":\"https:\/\/digilago.es\/mugun\/?s={search_term_string}\"},\"query-input\":{\"@type\":\"PropertyValueSpecification\",\"valueRequired\":true,\"valueName\":\"search_term_string\"}}],\"inLanguage\":\"es\"},{\"@type\":\"Organization\",\"@id\":\"https:\/\/digilago.es\/mugun\/#organization\",\"name\":\"MERAKI\",\"url\":\"https:\/\/digilago.es\/mugun\/\",\"logo\":{\"@type\":\"ImageObject\",\"inLanguage\":\"es\",\"@id\":\"https:\/\/digilago.es\/mugun\/#\/schema\/logo\/image\/\",\"url\":\"https:\/\/digilago.es\/mugun\/wp-content\/uploads\/sites\/5\/2024\/01\/cropped-cropped-Logo-blanco-sin-nombre.png\",\"contentUrl\":\"https:\/\/digilago.es\/mugun\/wp-content\/uploads\/sites\/5\/2024\/01\/cropped-cropped-Logo-blanco-sin-nombre.png\",\"width\":184,\"height\":166,\"caption\":\"MERAKI\"},\"image\":{\"@id\":\"https:\/\/digilago.es\/mugun\/#\/schema\/logo\/image\/\"}}]}<\/script>\n<!-- \/ Yoast SEO plugin. -->","yoast_head_json":{"title":"HOLIKA HOLIKA \u2013 Wonder Drawing Skinny Eyebrow - MERAKI","robots":{"index":"index","follow":"follow","max-snippet":"max-snippet:-1","max-image-preview":"max-image-preview:large","max-video-preview":"max-video-preview:-1"},"canonical":"https:\/\/digilago.es\/mugun\/producto\/holika-holika-wonder-drawing-skinny-eyebrow\/","og_locale":"es_ES","og_type":"article","og_title":"HOLIKA HOLIKA \u2013 Wonder Drawing Skinny Eyebrow - MERAKI","og_description":"L\u00e1piz delineador con una punta delgada y precisa, este dise\u00f1o permite trazar l\u00edneas finas que imitan el aspecto natural de los pelos de las cejas, facilitando la creaci\u00f3n de una definici\u00f3n detallada y un acabado pulido.  Contenido: 0,5 gr","og_url":"https:\/\/digilago.es\/mugun\/producto\/holika-holika-wonder-drawing-skinny-eyebrow\/","og_site_name":"MERAKI","article_modified_time":"2024-01-09T07:50:55+00:00","og_image":[{"width":570,"height":465,"url":"https:\/\/digilago.es\/mugun\/wp-content\/uploads\/sites\/5\/2024\/01\/wonder-drawing-skinny-eyebrow-01-gray-black.webp","type":"image\/webp"}],"twitter_card":"summary_large_image","twitter_misc":{"Tiempo de lectura":"1 minuto"},"schema":{"@context":"https:\/\/schema.org","@graph":[{"@type":"WebPage","@id":"https:\/\/digilago.es\/mugun\/producto\/holika-holika-wonder-drawing-skinny-eyebrow\/","url":"https:\/\/digilago.es\/mugun\/producto\/holika-holika-wonder-drawing-skinny-eyebrow\/","name":"HOLIKA HOLIKA \u2013 Wonder Drawing Skinny Eyebrow - MERAKI","isPartOf":{"@id":"https:\/\/digilago.es\/mugun\/#website"},"primaryImageOfPage":{"@id":"https:\/\/digilago.es\/mugun\/producto\/holika-holika-wonder-drawing-skinny-eyebrow\/#primaryimage"},"image":{"@id":"https:\/\/digilago.es\/mugun\/producto\/holika-holika-wonder-drawing-skinny-eyebrow\/#primaryimage"},"thumbnailUrl":"https:\/\/digilago.es\/mugun\/wp-content\/uploads\/sites\/5\/2024\/01\/wonder-drawing-skinny-eyebrow-01-gray-black.webp","datePublished":"2024-01-06T00:46:25+00:00","dateModified":"2024-01-09T07:50:55+00:00","breadcrumb":{"@id":"https:\/\/digilago.es\/mugun\/producto\/holika-holika-wonder-drawing-skinny-eyebrow\/#breadcrumb"},"inLanguage":"es","potentialAction":[{"@type":"ReadAction","target":["https:\/\/digilago.es\/mugun\/producto\/holika-holika-wonder-drawing-skinny-eyebrow\/"]}]},{"@type":"ImageObject","inLanguage":"es","@id":"https:\/\/digilago.es\/mugun\/producto\/holika-holika-wonder-drawing-skinny-eyebrow\/#primaryimage","url":"https:\/\/digilago.es\/mugun\/wp-content\/uploads\/sites\/5\/2024\/01\/wonder-drawing-skinny-eyebrow-01-gray-black.webp","contentUrl":"https:\/\/digilago.es\/mugun\/wp-content\/uploads\/sites\/5\/2024\/01\/wonder-drawing-skinny-eyebrow-01-gray-black.webp","width":570,"height":465},{"@type":"BreadcrumbList","@id":"https:\/\/digilago.es\/mugun\/producto\/holika-holika-wonder-drawing-skinny-eyebrow\/#breadcrumb","itemListElement":[{"@type":"ListItem","position":1,"name":"Portada","item":"https:\/\/digilago.es\/mugun\/"},{"@type":"ListItem","position":2,"name":"Todos los productos","item":"https:\/\/digilago.es\/mugun\/shop\/"},{"@type":"ListItem","position":3,"name":"HOLIKA HOLIKA \u2013 Wonder Drawing Skinny Eyebrow"}]},{"@type":"WebSite","@id":"https:\/\/digilago.es\/mugun\/#website","url":"https:\/\/digilago.es\/mugun\/","name":"MERAKI","description":"Otro sitio m\u00e1s de DIGILAGO proyectos de negocio alumnos","publisher":{"@id":"https:\/\/digilago.es\/mugun\/#organization"},"potentialAction":[{"@type":"SearchAction","target":{"@type":"EntryPoint","urlTemplate":"https:\/\/digilago.es\/mugun\/?s={search_term_string}"},"query-input":{"@type":"PropertyValueSpecification","valueRequired":true,"valueName":"search_term_string"}}],"inLanguage":"es"},{"@type":"Organization","@id":"https:\/\/digilago.es\/mugun\/#organization","name":"MERAKI","url":"https:\/\/digilago.es\/mugun\/","logo":{"@type":"ImageObject","inLanguage":"es","@id":"https:\/\/digilago.es\/mugun\/#\/schema\/logo\/image\/","url":"https:\/\/digilago.es\/mugun\/wp-content\/uploads\/sites\/5\/2024\/01\/cropped-cropped-Logo-blanco-sin-nombre.png","contentUrl":"https:\/\/digilago.es\/mugun\/wp-content\/uploads\/sites\/5\/2024\/01\/cropped-cropped-Logo-blanco-sin-nombre.png","width":184,"height":166,"caption":"MERAKI"},"image":{"@id":"https:\/\/digilago.es\/mugun\/#\/schema\/logo\/image\/"}}]}},"_links":{"self":[{"href":"https:\/\/digilago.es\/mugun\/wp-json\/wp\/v2\/product\/5445","targetHints":{"allow":["GET"]}}],"collection":[{"href":"https:\/\/digilago.es\/mugun\/wp-json\/wp\/v2\/product"}],"about":[{"href":"https:\/\/digilago.es\/mugun\/wp-json\/wp\/v2\/types\/product"}],"replies":[{"embeddable":true,"href":"https:\/\/digilago.es\/mugun\/wp-json\/wp\/v2\/comments?post=5445"}],"wp:featuredmedia":[{"embeddable":true,"href":"https:\/\/digilago.es\/mugun\/wp-json\/wp\/v2\/media\/5786"}],"wp:attachment":[{"href":"https:\/\/digilago.es\/mugun\/wp-json\/wp\/v2\/media?parent=5445"}],"wp:term":[{"taxonomy":"product_brand","embeddable":true,"href":"https:\/\/digilago.es\/mugun\/wp-json\/wp\/v2\/product_brand?post=5445"},{"taxonomy":"product_cat","embeddable":true,"href":"https:\/\/digilago.es\/mugun\/wp-json\/wp\/v2\/product_cat?post=5445"},{"taxonomy":"product_tag","embeddable":true,"href":"https:\/\/digilago.es\/mugun\/wp-json\/wp\/v2\/product_tag?post=5445"}],"curies":[{"name":"wp","href":"https:\/\/api.w.org\/{rel}","templated":true}]}}