{"id":5433,"date":"2024-01-06T00:44:08","date_gmt":"2024-01-06T00:44:08","guid":{"rendered":"https:\/\/digilago.es\/mugun\/?post_type=product&#038;p=5433"},"modified":"2024-01-08T04:42:12","modified_gmt":"2024-01-08T04:42:12","slug":"the-face-shop-fmgt-designing-eyebrow","status":"publish","type":"product","link":"https:\/\/digilago.es\/mugun\/producto\/the-face-shop-fmgt-designing-eyebrow\/","title":{"rendered":"THE FACE SHOP \u2013 FMGT Designing Eyebrow"},"content":{"rendered":"<p><strong><u>C\u00f3mo aplicar:<\/u><\/strong><\/p>\n<p>Utiliza la punta retr\u00e1ctil para trazar l\u00edneas finas y definidas en la direcci\u00f3n del crecimiento natural del vello, rellena suavemente las \u00e1reas dispersas y utiliza el cepillo incorporado para difuminar y peinar las cejas. Recuerda ajustar la presi\u00f3n seg\u00fan la intensidad y definici\u00f3n deseadas.<\/p>\n<p><strong><u>Beneficios:<\/u><\/strong><\/p>\n<ul>\n<li><strong>Dise\u00f1o multifuncional: <\/strong>con caracter\u00edsticas como un cepillo incorporado, proporciona herramientas adicionales para peinar y estilizar las cejas.<\/li>\n<li><strong>Definici\u00f3n precisa: <\/strong>ayuda a trazar l\u00edneas finas que imitan el aspecto natural de las cejas, permitiendo una definici\u00f3n detallada.<\/li>\n<li><strong>Aplicaci\u00f3n f\u00e1cil: <\/strong>su dise\u00f1o facilita una aplicaci\u00f3n suave y controlada, evitando tirones o irritaciones en la piel.<\/li>\n<\/ul>\n<p><strong><u>Ingredientes:<\/u><\/strong><\/p>\n<p>HYDROGENATED SOYBEAN OIL, HYDROGENATED COCO-GLYCERIDES, HYDROGENATED VEGETABLE OIL, ZINC STEARATE, STEARIC ACID, COPERNICIA CERIFERA (CARNAUBA) WAX, POLYGLYCERYL-2 TRIISOSTEARATE, TOCOPHEROL, CAPRYLYL GLYCOL, PHENOXYETHANOL, ASCORBYL PALMITATE, HEXYLENE GLYCOL, CI 77019, CI 77499, CI 77492, TALC, CI 77491, CI 77891, CI 77510, CI 15850:1<\/p>\n","protected":false},"excerpt":{"rendered":"<p>L\u00e1piz retr\u00e1ctil, de f\u00e1cil aplicaci\u00f3n y precisi\u00f3n \u00f3ptima para trazar l\u00edneas y rellenar \u00e1reas dispersas de las cejas. La punta del l\u00e1piz est\u00e1 dise\u00f1ada para imitar la apariencia de pelos individuales, permitiendo a los usuarios lograr un acabado natural y tridimensional.<\/p>\n<p>Contenido: 10 gr<\/p>\n","protected":false},"featured_media":5780,"comment_status":"open","ping_status":"closed","template":"","meta":{"site-sidebar-layout":"default","site-content-layout":"","ast-site-content-layout":"default","site-content-style":"default","site-sidebar-style":"default","ast-global-header-display":"","ast-banner-title-visibility":"","ast-main-header-display":"","ast-hfb-above-header-display":"","ast-hfb-below-header-display":"","ast-hfb-mobile-header-display":"","site-post-title":"","ast-breadcrumbs-content":"","ast-featured-img":"","footer-sml-layout":"","ast-disable-related-posts":"","theme-transparent-header-meta":"default","adv-header-id-meta":"","stick-header-meta":"","header-above-stick-meta":"","header-main-stick-meta":"","header-below-stick-meta":"","astra-migrate-meta-layouts":"set","ast-page-background-enabled":"default","ast-page-background-meta":{"desktop":{"background-color":"var(--ast-global-color-4)","background-image":"","background-repeat":"repeat","background-position":"center center","background-size":"auto","background-attachment":"scroll","background-type":"","background-media":"","overlay-type":"","overlay-color":"","overlay-opacity":"","overlay-gradient":""},"tablet":{"background-color":"","background-image":"","background-repeat":"repeat","background-position":"center center","background-size":"auto","background-attachment":"scroll","background-type":"","background-media":"","overlay-type":"","overlay-color":"","overlay-opacity":"","overlay-gradient":""},"mobile":{"background-color":"","background-image":"","background-repeat":"repeat","background-position":"center center","background-size":"auto","background-attachment":"scroll","background-type":"","background-media":"","overlay-type":"","overlay-color":"","overlay-opacity":"","overlay-gradient":""}},"ast-content-background-meta":{"desktop":{"background-color":"var(--ast-global-color-5)","background-image":"","background-repeat":"repeat","background-position":"center center","background-size":"auto","background-attachment":"scroll","background-type":"","background-media":"","overlay-type":"","overlay-color":"","overlay-opacity":"","overlay-gradient":""},"tablet":{"background-color":"var(--ast-global-color-5)","background-image":"","background-repeat":"repeat","background-position":"center center","background-size":"auto","background-attachment":"scroll","background-type":"","background-media":"","overlay-type":"","overlay-color":"","overlay-opacity":"","overlay-gradient":""},"mobile":{"background-color":"var(--ast-global-color-5)","background-image":"","background-repeat":"repeat","background-position":"center center","background-size":"auto","background-attachment":"scroll","background-type":"","background-media":"","overlay-type":"","overlay-color":"","overlay-opacity":"","overlay-gradient":""}}},"product_brand":[],"product_cat":[116,92,105],"product_tag":[],"class_list":{"0":"post-5433","1":"product","2":"type-product","3":"status-publish","4":"has-post-thumbnail","6":"product_cat-cejas","7":"product_cat-ojos","8":"product_cat-the-face-shop","9":"desktop-align-center","10":"tablet-align-left","11":"mobile-align-left","13":"first","14":"instock","15":"shipping-taxable","16":"purchasable","17":"product-type-variable"},"yoast_head":"<!-- This site is optimized with the Yoast SEO plugin v26.8 - https:\/\/yoast.com\/product\/yoast-seo-wordpress\/ -->\n<title>THE FACE SHOP \u2013 FMGT Designing Eyebrow - MERAKI<\/title>\n<meta name=\"robots\" content=\"index, follow, max-snippet:-1, max-image-preview:large, max-video-preview:-1\" \/>\n<link rel=\"canonical\" href=\"https:\/\/digilago.es\/mugun\/producto\/the-face-shop-fmgt-designing-eyebrow\/\" \/>\n<meta property=\"og:locale\" content=\"es_ES\" \/>\n<meta property=\"og:type\" content=\"article\" \/>\n<meta property=\"og:title\" content=\"THE FACE SHOP \u2013 FMGT Designing Eyebrow - MERAKI\" \/>\n<meta property=\"og:description\" content=\"L\u00e1piz retr\u00e1ctil, de f\u00e1cil aplicaci\u00f3n y precisi\u00f3n \u00f3ptima para trazar l\u00edneas y rellenar \u00e1reas dispersas de las cejas. La punta del l\u00e1piz est\u00e1 dise\u00f1ada para imitar la apariencia de pelos individuales, permitiendo a los usuarios lograr un acabado natural y tridimensional.  Contenido: 10 gr\" \/>\n<meta property=\"og:url\" content=\"https:\/\/digilago.es\/mugun\/producto\/the-face-shop-fmgt-designing-eyebrow\/\" \/>\n<meta property=\"og:site_name\" content=\"MERAKI\" \/>\n<meta property=\"article:modified_time\" content=\"2024-01-08T04:42:12+00:00\" \/>\n<meta property=\"og:image\" content=\"https:\/\/digilago.es\/mugun\/wp-content\/uploads\/sites\/5\/2024\/01\/the-face-shop-designing-eyebrow-pencil-305.jpg\" \/>\n\t<meta property=\"og:image:width\" content=\"1000\" \/>\n\t<meta property=\"og:image:height\" content=\"1000\" \/>\n\t<meta property=\"og:image:type\" content=\"image\/jpeg\" \/>\n<meta name=\"twitter:card\" content=\"summary_large_image\" \/>\n<meta name=\"twitter:label1\" content=\"Tiempo de lectura\" \/>\n\t<meta name=\"twitter:data1\" content=\"1 minuto\" \/>\n<script type=\"application\/ld+json\" class=\"yoast-schema-graph\">{\"@context\":\"https:\/\/schema.org\",\"@graph\":[{\"@type\":\"WebPage\",\"@id\":\"https:\/\/digilago.es\/mugun\/producto\/the-face-shop-fmgt-designing-eyebrow\/\",\"url\":\"https:\/\/digilago.es\/mugun\/producto\/the-face-shop-fmgt-designing-eyebrow\/\",\"name\":\"THE FACE SHOP \u2013 FMGT Designing Eyebrow - MERAKI\",\"isPartOf\":{\"@id\":\"https:\/\/digilago.es\/mugun\/#website\"},\"primaryImageOfPage\":{\"@id\":\"https:\/\/digilago.es\/mugun\/producto\/the-face-shop-fmgt-designing-eyebrow\/#primaryimage\"},\"image\":{\"@id\":\"https:\/\/digilago.es\/mugun\/producto\/the-face-shop-fmgt-designing-eyebrow\/#primaryimage\"},\"thumbnailUrl\":\"https:\/\/digilago.es\/mugun\/wp-content\/uploads\/sites\/5\/2024\/01\/the-face-shop-designing-eyebrow-pencil-305.jpg\",\"datePublished\":\"2024-01-06T00:44:08+00:00\",\"dateModified\":\"2024-01-08T04:42:12+00:00\",\"breadcrumb\":{\"@id\":\"https:\/\/digilago.es\/mugun\/producto\/the-face-shop-fmgt-designing-eyebrow\/#breadcrumb\"},\"inLanguage\":\"es\",\"potentialAction\":[{\"@type\":\"ReadAction\",\"target\":[\"https:\/\/digilago.es\/mugun\/producto\/the-face-shop-fmgt-designing-eyebrow\/\"]}]},{\"@type\":\"ImageObject\",\"inLanguage\":\"es\",\"@id\":\"https:\/\/digilago.es\/mugun\/producto\/the-face-shop-fmgt-designing-eyebrow\/#primaryimage\",\"url\":\"https:\/\/digilago.es\/mugun\/wp-content\/uploads\/sites\/5\/2024\/01\/the-face-shop-designing-eyebrow-pencil-305.jpg\",\"contentUrl\":\"https:\/\/digilago.es\/mugun\/wp-content\/uploads\/sites\/5\/2024\/01\/the-face-shop-designing-eyebrow-pencil-305.jpg\",\"width\":1000,\"height\":1000},{\"@type\":\"BreadcrumbList\",\"@id\":\"https:\/\/digilago.es\/mugun\/producto\/the-face-shop-fmgt-designing-eyebrow\/#breadcrumb\",\"itemListElement\":[{\"@type\":\"ListItem\",\"position\":1,\"name\":\"Portada\",\"item\":\"https:\/\/digilago.es\/mugun\/\"},{\"@type\":\"ListItem\",\"position\":2,\"name\":\"Todos los productos\",\"item\":\"https:\/\/digilago.es\/mugun\/shop\/\"},{\"@type\":\"ListItem\",\"position\":3,\"name\":\"THE FACE SHOP \u2013 FMGT Designing Eyebrow\"}]},{\"@type\":\"WebSite\",\"@id\":\"https:\/\/digilago.es\/mugun\/#website\",\"url\":\"https:\/\/digilago.es\/mugun\/\",\"name\":\"MERAKI\",\"description\":\"Otro sitio m\u00e1s de DIGILAGO proyectos de negocio alumnos\",\"publisher\":{\"@id\":\"https:\/\/digilago.es\/mugun\/#organization\"},\"potentialAction\":[{\"@type\":\"SearchAction\",\"target\":{\"@type\":\"EntryPoint\",\"urlTemplate\":\"https:\/\/digilago.es\/mugun\/?s={search_term_string}\"},\"query-input\":{\"@type\":\"PropertyValueSpecification\",\"valueRequired\":true,\"valueName\":\"search_term_string\"}}],\"inLanguage\":\"es\"},{\"@type\":\"Organization\",\"@id\":\"https:\/\/digilago.es\/mugun\/#organization\",\"name\":\"MERAKI\",\"url\":\"https:\/\/digilago.es\/mugun\/\",\"logo\":{\"@type\":\"ImageObject\",\"inLanguage\":\"es\",\"@id\":\"https:\/\/digilago.es\/mugun\/#\/schema\/logo\/image\/\",\"url\":\"https:\/\/digilago.es\/mugun\/wp-content\/uploads\/sites\/5\/2024\/01\/cropped-cropped-Logo-blanco-sin-nombre.png\",\"contentUrl\":\"https:\/\/digilago.es\/mugun\/wp-content\/uploads\/sites\/5\/2024\/01\/cropped-cropped-Logo-blanco-sin-nombre.png\",\"width\":184,\"height\":166,\"caption\":\"MERAKI\"},\"image\":{\"@id\":\"https:\/\/digilago.es\/mugun\/#\/schema\/logo\/image\/\"}}]}<\/script>\n<!-- \/ Yoast SEO plugin. -->","yoast_head_json":{"title":"THE FACE SHOP \u2013 FMGT Designing Eyebrow - MERAKI","robots":{"index":"index","follow":"follow","max-snippet":"max-snippet:-1","max-image-preview":"max-image-preview:large","max-video-preview":"max-video-preview:-1"},"canonical":"https:\/\/digilago.es\/mugun\/producto\/the-face-shop-fmgt-designing-eyebrow\/","og_locale":"es_ES","og_type":"article","og_title":"THE FACE SHOP \u2013 FMGT Designing Eyebrow - MERAKI","og_description":"L\u00e1piz retr\u00e1ctil, de f\u00e1cil aplicaci\u00f3n y precisi\u00f3n \u00f3ptima para trazar l\u00edneas y rellenar \u00e1reas dispersas de las cejas. La punta del l\u00e1piz est\u00e1 dise\u00f1ada para imitar la apariencia de pelos individuales, permitiendo a los usuarios lograr un acabado natural y tridimensional.  Contenido: 10 gr","og_url":"https:\/\/digilago.es\/mugun\/producto\/the-face-shop-fmgt-designing-eyebrow\/","og_site_name":"MERAKI","article_modified_time":"2024-01-08T04:42:12+00:00","og_image":[{"width":1000,"height":1000,"url":"https:\/\/digilago.es\/mugun\/wp-content\/uploads\/sites\/5\/2024\/01\/the-face-shop-designing-eyebrow-pencil-305.jpg","type":"image\/jpeg"}],"twitter_card":"summary_large_image","twitter_misc":{"Tiempo de lectura":"1 minuto"},"schema":{"@context":"https:\/\/schema.org","@graph":[{"@type":"WebPage","@id":"https:\/\/digilago.es\/mugun\/producto\/the-face-shop-fmgt-designing-eyebrow\/","url":"https:\/\/digilago.es\/mugun\/producto\/the-face-shop-fmgt-designing-eyebrow\/","name":"THE FACE SHOP \u2013 FMGT Designing Eyebrow - MERAKI","isPartOf":{"@id":"https:\/\/digilago.es\/mugun\/#website"},"primaryImageOfPage":{"@id":"https:\/\/digilago.es\/mugun\/producto\/the-face-shop-fmgt-designing-eyebrow\/#primaryimage"},"image":{"@id":"https:\/\/digilago.es\/mugun\/producto\/the-face-shop-fmgt-designing-eyebrow\/#primaryimage"},"thumbnailUrl":"https:\/\/digilago.es\/mugun\/wp-content\/uploads\/sites\/5\/2024\/01\/the-face-shop-designing-eyebrow-pencil-305.jpg","datePublished":"2024-01-06T00:44:08+00:00","dateModified":"2024-01-08T04:42:12+00:00","breadcrumb":{"@id":"https:\/\/digilago.es\/mugun\/producto\/the-face-shop-fmgt-designing-eyebrow\/#breadcrumb"},"inLanguage":"es","potentialAction":[{"@type":"ReadAction","target":["https:\/\/digilago.es\/mugun\/producto\/the-face-shop-fmgt-designing-eyebrow\/"]}]},{"@type":"ImageObject","inLanguage":"es","@id":"https:\/\/digilago.es\/mugun\/producto\/the-face-shop-fmgt-designing-eyebrow\/#primaryimage","url":"https:\/\/digilago.es\/mugun\/wp-content\/uploads\/sites\/5\/2024\/01\/the-face-shop-designing-eyebrow-pencil-305.jpg","contentUrl":"https:\/\/digilago.es\/mugun\/wp-content\/uploads\/sites\/5\/2024\/01\/the-face-shop-designing-eyebrow-pencil-305.jpg","width":1000,"height":1000},{"@type":"BreadcrumbList","@id":"https:\/\/digilago.es\/mugun\/producto\/the-face-shop-fmgt-designing-eyebrow\/#breadcrumb","itemListElement":[{"@type":"ListItem","position":1,"name":"Portada","item":"https:\/\/digilago.es\/mugun\/"},{"@type":"ListItem","position":2,"name":"Todos los productos","item":"https:\/\/digilago.es\/mugun\/shop\/"},{"@type":"ListItem","position":3,"name":"THE FACE SHOP \u2013 FMGT Designing Eyebrow"}]},{"@type":"WebSite","@id":"https:\/\/digilago.es\/mugun\/#website","url":"https:\/\/digilago.es\/mugun\/","name":"MERAKI","description":"Otro sitio m\u00e1s de DIGILAGO proyectos de negocio alumnos","publisher":{"@id":"https:\/\/digilago.es\/mugun\/#organization"},"potentialAction":[{"@type":"SearchAction","target":{"@type":"EntryPoint","urlTemplate":"https:\/\/digilago.es\/mugun\/?s={search_term_string}"},"query-input":{"@type":"PropertyValueSpecification","valueRequired":true,"valueName":"search_term_string"}}],"inLanguage":"es"},{"@type":"Organization","@id":"https:\/\/digilago.es\/mugun\/#organization","name":"MERAKI","url":"https:\/\/digilago.es\/mugun\/","logo":{"@type":"ImageObject","inLanguage":"es","@id":"https:\/\/digilago.es\/mugun\/#\/schema\/logo\/image\/","url":"https:\/\/digilago.es\/mugun\/wp-content\/uploads\/sites\/5\/2024\/01\/cropped-cropped-Logo-blanco-sin-nombre.png","contentUrl":"https:\/\/digilago.es\/mugun\/wp-content\/uploads\/sites\/5\/2024\/01\/cropped-cropped-Logo-blanco-sin-nombre.png","width":184,"height":166,"caption":"MERAKI"},"image":{"@id":"https:\/\/digilago.es\/mugun\/#\/schema\/logo\/image\/"}}]}},"_links":{"self":[{"href":"https:\/\/digilago.es\/mugun\/wp-json\/wp\/v2\/product\/5433","targetHints":{"allow":["GET"]}}],"collection":[{"href":"https:\/\/digilago.es\/mugun\/wp-json\/wp\/v2\/product"}],"about":[{"href":"https:\/\/digilago.es\/mugun\/wp-json\/wp\/v2\/types\/product"}],"replies":[{"embeddable":true,"href":"https:\/\/digilago.es\/mugun\/wp-json\/wp\/v2\/comments?post=5433"}],"wp:featuredmedia":[{"embeddable":true,"href":"https:\/\/digilago.es\/mugun\/wp-json\/wp\/v2\/media\/5780"}],"wp:attachment":[{"href":"https:\/\/digilago.es\/mugun\/wp-json\/wp\/v2\/media?parent=5433"}],"wp:term":[{"taxonomy":"product_brand","embeddable":true,"href":"https:\/\/digilago.es\/mugun\/wp-json\/wp\/v2\/product_brand?post=5433"},{"taxonomy":"product_cat","embeddable":true,"href":"https:\/\/digilago.es\/mugun\/wp-json\/wp\/v2\/product_cat?post=5433"},{"taxonomy":"product_tag","embeddable":true,"href":"https:\/\/digilago.es\/mugun\/wp-json\/wp\/v2\/product_tag?post=5433"}],"curies":[{"name":"wp","href":"https:\/\/api.w.org\/{rel}","templated":true}]}}