{"id":5427,"date":"2024-01-06T00:43:39","date_gmt":"2024-01-06T00:43:39","guid":{"rendered":"https:\/\/digilago.es\/mugun\/?post_type=product&#038;p=5427"},"modified":"2024-01-09T07:51:30","modified_gmt":"2024-01-09T07:51:30","slug":"peripera-speedy-skinny-brow","status":"publish","type":"product","link":"https:\/\/digilago.es\/mugun\/producto\/peripera-speedy-skinny-brow\/","title":{"rendered":"PERIPERA \u2013 Speedy Skinny Brow"},"content":{"rendered":"<p><strong><u>C\u00f3mo aplicar:<\/u><\/strong><\/p>\n<p>Traza l\u00edneas finas y definidas siguiendo la forma natural de tus cejas con la punta delgada, rellena suavemente \u00e1reas dispersas y utiliza el extremo del cepillo incorporado para difuminar y peinar las cejas.<\/p>\n<p><strong><u>Beneficios:<\/u><\/strong><\/p>\n<ul>\n<li><strong>Versatilidad de tonos: <\/strong>el l\u00e1piz est\u00e1 disponible en varios tonos para adaptarse a diferentes colores de cabello y tonos de pie.<\/li>\n<li><strong>Aplicaci\u00f3n f\u00e1cil: <\/strong>la f\u00f3rmula suave y deslizante podr\u00eda ofrecer una aplicaci\u00f3n sin esfuerzo, evitando tirones o irritaciones en la piel de las cejas.<\/li>\n<li><strong>Definici\u00f3n precisa: <\/strong>su punta delgada permite trazar l\u00edneas finas que imitan el aspecto natural de los pelos de las cejas, facilitando una definici\u00f3n detallada.<\/li>\n<\/ul>\n<p><strong><u>Ingredientes:<\/u><\/strong><\/p>\n<p>POLYETHYLENE, MICROCRYSTALLINE WAX, TITANIUM DIOXIDE (CI 77891), POLYGLYCERYL-2 TRIISOSTEARATE, ZINC STEARATE, HYDROGENATED COCO-GLYCERIDES, MICA (CI 77019), SYNTHETIC BEESWAX, STEARIC ACID, SORBITAN TRISTEARATE, DIMETHICONE, GLYCERYL CAPRYLATE, CAPRYLYL GLYCOL, WATER, C20-40 ALCOHOLS, [#08 TAUPE BEIGE] SYNTHETIC WAX, BLACK IRON OXIDE (CI 77499), IRON OXIDE RED (CI 77491), [#09 TAUPE BROWN] SYNTHETIC WAX, C12 -15 ALKYL ETHYL HEXANOATE, CHROMIUM OXIDE GREEN (CI 77288), VINYL DIMETHICONE\/METHICONE SILSESQUIOXANE CROSSPOLYMER, C20-40 ALCOHOL, RED IRON OXIDE (CI 77491), DIPENTAERYTHRITYL HEXAHYDROXYSTEARATE\/HEXASTEARATE\/HEXAHYDROGENATED ROSINATE, DIPENTAERYTHRITYL HEXAHYDROXYSTEARATE\/HEXASTEARATE\/HEXAROSINATE, IRON OXIDE BLACK (CI 77499), DIPENTAERYTHRITYLHEXAHYDROXYSTEARATE\/HEXASTEARATE\/HEXAROGINATE, C12-15 ALKYL ETHYL HEXANOATE, IRON OXIDE RED(CI 77491), YELLOW IRON OXIDE (CI 77492), SYNTHETIC WAX, IRON OXIDE YELLOW (CI 77492), C12-15 ALKYL ETHYLHEXANOATE<\/p>\n","protected":false},"excerpt":{"rendered":"<p>L\u00e1piz suave y deslizante, facilita una aplicaci\u00f3n sin esfuerzo y evita tirones o irritaciones en la piel sensible de las cejas. Su dise\u00f1o delgado permite una aplicaci\u00f3n controlada, lo que es especialmente \u00fatil para rellenar \u00e1reas dispersas o definir la forma deseada de las cejas con precisi\u00f3n.<\/p>\n<p>Contenido: 3 gr<\/p>\n","protected":false},"featured_media":5777,"comment_status":"open","ping_status":"closed","template":"","meta":{"site-sidebar-layout":"default","site-content-layout":"","ast-site-content-layout":"default","site-content-style":"default","site-sidebar-style":"default","ast-global-header-display":"","ast-banner-title-visibility":"","ast-main-header-display":"","ast-hfb-above-header-display":"","ast-hfb-below-header-display":"","ast-hfb-mobile-header-display":"","site-post-title":"","ast-breadcrumbs-content":"","ast-featured-img":"","footer-sml-layout":"","ast-disable-related-posts":"","theme-transparent-header-meta":"default","adv-header-id-meta":"","stick-header-meta":"","header-above-stick-meta":"","header-main-stick-meta":"","header-below-stick-meta":"","astra-migrate-meta-layouts":"set","ast-page-background-enabled":"default","ast-page-background-meta":{"desktop":{"background-color":"var(--ast-global-color-4)","background-image":"","background-repeat":"repeat","background-position":"center center","background-size":"auto","background-attachment":"scroll","background-type":"","background-media":"","overlay-type":"","overlay-color":"","overlay-opacity":"","overlay-gradient":""},"tablet":{"background-color":"","background-image":"","background-repeat":"repeat","background-position":"center center","background-size":"auto","background-attachment":"scroll","background-type":"","background-media":"","overlay-type":"","overlay-color":"","overlay-opacity":"","overlay-gradient":""},"mobile":{"background-color":"","background-image":"","background-repeat":"repeat","background-position":"center center","background-size":"auto","background-attachment":"scroll","background-type":"","background-media":"","overlay-type":"","overlay-color":"","overlay-opacity":"","overlay-gradient":""}},"ast-content-background-meta":{"desktop":{"background-color":"var(--ast-global-color-5)","background-image":"","background-repeat":"repeat","background-position":"center center","background-size":"auto","background-attachment":"scroll","background-type":"","background-media":"","overlay-type":"","overlay-color":"","overlay-opacity":"","overlay-gradient":""},"tablet":{"background-color":"var(--ast-global-color-5)","background-image":"","background-repeat":"repeat","background-position":"center center","background-size":"auto","background-attachment":"scroll","background-type":"","background-media":"","overlay-type":"","overlay-color":"","overlay-opacity":"","overlay-gradient":""},"mobile":{"background-color":"var(--ast-global-color-5)","background-image":"","background-repeat":"repeat","background-position":"center center","background-size":"auto","background-attachment":"scroll","background-type":"","background-media":"","overlay-type":"","overlay-color":"","overlay-opacity":"","overlay-gradient":""}}},"product_brand":[],"product_cat":[116,102],"product_tag":[],"class_list":{"0":"post-5427","1":"product","2":"type-product","3":"status-publish","4":"has-post-thumbnail","6":"product_cat-cejas","7":"product_cat-peripera","8":"desktop-align-center","9":"tablet-align-left","10":"mobile-align-left","12":"first","13":"instock","14":"shipping-taxable","15":"purchasable","16":"product-type-simple"},"yoast_head":"<!-- This site is optimized with the Yoast SEO plugin v26.8 - https:\/\/yoast.com\/product\/yoast-seo-wordpress\/ -->\n<title>PERIPERA \u2013 Speedy Skinny Brow - MERAKI<\/title>\n<meta name=\"robots\" content=\"index, follow, max-snippet:-1, max-image-preview:large, max-video-preview:-1\" \/>\n<link rel=\"canonical\" href=\"https:\/\/digilago.es\/mugun\/producto\/peripera-speedy-skinny-brow\/\" \/>\n<meta property=\"og:locale\" content=\"es_ES\" \/>\n<meta property=\"og:type\" content=\"article\" \/>\n<meta property=\"og:title\" content=\"PERIPERA \u2013 Speedy Skinny Brow - MERAKI\" \/>\n<meta property=\"og:description\" content=\"L\u00e1piz suave y deslizante, facilita una aplicaci\u00f3n sin esfuerzo y evita tirones o irritaciones en la piel sensible de las cejas. Su dise\u00f1o delgado permite una aplicaci\u00f3n controlada, lo que es especialmente \u00fatil para rellenar \u00e1reas dispersas o definir la forma deseada de las cejas con precisi\u00f3n.  Contenido: 3 gr\" \/>\n<meta property=\"og:url\" content=\"https:\/\/digilago.es\/mugun\/producto\/peripera-speedy-skinny-brow\/\" \/>\n<meta property=\"og:site_name\" content=\"MERAKI\" \/>\n<meta property=\"article:modified_time\" content=\"2024-01-09T07:51:30+00:00\" \/>\n<meta property=\"og:image\" content=\"https:\/\/digilago.es\/mugun\/wp-content\/uploads\/sites\/5\/2024\/01\/41GtJMyVpFL.jpg\" \/>\n\t<meta property=\"og:image:width\" content=\"1200\" \/>\n\t<meta property=\"og:image:height\" content=\"1200\" \/>\n\t<meta property=\"og:image:type\" content=\"image\/jpeg\" \/>\n<meta name=\"twitter:card\" content=\"summary_large_image\" \/>\n<meta name=\"twitter:label1\" content=\"Tiempo de lectura\" \/>\n\t<meta name=\"twitter:data1\" content=\"1 minuto\" \/>\n<script type=\"application\/ld+json\" class=\"yoast-schema-graph\">{\"@context\":\"https:\/\/schema.org\",\"@graph\":[{\"@type\":\"WebPage\",\"@id\":\"https:\/\/digilago.es\/mugun\/producto\/peripera-speedy-skinny-brow\/\",\"url\":\"https:\/\/digilago.es\/mugun\/producto\/peripera-speedy-skinny-brow\/\",\"name\":\"PERIPERA \u2013 Speedy Skinny Brow - MERAKI\",\"isPartOf\":{\"@id\":\"https:\/\/digilago.es\/mugun\/#website\"},\"primaryImageOfPage\":{\"@id\":\"https:\/\/digilago.es\/mugun\/producto\/peripera-speedy-skinny-brow\/#primaryimage\"},\"image\":{\"@id\":\"https:\/\/digilago.es\/mugun\/producto\/peripera-speedy-skinny-brow\/#primaryimage\"},\"thumbnailUrl\":\"https:\/\/digilago.es\/mugun\/wp-content\/uploads\/sites\/5\/2024\/01\/41GtJMyVpFL.jpg\",\"datePublished\":\"2024-01-06T00:43:39+00:00\",\"dateModified\":\"2024-01-09T07:51:30+00:00\",\"breadcrumb\":{\"@id\":\"https:\/\/digilago.es\/mugun\/producto\/peripera-speedy-skinny-brow\/#breadcrumb\"},\"inLanguage\":\"es\",\"potentialAction\":[{\"@type\":\"ReadAction\",\"target\":[\"https:\/\/digilago.es\/mugun\/producto\/peripera-speedy-skinny-brow\/\"]}]},{\"@type\":\"ImageObject\",\"inLanguage\":\"es\",\"@id\":\"https:\/\/digilago.es\/mugun\/producto\/peripera-speedy-skinny-brow\/#primaryimage\",\"url\":\"https:\/\/digilago.es\/mugun\/wp-content\/uploads\/sites\/5\/2024\/01\/41GtJMyVpFL.jpg\",\"contentUrl\":\"https:\/\/digilago.es\/mugun\/wp-content\/uploads\/sites\/5\/2024\/01\/41GtJMyVpFL.jpg\",\"width\":1200,\"height\":1200},{\"@type\":\"BreadcrumbList\",\"@id\":\"https:\/\/digilago.es\/mugun\/producto\/peripera-speedy-skinny-brow\/#breadcrumb\",\"itemListElement\":[{\"@type\":\"ListItem\",\"position\":1,\"name\":\"Portada\",\"item\":\"https:\/\/digilago.es\/mugun\/\"},{\"@type\":\"ListItem\",\"position\":2,\"name\":\"Todos los productos\",\"item\":\"https:\/\/digilago.es\/mugun\/shop\/\"},{\"@type\":\"ListItem\",\"position\":3,\"name\":\"PERIPERA \u2013 Speedy Skinny Brow\"}]},{\"@type\":\"WebSite\",\"@id\":\"https:\/\/digilago.es\/mugun\/#website\",\"url\":\"https:\/\/digilago.es\/mugun\/\",\"name\":\"MERAKI\",\"description\":\"Otro sitio m\u00e1s de DIGILAGO proyectos de negocio alumnos\",\"publisher\":{\"@id\":\"https:\/\/digilago.es\/mugun\/#organization\"},\"potentialAction\":[{\"@type\":\"SearchAction\",\"target\":{\"@type\":\"EntryPoint\",\"urlTemplate\":\"https:\/\/digilago.es\/mugun\/?s={search_term_string}\"},\"query-input\":{\"@type\":\"PropertyValueSpecification\",\"valueRequired\":true,\"valueName\":\"search_term_string\"}}],\"inLanguage\":\"es\"},{\"@type\":\"Organization\",\"@id\":\"https:\/\/digilago.es\/mugun\/#organization\",\"name\":\"MERAKI\",\"url\":\"https:\/\/digilago.es\/mugun\/\",\"logo\":{\"@type\":\"ImageObject\",\"inLanguage\":\"es\",\"@id\":\"https:\/\/digilago.es\/mugun\/#\/schema\/logo\/image\/\",\"url\":\"https:\/\/digilago.es\/mugun\/wp-content\/uploads\/sites\/5\/2024\/01\/cropped-cropped-Logo-blanco-sin-nombre.png\",\"contentUrl\":\"https:\/\/digilago.es\/mugun\/wp-content\/uploads\/sites\/5\/2024\/01\/cropped-cropped-Logo-blanco-sin-nombre.png\",\"width\":184,\"height\":166,\"caption\":\"MERAKI\"},\"image\":{\"@id\":\"https:\/\/digilago.es\/mugun\/#\/schema\/logo\/image\/\"}}]}<\/script>\n<!-- \/ Yoast SEO plugin. -->","yoast_head_json":{"title":"PERIPERA \u2013 Speedy Skinny Brow - MERAKI","robots":{"index":"index","follow":"follow","max-snippet":"max-snippet:-1","max-image-preview":"max-image-preview:large","max-video-preview":"max-video-preview:-1"},"canonical":"https:\/\/digilago.es\/mugun\/producto\/peripera-speedy-skinny-brow\/","og_locale":"es_ES","og_type":"article","og_title":"PERIPERA \u2013 Speedy Skinny Brow - MERAKI","og_description":"L\u00e1piz suave y deslizante, facilita una aplicaci\u00f3n sin esfuerzo y evita tirones o irritaciones en la piel sensible de las cejas. Su dise\u00f1o delgado permite una aplicaci\u00f3n controlada, lo que es especialmente \u00fatil para rellenar \u00e1reas dispersas o definir la forma deseada de las cejas con precisi\u00f3n.  Contenido: 3 gr","og_url":"https:\/\/digilago.es\/mugun\/producto\/peripera-speedy-skinny-brow\/","og_site_name":"MERAKI","article_modified_time":"2024-01-09T07:51:30+00:00","og_image":[{"width":1200,"height":1200,"url":"https:\/\/digilago.es\/mugun\/wp-content\/uploads\/sites\/5\/2024\/01\/41GtJMyVpFL.jpg","type":"image\/jpeg"}],"twitter_card":"summary_large_image","twitter_misc":{"Tiempo de lectura":"1 minuto"},"schema":{"@context":"https:\/\/schema.org","@graph":[{"@type":"WebPage","@id":"https:\/\/digilago.es\/mugun\/producto\/peripera-speedy-skinny-brow\/","url":"https:\/\/digilago.es\/mugun\/producto\/peripera-speedy-skinny-brow\/","name":"PERIPERA \u2013 Speedy Skinny Brow - MERAKI","isPartOf":{"@id":"https:\/\/digilago.es\/mugun\/#website"},"primaryImageOfPage":{"@id":"https:\/\/digilago.es\/mugun\/producto\/peripera-speedy-skinny-brow\/#primaryimage"},"image":{"@id":"https:\/\/digilago.es\/mugun\/producto\/peripera-speedy-skinny-brow\/#primaryimage"},"thumbnailUrl":"https:\/\/digilago.es\/mugun\/wp-content\/uploads\/sites\/5\/2024\/01\/41GtJMyVpFL.jpg","datePublished":"2024-01-06T00:43:39+00:00","dateModified":"2024-01-09T07:51:30+00:00","breadcrumb":{"@id":"https:\/\/digilago.es\/mugun\/producto\/peripera-speedy-skinny-brow\/#breadcrumb"},"inLanguage":"es","potentialAction":[{"@type":"ReadAction","target":["https:\/\/digilago.es\/mugun\/producto\/peripera-speedy-skinny-brow\/"]}]},{"@type":"ImageObject","inLanguage":"es","@id":"https:\/\/digilago.es\/mugun\/producto\/peripera-speedy-skinny-brow\/#primaryimage","url":"https:\/\/digilago.es\/mugun\/wp-content\/uploads\/sites\/5\/2024\/01\/41GtJMyVpFL.jpg","contentUrl":"https:\/\/digilago.es\/mugun\/wp-content\/uploads\/sites\/5\/2024\/01\/41GtJMyVpFL.jpg","width":1200,"height":1200},{"@type":"BreadcrumbList","@id":"https:\/\/digilago.es\/mugun\/producto\/peripera-speedy-skinny-brow\/#breadcrumb","itemListElement":[{"@type":"ListItem","position":1,"name":"Portada","item":"https:\/\/digilago.es\/mugun\/"},{"@type":"ListItem","position":2,"name":"Todos los productos","item":"https:\/\/digilago.es\/mugun\/shop\/"},{"@type":"ListItem","position":3,"name":"PERIPERA \u2013 Speedy Skinny Brow"}]},{"@type":"WebSite","@id":"https:\/\/digilago.es\/mugun\/#website","url":"https:\/\/digilago.es\/mugun\/","name":"MERAKI","description":"Otro sitio m\u00e1s de DIGILAGO proyectos de negocio alumnos","publisher":{"@id":"https:\/\/digilago.es\/mugun\/#organization"},"potentialAction":[{"@type":"SearchAction","target":{"@type":"EntryPoint","urlTemplate":"https:\/\/digilago.es\/mugun\/?s={search_term_string}"},"query-input":{"@type":"PropertyValueSpecification","valueRequired":true,"valueName":"search_term_string"}}],"inLanguage":"es"},{"@type":"Organization","@id":"https:\/\/digilago.es\/mugun\/#organization","name":"MERAKI","url":"https:\/\/digilago.es\/mugun\/","logo":{"@type":"ImageObject","inLanguage":"es","@id":"https:\/\/digilago.es\/mugun\/#\/schema\/logo\/image\/","url":"https:\/\/digilago.es\/mugun\/wp-content\/uploads\/sites\/5\/2024\/01\/cropped-cropped-Logo-blanco-sin-nombre.png","contentUrl":"https:\/\/digilago.es\/mugun\/wp-content\/uploads\/sites\/5\/2024\/01\/cropped-cropped-Logo-blanco-sin-nombre.png","width":184,"height":166,"caption":"MERAKI"},"image":{"@id":"https:\/\/digilago.es\/mugun\/#\/schema\/logo\/image\/"}}]}},"_links":{"self":[{"href":"https:\/\/digilago.es\/mugun\/wp-json\/wp\/v2\/product\/5427","targetHints":{"allow":["GET"]}}],"collection":[{"href":"https:\/\/digilago.es\/mugun\/wp-json\/wp\/v2\/product"}],"about":[{"href":"https:\/\/digilago.es\/mugun\/wp-json\/wp\/v2\/types\/product"}],"replies":[{"embeddable":true,"href":"https:\/\/digilago.es\/mugun\/wp-json\/wp\/v2\/comments?post=5427"}],"wp:featuredmedia":[{"embeddable":true,"href":"https:\/\/digilago.es\/mugun\/wp-json\/wp\/v2\/media\/5777"}],"wp:attachment":[{"href":"https:\/\/digilago.es\/mugun\/wp-json\/wp\/v2\/media?parent=5427"}],"wp:term":[{"taxonomy":"product_brand","embeddable":true,"href":"https:\/\/digilago.es\/mugun\/wp-json\/wp\/v2\/product_brand?post=5427"},{"taxonomy":"product_cat","embeddable":true,"href":"https:\/\/digilago.es\/mugun\/wp-json\/wp\/v2\/product_cat?post=5427"},{"taxonomy":"product_tag","embeddable":true,"href":"https:\/\/digilago.es\/mugun\/wp-json\/wp\/v2\/product_tag?post=5427"}],"curies":[{"name":"wp","href":"https:\/\/api.w.org\/{rel}","templated":true}]}}