{"id":5397,"date":"2024-01-06T00:39:22","date_gmt":"2024-01-06T00:39:22","guid":{"rendered":"https:\/\/digilago.es\/mugun\/?post_type=product&#038;p=5397"},"modified":"2024-01-09T05:45:06","modified_gmt":"2024-01-09T05:45:06","slug":"peripera-pure-blushed-sunshine-cheek","status":"publish","type":"product","link":"https:\/\/digilago.es\/mugun\/producto\/peripera-pure-blushed-sunshine-cheek\/","title":{"rendered":"PERIPERA \u2013 Pure Blushed Sunshine Cheek"},"content":{"rendered":"<p><strong><u>C\u00f3mo aplicar:<\/u><\/strong><\/p>\n<p>Sonr\u00ede levemente para localizar las manzanas de tus mejillas, con una brocha de rubor, toma un poco de producto y apl\u00edcalo en movimientos circulares ascendentes, por \u00faltimo, difumina bien para un brillo sutil y luminoso.<\/p>\n<p><strong><u>Beneficios:<\/u><\/strong><\/p>\n<ul>\n<li><strong>Compatibilidad: <\/strong>es adecuado para una amplia gama de tonos de piel, garantizando un aspecto armonioso y favorecedor para la mayor\u00eda de los usuarios.<\/li>\n<li><strong>Durabilidad: <\/strong>contiene una f\u00f3rmula de larga duraci\u00f3n que mantiene el color vibrante durante horas.<\/li>\n<li><strong>Acabado luminoso: <\/strong>proporciona un brillo sutil y radiante, reminiscente de la luz del sol sobre la piel.<\/li>\n<\/ul>\n<p><strong><u>Ingredientes:<\/u><\/strong><\/p>\n<p>2-HEXANEDIOL, TALC, [#13 NICE PINK]: TALC, MANGANESE VIOLET, RED IRON OXIDE, YELLOW IRON OXIDE, IRON OXIDES(CI 77492), IRON OXIDE BLACK, ALUMINIUM HYDROXIDE, TITANIUM DIOXIDE, 2-HEXANEDIOL, MAGNESIUM MYRISTATE, METHYL METHACRYLATE CROSSPOLYMER, CI 73360, [#11 PICNIC PINK]: TALC, HYDROGENATED LECITHIN, DIISOSTEARYL MALATE, YELLOW 4, HELINDONE PINK CN CI 73360, ISOCETYL MYRISTATE, GLYCERYL CAPRYLATE, 1, RED 30 LAKE (CI 73360), TRIETHOXYCAPRYLYLSILANE, ULTRAMARINE, METHICONE, VEGETABLE OIL, METHYL METHACRYLATE CROSSPOLYMER, OCTYLDODECYL STEAROYL STEARATE, MICA, TRIETHOXYCAPRYLYLSILANE, ALUMINUM HYDROXIDE, IRON OXIDES(CI 77499), ALUMINUM HYDROXIDE, ULTRAMARINES(CI 77007), IRON OXIDES(CI 77491), METHICONE, HYDROGENATED LECITHIN, ISOCETYL MYRISTATE, HELICHRYSUM ITALICUM FLOWER WATER, DIISOSTEARYLMALATE, RED NO. 226, CI 73360, YELLOW 5 LAKE(CI 19140), MICA, DIMETHICONE, ALUMINUM HYDROXIDE, IRON OXIDES(CI 77499), HYDROGENATED RAPESEED OIL, TALC, IRON OXIDES(CI 77491), VEGETABLE OIL, ULTRAMARINES, IRON OXIDES(CI 77492), 2-HEXANEDIO, MANGANESE VIOLET, RED 226, OCTYLDODECYL STEAROYL STEARATE, TARTRAZINE (CI 19140), ULTRAMARINES(CI 77007), TITANIUM DIOXIDE, BLACK IRON OXIDE, GLYCERYL CAPRYLATE, IRON OXIDE RED, SYNTHETIC FLUORPHLOGOPITE, TITANIUM DIOXIDE CI 77891, 1,2-HEXANEDIOL, TIN OXIDE, DIMETHICONE, [#12 SUNNY PINK]: TALC, MAGNESIUM MYRISTATE, CAPRYLIC\/CAPRIC TRIGLYCERIDE, DIISOSTEARYL MALATE<\/p>\n","protected":false},"excerpt":{"rendered":"<p>Rubor con textura suave y f\u00e1cil de difuminar, permitiendo una aplicaci\u00f3n sin esfuerzo que se mezcla perfectamente con la piel para un acabado suave y luminoso. Este rubor ofrece una pigmentaci\u00f3n modulable, lo que significa que puedes construir el color desde un ligero rubor hasta una apariencia m\u00e1s intensa, adapt\u00e1ndose a tus preferencias y ocasiones.<\/p>\n<p>Contenido: 4,2 gr<\/p>\n","protected":false},"featured_media":5754,"comment_status":"open","ping_status":"closed","template":"","meta":{"site-sidebar-layout":"default","site-content-layout":"","ast-site-content-layout":"default","site-content-style":"default","site-sidebar-style":"default","ast-global-header-display":"","ast-banner-title-visibility":"","ast-main-header-display":"","ast-hfb-above-header-display":"","ast-hfb-below-header-display":"","ast-hfb-mobile-header-display":"","site-post-title":"","ast-breadcrumbs-content":"","ast-featured-img":"","footer-sml-layout":"","ast-disable-related-posts":"","theme-transparent-header-meta":"default","adv-header-id-meta":"","stick-header-meta":"","header-above-stick-meta":"","header-main-stick-meta":"","header-below-stick-meta":"","astra-migrate-meta-layouts":"set","ast-page-background-enabled":"default","ast-page-background-meta":{"desktop":{"background-color":"var(--ast-global-color-4)","background-image":"","background-repeat":"repeat","background-position":"center center","background-size":"auto","background-attachment":"scroll","background-type":"","background-media":"","overlay-type":"","overlay-color":"","overlay-opacity":"","overlay-gradient":""},"tablet":{"background-color":"","background-image":"","background-repeat":"repeat","background-position":"center center","background-size":"auto","background-attachment":"scroll","background-type":"","background-media":"","overlay-type":"","overlay-color":"","overlay-opacity":"","overlay-gradient":""},"mobile":{"background-color":"","background-image":"","background-repeat":"repeat","background-position":"center center","background-size":"auto","background-attachment":"scroll","background-type":"","background-media":"","overlay-type":"","overlay-color":"","overlay-opacity":"","overlay-gradient":""}},"ast-content-background-meta":{"desktop":{"background-color":"var(--ast-global-color-5)","background-image":"","background-repeat":"repeat","background-position":"center center","background-size":"auto","background-attachment":"scroll","background-type":"","background-media":"","overlay-type":"","overlay-color":"","overlay-opacity":"","overlay-gradient":""},"tablet":{"background-color":"var(--ast-global-color-5)","background-image":"","background-repeat":"repeat","background-position":"center center","background-size":"auto","background-attachment":"scroll","background-type":"","background-media":"","overlay-type":"","overlay-color":"","overlay-opacity":"","overlay-gradient":""},"mobile":{"background-color":"var(--ast-global-color-5)","background-image":"","background-repeat":"repeat","background-position":"center center","background-size":"auto","background-attachment":"scroll","background-type":"","background-media":"","overlay-type":"","overlay-color":"","overlay-opacity":"","overlay-gradient":""}}},"product_brand":[],"product_cat":[110,115,114,102,94,61,42,31],"product_tag":[],"class_list":{"0":"post-5397","1":"product","2":"type-product","3":"status-publish","4":"has-post-thumbnail","6":"product_cat-coloretes","7":"product_cat-glow","8":"product_cat-mate","9":"product_cat-peripera","10":"product_cat-rostro","11":"product_cat-piel-mixta","12":"product_cat-piel-seca","13":"product_cat-sensible","14":"desktop-align-center","15":"tablet-align-left","16":"mobile-align-left","18":"first","19":"instock","20":"shipping-taxable","21":"purchasable","22":"product-type-variable"},"yoast_head":"<!-- This site is optimized with the Yoast SEO plugin v26.8 - https:\/\/yoast.com\/product\/yoast-seo-wordpress\/ -->\n<title>PERIPERA \u2013 Pure Blushed Sunshine Cheek - MERAKI<\/title>\n<meta name=\"robots\" content=\"index, follow, max-snippet:-1, max-image-preview:large, max-video-preview:-1\" \/>\n<link rel=\"canonical\" href=\"https:\/\/digilago.es\/mugun\/producto\/peripera-pure-blushed-sunshine-cheek\/\" \/>\n<meta property=\"og:locale\" content=\"es_ES\" \/>\n<meta property=\"og:type\" content=\"article\" \/>\n<meta property=\"og:title\" content=\"PERIPERA \u2013 Pure Blushed Sunshine Cheek - MERAKI\" \/>\n<meta property=\"og:description\" content=\"Rubor con textura suave y f\u00e1cil de difuminar, permitiendo una aplicaci\u00f3n sin esfuerzo que se mezcla perfectamente con la piel para un acabado suave y luminoso. Este rubor ofrece una pigmentaci\u00f3n modulable, lo que significa que puedes construir el color desde un ligero rubor hasta una apariencia m\u00e1s intensa, adapt\u00e1ndose a tus preferencias y ocasiones.  Contenido: 4,2 gr\" \/>\n<meta property=\"og:url\" content=\"https:\/\/digilago.es\/mugun\/producto\/peripera-pure-blushed-sunshine-cheek\/\" \/>\n<meta property=\"og:site_name\" content=\"MERAKI\" \/>\n<meta property=\"article:modified_time\" content=\"2024-01-09T05:45:06+00:00\" \/>\n<meta property=\"og:image\" content=\"https:\/\/digilago.es\/mugun\/wp-content\/uploads\/sites\/5\/2024\/01\/peripera-pure-blushed-sunshine-cheek-12-c8da39a0fbe2c205c416576884918460-640-0.png\" \/>\n\t<meta property=\"og:image:width\" content=\"640\" \/>\n\t<meta property=\"og:image:height\" content=\"640\" \/>\n\t<meta property=\"og:image:type\" content=\"image\/png\" \/>\n<meta name=\"twitter:card\" content=\"summary_large_image\" \/>\n<meta name=\"twitter:label1\" content=\"Tiempo de lectura\" \/>\n\t<meta name=\"twitter:data1\" content=\"2 minutos\" \/>\n<script type=\"application\/ld+json\" class=\"yoast-schema-graph\">{\"@context\":\"https:\/\/schema.org\",\"@graph\":[{\"@type\":\"WebPage\",\"@id\":\"https:\/\/digilago.es\/mugun\/producto\/peripera-pure-blushed-sunshine-cheek\/\",\"url\":\"https:\/\/digilago.es\/mugun\/producto\/peripera-pure-blushed-sunshine-cheek\/\",\"name\":\"PERIPERA \u2013 Pure Blushed Sunshine Cheek - MERAKI\",\"isPartOf\":{\"@id\":\"https:\/\/digilago.es\/mugun\/#website\"},\"primaryImageOfPage\":{\"@id\":\"https:\/\/digilago.es\/mugun\/producto\/peripera-pure-blushed-sunshine-cheek\/#primaryimage\"},\"image\":{\"@id\":\"https:\/\/digilago.es\/mugun\/producto\/peripera-pure-blushed-sunshine-cheek\/#primaryimage\"},\"thumbnailUrl\":\"https:\/\/digilago.es\/mugun\/wp-content\/uploads\/sites\/5\/2024\/01\/peripera-pure-blushed-sunshine-cheek-12-c8da39a0fbe2c205c416576884918460-640-0.png\",\"datePublished\":\"2024-01-06T00:39:22+00:00\",\"dateModified\":\"2024-01-09T05:45:06+00:00\",\"breadcrumb\":{\"@id\":\"https:\/\/digilago.es\/mugun\/producto\/peripera-pure-blushed-sunshine-cheek\/#breadcrumb\"},\"inLanguage\":\"es\",\"potentialAction\":[{\"@type\":\"ReadAction\",\"target\":[\"https:\/\/digilago.es\/mugun\/producto\/peripera-pure-blushed-sunshine-cheek\/\"]}]},{\"@type\":\"ImageObject\",\"inLanguage\":\"es\",\"@id\":\"https:\/\/digilago.es\/mugun\/producto\/peripera-pure-blushed-sunshine-cheek\/#primaryimage\",\"url\":\"https:\/\/digilago.es\/mugun\/wp-content\/uploads\/sites\/5\/2024\/01\/peripera-pure-blushed-sunshine-cheek-12-c8da39a0fbe2c205c416576884918460-640-0.png\",\"contentUrl\":\"https:\/\/digilago.es\/mugun\/wp-content\/uploads\/sites\/5\/2024\/01\/peripera-pure-blushed-sunshine-cheek-12-c8da39a0fbe2c205c416576884918460-640-0.png\",\"width\":640,\"height\":640},{\"@type\":\"BreadcrumbList\",\"@id\":\"https:\/\/digilago.es\/mugun\/producto\/peripera-pure-blushed-sunshine-cheek\/#breadcrumb\",\"itemListElement\":[{\"@type\":\"ListItem\",\"position\":1,\"name\":\"Portada\",\"item\":\"https:\/\/digilago.es\/mugun\/\"},{\"@type\":\"ListItem\",\"position\":2,\"name\":\"Todos los productos\",\"item\":\"https:\/\/digilago.es\/mugun\/shop\/\"},{\"@type\":\"ListItem\",\"position\":3,\"name\":\"PERIPERA \u2013 Pure Blushed Sunshine Cheek\"}]},{\"@type\":\"WebSite\",\"@id\":\"https:\/\/digilago.es\/mugun\/#website\",\"url\":\"https:\/\/digilago.es\/mugun\/\",\"name\":\"MERAKI\",\"description\":\"Otro sitio m\u00e1s de DIGILAGO proyectos de negocio alumnos\",\"publisher\":{\"@id\":\"https:\/\/digilago.es\/mugun\/#organization\"},\"potentialAction\":[{\"@type\":\"SearchAction\",\"target\":{\"@type\":\"EntryPoint\",\"urlTemplate\":\"https:\/\/digilago.es\/mugun\/?s={search_term_string}\"},\"query-input\":{\"@type\":\"PropertyValueSpecification\",\"valueRequired\":true,\"valueName\":\"search_term_string\"}}],\"inLanguage\":\"es\"},{\"@type\":\"Organization\",\"@id\":\"https:\/\/digilago.es\/mugun\/#organization\",\"name\":\"MERAKI\",\"url\":\"https:\/\/digilago.es\/mugun\/\",\"logo\":{\"@type\":\"ImageObject\",\"inLanguage\":\"es\",\"@id\":\"https:\/\/digilago.es\/mugun\/#\/schema\/logo\/image\/\",\"url\":\"https:\/\/digilago.es\/mugun\/wp-content\/uploads\/sites\/5\/2024\/01\/cropped-cropped-Logo-blanco-sin-nombre.png\",\"contentUrl\":\"https:\/\/digilago.es\/mugun\/wp-content\/uploads\/sites\/5\/2024\/01\/cropped-cropped-Logo-blanco-sin-nombre.png\",\"width\":184,\"height\":166,\"caption\":\"MERAKI\"},\"image\":{\"@id\":\"https:\/\/digilago.es\/mugun\/#\/schema\/logo\/image\/\"}}]}<\/script>\n<!-- \/ Yoast SEO plugin. -->","yoast_head_json":{"title":"PERIPERA \u2013 Pure Blushed Sunshine Cheek - MERAKI","robots":{"index":"index","follow":"follow","max-snippet":"max-snippet:-1","max-image-preview":"max-image-preview:large","max-video-preview":"max-video-preview:-1"},"canonical":"https:\/\/digilago.es\/mugun\/producto\/peripera-pure-blushed-sunshine-cheek\/","og_locale":"es_ES","og_type":"article","og_title":"PERIPERA \u2013 Pure Blushed Sunshine Cheek - MERAKI","og_description":"Rubor con textura suave y f\u00e1cil de difuminar, permitiendo una aplicaci\u00f3n sin esfuerzo que se mezcla perfectamente con la piel para un acabado suave y luminoso. Este rubor ofrece una pigmentaci\u00f3n modulable, lo que significa que puedes construir el color desde un ligero rubor hasta una apariencia m\u00e1s intensa, adapt\u00e1ndose a tus preferencias y ocasiones.  Contenido: 4,2 gr","og_url":"https:\/\/digilago.es\/mugun\/producto\/peripera-pure-blushed-sunshine-cheek\/","og_site_name":"MERAKI","article_modified_time":"2024-01-09T05:45:06+00:00","og_image":[{"width":640,"height":640,"url":"https:\/\/digilago.es\/mugun\/wp-content\/uploads\/sites\/5\/2024\/01\/peripera-pure-blushed-sunshine-cheek-12-c8da39a0fbe2c205c416576884918460-640-0.png","type":"image\/png"}],"twitter_card":"summary_large_image","twitter_misc":{"Tiempo de lectura":"2 minutos"},"schema":{"@context":"https:\/\/schema.org","@graph":[{"@type":"WebPage","@id":"https:\/\/digilago.es\/mugun\/producto\/peripera-pure-blushed-sunshine-cheek\/","url":"https:\/\/digilago.es\/mugun\/producto\/peripera-pure-blushed-sunshine-cheek\/","name":"PERIPERA \u2013 Pure Blushed Sunshine Cheek - MERAKI","isPartOf":{"@id":"https:\/\/digilago.es\/mugun\/#website"},"primaryImageOfPage":{"@id":"https:\/\/digilago.es\/mugun\/producto\/peripera-pure-blushed-sunshine-cheek\/#primaryimage"},"image":{"@id":"https:\/\/digilago.es\/mugun\/producto\/peripera-pure-blushed-sunshine-cheek\/#primaryimage"},"thumbnailUrl":"https:\/\/digilago.es\/mugun\/wp-content\/uploads\/sites\/5\/2024\/01\/peripera-pure-blushed-sunshine-cheek-12-c8da39a0fbe2c205c416576884918460-640-0.png","datePublished":"2024-01-06T00:39:22+00:00","dateModified":"2024-01-09T05:45:06+00:00","breadcrumb":{"@id":"https:\/\/digilago.es\/mugun\/producto\/peripera-pure-blushed-sunshine-cheek\/#breadcrumb"},"inLanguage":"es","potentialAction":[{"@type":"ReadAction","target":["https:\/\/digilago.es\/mugun\/producto\/peripera-pure-blushed-sunshine-cheek\/"]}]},{"@type":"ImageObject","inLanguage":"es","@id":"https:\/\/digilago.es\/mugun\/producto\/peripera-pure-blushed-sunshine-cheek\/#primaryimage","url":"https:\/\/digilago.es\/mugun\/wp-content\/uploads\/sites\/5\/2024\/01\/peripera-pure-blushed-sunshine-cheek-12-c8da39a0fbe2c205c416576884918460-640-0.png","contentUrl":"https:\/\/digilago.es\/mugun\/wp-content\/uploads\/sites\/5\/2024\/01\/peripera-pure-blushed-sunshine-cheek-12-c8da39a0fbe2c205c416576884918460-640-0.png","width":640,"height":640},{"@type":"BreadcrumbList","@id":"https:\/\/digilago.es\/mugun\/producto\/peripera-pure-blushed-sunshine-cheek\/#breadcrumb","itemListElement":[{"@type":"ListItem","position":1,"name":"Portada","item":"https:\/\/digilago.es\/mugun\/"},{"@type":"ListItem","position":2,"name":"Todos los productos","item":"https:\/\/digilago.es\/mugun\/shop\/"},{"@type":"ListItem","position":3,"name":"PERIPERA \u2013 Pure Blushed Sunshine Cheek"}]},{"@type":"WebSite","@id":"https:\/\/digilago.es\/mugun\/#website","url":"https:\/\/digilago.es\/mugun\/","name":"MERAKI","description":"Otro sitio m\u00e1s de DIGILAGO proyectos de negocio alumnos","publisher":{"@id":"https:\/\/digilago.es\/mugun\/#organization"},"potentialAction":[{"@type":"SearchAction","target":{"@type":"EntryPoint","urlTemplate":"https:\/\/digilago.es\/mugun\/?s={search_term_string}"},"query-input":{"@type":"PropertyValueSpecification","valueRequired":true,"valueName":"search_term_string"}}],"inLanguage":"es"},{"@type":"Organization","@id":"https:\/\/digilago.es\/mugun\/#organization","name":"MERAKI","url":"https:\/\/digilago.es\/mugun\/","logo":{"@type":"ImageObject","inLanguage":"es","@id":"https:\/\/digilago.es\/mugun\/#\/schema\/logo\/image\/","url":"https:\/\/digilago.es\/mugun\/wp-content\/uploads\/sites\/5\/2024\/01\/cropped-cropped-Logo-blanco-sin-nombre.png","contentUrl":"https:\/\/digilago.es\/mugun\/wp-content\/uploads\/sites\/5\/2024\/01\/cropped-cropped-Logo-blanco-sin-nombre.png","width":184,"height":166,"caption":"MERAKI"},"image":{"@id":"https:\/\/digilago.es\/mugun\/#\/schema\/logo\/image\/"}}]}},"_links":{"self":[{"href":"https:\/\/digilago.es\/mugun\/wp-json\/wp\/v2\/product\/5397","targetHints":{"allow":["GET"]}}],"collection":[{"href":"https:\/\/digilago.es\/mugun\/wp-json\/wp\/v2\/product"}],"about":[{"href":"https:\/\/digilago.es\/mugun\/wp-json\/wp\/v2\/types\/product"}],"replies":[{"embeddable":true,"href":"https:\/\/digilago.es\/mugun\/wp-json\/wp\/v2\/comments?post=5397"}],"wp:featuredmedia":[{"embeddable":true,"href":"https:\/\/digilago.es\/mugun\/wp-json\/wp\/v2\/media\/5754"}],"wp:attachment":[{"href":"https:\/\/digilago.es\/mugun\/wp-json\/wp\/v2\/media?parent=5397"}],"wp:term":[{"taxonomy":"product_brand","embeddable":true,"href":"https:\/\/digilago.es\/mugun\/wp-json\/wp\/v2\/product_brand?post=5397"},{"taxonomy":"product_cat","embeddable":true,"href":"https:\/\/digilago.es\/mugun\/wp-json\/wp\/v2\/product_cat?post=5397"},{"taxonomy":"product_tag","embeddable":true,"href":"https:\/\/digilago.es\/mugun\/wp-json\/wp\/v2\/product_tag?post=5397"}],"curies":[{"name":"wp","href":"https:\/\/api.w.org\/{rel}","templated":true}]}}