{"id":5367,"date":"2024-01-06T00:37:21","date_gmt":"2024-01-06T00:37:21","guid":{"rendered":"https:\/\/digilago.es\/mugun\/?post_type=product&#038;p=5367"},"modified":"2024-01-08T03:06:52","modified_gmt":"2024-01-08T03:06:52","slug":"innisfree-no-sebum-mineral-pact","status":"publish","type":"product","link":"https:\/\/digilago.es\/mugun\/producto\/innisfree-no-sebum-mineral-pact\/","title":{"rendered":"INNISFREE \u2013 No Sebum Mineral Pact"},"content":{"rendered":"<p><strong><u>C\u00f3mo aplicar:<\/u><\/strong><\/p>\n<p>Usando una brocha o la esponja proporcionada para recoger el producto, presiona suavemente sobre las zonas del rostro propensas al brillo, como la zona T, difumina el producto hacia afuera para un acabado mate y fresco.<\/p>\n<p><strong><u>Beneficios:<\/u><\/strong><\/p>\n<ul>\n<li><strong>Control del brillo: <\/strong>ayuda a controlar y reducir el exceso de grasa, manteniendo un acabado mate durante horas.<\/li>\n<li><strong>Fijaci\u00f3n del maquillaje: <\/strong>act\u00faa como un velo para fijar el maquillaje, prolongando su durabilidad a lo largo del d\u00eda.<\/li>\n<li><strong>Ingredientes naturales: <\/strong>enriquecido con minerales naturales de la isla de Jeju, ofrece beneficios adicionales de cuidado para la piel, ayudando a mantenerla equilibrada y saludable.<\/li>\n<\/ul>\n<p><strong><u>Ingredientes:<\/u><\/strong><\/p>\n<p>ALUMINUM STARCH OCTENYLSUCCINATE, OCTYLDODECYL STEAROYL STEARATE, SILICA, SORBITAN ISOSTEARATE, METHICONE, ETHYLHEXYLGLYCERIN, GLYCERYL CAPRYLATE, MINERAL SALTS, BUTYLENE GLYCOL, 1,2-HEXANEDIOL, WATER, DISTILLED WATER, CI 77019\/MICA, POLYMETHYL METHACRYLATE, CAPRYLYL GLYCOL, MENTHA ARVENSIS LEAF EXTRACT, ACETIC ACID, POLYPROPYLENE, PHENOXYETHANOL, MAGNESIUM MYRISTATE, CAMELLIA SINENSIS LEAF EXTRACT, DIMETHICONE, POLYETHYLENE, SQUALANE, SQUALENE, SILICA DIMETHICONE SILYLATE, SILICA DIMETHYL SILYLATE, MENTHA HAPLOCALIX EXTRACT, DISODIUM EDTA, TOCOPHEROL, MICA, KAOLIN<\/p>\n","protected":false},"excerpt":{"rendered":"<p>Polvos fijadores que ayudan a absorber el exceso de sebo y a mantener la piel equilibrada. Su textura ligera permite una f\u00e1cil aplicaci\u00f3n y retoque sobre el maquillaje durante el d\u00eda, ofreciendo una sensaci\u00f3n de frescura y comodidad sin obstruir los poros.<\/p>\n<p>Contenido: 8,5 gr<\/p>\n","protected":false},"featured_media":5730,"comment_status":"open","ping_status":"closed","template":"","meta":{"site-sidebar-layout":"default","site-content-layout":"","ast-site-content-layout":"default","site-content-style":"default","site-sidebar-style":"default","ast-global-header-display":"","ast-banner-title-visibility":"","ast-main-header-display":"","ast-hfb-above-header-display":"","ast-hfb-below-header-display":"","ast-hfb-mobile-header-display":"","site-post-title":"","ast-breadcrumbs-content":"","ast-featured-img":"","footer-sml-layout":"","ast-disable-related-posts":"","theme-transparent-header-meta":"default","adv-header-id-meta":"","stick-header-meta":"","header-above-stick-meta":"","header-main-stick-meta":"","header-below-stick-meta":"","astra-migrate-meta-layouts":"set","ast-page-background-enabled":"default","ast-page-background-meta":{"desktop":{"background-color":"var(--ast-global-color-4)","background-image":"","background-repeat":"repeat","background-position":"center center","background-size":"auto","background-attachment":"scroll","background-type":"","background-media":"","overlay-type":"","overlay-color":"","overlay-opacity":"","overlay-gradient":""},"tablet":{"background-color":"","background-image":"","background-repeat":"repeat","background-position":"center center","background-size":"auto","background-attachment":"scroll","background-type":"","background-media":"","overlay-type":"","overlay-color":"","overlay-opacity":"","overlay-gradient":""},"mobile":{"background-color":"","background-image":"","background-repeat":"repeat","background-position":"center center","background-size":"auto","background-attachment":"scroll","background-type":"","background-media":"","overlay-type":"","overlay-color":"","overlay-opacity":"","overlay-gradient":""}},"ast-content-background-meta":{"desktop":{"background-color":"var(--ast-global-color-5)","background-image":"","background-repeat":"repeat","background-position":"center center","background-size":"auto","background-attachment":"scroll","background-type":"","background-media":"","overlay-type":"","overlay-color":"","overlay-opacity":"","overlay-gradient":""},"tablet":{"background-color":"var(--ast-global-color-5)","background-image":"","background-repeat":"repeat","background-position":"center center","background-size":"auto","background-attachment":"scroll","background-type":"","background-media":"","overlay-type":"","overlay-color":"","overlay-opacity":"","overlay-gradient":""},"mobile":{"background-color":"var(--ast-global-color-5)","background-image":"","background-repeat":"repeat","background-position":"center center","background-size":"auto","background-attachment":"scroll","background-type":"","background-media":"","overlay-type":"","overlay-color":"","overlay-opacity":"","overlay-gradient":""}}},"product_brand":[],"product_cat":[114,128,94,55,45,47,61,31],"product_tag":[],"class_list":{"0":"post-5367","1":"product","2":"type-product","3":"status-publish","4":"has-post-thumbnail","6":"product_cat-mate","7":"product_cat-polvos-fijadores","8":"product_cat-rostro","9":"product_cat-innisfree","10":"product_cat-piel-con-acne","11":"product_cat-piel-grasa","12":"product_cat-piel-mixta","13":"product_cat-sensible","14":"desktop-align-center","15":"tablet-align-left","16":"mobile-align-left","18":"first","19":"instock","20":"shipping-taxable","21":"purchasable","22":"product-type-simple"},"yoast_head":"<!-- This site is optimized with the Yoast SEO plugin v26.8 - https:\/\/yoast.com\/product\/yoast-seo-wordpress\/ -->\n<title>INNISFREE \u2013 No Sebum Mineral Pact - MERAKI<\/title>\n<meta name=\"robots\" content=\"index, follow, max-snippet:-1, max-image-preview:large, max-video-preview:-1\" \/>\n<link rel=\"canonical\" href=\"https:\/\/digilago.es\/mugun\/producto\/innisfree-no-sebum-mineral-pact\/\" \/>\n<meta property=\"og:locale\" content=\"es_ES\" \/>\n<meta property=\"og:type\" content=\"article\" \/>\n<meta property=\"og:title\" content=\"INNISFREE \u2013 No Sebum Mineral Pact - MERAKI\" \/>\n<meta property=\"og:description\" content=\"Polvos fijadores que ayudan a absorber el exceso de sebo y a mantener la piel equilibrada. Su textura ligera permite una f\u00e1cil aplicaci\u00f3n y retoque sobre el maquillaje durante el d\u00eda, ofreciendo una sensaci\u00f3n de frescura y comodidad sin obstruir los poros.  Contenido: 8,5 gr\" \/>\n<meta property=\"og:url\" content=\"https:\/\/digilago.es\/mugun\/producto\/innisfree-no-sebum-mineral-pact\/\" \/>\n<meta property=\"og:site_name\" content=\"MERAKI\" \/>\n<meta property=\"article:modified_time\" content=\"2024-01-08T03:06:52+00:00\" \/>\n<meta property=\"og:image\" content=\"https:\/\/digilago.es\/mugun\/wp-content\/uploads\/sites\/5\/2024\/01\/278_0bd77595-311f-4e69-bfa0-c13a378672eb.webp\" \/>\n\t<meta property=\"og:image:width\" content=\"1080\" \/>\n\t<meta property=\"og:image:height\" content=\"1080\" \/>\n\t<meta property=\"og:image:type\" content=\"image\/webp\" \/>\n<meta name=\"twitter:card\" content=\"summary_large_image\" \/>\n<meta name=\"twitter:label1\" content=\"Tiempo de lectura\" \/>\n\t<meta name=\"twitter:data1\" content=\"1 minuto\" \/>\n<script type=\"application\/ld+json\" class=\"yoast-schema-graph\">{\"@context\":\"https:\/\/schema.org\",\"@graph\":[{\"@type\":\"WebPage\",\"@id\":\"https:\/\/digilago.es\/mugun\/producto\/innisfree-no-sebum-mineral-pact\/\",\"url\":\"https:\/\/digilago.es\/mugun\/producto\/innisfree-no-sebum-mineral-pact\/\",\"name\":\"INNISFREE \u2013 No Sebum Mineral Pact - MERAKI\",\"isPartOf\":{\"@id\":\"https:\/\/digilago.es\/mugun\/#website\"},\"primaryImageOfPage\":{\"@id\":\"https:\/\/digilago.es\/mugun\/producto\/innisfree-no-sebum-mineral-pact\/#primaryimage\"},\"image\":{\"@id\":\"https:\/\/digilago.es\/mugun\/producto\/innisfree-no-sebum-mineral-pact\/#primaryimage\"},\"thumbnailUrl\":\"https:\/\/digilago.es\/mugun\/wp-content\/uploads\/sites\/5\/2024\/01\/278_0bd77595-311f-4e69-bfa0-c13a378672eb.webp\",\"datePublished\":\"2024-01-06T00:37:21+00:00\",\"dateModified\":\"2024-01-08T03:06:52+00:00\",\"breadcrumb\":{\"@id\":\"https:\/\/digilago.es\/mugun\/producto\/innisfree-no-sebum-mineral-pact\/#breadcrumb\"},\"inLanguage\":\"es\",\"potentialAction\":[{\"@type\":\"ReadAction\",\"target\":[\"https:\/\/digilago.es\/mugun\/producto\/innisfree-no-sebum-mineral-pact\/\"]}]},{\"@type\":\"ImageObject\",\"inLanguage\":\"es\",\"@id\":\"https:\/\/digilago.es\/mugun\/producto\/innisfree-no-sebum-mineral-pact\/#primaryimage\",\"url\":\"https:\/\/digilago.es\/mugun\/wp-content\/uploads\/sites\/5\/2024\/01\/278_0bd77595-311f-4e69-bfa0-c13a378672eb.webp\",\"contentUrl\":\"https:\/\/digilago.es\/mugun\/wp-content\/uploads\/sites\/5\/2024\/01\/278_0bd77595-311f-4e69-bfa0-c13a378672eb.webp\",\"width\":1080,\"height\":1080},{\"@type\":\"BreadcrumbList\",\"@id\":\"https:\/\/digilago.es\/mugun\/producto\/innisfree-no-sebum-mineral-pact\/#breadcrumb\",\"itemListElement\":[{\"@type\":\"ListItem\",\"position\":1,\"name\":\"Portada\",\"item\":\"https:\/\/digilago.es\/mugun\/\"},{\"@type\":\"ListItem\",\"position\":2,\"name\":\"Todos los productos\",\"item\":\"https:\/\/digilago.es\/mugun\/shop\/\"},{\"@type\":\"ListItem\",\"position\":3,\"name\":\"INNISFREE \u2013 No Sebum Mineral Pact\"}]},{\"@type\":\"WebSite\",\"@id\":\"https:\/\/digilago.es\/mugun\/#website\",\"url\":\"https:\/\/digilago.es\/mugun\/\",\"name\":\"MERAKI\",\"description\":\"Otro sitio m\u00e1s de DIGILAGO proyectos de negocio alumnos\",\"publisher\":{\"@id\":\"https:\/\/digilago.es\/mugun\/#organization\"},\"potentialAction\":[{\"@type\":\"SearchAction\",\"target\":{\"@type\":\"EntryPoint\",\"urlTemplate\":\"https:\/\/digilago.es\/mugun\/?s={search_term_string}\"},\"query-input\":{\"@type\":\"PropertyValueSpecification\",\"valueRequired\":true,\"valueName\":\"search_term_string\"}}],\"inLanguage\":\"es\"},{\"@type\":\"Organization\",\"@id\":\"https:\/\/digilago.es\/mugun\/#organization\",\"name\":\"MERAKI\",\"url\":\"https:\/\/digilago.es\/mugun\/\",\"logo\":{\"@type\":\"ImageObject\",\"inLanguage\":\"es\",\"@id\":\"https:\/\/digilago.es\/mugun\/#\/schema\/logo\/image\/\",\"url\":\"https:\/\/digilago.es\/mugun\/wp-content\/uploads\/sites\/5\/2024\/01\/cropped-cropped-Logo-blanco-sin-nombre.png\",\"contentUrl\":\"https:\/\/digilago.es\/mugun\/wp-content\/uploads\/sites\/5\/2024\/01\/cropped-cropped-Logo-blanco-sin-nombre.png\",\"width\":184,\"height\":166,\"caption\":\"MERAKI\"},\"image\":{\"@id\":\"https:\/\/digilago.es\/mugun\/#\/schema\/logo\/image\/\"}}]}<\/script>\n<!-- \/ Yoast SEO plugin. -->","yoast_head_json":{"title":"INNISFREE \u2013 No Sebum Mineral Pact - MERAKI","robots":{"index":"index","follow":"follow","max-snippet":"max-snippet:-1","max-image-preview":"max-image-preview:large","max-video-preview":"max-video-preview:-1"},"canonical":"https:\/\/digilago.es\/mugun\/producto\/innisfree-no-sebum-mineral-pact\/","og_locale":"es_ES","og_type":"article","og_title":"INNISFREE \u2013 No Sebum Mineral Pact - MERAKI","og_description":"Polvos fijadores que ayudan a absorber el exceso de sebo y a mantener la piel equilibrada. Su textura ligera permite una f\u00e1cil aplicaci\u00f3n y retoque sobre el maquillaje durante el d\u00eda, ofreciendo una sensaci\u00f3n de frescura y comodidad sin obstruir los poros.  Contenido: 8,5 gr","og_url":"https:\/\/digilago.es\/mugun\/producto\/innisfree-no-sebum-mineral-pact\/","og_site_name":"MERAKI","article_modified_time":"2024-01-08T03:06:52+00:00","og_image":[{"width":1080,"height":1080,"url":"https:\/\/digilago.es\/mugun\/wp-content\/uploads\/sites\/5\/2024\/01\/278_0bd77595-311f-4e69-bfa0-c13a378672eb.webp","type":"image\/webp"}],"twitter_card":"summary_large_image","twitter_misc":{"Tiempo de lectura":"1 minuto"},"schema":{"@context":"https:\/\/schema.org","@graph":[{"@type":"WebPage","@id":"https:\/\/digilago.es\/mugun\/producto\/innisfree-no-sebum-mineral-pact\/","url":"https:\/\/digilago.es\/mugun\/producto\/innisfree-no-sebum-mineral-pact\/","name":"INNISFREE \u2013 No Sebum Mineral Pact - MERAKI","isPartOf":{"@id":"https:\/\/digilago.es\/mugun\/#website"},"primaryImageOfPage":{"@id":"https:\/\/digilago.es\/mugun\/producto\/innisfree-no-sebum-mineral-pact\/#primaryimage"},"image":{"@id":"https:\/\/digilago.es\/mugun\/producto\/innisfree-no-sebum-mineral-pact\/#primaryimage"},"thumbnailUrl":"https:\/\/digilago.es\/mugun\/wp-content\/uploads\/sites\/5\/2024\/01\/278_0bd77595-311f-4e69-bfa0-c13a378672eb.webp","datePublished":"2024-01-06T00:37:21+00:00","dateModified":"2024-01-08T03:06:52+00:00","breadcrumb":{"@id":"https:\/\/digilago.es\/mugun\/producto\/innisfree-no-sebum-mineral-pact\/#breadcrumb"},"inLanguage":"es","potentialAction":[{"@type":"ReadAction","target":["https:\/\/digilago.es\/mugun\/producto\/innisfree-no-sebum-mineral-pact\/"]}]},{"@type":"ImageObject","inLanguage":"es","@id":"https:\/\/digilago.es\/mugun\/producto\/innisfree-no-sebum-mineral-pact\/#primaryimage","url":"https:\/\/digilago.es\/mugun\/wp-content\/uploads\/sites\/5\/2024\/01\/278_0bd77595-311f-4e69-bfa0-c13a378672eb.webp","contentUrl":"https:\/\/digilago.es\/mugun\/wp-content\/uploads\/sites\/5\/2024\/01\/278_0bd77595-311f-4e69-bfa0-c13a378672eb.webp","width":1080,"height":1080},{"@type":"BreadcrumbList","@id":"https:\/\/digilago.es\/mugun\/producto\/innisfree-no-sebum-mineral-pact\/#breadcrumb","itemListElement":[{"@type":"ListItem","position":1,"name":"Portada","item":"https:\/\/digilago.es\/mugun\/"},{"@type":"ListItem","position":2,"name":"Todos los productos","item":"https:\/\/digilago.es\/mugun\/shop\/"},{"@type":"ListItem","position":3,"name":"INNISFREE \u2013 No Sebum Mineral Pact"}]},{"@type":"WebSite","@id":"https:\/\/digilago.es\/mugun\/#website","url":"https:\/\/digilago.es\/mugun\/","name":"MERAKI","description":"Otro sitio m\u00e1s de DIGILAGO proyectos de negocio alumnos","publisher":{"@id":"https:\/\/digilago.es\/mugun\/#organization"},"potentialAction":[{"@type":"SearchAction","target":{"@type":"EntryPoint","urlTemplate":"https:\/\/digilago.es\/mugun\/?s={search_term_string}"},"query-input":{"@type":"PropertyValueSpecification","valueRequired":true,"valueName":"search_term_string"}}],"inLanguage":"es"},{"@type":"Organization","@id":"https:\/\/digilago.es\/mugun\/#organization","name":"MERAKI","url":"https:\/\/digilago.es\/mugun\/","logo":{"@type":"ImageObject","inLanguage":"es","@id":"https:\/\/digilago.es\/mugun\/#\/schema\/logo\/image\/","url":"https:\/\/digilago.es\/mugun\/wp-content\/uploads\/sites\/5\/2024\/01\/cropped-cropped-Logo-blanco-sin-nombre.png","contentUrl":"https:\/\/digilago.es\/mugun\/wp-content\/uploads\/sites\/5\/2024\/01\/cropped-cropped-Logo-blanco-sin-nombre.png","width":184,"height":166,"caption":"MERAKI"},"image":{"@id":"https:\/\/digilago.es\/mugun\/#\/schema\/logo\/image\/"}}]}},"_links":{"self":[{"href":"https:\/\/digilago.es\/mugun\/wp-json\/wp\/v2\/product\/5367","targetHints":{"allow":["GET"]}}],"collection":[{"href":"https:\/\/digilago.es\/mugun\/wp-json\/wp\/v2\/product"}],"about":[{"href":"https:\/\/digilago.es\/mugun\/wp-json\/wp\/v2\/types\/product"}],"replies":[{"embeddable":true,"href":"https:\/\/digilago.es\/mugun\/wp-json\/wp\/v2\/comments?post=5367"}],"wp:featuredmedia":[{"embeddable":true,"href":"https:\/\/digilago.es\/mugun\/wp-json\/wp\/v2\/media\/5730"}],"wp:attachment":[{"href":"https:\/\/digilago.es\/mugun\/wp-json\/wp\/v2\/media?parent=5367"}],"wp:term":[{"taxonomy":"product_brand","embeddable":true,"href":"https:\/\/digilago.es\/mugun\/wp-json\/wp\/v2\/product_brand?post=5367"},{"taxonomy":"product_cat","embeddable":true,"href":"https:\/\/digilago.es\/mugun\/wp-json\/wp\/v2\/product_cat?post=5367"},{"taxonomy":"product_tag","embeddable":true,"href":"https:\/\/digilago.es\/mugun\/wp-json\/wp\/v2\/product_tag?post=5367"}],"curies":[{"name":"wp","href":"https:\/\/api.w.org\/{rel}","templated":true}]}}