{"id":5361,"date":"2024-01-06T00:36:37","date_gmt":"2024-01-06T00:36:37","guid":{"rendered":"https:\/\/digilago.es\/mugun\/?post_type=product&#038;p=5361"},"modified":"2024-01-07T20:57:59","modified_gmt":"2024-01-07T20:57:59","slug":"innisfree-no-sebum-mineral-powder","status":"publish","type":"product","link":"https:\/\/digilago.es\/mugun\/producto\/innisfree-no-sebum-mineral-powder\/","title":{"rendered":"INNISFREE \u2013 No Sebum Mineral Powder"},"content":{"rendered":"<p><strong><u>C\u00f3mo aplicar:<\/u><\/strong><\/p>\n<ol>\n<li>Usa una brocha grande o una esponja para polvos sueltos. Toma una peque\u00f1a cantidad del polvo y apl\u00edcalo suavemente sobre la zona T y otras \u00e1reas propensas a la oleosidad.<\/li>\n<li>Difumina con movimientos suaves para lograr un acabado mate.<\/li>\n<li>Aseg\u00farate de no aplicar una capa gruesa para evitar que la piel luzca reseca.<\/li>\n<\/ol>\n<p><strong><u>Beneficios:<\/u><\/strong><\/p>\n<ol>\n<li><strong>Control de brillo:<\/strong> absorbe eficazmente el exceso de grasa y controla el brillo facial durante varias horas.<\/li>\n<li><strong>Textura ligera:<\/strong> su f\u00f3rmula liviana no agrega peso ni sensaci\u00f3n de pesadez en la piel.<\/li>\n<li><strong>Minimiza poros:<\/strong> ayuda a minimizar la apariencia de los poros dilatados.<\/li>\n<li><strong>No obstruye los poros:<\/strong> formulado para no obstruir los poros, permitiendo que la piel respire y evitando la aparici\u00f3n de imperfecciones.<\/li>\n<li><strong>Matifica la piel:<\/strong> proporciona un acabado mate y fresco sin dejar residuos visibles.<\/li>\n<\/ol>\n<p><strong><u>Ingredientes:<\/u><\/strong><\/p>\n<p>MICA, CAOL\u00cdN, OCTENILSUCCINATO DE ALMID\u00d3N DE ALUMINIO, METACRILATO DE POLIMETILO, ESTEARATO DE OCTILDODECILO ESTEAROILO, S\u00cdLICE, POLIPROPILENO, ESCUALANO, SILILATO DE DIMETIL S\u00cdLICE, POLIETILENO, ISOESTEARATO DE SORBIT\u00c1N, DIMETICONA, METICONA, ETILHEXILGLICERINA, CAPRILATO DE GLICERILO, AGUA, SALES MINERALES, BUTILENGLICOL, HOJA DE CAMELLIA SINENSIS EXTRACTO, FENOXIETANOL, CAPRILIL GLICOL, 1,2-HEXANODIOL, EXTRACTO DE MENTHA HAPLOCALIX, EDTA DIS\u00d3DICO, \u00c1CIDO AC\u00c9TICO.<\/p>\n","protected":false},"excerpt":{"rendered":"<p>Un polvo mineral transl\u00facido dise\u00f1ado para controlar la producci\u00f3n de grasa y el brillo en la piel. Con extracto de menta, ayuda a mantener una apariencia mate y fresca, absorbiendo el exceso de sebo.<\/p>\n<p>Contenido: 5 gr<\/p>\n","protected":false},"featured_media":5662,"comment_status":"open","ping_status":"closed","template":"","meta":{"site-sidebar-layout":"default","site-content-layout":"","ast-site-content-layout":"default","site-content-style":"default","site-sidebar-style":"default","ast-global-header-display":"","ast-banner-title-visibility":"","ast-main-header-display":"","ast-hfb-above-header-display":"","ast-hfb-below-header-display":"","ast-hfb-mobile-header-display":"","site-post-title":"","ast-breadcrumbs-content":"","ast-featured-img":"","footer-sml-layout":"","ast-disable-related-posts":"","theme-transparent-header-meta":"default","adv-header-id-meta":"","stick-header-meta":"","header-above-stick-meta":"","header-main-stick-meta":"","header-below-stick-meta":"","astra-migrate-meta-layouts":"set","ast-page-background-enabled":"default","ast-page-background-meta":{"desktop":{"background-color":"var(--ast-global-color-4)","background-image":"","background-repeat":"repeat","background-position":"center center","background-size":"auto","background-attachment":"scroll","background-type":"","background-media":"","overlay-type":"","overlay-color":"","overlay-opacity":"","overlay-gradient":""},"tablet":{"background-color":"","background-image":"","background-repeat":"repeat","background-position":"center center","background-size":"auto","background-attachment":"scroll","background-type":"","background-media":"","overlay-type":"","overlay-color":"","overlay-opacity":"","overlay-gradient":""},"mobile":{"background-color":"","background-image":"","background-repeat":"repeat","background-position":"center center","background-size":"auto","background-attachment":"scroll","background-type":"","background-media":"","overlay-type":"","overlay-color":"","overlay-opacity":"","overlay-gradient":""}},"ast-content-background-meta":{"desktop":{"background-color":"var(--ast-global-color-5)","background-image":"","background-repeat":"repeat","background-position":"center center","background-size":"auto","background-attachment":"scroll","background-type":"","background-media":"","overlay-type":"","overlay-color":"","overlay-opacity":"","overlay-gradient":""},"tablet":{"background-color":"var(--ast-global-color-5)","background-image":"","background-repeat":"repeat","background-position":"center center","background-size":"auto","background-attachment":"scroll","background-type":"","background-media":"","overlay-type":"","overlay-color":"","overlay-opacity":"","overlay-gradient":""},"mobile":{"background-color":"var(--ast-global-color-5)","background-image":"","background-repeat":"repeat","background-position":"center center","background-size":"auto","background-attachment":"scroll","background-type":"","background-media":"","overlay-type":"","overlay-color":"","overlay-opacity":"","overlay-gradient":""}}},"product_brand":[],"product_cat":[114,128,94,55,45,47,61,42,31,33],"product_tag":[],"class_list":{"0":"post-5361","1":"product","2":"type-product","3":"status-publish","4":"has-post-thumbnail","6":"product_cat-mate","7":"product_cat-polvos-fijadores","8":"product_cat-rostro","9":"product_cat-innisfree","10":"product_cat-piel-con-acne","11":"product_cat-piel-grasa","12":"product_cat-piel-mixta","13":"product_cat-piel-seca","14":"product_cat-sensible","15":"product_cat-todo-tipo-de-piel","16":"desktop-align-center","17":"tablet-align-left","18":"mobile-align-left","20":"first","21":"instock","22":"shipping-taxable","23":"purchasable","24":"product-type-simple"},"yoast_head":"<!-- This site is optimized with the Yoast SEO plugin v26.8 - https:\/\/yoast.com\/product\/yoast-seo-wordpress\/ -->\n<title>INNISFREE \u2013 No Sebum Mineral Powder - MERAKI<\/title>\n<meta name=\"robots\" content=\"index, follow, max-snippet:-1, max-image-preview:large, max-video-preview:-1\" \/>\n<link rel=\"canonical\" href=\"https:\/\/digilago.es\/mugun\/producto\/innisfree-no-sebum-mineral-powder\/\" \/>\n<meta property=\"og:locale\" content=\"es_ES\" \/>\n<meta property=\"og:type\" content=\"article\" \/>\n<meta property=\"og:title\" content=\"INNISFREE \u2013 No Sebum Mineral Powder - MERAKI\" \/>\n<meta property=\"og:description\" content=\"Un polvo mineral transl\u00facido dise\u00f1ado para controlar la producci\u00f3n de grasa y el brillo en la piel. Con extracto de menta, ayuda a mantener una apariencia mate y fresca, absorbiendo el exceso de sebo.  Contenido: 5 gr\" \/>\n<meta property=\"og:url\" content=\"https:\/\/digilago.es\/mugun\/producto\/innisfree-no-sebum-mineral-powder\/\" \/>\n<meta property=\"og:site_name\" content=\"MERAKI\" \/>\n<meta property=\"article:modified_time\" content=\"2024-01-07T20:57:59+00:00\" \/>\n<meta property=\"og:image\" content=\"https:\/\/digilago.es\/mugun\/wp-content\/uploads\/sites\/5\/2024\/01\/55.jpg\" \/>\n\t<meta property=\"og:image:width\" content=\"516\" \/>\n\t<meta property=\"og:image:height\" content=\"516\" \/>\n\t<meta property=\"og:image:type\" content=\"image\/jpeg\" \/>\n<meta name=\"twitter:card\" content=\"summary_large_image\" \/>\n<meta name=\"twitter:label1\" content=\"Tiempo de lectura\" \/>\n\t<meta name=\"twitter:data1\" content=\"1 minuto\" \/>\n<script type=\"application\/ld+json\" class=\"yoast-schema-graph\">{\"@context\":\"https:\/\/schema.org\",\"@graph\":[{\"@type\":\"WebPage\",\"@id\":\"https:\/\/digilago.es\/mugun\/producto\/innisfree-no-sebum-mineral-powder\/\",\"url\":\"https:\/\/digilago.es\/mugun\/producto\/innisfree-no-sebum-mineral-powder\/\",\"name\":\"INNISFREE \u2013 No Sebum Mineral Powder - MERAKI\",\"isPartOf\":{\"@id\":\"https:\/\/digilago.es\/mugun\/#website\"},\"primaryImageOfPage\":{\"@id\":\"https:\/\/digilago.es\/mugun\/producto\/innisfree-no-sebum-mineral-powder\/#primaryimage\"},\"image\":{\"@id\":\"https:\/\/digilago.es\/mugun\/producto\/innisfree-no-sebum-mineral-powder\/#primaryimage\"},\"thumbnailUrl\":\"https:\/\/digilago.es\/mugun\/wp-content\/uploads\/sites\/5\/2024\/01\/55.jpg\",\"datePublished\":\"2024-01-06T00:36:37+00:00\",\"dateModified\":\"2024-01-07T20:57:59+00:00\",\"breadcrumb\":{\"@id\":\"https:\/\/digilago.es\/mugun\/producto\/innisfree-no-sebum-mineral-powder\/#breadcrumb\"},\"inLanguage\":\"es\",\"potentialAction\":[{\"@type\":\"ReadAction\",\"target\":[\"https:\/\/digilago.es\/mugun\/producto\/innisfree-no-sebum-mineral-powder\/\"]}]},{\"@type\":\"ImageObject\",\"inLanguage\":\"es\",\"@id\":\"https:\/\/digilago.es\/mugun\/producto\/innisfree-no-sebum-mineral-powder\/#primaryimage\",\"url\":\"https:\/\/digilago.es\/mugun\/wp-content\/uploads\/sites\/5\/2024\/01\/55.jpg\",\"contentUrl\":\"https:\/\/digilago.es\/mugun\/wp-content\/uploads\/sites\/5\/2024\/01\/55.jpg\",\"width\":516,\"height\":516},{\"@type\":\"BreadcrumbList\",\"@id\":\"https:\/\/digilago.es\/mugun\/producto\/innisfree-no-sebum-mineral-powder\/#breadcrumb\",\"itemListElement\":[{\"@type\":\"ListItem\",\"position\":1,\"name\":\"Portada\",\"item\":\"https:\/\/digilago.es\/mugun\/\"},{\"@type\":\"ListItem\",\"position\":2,\"name\":\"Todos los productos\",\"item\":\"https:\/\/digilago.es\/mugun\/shop\/\"},{\"@type\":\"ListItem\",\"position\":3,\"name\":\"INNISFREE \u2013 No Sebum Mineral Powder\"}]},{\"@type\":\"WebSite\",\"@id\":\"https:\/\/digilago.es\/mugun\/#website\",\"url\":\"https:\/\/digilago.es\/mugun\/\",\"name\":\"MERAKI\",\"description\":\"Otro sitio m\u00e1s de DIGILAGO proyectos de negocio alumnos\",\"publisher\":{\"@id\":\"https:\/\/digilago.es\/mugun\/#organization\"},\"potentialAction\":[{\"@type\":\"SearchAction\",\"target\":{\"@type\":\"EntryPoint\",\"urlTemplate\":\"https:\/\/digilago.es\/mugun\/?s={search_term_string}\"},\"query-input\":{\"@type\":\"PropertyValueSpecification\",\"valueRequired\":true,\"valueName\":\"search_term_string\"}}],\"inLanguage\":\"es\"},{\"@type\":\"Organization\",\"@id\":\"https:\/\/digilago.es\/mugun\/#organization\",\"name\":\"MERAKI\",\"url\":\"https:\/\/digilago.es\/mugun\/\",\"logo\":{\"@type\":\"ImageObject\",\"inLanguage\":\"es\",\"@id\":\"https:\/\/digilago.es\/mugun\/#\/schema\/logo\/image\/\",\"url\":\"https:\/\/digilago.es\/mugun\/wp-content\/uploads\/sites\/5\/2024\/01\/cropped-cropped-Logo-blanco-sin-nombre.png\",\"contentUrl\":\"https:\/\/digilago.es\/mugun\/wp-content\/uploads\/sites\/5\/2024\/01\/cropped-cropped-Logo-blanco-sin-nombre.png\",\"width\":184,\"height\":166,\"caption\":\"MERAKI\"},\"image\":{\"@id\":\"https:\/\/digilago.es\/mugun\/#\/schema\/logo\/image\/\"}}]}<\/script>\n<!-- \/ Yoast SEO plugin. -->","yoast_head_json":{"title":"INNISFREE \u2013 No Sebum Mineral Powder - MERAKI","robots":{"index":"index","follow":"follow","max-snippet":"max-snippet:-1","max-image-preview":"max-image-preview:large","max-video-preview":"max-video-preview:-1"},"canonical":"https:\/\/digilago.es\/mugun\/producto\/innisfree-no-sebum-mineral-powder\/","og_locale":"es_ES","og_type":"article","og_title":"INNISFREE \u2013 No Sebum Mineral Powder - MERAKI","og_description":"Un polvo mineral transl\u00facido dise\u00f1ado para controlar la producci\u00f3n de grasa y el brillo en la piel. Con extracto de menta, ayuda a mantener una apariencia mate y fresca, absorbiendo el exceso de sebo.  Contenido: 5 gr","og_url":"https:\/\/digilago.es\/mugun\/producto\/innisfree-no-sebum-mineral-powder\/","og_site_name":"MERAKI","article_modified_time":"2024-01-07T20:57:59+00:00","og_image":[{"width":516,"height":516,"url":"https:\/\/digilago.es\/mugun\/wp-content\/uploads\/sites\/5\/2024\/01\/55.jpg","type":"image\/jpeg"}],"twitter_card":"summary_large_image","twitter_misc":{"Tiempo de lectura":"1 minuto"},"schema":{"@context":"https:\/\/schema.org","@graph":[{"@type":"WebPage","@id":"https:\/\/digilago.es\/mugun\/producto\/innisfree-no-sebum-mineral-powder\/","url":"https:\/\/digilago.es\/mugun\/producto\/innisfree-no-sebum-mineral-powder\/","name":"INNISFREE \u2013 No Sebum Mineral Powder - MERAKI","isPartOf":{"@id":"https:\/\/digilago.es\/mugun\/#website"},"primaryImageOfPage":{"@id":"https:\/\/digilago.es\/mugun\/producto\/innisfree-no-sebum-mineral-powder\/#primaryimage"},"image":{"@id":"https:\/\/digilago.es\/mugun\/producto\/innisfree-no-sebum-mineral-powder\/#primaryimage"},"thumbnailUrl":"https:\/\/digilago.es\/mugun\/wp-content\/uploads\/sites\/5\/2024\/01\/55.jpg","datePublished":"2024-01-06T00:36:37+00:00","dateModified":"2024-01-07T20:57:59+00:00","breadcrumb":{"@id":"https:\/\/digilago.es\/mugun\/producto\/innisfree-no-sebum-mineral-powder\/#breadcrumb"},"inLanguage":"es","potentialAction":[{"@type":"ReadAction","target":["https:\/\/digilago.es\/mugun\/producto\/innisfree-no-sebum-mineral-powder\/"]}]},{"@type":"ImageObject","inLanguage":"es","@id":"https:\/\/digilago.es\/mugun\/producto\/innisfree-no-sebum-mineral-powder\/#primaryimage","url":"https:\/\/digilago.es\/mugun\/wp-content\/uploads\/sites\/5\/2024\/01\/55.jpg","contentUrl":"https:\/\/digilago.es\/mugun\/wp-content\/uploads\/sites\/5\/2024\/01\/55.jpg","width":516,"height":516},{"@type":"BreadcrumbList","@id":"https:\/\/digilago.es\/mugun\/producto\/innisfree-no-sebum-mineral-powder\/#breadcrumb","itemListElement":[{"@type":"ListItem","position":1,"name":"Portada","item":"https:\/\/digilago.es\/mugun\/"},{"@type":"ListItem","position":2,"name":"Todos los productos","item":"https:\/\/digilago.es\/mugun\/shop\/"},{"@type":"ListItem","position":3,"name":"INNISFREE \u2013 No Sebum Mineral Powder"}]},{"@type":"WebSite","@id":"https:\/\/digilago.es\/mugun\/#website","url":"https:\/\/digilago.es\/mugun\/","name":"MERAKI","description":"Otro sitio m\u00e1s de DIGILAGO proyectos de negocio alumnos","publisher":{"@id":"https:\/\/digilago.es\/mugun\/#organization"},"potentialAction":[{"@type":"SearchAction","target":{"@type":"EntryPoint","urlTemplate":"https:\/\/digilago.es\/mugun\/?s={search_term_string}"},"query-input":{"@type":"PropertyValueSpecification","valueRequired":true,"valueName":"search_term_string"}}],"inLanguage":"es"},{"@type":"Organization","@id":"https:\/\/digilago.es\/mugun\/#organization","name":"MERAKI","url":"https:\/\/digilago.es\/mugun\/","logo":{"@type":"ImageObject","inLanguage":"es","@id":"https:\/\/digilago.es\/mugun\/#\/schema\/logo\/image\/","url":"https:\/\/digilago.es\/mugun\/wp-content\/uploads\/sites\/5\/2024\/01\/cropped-cropped-Logo-blanco-sin-nombre.png","contentUrl":"https:\/\/digilago.es\/mugun\/wp-content\/uploads\/sites\/5\/2024\/01\/cropped-cropped-Logo-blanco-sin-nombre.png","width":184,"height":166,"caption":"MERAKI"},"image":{"@id":"https:\/\/digilago.es\/mugun\/#\/schema\/logo\/image\/"}}]}},"_links":{"self":[{"href":"https:\/\/digilago.es\/mugun\/wp-json\/wp\/v2\/product\/5361","targetHints":{"allow":["GET"]}}],"collection":[{"href":"https:\/\/digilago.es\/mugun\/wp-json\/wp\/v2\/product"}],"about":[{"href":"https:\/\/digilago.es\/mugun\/wp-json\/wp\/v2\/types\/product"}],"replies":[{"embeddable":true,"href":"https:\/\/digilago.es\/mugun\/wp-json\/wp\/v2\/comments?post=5361"}],"wp:featuredmedia":[{"embeddable":true,"href":"https:\/\/digilago.es\/mugun\/wp-json\/wp\/v2\/media\/5662"}],"wp:attachment":[{"href":"https:\/\/digilago.es\/mugun\/wp-json\/wp\/v2\/media?parent=5361"}],"wp:term":[{"taxonomy":"product_brand","embeddable":true,"href":"https:\/\/digilago.es\/mugun\/wp-json\/wp\/v2\/product_brand?post=5361"},{"taxonomy":"product_cat","embeddable":true,"href":"https:\/\/digilago.es\/mugun\/wp-json\/wp\/v2\/product_cat?post=5361"},{"taxonomy":"product_tag","embeddable":true,"href":"https:\/\/digilago.es\/mugun\/wp-json\/wp\/v2\/product_tag?post=5361"}],"curies":[{"name":"wp","href":"https:\/\/api.w.org\/{rel}","templated":true}]}}