{"id":5355,"date":"2024-01-06T00:36:14","date_gmt":"2024-01-06T00:36:14","guid":{"rendered":"https:\/\/digilago.es\/mugun\/?post_type=product&#038;p=5355"},"modified":"2024-01-07T20:47:02","modified_gmt":"2024-01-07T20:47:02","slug":"etude-zero-sebum-drying-powder","status":"publish","type":"product","link":"https:\/\/digilago.es\/mugun\/producto\/etude-zero-sebum-drying-powder\/","title":{"rendered":"ETUDE \u2013 Zero Sebum Drying Powder"},"content":{"rendered":"<p><strong><u>C\u00f3mo aplicar:<\/u><\/strong><\/p>\n<ol>\n<li>Usa una brocha grande o una esponja para polvos sueltos. Toma una peque\u00f1a cantidad del polvo y apl\u00edcalo suavemente sobre la zona T y otras \u00e1reas propensas a la oleosidad.<\/li>\n<li>Difumina con movimientos suaves para lograr un acabado mate.<\/li>\n<li>Aseg\u00farate de no aplicar una capa gruesa para evitar que la piel luzca reseca.<\/li>\n<\/ol>\n<p><strong><u>Beneficios:<\/u><\/strong><\/p>\n<ol>\n<li><strong>Control de brillo:<\/strong> absorbe el exceso de grasa y controla el brillo facial, manteniendo la piel matificada durante m\u00e1s tiempo.<\/li>\n<li><strong>Fijaci\u00f3n del maquillaje:<\/strong> puede ser utilizado como polvo fijador para mantener el maquillaje en su lugar durante horas, evitando la transferencia y prolongando su duraci\u00f3n.<\/li>\n<li><strong>Textura trasl\u00facida:<\/strong> al ser trasl\u00facido, se adapta a una variedad de tonos de piel, proporcionando un acabado mate sin dejar rastros de color.<\/li>\n<\/ol>\n<p><strong><u>Ingredientes:<\/u><\/strong><\/p>\n<p>SILICA, MICA, CAPRYLIC\/CAPRIC TRIGLYCERIDE, HYDROXYAPATITE, DIMETHICONE\/VINYL DIMETHICONE CROSSPOLYMER, METHICONE, 1,2-HEXANEDIOL, GLYCERYL CAPRYLATE, LIMONENE, PINUS SYLVESTRIS LEAF OIL, WATER \/ AQUA \/ EAU, BUTYLENE GLYCOL, CITRUS AURANTIFOLIA (LIME) OIL, EUCALYPTUS GLOBULUS LEAF OIL, CITRUS AURANTIUM DULCIS (ORANGE) PEEL OIL, CITRUS AURANTIUM BERGAMIA (BERGAMOT) FRUIT OIL, GOSSYPIUM HERBACEUM (COTTON) EXTRACT, CITRUS LIMON (LEMON) PEEL OIL, SALIX ALBA (WILLOW) BARK EXTRACT, CHAMAECYPARIS OBTUSA LEAF EXTRACT, ORIGANUM VULGARE LEAF EXTRACT, CINNAMOMUM CASSIA BARK EXTRACT, PORTULACA OLERACEA EXTRACT, SCUTELLARIA BAICALENSIS ROOT EXTRACT, LACTOBACILLUS\/SOYBEAN FERMENT EXTRACT<\/p>\n","protected":false},"excerpt":{"rendered":"<p>Tinte labial hidratante, ligero, \u00a1de larga duraci\u00f3n e intransferibles! Su f\u00f3rmula mate se absorbe c\u00f3modamente en los labios logrando un acabado lleno de color. Disponible en cinco colores.<\/p>\n<p>Contenido: 4 gr<\/p>\n","protected":false},"featured_media":5657,"comment_status":"open","ping_status":"closed","template":"","meta":{"site-sidebar-layout":"default","site-content-layout":"","ast-site-content-layout":"default","site-content-style":"default","site-sidebar-style":"default","ast-global-header-display":"","ast-banner-title-visibility":"","ast-main-header-display":"","ast-hfb-above-header-display":"","ast-hfb-below-header-display":"","ast-hfb-mobile-header-display":"","site-post-title":"","ast-breadcrumbs-content":"","ast-featured-img":"","footer-sml-layout":"","ast-disable-related-posts":"","theme-transparent-header-meta":"default","adv-header-id-meta":"","stick-header-meta":"","header-above-stick-meta":"","header-main-stick-meta":"","header-below-stick-meta":"","astra-migrate-meta-layouts":"set","ast-page-background-enabled":"default","ast-page-background-meta":{"desktop":{"background-color":"var(--ast-global-color-4)","background-image":"","background-repeat":"repeat","background-position":"center center","background-size":"auto","background-attachment":"scroll","background-type":"","background-media":"","overlay-type":"","overlay-color":"","overlay-opacity":"","overlay-gradient":""},"tablet":{"background-color":"","background-image":"","background-repeat":"repeat","background-position":"center center","background-size":"auto","background-attachment":"scroll","background-type":"","background-media":"","overlay-type":"","overlay-color":"","overlay-opacity":"","overlay-gradient":""},"mobile":{"background-color":"","background-image":"","background-repeat":"repeat","background-position":"center center","background-size":"auto","background-attachment":"scroll","background-type":"","background-media":"","overlay-type":"","overlay-color":"","overlay-opacity":"","overlay-gradient":""}},"ast-content-background-meta":{"desktop":{"background-color":"var(--ast-global-color-5)","background-image":"","background-repeat":"repeat","background-position":"center center","background-size":"auto","background-attachment":"scroll","background-type":"","background-media":"","overlay-type":"","overlay-color":"","overlay-opacity":"","overlay-gradient":""},"tablet":{"background-color":"var(--ast-global-color-5)","background-image":"","background-repeat":"repeat","background-position":"center center","background-size":"auto","background-attachment":"scroll","background-type":"","background-media":"","overlay-type":"","overlay-color":"","overlay-opacity":"","overlay-gradient":""},"mobile":{"background-color":"var(--ast-global-color-5)","background-image":"","background-repeat":"repeat","background-position":"center center","background-size":"auto","background-attachment":"scroll","background-type":"","background-media":"","overlay-type":"","overlay-color":"","overlay-opacity":"","overlay-gradient":""}}},"product_brand":[],"product_cat":[114,128,94,56,45,47,61],"product_tag":[],"class_list":{"0":"post-5355","1":"product","2":"type-product","3":"status-publish","4":"has-post-thumbnail","6":"product_cat-mate","7":"product_cat-polvos-fijadores","8":"product_cat-rostro","9":"product_cat-etude","10":"product_cat-piel-con-acne","11":"product_cat-piel-grasa","12":"product_cat-piel-mixta","13":"desktop-align-center","14":"tablet-align-left","15":"mobile-align-left","17":"first","18":"instock","19":"shipping-taxable","20":"purchasable","21":"product-type-simple"},"yoast_head":"<!-- This site is optimized with the Yoast SEO plugin v26.8 - https:\/\/yoast.com\/product\/yoast-seo-wordpress\/ -->\n<title>ETUDE \u2013 Zero Sebum Drying Powder - MERAKI<\/title>\n<meta name=\"robots\" content=\"index, follow, max-snippet:-1, max-image-preview:large, max-video-preview:-1\" \/>\n<link rel=\"canonical\" href=\"https:\/\/digilago.es\/mugun\/producto\/etude-zero-sebum-drying-powder\/\" \/>\n<meta property=\"og:locale\" content=\"es_ES\" \/>\n<meta property=\"og:type\" content=\"article\" \/>\n<meta property=\"og:title\" content=\"ETUDE \u2013 Zero Sebum Drying Powder - MERAKI\" \/>\n<meta property=\"og:description\" content=\"Tinte labial hidratante, ligero, \u00a1de larga duraci\u00f3n e intransferibles! Su f\u00f3rmula mate se absorbe c\u00f3modamente en los labios logrando un acabado lleno de color. Disponible en cinco colores.  Contenido: 4 gr\" \/>\n<meta property=\"og:url\" content=\"https:\/\/digilago.es\/mugun\/producto\/etude-zero-sebum-drying-powder\/\" \/>\n<meta property=\"og:site_name\" content=\"MERAKI\" \/>\n<meta property=\"article:modified_time\" content=\"2024-01-07T20:47:02+00:00\" \/>\n<meta property=\"og:image\" content=\"https:\/\/digilago.es\/mugun\/wp-content\/uploads\/sites\/5\/2024\/01\/51.jpg\" \/>\n\t<meta property=\"og:image:width\" content=\"480\" \/>\n\t<meta property=\"og:image:height\" content=\"480\" \/>\n\t<meta property=\"og:image:type\" content=\"image\/jpeg\" \/>\n<meta name=\"twitter:card\" content=\"summary_large_image\" \/>\n<meta name=\"twitter:label1\" content=\"Tiempo de lectura\" \/>\n\t<meta name=\"twitter:data1\" content=\"1 minuto\" \/>\n<script type=\"application\/ld+json\" class=\"yoast-schema-graph\">{\"@context\":\"https:\/\/schema.org\",\"@graph\":[{\"@type\":\"WebPage\",\"@id\":\"https:\/\/digilago.es\/mugun\/producto\/etude-zero-sebum-drying-powder\/\",\"url\":\"https:\/\/digilago.es\/mugun\/producto\/etude-zero-sebum-drying-powder\/\",\"name\":\"ETUDE \u2013 Zero Sebum Drying Powder - MERAKI\",\"isPartOf\":{\"@id\":\"https:\/\/digilago.es\/mugun\/#website\"},\"primaryImageOfPage\":{\"@id\":\"https:\/\/digilago.es\/mugun\/producto\/etude-zero-sebum-drying-powder\/#primaryimage\"},\"image\":{\"@id\":\"https:\/\/digilago.es\/mugun\/producto\/etude-zero-sebum-drying-powder\/#primaryimage\"},\"thumbnailUrl\":\"https:\/\/digilago.es\/mugun\/wp-content\/uploads\/sites\/5\/2024\/01\/51.jpg\",\"datePublished\":\"2024-01-06T00:36:14+00:00\",\"dateModified\":\"2024-01-07T20:47:02+00:00\",\"breadcrumb\":{\"@id\":\"https:\/\/digilago.es\/mugun\/producto\/etude-zero-sebum-drying-powder\/#breadcrumb\"},\"inLanguage\":\"es\",\"potentialAction\":[{\"@type\":\"ReadAction\",\"target\":[\"https:\/\/digilago.es\/mugun\/producto\/etude-zero-sebum-drying-powder\/\"]}]},{\"@type\":\"ImageObject\",\"inLanguage\":\"es\",\"@id\":\"https:\/\/digilago.es\/mugun\/producto\/etude-zero-sebum-drying-powder\/#primaryimage\",\"url\":\"https:\/\/digilago.es\/mugun\/wp-content\/uploads\/sites\/5\/2024\/01\/51.jpg\",\"contentUrl\":\"https:\/\/digilago.es\/mugun\/wp-content\/uploads\/sites\/5\/2024\/01\/51.jpg\",\"width\":480,\"height\":480},{\"@type\":\"BreadcrumbList\",\"@id\":\"https:\/\/digilago.es\/mugun\/producto\/etude-zero-sebum-drying-powder\/#breadcrumb\",\"itemListElement\":[{\"@type\":\"ListItem\",\"position\":1,\"name\":\"Portada\",\"item\":\"https:\/\/digilago.es\/mugun\/\"},{\"@type\":\"ListItem\",\"position\":2,\"name\":\"Todos los productos\",\"item\":\"https:\/\/digilago.es\/mugun\/shop\/\"},{\"@type\":\"ListItem\",\"position\":3,\"name\":\"ETUDE \u2013 Zero Sebum Drying Powder\"}]},{\"@type\":\"WebSite\",\"@id\":\"https:\/\/digilago.es\/mugun\/#website\",\"url\":\"https:\/\/digilago.es\/mugun\/\",\"name\":\"MERAKI\",\"description\":\"Otro sitio m\u00e1s de DIGILAGO proyectos de negocio alumnos\",\"publisher\":{\"@id\":\"https:\/\/digilago.es\/mugun\/#organization\"},\"potentialAction\":[{\"@type\":\"SearchAction\",\"target\":{\"@type\":\"EntryPoint\",\"urlTemplate\":\"https:\/\/digilago.es\/mugun\/?s={search_term_string}\"},\"query-input\":{\"@type\":\"PropertyValueSpecification\",\"valueRequired\":true,\"valueName\":\"search_term_string\"}}],\"inLanguage\":\"es\"},{\"@type\":\"Organization\",\"@id\":\"https:\/\/digilago.es\/mugun\/#organization\",\"name\":\"MERAKI\",\"url\":\"https:\/\/digilago.es\/mugun\/\",\"logo\":{\"@type\":\"ImageObject\",\"inLanguage\":\"es\",\"@id\":\"https:\/\/digilago.es\/mugun\/#\/schema\/logo\/image\/\",\"url\":\"https:\/\/digilago.es\/mugun\/wp-content\/uploads\/sites\/5\/2024\/01\/cropped-cropped-Logo-blanco-sin-nombre.png\",\"contentUrl\":\"https:\/\/digilago.es\/mugun\/wp-content\/uploads\/sites\/5\/2024\/01\/cropped-cropped-Logo-blanco-sin-nombre.png\",\"width\":184,\"height\":166,\"caption\":\"MERAKI\"},\"image\":{\"@id\":\"https:\/\/digilago.es\/mugun\/#\/schema\/logo\/image\/\"}}]}<\/script>\n<!-- \/ Yoast SEO plugin. -->","yoast_head_json":{"title":"ETUDE \u2013 Zero Sebum Drying Powder - MERAKI","robots":{"index":"index","follow":"follow","max-snippet":"max-snippet:-1","max-image-preview":"max-image-preview:large","max-video-preview":"max-video-preview:-1"},"canonical":"https:\/\/digilago.es\/mugun\/producto\/etude-zero-sebum-drying-powder\/","og_locale":"es_ES","og_type":"article","og_title":"ETUDE \u2013 Zero Sebum Drying Powder - MERAKI","og_description":"Tinte labial hidratante, ligero, \u00a1de larga duraci\u00f3n e intransferibles! Su f\u00f3rmula mate se absorbe c\u00f3modamente en los labios logrando un acabado lleno de color. Disponible en cinco colores.  Contenido: 4 gr","og_url":"https:\/\/digilago.es\/mugun\/producto\/etude-zero-sebum-drying-powder\/","og_site_name":"MERAKI","article_modified_time":"2024-01-07T20:47:02+00:00","og_image":[{"width":480,"height":480,"url":"https:\/\/digilago.es\/mugun\/wp-content\/uploads\/sites\/5\/2024\/01\/51.jpg","type":"image\/jpeg"}],"twitter_card":"summary_large_image","twitter_misc":{"Tiempo de lectura":"1 minuto"},"schema":{"@context":"https:\/\/schema.org","@graph":[{"@type":"WebPage","@id":"https:\/\/digilago.es\/mugun\/producto\/etude-zero-sebum-drying-powder\/","url":"https:\/\/digilago.es\/mugun\/producto\/etude-zero-sebum-drying-powder\/","name":"ETUDE \u2013 Zero Sebum Drying Powder - MERAKI","isPartOf":{"@id":"https:\/\/digilago.es\/mugun\/#website"},"primaryImageOfPage":{"@id":"https:\/\/digilago.es\/mugun\/producto\/etude-zero-sebum-drying-powder\/#primaryimage"},"image":{"@id":"https:\/\/digilago.es\/mugun\/producto\/etude-zero-sebum-drying-powder\/#primaryimage"},"thumbnailUrl":"https:\/\/digilago.es\/mugun\/wp-content\/uploads\/sites\/5\/2024\/01\/51.jpg","datePublished":"2024-01-06T00:36:14+00:00","dateModified":"2024-01-07T20:47:02+00:00","breadcrumb":{"@id":"https:\/\/digilago.es\/mugun\/producto\/etude-zero-sebum-drying-powder\/#breadcrumb"},"inLanguage":"es","potentialAction":[{"@type":"ReadAction","target":["https:\/\/digilago.es\/mugun\/producto\/etude-zero-sebum-drying-powder\/"]}]},{"@type":"ImageObject","inLanguage":"es","@id":"https:\/\/digilago.es\/mugun\/producto\/etude-zero-sebum-drying-powder\/#primaryimage","url":"https:\/\/digilago.es\/mugun\/wp-content\/uploads\/sites\/5\/2024\/01\/51.jpg","contentUrl":"https:\/\/digilago.es\/mugun\/wp-content\/uploads\/sites\/5\/2024\/01\/51.jpg","width":480,"height":480},{"@type":"BreadcrumbList","@id":"https:\/\/digilago.es\/mugun\/producto\/etude-zero-sebum-drying-powder\/#breadcrumb","itemListElement":[{"@type":"ListItem","position":1,"name":"Portada","item":"https:\/\/digilago.es\/mugun\/"},{"@type":"ListItem","position":2,"name":"Todos los productos","item":"https:\/\/digilago.es\/mugun\/shop\/"},{"@type":"ListItem","position":3,"name":"ETUDE \u2013 Zero Sebum Drying Powder"}]},{"@type":"WebSite","@id":"https:\/\/digilago.es\/mugun\/#website","url":"https:\/\/digilago.es\/mugun\/","name":"MERAKI","description":"Otro sitio m\u00e1s de DIGILAGO proyectos de negocio alumnos","publisher":{"@id":"https:\/\/digilago.es\/mugun\/#organization"},"potentialAction":[{"@type":"SearchAction","target":{"@type":"EntryPoint","urlTemplate":"https:\/\/digilago.es\/mugun\/?s={search_term_string}"},"query-input":{"@type":"PropertyValueSpecification","valueRequired":true,"valueName":"search_term_string"}}],"inLanguage":"es"},{"@type":"Organization","@id":"https:\/\/digilago.es\/mugun\/#organization","name":"MERAKI","url":"https:\/\/digilago.es\/mugun\/","logo":{"@type":"ImageObject","inLanguage":"es","@id":"https:\/\/digilago.es\/mugun\/#\/schema\/logo\/image\/","url":"https:\/\/digilago.es\/mugun\/wp-content\/uploads\/sites\/5\/2024\/01\/cropped-cropped-Logo-blanco-sin-nombre.png","contentUrl":"https:\/\/digilago.es\/mugun\/wp-content\/uploads\/sites\/5\/2024\/01\/cropped-cropped-Logo-blanco-sin-nombre.png","width":184,"height":166,"caption":"MERAKI"},"image":{"@id":"https:\/\/digilago.es\/mugun\/#\/schema\/logo\/image\/"}}]}},"_links":{"self":[{"href":"https:\/\/digilago.es\/mugun\/wp-json\/wp\/v2\/product\/5355","targetHints":{"allow":["GET"]}}],"collection":[{"href":"https:\/\/digilago.es\/mugun\/wp-json\/wp\/v2\/product"}],"about":[{"href":"https:\/\/digilago.es\/mugun\/wp-json\/wp\/v2\/types\/product"}],"replies":[{"embeddable":true,"href":"https:\/\/digilago.es\/mugun\/wp-json\/wp\/v2\/comments?post=5355"}],"wp:featuredmedia":[{"embeddable":true,"href":"https:\/\/digilago.es\/mugun\/wp-json\/wp\/v2\/media\/5657"}],"wp:attachment":[{"href":"https:\/\/digilago.es\/mugun\/wp-json\/wp\/v2\/media?parent=5355"}],"wp:term":[{"taxonomy":"product_brand","embeddable":true,"href":"https:\/\/digilago.es\/mugun\/wp-json\/wp\/v2\/product_brand?post=5355"},{"taxonomy":"product_cat","embeddable":true,"href":"https:\/\/digilago.es\/mugun\/wp-json\/wp\/v2\/product_cat?post=5355"},{"taxonomy":"product_tag","embeddable":true,"href":"https:\/\/digilago.es\/mugun\/wp-json\/wp\/v2\/product_tag?post=5355"}],"curies":[{"name":"wp","href":"https:\/\/api.w.org\/{rel}","templated":true}]}}