{"id":5343,"date":"2024-01-06T00:34:19","date_gmt":"2024-01-06T00:34:19","guid":{"rendered":"https:\/\/digilago.es\/mugun\/?post_type=product&#038;p=5343"},"modified":"2024-01-09T05:05:40","modified_gmt":"2024-01-09T05:05:40","slug":"clio-kill-cover-liquid-concealer","status":"publish","type":"product","link":"https:\/\/digilago.es\/mugun\/producto\/clio-kill-cover-liquid-concealer\/","title":{"rendered":"CLIO \u2013 Kill Cover Liquid Concealer"},"content":{"rendered":"<p><strong><u>C\u00f3mo aplicar:<\/u><\/strong><\/p>\n<p>Aplica el corrector directamente sobre las \u00e1reas a corregir, usando la punta del aplicador para una precisi\u00f3n \u00f3ptima. Difumina suavemente con los dedos, una esponja o una brocha peque\u00f1a.<\/p>\n<p><strong><u>Beneficios:<\/u><\/strong><\/p>\n<ol>\n<li><strong>Alta cobertura:<\/strong> ofrece una cobertura completa y eficaz para ocultar imperfecciones, manchas y ojeras, proporcionando un aspecto uniforme.<\/li>\n<li><strong>Duraci\u00f3n prolongada:<\/strong> su f\u00f3rmula de larga duraci\u00f3n asegura que la cobertura se mantenga durante largos per\u00edodos sin necesidad de retoques.<\/li>\n<li><strong>Textura ligera:<\/strong> a pesar de su cobertura total, tiene una textura liviana que se mezcla f\u00e1cilmente en la piel, evitando la sensaci\u00f3n pesada o acartonada.<\/li>\n<li><strong>Ingredientes hidratantes:<\/strong> contiene col\u00e1geno y extractos bot\u00e1nicos que ayudan a hidratar y nutrir la piel, manteni\u00e9ndola suave y cuidada.<\/li>\n<\/ol>\n<p><strong><u>Ingredientes:<\/u><\/strong><\/p>\n<p>TITANIUM DIOXIDE (CI 77891), WATER, CYCLOPENTASILOXANE, PHENYL TRIMETHICONE, MICA (CI 77019), BUTYLENE GLYCOL, CETYL PEG\/PPG-10\/1 DIMETHICONE, PVP, PEG-10 DIMETHICONE, IRON OXIDES (CI 77492), BARIUM SULFATE (CI 77120), SODIUM CHLORIDE, VINYL DIMETHICONE\/METHICONE SILSESQUIOXANE CROSSPOLYMER, DIMETHICONE, ALUMINUM HYDROXIDE, TRIETHOXYCAPRYLYLSILANE, IRON OXIDES (CI 77491), DISTEARDIMONIUM HECTORITE, PHENOXYETHANOL, POLYSILICONE-11, METHICONE, PALMITIC ACID, CHLORPHENESIN, STEARIC ACID, IRON OXIDES (CI 77499), SQUALANE, MYRISTIC ACID, CENTELLA ASIATICA (GOTU KOLA) EXTRACT, POLYGONUM CUSPIDATUM (JAPANESE KNOTWEED) ROOT EXTRACT, SCUTELLARIA BAICALENSIS (BAIKAL SKULLCAP) ROOT EXTRACT, CAMELLIA SINENSIS (GREEN TEA) LEAF EXTRACT, GLYCYRRHIZA GLABRA (LICORICE) ROOT EXTRACT, CHAMOMILLA RECUTITA (MATRICARIA) FLOWER EXTRACT, ROSMARINUS OFFICINALIS (ROSEMARY) LEAF EXTRACT<\/p>\n","protected":false},"excerpt":{"rendered":"<p>Un corrector l\u00edquido de alta cobertura que oculta imperfecciones, ojeras y manchas de manera efectiva. Su f\u00f3rmula de larga duraci\u00f3n y textura liviana se mezcla f\u00e1cilmente en la piel, proporcionando un acabado mate y natural.<\/p>\n<p>Contenido: 7 gr<\/p>\n","protected":false},"featured_media":5654,"comment_status":"open","ping_status":"closed","template":"","meta":{"site-sidebar-layout":"default","site-content-layout":"","ast-site-content-layout":"default","site-content-style":"default","site-sidebar-style":"default","ast-global-header-display":"","ast-banner-title-visibility":"","ast-main-header-display":"","ast-hfb-above-header-display":"","ast-hfb-below-header-display":"","ast-hfb-mobile-header-display":"","site-post-title":"","ast-breadcrumbs-content":"","ast-featured-img":"","footer-sml-layout":"","ast-disable-related-posts":"","theme-transparent-header-meta":"default","adv-header-id-meta":"","stick-header-meta":"","header-above-stick-meta":"","header-main-stick-meta":"","header-below-stick-meta":"","astra-migrate-meta-layouts":"set","ast-page-background-enabled":"default","ast-page-background-meta":{"desktop":{"background-color":"var(--ast-global-color-4)","background-image":"","background-repeat":"repeat","background-position":"center center","background-size":"auto","background-attachment":"scroll","background-type":"","background-media":"","overlay-type":"","overlay-color":"","overlay-opacity":"","overlay-gradient":""},"tablet":{"background-color":"","background-image":"","background-repeat":"repeat","background-position":"center center","background-size":"auto","background-attachment":"scroll","background-type":"","background-media":"","overlay-type":"","overlay-color":"","overlay-opacity":"","overlay-gradient":""},"mobile":{"background-color":"","background-image":"","background-repeat":"repeat","background-position":"center center","background-size":"auto","background-attachment":"scroll","background-type":"","background-media":"","overlay-type":"","overlay-color":"","overlay-opacity":"","overlay-gradient":""}},"ast-content-background-meta":{"desktop":{"background-color":"var(--ast-global-color-5)","background-image":"","background-repeat":"repeat","background-position":"center center","background-size":"auto","background-attachment":"scroll","background-type":"","background-media":"","overlay-type":"","overlay-color":"","overlay-opacity":"","overlay-gradient":""},"tablet":{"background-color":"var(--ast-global-color-5)","background-image":"","background-repeat":"repeat","background-position":"center center","background-size":"auto","background-attachment":"scroll","background-type":"","background-media":"","overlay-type":"","overlay-color":"","overlay-opacity":"","overlay-gradient":""},"mobile":{"background-color":"var(--ast-global-color-5)","background-image":"","background-repeat":"repeat","background-position":"center center","background-size":"auto","background-attachment":"scroll","background-type":"","background-media":"","overlay-type":"","overlay-color":"","overlay-opacity":"","overlay-gradient":""}}},"product_brand":[],"product_cat":[98,120,114,94,45,47,61,42,31,33],"product_tag":[],"class_list":{"0":"post-5343","1":"product","2":"type-product","3":"status-publish","4":"has-post-thumbnail","6":"product_cat-clio","7":"product_cat-corrector","8":"product_cat-mate","9":"product_cat-rostro","10":"product_cat-piel-con-acne","11":"product_cat-piel-grasa","12":"product_cat-piel-mixta","13":"product_cat-piel-seca","14":"product_cat-sensible","15":"product_cat-todo-tipo-de-piel","16":"desktop-align-center","17":"tablet-align-left","18":"mobile-align-left","20":"first","21":"instock","22":"shipping-taxable","23":"purchasable","24":"product-type-variable"},"yoast_head":"<!-- This site is optimized with the Yoast SEO plugin v26.8 - https:\/\/yoast.com\/product\/yoast-seo-wordpress\/ -->\n<title>CLIO \u2013 Kill Cover Liquid Concealer - MERAKI<\/title>\n<meta name=\"robots\" content=\"index, follow, max-snippet:-1, max-image-preview:large, max-video-preview:-1\" \/>\n<link rel=\"canonical\" href=\"https:\/\/digilago.es\/mugun\/producto\/clio-kill-cover-liquid-concealer\/\" \/>\n<meta property=\"og:locale\" content=\"es_ES\" \/>\n<meta property=\"og:type\" content=\"article\" \/>\n<meta property=\"og:title\" content=\"CLIO \u2013 Kill Cover Liquid Concealer - MERAKI\" \/>\n<meta property=\"og:description\" content=\"Un corrector l\u00edquido de alta cobertura que oculta imperfecciones, ojeras y manchas de manera efectiva. Su f\u00f3rmula de larga duraci\u00f3n y textura liviana se mezcla f\u00e1cilmente en la piel, proporcionando un acabado mate y natural.  Contenido: 7 gr\" \/>\n<meta property=\"og:url\" content=\"https:\/\/digilago.es\/mugun\/producto\/clio-kill-cover-liquid-concealer\/\" \/>\n<meta property=\"og:site_name\" content=\"MERAKI\" \/>\n<meta property=\"article:modified_time\" content=\"2024-01-09T05:05:40+00:00\" \/>\n<meta property=\"og:image\" content=\"https:\/\/digilago.es\/mugun\/wp-content\/uploads\/sites\/5\/2024\/01\/51.png\" \/>\n\t<meta property=\"og:image:width\" content=\"575\" \/>\n\t<meta property=\"og:image:height\" content=\"575\" \/>\n\t<meta property=\"og:image:type\" content=\"image\/png\" \/>\n<meta name=\"twitter:card\" content=\"summary_large_image\" \/>\n<meta name=\"twitter:label1\" content=\"Tiempo de lectura\" \/>\n\t<meta name=\"twitter:data1\" content=\"1 minuto\" \/>\n<script type=\"application\/ld+json\" class=\"yoast-schema-graph\">{\"@context\":\"https:\/\/schema.org\",\"@graph\":[{\"@type\":\"WebPage\",\"@id\":\"https:\/\/digilago.es\/mugun\/producto\/clio-kill-cover-liquid-concealer\/\",\"url\":\"https:\/\/digilago.es\/mugun\/producto\/clio-kill-cover-liquid-concealer\/\",\"name\":\"CLIO \u2013 Kill Cover Liquid Concealer - MERAKI\",\"isPartOf\":{\"@id\":\"https:\/\/digilago.es\/mugun\/#website\"},\"primaryImageOfPage\":{\"@id\":\"https:\/\/digilago.es\/mugun\/producto\/clio-kill-cover-liquid-concealer\/#primaryimage\"},\"image\":{\"@id\":\"https:\/\/digilago.es\/mugun\/producto\/clio-kill-cover-liquid-concealer\/#primaryimage\"},\"thumbnailUrl\":\"https:\/\/digilago.es\/mugun\/wp-content\/uploads\/sites\/5\/2024\/01\/51.png\",\"datePublished\":\"2024-01-06T00:34:19+00:00\",\"dateModified\":\"2024-01-09T05:05:40+00:00\",\"breadcrumb\":{\"@id\":\"https:\/\/digilago.es\/mugun\/producto\/clio-kill-cover-liquid-concealer\/#breadcrumb\"},\"inLanguage\":\"es\",\"potentialAction\":[{\"@type\":\"ReadAction\",\"target\":[\"https:\/\/digilago.es\/mugun\/producto\/clio-kill-cover-liquid-concealer\/\"]}]},{\"@type\":\"ImageObject\",\"inLanguage\":\"es\",\"@id\":\"https:\/\/digilago.es\/mugun\/producto\/clio-kill-cover-liquid-concealer\/#primaryimage\",\"url\":\"https:\/\/digilago.es\/mugun\/wp-content\/uploads\/sites\/5\/2024\/01\/51.png\",\"contentUrl\":\"https:\/\/digilago.es\/mugun\/wp-content\/uploads\/sites\/5\/2024\/01\/51.png\",\"width\":575,\"height\":575},{\"@type\":\"BreadcrumbList\",\"@id\":\"https:\/\/digilago.es\/mugun\/producto\/clio-kill-cover-liquid-concealer\/#breadcrumb\",\"itemListElement\":[{\"@type\":\"ListItem\",\"position\":1,\"name\":\"Portada\",\"item\":\"https:\/\/digilago.es\/mugun\/\"},{\"@type\":\"ListItem\",\"position\":2,\"name\":\"Todos los productos\",\"item\":\"https:\/\/digilago.es\/mugun\/shop\/\"},{\"@type\":\"ListItem\",\"position\":3,\"name\":\"CLIO \u2013 Kill Cover Liquid Concealer\"}]},{\"@type\":\"WebSite\",\"@id\":\"https:\/\/digilago.es\/mugun\/#website\",\"url\":\"https:\/\/digilago.es\/mugun\/\",\"name\":\"MERAKI\",\"description\":\"Otro sitio m\u00e1s de DIGILAGO proyectos de negocio alumnos\",\"publisher\":{\"@id\":\"https:\/\/digilago.es\/mugun\/#organization\"},\"potentialAction\":[{\"@type\":\"SearchAction\",\"target\":{\"@type\":\"EntryPoint\",\"urlTemplate\":\"https:\/\/digilago.es\/mugun\/?s={search_term_string}\"},\"query-input\":{\"@type\":\"PropertyValueSpecification\",\"valueRequired\":true,\"valueName\":\"search_term_string\"}}],\"inLanguage\":\"es\"},{\"@type\":\"Organization\",\"@id\":\"https:\/\/digilago.es\/mugun\/#organization\",\"name\":\"MERAKI\",\"url\":\"https:\/\/digilago.es\/mugun\/\",\"logo\":{\"@type\":\"ImageObject\",\"inLanguage\":\"es\",\"@id\":\"https:\/\/digilago.es\/mugun\/#\/schema\/logo\/image\/\",\"url\":\"https:\/\/digilago.es\/mugun\/wp-content\/uploads\/sites\/5\/2024\/01\/cropped-cropped-Logo-blanco-sin-nombre.png\",\"contentUrl\":\"https:\/\/digilago.es\/mugun\/wp-content\/uploads\/sites\/5\/2024\/01\/cropped-cropped-Logo-blanco-sin-nombre.png\",\"width\":184,\"height\":166,\"caption\":\"MERAKI\"},\"image\":{\"@id\":\"https:\/\/digilago.es\/mugun\/#\/schema\/logo\/image\/\"}}]}<\/script>\n<!-- \/ Yoast SEO plugin. -->","yoast_head_json":{"title":"CLIO \u2013 Kill Cover Liquid Concealer - MERAKI","robots":{"index":"index","follow":"follow","max-snippet":"max-snippet:-1","max-image-preview":"max-image-preview:large","max-video-preview":"max-video-preview:-1"},"canonical":"https:\/\/digilago.es\/mugun\/producto\/clio-kill-cover-liquid-concealer\/","og_locale":"es_ES","og_type":"article","og_title":"CLIO \u2013 Kill Cover Liquid Concealer - MERAKI","og_description":"Un corrector l\u00edquido de alta cobertura que oculta imperfecciones, ojeras y manchas de manera efectiva. Su f\u00f3rmula de larga duraci\u00f3n y textura liviana se mezcla f\u00e1cilmente en la piel, proporcionando un acabado mate y natural.  Contenido: 7 gr","og_url":"https:\/\/digilago.es\/mugun\/producto\/clio-kill-cover-liquid-concealer\/","og_site_name":"MERAKI","article_modified_time":"2024-01-09T05:05:40+00:00","og_image":[{"width":575,"height":575,"url":"https:\/\/digilago.es\/mugun\/wp-content\/uploads\/sites\/5\/2024\/01\/51.png","type":"image\/png"}],"twitter_card":"summary_large_image","twitter_misc":{"Tiempo de lectura":"1 minuto"},"schema":{"@context":"https:\/\/schema.org","@graph":[{"@type":"WebPage","@id":"https:\/\/digilago.es\/mugun\/producto\/clio-kill-cover-liquid-concealer\/","url":"https:\/\/digilago.es\/mugun\/producto\/clio-kill-cover-liquid-concealer\/","name":"CLIO \u2013 Kill Cover Liquid Concealer - MERAKI","isPartOf":{"@id":"https:\/\/digilago.es\/mugun\/#website"},"primaryImageOfPage":{"@id":"https:\/\/digilago.es\/mugun\/producto\/clio-kill-cover-liquid-concealer\/#primaryimage"},"image":{"@id":"https:\/\/digilago.es\/mugun\/producto\/clio-kill-cover-liquid-concealer\/#primaryimage"},"thumbnailUrl":"https:\/\/digilago.es\/mugun\/wp-content\/uploads\/sites\/5\/2024\/01\/51.png","datePublished":"2024-01-06T00:34:19+00:00","dateModified":"2024-01-09T05:05:40+00:00","breadcrumb":{"@id":"https:\/\/digilago.es\/mugun\/producto\/clio-kill-cover-liquid-concealer\/#breadcrumb"},"inLanguage":"es","potentialAction":[{"@type":"ReadAction","target":["https:\/\/digilago.es\/mugun\/producto\/clio-kill-cover-liquid-concealer\/"]}]},{"@type":"ImageObject","inLanguage":"es","@id":"https:\/\/digilago.es\/mugun\/producto\/clio-kill-cover-liquid-concealer\/#primaryimage","url":"https:\/\/digilago.es\/mugun\/wp-content\/uploads\/sites\/5\/2024\/01\/51.png","contentUrl":"https:\/\/digilago.es\/mugun\/wp-content\/uploads\/sites\/5\/2024\/01\/51.png","width":575,"height":575},{"@type":"BreadcrumbList","@id":"https:\/\/digilago.es\/mugun\/producto\/clio-kill-cover-liquid-concealer\/#breadcrumb","itemListElement":[{"@type":"ListItem","position":1,"name":"Portada","item":"https:\/\/digilago.es\/mugun\/"},{"@type":"ListItem","position":2,"name":"Todos los productos","item":"https:\/\/digilago.es\/mugun\/shop\/"},{"@type":"ListItem","position":3,"name":"CLIO \u2013 Kill Cover Liquid Concealer"}]},{"@type":"WebSite","@id":"https:\/\/digilago.es\/mugun\/#website","url":"https:\/\/digilago.es\/mugun\/","name":"MERAKI","description":"Otro sitio m\u00e1s de DIGILAGO proyectos de negocio alumnos","publisher":{"@id":"https:\/\/digilago.es\/mugun\/#organization"},"potentialAction":[{"@type":"SearchAction","target":{"@type":"EntryPoint","urlTemplate":"https:\/\/digilago.es\/mugun\/?s={search_term_string}"},"query-input":{"@type":"PropertyValueSpecification","valueRequired":true,"valueName":"search_term_string"}}],"inLanguage":"es"},{"@type":"Organization","@id":"https:\/\/digilago.es\/mugun\/#organization","name":"MERAKI","url":"https:\/\/digilago.es\/mugun\/","logo":{"@type":"ImageObject","inLanguage":"es","@id":"https:\/\/digilago.es\/mugun\/#\/schema\/logo\/image\/","url":"https:\/\/digilago.es\/mugun\/wp-content\/uploads\/sites\/5\/2024\/01\/cropped-cropped-Logo-blanco-sin-nombre.png","contentUrl":"https:\/\/digilago.es\/mugun\/wp-content\/uploads\/sites\/5\/2024\/01\/cropped-cropped-Logo-blanco-sin-nombre.png","width":184,"height":166,"caption":"MERAKI"},"image":{"@id":"https:\/\/digilago.es\/mugun\/#\/schema\/logo\/image\/"}}]}},"_links":{"self":[{"href":"https:\/\/digilago.es\/mugun\/wp-json\/wp\/v2\/product\/5343","targetHints":{"allow":["GET"]}}],"collection":[{"href":"https:\/\/digilago.es\/mugun\/wp-json\/wp\/v2\/product"}],"about":[{"href":"https:\/\/digilago.es\/mugun\/wp-json\/wp\/v2\/types\/product"}],"replies":[{"embeddable":true,"href":"https:\/\/digilago.es\/mugun\/wp-json\/wp\/v2\/comments?post=5343"}],"wp:featuredmedia":[{"embeddable":true,"href":"https:\/\/digilago.es\/mugun\/wp-json\/wp\/v2\/media\/5654"}],"wp:attachment":[{"href":"https:\/\/digilago.es\/mugun\/wp-json\/wp\/v2\/media?parent=5343"}],"wp:term":[{"taxonomy":"product_brand","embeddable":true,"href":"https:\/\/digilago.es\/mugun\/wp-json\/wp\/v2\/product_brand?post=5343"},{"taxonomy":"product_cat","embeddable":true,"href":"https:\/\/digilago.es\/mugun\/wp-json\/wp\/v2\/product_cat?post=5343"},{"taxonomy":"product_tag","embeddable":true,"href":"https:\/\/digilago.es\/mugun\/wp-json\/wp\/v2\/product_tag?post=5343"}],"curies":[{"name":"wp","href":"https:\/\/api.w.org\/{rel}","templated":true}]}}