{"id":5331,"date":"2024-01-06T00:33:16","date_gmt":"2024-01-06T00:33:16","guid":{"rendered":"https:\/\/digilago.es\/mugun\/?post_type=product&#038;p=5331"},"modified":"2024-01-09T05:14:58","modified_gmt":"2024-01-09T05:14:58","slug":"peripera-double-longwear-cover-concealer","status":"publish","type":"product","link":"https:\/\/digilago.es\/mugun\/producto\/peripera-double-longwear-cover-concealer\/","title":{"rendered":"PERIPERA \u2013 Double Longwear Cover Concealer"},"content":{"rendered":"<p><strong>C\u00f3mo aplicar:<\/strong><\/p>\n<p>Aplica el corrector directamente sobre las \u00e1reas a corregir, usando la punta del aplicador para una precisi\u00f3n \u00f3ptima. Difumina suavemente con los dedos, una esponja o una brocha peque\u00f1a.<\/p>\n<p><strong>Beneficios:<\/strong><\/p>\n<ol>\n<li><strong>Cobertura total de larga duraci\u00f3n:<\/strong> proporciona una cobertura completa y duradera que oculta eficazmente las imperfecciones a lo largo del d\u00eda.<\/li>\n<li><strong>Resistente al agua:<\/strong> su f\u00f3rmula resistente al agua asegura que la cobertura se mantenga intacta incluso en condiciones h\u00famedas, sin perder su efectividad.<\/li>\n<li><strong>Textura liviana y f\u00e1cil de difuminar:<\/strong> a pesar de ser de alta cobertura, su textura liviana se difumina f\u00e1cilmente sobre la piel, evitando la acumulaci\u00f3n o la sensaci\u00f3n pesada.<\/li>\n<\/ol>\n<p><strong>Ingredientes:<\/strong><\/p>\n<p>PURIFIED WATER, TITANIUM DIOXIDE, CYCLOPENTASILOXANE, PHENYL TRIMETHICONE, TALC, PVP, CETYL PEG\/PPG-10\/1 DIMETHICONE, YELLOW IRON OXIDE, BUTYLENE GLYCOL, PEG-10 DIMETHICONE, DIMETHICONE, 1,2-HEXANEDIOL, BARIUM SULFATE, VINYL DIMETHICONE\/METHICONE SILSESQUIOXANE CROSSPOLYMER, SODIUM CHLORIDE, DISTEARDIMONIUM HECTORITE, ALUMINUM HYDROXIDE, TRIETHOXYCAPRYLYLSILANE, RED IRON OXIDE, POLYSILICONE-11, PALMITIC ACID, STEARIC ACID, CAPRYLYL GLYCOL, BLACK IRON OXIDE, JOJOBA SEED OIL, GLYCERIN, DISODIUM EDTA, SUNFLOWER SEED OIL UNSAPONIFIED MATTER, SQUALANE, MYRISTIC ACID, TOMATO EXTRACT, BRASSICA OLERACEA GEMMIFERA (BRUSSELS SPROUTS) EXTRACT, LECITHIN, MADECASSOSIDE, SIMMONDSIA CHINENSIS (JOJOBA) LEAF EXTRACT, LEONTOPODIUM ALPINUM (EDELWEISS) EXTRACT, ETHANOL, DATE PALM SEED, HYDROGENATED LECITHIN, ASCORBIC ACID, TROMETHAMINE, DIPOTASSIUM GLYCYRRHIZATE, SODIUM METABISULFITE, BETA-GLUCAN, CERAMIDE NP, SODIUM SULFITE, DUNALIELLA SALINA EXTRACT<\/p>\n","protected":false},"excerpt":{"rendered":"<p>Un corrector que proporciona una cobertura total de larga duraci\u00f3n. Su f\u00f3rmula resistente al agua y de alta cobertura oculta imperfecciones, manchas y ojeras de manera efectiva. Con una textura liviana, se difumina f\u00e1cilmente y permanece intacto durante horas, ofreciendo un acabado natural y uniforme en la piel.<\/p>\n<p>Contenido: 5,5 gr<\/p>\n","protected":false},"featured_media":5648,"comment_status":"open","ping_status":"closed","template":"","meta":{"site-sidebar-layout":"default","site-content-layout":"","ast-site-content-layout":"default","site-content-style":"default","site-sidebar-style":"default","ast-global-header-display":"","ast-banner-title-visibility":"","ast-main-header-display":"","ast-hfb-above-header-display":"","ast-hfb-below-header-display":"","ast-hfb-mobile-header-display":"","site-post-title":"","ast-breadcrumbs-content":"","ast-featured-img":"","footer-sml-layout":"","ast-disable-related-posts":"","theme-transparent-header-meta":"default","adv-header-id-meta":"","stick-header-meta":"","header-above-stick-meta":"","header-main-stick-meta":"","header-below-stick-meta":"","astra-migrate-meta-layouts":"set","ast-page-background-enabled":"default","ast-page-background-meta":{"desktop":{"background-color":"var(--ast-global-color-4)","background-image":"","background-repeat":"repeat","background-position":"center center","background-size":"auto","background-attachment":"scroll","background-type":"","background-media":"","overlay-type":"","overlay-color":"","overlay-opacity":"","overlay-gradient":""},"tablet":{"background-color":"","background-image":"","background-repeat":"repeat","background-position":"center center","background-size":"auto","background-attachment":"scroll","background-type":"","background-media":"","overlay-type":"","overlay-color":"","overlay-opacity":"","overlay-gradient":""},"mobile":{"background-color":"","background-image":"","background-repeat":"repeat","background-position":"center center","background-size":"auto","background-attachment":"scroll","background-type":"","background-media":"","overlay-type":"","overlay-color":"","overlay-opacity":"","overlay-gradient":""}},"ast-content-background-meta":{"desktop":{"background-color":"var(--ast-global-color-5)","background-image":"","background-repeat":"repeat","background-position":"center center","background-size":"auto","background-attachment":"scroll","background-type":"","background-media":"","overlay-type":"","overlay-color":"","overlay-opacity":"","overlay-gradient":""},"tablet":{"background-color":"var(--ast-global-color-5)","background-image":"","background-repeat":"repeat","background-position":"center center","background-size":"auto","background-attachment":"scroll","background-type":"","background-media":"","overlay-type":"","overlay-color":"","overlay-opacity":"","overlay-gradient":""},"mobile":{"background-color":"var(--ast-global-color-5)","background-image":"","background-repeat":"repeat","background-position":"center center","background-size":"auto","background-attachment":"scroll","background-type":"","background-media":"","overlay-type":"","overlay-color":"","overlay-opacity":"","overlay-gradient":""}}},"product_brand":[],"product_cat":[120,114,102,94,45,47,61,31],"product_tag":[],"class_list":{"0":"post-5331","1":"product","2":"type-product","3":"status-publish","4":"has-post-thumbnail","6":"product_cat-corrector","7":"product_cat-mate","8":"product_cat-peripera","9":"product_cat-rostro","10":"product_cat-piel-con-acne","11":"product_cat-piel-grasa","12":"product_cat-piel-mixta","13":"product_cat-sensible","14":"pa_colordlconce-01-pure-ivory","15":"pa_colordlconce-02-neutral-beige","16":"pa_colordlconce-03-classic-sand","17":"desktop-align-center","18":"tablet-align-left","19":"mobile-align-left","21":"first","22":"instock","23":"shipping-taxable","24":"purchasable","25":"product-type-variable"},"yoast_head":"<!-- This site is optimized with the Yoast SEO plugin v26.8 - https:\/\/yoast.com\/product\/yoast-seo-wordpress\/ -->\n<title>PERIPERA \u2013 Double Longwear Cover Concealer - MERAKI<\/title>\n<meta name=\"robots\" content=\"index, follow, max-snippet:-1, max-image-preview:large, max-video-preview:-1\" \/>\n<link rel=\"canonical\" href=\"https:\/\/digilago.es\/mugun\/producto\/peripera-double-longwear-cover-concealer\/\" \/>\n<meta property=\"og:locale\" content=\"es_ES\" \/>\n<meta property=\"og:type\" content=\"article\" \/>\n<meta property=\"og:title\" content=\"PERIPERA \u2013 Double Longwear Cover Concealer - MERAKI\" \/>\n<meta property=\"og:description\" content=\"Un corrector que proporciona una cobertura total de larga duraci\u00f3n. Su f\u00f3rmula resistente al agua y de alta cobertura oculta imperfecciones, manchas y ojeras de manera efectiva. Con una textura liviana, se difumina f\u00e1cilmente y permanece intacto durante horas, ofreciendo un acabado natural y uniforme en la piel.  Contenido: 5,5 gr\" \/>\n<meta property=\"og:url\" content=\"https:\/\/digilago.es\/mugun\/producto\/peripera-double-longwear-cover-concealer\/\" \/>\n<meta property=\"og:site_name\" content=\"MERAKI\" \/>\n<meta property=\"article:modified_time\" content=\"2024-01-09T05:14:58+00:00\" \/>\n<meta property=\"og:image\" content=\"https:\/\/digilago.es\/mugun\/wp-content\/uploads\/sites\/5\/2024\/01\/44.jpg\" \/>\n\t<meta property=\"og:image:width\" content=\"550\" \/>\n\t<meta property=\"og:image:height\" content=\"550\" \/>\n\t<meta property=\"og:image:type\" content=\"image\/jpeg\" \/>\n<meta name=\"twitter:card\" content=\"summary_large_image\" \/>\n<meta name=\"twitter:label1\" content=\"Tiempo de lectura\" \/>\n\t<meta name=\"twitter:data1\" content=\"1 minuto\" \/>\n<script type=\"application\/ld+json\" class=\"yoast-schema-graph\">{\"@context\":\"https:\/\/schema.org\",\"@graph\":[{\"@type\":\"WebPage\",\"@id\":\"https:\/\/digilago.es\/mugun\/producto\/peripera-double-longwear-cover-concealer\/\",\"url\":\"https:\/\/digilago.es\/mugun\/producto\/peripera-double-longwear-cover-concealer\/\",\"name\":\"PERIPERA \u2013 Double Longwear Cover Concealer - MERAKI\",\"isPartOf\":{\"@id\":\"https:\/\/digilago.es\/mugun\/#website\"},\"primaryImageOfPage\":{\"@id\":\"https:\/\/digilago.es\/mugun\/producto\/peripera-double-longwear-cover-concealer\/#primaryimage\"},\"image\":{\"@id\":\"https:\/\/digilago.es\/mugun\/producto\/peripera-double-longwear-cover-concealer\/#primaryimage\"},\"thumbnailUrl\":\"https:\/\/digilago.es\/mugun\/wp-content\/uploads\/sites\/5\/2024\/01\/44.jpg\",\"datePublished\":\"2024-01-06T00:33:16+00:00\",\"dateModified\":\"2024-01-09T05:14:58+00:00\",\"breadcrumb\":{\"@id\":\"https:\/\/digilago.es\/mugun\/producto\/peripera-double-longwear-cover-concealer\/#breadcrumb\"},\"inLanguage\":\"es\",\"potentialAction\":[{\"@type\":\"ReadAction\",\"target\":[\"https:\/\/digilago.es\/mugun\/producto\/peripera-double-longwear-cover-concealer\/\"]}]},{\"@type\":\"ImageObject\",\"inLanguage\":\"es\",\"@id\":\"https:\/\/digilago.es\/mugun\/producto\/peripera-double-longwear-cover-concealer\/#primaryimage\",\"url\":\"https:\/\/digilago.es\/mugun\/wp-content\/uploads\/sites\/5\/2024\/01\/44.jpg\",\"contentUrl\":\"https:\/\/digilago.es\/mugun\/wp-content\/uploads\/sites\/5\/2024\/01\/44.jpg\",\"width\":550,\"height\":550},{\"@type\":\"BreadcrumbList\",\"@id\":\"https:\/\/digilago.es\/mugun\/producto\/peripera-double-longwear-cover-concealer\/#breadcrumb\",\"itemListElement\":[{\"@type\":\"ListItem\",\"position\":1,\"name\":\"Portada\",\"item\":\"https:\/\/digilago.es\/mugun\/\"},{\"@type\":\"ListItem\",\"position\":2,\"name\":\"Todos los productos\",\"item\":\"https:\/\/digilago.es\/mugun\/shop\/\"},{\"@type\":\"ListItem\",\"position\":3,\"name\":\"PERIPERA \u2013 Double Longwear Cover Concealer\"}]},{\"@type\":\"WebSite\",\"@id\":\"https:\/\/digilago.es\/mugun\/#website\",\"url\":\"https:\/\/digilago.es\/mugun\/\",\"name\":\"MERAKI\",\"description\":\"Otro sitio m\u00e1s de DIGILAGO proyectos de negocio alumnos\",\"publisher\":{\"@id\":\"https:\/\/digilago.es\/mugun\/#organization\"},\"potentialAction\":[{\"@type\":\"SearchAction\",\"target\":{\"@type\":\"EntryPoint\",\"urlTemplate\":\"https:\/\/digilago.es\/mugun\/?s={search_term_string}\"},\"query-input\":{\"@type\":\"PropertyValueSpecification\",\"valueRequired\":true,\"valueName\":\"search_term_string\"}}],\"inLanguage\":\"es\"},{\"@type\":\"Organization\",\"@id\":\"https:\/\/digilago.es\/mugun\/#organization\",\"name\":\"MERAKI\",\"url\":\"https:\/\/digilago.es\/mugun\/\",\"logo\":{\"@type\":\"ImageObject\",\"inLanguage\":\"es\",\"@id\":\"https:\/\/digilago.es\/mugun\/#\/schema\/logo\/image\/\",\"url\":\"https:\/\/digilago.es\/mugun\/wp-content\/uploads\/sites\/5\/2024\/01\/cropped-cropped-Logo-blanco-sin-nombre.png\",\"contentUrl\":\"https:\/\/digilago.es\/mugun\/wp-content\/uploads\/sites\/5\/2024\/01\/cropped-cropped-Logo-blanco-sin-nombre.png\",\"width\":184,\"height\":166,\"caption\":\"MERAKI\"},\"image\":{\"@id\":\"https:\/\/digilago.es\/mugun\/#\/schema\/logo\/image\/\"}}]}<\/script>\n<!-- \/ Yoast SEO plugin. -->","yoast_head_json":{"title":"PERIPERA \u2013 Double Longwear Cover Concealer - MERAKI","robots":{"index":"index","follow":"follow","max-snippet":"max-snippet:-1","max-image-preview":"max-image-preview:large","max-video-preview":"max-video-preview:-1"},"canonical":"https:\/\/digilago.es\/mugun\/producto\/peripera-double-longwear-cover-concealer\/","og_locale":"es_ES","og_type":"article","og_title":"PERIPERA \u2013 Double Longwear Cover Concealer - MERAKI","og_description":"Un corrector que proporciona una cobertura total de larga duraci\u00f3n. Su f\u00f3rmula resistente al agua y de alta cobertura oculta imperfecciones, manchas y ojeras de manera efectiva. Con una textura liviana, se difumina f\u00e1cilmente y permanece intacto durante horas, ofreciendo un acabado natural y uniforme en la piel.  Contenido: 5,5 gr","og_url":"https:\/\/digilago.es\/mugun\/producto\/peripera-double-longwear-cover-concealer\/","og_site_name":"MERAKI","article_modified_time":"2024-01-09T05:14:58+00:00","og_image":[{"width":550,"height":550,"url":"https:\/\/digilago.es\/mugun\/wp-content\/uploads\/sites\/5\/2024\/01\/44.jpg","type":"image\/jpeg"}],"twitter_card":"summary_large_image","twitter_misc":{"Tiempo de lectura":"1 minuto"},"schema":{"@context":"https:\/\/schema.org","@graph":[{"@type":"WebPage","@id":"https:\/\/digilago.es\/mugun\/producto\/peripera-double-longwear-cover-concealer\/","url":"https:\/\/digilago.es\/mugun\/producto\/peripera-double-longwear-cover-concealer\/","name":"PERIPERA \u2013 Double Longwear Cover Concealer - MERAKI","isPartOf":{"@id":"https:\/\/digilago.es\/mugun\/#website"},"primaryImageOfPage":{"@id":"https:\/\/digilago.es\/mugun\/producto\/peripera-double-longwear-cover-concealer\/#primaryimage"},"image":{"@id":"https:\/\/digilago.es\/mugun\/producto\/peripera-double-longwear-cover-concealer\/#primaryimage"},"thumbnailUrl":"https:\/\/digilago.es\/mugun\/wp-content\/uploads\/sites\/5\/2024\/01\/44.jpg","datePublished":"2024-01-06T00:33:16+00:00","dateModified":"2024-01-09T05:14:58+00:00","breadcrumb":{"@id":"https:\/\/digilago.es\/mugun\/producto\/peripera-double-longwear-cover-concealer\/#breadcrumb"},"inLanguage":"es","potentialAction":[{"@type":"ReadAction","target":["https:\/\/digilago.es\/mugun\/producto\/peripera-double-longwear-cover-concealer\/"]}]},{"@type":"ImageObject","inLanguage":"es","@id":"https:\/\/digilago.es\/mugun\/producto\/peripera-double-longwear-cover-concealer\/#primaryimage","url":"https:\/\/digilago.es\/mugun\/wp-content\/uploads\/sites\/5\/2024\/01\/44.jpg","contentUrl":"https:\/\/digilago.es\/mugun\/wp-content\/uploads\/sites\/5\/2024\/01\/44.jpg","width":550,"height":550},{"@type":"BreadcrumbList","@id":"https:\/\/digilago.es\/mugun\/producto\/peripera-double-longwear-cover-concealer\/#breadcrumb","itemListElement":[{"@type":"ListItem","position":1,"name":"Portada","item":"https:\/\/digilago.es\/mugun\/"},{"@type":"ListItem","position":2,"name":"Todos los productos","item":"https:\/\/digilago.es\/mugun\/shop\/"},{"@type":"ListItem","position":3,"name":"PERIPERA \u2013 Double Longwear Cover Concealer"}]},{"@type":"WebSite","@id":"https:\/\/digilago.es\/mugun\/#website","url":"https:\/\/digilago.es\/mugun\/","name":"MERAKI","description":"Otro sitio m\u00e1s de DIGILAGO proyectos de negocio alumnos","publisher":{"@id":"https:\/\/digilago.es\/mugun\/#organization"},"potentialAction":[{"@type":"SearchAction","target":{"@type":"EntryPoint","urlTemplate":"https:\/\/digilago.es\/mugun\/?s={search_term_string}"},"query-input":{"@type":"PropertyValueSpecification","valueRequired":true,"valueName":"search_term_string"}}],"inLanguage":"es"},{"@type":"Organization","@id":"https:\/\/digilago.es\/mugun\/#organization","name":"MERAKI","url":"https:\/\/digilago.es\/mugun\/","logo":{"@type":"ImageObject","inLanguage":"es","@id":"https:\/\/digilago.es\/mugun\/#\/schema\/logo\/image\/","url":"https:\/\/digilago.es\/mugun\/wp-content\/uploads\/sites\/5\/2024\/01\/cropped-cropped-Logo-blanco-sin-nombre.png","contentUrl":"https:\/\/digilago.es\/mugun\/wp-content\/uploads\/sites\/5\/2024\/01\/cropped-cropped-Logo-blanco-sin-nombre.png","width":184,"height":166,"caption":"MERAKI"},"image":{"@id":"https:\/\/digilago.es\/mugun\/#\/schema\/logo\/image\/"}}]}},"_links":{"self":[{"href":"https:\/\/digilago.es\/mugun\/wp-json\/wp\/v2\/product\/5331","targetHints":{"allow":["GET"]}}],"collection":[{"href":"https:\/\/digilago.es\/mugun\/wp-json\/wp\/v2\/product"}],"about":[{"href":"https:\/\/digilago.es\/mugun\/wp-json\/wp\/v2\/types\/product"}],"replies":[{"embeddable":true,"href":"https:\/\/digilago.es\/mugun\/wp-json\/wp\/v2\/comments?post=5331"}],"wp:featuredmedia":[{"embeddable":true,"href":"https:\/\/digilago.es\/mugun\/wp-json\/wp\/v2\/media\/5648"}],"wp:attachment":[{"href":"https:\/\/digilago.es\/mugun\/wp-json\/wp\/v2\/media?parent=5331"}],"wp:term":[{"taxonomy":"product_brand","embeddable":true,"href":"https:\/\/digilago.es\/mugun\/wp-json\/wp\/v2\/product_brand?post=5331"},{"taxonomy":"product_cat","embeddable":true,"href":"https:\/\/digilago.es\/mugun\/wp-json\/wp\/v2\/product_cat?post=5331"},{"taxonomy":"product_tag","embeddable":true,"href":"https:\/\/digilago.es\/mugun\/wp-json\/wp\/v2\/product_tag?post=5331"}],"curies":[{"name":"wp","href":"https:\/\/api.w.org\/{rel}","templated":true}]}}