{"id":5313,"date":"2024-01-06T00:31:55","date_gmt":"2024-01-06T00:31:55","guid":{"rendered":"https:\/\/digilago.es\/mugun\/?post_type=product&#038;p=5313"},"modified":"2024-01-09T05:27:14","modified_gmt":"2024-01-09T05:27:14","slug":"the-saem-cover-perfection-tip-concealer","status":"publish","type":"product","link":"https:\/\/digilago.es\/mugun\/producto\/the-saem-cover-perfection-tip-concealer\/","title":{"rendered":"THE SAEM \u2013 Cover Perfection Tip Concealer"},"content":{"rendered":"<p><strong><u>C\u00f3mo aplicar:<br \/>\n<\/u><\/strong>Aplica el corrector directamente sobre las \u00e1reas a corregir, usando la punta del aplicador para una precisi\u00f3n \u00f3ptima. Difumina suavemente con los dedos, una esponja o una brocha peque\u00f1a.<\/p>\n<p><strong><u>Beneficios:<\/u><\/strong><\/p>\n<ol>\n<li><strong>Alta cobertura:<\/strong> ofrece una cobertura completa para ojeras, manchas y otras imperfecciones, proporcionando un camuflaje eficaz y uniforme.<\/li>\n<li><strong>Textura cremosa y duradera:<\/strong> su f\u00f3rmula cremosa permite una aplicaci\u00f3n suave y f\u00e1cil, adem\u00e1s de ofrecer una larga duraci\u00f3n sin acumularse en los pliegues.<\/li>\n<li><strong>Precisi\u00f3n en la aplicaci\u00f3n:<\/strong> el aplicador en forma de punta permite una aplicaci\u00f3n precisa y controlada, facilitando la cobertura de \u00e1reas espec\u00edficas con mayor precisi\u00f3n.<\/li>\n<\/ol>\n<p><strong><u>Ingredientes:<\/u><\/strong><\/p>\n<p>PURIFIED WATER, TITANIUM\/TITANIUM DIOXIDE, CYCLOPENTASILOXANE, DIPHENYLSILOXY PHENYL TRIMETHICONE, TALC, BUTYLENE GLYCOL, CETYL PEG\/PPG-10\/1 DIMETHICONE, PVP, YELLOW OXIDE OF IRON, PEG-10 DIMETHICONE, DISTEARDIMONIUM HECTORITE, VINYL DIMETHICONE\/METHICONE SILSESQUIOXANE CROSSPOLYMER, SODIUM CHLORIDE, ALUMINUM HYDROXIDE, TRIETHOXYCAPRYLYLSILANE, RED OXIDE OF IRON, POLYHYDROXYSTEARIC ACID, PHENOXYETHANOL, BLACK OXIDE OF IRON, CHLORPHENESIN, DIMETHICONE, ALOE BARBADENSIS LEAF JUICE, ACTOIN, CENTELLA ASIATICA EXTRACT, GENTIANA LUTEA ROOT EXTRACT, GLYCOGEN, MAGNESIUM ASCORBYL PHOSPHATE, MANNITOL, ACHILLEA MILLEFOLIUM EXTRACT, ARTEMISIA VULGARIS EXTRACT, ARNICA MONTANA FLOWER EXTRACT, SACCHAROMYCES FERMENT EXTRACT, GLYCERIN, CITRIC ACID, SODIUM BENZOATE, POTASSIUM SORBATE, ETHANOL, FRAGRANCE<\/p>\n","protected":false},"excerpt":{"rendered":"<p>Es un corrector l\u00edquido de alta cobertura dise\u00f1ado para disimular imperfecciones, ojeras y manchas. Con una textura cremosa, ofrece una aplicaci\u00f3n precisa y una larga duraci\u00f3n, proporcionando un acabado natural sin acartonar.<\/p>\n<p>Contenido: 6,5 gr<\/p>\n","protected":false},"featured_media":5631,"comment_status":"open","ping_status":"closed","template":"","meta":{"site-sidebar-layout":"default","site-content-layout":"","ast-site-content-layout":"default","site-content-style":"default","site-sidebar-style":"default","ast-global-header-display":"","ast-banner-title-visibility":"","ast-main-header-display":"","ast-hfb-above-header-display":"","ast-hfb-below-header-display":"","ast-hfb-mobile-header-display":"","site-post-title":"","ast-breadcrumbs-content":"","ast-featured-img":"","footer-sml-layout":"","ast-disable-related-posts":"","theme-transparent-header-meta":"default","adv-header-id-meta":"","stick-header-meta":"","header-above-stick-meta":"","header-main-stick-meta":"","header-below-stick-meta":"","astra-migrate-meta-layouts":"set","ast-page-background-enabled":"default","ast-page-background-meta":{"desktop":{"background-color":"var(--ast-global-color-4)","background-image":"","background-repeat":"repeat","background-position":"center center","background-size":"auto","background-attachment":"scroll","background-type":"","background-media":"","overlay-type":"","overlay-color":"","overlay-opacity":"","overlay-gradient":""},"tablet":{"background-color":"","background-image":"","background-repeat":"repeat","background-position":"center center","background-size":"auto","background-attachment":"scroll","background-type":"","background-media":"","overlay-type":"","overlay-color":"","overlay-opacity":"","overlay-gradient":""},"mobile":{"background-color":"","background-image":"","background-repeat":"repeat","background-position":"center center","background-size":"auto","background-attachment":"scroll","background-type":"","background-media":"","overlay-type":"","overlay-color":"","overlay-opacity":"","overlay-gradient":""}},"ast-content-background-meta":{"desktop":{"background-color":"var(--ast-global-color-5)","background-image":"","background-repeat":"repeat","background-position":"center center","background-size":"auto","background-attachment":"scroll","background-type":"","background-media":"","overlay-type":"","overlay-color":"","overlay-opacity":"","overlay-gradient":""},"tablet":{"background-color":"var(--ast-global-color-5)","background-image":"","background-repeat":"repeat","background-position":"center center","background-size":"auto","background-attachment":"scroll","background-type":"","background-media":"","overlay-type":"","overlay-color":"","overlay-opacity":"","overlay-gradient":""},"mobile":{"background-color":"var(--ast-global-color-5)","background-image":"","background-repeat":"repeat","background-position":"center center","background-size":"auto","background-attachment":"scroll","background-type":"","background-media":"","overlay-type":"","overlay-color":"","overlay-opacity":"","overlay-gradient":""}}},"product_brand":[],"product_cat":[120,114,94,106,45,47,61,42,31,33],"product_tag":[],"class_list":{"0":"post-5313","1":"product","2":"type-product","3":"status-publish","4":"has-post-thumbnail","6":"product_cat-corrector","7":"product_cat-mate","8":"product_cat-rostro","9":"product_cat-the-saem","10":"product_cat-piel-con-acne","11":"product_cat-piel-grasa","12":"product_cat-piel-mixta","13":"product_cat-piel-seca","14":"product_cat-sensible","15":"product_cat-todo-tipo-de-piel","16":"desktop-align-center","17":"tablet-align-left","18":"mobile-align-left","20":"first","21":"instock","22":"shipping-taxable","23":"purchasable","24":"product-type-variable"},"yoast_head":"<!-- This site is optimized with the Yoast SEO plugin v26.8 - https:\/\/yoast.com\/product\/yoast-seo-wordpress\/ -->\n<title>THE SAEM \u2013 Cover Perfection Tip Concealer - MERAKI<\/title>\n<meta name=\"robots\" content=\"index, follow, max-snippet:-1, max-image-preview:large, max-video-preview:-1\" \/>\n<link rel=\"canonical\" href=\"https:\/\/digilago.es\/mugun\/producto\/the-saem-cover-perfection-tip-concealer\/\" \/>\n<meta property=\"og:locale\" content=\"es_ES\" \/>\n<meta property=\"og:type\" content=\"article\" \/>\n<meta property=\"og:title\" content=\"THE SAEM \u2013 Cover Perfection Tip Concealer - MERAKI\" \/>\n<meta property=\"og:description\" content=\"Es un corrector l\u00edquido de alta cobertura dise\u00f1ado para disimular imperfecciones, ojeras y manchas. Con una textura cremosa, ofrece una aplicaci\u00f3n precisa y una larga duraci\u00f3n, proporcionando un acabado natural sin acartonar.  Contenido: 6,5 gr\" \/>\n<meta property=\"og:url\" content=\"https:\/\/digilago.es\/mugun\/producto\/the-saem-cover-perfection-tip-concealer\/\" \/>\n<meta property=\"og:site_name\" content=\"MERAKI\" \/>\n<meta property=\"article:modified_time\" content=\"2024-01-09T05:27:14+00:00\" \/>\n<meta property=\"og:image\" content=\"https:\/\/digilago.es\/mugun\/wp-content\/uploads\/sites\/5\/2024\/01\/30.jpg\" \/>\n\t<meta property=\"og:image:width\" content=\"600\" \/>\n\t<meta property=\"og:image:height\" content=\"600\" \/>\n\t<meta property=\"og:image:type\" content=\"image\/jpeg\" \/>\n<meta name=\"twitter:card\" content=\"summary_large_image\" \/>\n<meta name=\"twitter:label1\" content=\"Tiempo de lectura\" \/>\n\t<meta name=\"twitter:data1\" content=\"1 minuto\" \/>\n<script type=\"application\/ld+json\" class=\"yoast-schema-graph\">{\"@context\":\"https:\/\/schema.org\",\"@graph\":[{\"@type\":\"WebPage\",\"@id\":\"https:\/\/digilago.es\/mugun\/producto\/the-saem-cover-perfection-tip-concealer\/\",\"url\":\"https:\/\/digilago.es\/mugun\/producto\/the-saem-cover-perfection-tip-concealer\/\",\"name\":\"THE SAEM \u2013 Cover Perfection Tip Concealer - MERAKI\",\"isPartOf\":{\"@id\":\"https:\/\/digilago.es\/mugun\/#website\"},\"primaryImageOfPage\":{\"@id\":\"https:\/\/digilago.es\/mugun\/producto\/the-saem-cover-perfection-tip-concealer\/#primaryimage\"},\"image\":{\"@id\":\"https:\/\/digilago.es\/mugun\/producto\/the-saem-cover-perfection-tip-concealer\/#primaryimage\"},\"thumbnailUrl\":\"https:\/\/digilago.es\/mugun\/wp-content\/uploads\/sites\/5\/2024\/01\/30.jpg\",\"datePublished\":\"2024-01-06T00:31:55+00:00\",\"dateModified\":\"2024-01-09T05:27:14+00:00\",\"breadcrumb\":{\"@id\":\"https:\/\/digilago.es\/mugun\/producto\/the-saem-cover-perfection-tip-concealer\/#breadcrumb\"},\"inLanguage\":\"es\",\"potentialAction\":[{\"@type\":\"ReadAction\",\"target\":[\"https:\/\/digilago.es\/mugun\/producto\/the-saem-cover-perfection-tip-concealer\/\"]}]},{\"@type\":\"ImageObject\",\"inLanguage\":\"es\",\"@id\":\"https:\/\/digilago.es\/mugun\/producto\/the-saem-cover-perfection-tip-concealer\/#primaryimage\",\"url\":\"https:\/\/digilago.es\/mugun\/wp-content\/uploads\/sites\/5\/2024\/01\/30.jpg\",\"contentUrl\":\"https:\/\/digilago.es\/mugun\/wp-content\/uploads\/sites\/5\/2024\/01\/30.jpg\",\"width\":600,\"height\":600},{\"@type\":\"BreadcrumbList\",\"@id\":\"https:\/\/digilago.es\/mugun\/producto\/the-saem-cover-perfection-tip-concealer\/#breadcrumb\",\"itemListElement\":[{\"@type\":\"ListItem\",\"position\":1,\"name\":\"Portada\",\"item\":\"https:\/\/digilago.es\/mugun\/\"},{\"@type\":\"ListItem\",\"position\":2,\"name\":\"Todos los productos\",\"item\":\"https:\/\/digilago.es\/mugun\/shop\/\"},{\"@type\":\"ListItem\",\"position\":3,\"name\":\"THE SAEM \u2013 Cover Perfection Tip Concealer\"}]},{\"@type\":\"WebSite\",\"@id\":\"https:\/\/digilago.es\/mugun\/#website\",\"url\":\"https:\/\/digilago.es\/mugun\/\",\"name\":\"MERAKI\",\"description\":\"Otro sitio m\u00e1s de DIGILAGO proyectos de negocio alumnos\",\"publisher\":{\"@id\":\"https:\/\/digilago.es\/mugun\/#organization\"},\"potentialAction\":[{\"@type\":\"SearchAction\",\"target\":{\"@type\":\"EntryPoint\",\"urlTemplate\":\"https:\/\/digilago.es\/mugun\/?s={search_term_string}\"},\"query-input\":{\"@type\":\"PropertyValueSpecification\",\"valueRequired\":true,\"valueName\":\"search_term_string\"}}],\"inLanguage\":\"es\"},{\"@type\":\"Organization\",\"@id\":\"https:\/\/digilago.es\/mugun\/#organization\",\"name\":\"MERAKI\",\"url\":\"https:\/\/digilago.es\/mugun\/\",\"logo\":{\"@type\":\"ImageObject\",\"inLanguage\":\"es\",\"@id\":\"https:\/\/digilago.es\/mugun\/#\/schema\/logo\/image\/\",\"url\":\"https:\/\/digilago.es\/mugun\/wp-content\/uploads\/sites\/5\/2024\/01\/cropped-cropped-Logo-blanco-sin-nombre.png\",\"contentUrl\":\"https:\/\/digilago.es\/mugun\/wp-content\/uploads\/sites\/5\/2024\/01\/cropped-cropped-Logo-blanco-sin-nombre.png\",\"width\":184,\"height\":166,\"caption\":\"MERAKI\"},\"image\":{\"@id\":\"https:\/\/digilago.es\/mugun\/#\/schema\/logo\/image\/\"}}]}<\/script>\n<!-- \/ Yoast SEO plugin. -->","yoast_head_json":{"title":"THE SAEM \u2013 Cover Perfection Tip Concealer - MERAKI","robots":{"index":"index","follow":"follow","max-snippet":"max-snippet:-1","max-image-preview":"max-image-preview:large","max-video-preview":"max-video-preview:-1"},"canonical":"https:\/\/digilago.es\/mugun\/producto\/the-saem-cover-perfection-tip-concealer\/","og_locale":"es_ES","og_type":"article","og_title":"THE SAEM \u2013 Cover Perfection Tip Concealer - MERAKI","og_description":"Es un corrector l\u00edquido de alta cobertura dise\u00f1ado para disimular imperfecciones, ojeras y manchas. Con una textura cremosa, ofrece una aplicaci\u00f3n precisa y una larga duraci\u00f3n, proporcionando un acabado natural sin acartonar.  Contenido: 6,5 gr","og_url":"https:\/\/digilago.es\/mugun\/producto\/the-saem-cover-perfection-tip-concealer\/","og_site_name":"MERAKI","article_modified_time":"2024-01-09T05:27:14+00:00","og_image":[{"width":600,"height":600,"url":"https:\/\/digilago.es\/mugun\/wp-content\/uploads\/sites\/5\/2024\/01\/30.jpg","type":"image\/jpeg"}],"twitter_card":"summary_large_image","twitter_misc":{"Tiempo de lectura":"1 minuto"},"schema":{"@context":"https:\/\/schema.org","@graph":[{"@type":"WebPage","@id":"https:\/\/digilago.es\/mugun\/producto\/the-saem-cover-perfection-tip-concealer\/","url":"https:\/\/digilago.es\/mugun\/producto\/the-saem-cover-perfection-tip-concealer\/","name":"THE SAEM \u2013 Cover Perfection Tip Concealer - MERAKI","isPartOf":{"@id":"https:\/\/digilago.es\/mugun\/#website"},"primaryImageOfPage":{"@id":"https:\/\/digilago.es\/mugun\/producto\/the-saem-cover-perfection-tip-concealer\/#primaryimage"},"image":{"@id":"https:\/\/digilago.es\/mugun\/producto\/the-saem-cover-perfection-tip-concealer\/#primaryimage"},"thumbnailUrl":"https:\/\/digilago.es\/mugun\/wp-content\/uploads\/sites\/5\/2024\/01\/30.jpg","datePublished":"2024-01-06T00:31:55+00:00","dateModified":"2024-01-09T05:27:14+00:00","breadcrumb":{"@id":"https:\/\/digilago.es\/mugun\/producto\/the-saem-cover-perfection-tip-concealer\/#breadcrumb"},"inLanguage":"es","potentialAction":[{"@type":"ReadAction","target":["https:\/\/digilago.es\/mugun\/producto\/the-saem-cover-perfection-tip-concealer\/"]}]},{"@type":"ImageObject","inLanguage":"es","@id":"https:\/\/digilago.es\/mugun\/producto\/the-saem-cover-perfection-tip-concealer\/#primaryimage","url":"https:\/\/digilago.es\/mugun\/wp-content\/uploads\/sites\/5\/2024\/01\/30.jpg","contentUrl":"https:\/\/digilago.es\/mugun\/wp-content\/uploads\/sites\/5\/2024\/01\/30.jpg","width":600,"height":600},{"@type":"BreadcrumbList","@id":"https:\/\/digilago.es\/mugun\/producto\/the-saem-cover-perfection-tip-concealer\/#breadcrumb","itemListElement":[{"@type":"ListItem","position":1,"name":"Portada","item":"https:\/\/digilago.es\/mugun\/"},{"@type":"ListItem","position":2,"name":"Todos los productos","item":"https:\/\/digilago.es\/mugun\/shop\/"},{"@type":"ListItem","position":3,"name":"THE SAEM \u2013 Cover Perfection Tip Concealer"}]},{"@type":"WebSite","@id":"https:\/\/digilago.es\/mugun\/#website","url":"https:\/\/digilago.es\/mugun\/","name":"MERAKI","description":"Otro sitio m\u00e1s de DIGILAGO proyectos de negocio alumnos","publisher":{"@id":"https:\/\/digilago.es\/mugun\/#organization"},"potentialAction":[{"@type":"SearchAction","target":{"@type":"EntryPoint","urlTemplate":"https:\/\/digilago.es\/mugun\/?s={search_term_string}"},"query-input":{"@type":"PropertyValueSpecification","valueRequired":true,"valueName":"search_term_string"}}],"inLanguage":"es"},{"@type":"Organization","@id":"https:\/\/digilago.es\/mugun\/#organization","name":"MERAKI","url":"https:\/\/digilago.es\/mugun\/","logo":{"@type":"ImageObject","inLanguage":"es","@id":"https:\/\/digilago.es\/mugun\/#\/schema\/logo\/image\/","url":"https:\/\/digilago.es\/mugun\/wp-content\/uploads\/sites\/5\/2024\/01\/cropped-cropped-Logo-blanco-sin-nombre.png","contentUrl":"https:\/\/digilago.es\/mugun\/wp-content\/uploads\/sites\/5\/2024\/01\/cropped-cropped-Logo-blanco-sin-nombre.png","width":184,"height":166,"caption":"MERAKI"},"image":{"@id":"https:\/\/digilago.es\/mugun\/#\/schema\/logo\/image\/"}}]}},"_links":{"self":[{"href":"https:\/\/digilago.es\/mugun\/wp-json\/wp\/v2\/product\/5313","targetHints":{"allow":["GET"]}}],"collection":[{"href":"https:\/\/digilago.es\/mugun\/wp-json\/wp\/v2\/product"}],"about":[{"href":"https:\/\/digilago.es\/mugun\/wp-json\/wp\/v2\/types\/product"}],"replies":[{"embeddable":true,"href":"https:\/\/digilago.es\/mugun\/wp-json\/wp\/v2\/comments?post=5313"}],"wp:featuredmedia":[{"embeddable":true,"href":"https:\/\/digilago.es\/mugun\/wp-json\/wp\/v2\/media\/5631"}],"wp:attachment":[{"href":"https:\/\/digilago.es\/mugun\/wp-json\/wp\/v2\/media?parent=5313"}],"wp:term":[{"taxonomy":"product_brand","embeddable":true,"href":"https:\/\/digilago.es\/mugun\/wp-json\/wp\/v2\/product_brand?post=5313"},{"taxonomy":"product_cat","embeddable":true,"href":"https:\/\/digilago.es\/mugun\/wp-json\/wp\/v2\/product_cat?post=5313"},{"taxonomy":"product_tag","embeddable":true,"href":"https:\/\/digilago.es\/mugun\/wp-json\/wp\/v2\/product_tag?post=5313"}],"curies":[{"name":"wp","href":"https:\/\/api.w.org\/{rel}","templated":true}]}}