{"id":5283,"date":"2024-01-06T00:28:40","date_gmt":"2024-01-06T00:28:40","guid":{"rendered":"https:\/\/digilago.es\/mugun\/?post_type=product&#038;p=5283"},"modified":"2024-01-09T04:50:39","modified_gmt":"2024-01-09T04:50:39","slug":"missha-magic-cushion-cover-lasting","status":"publish","type":"product","link":"https:\/\/digilago.es\/mugun\/producto\/missha-magic-cushion-cover-lasting\/","title":{"rendered":"MISSHA \u2013 Magic Cushion Cover Lasting"},"content":{"rendered":"<p><strong><u>C\u00f3mo aplicar:<\/u><\/strong><\/p>\n<p>Aplica suavemente sobre la piel limpia y humectada, presionando la almohadilla sobre el coj\u00edn para absorber el producto. Da toques ligeros desde el centro del rostro hacia afuera para una cobertura uniforme y natural. Si es necesario, construye capas para mayor cobertura en \u00e1reas espec\u00edficas.<\/p>\n<p><strong><u>Beneficios:<\/u><\/strong><\/p>\n<ol>\n<li><strong>Cobertura ajustable:<\/strong> ofrece desde una cobertura media hasta completa, permitiendo adaptar el nivel de cobertura seg\u00fan las necesidades.<\/li>\n<li><strong>Acabado duradero:<\/strong> su f\u00f3rmula de larga duraci\u00f3n matifica la piel y ayuda a mantener el maquillaje intacto durante horas sin necesidad de retoques.<\/li>\n<li><strong>Protecci\u00f3n solar:<\/strong> contiene factor de protecci\u00f3n solar que ayuda a proteger la piel de los da\u00f1inos rayos UV, contribuyendo a la prevenci\u00f3n del envejecimiento prematuro y la protecci\u00f3n contra el sol.<\/li>\n<\/ol>\n<p><strong><u>Ingredientes:<\/u><\/strong><\/p>\n<p>WATER, CI 77891, CYCLOPENTASILOXANE, ETHYLHEXYL METHOXYCINNAMATE, ETHYLHEXYL SALICYLATE, METHYL TRIMETHICONE, BUTYLENE GLYCOL, LAURYL PEG-10 TRIS(TRIMETHYLSILOXY)SILYLETHYL DIMETHICONE, GLYCERIN, PENTYLENE GLYCOL, BUTYLENE GLYCOL DICAPRYLATE\/DICAPRATE, DIPHENYLSILOXY PHENYL TRIMETHICONE, NIACINAMIDE, SYNTHETIC FLUORPHLOGOPITE, DIMETHICONE, NELUMBO NUCIFERA ROOT WATER, CAMELLIA SINENSIS LEAF WATER, SALVIA OFFICINALIS (SAGE) LEAF WATER, PEG-10 DIMETHICONE, VINYL DIMETHICONE\/METHICONE SILSESQUIOXANE CROSSPOLYMER, MAGNESIUM SULFATE, DISTEARDIMONIUM HECTORITE, ACRYLATES\/STEARYL ACRYLATE\/DIMETHICONE METHACRYLATE COPOLYMER, TRISILOXANE, CETEARYL DIMETHICONE\/VINYL DIMETHICONE CROSSPOLYMER, ISODODECANE, STEARIC ACID, POLYPROPYLSILSESQUIOXANE, ALUMINA, POLYHYDROXYSTEARIC ACID, ACRYLATES\/POLYTRIMETHYLSILOXYMETHACRYLATE COPOLYMER, TRIETHOXYCAPRYLYLSILANE, ALUMINUM HYDROXIDE, ETHYLHEXYLGLYCERIN, ETHYLHEXYL PALMITATE, ISOPROPYL MYRISTATE, ISOSTEARIC ACID, LECITHIN, ADENOSINE, POLYGLYCERYL-3 POLYRICINOLEATE, ETHYL HEXANEDIOL, 1,2-HEXANEDIOL, OCTANEDIOL, DISODIUM EDTA, PHENOXYETHANOL, FRAGRANCE, CI 77492, CI 77491, CI 77499<\/p>\n","protected":false},"excerpt":{"rendered":"<p>Es un cushion de larga duraci\u00f3n que ofrece una cobertura media a alta. Con una f\u00f3rmula de larga duraci\u00f3n, matifica la piel y corrige imperfecciones, dejando un acabado suave y natural.<\/p>\n<p>Contenido: 15 gr<\/p>\n","protected":false},"featured_media":5620,"comment_status":"open","ping_status":"closed","template":"","meta":{"site-sidebar-layout":"default","site-content-layout":"","ast-site-content-layout":"default","site-content-style":"default","site-sidebar-style":"default","ast-global-header-display":"","ast-banner-title-visibility":"","ast-main-header-display":"","ast-hfb-above-header-display":"","ast-hfb-below-header-display":"","ast-hfb-mobile-header-display":"","site-post-title":"","ast-breadcrumbs-content":"","ast-featured-img":"","footer-sml-layout":"","ast-disable-related-posts":"","theme-transparent-header-meta":"default","adv-header-id-meta":"","stick-header-meta":"","header-above-stick-meta":"","header-main-stick-meta":"","header-below-stick-meta":"","astra-migrate-meta-layouts":"set","ast-page-background-enabled":"default","ast-page-background-meta":{"desktop":{"background-color":"var(--ast-global-color-4)","background-image":"","background-repeat":"repeat","background-position":"center center","background-size":"auto","background-attachment":"scroll","background-type":"","background-media":"","overlay-type":"","overlay-color":"","overlay-opacity":"","overlay-gradient":""},"tablet":{"background-color":"","background-image":"","background-repeat":"repeat","background-position":"center center","background-size":"auto","background-attachment":"scroll","background-type":"","background-media":"","overlay-type":"","overlay-color":"","overlay-opacity":"","overlay-gradient":""},"mobile":{"background-color":"","background-image":"","background-repeat":"repeat","background-position":"center center","background-size":"auto","background-attachment":"scroll","background-type":"","background-media":"","overlay-type":"","overlay-color":"","overlay-opacity":"","overlay-gradient":""}},"ast-content-background-meta":{"desktop":{"background-color":"var(--ast-global-color-5)","background-image":"","background-repeat":"repeat","background-position":"center center","background-size":"auto","background-attachment":"scroll","background-type":"","background-media":"","overlay-type":"","overlay-color":"","overlay-opacity":"","overlay-gradient":""},"tablet":{"background-color":"var(--ast-global-color-5)","background-image":"","background-repeat":"repeat","background-position":"center center","background-size":"auto","background-attachment":"scroll","background-type":"","background-media":"","overlay-type":"","overlay-color":"","overlay-opacity":"","overlay-gradient":""},"mobile":{"background-color":"var(--ast-global-color-5)","background-image":"","background-repeat":"repeat","background-position":"center center","background-size":"auto","background-attachment":"scroll","background-type":"","background-media":"","overlay-type":"","overlay-color":"","overlay-opacity":"","overlay-gradient":""}}},"product_brand":[],"product_cat":[118,114,100,94,45,47,61],"product_tag":[],"class_list":{"0":"post-5283","1":"product","2":"type-product","3":"status-publish","4":"has-post-thumbnail","6":"product_cat-bb-cushion","7":"product_cat-mate","8":"product_cat-missha","9":"product_cat-rostro","10":"product_cat-piel-con-acne","11":"product_cat-piel-grasa","12":"product_cat-piel-mixta","13":"desktop-align-center","14":"tablet-align-left","15":"mobile-align-left","17":"first","18":"instock","19":"shipping-taxable","20":"purchasable","21":"product-type-variable"},"yoast_head":"<!-- This site is optimized with the Yoast SEO plugin v26.8 - https:\/\/yoast.com\/product\/yoast-seo-wordpress\/ -->\n<title>MISSHA \u2013 Magic Cushion Cover Lasting - MERAKI<\/title>\n<meta name=\"robots\" content=\"index, follow, max-snippet:-1, max-image-preview:large, max-video-preview:-1\" \/>\n<link rel=\"canonical\" href=\"https:\/\/digilago.es\/mugun\/producto\/missha-magic-cushion-cover-lasting\/\" \/>\n<meta property=\"og:locale\" content=\"es_ES\" \/>\n<meta property=\"og:type\" content=\"article\" \/>\n<meta property=\"og:title\" content=\"MISSHA \u2013 Magic Cushion Cover Lasting - MERAKI\" \/>\n<meta property=\"og:description\" content=\"Es un cushion de larga duraci\u00f3n que ofrece una cobertura media a alta. Con una f\u00f3rmula de larga duraci\u00f3n, matifica la piel y corrige imperfecciones, dejando un acabado suave y natural.  Contenido: 15 gr\" \/>\n<meta property=\"og:url\" content=\"https:\/\/digilago.es\/mugun\/producto\/missha-magic-cushion-cover-lasting\/\" \/>\n<meta property=\"og:site_name\" content=\"MERAKI\" \/>\n<meta property=\"article:modified_time\" content=\"2024-01-09T04:50:39+00:00\" \/>\n<meta property=\"og:image\" content=\"https:\/\/digilago.es\/mugun\/wp-content\/uploads\/sites\/5\/2024\/01\/22.jpg\" \/>\n\t<meta property=\"og:image:width\" content=\"600\" \/>\n\t<meta property=\"og:image:height\" content=\"600\" \/>\n\t<meta property=\"og:image:type\" content=\"image\/jpeg\" \/>\n<meta name=\"twitter:card\" content=\"summary_large_image\" \/>\n<meta name=\"twitter:label1\" content=\"Tiempo de lectura\" \/>\n\t<meta name=\"twitter:data1\" content=\"2 minutos\" \/>\n<script type=\"application\/ld+json\" class=\"yoast-schema-graph\">{\"@context\":\"https:\/\/schema.org\",\"@graph\":[{\"@type\":\"WebPage\",\"@id\":\"https:\/\/digilago.es\/mugun\/producto\/missha-magic-cushion-cover-lasting\/\",\"url\":\"https:\/\/digilago.es\/mugun\/producto\/missha-magic-cushion-cover-lasting\/\",\"name\":\"MISSHA \u2013 Magic Cushion Cover Lasting - MERAKI\",\"isPartOf\":{\"@id\":\"https:\/\/digilago.es\/mugun\/#website\"},\"primaryImageOfPage\":{\"@id\":\"https:\/\/digilago.es\/mugun\/producto\/missha-magic-cushion-cover-lasting\/#primaryimage\"},\"image\":{\"@id\":\"https:\/\/digilago.es\/mugun\/producto\/missha-magic-cushion-cover-lasting\/#primaryimage\"},\"thumbnailUrl\":\"https:\/\/digilago.es\/mugun\/wp-content\/uploads\/sites\/5\/2024\/01\/22.jpg\",\"datePublished\":\"2024-01-06T00:28:40+00:00\",\"dateModified\":\"2024-01-09T04:50:39+00:00\",\"breadcrumb\":{\"@id\":\"https:\/\/digilago.es\/mugun\/producto\/missha-magic-cushion-cover-lasting\/#breadcrumb\"},\"inLanguage\":\"es\",\"potentialAction\":[{\"@type\":\"ReadAction\",\"target\":[\"https:\/\/digilago.es\/mugun\/producto\/missha-magic-cushion-cover-lasting\/\"]}]},{\"@type\":\"ImageObject\",\"inLanguage\":\"es\",\"@id\":\"https:\/\/digilago.es\/mugun\/producto\/missha-magic-cushion-cover-lasting\/#primaryimage\",\"url\":\"https:\/\/digilago.es\/mugun\/wp-content\/uploads\/sites\/5\/2024\/01\/22.jpg\",\"contentUrl\":\"https:\/\/digilago.es\/mugun\/wp-content\/uploads\/sites\/5\/2024\/01\/22.jpg\",\"width\":600,\"height\":600},{\"@type\":\"BreadcrumbList\",\"@id\":\"https:\/\/digilago.es\/mugun\/producto\/missha-magic-cushion-cover-lasting\/#breadcrumb\",\"itemListElement\":[{\"@type\":\"ListItem\",\"position\":1,\"name\":\"Portada\",\"item\":\"https:\/\/digilago.es\/mugun\/\"},{\"@type\":\"ListItem\",\"position\":2,\"name\":\"Todos los productos\",\"item\":\"https:\/\/digilago.es\/mugun\/shop\/\"},{\"@type\":\"ListItem\",\"position\":3,\"name\":\"MISSHA \u2013 Magic Cushion Cover Lasting\"}]},{\"@type\":\"WebSite\",\"@id\":\"https:\/\/digilago.es\/mugun\/#website\",\"url\":\"https:\/\/digilago.es\/mugun\/\",\"name\":\"MERAKI\",\"description\":\"Otro sitio m\u00e1s de DIGILAGO proyectos de negocio alumnos\",\"publisher\":{\"@id\":\"https:\/\/digilago.es\/mugun\/#organization\"},\"potentialAction\":[{\"@type\":\"SearchAction\",\"target\":{\"@type\":\"EntryPoint\",\"urlTemplate\":\"https:\/\/digilago.es\/mugun\/?s={search_term_string}\"},\"query-input\":{\"@type\":\"PropertyValueSpecification\",\"valueRequired\":true,\"valueName\":\"search_term_string\"}}],\"inLanguage\":\"es\"},{\"@type\":\"Organization\",\"@id\":\"https:\/\/digilago.es\/mugun\/#organization\",\"name\":\"MERAKI\",\"url\":\"https:\/\/digilago.es\/mugun\/\",\"logo\":{\"@type\":\"ImageObject\",\"inLanguage\":\"es\",\"@id\":\"https:\/\/digilago.es\/mugun\/#\/schema\/logo\/image\/\",\"url\":\"https:\/\/digilago.es\/mugun\/wp-content\/uploads\/sites\/5\/2024\/01\/cropped-cropped-Logo-blanco-sin-nombre.png\",\"contentUrl\":\"https:\/\/digilago.es\/mugun\/wp-content\/uploads\/sites\/5\/2024\/01\/cropped-cropped-Logo-blanco-sin-nombre.png\",\"width\":184,\"height\":166,\"caption\":\"MERAKI\"},\"image\":{\"@id\":\"https:\/\/digilago.es\/mugun\/#\/schema\/logo\/image\/\"}}]}<\/script>\n<!-- \/ Yoast SEO plugin. -->","yoast_head_json":{"title":"MISSHA \u2013 Magic Cushion Cover Lasting - MERAKI","robots":{"index":"index","follow":"follow","max-snippet":"max-snippet:-1","max-image-preview":"max-image-preview:large","max-video-preview":"max-video-preview:-1"},"canonical":"https:\/\/digilago.es\/mugun\/producto\/missha-magic-cushion-cover-lasting\/","og_locale":"es_ES","og_type":"article","og_title":"MISSHA \u2013 Magic Cushion Cover Lasting - MERAKI","og_description":"Es un cushion de larga duraci\u00f3n que ofrece una cobertura media a alta. Con una f\u00f3rmula de larga duraci\u00f3n, matifica la piel y corrige imperfecciones, dejando un acabado suave y natural.  Contenido: 15 gr","og_url":"https:\/\/digilago.es\/mugun\/producto\/missha-magic-cushion-cover-lasting\/","og_site_name":"MERAKI","article_modified_time":"2024-01-09T04:50:39+00:00","og_image":[{"width":600,"height":600,"url":"https:\/\/digilago.es\/mugun\/wp-content\/uploads\/sites\/5\/2024\/01\/22.jpg","type":"image\/jpeg"}],"twitter_card":"summary_large_image","twitter_misc":{"Tiempo de lectura":"2 minutos"},"schema":{"@context":"https:\/\/schema.org","@graph":[{"@type":"WebPage","@id":"https:\/\/digilago.es\/mugun\/producto\/missha-magic-cushion-cover-lasting\/","url":"https:\/\/digilago.es\/mugun\/producto\/missha-magic-cushion-cover-lasting\/","name":"MISSHA \u2013 Magic Cushion Cover Lasting - MERAKI","isPartOf":{"@id":"https:\/\/digilago.es\/mugun\/#website"},"primaryImageOfPage":{"@id":"https:\/\/digilago.es\/mugun\/producto\/missha-magic-cushion-cover-lasting\/#primaryimage"},"image":{"@id":"https:\/\/digilago.es\/mugun\/producto\/missha-magic-cushion-cover-lasting\/#primaryimage"},"thumbnailUrl":"https:\/\/digilago.es\/mugun\/wp-content\/uploads\/sites\/5\/2024\/01\/22.jpg","datePublished":"2024-01-06T00:28:40+00:00","dateModified":"2024-01-09T04:50:39+00:00","breadcrumb":{"@id":"https:\/\/digilago.es\/mugun\/producto\/missha-magic-cushion-cover-lasting\/#breadcrumb"},"inLanguage":"es","potentialAction":[{"@type":"ReadAction","target":["https:\/\/digilago.es\/mugun\/producto\/missha-magic-cushion-cover-lasting\/"]}]},{"@type":"ImageObject","inLanguage":"es","@id":"https:\/\/digilago.es\/mugun\/producto\/missha-magic-cushion-cover-lasting\/#primaryimage","url":"https:\/\/digilago.es\/mugun\/wp-content\/uploads\/sites\/5\/2024\/01\/22.jpg","contentUrl":"https:\/\/digilago.es\/mugun\/wp-content\/uploads\/sites\/5\/2024\/01\/22.jpg","width":600,"height":600},{"@type":"BreadcrumbList","@id":"https:\/\/digilago.es\/mugun\/producto\/missha-magic-cushion-cover-lasting\/#breadcrumb","itemListElement":[{"@type":"ListItem","position":1,"name":"Portada","item":"https:\/\/digilago.es\/mugun\/"},{"@type":"ListItem","position":2,"name":"Todos los productos","item":"https:\/\/digilago.es\/mugun\/shop\/"},{"@type":"ListItem","position":3,"name":"MISSHA \u2013 Magic Cushion Cover Lasting"}]},{"@type":"WebSite","@id":"https:\/\/digilago.es\/mugun\/#website","url":"https:\/\/digilago.es\/mugun\/","name":"MERAKI","description":"Otro sitio m\u00e1s de DIGILAGO proyectos de negocio alumnos","publisher":{"@id":"https:\/\/digilago.es\/mugun\/#organization"},"potentialAction":[{"@type":"SearchAction","target":{"@type":"EntryPoint","urlTemplate":"https:\/\/digilago.es\/mugun\/?s={search_term_string}"},"query-input":{"@type":"PropertyValueSpecification","valueRequired":true,"valueName":"search_term_string"}}],"inLanguage":"es"},{"@type":"Organization","@id":"https:\/\/digilago.es\/mugun\/#organization","name":"MERAKI","url":"https:\/\/digilago.es\/mugun\/","logo":{"@type":"ImageObject","inLanguage":"es","@id":"https:\/\/digilago.es\/mugun\/#\/schema\/logo\/image\/","url":"https:\/\/digilago.es\/mugun\/wp-content\/uploads\/sites\/5\/2024\/01\/cropped-cropped-Logo-blanco-sin-nombre.png","contentUrl":"https:\/\/digilago.es\/mugun\/wp-content\/uploads\/sites\/5\/2024\/01\/cropped-cropped-Logo-blanco-sin-nombre.png","width":184,"height":166,"caption":"MERAKI"},"image":{"@id":"https:\/\/digilago.es\/mugun\/#\/schema\/logo\/image\/"}}]}},"_links":{"self":[{"href":"https:\/\/digilago.es\/mugun\/wp-json\/wp\/v2\/product\/5283","targetHints":{"allow":["GET"]}}],"collection":[{"href":"https:\/\/digilago.es\/mugun\/wp-json\/wp\/v2\/product"}],"about":[{"href":"https:\/\/digilago.es\/mugun\/wp-json\/wp\/v2\/types\/product"}],"replies":[{"embeddable":true,"href":"https:\/\/digilago.es\/mugun\/wp-json\/wp\/v2\/comments?post=5283"}],"wp:featuredmedia":[{"embeddable":true,"href":"https:\/\/digilago.es\/mugun\/wp-json\/wp\/v2\/media\/5620"}],"wp:attachment":[{"href":"https:\/\/digilago.es\/mugun\/wp-json\/wp\/v2\/media?parent=5283"}],"wp:term":[{"taxonomy":"product_brand","embeddable":true,"href":"https:\/\/digilago.es\/mugun\/wp-json\/wp\/v2\/product_brand?post=5283"},{"taxonomy":"product_cat","embeddable":true,"href":"https:\/\/digilago.es\/mugun\/wp-json\/wp\/v2\/product_cat?post=5283"},{"taxonomy":"product_tag","embeddable":true,"href":"https:\/\/digilago.es\/mugun\/wp-json\/wp\/v2\/product_tag?post=5283"}],"curies":[{"name":"wp","href":"https:\/\/api.w.org\/{rel}","templated":true}]}}