{"id":5277,"date":"2024-01-06T00:28:12","date_gmt":"2024-01-06T00:28:12","guid":{"rendered":"https:\/\/digilago.es\/mugun\/?post_type=product&#038;p=5277"},"modified":"2024-01-09T04:54:08","modified_gmt":"2024-01-09T04:54:08","slug":"purito-cica-clearing-bb-cream","status":"publish","type":"product","link":"https:\/\/digilago.es\/mugun\/producto\/purito-cica-clearing-bb-cream\/","title":{"rendered":"PURITO \u2013 Cica Clearing BB Cream"},"content":{"rendered":"<p><strong><u>C\u00f3mo aplicar:<br \/>\n<\/u><\/strong>Dispensa una cantidad apropiada y extiende uniformemente sobre el rostro, difuminando desde el centro hacia afuera con tus dedos, una brocha o una esponja para lograr una cobertura natural y uniforme, prestando atenci\u00f3n a las \u00e1reas que necesiten mayor correcci\u00f3n.<\/p>\n<p><strong><u>Beneficios:<\/u><\/strong><\/p>\n<ol>\n<li><strong>Cobertura natural:<\/strong> ofrece una cobertura ligera a media que ayuda a cubrir imperfecciones, enrojecimientos y manchas, proporcionando un acabado natural y uniforme.<\/li>\n<li><strong>Cuidado de la piel:<\/strong> contiene ingredientes como la Centella Asi\u00e1tica y la Niacinamida que ayudan a calmar y fortalecer la barrera cut\u00e1nea.<\/li>\n<li><strong>Protecci\u00f3n solar:<\/strong> con un SPF 38 PA++, brinda protecci\u00f3n contra los da\u00f1os causados por los rayos UVA\/UVB, ayudando a prevenir el envejecimiento prematuro y protegiendo la piel de los efectos del sol.<\/li>\n<\/ol>\n<p><strong><u>Ingredientes:<\/u><\/strong><\/p>\n<p>WATER, TITANIUM DIOXIDE , ETHYLHEXYL METHOXYCINNAMATE , CYCLOPENTASILOXANE , BUTYLENE GLYCOL , ETHYLHEXYL SALICYLATE , CYCLOHEXASILOXANE , LAURYL POLYGLYCERYL-3 POLYDIMETHYLSILOXYETHYL DIMETHICONE , NIACINAMIDE , HYDROGENATED POLY(C6-14 OLEFIN) , ZINC OXIDE , MICA , SODIUM CHLORIDE , ZINC STEARATE , DEXTRIN PALMITATE , DISTEARDIMONIUM HECTORITE , SORBITAN SESQUIOLEATE, CENTELLA ASIATICA EXTRACT , MADECASSOSIDE, ASIATICOSIDE (STRENGTHENS SKIN BARRIER), MADECASSIC ACID , ASIATIC ACID , CAPRYLYL GLYCOL, TRIETHOXYCAPRYLYLSILANE , ALUMINIUM HYDROXIDE , ALLANTOIN , PANTHENOL , GLYCERIN , CAPRYLHYDROXAMIC ACID , DIMETHICONE\/VINYL DIMETHICONE CROSSPOLYMER , ADENOSINE , 1,2-HEXANEDIOL , TOCOPHEROL , IRON OXIDES YELLOW(CI 77492) , IRON OXIDES RED (CI 77491) , IRON OXIDES BLACK(CI 77499)<\/p>\n","protected":false},"excerpt":{"rendered":"<p>Esta BB cream tiene propiedades calmantes que cubre imperfecciones y enrojecimientos, gracias a su f\u00f3rmula con Centella Asi\u00e1tica y Niacinamida. Ofrece cobertura natural, cuidado de la piel y protecci\u00f3n solar con SPF 38 PA++ para una piel m\u00e1s radiante y saludable.<\/p>\n<p>Contenido: 30 ml<\/p>\n","protected":false},"featured_media":5615,"comment_status":"open","ping_status":"closed","template":"","meta":{"site-sidebar-layout":"default","site-content-layout":"","ast-site-content-layout":"default","site-content-style":"default","site-sidebar-style":"default","ast-global-header-display":"","ast-banner-title-visibility":"","ast-main-header-display":"","ast-hfb-above-header-display":"","ast-hfb-below-header-display":"","ast-hfb-mobile-header-display":"","site-post-title":"","ast-breadcrumbs-content":"","ast-featured-img":"","footer-sml-layout":"","ast-disable-related-posts":"","theme-transparent-header-meta":"default","adv-header-id-meta":"","stick-header-meta":"","header-above-stick-meta":"","header-main-stick-meta":"","header-below-stick-meta":"","astra-migrate-meta-layouts":"set","ast-page-background-enabled":"default","ast-page-background-meta":{"desktop":{"background-color":"var(--ast-global-color-4)","background-image":"","background-repeat":"repeat","background-position":"center center","background-size":"auto","background-attachment":"scroll","background-type":"","background-media":"","overlay-type":"","overlay-color":"","overlay-opacity":"","overlay-gradient":""},"tablet":{"background-color":"","background-image":"","background-repeat":"repeat","background-position":"center center","background-size":"auto","background-attachment":"scroll","background-type":"","background-media":"","overlay-type":"","overlay-color":"","overlay-opacity":"","overlay-gradient":""},"mobile":{"background-color":"","background-image":"","background-repeat":"repeat","background-position":"center center","background-size":"auto","background-attachment":"scroll","background-type":"","background-media":"","overlay-type":"","overlay-color":"","overlay-opacity":"","overlay-gradient":""}},"ast-content-background-meta":{"desktop":{"background-color":"var(--ast-global-color-5)","background-image":"","background-repeat":"repeat","background-position":"center center","background-size":"auto","background-attachment":"scroll","background-type":"","background-media":"","overlay-type":"","overlay-color":"","overlay-opacity":"","overlay-gradient":""},"tablet":{"background-color":"var(--ast-global-color-5)","background-image":"","background-repeat":"repeat","background-position":"center center","background-size":"auto","background-attachment":"scroll","background-type":"","background-media":"","overlay-type":"","overlay-color":"","overlay-opacity":"","overlay-gradient":""},"mobile":{"background-color":"var(--ast-global-color-5)","background-image":"","background-repeat":"repeat","background-position":"center center","background-size":"auto","background-attachment":"scroll","background-type":"","background-media":"","overlay-type":"","overlay-color":"","overlay-opacity":"","overlay-gradient":""}}},"product_brand":[],"product_cat":[118,115,103,94,45,47,61,42,31,33],"product_tag":[],"class_list":{"0":"post-5277","1":"product","2":"type-product","3":"status-publish","4":"has-post-thumbnail","6":"product_cat-bb-cushion","7":"product_cat-glow","8":"product_cat-purito","9":"product_cat-rostro","10":"product_cat-piel-con-acne","11":"product_cat-piel-grasa","12":"product_cat-piel-mixta","13":"product_cat-piel-seca","14":"product_cat-sensible","15":"product_cat-todo-tipo-de-piel","16":"desktop-align-center","17":"tablet-align-left","18":"mobile-align-left","20":"first","21":"instock","22":"shipping-taxable","23":"purchasable","24":"product-type-variable"},"yoast_head":"<!-- This site is optimized with the Yoast SEO plugin v26.8 - https:\/\/yoast.com\/product\/yoast-seo-wordpress\/ -->\n<title>PURITO \u2013 Cica Clearing BB Cream - MERAKI<\/title>\n<meta name=\"robots\" content=\"index, follow, max-snippet:-1, max-image-preview:large, max-video-preview:-1\" \/>\n<link rel=\"canonical\" href=\"https:\/\/digilago.es\/mugun\/producto\/purito-cica-clearing-bb-cream\/\" \/>\n<meta property=\"og:locale\" content=\"es_ES\" \/>\n<meta property=\"og:type\" content=\"article\" \/>\n<meta property=\"og:title\" content=\"PURITO \u2013 Cica Clearing BB Cream - MERAKI\" \/>\n<meta property=\"og:description\" content=\"Esta BB cream tiene propiedades calmantes que cubre imperfecciones y enrojecimientos, gracias a su f\u00f3rmula con Centella Asi\u00e1tica y Niacinamida. Ofrece cobertura natural, cuidado de la piel y protecci\u00f3n solar con SPF 38 PA++ para una piel m\u00e1s radiante y saludable.  Contenido: 30 ml\" \/>\n<meta property=\"og:url\" content=\"https:\/\/digilago.es\/mugun\/producto\/purito-cica-clearing-bb-cream\/\" \/>\n<meta property=\"og:site_name\" content=\"MERAKI\" \/>\n<meta property=\"article:modified_time\" content=\"2024-01-09T04:54:08+00:00\" \/>\n<meta property=\"og:image\" content=\"https:\/\/digilago.es\/mugun\/wp-content\/uploads\/sites\/5\/2024\/01\/16.jpg\" \/>\n\t<meta property=\"og:image:width\" content=\"522\" \/>\n\t<meta property=\"og:image:height\" content=\"522\" \/>\n\t<meta property=\"og:image:type\" content=\"image\/jpeg\" \/>\n<meta name=\"twitter:card\" content=\"summary_large_image\" \/>\n<meta name=\"twitter:label1\" content=\"Tiempo de lectura\" \/>\n\t<meta name=\"twitter:data1\" content=\"1 minuto\" \/>\n<script type=\"application\/ld+json\" class=\"yoast-schema-graph\">{\"@context\":\"https:\/\/schema.org\",\"@graph\":[{\"@type\":\"WebPage\",\"@id\":\"https:\/\/digilago.es\/mugun\/producto\/purito-cica-clearing-bb-cream\/\",\"url\":\"https:\/\/digilago.es\/mugun\/producto\/purito-cica-clearing-bb-cream\/\",\"name\":\"PURITO \u2013 Cica Clearing BB Cream - MERAKI\",\"isPartOf\":{\"@id\":\"https:\/\/digilago.es\/mugun\/#website\"},\"primaryImageOfPage\":{\"@id\":\"https:\/\/digilago.es\/mugun\/producto\/purito-cica-clearing-bb-cream\/#primaryimage\"},\"image\":{\"@id\":\"https:\/\/digilago.es\/mugun\/producto\/purito-cica-clearing-bb-cream\/#primaryimage\"},\"thumbnailUrl\":\"https:\/\/digilago.es\/mugun\/wp-content\/uploads\/sites\/5\/2024\/01\/16.jpg\",\"datePublished\":\"2024-01-06T00:28:12+00:00\",\"dateModified\":\"2024-01-09T04:54:08+00:00\",\"breadcrumb\":{\"@id\":\"https:\/\/digilago.es\/mugun\/producto\/purito-cica-clearing-bb-cream\/#breadcrumb\"},\"inLanguage\":\"es\",\"potentialAction\":[{\"@type\":\"ReadAction\",\"target\":[\"https:\/\/digilago.es\/mugun\/producto\/purito-cica-clearing-bb-cream\/\"]}]},{\"@type\":\"ImageObject\",\"inLanguage\":\"es\",\"@id\":\"https:\/\/digilago.es\/mugun\/producto\/purito-cica-clearing-bb-cream\/#primaryimage\",\"url\":\"https:\/\/digilago.es\/mugun\/wp-content\/uploads\/sites\/5\/2024\/01\/16.jpg\",\"contentUrl\":\"https:\/\/digilago.es\/mugun\/wp-content\/uploads\/sites\/5\/2024\/01\/16.jpg\",\"width\":522,\"height\":522},{\"@type\":\"BreadcrumbList\",\"@id\":\"https:\/\/digilago.es\/mugun\/producto\/purito-cica-clearing-bb-cream\/#breadcrumb\",\"itemListElement\":[{\"@type\":\"ListItem\",\"position\":1,\"name\":\"Portada\",\"item\":\"https:\/\/digilago.es\/mugun\/\"},{\"@type\":\"ListItem\",\"position\":2,\"name\":\"Todos los productos\",\"item\":\"https:\/\/digilago.es\/mugun\/shop\/\"},{\"@type\":\"ListItem\",\"position\":3,\"name\":\"PURITO \u2013 Cica Clearing BB Cream\"}]},{\"@type\":\"WebSite\",\"@id\":\"https:\/\/digilago.es\/mugun\/#website\",\"url\":\"https:\/\/digilago.es\/mugun\/\",\"name\":\"MERAKI\",\"description\":\"Otro sitio m\u00e1s de DIGILAGO proyectos de negocio alumnos\",\"publisher\":{\"@id\":\"https:\/\/digilago.es\/mugun\/#organization\"},\"potentialAction\":[{\"@type\":\"SearchAction\",\"target\":{\"@type\":\"EntryPoint\",\"urlTemplate\":\"https:\/\/digilago.es\/mugun\/?s={search_term_string}\"},\"query-input\":{\"@type\":\"PropertyValueSpecification\",\"valueRequired\":true,\"valueName\":\"search_term_string\"}}],\"inLanguage\":\"es\"},{\"@type\":\"Organization\",\"@id\":\"https:\/\/digilago.es\/mugun\/#organization\",\"name\":\"MERAKI\",\"url\":\"https:\/\/digilago.es\/mugun\/\",\"logo\":{\"@type\":\"ImageObject\",\"inLanguage\":\"es\",\"@id\":\"https:\/\/digilago.es\/mugun\/#\/schema\/logo\/image\/\",\"url\":\"https:\/\/digilago.es\/mugun\/wp-content\/uploads\/sites\/5\/2024\/01\/cropped-cropped-Logo-blanco-sin-nombre.png\",\"contentUrl\":\"https:\/\/digilago.es\/mugun\/wp-content\/uploads\/sites\/5\/2024\/01\/cropped-cropped-Logo-blanco-sin-nombre.png\",\"width\":184,\"height\":166,\"caption\":\"MERAKI\"},\"image\":{\"@id\":\"https:\/\/digilago.es\/mugun\/#\/schema\/logo\/image\/\"}}]}<\/script>\n<!-- \/ Yoast SEO plugin. -->","yoast_head_json":{"title":"PURITO \u2013 Cica Clearing BB Cream - MERAKI","robots":{"index":"index","follow":"follow","max-snippet":"max-snippet:-1","max-image-preview":"max-image-preview:large","max-video-preview":"max-video-preview:-1"},"canonical":"https:\/\/digilago.es\/mugun\/producto\/purito-cica-clearing-bb-cream\/","og_locale":"es_ES","og_type":"article","og_title":"PURITO \u2013 Cica Clearing BB Cream - MERAKI","og_description":"Esta BB cream tiene propiedades calmantes que cubre imperfecciones y enrojecimientos, gracias a su f\u00f3rmula con Centella Asi\u00e1tica y Niacinamida. Ofrece cobertura natural, cuidado de la piel y protecci\u00f3n solar con SPF 38 PA++ para una piel m\u00e1s radiante y saludable.  Contenido: 30 ml","og_url":"https:\/\/digilago.es\/mugun\/producto\/purito-cica-clearing-bb-cream\/","og_site_name":"MERAKI","article_modified_time":"2024-01-09T04:54:08+00:00","og_image":[{"width":522,"height":522,"url":"https:\/\/digilago.es\/mugun\/wp-content\/uploads\/sites\/5\/2024\/01\/16.jpg","type":"image\/jpeg"}],"twitter_card":"summary_large_image","twitter_misc":{"Tiempo de lectura":"1 minuto"},"schema":{"@context":"https:\/\/schema.org","@graph":[{"@type":"WebPage","@id":"https:\/\/digilago.es\/mugun\/producto\/purito-cica-clearing-bb-cream\/","url":"https:\/\/digilago.es\/mugun\/producto\/purito-cica-clearing-bb-cream\/","name":"PURITO \u2013 Cica Clearing BB Cream - MERAKI","isPartOf":{"@id":"https:\/\/digilago.es\/mugun\/#website"},"primaryImageOfPage":{"@id":"https:\/\/digilago.es\/mugun\/producto\/purito-cica-clearing-bb-cream\/#primaryimage"},"image":{"@id":"https:\/\/digilago.es\/mugun\/producto\/purito-cica-clearing-bb-cream\/#primaryimage"},"thumbnailUrl":"https:\/\/digilago.es\/mugun\/wp-content\/uploads\/sites\/5\/2024\/01\/16.jpg","datePublished":"2024-01-06T00:28:12+00:00","dateModified":"2024-01-09T04:54:08+00:00","breadcrumb":{"@id":"https:\/\/digilago.es\/mugun\/producto\/purito-cica-clearing-bb-cream\/#breadcrumb"},"inLanguage":"es","potentialAction":[{"@type":"ReadAction","target":["https:\/\/digilago.es\/mugun\/producto\/purito-cica-clearing-bb-cream\/"]}]},{"@type":"ImageObject","inLanguage":"es","@id":"https:\/\/digilago.es\/mugun\/producto\/purito-cica-clearing-bb-cream\/#primaryimage","url":"https:\/\/digilago.es\/mugun\/wp-content\/uploads\/sites\/5\/2024\/01\/16.jpg","contentUrl":"https:\/\/digilago.es\/mugun\/wp-content\/uploads\/sites\/5\/2024\/01\/16.jpg","width":522,"height":522},{"@type":"BreadcrumbList","@id":"https:\/\/digilago.es\/mugun\/producto\/purito-cica-clearing-bb-cream\/#breadcrumb","itemListElement":[{"@type":"ListItem","position":1,"name":"Portada","item":"https:\/\/digilago.es\/mugun\/"},{"@type":"ListItem","position":2,"name":"Todos los productos","item":"https:\/\/digilago.es\/mugun\/shop\/"},{"@type":"ListItem","position":3,"name":"PURITO \u2013 Cica Clearing BB Cream"}]},{"@type":"WebSite","@id":"https:\/\/digilago.es\/mugun\/#website","url":"https:\/\/digilago.es\/mugun\/","name":"MERAKI","description":"Otro sitio m\u00e1s de DIGILAGO proyectos de negocio alumnos","publisher":{"@id":"https:\/\/digilago.es\/mugun\/#organization"},"potentialAction":[{"@type":"SearchAction","target":{"@type":"EntryPoint","urlTemplate":"https:\/\/digilago.es\/mugun\/?s={search_term_string}"},"query-input":{"@type":"PropertyValueSpecification","valueRequired":true,"valueName":"search_term_string"}}],"inLanguage":"es"},{"@type":"Organization","@id":"https:\/\/digilago.es\/mugun\/#organization","name":"MERAKI","url":"https:\/\/digilago.es\/mugun\/","logo":{"@type":"ImageObject","inLanguage":"es","@id":"https:\/\/digilago.es\/mugun\/#\/schema\/logo\/image\/","url":"https:\/\/digilago.es\/mugun\/wp-content\/uploads\/sites\/5\/2024\/01\/cropped-cropped-Logo-blanco-sin-nombre.png","contentUrl":"https:\/\/digilago.es\/mugun\/wp-content\/uploads\/sites\/5\/2024\/01\/cropped-cropped-Logo-blanco-sin-nombre.png","width":184,"height":166,"caption":"MERAKI"},"image":{"@id":"https:\/\/digilago.es\/mugun\/#\/schema\/logo\/image\/"}}]}},"_links":{"self":[{"href":"https:\/\/digilago.es\/mugun\/wp-json\/wp\/v2\/product\/5277","targetHints":{"allow":["GET"]}}],"collection":[{"href":"https:\/\/digilago.es\/mugun\/wp-json\/wp\/v2\/product"}],"about":[{"href":"https:\/\/digilago.es\/mugun\/wp-json\/wp\/v2\/types\/product"}],"replies":[{"embeddable":true,"href":"https:\/\/digilago.es\/mugun\/wp-json\/wp\/v2\/comments?post=5277"}],"wp:featuredmedia":[{"embeddable":true,"href":"https:\/\/digilago.es\/mugun\/wp-json\/wp\/v2\/media\/5615"}],"wp:attachment":[{"href":"https:\/\/digilago.es\/mugun\/wp-json\/wp\/v2\/media?parent=5277"}],"wp:term":[{"taxonomy":"product_brand","embeddable":true,"href":"https:\/\/digilago.es\/mugun\/wp-json\/wp\/v2\/product_brand?post=5277"},{"taxonomy":"product_cat","embeddable":true,"href":"https:\/\/digilago.es\/mugun\/wp-json\/wp\/v2\/product_cat?post=5277"},{"taxonomy":"product_tag","embeddable":true,"href":"https:\/\/digilago.es\/mugun\/wp-json\/wp\/v2\/product_tag?post=5277"}],"curies":[{"name":"wp","href":"https:\/\/api.w.org\/{rel}","templated":true}]}}