{"id":5265,"date":"2024-01-06T00:27:27","date_gmt":"2024-01-06T00:27:27","guid":{"rendered":"https:\/\/digilago.es\/mugun\/?post_type=product&#038;p=5265"},"modified":"2024-01-07T18:03:06","modified_gmt":"2024-01-07T18:03:06","slug":"innisfree-no-sebum-blur-primer","status":"publish","type":"product","link":"https:\/\/digilago.es\/mugun\/producto\/innisfree-no-sebum-blur-primer\/","title":{"rendered":"Innisfree \u2013 No Sebum Blur Primer"},"content":{"rendered":"<p><strong><u>C\u00f3mo aplicar:<\/u><\/strong><\/p>\n<p>Aplica una peque\u00f1a cantidad sobre la piel limpia y humectada, concentr\u00e1ndote en \u00e1reas con poros visibles o l\u00edneas finas. Usa suaves movimientos ascendentes para difuminar el producto y luego contin\u00faa con tu rutina de maquillaje habitual.<\/p>\n<p>&nbsp;<\/p>\n<p><strong><u>Beneficios:<\/u><\/strong><\/p>\n<ol>\n<li><strong>Control de brillo: <\/strong>reduce el brillo al controlar la producci\u00f3n de grasa, ofreciendo un acabado mate a la piel.<\/li>\n<li><strong>Minimiza poros visibles:<\/strong> ayuda a difuminar la apariencia de los poros, dejando la piel m\u00e1s suave y uniforme, lo que proporciona una base ideal para la aplicaci\u00f3n de maquillaje.<\/li>\n<li><strong>Prolonga la duraci\u00f3n del maquillaje:<\/strong> al crear una superficie suave y matificada, este primer ayuda a que el maquillaje se adhiera mejor y dure m\u00e1s tiempo.<\/li>\n<\/ol>\n<p>&nbsp;<\/p>\n<p><strong><u>Ingredientes:<\/u><\/strong><\/p>\n<p>CYCLOPENTASILOXANE, DIMETHICONE, DIMETHICONE\/VINYL DIMETHICONE CROSSPOLYMER, CYCLOHEXASILOXANE, SILICA, POLYMETHYLSILSESQUIOXANE, DIMETHICONE\/PEG-10\/15 CROSSPOLYMER, FRAGRANCE, POLYMETHYL METHACRYLATE, MINERAL SALTS, TRIETHOXYCAPRYLYLSILANE, PROPANEDIOL, MENTHA ARVENSIS LEAF EXTRACT, PHENOXYETHANOL, WATER, OPUNTIA COCCINELLIFERA FRUIT EXTRACT, CI 77019\/MICA, TITANIUM DIOXIDE (CI 77891), SODIUM CITRATE, CAMELLIA SINENSIS LEAF EXTRACT, IRON OXIDES (CI 77491), DIOSPYROS KAKI (PERSIMMON) FRUIT EXTRACT, DIOSPYROS KAKI FRUIT EXTRACT, IRON OXIDES (CI 77499), CI 77491\/IRON OXIDE RED, ETHYLHEXYLGLYCERIN, MICA (CI 77019), IRON OXIDE BLACK (CI 77499), 1, LINALOOL, LIMONENE, MICA, DIPROPYLENE GLYCOL, DISTILLED WATER, ALUMINUM HYDROXIDE, IRON OXIDE RED (CI 77491), PURIFIED WATER, CI 77492\/IRON OXIDE YELLOW, ORCHID EXTRACT, CI 77499\/IRON OXIDE BLACK, CI 77492, CI 77491, CITRUS UNSHIU PEEL EXTRACT, CI 77499, CAMELLIA JAPONICA LEAF EXTRACT, CI 77891\/TITANIUM DIOXIDE, TITANIUM DIOXIDE, BUTYLENE GLYCOL, 1,2-HEXANEDIOL, 2-HEXANDIOL, IRON OXIDE YELLOW (CI 77492), TOCOPHEROL, IRON OXIDES (CI 77492)<\/p>\n","protected":false},"excerpt":{"rendered":"<p>Es una prebase que controla la producci\u00f3n de grasa y minimiza los poros visibles, creando una base suave y mate para el maquillaje. Su f\u00f3rmula liviana ayuda a mantener la piel fresca y sin brillo.<\/p>\n<p>Contenido: 25 ml<\/p>\n","protected":false},"featured_media":5606,"comment_status":"open","ping_status":"closed","template":"","meta":{"site-sidebar-layout":"default","site-content-layout":"","ast-site-content-layout":"default","site-content-style":"default","site-sidebar-style":"default","ast-global-header-display":"","ast-banner-title-visibility":"","ast-main-header-display":"","ast-hfb-above-header-display":"","ast-hfb-below-header-display":"","ast-hfb-mobile-header-display":"","site-post-title":"","ast-breadcrumbs-content":"","ast-featured-img":"","footer-sml-layout":"","ast-disable-related-posts":"","theme-transparent-header-meta":"default","adv-header-id-meta":"","stick-header-meta":"","header-above-stick-meta":"","header-main-stick-meta":"","header-below-stick-meta":"","astra-migrate-meta-layouts":"set","ast-page-background-enabled":"default","ast-page-background-meta":{"desktop":{"background-color":"var(--ast-global-color-4)","background-image":"","background-repeat":"repeat","background-position":"center center","background-size":"auto","background-attachment":"scroll","background-type":"","background-media":"","overlay-type":"","overlay-color":"","overlay-opacity":"","overlay-gradient":""},"tablet":{"background-color":"","background-image":"","background-repeat":"repeat","background-position":"center center","background-size":"auto","background-attachment":"scroll","background-type":"","background-media":"","overlay-type":"","overlay-color":"","overlay-opacity":"","overlay-gradient":""},"mobile":{"background-color":"","background-image":"","background-repeat":"repeat","background-position":"center center","background-size":"auto","background-attachment":"scroll","background-type":"","background-media":"","overlay-type":"","overlay-color":"","overlay-opacity":"","overlay-gradient":""}},"ast-content-background-meta":{"desktop":{"background-color":"var(--ast-global-color-5)","background-image":"","background-repeat":"repeat","background-position":"center center","background-size":"auto","background-attachment":"scroll","background-type":"","background-media":"","overlay-type":"","overlay-color":"","overlay-opacity":"","overlay-gradient":""},"tablet":{"background-color":"var(--ast-global-color-5)","background-image":"","background-repeat":"repeat","background-position":"center center","background-size":"auto","background-attachment":"scroll","background-type":"","background-media":"","overlay-type":"","overlay-color":"","overlay-opacity":"","overlay-gradient":""},"mobile":{"background-color":"var(--ast-global-color-5)","background-image":"","background-repeat":"repeat","background-position":"center center","background-size":"auto","background-attachment":"scroll","background-type":"","background-media":"","overlay-type":"","overlay-color":"","overlay-opacity":"","overlay-gradient":""}}},"product_brand":[],"product_cat":[114,119,55,47,61],"product_tag":[],"class_list":{"0":"post-5265","1":"product","2":"type-product","3":"status-publish","4":"has-post-thumbnail","6":"product_cat-mate","7":"product_cat-primer","8":"product_cat-innisfree","9":"product_cat-piel-grasa","10":"product_cat-piel-mixta","11":"desktop-align-center","12":"tablet-align-left","13":"mobile-align-left","15":"first","16":"instock","17":"shipping-taxable","18":"purchasable","19":"product-type-simple"},"yoast_head":"<!-- This site is optimized with the Yoast SEO plugin v26.8 - https:\/\/yoast.com\/product\/yoast-seo-wordpress\/ -->\n<title>Innisfree \u2013 No Sebum Blur Primer - MERAKI<\/title>\n<meta name=\"robots\" content=\"index, follow, max-snippet:-1, max-image-preview:large, max-video-preview:-1\" \/>\n<link rel=\"canonical\" href=\"https:\/\/digilago.es\/mugun\/producto\/innisfree-no-sebum-blur-primer\/\" \/>\n<meta property=\"og:locale\" content=\"es_ES\" \/>\n<meta property=\"og:type\" content=\"article\" \/>\n<meta property=\"og:title\" content=\"Innisfree \u2013 No Sebum Blur Primer - MERAKI\" \/>\n<meta property=\"og:description\" content=\"Es una prebase que controla la producci\u00f3n de grasa y minimiza los poros visibles, creando una base suave y mate para el maquillaje. Su f\u00f3rmula liviana ayuda a mantener la piel fresca y sin brillo.  Contenido: 25 ml\" \/>\n<meta property=\"og:url\" content=\"https:\/\/digilago.es\/mugun\/producto\/innisfree-no-sebum-blur-primer\/\" \/>\n<meta property=\"og:site_name\" content=\"MERAKI\" \/>\n<meta property=\"article:modified_time\" content=\"2024-01-07T18:03:06+00:00\" \/>\n<meta property=\"og:image\" content=\"https:\/\/digilago.es\/mugun\/wp-content\/uploads\/sites\/5\/2024\/01\/9.jpg\" \/>\n\t<meta property=\"og:image:width\" content=\"500\" \/>\n\t<meta property=\"og:image:height\" content=\"500\" \/>\n\t<meta property=\"og:image:type\" content=\"image\/jpeg\" \/>\n<meta name=\"twitter:card\" content=\"summary_large_image\" \/>\n<meta name=\"twitter:label1\" content=\"Tiempo de lectura\" \/>\n\t<meta name=\"twitter:data1\" content=\"2 minutos\" \/>\n<script type=\"application\/ld+json\" class=\"yoast-schema-graph\">{\"@context\":\"https:\/\/schema.org\",\"@graph\":[{\"@type\":\"WebPage\",\"@id\":\"https:\/\/digilago.es\/mugun\/producto\/innisfree-no-sebum-blur-primer\/\",\"url\":\"https:\/\/digilago.es\/mugun\/producto\/innisfree-no-sebum-blur-primer\/\",\"name\":\"Innisfree \u2013 No Sebum Blur Primer - MERAKI\",\"isPartOf\":{\"@id\":\"https:\/\/digilago.es\/mugun\/#website\"},\"primaryImageOfPage\":{\"@id\":\"https:\/\/digilago.es\/mugun\/producto\/innisfree-no-sebum-blur-primer\/#primaryimage\"},\"image\":{\"@id\":\"https:\/\/digilago.es\/mugun\/producto\/innisfree-no-sebum-blur-primer\/#primaryimage\"},\"thumbnailUrl\":\"https:\/\/digilago.es\/mugun\/wp-content\/uploads\/sites\/5\/2024\/01\/9.jpg\",\"datePublished\":\"2024-01-06T00:27:27+00:00\",\"dateModified\":\"2024-01-07T18:03:06+00:00\",\"breadcrumb\":{\"@id\":\"https:\/\/digilago.es\/mugun\/producto\/innisfree-no-sebum-blur-primer\/#breadcrumb\"},\"inLanguage\":\"es\",\"potentialAction\":[{\"@type\":\"ReadAction\",\"target\":[\"https:\/\/digilago.es\/mugun\/producto\/innisfree-no-sebum-blur-primer\/\"]}]},{\"@type\":\"ImageObject\",\"inLanguage\":\"es\",\"@id\":\"https:\/\/digilago.es\/mugun\/producto\/innisfree-no-sebum-blur-primer\/#primaryimage\",\"url\":\"https:\/\/digilago.es\/mugun\/wp-content\/uploads\/sites\/5\/2024\/01\/9.jpg\",\"contentUrl\":\"https:\/\/digilago.es\/mugun\/wp-content\/uploads\/sites\/5\/2024\/01\/9.jpg\",\"width\":500,\"height\":500},{\"@type\":\"BreadcrumbList\",\"@id\":\"https:\/\/digilago.es\/mugun\/producto\/innisfree-no-sebum-blur-primer\/#breadcrumb\",\"itemListElement\":[{\"@type\":\"ListItem\",\"position\":1,\"name\":\"Portada\",\"item\":\"https:\/\/digilago.es\/mugun\/\"},{\"@type\":\"ListItem\",\"position\":2,\"name\":\"Todos los productos\",\"item\":\"https:\/\/digilago.es\/mugun\/shop\/\"},{\"@type\":\"ListItem\",\"position\":3,\"name\":\"Innisfree \u2013 No Sebum Blur Primer\"}]},{\"@type\":\"WebSite\",\"@id\":\"https:\/\/digilago.es\/mugun\/#website\",\"url\":\"https:\/\/digilago.es\/mugun\/\",\"name\":\"MERAKI\",\"description\":\"Otro sitio m\u00e1s de DIGILAGO proyectos de negocio alumnos\",\"publisher\":{\"@id\":\"https:\/\/digilago.es\/mugun\/#organization\"},\"potentialAction\":[{\"@type\":\"SearchAction\",\"target\":{\"@type\":\"EntryPoint\",\"urlTemplate\":\"https:\/\/digilago.es\/mugun\/?s={search_term_string}\"},\"query-input\":{\"@type\":\"PropertyValueSpecification\",\"valueRequired\":true,\"valueName\":\"search_term_string\"}}],\"inLanguage\":\"es\"},{\"@type\":\"Organization\",\"@id\":\"https:\/\/digilago.es\/mugun\/#organization\",\"name\":\"MERAKI\",\"url\":\"https:\/\/digilago.es\/mugun\/\",\"logo\":{\"@type\":\"ImageObject\",\"inLanguage\":\"es\",\"@id\":\"https:\/\/digilago.es\/mugun\/#\/schema\/logo\/image\/\",\"url\":\"https:\/\/digilago.es\/mugun\/wp-content\/uploads\/sites\/5\/2024\/01\/cropped-cropped-Logo-blanco-sin-nombre.png\",\"contentUrl\":\"https:\/\/digilago.es\/mugun\/wp-content\/uploads\/sites\/5\/2024\/01\/cropped-cropped-Logo-blanco-sin-nombre.png\",\"width\":184,\"height\":166,\"caption\":\"MERAKI\"},\"image\":{\"@id\":\"https:\/\/digilago.es\/mugun\/#\/schema\/logo\/image\/\"}}]}<\/script>\n<!-- \/ Yoast SEO plugin. -->","yoast_head_json":{"title":"Innisfree \u2013 No Sebum Blur Primer - MERAKI","robots":{"index":"index","follow":"follow","max-snippet":"max-snippet:-1","max-image-preview":"max-image-preview:large","max-video-preview":"max-video-preview:-1"},"canonical":"https:\/\/digilago.es\/mugun\/producto\/innisfree-no-sebum-blur-primer\/","og_locale":"es_ES","og_type":"article","og_title":"Innisfree \u2013 No Sebum Blur Primer - MERAKI","og_description":"Es una prebase que controla la producci\u00f3n de grasa y minimiza los poros visibles, creando una base suave y mate para el maquillaje. Su f\u00f3rmula liviana ayuda a mantener la piel fresca y sin brillo.  Contenido: 25 ml","og_url":"https:\/\/digilago.es\/mugun\/producto\/innisfree-no-sebum-blur-primer\/","og_site_name":"MERAKI","article_modified_time":"2024-01-07T18:03:06+00:00","og_image":[{"width":500,"height":500,"url":"https:\/\/digilago.es\/mugun\/wp-content\/uploads\/sites\/5\/2024\/01\/9.jpg","type":"image\/jpeg"}],"twitter_card":"summary_large_image","twitter_misc":{"Tiempo de lectura":"2 minutos"},"schema":{"@context":"https:\/\/schema.org","@graph":[{"@type":"WebPage","@id":"https:\/\/digilago.es\/mugun\/producto\/innisfree-no-sebum-blur-primer\/","url":"https:\/\/digilago.es\/mugun\/producto\/innisfree-no-sebum-blur-primer\/","name":"Innisfree \u2013 No Sebum Blur Primer - MERAKI","isPartOf":{"@id":"https:\/\/digilago.es\/mugun\/#website"},"primaryImageOfPage":{"@id":"https:\/\/digilago.es\/mugun\/producto\/innisfree-no-sebum-blur-primer\/#primaryimage"},"image":{"@id":"https:\/\/digilago.es\/mugun\/producto\/innisfree-no-sebum-blur-primer\/#primaryimage"},"thumbnailUrl":"https:\/\/digilago.es\/mugun\/wp-content\/uploads\/sites\/5\/2024\/01\/9.jpg","datePublished":"2024-01-06T00:27:27+00:00","dateModified":"2024-01-07T18:03:06+00:00","breadcrumb":{"@id":"https:\/\/digilago.es\/mugun\/producto\/innisfree-no-sebum-blur-primer\/#breadcrumb"},"inLanguage":"es","potentialAction":[{"@type":"ReadAction","target":["https:\/\/digilago.es\/mugun\/producto\/innisfree-no-sebum-blur-primer\/"]}]},{"@type":"ImageObject","inLanguage":"es","@id":"https:\/\/digilago.es\/mugun\/producto\/innisfree-no-sebum-blur-primer\/#primaryimage","url":"https:\/\/digilago.es\/mugun\/wp-content\/uploads\/sites\/5\/2024\/01\/9.jpg","contentUrl":"https:\/\/digilago.es\/mugun\/wp-content\/uploads\/sites\/5\/2024\/01\/9.jpg","width":500,"height":500},{"@type":"BreadcrumbList","@id":"https:\/\/digilago.es\/mugun\/producto\/innisfree-no-sebum-blur-primer\/#breadcrumb","itemListElement":[{"@type":"ListItem","position":1,"name":"Portada","item":"https:\/\/digilago.es\/mugun\/"},{"@type":"ListItem","position":2,"name":"Todos los productos","item":"https:\/\/digilago.es\/mugun\/shop\/"},{"@type":"ListItem","position":3,"name":"Innisfree \u2013 No Sebum Blur Primer"}]},{"@type":"WebSite","@id":"https:\/\/digilago.es\/mugun\/#website","url":"https:\/\/digilago.es\/mugun\/","name":"MERAKI","description":"Otro sitio m\u00e1s de DIGILAGO proyectos de negocio alumnos","publisher":{"@id":"https:\/\/digilago.es\/mugun\/#organization"},"potentialAction":[{"@type":"SearchAction","target":{"@type":"EntryPoint","urlTemplate":"https:\/\/digilago.es\/mugun\/?s={search_term_string}"},"query-input":{"@type":"PropertyValueSpecification","valueRequired":true,"valueName":"search_term_string"}}],"inLanguage":"es"},{"@type":"Organization","@id":"https:\/\/digilago.es\/mugun\/#organization","name":"MERAKI","url":"https:\/\/digilago.es\/mugun\/","logo":{"@type":"ImageObject","inLanguage":"es","@id":"https:\/\/digilago.es\/mugun\/#\/schema\/logo\/image\/","url":"https:\/\/digilago.es\/mugun\/wp-content\/uploads\/sites\/5\/2024\/01\/cropped-cropped-Logo-blanco-sin-nombre.png","contentUrl":"https:\/\/digilago.es\/mugun\/wp-content\/uploads\/sites\/5\/2024\/01\/cropped-cropped-Logo-blanco-sin-nombre.png","width":184,"height":166,"caption":"MERAKI"},"image":{"@id":"https:\/\/digilago.es\/mugun\/#\/schema\/logo\/image\/"}}]}},"_links":{"self":[{"href":"https:\/\/digilago.es\/mugun\/wp-json\/wp\/v2\/product\/5265","targetHints":{"allow":["GET"]}}],"collection":[{"href":"https:\/\/digilago.es\/mugun\/wp-json\/wp\/v2\/product"}],"about":[{"href":"https:\/\/digilago.es\/mugun\/wp-json\/wp\/v2\/types\/product"}],"replies":[{"embeddable":true,"href":"https:\/\/digilago.es\/mugun\/wp-json\/wp\/v2\/comments?post=5265"}],"wp:featuredmedia":[{"embeddable":true,"href":"https:\/\/digilago.es\/mugun\/wp-json\/wp\/v2\/media\/5606"}],"wp:attachment":[{"href":"https:\/\/digilago.es\/mugun\/wp-json\/wp\/v2\/media?parent=5265"}],"wp:term":[{"taxonomy":"product_brand","embeddable":true,"href":"https:\/\/digilago.es\/mugun\/wp-json\/wp\/v2\/product_brand?post=5265"},{"taxonomy":"product_cat","embeddable":true,"href":"https:\/\/digilago.es\/mugun\/wp-json\/wp\/v2\/product_cat?post=5265"},{"taxonomy":"product_tag","embeddable":true,"href":"https:\/\/digilago.es\/mugun\/wp-json\/wp\/v2\/product_tag?post=5265"}],"curies":[{"name":"wp","href":"https:\/\/api.w.org\/{rel}","templated":true}]}}