{"id":5259,"date":"2024-01-06T00:26:12","date_gmt":"2024-01-06T00:26:12","guid":{"rendered":"https:\/\/digilago.es\/mugun\/?post_type=product&#038;p=5259"},"modified":"2024-01-07T17:58:11","modified_gmt":"2024-01-07T17:58:11","slug":"apieu-start-up-pore-primer-p","status":"publish","type":"product","link":"https:\/\/digilago.es\/mugun\/producto\/apieu-start-up-pore-primer-p\/","title":{"rendered":"A\u2019PIEU \u2013 Start Up Pore Primer"},"content":{"rendered":"<p><strong><u>C\u00f3mo aplicar:<\/u><\/strong><\/p>\n<p>Aplica una peque\u00f1a cantidad sobre la piel limpia y humectada, concentr\u00e1ndote en \u00e1reas con poros visibles o l\u00edneas finas. Usa suaves movimientos ascendentes para difuminar el producto y luego contin\u00faa con tu rutina de maquillaje habitual.<\/p>\n<p><strong><u>Beneficios:<\/u><\/strong><\/p>\n<ol>\n<li><strong>Minimiza la apariencia de los poros:<\/strong> ayuda a reducir visualmente el tama\u00f1o de los poros al difuminarlos.<\/li>\n<li><strong>Controla el brillo:<\/strong> ayuda a controlar el exceso de grasa y brillo en la piel, proporcionando un acabado m\u00e1s mate.<\/li>\n<li><strong>Prolonga la duraci\u00f3n del maquillaje:<\/strong> ayuda a que el maquillaje se adhiera mejor y permanezca intacto por m\u00e1s tiempo.<\/li>\n<\/ol>\n<p><strong><u>Ingredientes:<\/u><\/strong><\/p>\n<p>WATER, CYCLOPENTASILOXANE, POLYMETHYLSILSESQUIOXANE, GLYCERIN, HYDROGENATED POLYDECENE, VINYL DIMETHICONE\/METHICONE SILSESQUIOXANE CROSSPOLYMER, NIACINAMIDE, PHENYL TRIMETHICONE, PENTYLENE GLYCOL, PEG-10 DIMETHICONE, TRIBEHENIN, C30-45 ALKYL CETEARYL DIMETHICONE CROSSPOLYMER, DIMETHICONE\/VINYL DIMETHICONE CROSSPOLYMER, ROSMARINUS OFFICINALIS (ROSEMARY) LEAF OIL, CITRUS AURANTIUM BERGAMIA (BERGAMOT) FRUIT OIL, MELALEUCA ALTERNIFOLIA (TEA TREE) LEAF OIL, MENTHA PIPERITA (PEPPERMINT) OIL, TREMELLA FUCIFORMIS (MUSHROOM) EXTRACT, JASMINUM OFFICINALE (JASMINE) FLOWER EXTRACT, ORIGANUM MAJORANA LEAF EXTRACT, CAMELLIA SINENSIS LEAF EXTRACT, LAVANDULA ANGUSTIFOLIA (LAVENDER) FLOWER\/LEAF\/STEM EXTRACT, MELISSA OFFICINALIS LEAF EXTRACT, ROSMARINUS OFFICINALIS (ROSEMARY) LEAF EXTRACT, PELARGONIUM GRAVEOLENS EXTRACT, MENTHA ROTUNDIFOLIA LEAF EXTRACT, ORIGANUM VULGARE LEAF EXTRACT, EUCALYPTUS GLOBULUS LEAF EXTRACT, MELALEUCA ALTERNIFOLIA (TEA TREE) LEAF EXTRACT, MENTHA PIPERITA (PEPPERMINT) LEAF EXTRACT, THYMUS VULGARIS (THYME) LEAF EXTRACT, MENTHA SPICATA FLOWER\/LEAF\/STEM EXTRACT, SORBITAN ISOSTEARATE, MAGNESIUM SULFATE, DIMETHICONE CROSSPOLYMER, POLYETHYLENE, METHYL METHACRYLATE CROSSPOLYMER, ETHYLHEXYLGLYCERIN, ADENOSINE, ALUMINUM HYDROXIDE, TRIETHOXYCAPRYLYLSILANE, BUTYLENE GLYCOL, DIMETHICONE, ETHYL HEXANEDIOL, LECITHIN, PISTACIA LENTISCUS (MASTIC) GUM, ALCOHOL, DISODIUM EDTA, PHENOXYETHANOL, FRAGRANCE, CI 77891, CI 77492, CI 77491, CI 77499<\/p>\n","protected":false},"excerpt":{"rendered":"<p>Es una prebase ligera y sedosa que minimiza la apariencia de los poros al difuminarlos y suavizar la textura de la piel. Con una f\u00f3rmula matificante, ayuda a controlar el brillo, creando una base suave para una aplicaci\u00f3n de maquillaje m\u00e1s uniforme y duradera.<\/p>\n<p>Contenido: 30 ml<\/p>\n","protected":false},"featured_media":5604,"comment_status":"open","ping_status":"closed","template":"","meta":{"site-sidebar-layout":"default","site-content-layout":"","ast-site-content-layout":"default","site-content-style":"default","site-sidebar-style":"default","ast-global-header-display":"","ast-banner-title-visibility":"","ast-main-header-display":"","ast-hfb-above-header-display":"","ast-hfb-below-header-display":"","ast-hfb-mobile-header-display":"","site-post-title":"","ast-breadcrumbs-content":"","ast-featured-img":"","footer-sml-layout":"","ast-disable-related-posts":"","theme-transparent-header-meta":"default","adv-header-id-meta":"","stick-header-meta":"","header-above-stick-meta":"","header-main-stick-meta":"","header-below-stick-meta":"","astra-migrate-meta-layouts":"set","ast-page-background-enabled":"default","ast-page-background-meta":{"desktop":{"background-color":"var(--ast-global-color-4)","background-image":"","background-repeat":"repeat","background-position":"center center","background-size":"auto","background-attachment":"scroll","background-type":"","background-media":"","overlay-type":"","overlay-color":"","overlay-opacity":"","overlay-gradient":""},"tablet":{"background-color":"","background-image":"","background-repeat":"repeat","background-position":"center center","background-size":"auto","background-attachment":"scroll","background-type":"","background-media":"","overlay-type":"","overlay-color":"","overlay-opacity":"","overlay-gradient":""},"mobile":{"background-color":"","background-image":"","background-repeat":"repeat","background-position":"center center","background-size":"auto","background-attachment":"scroll","background-type":"","background-media":"","overlay-type":"","overlay-color":"","overlay-opacity":"","overlay-gradient":""}},"ast-content-background-meta":{"desktop":{"background-color":"var(--ast-global-color-5)","background-image":"","background-repeat":"repeat","background-position":"center center","background-size":"auto","background-attachment":"scroll","background-type":"","background-media":"","overlay-type":"","overlay-color":"","overlay-opacity":"","overlay-gradient":""},"tablet":{"background-color":"var(--ast-global-color-5)","background-image":"","background-repeat":"repeat","background-position":"center center","background-size":"auto","background-attachment":"scroll","background-type":"","background-media":"","overlay-type":"","overlay-color":"","overlay-opacity":"","overlay-gradient":""},"mobile":{"background-color":"var(--ast-global-color-5)","background-image":"","background-repeat":"repeat","background-position":"center center","background-size":"auto","background-attachment":"scroll","background-type":"","background-media":"","overlay-type":"","overlay-color":"","overlay-opacity":"","overlay-gradient":""}}},"product_brand":[],"product_cat":[96,114,119,47,61],"product_tag":[],"class_list":{"0":"post-5259","1":"product","2":"type-product","3":"status-publish","4":"has-post-thumbnail","6":"product_cat-apieu","7":"product_cat-mate","8":"product_cat-primer","9":"product_cat-piel-grasa","10":"product_cat-piel-mixta","11":"desktop-align-center","12":"tablet-align-left","13":"mobile-align-left","15":"first","16":"instock","17":"shipping-taxable","18":"purchasable","19":"product-type-simple"},"yoast_head":"<!-- This site is optimized with the Yoast SEO plugin v26.8 - https:\/\/yoast.com\/product\/yoast-seo-wordpress\/ -->\n<title>A\u2019PIEU \u2013 Start Up Pore Primer - MERAKI<\/title>\n<meta name=\"robots\" content=\"index, follow, max-snippet:-1, max-image-preview:large, max-video-preview:-1\" \/>\n<link rel=\"canonical\" href=\"https:\/\/digilago.es\/mugun\/producto\/apieu-start-up-pore-primer-p\/\" \/>\n<meta property=\"og:locale\" content=\"es_ES\" \/>\n<meta property=\"og:type\" content=\"article\" \/>\n<meta property=\"og:title\" content=\"A\u2019PIEU \u2013 Start Up Pore Primer - MERAKI\" \/>\n<meta property=\"og:description\" content=\"Es una prebase ligera y sedosa que minimiza la apariencia de los poros al difuminarlos y suavizar la textura de la piel. Con una f\u00f3rmula matificante, ayuda a controlar el brillo, creando una base suave para una aplicaci\u00f3n de maquillaje m\u00e1s uniforme y duradera.  Contenido: 30 ml\" \/>\n<meta property=\"og:url\" content=\"https:\/\/digilago.es\/mugun\/producto\/apieu-start-up-pore-primer-p\/\" \/>\n<meta property=\"og:site_name\" content=\"MERAKI\" \/>\n<meta property=\"article:modified_time\" content=\"2024-01-07T17:58:11+00:00\" \/>\n<meta property=\"og:image\" content=\"https:\/\/digilago.es\/mugun\/wp-content\/uploads\/sites\/5\/2024\/01\/6.jpg\" \/>\n\t<meta property=\"og:image:width\" content=\"609\" \/>\n\t<meta property=\"og:image:height\" content=\"609\" \/>\n\t<meta property=\"og:image:type\" content=\"image\/jpeg\" \/>\n<meta name=\"twitter:card\" content=\"summary_large_image\" \/>\n<meta name=\"twitter:label1\" content=\"Tiempo de lectura\" \/>\n\t<meta name=\"twitter:data1\" content=\"2 minutos\" \/>\n<script type=\"application\/ld+json\" class=\"yoast-schema-graph\">{\"@context\":\"https:\/\/schema.org\",\"@graph\":[{\"@type\":\"WebPage\",\"@id\":\"https:\/\/digilago.es\/mugun\/producto\/apieu-start-up-pore-primer-p\/\",\"url\":\"https:\/\/digilago.es\/mugun\/producto\/apieu-start-up-pore-primer-p\/\",\"name\":\"A\u2019PIEU \u2013 Start Up Pore Primer - MERAKI\",\"isPartOf\":{\"@id\":\"https:\/\/digilago.es\/mugun\/#website\"},\"primaryImageOfPage\":{\"@id\":\"https:\/\/digilago.es\/mugun\/producto\/apieu-start-up-pore-primer-p\/#primaryimage\"},\"image\":{\"@id\":\"https:\/\/digilago.es\/mugun\/producto\/apieu-start-up-pore-primer-p\/#primaryimage\"},\"thumbnailUrl\":\"https:\/\/digilago.es\/mugun\/wp-content\/uploads\/sites\/5\/2024\/01\/6.jpg\",\"datePublished\":\"2024-01-06T00:26:12+00:00\",\"dateModified\":\"2024-01-07T17:58:11+00:00\",\"breadcrumb\":{\"@id\":\"https:\/\/digilago.es\/mugun\/producto\/apieu-start-up-pore-primer-p\/#breadcrumb\"},\"inLanguage\":\"es\",\"potentialAction\":[{\"@type\":\"ReadAction\",\"target\":[\"https:\/\/digilago.es\/mugun\/producto\/apieu-start-up-pore-primer-p\/\"]}]},{\"@type\":\"ImageObject\",\"inLanguage\":\"es\",\"@id\":\"https:\/\/digilago.es\/mugun\/producto\/apieu-start-up-pore-primer-p\/#primaryimage\",\"url\":\"https:\/\/digilago.es\/mugun\/wp-content\/uploads\/sites\/5\/2024\/01\/6.jpg\",\"contentUrl\":\"https:\/\/digilago.es\/mugun\/wp-content\/uploads\/sites\/5\/2024\/01\/6.jpg\",\"width\":609,\"height\":609},{\"@type\":\"BreadcrumbList\",\"@id\":\"https:\/\/digilago.es\/mugun\/producto\/apieu-start-up-pore-primer-p\/#breadcrumb\",\"itemListElement\":[{\"@type\":\"ListItem\",\"position\":1,\"name\":\"Portada\",\"item\":\"https:\/\/digilago.es\/mugun\/\"},{\"@type\":\"ListItem\",\"position\":2,\"name\":\"Todos los productos\",\"item\":\"https:\/\/digilago.es\/mugun\/shop\/\"},{\"@type\":\"ListItem\",\"position\":3,\"name\":\"A\u2019PIEU \u2013 Start Up Pore Primer\"}]},{\"@type\":\"WebSite\",\"@id\":\"https:\/\/digilago.es\/mugun\/#website\",\"url\":\"https:\/\/digilago.es\/mugun\/\",\"name\":\"MERAKI\",\"description\":\"Otro sitio m\u00e1s de DIGILAGO proyectos de negocio alumnos\",\"publisher\":{\"@id\":\"https:\/\/digilago.es\/mugun\/#organization\"},\"potentialAction\":[{\"@type\":\"SearchAction\",\"target\":{\"@type\":\"EntryPoint\",\"urlTemplate\":\"https:\/\/digilago.es\/mugun\/?s={search_term_string}\"},\"query-input\":{\"@type\":\"PropertyValueSpecification\",\"valueRequired\":true,\"valueName\":\"search_term_string\"}}],\"inLanguage\":\"es\"},{\"@type\":\"Organization\",\"@id\":\"https:\/\/digilago.es\/mugun\/#organization\",\"name\":\"MERAKI\",\"url\":\"https:\/\/digilago.es\/mugun\/\",\"logo\":{\"@type\":\"ImageObject\",\"inLanguage\":\"es\",\"@id\":\"https:\/\/digilago.es\/mugun\/#\/schema\/logo\/image\/\",\"url\":\"https:\/\/digilago.es\/mugun\/wp-content\/uploads\/sites\/5\/2024\/01\/cropped-cropped-Logo-blanco-sin-nombre.png\",\"contentUrl\":\"https:\/\/digilago.es\/mugun\/wp-content\/uploads\/sites\/5\/2024\/01\/cropped-cropped-Logo-blanco-sin-nombre.png\",\"width\":184,\"height\":166,\"caption\":\"MERAKI\"},\"image\":{\"@id\":\"https:\/\/digilago.es\/mugun\/#\/schema\/logo\/image\/\"}}]}<\/script>\n<!-- \/ Yoast SEO plugin. -->","yoast_head_json":{"title":"A\u2019PIEU \u2013 Start Up Pore Primer - MERAKI","robots":{"index":"index","follow":"follow","max-snippet":"max-snippet:-1","max-image-preview":"max-image-preview:large","max-video-preview":"max-video-preview:-1"},"canonical":"https:\/\/digilago.es\/mugun\/producto\/apieu-start-up-pore-primer-p\/","og_locale":"es_ES","og_type":"article","og_title":"A\u2019PIEU \u2013 Start Up Pore Primer - MERAKI","og_description":"Es una prebase ligera y sedosa que minimiza la apariencia de los poros al difuminarlos y suavizar la textura de la piel. Con una f\u00f3rmula matificante, ayuda a controlar el brillo, creando una base suave para una aplicaci\u00f3n de maquillaje m\u00e1s uniforme y duradera.  Contenido: 30 ml","og_url":"https:\/\/digilago.es\/mugun\/producto\/apieu-start-up-pore-primer-p\/","og_site_name":"MERAKI","article_modified_time":"2024-01-07T17:58:11+00:00","og_image":[{"width":609,"height":609,"url":"https:\/\/digilago.es\/mugun\/wp-content\/uploads\/sites\/5\/2024\/01\/6.jpg","type":"image\/jpeg"}],"twitter_card":"summary_large_image","twitter_misc":{"Tiempo de lectura":"2 minutos"},"schema":{"@context":"https:\/\/schema.org","@graph":[{"@type":"WebPage","@id":"https:\/\/digilago.es\/mugun\/producto\/apieu-start-up-pore-primer-p\/","url":"https:\/\/digilago.es\/mugun\/producto\/apieu-start-up-pore-primer-p\/","name":"A\u2019PIEU \u2013 Start Up Pore Primer - MERAKI","isPartOf":{"@id":"https:\/\/digilago.es\/mugun\/#website"},"primaryImageOfPage":{"@id":"https:\/\/digilago.es\/mugun\/producto\/apieu-start-up-pore-primer-p\/#primaryimage"},"image":{"@id":"https:\/\/digilago.es\/mugun\/producto\/apieu-start-up-pore-primer-p\/#primaryimage"},"thumbnailUrl":"https:\/\/digilago.es\/mugun\/wp-content\/uploads\/sites\/5\/2024\/01\/6.jpg","datePublished":"2024-01-06T00:26:12+00:00","dateModified":"2024-01-07T17:58:11+00:00","breadcrumb":{"@id":"https:\/\/digilago.es\/mugun\/producto\/apieu-start-up-pore-primer-p\/#breadcrumb"},"inLanguage":"es","potentialAction":[{"@type":"ReadAction","target":["https:\/\/digilago.es\/mugun\/producto\/apieu-start-up-pore-primer-p\/"]}]},{"@type":"ImageObject","inLanguage":"es","@id":"https:\/\/digilago.es\/mugun\/producto\/apieu-start-up-pore-primer-p\/#primaryimage","url":"https:\/\/digilago.es\/mugun\/wp-content\/uploads\/sites\/5\/2024\/01\/6.jpg","contentUrl":"https:\/\/digilago.es\/mugun\/wp-content\/uploads\/sites\/5\/2024\/01\/6.jpg","width":609,"height":609},{"@type":"BreadcrumbList","@id":"https:\/\/digilago.es\/mugun\/producto\/apieu-start-up-pore-primer-p\/#breadcrumb","itemListElement":[{"@type":"ListItem","position":1,"name":"Portada","item":"https:\/\/digilago.es\/mugun\/"},{"@type":"ListItem","position":2,"name":"Todos los productos","item":"https:\/\/digilago.es\/mugun\/shop\/"},{"@type":"ListItem","position":3,"name":"A\u2019PIEU \u2013 Start Up Pore Primer"}]},{"@type":"WebSite","@id":"https:\/\/digilago.es\/mugun\/#website","url":"https:\/\/digilago.es\/mugun\/","name":"MERAKI","description":"Otro sitio m\u00e1s de DIGILAGO proyectos de negocio alumnos","publisher":{"@id":"https:\/\/digilago.es\/mugun\/#organization"},"potentialAction":[{"@type":"SearchAction","target":{"@type":"EntryPoint","urlTemplate":"https:\/\/digilago.es\/mugun\/?s={search_term_string}"},"query-input":{"@type":"PropertyValueSpecification","valueRequired":true,"valueName":"search_term_string"}}],"inLanguage":"es"},{"@type":"Organization","@id":"https:\/\/digilago.es\/mugun\/#organization","name":"MERAKI","url":"https:\/\/digilago.es\/mugun\/","logo":{"@type":"ImageObject","inLanguage":"es","@id":"https:\/\/digilago.es\/mugun\/#\/schema\/logo\/image\/","url":"https:\/\/digilago.es\/mugun\/wp-content\/uploads\/sites\/5\/2024\/01\/cropped-cropped-Logo-blanco-sin-nombre.png","contentUrl":"https:\/\/digilago.es\/mugun\/wp-content\/uploads\/sites\/5\/2024\/01\/cropped-cropped-Logo-blanco-sin-nombre.png","width":184,"height":166,"caption":"MERAKI"},"image":{"@id":"https:\/\/digilago.es\/mugun\/#\/schema\/logo\/image\/"}}]}},"_links":{"self":[{"href":"https:\/\/digilago.es\/mugun\/wp-json\/wp\/v2\/product\/5259","targetHints":{"allow":["GET"]}}],"collection":[{"href":"https:\/\/digilago.es\/mugun\/wp-json\/wp\/v2\/product"}],"about":[{"href":"https:\/\/digilago.es\/mugun\/wp-json\/wp\/v2\/types\/product"}],"replies":[{"embeddable":true,"href":"https:\/\/digilago.es\/mugun\/wp-json\/wp\/v2\/comments?post=5259"}],"wp:featuredmedia":[{"embeddable":true,"href":"https:\/\/digilago.es\/mugun\/wp-json\/wp\/v2\/media\/5604"}],"wp:attachment":[{"href":"https:\/\/digilago.es\/mugun\/wp-json\/wp\/v2\/media?parent=5259"}],"wp:term":[{"taxonomy":"product_brand","embeddable":true,"href":"https:\/\/digilago.es\/mugun\/wp-json\/wp\/v2\/product_brand?post=5259"},{"taxonomy":"product_cat","embeddable":true,"href":"https:\/\/digilago.es\/mugun\/wp-json\/wp\/v2\/product_cat?post=5259"},{"taxonomy":"product_tag","embeddable":true,"href":"https:\/\/digilago.es\/mugun\/wp-json\/wp\/v2\/product_tag?post=5259"}],"curies":[{"name":"wp","href":"https:\/\/api.w.org\/{rel}","templated":true}]}}