{"id":5253,"date":"2024-01-06T00:25:48","date_gmt":"2024-01-06T00:25:48","guid":{"rendered":"https:\/\/digilago.es\/mugun\/?post_type=product&#038;p=5253"},"modified":"2024-01-07T17:48:59","modified_gmt":"2024-01-07T17:48:59","slug":"etude-face-blur-smoothing-p","status":"publish","type":"product","link":"https:\/\/digilago.es\/mugun\/producto\/etude-face-blur-smoothing-p\/","title":{"rendered":"ETUDE \u2013 Face Blur"},"content":{"rendered":"<p><strong><u>C\u00f3mo aplicar:<\/u><\/strong><\/p>\n<p>Aplica una peque\u00f1a cantidad sobre la piel limpia y humectada, concentr\u00e1ndote en \u00e1reas con poros visibles o l\u00edneas finas. Usa suaves movimientos ascendentes para difuminar el producto y luego contin\u00faa con tu rutina de maquillaje habitual.<\/p>\n<p><strong><u>Beneficios:<\/u><\/strong><\/p>\n<ul>\n<li><strong>Suaviza la textura de la piel:<\/strong> ayuda a minimizar la apariencia de los poros y las l\u00edneas finas, creando una superficie m\u00e1s suave en la piel.<\/li>\n<li><strong>Matifica la piel: <\/strong>ayuda a controlar el brillo y el exceso de grasa en la piel, proporcionando un acabado mate.<\/li>\n<li><strong>Prolonga la duraci\u00f3n del maquillaje:<\/strong> puede ayudar a que el maquillaje se mantenga por m\u00e1s tiempo.<\/li>\n<\/ul>\n<p><strong><u>Ingredientes:<\/u><\/strong><\/p>\n<p>AGUA \/ AQUA \/ EAU, DICAPRILATO\/DICAPRATO DE BUTILENGLICOL, DIMETICONA, CICLOPENTASILOXANO, METOXICINAMATO DE ETILHEXILO, CICLOHEXASILOXANO, BUTILENGLICOL, TRISILOXANO, DI\u00d3XIDO DE TITANIO (NANO), NIACINAMIDA, LAURIL PEG-9 POLIDIMETILSILOXIETIL DIMETICONA, \u00d3XIDO DE ZINC (NANO), POL\u00cdMERO CRUZADO DE DIMETICONA\/VINILO DIMETICONA, HECTORITA DE DISTEARDIMONIO, S\u00cdLICE, CLORURO DE SODIO, DIMETICONA PEG-10, VINILO DIMETICONA\/POL\u00cdMERO CRUZADO DE METICONA SILSESQUIOXANO, DIOX DE TITANIO IDE (CI 77891), 1, 2-HEXANODIOL, MICA, HIDR\u00d3XIDO DE ALUMINIO, \u00c1CIDO EST\u00c9\u00c1RICO, METACRILATO DE POLIMETILO, FRAGANCIA\/PARFUM, CAPRILATO DE GLICERILO, ETILHEXILGLICERINA, TRIETOXICAPRILSILANO, EDTA DIS\u00d3DICO, \u00d3XIDOS DE HIERRO (CI 77492), ADENOSINA, \u00d3XIDOS DE HIERRO (CI 7749) 1), METICONA, TOCOFEROL<\/p>\n","protected":false},"excerpt":{"rendered":"<p>Esta prebase est\u00e1 dise\u00f1ada para mejorar la apariencia de la piel y prepararla para la aplicaci\u00f3n del maquillaje. Proporciona una piel mate y brillante como si llevaras un filtro en la vida real.<\/p>\n<p>Contenido: 35 gr<\/p>\n","protected":false},"featured_media":5598,"comment_status":"open","ping_status":"closed","template":"","meta":{"site-sidebar-layout":"default","site-content-layout":"","ast-site-content-layout":"default","site-content-style":"default","site-sidebar-style":"default","ast-global-header-display":"","ast-banner-title-visibility":"","ast-main-header-display":"","ast-hfb-above-header-display":"","ast-hfb-below-header-display":"","ast-hfb-mobile-header-display":"","site-post-title":"","ast-breadcrumbs-content":"","ast-featured-img":"","footer-sml-layout":"","ast-disable-related-posts":"","theme-transparent-header-meta":"default","adv-header-id-meta":"","stick-header-meta":"","header-above-stick-meta":"","header-main-stick-meta":"","header-below-stick-meta":"","astra-migrate-meta-layouts":"set","ast-page-background-enabled":"default","ast-page-background-meta":{"desktop":{"background-color":"var(--ast-global-color-4)","background-image":"","background-repeat":"repeat","background-position":"center center","background-size":"auto","background-attachment":"scroll","background-type":"","background-media":"","overlay-type":"","overlay-color":"","overlay-opacity":"","overlay-gradient":""},"tablet":{"background-color":"","background-image":"","background-repeat":"repeat","background-position":"center center","background-size":"auto","background-attachment":"scroll","background-type":"","background-media":"","overlay-type":"","overlay-color":"","overlay-opacity":"","overlay-gradient":""},"mobile":{"background-color":"","background-image":"","background-repeat":"repeat","background-position":"center center","background-size":"auto","background-attachment":"scroll","background-type":"","background-media":"","overlay-type":"","overlay-color":"","overlay-opacity":"","overlay-gradient":""}},"ast-content-background-meta":{"desktop":{"background-color":"var(--ast-global-color-5)","background-image":"","background-repeat":"repeat","background-position":"center center","background-size":"auto","background-attachment":"scroll","background-type":"","background-media":"","overlay-type":"","overlay-color":"","overlay-opacity":"","overlay-gradient":""},"tablet":{"background-color":"var(--ast-global-color-5)","background-image":"","background-repeat":"repeat","background-position":"center center","background-size":"auto","background-attachment":"scroll","background-type":"","background-media":"","overlay-type":"","overlay-color":"","overlay-opacity":"","overlay-gradient":""},"mobile":{"background-color":"var(--ast-global-color-5)","background-image":"","background-repeat":"repeat","background-position":"center center","background-size":"auto","background-attachment":"scroll","background-type":"","background-media":"","overlay-type":"","overlay-color":"","overlay-opacity":"","overlay-gradient":""}}},"product_brand":[],"product_cat":[114,119,56,47,61],"product_tag":[],"class_list":{"0":"post-5253","1":"product","2":"type-product","3":"status-publish","4":"has-post-thumbnail","6":"product_cat-mate","7":"product_cat-primer","8":"product_cat-etude","9":"product_cat-piel-grasa","10":"product_cat-piel-mixta","11":"desktop-align-center","12":"tablet-align-left","13":"mobile-align-left","15":"first","16":"instock","17":"shipping-taxable","18":"purchasable","19":"product-type-simple"},"yoast_head":"<!-- This site is optimized with the Yoast SEO plugin v26.8 - https:\/\/yoast.com\/product\/yoast-seo-wordpress\/ -->\n<title>ETUDE \u2013 Face Blur - MERAKI<\/title>\n<meta name=\"robots\" content=\"index, follow, max-snippet:-1, max-image-preview:large, max-video-preview:-1\" \/>\n<link rel=\"canonical\" href=\"https:\/\/digilago.es\/mugun\/producto\/etude-face-blur-smoothing-p\/\" \/>\n<meta property=\"og:locale\" content=\"es_ES\" \/>\n<meta property=\"og:type\" content=\"article\" \/>\n<meta property=\"og:title\" content=\"ETUDE \u2013 Face Blur - MERAKI\" \/>\n<meta property=\"og:description\" content=\"Esta prebase est\u00e1 dise\u00f1ada para mejorar la apariencia de la piel y prepararla para la aplicaci\u00f3n del maquillaje. Proporciona una piel mate y brillante como si llevaras un filtro en la vida real.  Contenido: 35 gr\" \/>\n<meta property=\"og:url\" content=\"https:\/\/digilago.es\/mugun\/producto\/etude-face-blur-smoothing-p\/\" \/>\n<meta property=\"og:site_name\" content=\"MERAKI\" \/>\n<meta property=\"article:modified_time\" content=\"2024-01-07T17:48:59+00:00\" \/>\n<meta property=\"og:image\" content=\"https:\/\/digilago.es\/mugun\/wp-content\/uploads\/sites\/5\/2024\/01\/4tre.jpg\" \/>\n\t<meta property=\"og:image:width\" content=\"509\" \/>\n\t<meta property=\"og:image:height\" content=\"509\" \/>\n\t<meta property=\"og:image:type\" content=\"image\/jpeg\" \/>\n<meta name=\"twitter:card\" content=\"summary_large_image\" \/>\n<meta name=\"twitter:label1\" content=\"Tiempo de lectura\" \/>\n\t<meta name=\"twitter:data1\" content=\"1 minuto\" \/>\n<script type=\"application\/ld+json\" class=\"yoast-schema-graph\">{\"@context\":\"https:\/\/schema.org\",\"@graph\":[{\"@type\":\"WebPage\",\"@id\":\"https:\/\/digilago.es\/mugun\/producto\/etude-face-blur-smoothing-p\/\",\"url\":\"https:\/\/digilago.es\/mugun\/producto\/etude-face-blur-smoothing-p\/\",\"name\":\"ETUDE \u2013 Face Blur - MERAKI\",\"isPartOf\":{\"@id\":\"https:\/\/digilago.es\/mugun\/#website\"},\"primaryImageOfPage\":{\"@id\":\"https:\/\/digilago.es\/mugun\/producto\/etude-face-blur-smoothing-p\/#primaryimage\"},\"image\":{\"@id\":\"https:\/\/digilago.es\/mugun\/producto\/etude-face-blur-smoothing-p\/#primaryimage\"},\"thumbnailUrl\":\"https:\/\/digilago.es\/mugun\/wp-content\/uploads\/sites\/5\/2024\/01\/4tre.jpg\",\"datePublished\":\"2024-01-06T00:25:48+00:00\",\"dateModified\":\"2024-01-07T17:48:59+00:00\",\"breadcrumb\":{\"@id\":\"https:\/\/digilago.es\/mugun\/producto\/etude-face-blur-smoothing-p\/#breadcrumb\"},\"inLanguage\":\"es\",\"potentialAction\":[{\"@type\":\"ReadAction\",\"target\":[\"https:\/\/digilago.es\/mugun\/producto\/etude-face-blur-smoothing-p\/\"]}]},{\"@type\":\"ImageObject\",\"inLanguage\":\"es\",\"@id\":\"https:\/\/digilago.es\/mugun\/producto\/etude-face-blur-smoothing-p\/#primaryimage\",\"url\":\"https:\/\/digilago.es\/mugun\/wp-content\/uploads\/sites\/5\/2024\/01\/4tre.jpg\",\"contentUrl\":\"https:\/\/digilago.es\/mugun\/wp-content\/uploads\/sites\/5\/2024\/01\/4tre.jpg\",\"width\":509,\"height\":509},{\"@type\":\"BreadcrumbList\",\"@id\":\"https:\/\/digilago.es\/mugun\/producto\/etude-face-blur-smoothing-p\/#breadcrumb\",\"itemListElement\":[{\"@type\":\"ListItem\",\"position\":1,\"name\":\"Portada\",\"item\":\"https:\/\/digilago.es\/mugun\/\"},{\"@type\":\"ListItem\",\"position\":2,\"name\":\"Todos los productos\",\"item\":\"https:\/\/digilago.es\/mugun\/shop\/\"},{\"@type\":\"ListItem\",\"position\":3,\"name\":\"ETUDE \u2013 Face Blur\"}]},{\"@type\":\"WebSite\",\"@id\":\"https:\/\/digilago.es\/mugun\/#website\",\"url\":\"https:\/\/digilago.es\/mugun\/\",\"name\":\"MERAKI\",\"description\":\"Otro sitio m\u00e1s de DIGILAGO proyectos de negocio alumnos\",\"publisher\":{\"@id\":\"https:\/\/digilago.es\/mugun\/#organization\"},\"potentialAction\":[{\"@type\":\"SearchAction\",\"target\":{\"@type\":\"EntryPoint\",\"urlTemplate\":\"https:\/\/digilago.es\/mugun\/?s={search_term_string}\"},\"query-input\":{\"@type\":\"PropertyValueSpecification\",\"valueRequired\":true,\"valueName\":\"search_term_string\"}}],\"inLanguage\":\"es\"},{\"@type\":\"Organization\",\"@id\":\"https:\/\/digilago.es\/mugun\/#organization\",\"name\":\"MERAKI\",\"url\":\"https:\/\/digilago.es\/mugun\/\",\"logo\":{\"@type\":\"ImageObject\",\"inLanguage\":\"es\",\"@id\":\"https:\/\/digilago.es\/mugun\/#\/schema\/logo\/image\/\",\"url\":\"https:\/\/digilago.es\/mugun\/wp-content\/uploads\/sites\/5\/2024\/01\/cropped-cropped-Logo-blanco-sin-nombre.png\",\"contentUrl\":\"https:\/\/digilago.es\/mugun\/wp-content\/uploads\/sites\/5\/2024\/01\/cropped-cropped-Logo-blanco-sin-nombre.png\",\"width\":184,\"height\":166,\"caption\":\"MERAKI\"},\"image\":{\"@id\":\"https:\/\/digilago.es\/mugun\/#\/schema\/logo\/image\/\"}}]}<\/script>\n<!-- \/ Yoast SEO plugin. -->","yoast_head_json":{"title":"ETUDE \u2013 Face Blur - MERAKI","robots":{"index":"index","follow":"follow","max-snippet":"max-snippet:-1","max-image-preview":"max-image-preview:large","max-video-preview":"max-video-preview:-1"},"canonical":"https:\/\/digilago.es\/mugun\/producto\/etude-face-blur-smoothing-p\/","og_locale":"es_ES","og_type":"article","og_title":"ETUDE \u2013 Face Blur - MERAKI","og_description":"Esta prebase est\u00e1 dise\u00f1ada para mejorar la apariencia de la piel y prepararla para la aplicaci\u00f3n del maquillaje. Proporciona una piel mate y brillante como si llevaras un filtro en la vida real.  Contenido: 35 gr","og_url":"https:\/\/digilago.es\/mugun\/producto\/etude-face-blur-smoothing-p\/","og_site_name":"MERAKI","article_modified_time":"2024-01-07T17:48:59+00:00","og_image":[{"width":509,"height":509,"url":"https:\/\/digilago.es\/mugun\/wp-content\/uploads\/sites\/5\/2024\/01\/4tre.jpg","type":"image\/jpeg"}],"twitter_card":"summary_large_image","twitter_misc":{"Tiempo de lectura":"1 minuto"},"schema":{"@context":"https:\/\/schema.org","@graph":[{"@type":"WebPage","@id":"https:\/\/digilago.es\/mugun\/producto\/etude-face-blur-smoothing-p\/","url":"https:\/\/digilago.es\/mugun\/producto\/etude-face-blur-smoothing-p\/","name":"ETUDE \u2013 Face Blur - MERAKI","isPartOf":{"@id":"https:\/\/digilago.es\/mugun\/#website"},"primaryImageOfPage":{"@id":"https:\/\/digilago.es\/mugun\/producto\/etude-face-blur-smoothing-p\/#primaryimage"},"image":{"@id":"https:\/\/digilago.es\/mugun\/producto\/etude-face-blur-smoothing-p\/#primaryimage"},"thumbnailUrl":"https:\/\/digilago.es\/mugun\/wp-content\/uploads\/sites\/5\/2024\/01\/4tre.jpg","datePublished":"2024-01-06T00:25:48+00:00","dateModified":"2024-01-07T17:48:59+00:00","breadcrumb":{"@id":"https:\/\/digilago.es\/mugun\/producto\/etude-face-blur-smoothing-p\/#breadcrumb"},"inLanguage":"es","potentialAction":[{"@type":"ReadAction","target":["https:\/\/digilago.es\/mugun\/producto\/etude-face-blur-smoothing-p\/"]}]},{"@type":"ImageObject","inLanguage":"es","@id":"https:\/\/digilago.es\/mugun\/producto\/etude-face-blur-smoothing-p\/#primaryimage","url":"https:\/\/digilago.es\/mugun\/wp-content\/uploads\/sites\/5\/2024\/01\/4tre.jpg","contentUrl":"https:\/\/digilago.es\/mugun\/wp-content\/uploads\/sites\/5\/2024\/01\/4tre.jpg","width":509,"height":509},{"@type":"BreadcrumbList","@id":"https:\/\/digilago.es\/mugun\/producto\/etude-face-blur-smoothing-p\/#breadcrumb","itemListElement":[{"@type":"ListItem","position":1,"name":"Portada","item":"https:\/\/digilago.es\/mugun\/"},{"@type":"ListItem","position":2,"name":"Todos los productos","item":"https:\/\/digilago.es\/mugun\/shop\/"},{"@type":"ListItem","position":3,"name":"ETUDE \u2013 Face Blur"}]},{"@type":"WebSite","@id":"https:\/\/digilago.es\/mugun\/#website","url":"https:\/\/digilago.es\/mugun\/","name":"MERAKI","description":"Otro sitio m\u00e1s de DIGILAGO proyectos de negocio alumnos","publisher":{"@id":"https:\/\/digilago.es\/mugun\/#organization"},"potentialAction":[{"@type":"SearchAction","target":{"@type":"EntryPoint","urlTemplate":"https:\/\/digilago.es\/mugun\/?s={search_term_string}"},"query-input":{"@type":"PropertyValueSpecification","valueRequired":true,"valueName":"search_term_string"}}],"inLanguage":"es"},{"@type":"Organization","@id":"https:\/\/digilago.es\/mugun\/#organization","name":"MERAKI","url":"https:\/\/digilago.es\/mugun\/","logo":{"@type":"ImageObject","inLanguage":"es","@id":"https:\/\/digilago.es\/mugun\/#\/schema\/logo\/image\/","url":"https:\/\/digilago.es\/mugun\/wp-content\/uploads\/sites\/5\/2024\/01\/cropped-cropped-Logo-blanco-sin-nombre.png","contentUrl":"https:\/\/digilago.es\/mugun\/wp-content\/uploads\/sites\/5\/2024\/01\/cropped-cropped-Logo-blanco-sin-nombre.png","width":184,"height":166,"caption":"MERAKI"},"image":{"@id":"https:\/\/digilago.es\/mugun\/#\/schema\/logo\/image\/"}}]}},"_links":{"self":[{"href":"https:\/\/digilago.es\/mugun\/wp-json\/wp\/v2\/product\/5253","targetHints":{"allow":["GET"]}}],"collection":[{"href":"https:\/\/digilago.es\/mugun\/wp-json\/wp\/v2\/product"}],"about":[{"href":"https:\/\/digilago.es\/mugun\/wp-json\/wp\/v2\/types\/product"}],"replies":[{"embeddable":true,"href":"https:\/\/digilago.es\/mugun\/wp-json\/wp\/v2\/comments?post=5253"}],"wp:featuredmedia":[{"embeddable":true,"href":"https:\/\/digilago.es\/mugun\/wp-json\/wp\/v2\/media\/5598"}],"wp:attachment":[{"href":"https:\/\/digilago.es\/mugun\/wp-json\/wp\/v2\/media?parent=5253"}],"wp:term":[{"taxonomy":"product_brand","embeddable":true,"href":"https:\/\/digilago.es\/mugun\/wp-json\/wp\/v2\/product_brand?post=5253"},{"taxonomy":"product_cat","embeddable":true,"href":"https:\/\/digilago.es\/mugun\/wp-json\/wp\/v2\/product_cat?post=5253"},{"taxonomy":"product_tag","embeddable":true,"href":"https:\/\/digilago.es\/mugun\/wp-json\/wp\/v2\/product_tag?post=5253"}],"curies":[{"name":"wp","href":"https:\/\/api.w.org\/{rel}","templated":true}]}}