{"id":5094,"date":"2024-01-05T07:37:33","date_gmt":"2024-01-05T07:37:33","guid":{"rendered":"https:\/\/digilago.es\/mugun\/?post_type=product&#038;p=5094"},"modified":"2024-01-10T19:00:24","modified_gmt":"2024-01-10T19:00:24","slug":"clio-kill-cover-high-glow-foundation","status":"publish","type":"product","link":"https:\/\/digilago.es\/mugun\/producto\/clio-kill-cover-high-glow-foundation\/","title":{"rendered":"CLIO &#8211; Kill Cover High Glow Foundation"},"content":{"rendered":"<p><strong><u>C\u00f3mo aplicar:<\/u><\/strong><\/p>\n<p>Puedes aplicar la base de varias maneras, en funci\u00f3n de la cobertura que desees. Aplica unas gotas en la frente, mejillas, nariz y barbilla y exti\u00e9ndelo desde el centro del rostro hacia fuera. \u00a1Presta atenci\u00f3n a los bordes! Difum\u00ednalo bien, tambi\u00e9n por el cuello, para evitar el efecto m\u00e1scara. Y aplica m\u00e1s producto si quieres m\u00e1s cobertura, mejor a\u00f1adir que pasarte.<\/p>\n<p><strong><u>Beneficios:<\/u><\/strong><\/p>\n<ul>\n<li><strong>Protector solar: <\/strong>protege de los da\u00f1os solares gracias a su FPS 30, PA+++<\/li>\n<li>Contiene tratamiento que ayuda a aclarar manchas y mejora de arrugas<\/li>\n<li>Hasta 72 horas sin necesidad de retoque<\/li>\n<\/ul>\n<p><strong><u>Ingredientes:<\/u><\/strong><\/p>\n<p>ISODODECANE, TITANIUM DIOXIDE (CI 77891), HYDROGENATED POLYDECENE, ISONONYL ISONONANOATE, GREEN TEA SEED OIL, DIISOSTEARYL MALEATE, SUNFLOWER SEED OIL, HYDROGENATED POLYISOBUTENE, TRIMETHYLSILOXYSILICATE, HYDROGENATED STYRENE\/ISOPRENE COPOLYMER, DICALCIUM PHOSPHATE, SYNTHETIC FLUOROPHLOGOPITE, DISTEADYMONIUM HECTORITE, SILICA, HYDROGENATED LECITHIN, TOCOPHERYL ACETATE, TIN OXIDE, PURIFIED WATER , WHITE THRUSH MUSHROOM POLYSACCHARIDE, PROPANEDIOL, SODIUM HYALURONATE CROSSPOLYMER, PENTYLENE GLYCOL, 1,2-HEXANEDIOL, HYDROLYZED GLYCOSAMINOGLYCAN, GLYCERIN, SODIUM HYALURONATE , BENZYL GLYCOL, HYDROLYZED HYALURONIC ACID, ETHYLHEXYL GLYCERIN, HYALURONIC ACID, RASPBERRY KETONE, WATER SOLUBLE COLLAGEN, MANNOSE, FRAGRANCE, LIMONENE, GERANIOL, LINALOOL [+\/- MAY CONTAIN ] YELLOW IRON OXIDE (CI 77492), RED IRON OXIDE (CI 77491), BLACK IRON OXIDE (CI 77499),<\/p>\n","protected":false},"excerpt":{"rendered":"<p>Una base de maquillaje que cubre los poros y las imperfecciones de la piel brindando una cobertura delicada pero definida. La textura l\u00edquida, ligera pero cubriente, se fija directamente sobre la piel consiguiendo as\u00ed una duraci\u00f3n inigualable que no requiere retoque.<\/p>\n<p>Contiene: 38 gr<\/p>\n","protected":false},"featured_media":5640,"comment_status":"open","ping_status":"closed","template":"","meta":{"site-sidebar-layout":"default","site-content-layout":"","ast-site-content-layout":"default","site-content-style":"default","site-sidebar-style":"default","ast-global-header-display":"","ast-banner-title-visibility":"","ast-main-header-display":"","ast-hfb-above-header-display":"","ast-hfb-below-header-display":"","ast-hfb-mobile-header-display":"","site-post-title":"","ast-breadcrumbs-content":"","ast-featured-img":"","footer-sml-layout":"","ast-disable-related-posts":"","theme-transparent-header-meta":"default","adv-header-id-meta":"","stick-header-meta":"","header-above-stick-meta":"","header-main-stick-meta":"","header-below-stick-meta":"","astra-migrate-meta-layouts":"set","ast-page-background-enabled":"default","ast-page-background-meta":{"desktop":{"background-color":"var(--ast-global-color-4)","background-image":"","background-repeat":"repeat","background-position":"center center","background-size":"auto","background-attachment":"scroll","background-type":"","background-media":"","overlay-type":"","overlay-color":"","overlay-opacity":"","overlay-gradient":""},"tablet":{"background-color":"","background-image":"","background-repeat":"repeat","background-position":"center center","background-size":"auto","background-attachment":"scroll","background-type":"","background-media":"","overlay-type":"","overlay-color":"","overlay-opacity":"","overlay-gradient":""},"mobile":{"background-color":"","background-image":"","background-repeat":"repeat","background-position":"center center","background-size":"auto","background-attachment":"scroll","background-type":"","background-media":"","overlay-type":"","overlay-color":"","overlay-opacity":"","overlay-gradient":""}},"ast-content-background-meta":{"desktop":{"background-color":"var(--ast-global-color-5)","background-image":"","background-repeat":"repeat","background-position":"center center","background-size":"auto","background-attachment":"scroll","background-type":"","background-media":"","overlay-type":"","overlay-color":"","overlay-opacity":"","overlay-gradient":""},"tablet":{"background-color":"var(--ast-global-color-5)","background-image":"","background-repeat":"repeat","background-position":"center center","background-size":"auto","background-attachment":"scroll","background-type":"","background-media":"","overlay-type":"","overlay-color":"","overlay-opacity":"","overlay-gradient":""},"mobile":{"background-color":"var(--ast-global-color-5)","background-image":"","background-repeat":"repeat","background-position":"center center","background-size":"auto","background-attachment":"scroll","background-type":"","background-media":"","overlay-type":"","overlay-color":"","overlay-opacity":"","overlay-gradient":""}}},"product_brand":[],"product_cat":[118,98,115,94,45,42,31],"product_tag":[],"class_list":{"0":"post-5094","1":"product","2":"type-product","3":"status-publish","4":"has-post-thumbnail","6":"product_cat-bb-cushion","7":"product_cat-clio","8":"product_cat-glow","9":"product_cat-rostro","10":"product_cat-piel-con-acne","11":"product_cat-piel-seca","12":"product_cat-sensible","13":"desktop-align-center","14":"tablet-align-left","15":"mobile-align-left","17":"first","18":"instock","19":"shipping-taxable","20":"purchasable","21":"product-type-variable"},"yoast_head":"<!-- This site is optimized with the Yoast SEO plugin v26.8 - https:\/\/yoast.com\/product\/yoast-seo-wordpress\/ -->\n<title>CLIO - Kill Cover High Glow Foundation - MERAKI<\/title>\n<meta name=\"robots\" content=\"index, follow, max-snippet:-1, max-image-preview:large, max-video-preview:-1\" \/>\n<link rel=\"canonical\" href=\"https:\/\/digilago.es\/mugun\/producto\/clio-kill-cover-high-glow-foundation\/\" \/>\n<meta property=\"og:locale\" content=\"es_ES\" \/>\n<meta property=\"og:type\" content=\"article\" \/>\n<meta property=\"og:title\" content=\"CLIO - Kill Cover High Glow Foundation - MERAKI\" \/>\n<meta property=\"og:description\" content=\"Una base de maquillaje que cubre los poros y las imperfecciones de la piel brindando una cobertura delicada pero definida. La textura l\u00edquida, ligera pero cubriente, se fija directamente sobre la piel consiguiendo as\u00ed una duraci\u00f3n inigualable que no requiere retoque.  Contiene: 38 gr\" \/>\n<meta property=\"og:url\" content=\"https:\/\/digilago.es\/mugun\/producto\/clio-kill-cover-high-glow-foundation\/\" \/>\n<meta property=\"og:site_name\" content=\"MERAKI\" \/>\n<meta property=\"article:modified_time\" content=\"2024-01-10T19:00:24+00:00\" \/>\n<meta property=\"og:image\" content=\"https:\/\/digilago.es\/mugun\/wp-content\/uploads\/sites\/5\/2024\/01\/37.jpg\" \/>\n\t<meta property=\"og:image:width\" content=\"1080\" \/>\n\t<meta property=\"og:image:height\" content=\"1080\" \/>\n\t<meta property=\"og:image:type\" content=\"image\/jpeg\" \/>\n<meta name=\"twitter:card\" content=\"summary_large_image\" \/>\n<meta name=\"twitter:label1\" content=\"Tiempo de lectura\" \/>\n\t<meta name=\"twitter:data1\" content=\"1 minuto\" \/>\n<script type=\"application\/ld+json\" class=\"yoast-schema-graph\">{\"@context\":\"https:\/\/schema.org\",\"@graph\":[{\"@type\":\"WebPage\",\"@id\":\"https:\/\/digilago.es\/mugun\/producto\/clio-kill-cover-high-glow-foundation\/\",\"url\":\"https:\/\/digilago.es\/mugun\/producto\/clio-kill-cover-high-glow-foundation\/\",\"name\":\"CLIO - Kill Cover High Glow Foundation - MERAKI\",\"isPartOf\":{\"@id\":\"https:\/\/digilago.es\/mugun\/#website\"},\"primaryImageOfPage\":{\"@id\":\"https:\/\/digilago.es\/mugun\/producto\/clio-kill-cover-high-glow-foundation\/#primaryimage\"},\"image\":{\"@id\":\"https:\/\/digilago.es\/mugun\/producto\/clio-kill-cover-high-glow-foundation\/#primaryimage\"},\"thumbnailUrl\":\"https:\/\/digilago.es\/mugun\/wp-content\/uploads\/sites\/5\/2024\/01\/37.jpg\",\"datePublished\":\"2024-01-05T07:37:33+00:00\",\"dateModified\":\"2024-01-10T19:00:24+00:00\",\"breadcrumb\":{\"@id\":\"https:\/\/digilago.es\/mugun\/producto\/clio-kill-cover-high-glow-foundation\/#breadcrumb\"},\"inLanguage\":\"es\",\"potentialAction\":[{\"@type\":\"ReadAction\",\"target\":[\"https:\/\/digilago.es\/mugun\/producto\/clio-kill-cover-high-glow-foundation\/\"]}]},{\"@type\":\"ImageObject\",\"inLanguage\":\"es\",\"@id\":\"https:\/\/digilago.es\/mugun\/producto\/clio-kill-cover-high-glow-foundation\/#primaryimage\",\"url\":\"https:\/\/digilago.es\/mugun\/wp-content\/uploads\/sites\/5\/2024\/01\/37.jpg\",\"contentUrl\":\"https:\/\/digilago.es\/mugun\/wp-content\/uploads\/sites\/5\/2024\/01\/37.jpg\",\"width\":1080,\"height\":1080},{\"@type\":\"BreadcrumbList\",\"@id\":\"https:\/\/digilago.es\/mugun\/producto\/clio-kill-cover-high-glow-foundation\/#breadcrumb\",\"itemListElement\":[{\"@type\":\"ListItem\",\"position\":1,\"name\":\"Portada\",\"item\":\"https:\/\/digilago.es\/mugun\/\"},{\"@type\":\"ListItem\",\"position\":2,\"name\":\"Todos los productos\",\"item\":\"https:\/\/digilago.es\/mugun\/shop\/\"},{\"@type\":\"ListItem\",\"position\":3,\"name\":\"CLIO &#8211; Kill Cover High Glow Foundation\"}]},{\"@type\":\"WebSite\",\"@id\":\"https:\/\/digilago.es\/mugun\/#website\",\"url\":\"https:\/\/digilago.es\/mugun\/\",\"name\":\"MERAKI\",\"description\":\"Otro sitio m\u00e1s de DIGILAGO proyectos de negocio alumnos\",\"publisher\":{\"@id\":\"https:\/\/digilago.es\/mugun\/#organization\"},\"potentialAction\":[{\"@type\":\"SearchAction\",\"target\":{\"@type\":\"EntryPoint\",\"urlTemplate\":\"https:\/\/digilago.es\/mugun\/?s={search_term_string}\"},\"query-input\":{\"@type\":\"PropertyValueSpecification\",\"valueRequired\":true,\"valueName\":\"search_term_string\"}}],\"inLanguage\":\"es\"},{\"@type\":\"Organization\",\"@id\":\"https:\/\/digilago.es\/mugun\/#organization\",\"name\":\"MERAKI\",\"url\":\"https:\/\/digilago.es\/mugun\/\",\"logo\":{\"@type\":\"ImageObject\",\"inLanguage\":\"es\",\"@id\":\"https:\/\/digilago.es\/mugun\/#\/schema\/logo\/image\/\",\"url\":\"https:\/\/digilago.es\/mugun\/wp-content\/uploads\/sites\/5\/2024\/01\/cropped-cropped-Logo-blanco-sin-nombre.png\",\"contentUrl\":\"https:\/\/digilago.es\/mugun\/wp-content\/uploads\/sites\/5\/2024\/01\/cropped-cropped-Logo-blanco-sin-nombre.png\",\"width\":184,\"height\":166,\"caption\":\"MERAKI\"},\"image\":{\"@id\":\"https:\/\/digilago.es\/mugun\/#\/schema\/logo\/image\/\"}}]}<\/script>\n<!-- \/ Yoast SEO plugin. -->","yoast_head_json":{"title":"CLIO - Kill Cover High Glow Foundation - MERAKI","robots":{"index":"index","follow":"follow","max-snippet":"max-snippet:-1","max-image-preview":"max-image-preview:large","max-video-preview":"max-video-preview:-1"},"canonical":"https:\/\/digilago.es\/mugun\/producto\/clio-kill-cover-high-glow-foundation\/","og_locale":"es_ES","og_type":"article","og_title":"CLIO - Kill Cover High Glow Foundation - MERAKI","og_description":"Una base de maquillaje que cubre los poros y las imperfecciones de la piel brindando una cobertura delicada pero definida. La textura l\u00edquida, ligera pero cubriente, se fija directamente sobre la piel consiguiendo as\u00ed una duraci\u00f3n inigualable que no requiere retoque.  Contiene: 38 gr","og_url":"https:\/\/digilago.es\/mugun\/producto\/clio-kill-cover-high-glow-foundation\/","og_site_name":"MERAKI","article_modified_time":"2024-01-10T19:00:24+00:00","og_image":[{"width":1080,"height":1080,"url":"https:\/\/digilago.es\/mugun\/wp-content\/uploads\/sites\/5\/2024\/01\/37.jpg","type":"image\/jpeg"}],"twitter_card":"summary_large_image","twitter_misc":{"Tiempo de lectura":"1 minuto"},"schema":{"@context":"https:\/\/schema.org","@graph":[{"@type":"WebPage","@id":"https:\/\/digilago.es\/mugun\/producto\/clio-kill-cover-high-glow-foundation\/","url":"https:\/\/digilago.es\/mugun\/producto\/clio-kill-cover-high-glow-foundation\/","name":"CLIO - Kill Cover High Glow Foundation - MERAKI","isPartOf":{"@id":"https:\/\/digilago.es\/mugun\/#website"},"primaryImageOfPage":{"@id":"https:\/\/digilago.es\/mugun\/producto\/clio-kill-cover-high-glow-foundation\/#primaryimage"},"image":{"@id":"https:\/\/digilago.es\/mugun\/producto\/clio-kill-cover-high-glow-foundation\/#primaryimage"},"thumbnailUrl":"https:\/\/digilago.es\/mugun\/wp-content\/uploads\/sites\/5\/2024\/01\/37.jpg","datePublished":"2024-01-05T07:37:33+00:00","dateModified":"2024-01-10T19:00:24+00:00","breadcrumb":{"@id":"https:\/\/digilago.es\/mugun\/producto\/clio-kill-cover-high-glow-foundation\/#breadcrumb"},"inLanguage":"es","potentialAction":[{"@type":"ReadAction","target":["https:\/\/digilago.es\/mugun\/producto\/clio-kill-cover-high-glow-foundation\/"]}]},{"@type":"ImageObject","inLanguage":"es","@id":"https:\/\/digilago.es\/mugun\/producto\/clio-kill-cover-high-glow-foundation\/#primaryimage","url":"https:\/\/digilago.es\/mugun\/wp-content\/uploads\/sites\/5\/2024\/01\/37.jpg","contentUrl":"https:\/\/digilago.es\/mugun\/wp-content\/uploads\/sites\/5\/2024\/01\/37.jpg","width":1080,"height":1080},{"@type":"BreadcrumbList","@id":"https:\/\/digilago.es\/mugun\/producto\/clio-kill-cover-high-glow-foundation\/#breadcrumb","itemListElement":[{"@type":"ListItem","position":1,"name":"Portada","item":"https:\/\/digilago.es\/mugun\/"},{"@type":"ListItem","position":2,"name":"Todos los productos","item":"https:\/\/digilago.es\/mugun\/shop\/"},{"@type":"ListItem","position":3,"name":"CLIO &#8211; Kill Cover High Glow Foundation"}]},{"@type":"WebSite","@id":"https:\/\/digilago.es\/mugun\/#website","url":"https:\/\/digilago.es\/mugun\/","name":"MERAKI","description":"Otro sitio m\u00e1s de DIGILAGO proyectos de negocio alumnos","publisher":{"@id":"https:\/\/digilago.es\/mugun\/#organization"},"potentialAction":[{"@type":"SearchAction","target":{"@type":"EntryPoint","urlTemplate":"https:\/\/digilago.es\/mugun\/?s={search_term_string}"},"query-input":{"@type":"PropertyValueSpecification","valueRequired":true,"valueName":"search_term_string"}}],"inLanguage":"es"},{"@type":"Organization","@id":"https:\/\/digilago.es\/mugun\/#organization","name":"MERAKI","url":"https:\/\/digilago.es\/mugun\/","logo":{"@type":"ImageObject","inLanguage":"es","@id":"https:\/\/digilago.es\/mugun\/#\/schema\/logo\/image\/","url":"https:\/\/digilago.es\/mugun\/wp-content\/uploads\/sites\/5\/2024\/01\/cropped-cropped-Logo-blanco-sin-nombre.png","contentUrl":"https:\/\/digilago.es\/mugun\/wp-content\/uploads\/sites\/5\/2024\/01\/cropped-cropped-Logo-blanco-sin-nombre.png","width":184,"height":166,"caption":"MERAKI"},"image":{"@id":"https:\/\/digilago.es\/mugun\/#\/schema\/logo\/image\/"}}]}},"_links":{"self":[{"href":"https:\/\/digilago.es\/mugun\/wp-json\/wp\/v2\/product\/5094","targetHints":{"allow":["GET"]}}],"collection":[{"href":"https:\/\/digilago.es\/mugun\/wp-json\/wp\/v2\/product"}],"about":[{"href":"https:\/\/digilago.es\/mugun\/wp-json\/wp\/v2\/types\/product"}],"replies":[{"embeddable":true,"href":"https:\/\/digilago.es\/mugun\/wp-json\/wp\/v2\/comments?post=5094"}],"wp:featuredmedia":[{"embeddable":true,"href":"https:\/\/digilago.es\/mugun\/wp-json\/wp\/v2\/media\/5640"}],"wp:attachment":[{"href":"https:\/\/digilago.es\/mugun\/wp-json\/wp\/v2\/media?parent=5094"}],"wp:term":[{"taxonomy":"product_brand","embeddable":true,"href":"https:\/\/digilago.es\/mugun\/wp-json\/wp\/v2\/product_brand?post=5094"},{"taxonomy":"product_cat","embeddable":true,"href":"https:\/\/digilago.es\/mugun\/wp-json\/wp\/v2\/product_cat?post=5094"},{"taxonomy":"product_tag","embeddable":true,"href":"https:\/\/digilago.es\/mugun\/wp-json\/wp\/v2\/product_tag?post=5094"}],"curies":[{"name":"wp","href":"https:\/\/api.w.org\/{rel}","templated":true}]}}