{"id":5074,"date":"2023-12-19T18:29:53","date_gmt":"2023-12-19T18:29:53","guid":{"rendered":"https:\/\/digilago.es\/mugun\/?post_type=product&#038;p=5074"},"modified":"2024-01-07T18:55:33","modified_gmt":"2024-01-07T18:55:33","slug":"too-cool-for-school-artclass-by-rodin-highlighter","status":"publish","type":"product","link":"https:\/\/digilago.es\/mugun\/producto\/too-cool-for-school-artclass-by-rodin-highlighter\/","title":{"rendered":"Too Cool For School \u2013 Artclass By Rodin Highlighter"},"content":{"rendered":"<p><strong><u>C\u00f3mo aplicar:<\/u><\/strong><\/p>\n<ul>\n<li>Utiliza una brocha de abanico para aplicar el iluminador en los puntos altos del rostro. Esto incluye los p\u00f3mulos, el arco de cupido, el puente de la nariz y el arco de las cejas.<\/li>\n<li>Aplica el iluminador con movimientos suaves y ligeros para construir el brillo gradualmente. No es necesario excederse con la cantidad.<\/li>\n<\/ul>\n<p><strong><u>Beneficios:<\/u><\/strong><\/p>\n<ul>\n<li><strong>Durabilidad:<\/strong> f\u00f3rmula de larga duraci\u00f3n que se mantiene en su lugar durante horas, ideal para un brillo radiante durante todo el d\u00eda.<\/li>\n<li><strong>Acabado natural:<\/strong> aporta un brillo natural al rostro, sin dejar un aspecto pesado o excesivo, ofreciendo un efecto radiante y sutil.<\/li>\n<li><strong>F\u00e1cil aplicaci\u00f3n y mezcla:<\/strong> su textura suave y mezclable facilita la aplicaci\u00f3n y la difuminaci\u00f3n, permitiendo crear capas para intensificar el brillo o difuminar, seg\u00fan la preferencia personal.<\/li>\n<\/ul>\n<p><strong><u>Ingredientes:<\/u><\/strong><\/p>\n<p>TALC, MICA, TITANIUM DIOXIDE, NEOPENTYL GLYCOL DIETHYLHEXANOATE, NYLON-12, SYNTHETIC FLUORPHLOGOPITE, MAGNESIUM STEARATE, OCTYLDODECYL STEAROYL STEARATE, PHENYL TRIMETHICONE, 1,2-HEXANEDIOL, GLYCERYL CAPRYLATE, ALUMINUM MYRISTATE, TIN OXIDE, IRON OXIDES(CI 77492), IRON OXIDES(CI 77491), IRON OXIDES(CI 77499)<\/p>\n","protected":false},"excerpt":{"rendered":"<p>Artclass By Rodin Highlighter es un iluminador en polvo que ofrece un brillo radiante y natural al rostro. Su f\u00f3rmula suave y pigmentada permite una aplicaci\u00f3n f\u00e1cil y proporciona un acabado luminoso y dimensional.<\/p>\n","protected":false},"featured_media":5079,"comment_status":"open","ping_status":"closed","template":"","meta":{"site-sidebar-layout":"default","site-content-layout":"","ast-site-content-layout":"default","site-content-style":"default","site-sidebar-style":"default","ast-global-header-display":"","ast-banner-title-visibility":"","ast-main-header-display":"","ast-hfb-above-header-display":"","ast-hfb-below-header-display":"","ast-hfb-mobile-header-display":"","site-post-title":"","ast-breadcrumbs-content":"","ast-featured-img":"","footer-sml-layout":"","ast-disable-related-posts":"","theme-transparent-header-meta":"default","adv-header-id-meta":"","stick-header-meta":"","header-above-stick-meta":"","header-main-stick-meta":"","header-below-stick-meta":"","astra-migrate-meta-layouts":"set","ast-page-background-enabled":"default","ast-page-background-meta":{"desktop":{"background-color":"var(--ast-global-color-4)","background-image":"","background-repeat":"repeat","background-position":"center center","background-size":"auto","background-attachment":"scroll","background-type":"","background-media":"","overlay-type":"","overlay-color":"","overlay-opacity":"","overlay-gradient":""},"tablet":{"background-color":"","background-image":"","background-repeat":"repeat","background-position":"center center","background-size":"auto","background-attachment":"scroll","background-type":"","background-media":"","overlay-type":"","overlay-color":"","overlay-opacity":"","overlay-gradient":""},"mobile":{"background-color":"","background-image":"","background-repeat":"repeat","background-position":"center center","background-size":"auto","background-attachment":"scroll","background-type":"","background-media":"","overlay-type":"","overlay-color":"","overlay-opacity":"","overlay-gradient":""}},"ast-content-background-meta":{"desktop":{"background-color":"var(--ast-global-color-5)","background-image":"","background-repeat":"repeat","background-position":"center center","background-size":"auto","background-attachment":"scroll","background-type":"","background-media":"","overlay-type":"","overlay-color":"","overlay-opacity":"","overlay-gradient":""},"tablet":{"background-color":"var(--ast-global-color-5)","background-image":"","background-repeat":"repeat","background-position":"center center","background-size":"auto","background-attachment":"scroll","background-type":"","background-media":"","overlay-type":"","overlay-color":"","overlay-opacity":"","overlay-gradient":""},"mobile":{"background-color":"var(--ast-global-color-5)","background-image":"","background-repeat":"repeat","background-position":"center center","background-size":"auto","background-attachment":"scroll","background-type":"","background-media":"","overlay-type":"","overlay-color":"","overlay-opacity":"","overlay-gradient":""}}},"product_brand":[],"product_cat":[115,121,94,108,21],"product_tag":[],"class_list":{"0":"post-5074","1":"product","2":"type-product","3":"status-publish","4":"has-post-thumbnail","6":"product_cat-glow","7":"product_cat-iluminador","8":"product_cat-rostro","9":"product_cat-too-cool-for-school","10":"product_cat-sin-categorizar","11":"desktop-align-center","12":"tablet-align-left","13":"mobile-align-left","15":"first","16":"instock","17":"shipping-taxable","18":"purchasable","19":"product-type-variable"},"yoast_head":"<!-- This site is optimized with the Yoast SEO plugin v26.8 - https:\/\/yoast.com\/product\/yoast-seo-wordpress\/ -->\n<title>Too Cool For School \u2013 Artclass By Rodin Highlighter - MERAKI<\/title>\n<meta name=\"robots\" content=\"index, follow, max-snippet:-1, max-image-preview:large, max-video-preview:-1\" \/>\n<link rel=\"canonical\" href=\"https:\/\/digilago.es\/mugun\/producto\/too-cool-for-school-artclass-by-rodin-highlighter\/\" \/>\n<meta property=\"og:locale\" content=\"es_ES\" \/>\n<meta property=\"og:type\" content=\"article\" \/>\n<meta property=\"og:title\" content=\"Too Cool For School \u2013 Artclass By Rodin Highlighter - MERAKI\" \/>\n<meta property=\"og:description\" content=\"Artclass By Rodin Highlighter es un iluminador en polvo que ofrece un brillo radiante y natural al rostro. Su f\u00f3rmula suave y pigmentada permite una aplicaci\u00f3n f\u00e1cil y proporciona un acabado luminoso y dimensional.\" \/>\n<meta property=\"og:url\" content=\"https:\/\/digilago.es\/mugun\/producto\/too-cool-for-school-artclass-by-rodin-highlighter\/\" \/>\n<meta property=\"og:site_name\" content=\"MERAKI\" \/>\n<meta property=\"article:modified_time\" content=\"2024-01-07T18:55:33+00:00\" \/>\n<meta property=\"og:image\" content=\"https:\/\/digilago.es\/mugun\/wp-content\/uploads\/sites\/5\/2023\/12\/tb-image_share_1697143695470_jpg.webp\" \/>\n\t<meta property=\"og:image:width\" content=\"874\" \/>\n\t<meta property=\"og:image:height\" content=\"874\" \/>\n\t<meta property=\"og:image:type\" content=\"image\/webp\" \/>\n<meta name=\"twitter:card\" content=\"summary_large_image\" \/>\n<meta name=\"twitter:label1\" content=\"Tiempo de lectura\" \/>\n\t<meta name=\"twitter:data1\" content=\"1 minuto\" \/>\n<script type=\"application\/ld+json\" class=\"yoast-schema-graph\">{\"@context\":\"https:\/\/schema.org\",\"@graph\":[{\"@type\":\"WebPage\",\"@id\":\"https:\/\/digilago.es\/mugun\/producto\/too-cool-for-school-artclass-by-rodin-highlighter\/\",\"url\":\"https:\/\/digilago.es\/mugun\/producto\/too-cool-for-school-artclass-by-rodin-highlighter\/\",\"name\":\"Too Cool For School \u2013 Artclass By Rodin Highlighter - MERAKI\",\"isPartOf\":{\"@id\":\"https:\/\/digilago.es\/mugun\/#website\"},\"primaryImageOfPage\":{\"@id\":\"https:\/\/digilago.es\/mugun\/producto\/too-cool-for-school-artclass-by-rodin-highlighter\/#primaryimage\"},\"image\":{\"@id\":\"https:\/\/digilago.es\/mugun\/producto\/too-cool-for-school-artclass-by-rodin-highlighter\/#primaryimage\"},\"thumbnailUrl\":\"https:\/\/digilago.es\/mugun\/wp-content\/uploads\/sites\/5\/2023\/12\/tb-image_share_1697143695470_jpg.webp\",\"datePublished\":\"2023-12-19T18:29:53+00:00\",\"dateModified\":\"2024-01-07T18:55:33+00:00\",\"breadcrumb\":{\"@id\":\"https:\/\/digilago.es\/mugun\/producto\/too-cool-for-school-artclass-by-rodin-highlighter\/#breadcrumb\"},\"inLanguage\":\"es\",\"potentialAction\":[{\"@type\":\"ReadAction\",\"target\":[\"https:\/\/digilago.es\/mugun\/producto\/too-cool-for-school-artclass-by-rodin-highlighter\/\"]}]},{\"@type\":\"ImageObject\",\"inLanguage\":\"es\",\"@id\":\"https:\/\/digilago.es\/mugun\/producto\/too-cool-for-school-artclass-by-rodin-highlighter\/#primaryimage\",\"url\":\"https:\/\/digilago.es\/mugun\/wp-content\/uploads\/sites\/5\/2023\/12\/tb-image_share_1697143695470_jpg.webp\",\"contentUrl\":\"https:\/\/digilago.es\/mugun\/wp-content\/uploads\/sites\/5\/2023\/12\/tb-image_share_1697143695470_jpg.webp\",\"width\":874,\"height\":874},{\"@type\":\"BreadcrumbList\",\"@id\":\"https:\/\/digilago.es\/mugun\/producto\/too-cool-for-school-artclass-by-rodin-highlighter\/#breadcrumb\",\"itemListElement\":[{\"@type\":\"ListItem\",\"position\":1,\"name\":\"Portada\",\"item\":\"https:\/\/digilago.es\/mugun\/\"},{\"@type\":\"ListItem\",\"position\":2,\"name\":\"Todos los productos\",\"item\":\"https:\/\/digilago.es\/mugun\/shop\/\"},{\"@type\":\"ListItem\",\"position\":3,\"name\":\"Too Cool For School \u2013 Artclass By Rodin Highlighter\"}]},{\"@type\":\"WebSite\",\"@id\":\"https:\/\/digilago.es\/mugun\/#website\",\"url\":\"https:\/\/digilago.es\/mugun\/\",\"name\":\"MERAKI\",\"description\":\"Otro sitio m\u00e1s de DIGILAGO proyectos de negocio alumnos\",\"publisher\":{\"@id\":\"https:\/\/digilago.es\/mugun\/#organization\"},\"potentialAction\":[{\"@type\":\"SearchAction\",\"target\":{\"@type\":\"EntryPoint\",\"urlTemplate\":\"https:\/\/digilago.es\/mugun\/?s={search_term_string}\"},\"query-input\":{\"@type\":\"PropertyValueSpecification\",\"valueRequired\":true,\"valueName\":\"search_term_string\"}}],\"inLanguage\":\"es\"},{\"@type\":\"Organization\",\"@id\":\"https:\/\/digilago.es\/mugun\/#organization\",\"name\":\"MERAKI\",\"url\":\"https:\/\/digilago.es\/mugun\/\",\"logo\":{\"@type\":\"ImageObject\",\"inLanguage\":\"es\",\"@id\":\"https:\/\/digilago.es\/mugun\/#\/schema\/logo\/image\/\",\"url\":\"https:\/\/digilago.es\/mugun\/wp-content\/uploads\/sites\/5\/2024\/01\/cropped-cropped-Logo-blanco-sin-nombre.png\",\"contentUrl\":\"https:\/\/digilago.es\/mugun\/wp-content\/uploads\/sites\/5\/2024\/01\/cropped-cropped-Logo-blanco-sin-nombre.png\",\"width\":184,\"height\":166,\"caption\":\"MERAKI\"},\"image\":{\"@id\":\"https:\/\/digilago.es\/mugun\/#\/schema\/logo\/image\/\"}}]}<\/script>\n<!-- \/ Yoast SEO plugin. -->","yoast_head_json":{"title":"Too Cool For School \u2013 Artclass By Rodin Highlighter - MERAKI","robots":{"index":"index","follow":"follow","max-snippet":"max-snippet:-1","max-image-preview":"max-image-preview:large","max-video-preview":"max-video-preview:-1"},"canonical":"https:\/\/digilago.es\/mugun\/producto\/too-cool-for-school-artclass-by-rodin-highlighter\/","og_locale":"es_ES","og_type":"article","og_title":"Too Cool For School \u2013 Artclass By Rodin Highlighter - MERAKI","og_description":"Artclass By Rodin Highlighter es un iluminador en polvo que ofrece un brillo radiante y natural al rostro. Su f\u00f3rmula suave y pigmentada permite una aplicaci\u00f3n f\u00e1cil y proporciona un acabado luminoso y dimensional.","og_url":"https:\/\/digilago.es\/mugun\/producto\/too-cool-for-school-artclass-by-rodin-highlighter\/","og_site_name":"MERAKI","article_modified_time":"2024-01-07T18:55:33+00:00","og_image":[{"width":874,"height":874,"url":"https:\/\/digilago.es\/mugun\/wp-content\/uploads\/sites\/5\/2023\/12\/tb-image_share_1697143695470_jpg.webp","type":"image\/webp"}],"twitter_card":"summary_large_image","twitter_misc":{"Tiempo de lectura":"1 minuto"},"schema":{"@context":"https:\/\/schema.org","@graph":[{"@type":"WebPage","@id":"https:\/\/digilago.es\/mugun\/producto\/too-cool-for-school-artclass-by-rodin-highlighter\/","url":"https:\/\/digilago.es\/mugun\/producto\/too-cool-for-school-artclass-by-rodin-highlighter\/","name":"Too Cool For School \u2013 Artclass By Rodin Highlighter - MERAKI","isPartOf":{"@id":"https:\/\/digilago.es\/mugun\/#website"},"primaryImageOfPage":{"@id":"https:\/\/digilago.es\/mugun\/producto\/too-cool-for-school-artclass-by-rodin-highlighter\/#primaryimage"},"image":{"@id":"https:\/\/digilago.es\/mugun\/producto\/too-cool-for-school-artclass-by-rodin-highlighter\/#primaryimage"},"thumbnailUrl":"https:\/\/digilago.es\/mugun\/wp-content\/uploads\/sites\/5\/2023\/12\/tb-image_share_1697143695470_jpg.webp","datePublished":"2023-12-19T18:29:53+00:00","dateModified":"2024-01-07T18:55:33+00:00","breadcrumb":{"@id":"https:\/\/digilago.es\/mugun\/producto\/too-cool-for-school-artclass-by-rodin-highlighter\/#breadcrumb"},"inLanguage":"es","potentialAction":[{"@type":"ReadAction","target":["https:\/\/digilago.es\/mugun\/producto\/too-cool-for-school-artclass-by-rodin-highlighter\/"]}]},{"@type":"ImageObject","inLanguage":"es","@id":"https:\/\/digilago.es\/mugun\/producto\/too-cool-for-school-artclass-by-rodin-highlighter\/#primaryimage","url":"https:\/\/digilago.es\/mugun\/wp-content\/uploads\/sites\/5\/2023\/12\/tb-image_share_1697143695470_jpg.webp","contentUrl":"https:\/\/digilago.es\/mugun\/wp-content\/uploads\/sites\/5\/2023\/12\/tb-image_share_1697143695470_jpg.webp","width":874,"height":874},{"@type":"BreadcrumbList","@id":"https:\/\/digilago.es\/mugun\/producto\/too-cool-for-school-artclass-by-rodin-highlighter\/#breadcrumb","itemListElement":[{"@type":"ListItem","position":1,"name":"Portada","item":"https:\/\/digilago.es\/mugun\/"},{"@type":"ListItem","position":2,"name":"Todos los productos","item":"https:\/\/digilago.es\/mugun\/shop\/"},{"@type":"ListItem","position":3,"name":"Too Cool For School \u2013 Artclass By Rodin Highlighter"}]},{"@type":"WebSite","@id":"https:\/\/digilago.es\/mugun\/#website","url":"https:\/\/digilago.es\/mugun\/","name":"MERAKI","description":"Otro sitio m\u00e1s de DIGILAGO proyectos de negocio alumnos","publisher":{"@id":"https:\/\/digilago.es\/mugun\/#organization"},"potentialAction":[{"@type":"SearchAction","target":{"@type":"EntryPoint","urlTemplate":"https:\/\/digilago.es\/mugun\/?s={search_term_string}"},"query-input":{"@type":"PropertyValueSpecification","valueRequired":true,"valueName":"search_term_string"}}],"inLanguage":"es"},{"@type":"Organization","@id":"https:\/\/digilago.es\/mugun\/#organization","name":"MERAKI","url":"https:\/\/digilago.es\/mugun\/","logo":{"@type":"ImageObject","inLanguage":"es","@id":"https:\/\/digilago.es\/mugun\/#\/schema\/logo\/image\/","url":"https:\/\/digilago.es\/mugun\/wp-content\/uploads\/sites\/5\/2024\/01\/cropped-cropped-Logo-blanco-sin-nombre.png","contentUrl":"https:\/\/digilago.es\/mugun\/wp-content\/uploads\/sites\/5\/2024\/01\/cropped-cropped-Logo-blanco-sin-nombre.png","width":184,"height":166,"caption":"MERAKI"},"image":{"@id":"https:\/\/digilago.es\/mugun\/#\/schema\/logo\/image\/"}}]}},"_links":{"self":[{"href":"https:\/\/digilago.es\/mugun\/wp-json\/wp\/v2\/product\/5074","targetHints":{"allow":["GET"]}}],"collection":[{"href":"https:\/\/digilago.es\/mugun\/wp-json\/wp\/v2\/product"}],"about":[{"href":"https:\/\/digilago.es\/mugun\/wp-json\/wp\/v2\/types\/product"}],"replies":[{"embeddable":true,"href":"https:\/\/digilago.es\/mugun\/wp-json\/wp\/v2\/comments?post=5074"}],"wp:featuredmedia":[{"embeddable":true,"href":"https:\/\/digilago.es\/mugun\/wp-json\/wp\/v2\/media\/5079"}],"wp:attachment":[{"href":"https:\/\/digilago.es\/mugun\/wp-json\/wp\/v2\/media?parent=5074"}],"wp:term":[{"taxonomy":"product_brand","embeddable":true,"href":"https:\/\/digilago.es\/mugun\/wp-json\/wp\/v2\/product_brand?post=5074"},{"taxonomy":"product_cat","embeddable":true,"href":"https:\/\/digilago.es\/mugun\/wp-json\/wp\/v2\/product_cat?post=5074"},{"taxonomy":"product_tag","embeddable":true,"href":"https:\/\/digilago.es\/mugun\/wp-json\/wp\/v2\/product_tag?post=5074"}],"curies":[{"name":"wp","href":"https:\/\/api.w.org\/{rel}","templated":true}]}}