{"id":5035,"date":"2023-12-19T16:50:22","date_gmt":"2023-12-19T16:50:22","guid":{"rendered":"https:\/\/digilago.es\/mugun\/?post_type=product&#038;p=5035"},"modified":"2024-01-05T22:43:48","modified_gmt":"2024-01-05T22:43:48","slug":"cover-perfection-triple-pot-concealer","status":"publish","type":"product","link":"https:\/\/digilago.es\/mugun\/producto\/cover-perfection-triple-pot-concealer\/","title":{"rendered":"The Saem \u2013 Cover Perfection Triple Pot Concealer"},"content":{"rendered":"<p><strong><u>C\u00f3mo aplicar:<\/u><\/strong><\/p>\n<ol>\n<li><strong>Elecci\u00f3n de tonos:<\/strong> Selecciona el tono de corrector que se adapte mejor a tu piel y a lo que deseas cubrir o enmarcar. Puedes mezclar los tonos para lograr el color ideal para tu piel.<\/li>\n<li><strong>Aplicaci\u00f3n:<\/strong> Utiliza tus dedos, una brocha o una esponja para aplicar el corrector. Para ojeras, aplica el tono m\u00e1s claro en la zona oscura debajo de los ojos. Para imperfecciones, utiliza el tono que coincida mejor con tu piel directamente sobre las \u00e1reas que deseas cubrir.<\/li>\n<li><strong>Difuminado:<\/strong> Difumina suavemente el producto con golpecitos ligeros para asegurarte de que se mezcle bien con la piel. Si es necesario, puedes usar movimientos suaves para distribuirlo uniformemente.<\/li>\n<\/ol>\n<p><strong><u>Beneficios:<\/u><\/strong><\/p>\n<ul>\n<li><strong>Alta cobertura:<\/strong> Ofrece una cobertura completa que ayuda a ocultar ojeras, manchas y otras imperfecciones de la piel.<\/li>\n<li><strong>Larga duraci\u00f3n:<\/strong> Tiene una f\u00f3rmula de larga duraci\u00f3n que se mantiene intacta durante horas.<\/li>\n<li><strong>Acabado natural:<\/strong> proporciona un acabado natural y no suele crear un aspecto pesado o acartonado en la piel.<\/li>\n<li><strong>Envase conveniente:<\/strong> La presentaci\u00f3n en un solo envase con tres tonos facilita su transporte y aplicaci\u00f3n en cualquier lugar.<\/li>\n<\/ul>\n<p><strong><u>Ingredientes:<\/u><\/strong><\/p>\n<p>DI\u00d3XIDO DE TITANIO (CI 77891), TRIGLIC\u00c9RIDO CAPR\u00cdLICO\/C\u00c1PRICO, POLIISOBUTENO, MICA, NEOPENTANOATO DE ISODECILO, MALATO DE DIISOESTEARILO, ACEITE DE RICINO HIDROGENADO, HEXAHIDROXIESTEARATO\/HEXASTEARATO\/HEXAROSINATO DE DIPENTAERITRITILO, POL\u00cdMERO CRUZADO DE METACRILATO DE METILO, SALICILATO DE BUTILOCTILO , \u00d3XIDO DE HIERRO AMARILLO, PARAFINA, HIDR\u00d3XIDO DE ALUMINIO, 1,2-HEXANODIOL, SESQUIOLEATO DE SORBIT\u00c1N, CERA MICROCRISTALINA, \u00d3XIDO DE HIERRO ROJO, METICONA, \u00d3XIDO DE HIERRO NEGRO, CAPRILILGLICOL, ESCUALANO, FRAGANCIA, ACEITE DE PRUNUS AMYGDALUS DULCIS (ALMENDRA DULCE), AGUA, BHT, BUTILENGLICOL, EXTRACTO DE HOJA DE ASPALATHUS LINEARIS, EXTRACTO DE TIMO VULGAR (TOMILLO), EXTRACTO DE HOJA DE FOENICULUM VULGARE (HINOJO), LINALOL, LIMONENO, HEXIL CINAMAL, IONONA ALFA-ISOMETILO<br \/>\nEXTRACTO DE THYMUS VULGARIS (TOMILLO), EXTRACTO DE HOJA DE FOENICULUM VULGARE (HINOJO), LINALOOL, LIMONENO, HEXIL CINAMAL, ALFA-ISOMETILIONONA)<\/p>\n","protected":false},"excerpt":{"rendered":"<p>El Cover Perfection Triple Pot Concealer de The Saem es un corrector vers\u00e1til con tres tonos diferentes en un solo envase , dise\u00f1ado para cubrir imperfecciones, ojeras y realzar contornos faciales. Su f\u00f3rmula de alta cobertura y larga duraci\u00f3n ofrece un acabado natural y uniforme, permite mezclar colores para lograr el tono perfecto y adaptarse a distintas \u00e1reas del rostro.<\/p>\n","protected":false},"featured_media":5036,"comment_status":"open","ping_status":"closed","template":"","meta":{"site-sidebar-layout":"default","site-content-layout":"","ast-site-content-layout":"default","site-content-style":"default","site-sidebar-style":"default","ast-global-header-display":"","ast-banner-title-visibility":"","ast-main-header-display":"","ast-hfb-above-header-display":"","ast-hfb-below-header-display":"","ast-hfb-mobile-header-display":"","site-post-title":"","ast-breadcrumbs-content":"","ast-featured-img":"","footer-sml-layout":"","ast-disable-related-posts":"","theme-transparent-header-meta":"default","adv-header-id-meta":null,"stick-header-meta":null,"header-above-stick-meta":null,"header-main-stick-meta":null,"header-below-stick-meta":null,"astra-migrate-meta-layouts":"set","ast-page-background-enabled":"default","ast-page-background-meta":{"desktop":{"background-color":"var(--ast-global-color-4)","background-image":"","background-repeat":"repeat","background-position":"center center","background-size":"auto","background-attachment":"scroll","background-type":"","background-media":"","overlay-type":"","overlay-color":"","overlay-opacity":"","overlay-gradient":""},"tablet":{"background-color":"","background-image":"","background-repeat":"repeat","background-position":"center center","background-size":"auto","background-attachment":"scroll","background-type":"","background-media":"","overlay-type":"","overlay-color":"","overlay-opacity":"","overlay-gradient":""},"mobile":{"background-color":"","background-image":"","background-repeat":"repeat","background-position":"center center","background-size":"auto","background-attachment":"scroll","background-type":"","background-media":"","overlay-type":"","overlay-color":"","overlay-opacity":"","overlay-gradient":""}},"ast-content-background-meta":{"desktop":{"background-color":"var(--ast-global-color-5)","background-image":"","background-repeat":"repeat","background-position":"center center","background-size":"auto","background-attachment":"scroll","background-type":"","background-media":"","overlay-type":"","overlay-color":"","overlay-opacity":"","overlay-gradient":""},"tablet":{"background-color":"var(--ast-global-color-5)","background-image":"","background-repeat":"repeat","background-position":"center center","background-size":"auto","background-attachment":"scroll","background-type":"","background-media":"","overlay-type":"","overlay-color":"","overlay-opacity":"","overlay-gradient":""},"mobile":{"background-color":"var(--ast-global-color-5)","background-image":"","background-repeat":"repeat","background-position":"center center","background-size":"auto","background-attachment":"scroll","background-type":"","background-media":"","overlay-type":"","overlay-color":"","overlay-opacity":"","overlay-gradient":""}}},"product_brand":[],"product_cat":[120,94,106,21],"product_tag":[],"class_list":{"0":"post-5035","1":"product","2":"type-product","3":"status-publish","4":"has-post-thumbnail","6":"product_cat-corrector","7":"product_cat-rostro","8":"product_cat-the-saem","9":"product_cat-sin-categorizar","10":"desktop-align-center","11":"tablet-align-left","12":"mobile-align-left","14":"first","15":"instock","16":"shipping-taxable","17":"purchasable","18":"product-type-variable"},"yoast_head":"<!-- This site is optimized with the Yoast SEO plugin v26.8 - https:\/\/yoast.com\/product\/yoast-seo-wordpress\/ -->\n<title>The Saem \u2013 Cover Perfection Triple Pot Concealer - MERAKI<\/title>\n<meta name=\"robots\" content=\"index, follow, max-snippet:-1, max-image-preview:large, max-video-preview:-1\" \/>\n<link rel=\"canonical\" href=\"https:\/\/digilago.es\/mugun\/producto\/cover-perfection-triple-pot-concealer\/\" \/>\n<meta property=\"og:locale\" content=\"es_ES\" \/>\n<meta property=\"og:type\" content=\"article\" \/>\n<meta property=\"og:title\" content=\"The Saem \u2013 Cover Perfection Triple Pot Concealer - MERAKI\" \/>\n<meta property=\"og:description\" content=\"El Cover Perfection Triple Pot Concealer de The Saem es un corrector vers\u00e1til con tres tonos diferentes en un solo envase , dise\u00f1ado para cubrir imperfecciones, ojeras y realzar contornos faciales. Su f\u00f3rmula de alta cobertura y larga duraci\u00f3n ofrece un acabado natural y uniforme, permite mezclar colores para lograr el tono perfecto y adaptarse a distintas \u00e1reas del rostro.\" \/>\n<meta property=\"og:url\" content=\"https:\/\/digilago.es\/mugun\/producto\/cover-perfection-triple-pot-concealer\/\" \/>\n<meta property=\"og:site_name\" content=\"MERAKI\" \/>\n<meta property=\"article:modified_time\" content=\"2024-01-05T22:43:48+00:00\" \/>\n<meta property=\"og:image\" content=\"https:\/\/digilago.es\/mugun\/wp-content\/uploads\/sites\/5\/2023\/12\/fe043cf5-fed8-41b2-9d3e-5f9bac04cc02.jpg\" \/>\n\t<meta property=\"og:image:width\" content=\"1500\" \/>\n\t<meta property=\"og:image:height\" content=\"1500\" \/>\n\t<meta property=\"og:image:type\" content=\"image\/jpeg\" \/>\n<meta name=\"twitter:card\" content=\"summary_large_image\" \/>\n<meta name=\"twitter:label1\" content=\"Tiempo de lectura\" \/>\n\t<meta name=\"twitter:data1\" content=\"2 minutos\" \/>\n<script type=\"application\/ld+json\" class=\"yoast-schema-graph\">{\"@context\":\"https:\/\/schema.org\",\"@graph\":[{\"@type\":\"WebPage\",\"@id\":\"https:\/\/digilago.es\/mugun\/producto\/cover-perfection-triple-pot-concealer\/\",\"url\":\"https:\/\/digilago.es\/mugun\/producto\/cover-perfection-triple-pot-concealer\/\",\"name\":\"The Saem \u2013 Cover Perfection Triple Pot Concealer - MERAKI\",\"isPartOf\":{\"@id\":\"https:\/\/digilago.es\/mugun\/#website\"},\"primaryImageOfPage\":{\"@id\":\"https:\/\/digilago.es\/mugun\/producto\/cover-perfection-triple-pot-concealer\/#primaryimage\"},\"image\":{\"@id\":\"https:\/\/digilago.es\/mugun\/producto\/cover-perfection-triple-pot-concealer\/#primaryimage\"},\"thumbnailUrl\":\"https:\/\/digilago.es\/mugun\/wp-content\/uploads\/sites\/5\/2023\/12\/fe043cf5-fed8-41b2-9d3e-5f9bac04cc02.jpg\",\"datePublished\":\"2023-12-19T16:50:22+00:00\",\"dateModified\":\"2024-01-05T22:43:48+00:00\",\"breadcrumb\":{\"@id\":\"https:\/\/digilago.es\/mugun\/producto\/cover-perfection-triple-pot-concealer\/#breadcrumb\"},\"inLanguage\":\"es\",\"potentialAction\":[{\"@type\":\"ReadAction\",\"target\":[\"https:\/\/digilago.es\/mugun\/producto\/cover-perfection-triple-pot-concealer\/\"]}]},{\"@type\":\"ImageObject\",\"inLanguage\":\"es\",\"@id\":\"https:\/\/digilago.es\/mugun\/producto\/cover-perfection-triple-pot-concealer\/#primaryimage\",\"url\":\"https:\/\/digilago.es\/mugun\/wp-content\/uploads\/sites\/5\/2023\/12\/fe043cf5-fed8-41b2-9d3e-5f9bac04cc02.jpg\",\"contentUrl\":\"https:\/\/digilago.es\/mugun\/wp-content\/uploads\/sites\/5\/2023\/12\/fe043cf5-fed8-41b2-9d3e-5f9bac04cc02.jpg\",\"width\":1500,\"height\":1500,\"caption\":\"896\"},{\"@type\":\"BreadcrumbList\",\"@id\":\"https:\/\/digilago.es\/mugun\/producto\/cover-perfection-triple-pot-concealer\/#breadcrumb\",\"itemListElement\":[{\"@type\":\"ListItem\",\"position\":1,\"name\":\"Portada\",\"item\":\"https:\/\/digilago.es\/mugun\/\"},{\"@type\":\"ListItem\",\"position\":2,\"name\":\"Todos los productos\",\"item\":\"https:\/\/digilago.es\/mugun\/shop\/\"},{\"@type\":\"ListItem\",\"position\":3,\"name\":\"The Saem \u2013 Cover Perfection Triple Pot Concealer\"}]},{\"@type\":\"WebSite\",\"@id\":\"https:\/\/digilago.es\/mugun\/#website\",\"url\":\"https:\/\/digilago.es\/mugun\/\",\"name\":\"MERAKI\",\"description\":\"Otro sitio m\u00e1s de DIGILAGO proyectos de negocio alumnos\",\"publisher\":{\"@id\":\"https:\/\/digilago.es\/mugun\/#organization\"},\"potentialAction\":[{\"@type\":\"SearchAction\",\"target\":{\"@type\":\"EntryPoint\",\"urlTemplate\":\"https:\/\/digilago.es\/mugun\/?s={search_term_string}\"},\"query-input\":{\"@type\":\"PropertyValueSpecification\",\"valueRequired\":true,\"valueName\":\"search_term_string\"}}],\"inLanguage\":\"es\"},{\"@type\":\"Organization\",\"@id\":\"https:\/\/digilago.es\/mugun\/#organization\",\"name\":\"MERAKI\",\"url\":\"https:\/\/digilago.es\/mugun\/\",\"logo\":{\"@type\":\"ImageObject\",\"inLanguage\":\"es\",\"@id\":\"https:\/\/digilago.es\/mugun\/#\/schema\/logo\/image\/\",\"url\":\"https:\/\/digilago.es\/mugun\/wp-content\/uploads\/sites\/5\/2024\/01\/cropped-cropped-Logo-blanco-sin-nombre.png\",\"contentUrl\":\"https:\/\/digilago.es\/mugun\/wp-content\/uploads\/sites\/5\/2024\/01\/cropped-cropped-Logo-blanco-sin-nombre.png\",\"width\":184,\"height\":166,\"caption\":\"MERAKI\"},\"image\":{\"@id\":\"https:\/\/digilago.es\/mugun\/#\/schema\/logo\/image\/\"}}]}<\/script>\n<!-- \/ Yoast SEO plugin. -->","yoast_head_json":{"title":"The Saem \u2013 Cover Perfection Triple Pot Concealer - MERAKI","robots":{"index":"index","follow":"follow","max-snippet":"max-snippet:-1","max-image-preview":"max-image-preview:large","max-video-preview":"max-video-preview:-1"},"canonical":"https:\/\/digilago.es\/mugun\/producto\/cover-perfection-triple-pot-concealer\/","og_locale":"es_ES","og_type":"article","og_title":"The Saem \u2013 Cover Perfection Triple Pot Concealer - MERAKI","og_description":"El Cover Perfection Triple Pot Concealer de The Saem es un corrector vers\u00e1til con tres tonos diferentes en un solo envase , dise\u00f1ado para cubrir imperfecciones, ojeras y realzar contornos faciales. Su f\u00f3rmula de alta cobertura y larga duraci\u00f3n ofrece un acabado natural y uniforme, permite mezclar colores para lograr el tono perfecto y adaptarse a distintas \u00e1reas del rostro.","og_url":"https:\/\/digilago.es\/mugun\/producto\/cover-perfection-triple-pot-concealer\/","og_site_name":"MERAKI","article_modified_time":"2024-01-05T22:43:48+00:00","og_image":[{"width":1500,"height":1500,"url":"https:\/\/digilago.es\/mugun\/wp-content\/uploads\/sites\/5\/2023\/12\/fe043cf5-fed8-41b2-9d3e-5f9bac04cc02.jpg","type":"image\/jpeg"}],"twitter_card":"summary_large_image","twitter_misc":{"Tiempo de lectura":"2 minutos"},"schema":{"@context":"https:\/\/schema.org","@graph":[{"@type":"WebPage","@id":"https:\/\/digilago.es\/mugun\/producto\/cover-perfection-triple-pot-concealer\/","url":"https:\/\/digilago.es\/mugun\/producto\/cover-perfection-triple-pot-concealer\/","name":"The Saem \u2013 Cover Perfection Triple Pot Concealer - MERAKI","isPartOf":{"@id":"https:\/\/digilago.es\/mugun\/#website"},"primaryImageOfPage":{"@id":"https:\/\/digilago.es\/mugun\/producto\/cover-perfection-triple-pot-concealer\/#primaryimage"},"image":{"@id":"https:\/\/digilago.es\/mugun\/producto\/cover-perfection-triple-pot-concealer\/#primaryimage"},"thumbnailUrl":"https:\/\/digilago.es\/mugun\/wp-content\/uploads\/sites\/5\/2023\/12\/fe043cf5-fed8-41b2-9d3e-5f9bac04cc02.jpg","datePublished":"2023-12-19T16:50:22+00:00","dateModified":"2024-01-05T22:43:48+00:00","breadcrumb":{"@id":"https:\/\/digilago.es\/mugun\/producto\/cover-perfection-triple-pot-concealer\/#breadcrumb"},"inLanguage":"es","potentialAction":[{"@type":"ReadAction","target":["https:\/\/digilago.es\/mugun\/producto\/cover-perfection-triple-pot-concealer\/"]}]},{"@type":"ImageObject","inLanguage":"es","@id":"https:\/\/digilago.es\/mugun\/producto\/cover-perfection-triple-pot-concealer\/#primaryimage","url":"https:\/\/digilago.es\/mugun\/wp-content\/uploads\/sites\/5\/2023\/12\/fe043cf5-fed8-41b2-9d3e-5f9bac04cc02.jpg","contentUrl":"https:\/\/digilago.es\/mugun\/wp-content\/uploads\/sites\/5\/2023\/12\/fe043cf5-fed8-41b2-9d3e-5f9bac04cc02.jpg","width":1500,"height":1500,"caption":"896"},{"@type":"BreadcrumbList","@id":"https:\/\/digilago.es\/mugun\/producto\/cover-perfection-triple-pot-concealer\/#breadcrumb","itemListElement":[{"@type":"ListItem","position":1,"name":"Portada","item":"https:\/\/digilago.es\/mugun\/"},{"@type":"ListItem","position":2,"name":"Todos los productos","item":"https:\/\/digilago.es\/mugun\/shop\/"},{"@type":"ListItem","position":3,"name":"The Saem \u2013 Cover Perfection Triple Pot Concealer"}]},{"@type":"WebSite","@id":"https:\/\/digilago.es\/mugun\/#website","url":"https:\/\/digilago.es\/mugun\/","name":"MERAKI","description":"Otro sitio m\u00e1s de DIGILAGO proyectos de negocio alumnos","publisher":{"@id":"https:\/\/digilago.es\/mugun\/#organization"},"potentialAction":[{"@type":"SearchAction","target":{"@type":"EntryPoint","urlTemplate":"https:\/\/digilago.es\/mugun\/?s={search_term_string}"},"query-input":{"@type":"PropertyValueSpecification","valueRequired":true,"valueName":"search_term_string"}}],"inLanguage":"es"},{"@type":"Organization","@id":"https:\/\/digilago.es\/mugun\/#organization","name":"MERAKI","url":"https:\/\/digilago.es\/mugun\/","logo":{"@type":"ImageObject","inLanguage":"es","@id":"https:\/\/digilago.es\/mugun\/#\/schema\/logo\/image\/","url":"https:\/\/digilago.es\/mugun\/wp-content\/uploads\/sites\/5\/2024\/01\/cropped-cropped-Logo-blanco-sin-nombre.png","contentUrl":"https:\/\/digilago.es\/mugun\/wp-content\/uploads\/sites\/5\/2024\/01\/cropped-cropped-Logo-blanco-sin-nombre.png","width":184,"height":166,"caption":"MERAKI"},"image":{"@id":"https:\/\/digilago.es\/mugun\/#\/schema\/logo\/image\/"}}]}},"_links":{"self":[{"href":"https:\/\/digilago.es\/mugun\/wp-json\/wp\/v2\/product\/5035","targetHints":{"allow":["GET"]}}],"collection":[{"href":"https:\/\/digilago.es\/mugun\/wp-json\/wp\/v2\/product"}],"about":[{"href":"https:\/\/digilago.es\/mugun\/wp-json\/wp\/v2\/types\/product"}],"replies":[{"embeddable":true,"href":"https:\/\/digilago.es\/mugun\/wp-json\/wp\/v2\/comments?post=5035"}],"wp:featuredmedia":[{"embeddable":true,"href":"https:\/\/digilago.es\/mugun\/wp-json\/wp\/v2\/media\/5036"}],"wp:attachment":[{"href":"https:\/\/digilago.es\/mugun\/wp-json\/wp\/v2\/media?parent=5035"}],"wp:term":[{"taxonomy":"product_brand","embeddable":true,"href":"https:\/\/digilago.es\/mugun\/wp-json\/wp\/v2\/product_brand?post=5035"},{"taxonomy":"product_cat","embeddable":true,"href":"https:\/\/digilago.es\/mugun\/wp-json\/wp\/v2\/product_cat?post=5035"},{"taxonomy":"product_tag","embeddable":true,"href":"https:\/\/digilago.es\/mugun\/wp-json\/wp\/v2\/product_tag?post=5035"}],"curies":[{"name":"wp","href":"https:\/\/api.w.org\/{rel}","templated":true}]}}