{"id":4944,"date":"2023-12-12T19:26:56","date_gmt":"2023-12-12T19:26:56","guid":{"rendered":"https:\/\/digilago.es\/mugun\/?post_type=product&#038;p=4944"},"modified":"2024-01-10T18:57:14","modified_gmt":"2024-01-10T18:57:14","slug":"fixing-tint","status":"publish","type":"product","link":"https:\/\/digilago.es\/mugun\/producto\/fixing-tint\/","title":{"rendered":"ETUDE \u2013 Fixing Tint"},"content":{"rendered":"<p><strong><u>C\u00f3mo aplicar<\/u>:<\/strong><\/p>\n<ul>\n<li>Cobertura total: aplicar el labial por todo el labio, recomendable usar un delineador de labios.<\/li>\n<li>Degradado: aplicar un poco del producto en el centro del labio inferior y difuminar con el dedo hasta conseguir el acabado deseado.<\/li>\n<\/ul>\n<p><strong><u>Beneficios<\/u>:<\/strong><\/p>\n<ul>\n<li>Es una tinta tan c\u00f3moda, que se siente como segunda piel al aplicarla.<\/li>\n<li>Acabado ligero que dura todo el d\u00eda.<\/li>\n<li>No mancha ni crea parches al aplicarla sobre los labios.<\/li>\n<li>Hidrata profundamente tus labios al instante.<\/li>\n<li>\u00a1F\u00f3rmula a prueba de agua y cubrebocas!<\/li>\n<\/ul>\n<p><strong><u>Ingredientes<\/u>:<\/strong><\/p>\n<p>WATER \/ AQUA \/ EAU,ISODODECANE,DIMETHICONE,VINYL DIMETHICONE\/METHICONE SILSESQUIOXANE CROSSPOLYMER,BUTYLENE GLYCOL,DISTEARDIMONIUM HECTORITE,TRICALCIUM PHOSPHATE,DIMETHICONE\/VINYL DIMETHICONE CROSSPOLYMER,SORBITAN ISOSTEARATE,LAURYL POLYGLYCERYL-3 POLYDIMETHYLSILOXYETHYL DIMETHICONE,DIISOSTEARYL MALATE,DIGLYCERIN,CETYL PEG\/PPG-10\/1 DIMETHICONE,STEARYL DIMETHICONE,MAGNESIUM SULFATE,DIPHENYLSILOXY PHENYL TRIMETHICONE,1,2-HEXANEDIOL,PROPYLENE CARBONATE,TITANIUM DIOXIDE (CI 77891),RED 7 LAKE (CI 15850),POLYGLYCERYL-3 DIISOSTEARATE,OCTADECENE,ACRYLATES\/POLYTRIMETHYLSILOXYMETHACRYLATE COPOLYMER,YELLOW 5 LAKE (CI 19140),POLYGLYCERYL-3 POLYDIMETHYLSILOXYETHYL DIMETHICONE,FRAGRANCE \/ PARFUM,SORBITAN OLIVATE,SILICA DIMETHYL SILYLATE,IRON OXIDES (CI 77491),YELLOW 6 (CI 15985),TRIETHOXYCAPRYLYLSILANE,RED 28 (CI 45410),SORBITAN SESQUIOLEATE,ETHYLHEXYLGLYCERIN,BLUE 1 LAKE (CI 42090),RED 6 (CI 15850),TOCOPHEROL,PENTAERYTHRITYL TETRA-DI-T-BUTYL HYDROXYHYDROCINNAMATE<\/p>\n","protected":false},"excerpt":{"rendered":"<p>Tinte labial hidratante, ligero, \u00a1de larga duraci\u00f3n e intransferibles! Su f\u00f3rmula mate se absorbe c\u00f3modamente en los labios logrando un acabado lleno de color. Disponible en cinco colores.<\/p>\n<p>Contenido: 4 gr<\/p>\n","protected":false},"featured_media":4945,"comment_status":"open","ping_status":"closed","template":"","meta":{"site-sidebar-layout":"default","site-content-layout":"","ast-site-content-layout":"default","site-content-style":"default","site-sidebar-style":"default","ast-global-header-display":"","ast-banner-title-visibility":"","ast-main-header-display":"","ast-hfb-above-header-display":"","ast-hfb-below-header-display":"","ast-hfb-mobile-header-display":"","site-post-title":"","ast-breadcrumbs-content":"","ast-featured-img":"","footer-sml-layout":"","ast-disable-related-posts":"","theme-transparent-header-meta":"default","adv-header-id-meta":"","stick-header-meta":"","header-above-stick-meta":"","header-main-stick-meta":"","header-below-stick-meta":"","astra-migrate-meta-layouts":"set","ast-page-background-enabled":"default","ast-page-background-meta":{"desktop":{"background-color":"var(--ast-global-color-4)","background-image":"","background-repeat":"repeat","background-position":"center center","background-size":"auto","background-attachment":"scroll","background-type":"","background-media":"","overlay-type":"","overlay-color":"","overlay-opacity":"","overlay-gradient":""},"tablet":{"background-color":"","background-image":"","background-repeat":"repeat","background-position":"center center","background-size":"auto","background-attachment":"scroll","background-type":"","background-media":"","overlay-type":"","overlay-color":"","overlay-opacity":"","overlay-gradient":""},"mobile":{"background-color":"","background-image":"","background-repeat":"repeat","background-position":"center center","background-size":"auto","background-attachment":"scroll","background-type":"","background-media":"","overlay-type":"","overlay-color":"","overlay-opacity":"","overlay-gradient":""}},"ast-content-background-meta":{"desktop":{"background-color":"var(--ast-global-color-5)","background-image":"","background-repeat":"repeat","background-position":"center center","background-size":"auto","background-attachment":"scroll","background-type":"","background-media":"","overlay-type":"","overlay-color":"","overlay-opacity":"","overlay-gradient":""},"tablet":{"background-color":"var(--ast-global-color-5)","background-image":"","background-repeat":"repeat","background-position":"center center","background-size":"auto","background-attachment":"scroll","background-type":"","background-media":"","overlay-type":"","overlay-color":"","overlay-opacity":"","overlay-gradient":""},"mobile":{"background-color":"var(--ast-global-color-5)","background-image":"","background-repeat":"repeat","background-position":"center center","background-size":"auto","background-attachment":"scroll","background-type":"","background-media":"","overlay-type":"","overlay-color":"","overlay-opacity":"","overlay-gradient":""}}},"product_brand":[],"product_cat":[93,114,123,56],"product_tag":[],"class_list":{"0":"post-4944","1":"product","2":"type-product","3":"status-publish","4":"has-post-thumbnail","6":"product_cat-labios","7":"product_cat-mate","8":"product_cat-tinta-de-labios","9":"product_cat-etude","10":"desktop-align-center","11":"tablet-align-left","12":"mobile-align-left","14":"first","15":"instock","16":"shipping-taxable","17":"purchasable","18":"product-type-variable"},"yoast_head":"<!-- This site is optimized with the Yoast SEO plugin v26.8 - https:\/\/yoast.com\/product\/yoast-seo-wordpress\/ -->\n<title>ETUDE \u2013 Fixing Tint - MERAKI<\/title>\n<meta name=\"robots\" content=\"index, follow, max-snippet:-1, max-image-preview:large, max-video-preview:-1\" \/>\n<link rel=\"canonical\" href=\"https:\/\/digilago.es\/mugun\/producto\/fixing-tint\/\" \/>\n<meta property=\"og:locale\" content=\"es_ES\" \/>\n<meta property=\"og:type\" content=\"article\" \/>\n<meta property=\"og:title\" content=\"ETUDE \u2013 Fixing Tint - MERAKI\" \/>\n<meta property=\"og:description\" content=\"Tinte labial hidratante, ligero, \u00a1de larga duraci\u00f3n e intransferibles! Su f\u00f3rmula mate se absorbe c\u00f3modamente en los labios logrando un acabado lleno de color. Disponible en cinco colores.  Contenido: 4 gr\" \/>\n<meta property=\"og:url\" content=\"https:\/\/digilago.es\/mugun\/producto\/fixing-tint\/\" \/>\n<meta property=\"og:site_name\" content=\"MERAKI\" \/>\n<meta property=\"article:modified_time\" content=\"2024-01-10T18:57:14+00:00\" \/>\n<meta property=\"og:image\" content=\"https:\/\/digilago.es\/mugun\/wp-content\/uploads\/sites\/5\/2023\/12\/sub9.jpg\" \/>\n\t<meta property=\"og:image:width\" content=\"1000\" \/>\n\t<meta property=\"og:image:height\" content=\"1000\" \/>\n\t<meta property=\"og:image:type\" content=\"image\/jpeg\" \/>\n<meta name=\"twitter:card\" content=\"summary_large_image\" \/>\n<meta name=\"twitter:label1\" content=\"Tiempo de lectura\" \/>\n\t<meta name=\"twitter:data1\" content=\"1 minuto\" \/>\n<script type=\"application\/ld+json\" class=\"yoast-schema-graph\">{\"@context\":\"https:\/\/schema.org\",\"@graph\":[{\"@type\":\"WebPage\",\"@id\":\"https:\/\/digilago.es\/mugun\/producto\/fixing-tint\/\",\"url\":\"https:\/\/digilago.es\/mugun\/producto\/fixing-tint\/\",\"name\":\"ETUDE \u2013 Fixing Tint - MERAKI\",\"isPartOf\":{\"@id\":\"https:\/\/digilago.es\/mugun\/#website\"},\"primaryImageOfPage\":{\"@id\":\"https:\/\/digilago.es\/mugun\/producto\/fixing-tint\/#primaryimage\"},\"image\":{\"@id\":\"https:\/\/digilago.es\/mugun\/producto\/fixing-tint\/#primaryimage\"},\"thumbnailUrl\":\"https:\/\/digilago.es\/mugun\/wp-content\/uploads\/sites\/5\/2023\/12\/sub9.jpg\",\"datePublished\":\"2023-12-12T19:26:56+00:00\",\"dateModified\":\"2024-01-10T18:57:14+00:00\",\"breadcrumb\":{\"@id\":\"https:\/\/digilago.es\/mugun\/producto\/fixing-tint\/#breadcrumb\"},\"inLanguage\":\"es\",\"potentialAction\":[{\"@type\":\"ReadAction\",\"target\":[\"https:\/\/digilago.es\/mugun\/producto\/fixing-tint\/\"]}]},{\"@type\":\"ImageObject\",\"inLanguage\":\"es\",\"@id\":\"https:\/\/digilago.es\/mugun\/producto\/fixing-tint\/#primaryimage\",\"url\":\"https:\/\/digilago.es\/mugun\/wp-content\/uploads\/sites\/5\/2023\/12\/sub9.jpg\",\"contentUrl\":\"https:\/\/digilago.es\/mugun\/wp-content\/uploads\/sites\/5\/2023\/12\/sub9.jpg\",\"width\":1000,\"height\":1000},{\"@type\":\"BreadcrumbList\",\"@id\":\"https:\/\/digilago.es\/mugun\/producto\/fixing-tint\/#breadcrumb\",\"itemListElement\":[{\"@type\":\"ListItem\",\"position\":1,\"name\":\"Portada\",\"item\":\"https:\/\/digilago.es\/mugun\/\"},{\"@type\":\"ListItem\",\"position\":2,\"name\":\"Todos los productos\",\"item\":\"https:\/\/digilago.es\/mugun\/shop\/\"},{\"@type\":\"ListItem\",\"position\":3,\"name\":\"ETUDE \u2013 Fixing Tint\"}]},{\"@type\":\"WebSite\",\"@id\":\"https:\/\/digilago.es\/mugun\/#website\",\"url\":\"https:\/\/digilago.es\/mugun\/\",\"name\":\"MERAKI\",\"description\":\"Otro sitio m\u00e1s de DIGILAGO proyectos de negocio alumnos\",\"publisher\":{\"@id\":\"https:\/\/digilago.es\/mugun\/#organization\"},\"potentialAction\":[{\"@type\":\"SearchAction\",\"target\":{\"@type\":\"EntryPoint\",\"urlTemplate\":\"https:\/\/digilago.es\/mugun\/?s={search_term_string}\"},\"query-input\":{\"@type\":\"PropertyValueSpecification\",\"valueRequired\":true,\"valueName\":\"search_term_string\"}}],\"inLanguage\":\"es\"},{\"@type\":\"Organization\",\"@id\":\"https:\/\/digilago.es\/mugun\/#organization\",\"name\":\"MERAKI\",\"url\":\"https:\/\/digilago.es\/mugun\/\",\"logo\":{\"@type\":\"ImageObject\",\"inLanguage\":\"es\",\"@id\":\"https:\/\/digilago.es\/mugun\/#\/schema\/logo\/image\/\",\"url\":\"https:\/\/digilago.es\/mugun\/wp-content\/uploads\/sites\/5\/2024\/01\/cropped-cropped-Logo-blanco-sin-nombre.png\",\"contentUrl\":\"https:\/\/digilago.es\/mugun\/wp-content\/uploads\/sites\/5\/2024\/01\/cropped-cropped-Logo-blanco-sin-nombre.png\",\"width\":184,\"height\":166,\"caption\":\"MERAKI\"},\"image\":{\"@id\":\"https:\/\/digilago.es\/mugun\/#\/schema\/logo\/image\/\"}}]}<\/script>\n<!-- \/ Yoast SEO plugin. -->","yoast_head_json":{"title":"ETUDE \u2013 Fixing Tint - MERAKI","robots":{"index":"index","follow":"follow","max-snippet":"max-snippet:-1","max-image-preview":"max-image-preview:large","max-video-preview":"max-video-preview:-1"},"canonical":"https:\/\/digilago.es\/mugun\/producto\/fixing-tint\/","og_locale":"es_ES","og_type":"article","og_title":"ETUDE \u2013 Fixing Tint - MERAKI","og_description":"Tinte labial hidratante, ligero, \u00a1de larga duraci\u00f3n e intransferibles! Su f\u00f3rmula mate se absorbe c\u00f3modamente en los labios logrando un acabado lleno de color. Disponible en cinco colores.  Contenido: 4 gr","og_url":"https:\/\/digilago.es\/mugun\/producto\/fixing-tint\/","og_site_name":"MERAKI","article_modified_time":"2024-01-10T18:57:14+00:00","og_image":[{"width":1000,"height":1000,"url":"https:\/\/digilago.es\/mugun\/wp-content\/uploads\/sites\/5\/2023\/12\/sub9.jpg","type":"image\/jpeg"}],"twitter_card":"summary_large_image","twitter_misc":{"Tiempo de lectura":"1 minuto"},"schema":{"@context":"https:\/\/schema.org","@graph":[{"@type":"WebPage","@id":"https:\/\/digilago.es\/mugun\/producto\/fixing-tint\/","url":"https:\/\/digilago.es\/mugun\/producto\/fixing-tint\/","name":"ETUDE \u2013 Fixing Tint - MERAKI","isPartOf":{"@id":"https:\/\/digilago.es\/mugun\/#website"},"primaryImageOfPage":{"@id":"https:\/\/digilago.es\/mugun\/producto\/fixing-tint\/#primaryimage"},"image":{"@id":"https:\/\/digilago.es\/mugun\/producto\/fixing-tint\/#primaryimage"},"thumbnailUrl":"https:\/\/digilago.es\/mugun\/wp-content\/uploads\/sites\/5\/2023\/12\/sub9.jpg","datePublished":"2023-12-12T19:26:56+00:00","dateModified":"2024-01-10T18:57:14+00:00","breadcrumb":{"@id":"https:\/\/digilago.es\/mugun\/producto\/fixing-tint\/#breadcrumb"},"inLanguage":"es","potentialAction":[{"@type":"ReadAction","target":["https:\/\/digilago.es\/mugun\/producto\/fixing-tint\/"]}]},{"@type":"ImageObject","inLanguage":"es","@id":"https:\/\/digilago.es\/mugun\/producto\/fixing-tint\/#primaryimage","url":"https:\/\/digilago.es\/mugun\/wp-content\/uploads\/sites\/5\/2023\/12\/sub9.jpg","contentUrl":"https:\/\/digilago.es\/mugun\/wp-content\/uploads\/sites\/5\/2023\/12\/sub9.jpg","width":1000,"height":1000},{"@type":"BreadcrumbList","@id":"https:\/\/digilago.es\/mugun\/producto\/fixing-tint\/#breadcrumb","itemListElement":[{"@type":"ListItem","position":1,"name":"Portada","item":"https:\/\/digilago.es\/mugun\/"},{"@type":"ListItem","position":2,"name":"Todos los productos","item":"https:\/\/digilago.es\/mugun\/shop\/"},{"@type":"ListItem","position":3,"name":"ETUDE \u2013 Fixing Tint"}]},{"@type":"WebSite","@id":"https:\/\/digilago.es\/mugun\/#website","url":"https:\/\/digilago.es\/mugun\/","name":"MERAKI","description":"Otro sitio m\u00e1s de DIGILAGO proyectos de negocio alumnos","publisher":{"@id":"https:\/\/digilago.es\/mugun\/#organization"},"potentialAction":[{"@type":"SearchAction","target":{"@type":"EntryPoint","urlTemplate":"https:\/\/digilago.es\/mugun\/?s={search_term_string}"},"query-input":{"@type":"PropertyValueSpecification","valueRequired":true,"valueName":"search_term_string"}}],"inLanguage":"es"},{"@type":"Organization","@id":"https:\/\/digilago.es\/mugun\/#organization","name":"MERAKI","url":"https:\/\/digilago.es\/mugun\/","logo":{"@type":"ImageObject","inLanguage":"es","@id":"https:\/\/digilago.es\/mugun\/#\/schema\/logo\/image\/","url":"https:\/\/digilago.es\/mugun\/wp-content\/uploads\/sites\/5\/2024\/01\/cropped-cropped-Logo-blanco-sin-nombre.png","contentUrl":"https:\/\/digilago.es\/mugun\/wp-content\/uploads\/sites\/5\/2024\/01\/cropped-cropped-Logo-blanco-sin-nombre.png","width":184,"height":166,"caption":"MERAKI"},"image":{"@id":"https:\/\/digilago.es\/mugun\/#\/schema\/logo\/image\/"}}]}},"_links":{"self":[{"href":"https:\/\/digilago.es\/mugun\/wp-json\/wp\/v2\/product\/4944","targetHints":{"allow":["GET"]}}],"collection":[{"href":"https:\/\/digilago.es\/mugun\/wp-json\/wp\/v2\/product"}],"about":[{"href":"https:\/\/digilago.es\/mugun\/wp-json\/wp\/v2\/types\/product"}],"replies":[{"embeddable":true,"href":"https:\/\/digilago.es\/mugun\/wp-json\/wp\/v2\/comments?post=4944"}],"wp:featuredmedia":[{"embeddable":true,"href":"https:\/\/digilago.es\/mugun\/wp-json\/wp\/v2\/media\/4945"}],"wp:attachment":[{"href":"https:\/\/digilago.es\/mugun\/wp-json\/wp\/v2\/media?parent=4944"}],"wp:term":[{"taxonomy":"product_brand","embeddable":true,"href":"https:\/\/digilago.es\/mugun\/wp-json\/wp\/v2\/product_brand?post=4944"},{"taxonomy":"product_cat","embeddable":true,"href":"https:\/\/digilago.es\/mugun\/wp-json\/wp\/v2\/product_cat?post=4944"},{"taxonomy":"product_tag","embeddable":true,"href":"https:\/\/digilago.es\/mugun\/wp-json\/wp\/v2\/product_tag?post=4944"}],"curies":[{"name":"wp","href":"https:\/\/api.w.org\/{rel}","templated":true}]}}