{"id":4513,"date":"2022-05-28T17:22:38","date_gmt":"2022-05-28T17:22:38","guid":{"rendered":"https:\/\/digilago.es\/mugun\/?post_type=product&#038;p=4513"},"modified":"2022-05-31T08:55:37","modified_gmt":"2022-05-31T08:55:37","slug":"30-days-miracle-starter-pack","status":"publish","type":"product","link":"https:\/\/digilago.es\/mugun\/producto\/30-days-miracle-starter-pack\/","title":{"rendered":"SOME BY MI 30 Days Miracle Starter Pack"},"content":{"rendered":"<p><strong>Modo de uso:\u00a0<\/strong><\/p>\n<ul>\n<li><span style=\"font-weight: 400\"><strong>Jab\u00f3n<\/strong>: Humedece la piel con agua tibia. Moja tambi\u00e9n el limpiador s\u00f3lido con agua: si lo humedeces este jab\u00f3n s\u00f3lido con agua un poquito m\u00e1s caliente se deslizar\u00e1 mejor sobre la piel. Aplica directamente la pastilla sobre el cuerpo o rostro, evitando el contorno de los ojos y zonas irritadas, dejando una fina capa de producto que utilizar.<\/span><\/li>\n<li><span style=\"font-weight: 400\"><b>T\u00f3nico: <\/b>Extiende\u00a0una peque\u00f1a cantidad del t\u00f3nico en tus dedos y esp\u00e1rcelo sobre el rostro dando peque\u00f1os toquecitos. \u00a1Evita arrastrar el producto!<\/span><\/li>\n<li><span style=\"font-weight: 400\"><strong>S\u00e9rum<\/strong>: Vierte la cantidad de dos <\/span><i><span style=\"font-weight: 400\">pumps<\/span><\/i><span style=\"font-weight: 400\"> del s\u00e9rum sobre la palma de las manos y apl\u00edcala, a toquecitos, sobre el rostro, cuello y escote. Presiona bien las palmas para ayudar a que el producto penetre mejor y se absorba m\u00e1s r\u00e1pidamente.<\/span><\/li>\n<li><span style=\"font-weight: 400\"><b>Crema:<\/b> Extiende la cantidad de crema suficiente para hidratar el rostro, cuello y escote. Masajea el producto con movimientos ascendentes hasta que se absorba. Espera un minuto a aplicar el siguiente producto.<\/span><\/li>\n<\/ul>\n<ol>\n<li><span style=\"font-weight: 400\"> Aceite limpiador<\/span><span style=\"font-weight: 400\"><br \/>\n<\/span><span style=\"font-weight: 400\">2. <strong>Jab\u00f3n<\/strong><\/span><span style=\"font-weight: 400\"><br \/>\n<\/span><span style=\"font-weight: 400\">3. Exfoliante<\/span><span style=\"font-weight: 400\"><br \/>\n<\/span><strong>4. T\u00f3nico<\/strong><span style=\"font-weight: 400\"><br \/>\n<\/span><span style=\"font-weight: 400\">5. Mascarilla<\/span><span style=\"font-weight: 400\"><br \/>\n<\/span><span style=\"font-weight: 400\">6. Esencia<\/span><span style=\"font-weight: 400\"><br \/>\n<\/span><strong>7. Serum<\/strong><span style=\"font-weight: 400\"><br \/>\n<\/span><span style=\"font-weight: 400\">8. Crema para ojos<\/span><span style=\"font-weight: 400\"><br \/>\n<\/span><b>9. Crema o loci\u00f3n<\/b><b><br \/>\n<\/b><span style=\"font-weight: 400\">10. Sleeping pack, protector solar, BB cream o almohadilla<\/span><\/li>\n<\/ol>\n<p><strong>Ingredientes:<\/strong><\/p>\n<p><strong>JAB\u00d3N<\/strong><\/p>\n<p><span style=\"font-weight: 400\">LAURIC ACID, SODIUM STEARATE, SAPONIFIED PALM OIL, SODIUM LAURATE, SODIUM MYRISTATE, STEARIC ACID, GLYCERIN, SORBITOL, LAURAMIDOPROPYL BETAINE, SODIUM HYALURONATE, NIACINAMIDE, CHLORELLA VULGARIS (DERMOCHLORELLA ALGAE) POWDER, TRITICUM VULGARE (WHEAT) SPROUT POWDER, MELALEUCA ALTERNIFOLIA (TEA TREE) EXTRACT, HOUTTUYNIA CORDATA EXTRACT, GLYCYRRHIZA GLABRA (LICORICE) ROOT EXTRACT, LEONTOPODIUM ALPINUM (EDELWEISS) EXTRACT, OLEA EUROPAEA (OLIVE) FRUIT OIL, ARGANIA SPINOSA (ARGAN) OIL, CAMELLIA SINENSIS (GREEN TEA) SEED OIL, HYDROLYZED ADANSONIA DIGITATA (BAOBAB) EXTRACT, SALIX ALBA (WHITE WILLOW) BARK EXTRACT, CENTELLA ASIATICA (GOTU KOLA) EXTRACT, PYRUS MALUS (APPLE) FRUIT EXTRACT, CITRUS LIMON (LEMON) FRUIT EXTRACT, CITRUS AURANTIUM DULCIS (ORANGE) FRUIT EXTRACT, BETULA PLATYPHYLLA JAPONICA BARK EXTRACT, HYDROLYZED POTATO PROTEIN, HYDROLYZED WHEAT PROTEIN, HYDROLYZED RICE PROTEIN, HYDROLYZED OAT PROTEIN, LACTOBIONIC ACID, MELALEUCA ALTERNIFOLIA (TEA TREE) LEAF OIL, TETRASODIUM EDTA<\/span><\/p>\n<p><strong>TONICO<\/strong><\/p>\n<p><span style=\"font-weight: 400\">LAURIC ACID, SODIUM STEARATE, SAPONIFIED PALM OIL, SODIUM LAURATE, SODIUM MYRISTATE, STEARIC ACID, GLYCERIN, SORBITOL, LAURAMIDOPROPYL BETAINE, SODIUM HYALURONATE, NIACINAMIDE, CHLORELLA VULGARIS (DERMOCHLORELLA ALGAE) POWDER, TRITICUM VULGARE (WHEAT) SPROUT POWDER, MELALEUCA ALTERNIFOLIA (TEA TREE) EXTRACT, HOUTTUYNIA CORDATA EXTRACT, GLYCYRRHIZA GLABRA (LICORICE) ROOT EXTRACT, LEONTOPODIUM ALPINUM (EDELWEISS) EXTRACT, OLEA EUROPAEA (OLIVE) FRUIT OIL, ARGANIA SPINOSA (ARGAN) OIL, CAMELLIA SINENSIS (GREEN TEA) SEED OIL, HYDROLYZED ADANSONIA DIGITATA (BAOBAB) EXTRACT, SALIX ALBA (WHITE WILLOW) BARK EXTRACT, CENTELLA ASIATICA (GOTU KOLA) EXTRACT, PYRUS MALUS (APPLE) FRUIT EXTRACT, CITRUS LIMON (LEMON) FRUIT EXTRACT, CITRUS AURANTIUM DULCIS (ORANGE) FRUIT EXTRACT, BETULA PLATYPHYLLA JAPONICA BARK EXTRACT, HYDROLYZED POTATO PROTEIN, HYDROLYZED WHEAT PROTEIN, HYDROLYZED RICE PROTEIN, HYDROLYZED OAT PROTEIN, LACTOBIONIC ACID, MELALEUCA ALTERNIFOLIA (TEA TREE) LEAF OIL, TETRASODIUM EDTA [TONER] WATER, BUTYLENE GLYCOL, DIPROPYLENE GLYCOL, GLYCERIN, NIACINAMIDE, MELALEUCA ALTERNIFOLIA (TEA TREE) LEAF EXTRACT (10,000PPM), POLYGLYCERYL-4 CAPRATE, CARICA PAPAYA (PAPAYA) FRUIT EXTRACT, LENS ESCULENTA (LENTIL) SEED EXTRACT, HAMAMELIS VIRGINIANA (WITCH HAZEL) EXTRACT, NELUMBO NUCIFERA (SACRED LOTUS) FLOWER EXTRACT, SWIFTLET NEST EXTRACT, SODIUM HYALURONATE, FRUCTAN, ALLANTOIN, ADENOSINE, HYDROXYETHYL UREA, XYLITOL, SALICYLIC ACID (100PPM), LACTOBIONIC ACID (100PPM), CITRIC ACID (500PPM), SODIUM CITRATE, 1,2-HEXANEDIOL, BENZYL GLYCOL, ETHYLHEXYLGLYCERIN, RASPBERRY KETONE, MENTHA PIPERITA (PEPPERMINT) OIL [SERUM] WATER, CENTELLA ASIATICA (GOTU KOLA) EXTRACT (14,77%), CETYL ETHYLHEXANOATE, CAPRYLIC\/CAPRIC TRIGLYCERIDE, GLYCERIN, OLEA EUROPAEA (OLIVE) FRUIT OIL, PROPANEDIOL, ALCOHOL, BUTYLENE GLYCOL, 1,2-HEXANEDIOL, NIACINAMIDE, MELALEUCA ALTERNIFOLIA (TEA TREE) LEAF WATER (10,000PPM), SEED OIL, SODIUM CHLORIDE, CITRUS PARADISI (GRAPEFRUIT) PEEL OIL, CITRUS AURANTIUM DULCIS (ORANGE) PEEL OIL, CURCUMA LONGA (TURMERIC) ROOT EXTRACT, MELIA AZADIRACHTA (NEEM) LEAF EXTRACT, MELIA AZADIRACHTA (NEEM) FLOWER EXTRACT, XANTHAN GUM, PELARGONIUM GRAVEOLENS (GERANIUM) FLOWER OIL, BOSWELLIA CARTERII (FRANKINCENSE) OIL, MELIA AZADIRACHTA BARK EXTRACT, PEARL POWDER, AMYRIS BALSAMIFERA (WEST INDIAN ROSEWOOD) BARK OIL, MORINGA OLEIFERA SEED OIL, OCIMUM SANCTUM LEAF EXTRACT, OCIMUM BASILICUM (BASIL) FLOWER\/LEAF EXTRACT, DISODIUM EDTA, CAPRYLYL GLYCOL, ETHYLHEXYLGLYCERIN [CREAM] CENTELLA ASIATICA (GOTU KOLA) EXTRACT (70.78%), DIPROPYLENE GLYCOL, GLYCERIN, WATER, NIACINAMIDE, CAPRYLIC\/CAPRIC TRIGLYCERIDE, CETYL ETHYLHEXANOATE, MELALEUCA ALTERNIFOLIA (TEA TREE) LEAF EXTRACT (10,000PPM), CHOLESTERYL\/BEHENYL\/OCTYLDODECYL LAUROYL GLUTAMATE, MELIA AZADIRACHTA (NEEM) LEAF EXTRACT, MELIA AZADIRACHTA (NEEM) FLOWER EXTRACT, COCCINIA INDICA (IVY GOURD) FRUIT EXTRACT, SOLANUM MELONGENA (EGGPLANT) FRUIT EXTRACT, ALOE BARBADENSIS (ALOE VERA) FLOWER EXTRACT, OCIMUM SANCTUM LEAF EXTRACT, CURCUMA LONGA (TURMERIC) ROOT EXTRACT, CORALLINA OFFICINALIS EXTRACT, CALENDULA OFFICINALIS (POT MARIGOLD) FLOWER EXTRACT, CAMELLIA SINENSIS (GREEN TEA) LEAF EXTRACT, LAVANDULA ANGUSTIFOLIA (LAVENDER) EXTRACT, ROSMARINUS OFFICINALIS (ROSEMARY) EXTRACT, ORIGANUM VULGARE FLOWER\/LEAF\/STEM EXTRACT, THYMUS VULGARIS (THYME) EXTRACT, FRUCTAN, ALBATRELLUS OVINUS EXTRACT, SALIX ALBA (WILLOW) BARK EXTRACT, ENANTIA CHLORANTHA BARK EXTRACT.<\/span><\/p>\n<p><strong>SERUM<\/strong><\/p>\n<p><span style=\"font-weight: 400\">CAMELLIA SINENSIS (GREEN TEA) LEAF EXTRACT, SCUTELLARIA BAICALENSIS (BAIKAL SKULLCAP) ROOT EXTRACT, POLYGONUM CUSPIDATUM (JAPANESE KNOTWEED) ROOT EXTRACT, GLYCYRRHIZA GLABRA (LICORICE) ROOT EXTRACT, CHAMOMILLA RECUTITA (MATRICARIA) FLOWER EXTRACT, ROSMARINUS OFFICINALIS (ROSEMARY) LEAF EXTRACT, SODIUM LACTATE (18,375PPB), SODIUM PCA (7,875PPB), CITRIC ACID (7,875PPB), LACTIC ACID (3,150PPB), MALIC ACID (3,150PPB), GLYCOLIC ACID (3,150PPB), PYRUVIC ACID (525PPB), TARTARIC ACID (10.5PPB), GAULTHERIA PROCUMBENS (WINTERGREEN) LEAF EXTRACT (105PPM), LACTOBIONIC ACID (105PPM), PENTYLENE GLYCOL, VACCINIUM MACROCARPON (CRANBERRY) FRUIT EXTRACT, LAVANDULA ANGUSTIFOLIA (LAVENDER) EXTRACT, OCIMUM BASILICUM (BASIL) LEAF EXTRACT, SYRINGA VULGARIS (LILAC) EXTRACT, HOUTTUYNIA CORDATA (TSI) EXTRACT, ANGELICA KEISKEI EXTRACT, ALTHAEA OFFICINALIS (MARSHMALLOW) ROOT EXTRACT, ROSMARINUS OFFICINALIS (ROSEMARY) EXTRACT, MADECASSOSIDE, CAMELLIA OLEIFERA (TEA-OIL CAMELLIA) SEED OIL, ORYZA SATIVA (RICE) BRAN OIL, CAMELLIA SINENSIS (GREEN TEA) SEED OIL, ROSA CANINA (DOG ROSE) FRUIT OIL, PRUNUS AMYGDALUS DULCIS (SWEET ALMOND) OIL, LIMNANTHES ALBA (MEADOWFOAM)<\/span><\/p>\n<p><strong>CREMA<\/strong><\/p>\n<p><span style=\"font-weight: 400\">LENS ESCULENTA (LENTIL) SEED EXTRACT, HAMAMELIS VIRGINIANA (WITCH HAZEL) EXTRACT, HOUTTUYNIA CORDATA (TSI) EXTRACT, COPTIS JAPONICA EXTRACT, SACCHARIDE ISOMERATE, SODIUM HYALURONATE, BUTYLENE GLYCOL, PROPANEDIOL, BETAINE, ALLANTOIN, MADECASSOSIDE, MADECASSIC ACID, ASIATICOSIDE, ASIATIC ACID, ADENOSINE, CERAMIDE NP, OLEANOLIC ACID, CAPRYLOYL SALICYLIC ACID (100PPM), INULIN LAURYL CARBAMATE, POLYGLYCERYL-3 METHYLGLUCOSE DISTEARATE, CETEARYL GLUCOSIDE, SORBITAN OLIVATE, CETEARYL ALCOHOL, LACTOBIONIC ACID (100PPM), CITRIC ACID (11PPM), AMMONIUM ACRYLOYLDIMETHYLTAURATE\/VP COPOLYMER, 1,2-HEXANEDIOL, BENZYL GLYCOL, ETHYLHEXYLGLYCERIN, RASPBERRY KETONE, DISODIUM EDTA, CITRUS AURANTIUM DULCIS (ORANGE) OIL<\/span><\/p>\n","protected":false},"excerpt":{"rendered":"<p>\u00bfTienes problemas de acn\u00e9, piel grasa o sientes que tu piel podr\u00eda\u00a0 recuperarse m\u00e1s r\u00e1pido? 30 Days Miracle Starter Kit es tu soluci\u00f3n en 4 pasos para tener una piel m\u00e1s sana, luminosa y resistente gracias a sus ingredientes de origen natural, libres de colorantes artificiales y agentes qu\u00edmicos activos, que ofrecer\u00e1n a tu piel una limpieza profunda.<\/p>\n","protected":false},"featured_media":4516,"comment_status":"open","ping_status":"closed","template":"","meta":{"site-sidebar-layout":"default","site-content-layout":"default","ast-site-content-layout":"default","site-content-style":"default","site-sidebar-style":"default","ast-global-header-display":"","ast-banner-title-visibility":"","ast-main-header-display":"","ast-hfb-above-header-display":"","ast-hfb-below-header-display":"","ast-hfb-mobile-header-display":"","site-post-title":"","ast-breadcrumbs-content":"","ast-featured-img":"","footer-sml-layout":"","ast-disable-related-posts":"","theme-transparent-header-meta":"default","adv-header-id-meta":"","stick-header-meta":"","header-above-stick-meta":"","header-main-stick-meta":"","header-below-stick-meta":"","astra-migrate-meta-layouts":"default","ast-page-background-enabled":"default","ast-page-background-meta":{"desktop":{"background-color":"var(--ast-global-color-4)","background-image":"","background-repeat":"repeat","background-position":"center center","background-size":"auto","background-attachment":"scroll","background-type":"","background-media":"","overlay-type":"","overlay-color":"","overlay-opacity":"","overlay-gradient":""},"tablet":{"background-color":"","background-image":"","background-repeat":"repeat","background-position":"center center","background-size":"auto","background-attachment":"scroll","background-type":"","background-media":"","overlay-type":"","overlay-color":"","overlay-opacity":"","overlay-gradient":""},"mobile":{"background-color":"","background-image":"","background-repeat":"repeat","background-position":"center center","background-size":"auto","background-attachment":"scroll","background-type":"","background-media":"","overlay-type":"","overlay-color":"","overlay-opacity":"","overlay-gradient":""}},"ast-content-background-meta":{"desktop":{"background-color":"var(--ast-global-color-5)","background-image":"","background-repeat":"repeat","background-position":"center center","background-size":"auto","background-attachment":"scroll","background-type":"","background-media":"","overlay-type":"","overlay-color":"","overlay-opacity":"","overlay-gradient":""},"tablet":{"background-color":"var(--ast-global-color-5)","background-image":"","background-repeat":"repeat","background-position":"center center","background-size":"auto","background-attachment":"scroll","background-type":"","background-media":"","overlay-type":"","overlay-color":"","overlay-opacity":"","overlay-gradient":""},"mobile":{"background-color":"var(--ast-global-color-5)","background-image":"","background-repeat":"repeat","background-position":"center center","background-size":"auto","background-attachment":"scroll","background-type":"","background-media":"","overlay-type":"","overlay-color":"","overlay-opacity":"","overlay-gradient":""}}},"product_brand":[],"product_cat":[44,29,45,47,61],"product_tag":[],"class_list":{"0":"post-4513","1":"product","2":"type-product","3":"status-publish","4":"has-post-thumbnail","6":"product_cat-pack","7":"product_cat-pieles","8":"product_cat-piel-con-acne","9":"product_cat-piel-grasa","10":"product_cat-piel-mixta","11":"desktop-align-center","12":"tablet-align-left","13":"mobile-align-left","15":"first","16":"instock","17":"sale","18":"shipping-taxable","19":"purchasable","20":"product-type-simple"},"yoast_head":"<!-- This site is optimized with the Yoast SEO plugin v26.8 - https:\/\/yoast.com\/product\/yoast-seo-wordpress\/ -->\n<title>SOME BY MI 30 Days Miracle Starter Pack - MERAKI<\/title>\n<meta name=\"robots\" content=\"index, follow, max-snippet:-1, max-image-preview:large, max-video-preview:-1\" \/>\n<link rel=\"canonical\" href=\"https:\/\/digilago.es\/mugun\/producto\/30-days-miracle-starter-pack\/\" \/>\n<meta property=\"og:locale\" content=\"es_ES\" \/>\n<meta property=\"og:type\" content=\"article\" \/>\n<meta property=\"og:title\" content=\"SOME BY MI 30 Days Miracle Starter Pack - MERAKI\" \/>\n<meta property=\"og:description\" content=\"\u00bfTienes problemas de acn\u00e9, piel grasa o sientes que tu piel podr\u00eda\u00a0 recuperarse m\u00e1s r\u00e1pido? 30 Days Miracle Starter Kit es tu soluci\u00f3n en 4 pasos para tener una piel m\u00e1s sana, luminosa y resistente gracias a sus ingredientes de origen natural, libres de colorantes artificiales y agentes qu\u00edmicos activos, que ofrecer\u00e1n a tu piel una limpieza profunda.\" \/>\n<meta property=\"og:url\" content=\"https:\/\/digilago.es\/mugun\/producto\/30-days-miracle-starter-pack\/\" \/>\n<meta property=\"og:site_name\" content=\"MERAKI\" \/>\n<meta property=\"article:modified_time\" content=\"2022-05-31T08:55:37+00:00\" \/>\n<meta property=\"og:image\" content=\"https:\/\/digilago.es\/mugun\/wp-content\/uploads\/sites\/5\/2022\/05\/5eeb6fd4db491.jpg\" \/>\n\t<meta property=\"og:image:width\" content=\"600\" \/>\n\t<meta property=\"og:image:height\" content=\"600\" \/>\n\t<meta property=\"og:image:type\" content=\"image\/jpeg\" \/>\n<meta name=\"twitter:card\" content=\"summary_large_image\" \/>\n<meta name=\"twitter:label1\" content=\"Tiempo de lectura\" \/>\n\t<meta name=\"twitter:data1\" content=\"5 minutos\" \/>\n<script type=\"application\/ld+json\" class=\"yoast-schema-graph\">{\"@context\":\"https:\/\/schema.org\",\"@graph\":[{\"@type\":\"WebPage\",\"@id\":\"https:\/\/digilago.es\/mugun\/producto\/30-days-miracle-starter-pack\/\",\"url\":\"https:\/\/digilago.es\/mugun\/producto\/30-days-miracle-starter-pack\/\",\"name\":\"SOME BY MI 30 Days Miracle Starter Pack - MERAKI\",\"isPartOf\":{\"@id\":\"https:\/\/digilago.es\/mugun\/#website\"},\"primaryImageOfPage\":{\"@id\":\"https:\/\/digilago.es\/mugun\/producto\/30-days-miracle-starter-pack\/#primaryimage\"},\"image\":{\"@id\":\"https:\/\/digilago.es\/mugun\/producto\/30-days-miracle-starter-pack\/#primaryimage\"},\"thumbnailUrl\":\"https:\/\/digilago.es\/mugun\/wp-content\/uploads\/sites\/5\/2022\/05\/5eeb6fd4db491.jpg\",\"datePublished\":\"2022-05-28T17:22:38+00:00\",\"dateModified\":\"2022-05-31T08:55:37+00:00\",\"breadcrumb\":{\"@id\":\"https:\/\/digilago.es\/mugun\/producto\/30-days-miracle-starter-pack\/#breadcrumb\"},\"inLanguage\":\"es\",\"potentialAction\":[{\"@type\":\"ReadAction\",\"target\":[\"https:\/\/digilago.es\/mugun\/producto\/30-days-miracle-starter-pack\/\"]}]},{\"@type\":\"ImageObject\",\"inLanguage\":\"es\",\"@id\":\"https:\/\/digilago.es\/mugun\/producto\/30-days-miracle-starter-pack\/#primaryimage\",\"url\":\"https:\/\/digilago.es\/mugun\/wp-content\/uploads\/sites\/5\/2022\/05\/5eeb6fd4db491.jpg\",\"contentUrl\":\"https:\/\/digilago.es\/mugun\/wp-content\/uploads\/sites\/5\/2022\/05\/5eeb6fd4db491.jpg\",\"width\":600,\"height\":600},{\"@type\":\"BreadcrumbList\",\"@id\":\"https:\/\/digilago.es\/mugun\/producto\/30-days-miracle-starter-pack\/#breadcrumb\",\"itemListElement\":[{\"@type\":\"ListItem\",\"position\":1,\"name\":\"Portada\",\"item\":\"https:\/\/digilago.es\/mugun\/\"},{\"@type\":\"ListItem\",\"position\":2,\"name\":\"Todos los productos\",\"item\":\"https:\/\/digilago.es\/mugun\/shop\/\"},{\"@type\":\"ListItem\",\"position\":3,\"name\":\"SOME BY MI 30 Days Miracle Starter Pack\"}]},{\"@type\":\"WebSite\",\"@id\":\"https:\/\/digilago.es\/mugun\/#website\",\"url\":\"https:\/\/digilago.es\/mugun\/\",\"name\":\"MERAKI\",\"description\":\"Otro sitio m\u00e1s de DIGILAGO proyectos de negocio alumnos\",\"publisher\":{\"@id\":\"https:\/\/digilago.es\/mugun\/#organization\"},\"potentialAction\":[{\"@type\":\"SearchAction\",\"target\":{\"@type\":\"EntryPoint\",\"urlTemplate\":\"https:\/\/digilago.es\/mugun\/?s={search_term_string}\"},\"query-input\":{\"@type\":\"PropertyValueSpecification\",\"valueRequired\":true,\"valueName\":\"search_term_string\"}}],\"inLanguage\":\"es\"},{\"@type\":\"Organization\",\"@id\":\"https:\/\/digilago.es\/mugun\/#organization\",\"name\":\"MERAKI\",\"url\":\"https:\/\/digilago.es\/mugun\/\",\"logo\":{\"@type\":\"ImageObject\",\"inLanguage\":\"es\",\"@id\":\"https:\/\/digilago.es\/mugun\/#\/schema\/logo\/image\/\",\"url\":\"https:\/\/digilago.es\/mugun\/wp-content\/uploads\/sites\/5\/2024\/01\/cropped-cropped-Logo-blanco-sin-nombre.png\",\"contentUrl\":\"https:\/\/digilago.es\/mugun\/wp-content\/uploads\/sites\/5\/2024\/01\/cropped-cropped-Logo-blanco-sin-nombre.png\",\"width\":184,\"height\":166,\"caption\":\"MERAKI\"},\"image\":{\"@id\":\"https:\/\/digilago.es\/mugun\/#\/schema\/logo\/image\/\"}}]}<\/script>\n<!-- \/ Yoast SEO plugin. -->","yoast_head_json":{"title":"SOME BY MI 30 Days Miracle Starter Pack - MERAKI","robots":{"index":"index","follow":"follow","max-snippet":"max-snippet:-1","max-image-preview":"max-image-preview:large","max-video-preview":"max-video-preview:-1"},"canonical":"https:\/\/digilago.es\/mugun\/producto\/30-days-miracle-starter-pack\/","og_locale":"es_ES","og_type":"article","og_title":"SOME BY MI 30 Days Miracle Starter Pack - MERAKI","og_description":"\u00bfTienes problemas de acn\u00e9, piel grasa o sientes que tu piel podr\u00eda\u00a0 recuperarse m\u00e1s r\u00e1pido? 30 Days Miracle Starter Kit es tu soluci\u00f3n en 4 pasos para tener una piel m\u00e1s sana, luminosa y resistente gracias a sus ingredientes de origen natural, libres de colorantes artificiales y agentes qu\u00edmicos activos, que ofrecer\u00e1n a tu piel una limpieza profunda.","og_url":"https:\/\/digilago.es\/mugun\/producto\/30-days-miracle-starter-pack\/","og_site_name":"MERAKI","article_modified_time":"2022-05-31T08:55:37+00:00","og_image":[{"width":600,"height":600,"url":"https:\/\/digilago.es\/mugun\/wp-content\/uploads\/sites\/5\/2022\/05\/5eeb6fd4db491.jpg","type":"image\/jpeg"}],"twitter_card":"summary_large_image","twitter_misc":{"Tiempo de lectura":"5 minutos"},"schema":{"@context":"https:\/\/schema.org","@graph":[{"@type":"WebPage","@id":"https:\/\/digilago.es\/mugun\/producto\/30-days-miracle-starter-pack\/","url":"https:\/\/digilago.es\/mugun\/producto\/30-days-miracle-starter-pack\/","name":"SOME BY MI 30 Days Miracle Starter Pack - MERAKI","isPartOf":{"@id":"https:\/\/digilago.es\/mugun\/#website"},"primaryImageOfPage":{"@id":"https:\/\/digilago.es\/mugun\/producto\/30-days-miracle-starter-pack\/#primaryimage"},"image":{"@id":"https:\/\/digilago.es\/mugun\/producto\/30-days-miracle-starter-pack\/#primaryimage"},"thumbnailUrl":"https:\/\/digilago.es\/mugun\/wp-content\/uploads\/sites\/5\/2022\/05\/5eeb6fd4db491.jpg","datePublished":"2022-05-28T17:22:38+00:00","dateModified":"2022-05-31T08:55:37+00:00","breadcrumb":{"@id":"https:\/\/digilago.es\/mugun\/producto\/30-days-miracle-starter-pack\/#breadcrumb"},"inLanguage":"es","potentialAction":[{"@type":"ReadAction","target":["https:\/\/digilago.es\/mugun\/producto\/30-days-miracle-starter-pack\/"]}]},{"@type":"ImageObject","inLanguage":"es","@id":"https:\/\/digilago.es\/mugun\/producto\/30-days-miracle-starter-pack\/#primaryimage","url":"https:\/\/digilago.es\/mugun\/wp-content\/uploads\/sites\/5\/2022\/05\/5eeb6fd4db491.jpg","contentUrl":"https:\/\/digilago.es\/mugun\/wp-content\/uploads\/sites\/5\/2022\/05\/5eeb6fd4db491.jpg","width":600,"height":600},{"@type":"BreadcrumbList","@id":"https:\/\/digilago.es\/mugun\/producto\/30-days-miracle-starter-pack\/#breadcrumb","itemListElement":[{"@type":"ListItem","position":1,"name":"Portada","item":"https:\/\/digilago.es\/mugun\/"},{"@type":"ListItem","position":2,"name":"Todos los productos","item":"https:\/\/digilago.es\/mugun\/shop\/"},{"@type":"ListItem","position":3,"name":"SOME BY MI 30 Days Miracle Starter Pack"}]},{"@type":"WebSite","@id":"https:\/\/digilago.es\/mugun\/#website","url":"https:\/\/digilago.es\/mugun\/","name":"MERAKI","description":"Otro sitio m\u00e1s de DIGILAGO proyectos de negocio alumnos","publisher":{"@id":"https:\/\/digilago.es\/mugun\/#organization"},"potentialAction":[{"@type":"SearchAction","target":{"@type":"EntryPoint","urlTemplate":"https:\/\/digilago.es\/mugun\/?s={search_term_string}"},"query-input":{"@type":"PropertyValueSpecification","valueRequired":true,"valueName":"search_term_string"}}],"inLanguage":"es"},{"@type":"Organization","@id":"https:\/\/digilago.es\/mugun\/#organization","name":"MERAKI","url":"https:\/\/digilago.es\/mugun\/","logo":{"@type":"ImageObject","inLanguage":"es","@id":"https:\/\/digilago.es\/mugun\/#\/schema\/logo\/image\/","url":"https:\/\/digilago.es\/mugun\/wp-content\/uploads\/sites\/5\/2024\/01\/cropped-cropped-Logo-blanco-sin-nombre.png","contentUrl":"https:\/\/digilago.es\/mugun\/wp-content\/uploads\/sites\/5\/2024\/01\/cropped-cropped-Logo-blanco-sin-nombre.png","width":184,"height":166,"caption":"MERAKI"},"image":{"@id":"https:\/\/digilago.es\/mugun\/#\/schema\/logo\/image\/"}}]}},"_links":{"self":[{"href":"https:\/\/digilago.es\/mugun\/wp-json\/wp\/v2\/product\/4513","targetHints":{"allow":["GET"]}}],"collection":[{"href":"https:\/\/digilago.es\/mugun\/wp-json\/wp\/v2\/product"}],"about":[{"href":"https:\/\/digilago.es\/mugun\/wp-json\/wp\/v2\/types\/product"}],"replies":[{"embeddable":true,"href":"https:\/\/digilago.es\/mugun\/wp-json\/wp\/v2\/comments?post=4513"}],"wp:featuredmedia":[{"embeddable":true,"href":"https:\/\/digilago.es\/mugun\/wp-json\/wp\/v2\/media\/4516"}],"wp:attachment":[{"href":"https:\/\/digilago.es\/mugun\/wp-json\/wp\/v2\/media?parent=4513"}],"wp:term":[{"taxonomy":"product_brand","embeddable":true,"href":"https:\/\/digilago.es\/mugun\/wp-json\/wp\/v2\/product_brand?post=4513"},{"taxonomy":"product_cat","embeddable":true,"href":"https:\/\/digilago.es\/mugun\/wp-json\/wp\/v2\/product_cat?post=4513"},{"taxonomy":"product_tag","embeddable":true,"href":"https:\/\/digilago.es\/mugun\/wp-json\/wp\/v2\/product_tag?post=4513"}],"curies":[{"name":"wp","href":"https:\/\/api.w.org\/{rel}","templated":true}]}}