{"id":4490,"date":"2022-05-28T16:33:05","date_gmt":"2022-05-28T16:33:05","guid":{"rendered":"https:\/\/digilago.es\/mugun\/?post_type=product&#038;p=4490"},"modified":"2022-05-31T07:44:07","modified_gmt":"2022-05-31T07:44:07","slug":"etude-soon-jung-pack","status":"publish","type":"product","link":"https:\/\/digilago.es\/mugun\/producto\/etude-soon-jung-pack\/","title":{"rendered":"ETUDE Soon Jung Pack"},"content":{"rendered":"<p><strong>Modo de uso:<\/strong><\/p>\n<ul>\n<li><span style=\"font-weight: 400\"><strong>T\u00f3nico:<\/strong> Extiende una peque\u00f1a cantidad del t\u00f3nico en tus dedos y esp\u00e1rcelo sobre el rostro dando peque\u00f1os toquecitos. \u00a1Evita arrastrar el producto!\u00a0<\/span><\/li>\n<li><strong>Crema<\/strong><span style=\"font-weight: 400\">: <\/span><span style=\"font-weight: 400\">Extiende la cantidad de crema suficiente para hidratar el rostro, cuello y escote. Masajea el producto con movimientos ascendentes hasta que se absorba. Espera un minuto a aplicar el siguiente producto.<\/span><\/li>\n<li><strong>Desmaquillante: <\/strong><span style=\"font-weight: 400\">Dispensa un <\/span><i><span style=\"font-weight: 400\">pump<\/span><\/i><span style=\"font-weight: 400\"> de producto en los dedos y masaj\u00e9alo en tu rostro suavemente. Insiste en las zonas en las que lleves m\u00e1s maquillaje y tengas m\u00e1s puntos negros. Retira el producto con agua templada.<\/span><\/li>\n<\/ul>\n<ol>\n<li><span style=\"font-weight: 400\">Aceite limpiador<\/span><span style=\"font-weight: 400\"><br \/>\n<\/span><b>2. Limpiador a base de agua<\/b><b><br \/>\n<\/b><span style=\"font-weight: 400\">3. Exfoliante<\/span><span style=\"font-weight: 400\"><br \/>\n<\/span><b>4. T\u00f3nico<\/b><b><br \/>\n<\/b><span style=\"font-weight: 400\">5. Mascarilla<\/span><span style=\"font-weight: 400\"><br \/>\n<\/span><span style=\"font-weight: 400\">6. Esencia<\/span><span style=\"font-weight: 400\"><br \/>\n<\/span><span style=\"font-weight: 400\">7. Serum<\/span><span style=\"font-weight: 400\"><br \/>\n<\/span><span style=\"font-weight: 400\">8. Crema para ojos<\/span><span style=\"font-weight: 400\"><br \/>\n<\/span><b>9. Crema o loci\u00f3n<\/b><span style=\"font-weight: 400\"><br \/>\n<\/span><span style=\"font-weight: 400\">10. Sleeping pack, protector solar, BB cream o almohadilla<\/span><\/li>\n<\/ol>\n<p><strong>Ingredientes:<\/strong><\/p>\n<p><strong>TONICO<\/strong><\/p>\n<p><span style=\"font-weight: 400\">AGUA PURIFICADA, PROPANEDIOL, GLICERINA, BETA\u00cdNA, PANTENOL, 1,2-HEXANODIOL, POLIGLICERINA-3, ETILHEXIL GLICERINA, IDTA DIS\u00d3DICO, CARB\u00d3MERO, MADECASS\u00d3SIDO, BUTILENGLICOL, EXTRACTO DE ORO, TOCOFEROL, EXTRACTO DE T\u00c9 VERDE<\/span><\/p>\n<p><strong>CREMA<\/strong><\/p>\n<p><span style=\"font-weight: 400\">AGUA, PROPANODIOL, PENTAERITRITIL TETRAETIL-HEXANOATO, TRIGLIC\u00c9RIDO CAPR\u00cdLICO\/C\u00c1PRICO, GLICERINA, ACEITE DE SEMILLA DE HELIANTHUS ANNUUS (GIRASOL), METILGLUCOSA DIESTEARATO DE POLIGLICERILO-3, MANTECA DE BUTYROSPERMUM PARKII (KARIT\u00c9), ALCOHOL CETEAR\u00cdLICO, PANTENOL, 1,2-HEXANODIOL, CARBOMER, GOMA XANTANA, HIDR\u00d3XIDO DE POTASIO, AETD DIS\u00d3DICO, MADECAS\u00d3SIDO, GLICOL DE BUTILENO, EXTRACTO DE HOJA DE CAMELLIA SINENSIS.<\/span><\/p>\n<p><strong>DESMAQUILLANTE<\/strong><\/p>\n<p><span style=\"font-weight: 400\">AGUA, ISODODECANO, DIPROPILENGLICOL, MALATO DE DIISOESTEARILO, PROPANODIOL, CLORURO DE SODIO, 1,2-HEXANODIOL, CITRATO DE SODIO, GLUC\u00d3SIDO DE CAPRILILO\/CAPRILO, ETILHEXILGLICERINA, EDTA DIS\u00d3DICO, \u00c1CIDO C\u00cdTRICO, PANTENOL, PENTILENGLICOL, MADECAS\u00d3SIDO<\/span><\/p>\n","protected":false},"excerpt":{"rendered":"<p><span style=\"font-weight: 400\">El pack perfecto para tener una piel de ensue\u00f1o. Cada producto est\u00e1 formulado <\/span><span style=\"font-weight: 400\">\u00a0<\/span><span style=\"font-weight: 400\">con un 93% de ingredientes naturales hipoalerg\u00e9nicos que reparan y sanean la <\/span><span style=\"font-weight: 400\">\u00a0<\/span><span style=\"font-weight: 400\">piel da\u00f1ada e irritada.<\/span><span style=\"font-weight: 400\">\u00a0<\/span><\/p>\n<p><span style=\"font-weight: 400\">Contienen pantenol, un compuesto relacionado con la vitamina B5 y<\/span><span style=\"font-weight: 400\">\u00a0 <\/span><span style=\"font-weight: 400\">madecassoisde, una mol\u00e9cula que viene de las hojas de Centella asi\u00e1tica o <\/span><span style=\"font-weight: 400\">\u00a0<\/span><span style=\"font-weight: 400\">\u201cHierba de tigre\u201d la cual produce un efecto anti-picor, anti-rojeces y anti descamaci\u00f3n para aliviar la piel sensible, at\u00f3pica y propensa a la psoriasis.<\/span><\/p>\n","protected":false},"featured_media":4491,"comment_status":"open","ping_status":"closed","template":"","meta":{"site-sidebar-layout":"default","site-content-layout":"default","ast-site-content-layout":"default","site-content-style":"default","site-sidebar-style":"default","ast-global-header-display":"","ast-banner-title-visibility":"","ast-main-header-display":"","ast-hfb-above-header-display":"","ast-hfb-below-header-display":"","ast-hfb-mobile-header-display":"","site-post-title":"","ast-breadcrumbs-content":"","ast-featured-img":"","footer-sml-layout":"","ast-disable-related-posts":"","theme-transparent-header-meta":"default","adv-header-id-meta":"","stick-header-meta":"","header-above-stick-meta":"","header-main-stick-meta":"","header-below-stick-meta":"","astra-migrate-meta-layouts":"default","ast-page-background-enabled":"default","ast-page-background-meta":{"desktop":{"background-color":"var(--ast-global-color-4)","background-image":"","background-repeat":"repeat","background-position":"center center","background-size":"auto","background-attachment":"scroll","background-type":"","background-media":"","overlay-type":"","overlay-color":"","overlay-opacity":"","overlay-gradient":""},"tablet":{"background-color":"","background-image":"","background-repeat":"repeat","background-position":"center center","background-size":"auto","background-attachment":"scroll","background-type":"","background-media":"","overlay-type":"","overlay-color":"","overlay-opacity":"","overlay-gradient":""},"mobile":{"background-color":"","background-image":"","background-repeat":"repeat","background-position":"center center","background-size":"auto","background-attachment":"scroll","background-type":"","background-media":"","overlay-type":"","overlay-color":"","overlay-opacity":"","overlay-gradient":""}},"ast-content-background-meta":{"desktop":{"background-color":"var(--ast-global-color-5)","background-image":"","background-repeat":"repeat","background-position":"center center","background-size":"auto","background-attachment":"scroll","background-type":"","background-media":"","overlay-type":"","overlay-color":"","overlay-opacity":"","overlay-gradient":""},"tablet":{"background-color":"var(--ast-global-color-5)","background-image":"","background-repeat":"repeat","background-position":"center center","background-size":"auto","background-attachment":"scroll","background-type":"","background-media":"","overlay-type":"","overlay-color":"","overlay-opacity":"","overlay-gradient":""},"mobile":{"background-color":"var(--ast-global-color-5)","background-image":"","background-repeat":"repeat","background-position":"center center","background-size":"auto","background-attachment":"scroll","background-type":"","background-media":"","overlay-type":"","overlay-color":"","overlay-opacity":"","overlay-gradient":""}}},"product_brand":[],"product_cat":[56,44,29,42,31],"product_tag":[],"class_list":{"0":"post-4490","1":"product","2":"type-product","3":"status-publish","4":"has-post-thumbnail","6":"product_cat-etude","7":"product_cat-pack","8":"product_cat-pieles","9":"product_cat-piel-seca","10":"product_cat-sensible","11":"desktop-align-center","12":"tablet-align-left","13":"mobile-align-left","15":"first","16":"instock","17":"featured","18":"shipping-taxable","19":"purchasable","20":"product-type-simple"},"yoast_head":"<!-- This site is optimized with the Yoast SEO plugin v26.8 - https:\/\/yoast.com\/product\/yoast-seo-wordpress\/ -->\n<title>ETUDE Soon Jung Pack - MERAKI<\/title>\n<meta name=\"robots\" content=\"index, follow, max-snippet:-1, max-image-preview:large, max-video-preview:-1\" \/>\n<link rel=\"canonical\" href=\"https:\/\/digilago.es\/mugun\/producto\/etude-soon-jung-pack\/\" \/>\n<meta property=\"og:locale\" content=\"es_ES\" \/>\n<meta property=\"og:type\" content=\"article\" \/>\n<meta property=\"og:title\" content=\"ETUDE Soon Jung Pack - MERAKI\" \/>\n<meta property=\"og:description\" content=\"El pack perfecto para tener una piel de ensue\u00f1o. Cada producto est\u00e1 formulado \u00a0con un 93% de ingredientes naturales hipoalerg\u00e9nicos que reparan y sanean la \u00a0piel da\u00f1ada e irritada.\u00a0  Contienen pantenol, un compuesto relacionado con la vitamina B5 y\u00a0 madecassoisde, una mol\u00e9cula que viene de las hojas de Centella asi\u00e1tica o \u00a0\u201cHierba de tigre\u201d la cual produce un efecto anti-picor, anti-rojeces y anti descamaci\u00f3n para aliviar la piel sensible, at\u00f3pica y propensa a la psoriasis.\" \/>\n<meta property=\"og:url\" content=\"https:\/\/digilago.es\/mugun\/producto\/etude-soon-jung-pack\/\" \/>\n<meta property=\"og:site_name\" content=\"MERAKI\" \/>\n<meta property=\"article:modified_time\" content=\"2022-05-31T07:44:07+00:00\" \/>\n<meta property=\"og:image\" content=\"https:\/\/digilago.es\/mugun\/wp-content\/uploads\/sites\/5\/2022\/05\/a6ad52008f59db1816e8104519691f37.jpg\" \/>\n\t<meta property=\"og:image:width\" content=\"550\" \/>\n\t<meta property=\"og:image:height\" content=\"550\" \/>\n\t<meta property=\"og:image:type\" content=\"image\/jpeg\" \/>\n<meta name=\"twitter:card\" content=\"summary_large_image\" \/>\n<meta name=\"twitter:label1\" content=\"Tiempo de lectura\" \/>\n\t<meta name=\"twitter:data1\" content=\"1 minuto\" \/>\n<script type=\"application\/ld+json\" class=\"yoast-schema-graph\">{\"@context\":\"https:\/\/schema.org\",\"@graph\":[{\"@type\":\"WebPage\",\"@id\":\"https:\/\/digilago.es\/mugun\/producto\/etude-soon-jung-pack\/\",\"url\":\"https:\/\/digilago.es\/mugun\/producto\/etude-soon-jung-pack\/\",\"name\":\"ETUDE Soon Jung Pack - MERAKI\",\"isPartOf\":{\"@id\":\"https:\/\/digilago.es\/mugun\/#website\"},\"primaryImageOfPage\":{\"@id\":\"https:\/\/digilago.es\/mugun\/producto\/etude-soon-jung-pack\/#primaryimage\"},\"image\":{\"@id\":\"https:\/\/digilago.es\/mugun\/producto\/etude-soon-jung-pack\/#primaryimage\"},\"thumbnailUrl\":\"https:\/\/digilago.es\/mugun\/wp-content\/uploads\/sites\/5\/2022\/05\/a6ad52008f59db1816e8104519691f37.jpg\",\"datePublished\":\"2022-05-28T16:33:05+00:00\",\"dateModified\":\"2022-05-31T07:44:07+00:00\",\"breadcrumb\":{\"@id\":\"https:\/\/digilago.es\/mugun\/producto\/etude-soon-jung-pack\/#breadcrumb\"},\"inLanguage\":\"es\",\"potentialAction\":[{\"@type\":\"ReadAction\",\"target\":[\"https:\/\/digilago.es\/mugun\/producto\/etude-soon-jung-pack\/\"]}]},{\"@type\":\"ImageObject\",\"inLanguage\":\"es\",\"@id\":\"https:\/\/digilago.es\/mugun\/producto\/etude-soon-jung-pack\/#primaryimage\",\"url\":\"https:\/\/digilago.es\/mugun\/wp-content\/uploads\/sites\/5\/2022\/05\/a6ad52008f59db1816e8104519691f37.jpg\",\"contentUrl\":\"https:\/\/digilago.es\/mugun\/wp-content\/uploads\/sites\/5\/2022\/05\/a6ad52008f59db1816e8104519691f37.jpg\",\"width\":550,\"height\":550},{\"@type\":\"BreadcrumbList\",\"@id\":\"https:\/\/digilago.es\/mugun\/producto\/etude-soon-jung-pack\/#breadcrumb\",\"itemListElement\":[{\"@type\":\"ListItem\",\"position\":1,\"name\":\"Portada\",\"item\":\"https:\/\/digilago.es\/mugun\/\"},{\"@type\":\"ListItem\",\"position\":2,\"name\":\"Todos los productos\",\"item\":\"https:\/\/digilago.es\/mugun\/shop\/\"},{\"@type\":\"ListItem\",\"position\":3,\"name\":\"ETUDE Soon Jung Pack\"}]},{\"@type\":\"WebSite\",\"@id\":\"https:\/\/digilago.es\/mugun\/#website\",\"url\":\"https:\/\/digilago.es\/mugun\/\",\"name\":\"MERAKI\",\"description\":\"Otro sitio m\u00e1s de DIGILAGO proyectos de negocio alumnos\",\"publisher\":{\"@id\":\"https:\/\/digilago.es\/mugun\/#organization\"},\"potentialAction\":[{\"@type\":\"SearchAction\",\"target\":{\"@type\":\"EntryPoint\",\"urlTemplate\":\"https:\/\/digilago.es\/mugun\/?s={search_term_string}\"},\"query-input\":{\"@type\":\"PropertyValueSpecification\",\"valueRequired\":true,\"valueName\":\"search_term_string\"}}],\"inLanguage\":\"es\"},{\"@type\":\"Organization\",\"@id\":\"https:\/\/digilago.es\/mugun\/#organization\",\"name\":\"MERAKI\",\"url\":\"https:\/\/digilago.es\/mugun\/\",\"logo\":{\"@type\":\"ImageObject\",\"inLanguage\":\"es\",\"@id\":\"https:\/\/digilago.es\/mugun\/#\/schema\/logo\/image\/\",\"url\":\"https:\/\/digilago.es\/mugun\/wp-content\/uploads\/sites\/5\/2024\/01\/cropped-cropped-Logo-blanco-sin-nombre.png\",\"contentUrl\":\"https:\/\/digilago.es\/mugun\/wp-content\/uploads\/sites\/5\/2024\/01\/cropped-cropped-Logo-blanco-sin-nombre.png\",\"width\":184,\"height\":166,\"caption\":\"MERAKI\"},\"image\":{\"@id\":\"https:\/\/digilago.es\/mugun\/#\/schema\/logo\/image\/\"}}]}<\/script>\n<!-- \/ Yoast SEO plugin. -->","yoast_head_json":{"title":"ETUDE Soon Jung Pack - MERAKI","robots":{"index":"index","follow":"follow","max-snippet":"max-snippet:-1","max-image-preview":"max-image-preview:large","max-video-preview":"max-video-preview:-1"},"canonical":"https:\/\/digilago.es\/mugun\/producto\/etude-soon-jung-pack\/","og_locale":"es_ES","og_type":"article","og_title":"ETUDE Soon Jung Pack - MERAKI","og_description":"El pack perfecto para tener una piel de ensue\u00f1o. Cada producto est\u00e1 formulado \u00a0con un 93% de ingredientes naturales hipoalerg\u00e9nicos que reparan y sanean la \u00a0piel da\u00f1ada e irritada.\u00a0  Contienen pantenol, un compuesto relacionado con la vitamina B5 y\u00a0 madecassoisde, una mol\u00e9cula que viene de las hojas de Centella asi\u00e1tica o \u00a0\u201cHierba de tigre\u201d la cual produce un efecto anti-picor, anti-rojeces y anti descamaci\u00f3n para aliviar la piel sensible, at\u00f3pica y propensa a la psoriasis.","og_url":"https:\/\/digilago.es\/mugun\/producto\/etude-soon-jung-pack\/","og_site_name":"MERAKI","article_modified_time":"2022-05-31T07:44:07+00:00","og_image":[{"width":550,"height":550,"url":"https:\/\/digilago.es\/mugun\/wp-content\/uploads\/sites\/5\/2022\/05\/a6ad52008f59db1816e8104519691f37.jpg","type":"image\/jpeg"}],"twitter_card":"summary_large_image","twitter_misc":{"Tiempo de lectura":"1 minuto"},"schema":{"@context":"https:\/\/schema.org","@graph":[{"@type":"WebPage","@id":"https:\/\/digilago.es\/mugun\/producto\/etude-soon-jung-pack\/","url":"https:\/\/digilago.es\/mugun\/producto\/etude-soon-jung-pack\/","name":"ETUDE Soon Jung Pack - MERAKI","isPartOf":{"@id":"https:\/\/digilago.es\/mugun\/#website"},"primaryImageOfPage":{"@id":"https:\/\/digilago.es\/mugun\/producto\/etude-soon-jung-pack\/#primaryimage"},"image":{"@id":"https:\/\/digilago.es\/mugun\/producto\/etude-soon-jung-pack\/#primaryimage"},"thumbnailUrl":"https:\/\/digilago.es\/mugun\/wp-content\/uploads\/sites\/5\/2022\/05\/a6ad52008f59db1816e8104519691f37.jpg","datePublished":"2022-05-28T16:33:05+00:00","dateModified":"2022-05-31T07:44:07+00:00","breadcrumb":{"@id":"https:\/\/digilago.es\/mugun\/producto\/etude-soon-jung-pack\/#breadcrumb"},"inLanguage":"es","potentialAction":[{"@type":"ReadAction","target":["https:\/\/digilago.es\/mugun\/producto\/etude-soon-jung-pack\/"]}]},{"@type":"ImageObject","inLanguage":"es","@id":"https:\/\/digilago.es\/mugun\/producto\/etude-soon-jung-pack\/#primaryimage","url":"https:\/\/digilago.es\/mugun\/wp-content\/uploads\/sites\/5\/2022\/05\/a6ad52008f59db1816e8104519691f37.jpg","contentUrl":"https:\/\/digilago.es\/mugun\/wp-content\/uploads\/sites\/5\/2022\/05\/a6ad52008f59db1816e8104519691f37.jpg","width":550,"height":550},{"@type":"BreadcrumbList","@id":"https:\/\/digilago.es\/mugun\/producto\/etude-soon-jung-pack\/#breadcrumb","itemListElement":[{"@type":"ListItem","position":1,"name":"Portada","item":"https:\/\/digilago.es\/mugun\/"},{"@type":"ListItem","position":2,"name":"Todos los productos","item":"https:\/\/digilago.es\/mugun\/shop\/"},{"@type":"ListItem","position":3,"name":"ETUDE Soon Jung Pack"}]},{"@type":"WebSite","@id":"https:\/\/digilago.es\/mugun\/#website","url":"https:\/\/digilago.es\/mugun\/","name":"MERAKI","description":"Otro sitio m\u00e1s de DIGILAGO proyectos de negocio alumnos","publisher":{"@id":"https:\/\/digilago.es\/mugun\/#organization"},"potentialAction":[{"@type":"SearchAction","target":{"@type":"EntryPoint","urlTemplate":"https:\/\/digilago.es\/mugun\/?s={search_term_string}"},"query-input":{"@type":"PropertyValueSpecification","valueRequired":true,"valueName":"search_term_string"}}],"inLanguage":"es"},{"@type":"Organization","@id":"https:\/\/digilago.es\/mugun\/#organization","name":"MERAKI","url":"https:\/\/digilago.es\/mugun\/","logo":{"@type":"ImageObject","inLanguage":"es","@id":"https:\/\/digilago.es\/mugun\/#\/schema\/logo\/image\/","url":"https:\/\/digilago.es\/mugun\/wp-content\/uploads\/sites\/5\/2024\/01\/cropped-cropped-Logo-blanco-sin-nombre.png","contentUrl":"https:\/\/digilago.es\/mugun\/wp-content\/uploads\/sites\/5\/2024\/01\/cropped-cropped-Logo-blanco-sin-nombre.png","width":184,"height":166,"caption":"MERAKI"},"image":{"@id":"https:\/\/digilago.es\/mugun\/#\/schema\/logo\/image\/"}}]}},"_links":{"self":[{"href":"https:\/\/digilago.es\/mugun\/wp-json\/wp\/v2\/product\/4490","targetHints":{"allow":["GET"]}}],"collection":[{"href":"https:\/\/digilago.es\/mugun\/wp-json\/wp\/v2\/product"}],"about":[{"href":"https:\/\/digilago.es\/mugun\/wp-json\/wp\/v2\/types\/product"}],"replies":[{"embeddable":true,"href":"https:\/\/digilago.es\/mugun\/wp-json\/wp\/v2\/comments?post=4490"}],"wp:featuredmedia":[{"embeddable":true,"href":"https:\/\/digilago.es\/mugun\/wp-json\/wp\/v2\/media\/4491"}],"wp:attachment":[{"href":"https:\/\/digilago.es\/mugun\/wp-json\/wp\/v2\/media?parent=4490"}],"wp:term":[{"taxonomy":"product_brand","embeddable":true,"href":"https:\/\/digilago.es\/mugun\/wp-json\/wp\/v2\/product_brand?post=4490"},{"taxonomy":"product_cat","embeddable":true,"href":"https:\/\/digilago.es\/mugun\/wp-json\/wp\/v2\/product_cat?post=4490"},{"taxonomy":"product_tag","embeddable":true,"href":"https:\/\/digilago.es\/mugun\/wp-json\/wp\/v2\/product_tag?post=4490"}],"curies":[{"name":"wp","href":"https:\/\/api.w.org\/{rel}","templated":true}]}}