{"id":4449,"date":"2022-05-28T14:46:39","date_gmt":"2022-05-28T14:46:39","guid":{"rendered":"https:\/\/digilago.es\/mugun\/?post_type=product&#038;p=4449"},"modified":"2022-05-31T07:46:49","modified_gmt":"2022-05-31T07:46:49","slug":"im-from-rice-pack","status":"publish","type":"product","link":"https:\/\/digilago.es\/mugun\/producto\/im-from-rice-pack\/","title":{"rendered":"IM FROM Rice Pack"},"content":{"rendered":"<p><strong>Modo de uso:\u00a0<\/strong><\/p>\n<ul>\n<li><span style=\"font-weight: 400\"><strong>Mascarilla<\/strong> : Extiende una cantidad generosa de la mascarilla nocturna en todo el rostro. Puedes aplicarla tras tu crema hidratante nocturna habitual, o usarla sola tras tu s\u00e9rum.<\/span><\/li>\n<li><span style=\"font-weight: 400\"><strong>S\u00e9rum:<\/strong> Vierte la cantidad de dos <\/span><i><span style=\"font-weight: 400\">pumps<\/span><\/i><span style=\"font-weight: 400\"> del s\u00e9rum sobre la palma de las manos y apl\u00edcala, a toquecitos, sobre el rostro, cuello y escote. Presiona bien las palmas para ayudar a que el producto penetre mejor y se absorba m\u00e1s r\u00e1pidamente.<\/span><\/li>\n<li><strong>Crema: <\/strong><span style=\"font-weight: 400\">Extiende la cantidad de crema suficiente para hidratar el rostro, cuello y escote. Masajea el producto con movimientos ascendentes hasta que se absorba. Espera un minuto a aplicar el siguiente producto.<\/span><\/li>\n<li><span style=\"font-weight: 400\"><strong>T\u00f3nico<\/strong>: Extiende una peque\u00f1a cantidad del t\u00f3nico en tus dedos y esp\u00e1rcelo sobre el rostro dando peque\u00f1os toquecitos. \u00a1Evita arrastrar el producto!\u00a0<\/span><\/li>\n<\/ul>\n<ol>\n<li><span style=\"font-weight: 400\">Aceite limpiador<\/span><span style=\"font-weight: 400\"><br \/>\n<\/span><span style=\"font-weight: 400\">2. Limpiador a base de agua<\/span><span style=\"font-weight: 400\"><br \/>\n<\/span><span style=\"font-weight: 400\">3. Exfoliante<\/span><span style=\"font-weight: 400\"><br \/>\n<\/span><b>4. T\u00f3nico<\/b><b><br \/>\n<\/b><b>5. Mascarilla<\/b><span style=\"font-weight: 400\"><br \/>\n<\/span><span style=\"font-weight: 400\">6. Esencia<\/span><span style=\"font-weight: 400\"><br \/>\n<\/span><b>7. Serum<\/b><b><br \/>\n<\/b><span style=\"font-weight: 400\">8. Crema para ojos<\/span><span style=\"font-weight: 400\"><br \/>\n<\/span><b>9. Crema o loci\u00f3n<\/b><b><br \/>\n<\/b><span style=\"font-weight: 400\">10. Sleeping pack, protector solar, BB cream o almohadilla<\/span><\/li>\n<\/ol>\n<p><strong>Ingredientes:<\/strong><\/p>\n<p><strong>TONICO<\/strong><\/p>\n<p><span style=\"font-weight: 400\">EXTRACTO DE ARROZ, METILPROPANODIOL, TRIETILHEXANO\u00cdNA, POLI (OLEFINA C6-14) HIDROGENADA, NIACINAMIDA, PENTILENGLICOL, EXTRACTO DE VERDOLAGA COM\u00daN, EXTRACTO DE SALVADO DE ARROZ, EXTRACTO DE CORTEZA DE OLMO JAPON\u00c9S, EXTRACTO DE SEMILLA DE AMARANTHUS CAUDATUS, LECITINA HIDROGENADA, AGUA DESTILADA, POLIGLICERIL-10-MIRISTATO , BUTILENGLICOL, ADENOSINA, GOMA DE CELULOSA, ETILHEXILGLICERINA, 1,2-HEXANODIOL<\/span><\/p>\n<p><strong>SERUM<\/strong><\/p>\n<p><span style=\"font-weight: 400\">FILTRADO DE EXTRACTO DE FERMENTO DE GERMEN DE ARROZ\/ASPERGILLUS (73 %), PROPANODIOL, GLICERINA, METILPROPANODIOL, CICLOPENTASILOXANO, NIACINAMIDA, CAPRILIL METICONA, AGUA (AQUA), CICLOHEXASILOXANO, 1,2-HEXANODIOL, ESCUALANO, BETA\u00cdNA, PARETH-12 C12-14, AMONIO COPOL\u00cdMERO DE ACRILOILDIMETILTAURATO\/VP, PANTENOL, POL\u00cdMERO CRUZADO DE ALQUILCETEARIL DIMETICONA C30-45, ETILHEXILGLICERINA, ALANTO\u00cdNA, \u00c1CIDO TRANEX\u00c1MICO, GOMA DE XANTANO, GLICIRRIZATO DE DIPOTASIO, ADENOSINA, EDTA DIS\u00d3DICO, PENTILENGLICOL, \u00c1CIDO HIALUR\u00d3NICO HIDROLIZADO, ALFA-GLUCANO OLIGOSAC\u00c1RIDO, HIALURONATO DE SODIO, MADECASSOSIDE, EXTRACTO DE PORTULACA OLERACEA, HIDROXIPROPIL CICLODEXTRINA, GLUTATI\u00d3N<\/span><\/p>\n<p><strong>CREMA<\/strong><\/p>\n<p><span style=\"font-weight: 400\">AGUA DE SALVADO DE ORYZA SATIVA (ARROZ), AGUA, GLICERINA, BUTILENGLICOL, ETILHEXANOATO DE CETILO, TETRAETILHEXANOATO DE PENTAERITRITILO, POLIISOBUTENO HIDROGENADO, CERA DE ABEJAS SINT\u00c9TICA, MANTEQUILLA DE BUTYROSPERMUM PARKII (KARIT\u00c9), DIESTEARATO DE POLIGLICERIL-3 METILGLUCOSA, VINILO DIMETICONA, PENTILENGLICOL, 1,2- HEXANODIOL, ALCOHOL BEHEN\u00cdLICO, ESTEARATO DE GLICERILO, COPOL\u00cdMERO DE ACRILOILDIMETILTAURATO\/VP DE AMONIO, BISABOLOL, OLIVATO DE CETEARILO, PANTENOL, OLIVATO DE SORBIT\u00c1N, CAPRILILGLICOL, ETILHEXILGLICERINA, GOMA XANTANA, ADENOSINA, DISUCCINATO DE ETILENDIAMINA TRIS\u00d3DICA, HIALURONATO DE SODIO, CERAMIDA NP, \u00c1CIDO HIALUR\u00d3NICO HIDROLIZADO, ORYZA SATIVA ACEITE DE SALVADO (ARROZ), TOCOFEROL, FITOESFINGOSINA, TRIGLIC\u00c9RIDO CAPR\u00cdLICO\/C\u00c1PRICO, LECITINA HIDROGENADA<\/span><\/p>\n<p><strong>MASCARILLA<\/strong><\/p>\n<p><span style=\"font-weight: 400\">AGUA, GLICERINA, GLICOL DE DIPROPILENO, ORYZA SATIVA (ARROZ) EN POLVO (41.000\u00a0PPM), CETEARIL ETILHEXANOATO, C\u00c1SCARA DE ORYZA SATIVA (ARROZ) EN POLVO (30.000\u00a0PPM), CERA DE ABEJA, 1,2-HEXANODIOL, \u00c1CIDO ESTE\u00c1RICO, MANTECA DE BUTYROSPERMUM PARKII (KARIT\u00c9), BETA\u00cdNA, ALCOHOL CET\u00cdLICO, POLIHIDROGENADO (OLEFINA C6-14), EXTRACTO DE SALVADO DE ORYZA SATIVA (ARROZ) (1000\u00a0PPM), EXTRACTO DE ORYZA SATIVA (ARROZ) (1000\u00a0PPM), EXTRACTO DE ALGAS, EXTRACTO DE HOJA DE ECLIPTA PROSTRATA, EXTRACTO DE GRANO DE AVENA SATIVA (AVENA), EXTRACTO DE PTERIS MULTIFIDA, EXTRACTO DE HOJA DE CYNARA SCOLYMUS (ALCACHOFA), EXTRACTO DE RA\u00cdZ DE ULMUS DAVIDIANA, EXTRACTO DE SEMILLA DE AMARANTHUS CAUDATUS, LECITINA HIDROGENADA, ACEITE DE GRANO DE ARGANIA SPINOSA, FILTRADO DE FERMENTO DE SACCHAROMYCES, POLIACRILATO DE SODIO, DIMETICONA, CICLOPENTASILOXANO, GOMA XANTANA, ESTEARATO DE SORBIT\u00c1N, ESTEARATO DE GLICERILO, SILICATO DE ALUMINIO Y MAGNESIO, METILPROPANODIOL, ALANTO\u00cdNA, ACETATO DE TOCOFERILO, GLICOL DE BUTILENO, AETD DIS\u00d3DICO, POLICUATERNIO-51, \u00c1CIDO HIALUR\u00d3NICO HIDROLIZADO, BETA-GLUCANO, ESCUALANO, POLIISOBUTENO HIDROGENADO, ALCOHOL, ISONONANOATO DE ISONONILO, ESTEARATO DE POLIGLICERILO-10, ALCOHOL CETEAR\u00cdLICO, DIPOLIHIDROXIESTEARATO DE POLIGLICERILO-2, FRUCTOOLIGOSAC\u00c1RIDOS, LECITINA, LAURILCARMABATO DE INULINA, ESTEAROIL GLUTAMATO DIS\u00d3DICO, PEG-100 ESTEARATO, FRAGANCIA, FENOXIETANOL, ETILHEXILGLICERINA.<\/span><\/p>\n","protected":false},"excerpt":{"rendered":"<p>El mejor pack para calmar las pieles irritadas, con ingredientes org\u00e1nicos y productos ricos en vitaminas B1 y B2. Contiene el secreto de toda Asia, el arroz, que te ayudar\u00e1 a blanquear y suavizar la piel para darle un aspecto de porcelana.<\/p>\n","protected":false},"featured_media":4452,"comment_status":"open","ping_status":"closed","template":"","meta":{"site-sidebar-layout":"default","site-content-layout":"default","ast-site-content-layout":"default","site-content-style":"default","site-sidebar-style":"default","ast-global-header-display":"","ast-banner-title-visibility":"","ast-main-header-display":"","ast-hfb-above-header-display":"","ast-hfb-below-header-display":"","ast-hfb-mobile-header-display":"","site-post-title":"","ast-breadcrumbs-content":"","ast-featured-img":"","footer-sml-layout":"","ast-disable-related-posts":"","theme-transparent-header-meta":"default","adv-header-id-meta":"","stick-header-meta":"","header-above-stick-meta":"","header-main-stick-meta":"","header-below-stick-meta":"","astra-migrate-meta-layouts":"default","ast-page-background-enabled":"default","ast-page-background-meta":{"desktop":{"background-color":"var(--ast-global-color-4)","background-image":"","background-repeat":"repeat","background-position":"center center","background-size":"auto","background-attachment":"scroll","background-type":"","background-media":"","overlay-type":"","overlay-color":"","overlay-opacity":"","overlay-gradient":""},"tablet":{"background-color":"","background-image":"","background-repeat":"repeat","background-position":"center center","background-size":"auto","background-attachment":"scroll","background-type":"","background-media":"","overlay-type":"","overlay-color":"","overlay-opacity":"","overlay-gradient":""},"mobile":{"background-color":"","background-image":"","background-repeat":"repeat","background-position":"center center","background-size":"auto","background-attachment":"scroll","background-type":"","background-media":"","overlay-type":"","overlay-color":"","overlay-opacity":"","overlay-gradient":""}},"ast-content-background-meta":{"desktop":{"background-color":"var(--ast-global-color-5)","background-image":"","background-repeat":"repeat","background-position":"center center","background-size":"auto","background-attachment":"scroll","background-type":"","background-media":"","overlay-type":"","overlay-color":"","overlay-opacity":"","overlay-gradient":""},"tablet":{"background-color":"var(--ast-global-color-5)","background-image":"","background-repeat":"repeat","background-position":"center center","background-size":"auto","background-attachment":"scroll","background-type":"","background-media":"","overlay-type":"","overlay-color":"","overlay-opacity":"","overlay-gradient":""},"mobile":{"background-color":"var(--ast-global-color-5)","background-image":"","background-repeat":"repeat","background-position":"center center","background-size":"auto","background-attachment":"scroll","background-type":"","background-media":"","overlay-type":"","overlay-color":"","overlay-opacity":"","overlay-gradient":""}}},"product_brand":[],"product_cat":[44,29,45,47,61,42,31],"product_tag":[],"class_list":{"0":"post-4449","1":"product","2":"type-product","3":"status-publish","4":"has-post-thumbnail","6":"product_cat-pack","7":"product_cat-pieles","8":"product_cat-piel-con-acne","9":"product_cat-piel-grasa","10":"product_cat-piel-mixta","11":"product_cat-piel-seca","12":"product_cat-sensible","13":"desktop-align-center","14":"tablet-align-left","15":"mobile-align-left","17":"first","18":"instock","19":"shipping-taxable","20":"purchasable","21":"product-type-simple"},"yoast_head":"<!-- This site is optimized with the Yoast SEO plugin v26.8 - https:\/\/yoast.com\/product\/yoast-seo-wordpress\/ -->\n<title>IM FROM Rice Pack - MERAKI<\/title>\n<meta name=\"robots\" content=\"index, follow, max-snippet:-1, max-image-preview:large, max-video-preview:-1\" \/>\n<link rel=\"canonical\" href=\"https:\/\/digilago.es\/mugun\/producto\/im-from-rice-pack\/\" \/>\n<meta property=\"og:locale\" content=\"es_ES\" \/>\n<meta property=\"og:type\" content=\"article\" \/>\n<meta property=\"og:title\" content=\"IM FROM Rice Pack - MERAKI\" \/>\n<meta property=\"og:description\" content=\"El mejor pack para calmar las pieles irritadas, con ingredientes org\u00e1nicos y productos ricos en vitaminas B1 y B2. Contiene el secreto de toda Asia, el arroz, que te ayudar\u00e1 a blanquear y suavizar la piel para darle un aspecto de porcelana.\" \/>\n<meta property=\"og:url\" content=\"https:\/\/digilago.es\/mugun\/producto\/im-from-rice-pack\/\" \/>\n<meta property=\"og:site_name\" content=\"MERAKI\" \/>\n<meta property=\"article:modified_time\" content=\"2022-05-31T07:46:49+00:00\" \/>\n<meta property=\"og:image\" content=\"https:\/\/digilago.es\/mugun\/wp-content\/uploads\/sites\/5\/2022\/05\/Rice-Healing-Package-thumbnail-04-concept1_2048x2048.webp\" \/>\n\t<meta property=\"og:image:width\" content=\"600\" \/>\n\t<meta property=\"og:image:height\" content=\"600\" \/>\n\t<meta property=\"og:image:type\" content=\"image\/webp\" \/>\n<meta name=\"twitter:card\" content=\"summary_large_image\" \/>\n<meta name=\"twitter:label1\" content=\"Tiempo de lectura\" \/>\n\t<meta name=\"twitter:data1\" content=\"3 minutos\" \/>\n<script type=\"application\/ld+json\" class=\"yoast-schema-graph\">{\"@context\":\"https:\/\/schema.org\",\"@graph\":[{\"@type\":\"WebPage\",\"@id\":\"https:\/\/digilago.es\/mugun\/producto\/im-from-rice-pack\/\",\"url\":\"https:\/\/digilago.es\/mugun\/producto\/im-from-rice-pack\/\",\"name\":\"IM FROM Rice Pack - MERAKI\",\"isPartOf\":{\"@id\":\"https:\/\/digilago.es\/mugun\/#website\"},\"primaryImageOfPage\":{\"@id\":\"https:\/\/digilago.es\/mugun\/producto\/im-from-rice-pack\/#primaryimage\"},\"image\":{\"@id\":\"https:\/\/digilago.es\/mugun\/producto\/im-from-rice-pack\/#primaryimage\"},\"thumbnailUrl\":\"https:\/\/digilago.es\/mugun\/wp-content\/uploads\/sites\/5\/2022\/05\/Rice-Healing-Package-thumbnail-04-concept1_2048x2048.webp\",\"datePublished\":\"2022-05-28T14:46:39+00:00\",\"dateModified\":\"2022-05-31T07:46:49+00:00\",\"breadcrumb\":{\"@id\":\"https:\/\/digilago.es\/mugun\/producto\/im-from-rice-pack\/#breadcrumb\"},\"inLanguage\":\"es\",\"potentialAction\":[{\"@type\":\"ReadAction\",\"target\":[\"https:\/\/digilago.es\/mugun\/producto\/im-from-rice-pack\/\"]}]},{\"@type\":\"ImageObject\",\"inLanguage\":\"es\",\"@id\":\"https:\/\/digilago.es\/mugun\/producto\/im-from-rice-pack\/#primaryimage\",\"url\":\"https:\/\/digilago.es\/mugun\/wp-content\/uploads\/sites\/5\/2022\/05\/Rice-Healing-Package-thumbnail-04-concept1_2048x2048.webp\",\"contentUrl\":\"https:\/\/digilago.es\/mugun\/wp-content\/uploads\/sites\/5\/2022\/05\/Rice-Healing-Package-thumbnail-04-concept1_2048x2048.webp\",\"width\":600,\"height\":600},{\"@type\":\"BreadcrumbList\",\"@id\":\"https:\/\/digilago.es\/mugun\/producto\/im-from-rice-pack\/#breadcrumb\",\"itemListElement\":[{\"@type\":\"ListItem\",\"position\":1,\"name\":\"Portada\",\"item\":\"https:\/\/digilago.es\/mugun\/\"},{\"@type\":\"ListItem\",\"position\":2,\"name\":\"Todos los productos\",\"item\":\"https:\/\/digilago.es\/mugun\/shop\/\"},{\"@type\":\"ListItem\",\"position\":3,\"name\":\"IM FROM Rice Pack\"}]},{\"@type\":\"WebSite\",\"@id\":\"https:\/\/digilago.es\/mugun\/#website\",\"url\":\"https:\/\/digilago.es\/mugun\/\",\"name\":\"MERAKI\",\"description\":\"Otro sitio m\u00e1s de DIGILAGO proyectos de negocio alumnos\",\"publisher\":{\"@id\":\"https:\/\/digilago.es\/mugun\/#organization\"},\"potentialAction\":[{\"@type\":\"SearchAction\",\"target\":{\"@type\":\"EntryPoint\",\"urlTemplate\":\"https:\/\/digilago.es\/mugun\/?s={search_term_string}\"},\"query-input\":{\"@type\":\"PropertyValueSpecification\",\"valueRequired\":true,\"valueName\":\"search_term_string\"}}],\"inLanguage\":\"es\"},{\"@type\":\"Organization\",\"@id\":\"https:\/\/digilago.es\/mugun\/#organization\",\"name\":\"MERAKI\",\"url\":\"https:\/\/digilago.es\/mugun\/\",\"logo\":{\"@type\":\"ImageObject\",\"inLanguage\":\"es\",\"@id\":\"https:\/\/digilago.es\/mugun\/#\/schema\/logo\/image\/\",\"url\":\"https:\/\/digilago.es\/mugun\/wp-content\/uploads\/sites\/5\/2024\/01\/cropped-cropped-Logo-blanco-sin-nombre.png\",\"contentUrl\":\"https:\/\/digilago.es\/mugun\/wp-content\/uploads\/sites\/5\/2024\/01\/cropped-cropped-Logo-blanco-sin-nombre.png\",\"width\":184,\"height\":166,\"caption\":\"MERAKI\"},\"image\":{\"@id\":\"https:\/\/digilago.es\/mugun\/#\/schema\/logo\/image\/\"}}]}<\/script>\n<!-- \/ Yoast SEO plugin. -->","yoast_head_json":{"title":"IM FROM Rice Pack - MERAKI","robots":{"index":"index","follow":"follow","max-snippet":"max-snippet:-1","max-image-preview":"max-image-preview:large","max-video-preview":"max-video-preview:-1"},"canonical":"https:\/\/digilago.es\/mugun\/producto\/im-from-rice-pack\/","og_locale":"es_ES","og_type":"article","og_title":"IM FROM Rice Pack - MERAKI","og_description":"El mejor pack para calmar las pieles irritadas, con ingredientes org\u00e1nicos y productos ricos en vitaminas B1 y B2. Contiene el secreto de toda Asia, el arroz, que te ayudar\u00e1 a blanquear y suavizar la piel para darle un aspecto de porcelana.","og_url":"https:\/\/digilago.es\/mugun\/producto\/im-from-rice-pack\/","og_site_name":"MERAKI","article_modified_time":"2022-05-31T07:46:49+00:00","og_image":[{"width":600,"height":600,"url":"https:\/\/digilago.es\/mugun\/wp-content\/uploads\/sites\/5\/2022\/05\/Rice-Healing-Package-thumbnail-04-concept1_2048x2048.webp","type":"image\/webp"}],"twitter_card":"summary_large_image","twitter_misc":{"Tiempo de lectura":"3 minutos"},"schema":{"@context":"https:\/\/schema.org","@graph":[{"@type":"WebPage","@id":"https:\/\/digilago.es\/mugun\/producto\/im-from-rice-pack\/","url":"https:\/\/digilago.es\/mugun\/producto\/im-from-rice-pack\/","name":"IM FROM Rice Pack - MERAKI","isPartOf":{"@id":"https:\/\/digilago.es\/mugun\/#website"},"primaryImageOfPage":{"@id":"https:\/\/digilago.es\/mugun\/producto\/im-from-rice-pack\/#primaryimage"},"image":{"@id":"https:\/\/digilago.es\/mugun\/producto\/im-from-rice-pack\/#primaryimage"},"thumbnailUrl":"https:\/\/digilago.es\/mugun\/wp-content\/uploads\/sites\/5\/2022\/05\/Rice-Healing-Package-thumbnail-04-concept1_2048x2048.webp","datePublished":"2022-05-28T14:46:39+00:00","dateModified":"2022-05-31T07:46:49+00:00","breadcrumb":{"@id":"https:\/\/digilago.es\/mugun\/producto\/im-from-rice-pack\/#breadcrumb"},"inLanguage":"es","potentialAction":[{"@type":"ReadAction","target":["https:\/\/digilago.es\/mugun\/producto\/im-from-rice-pack\/"]}]},{"@type":"ImageObject","inLanguage":"es","@id":"https:\/\/digilago.es\/mugun\/producto\/im-from-rice-pack\/#primaryimage","url":"https:\/\/digilago.es\/mugun\/wp-content\/uploads\/sites\/5\/2022\/05\/Rice-Healing-Package-thumbnail-04-concept1_2048x2048.webp","contentUrl":"https:\/\/digilago.es\/mugun\/wp-content\/uploads\/sites\/5\/2022\/05\/Rice-Healing-Package-thumbnail-04-concept1_2048x2048.webp","width":600,"height":600},{"@type":"BreadcrumbList","@id":"https:\/\/digilago.es\/mugun\/producto\/im-from-rice-pack\/#breadcrumb","itemListElement":[{"@type":"ListItem","position":1,"name":"Portada","item":"https:\/\/digilago.es\/mugun\/"},{"@type":"ListItem","position":2,"name":"Todos los productos","item":"https:\/\/digilago.es\/mugun\/shop\/"},{"@type":"ListItem","position":3,"name":"IM FROM Rice Pack"}]},{"@type":"WebSite","@id":"https:\/\/digilago.es\/mugun\/#website","url":"https:\/\/digilago.es\/mugun\/","name":"MERAKI","description":"Otro sitio m\u00e1s de DIGILAGO proyectos de negocio alumnos","publisher":{"@id":"https:\/\/digilago.es\/mugun\/#organization"},"potentialAction":[{"@type":"SearchAction","target":{"@type":"EntryPoint","urlTemplate":"https:\/\/digilago.es\/mugun\/?s={search_term_string}"},"query-input":{"@type":"PropertyValueSpecification","valueRequired":true,"valueName":"search_term_string"}}],"inLanguage":"es"},{"@type":"Organization","@id":"https:\/\/digilago.es\/mugun\/#organization","name":"MERAKI","url":"https:\/\/digilago.es\/mugun\/","logo":{"@type":"ImageObject","inLanguage":"es","@id":"https:\/\/digilago.es\/mugun\/#\/schema\/logo\/image\/","url":"https:\/\/digilago.es\/mugun\/wp-content\/uploads\/sites\/5\/2024\/01\/cropped-cropped-Logo-blanco-sin-nombre.png","contentUrl":"https:\/\/digilago.es\/mugun\/wp-content\/uploads\/sites\/5\/2024\/01\/cropped-cropped-Logo-blanco-sin-nombre.png","width":184,"height":166,"caption":"MERAKI"},"image":{"@id":"https:\/\/digilago.es\/mugun\/#\/schema\/logo\/image\/"}}]}},"_links":{"self":[{"href":"https:\/\/digilago.es\/mugun\/wp-json\/wp\/v2\/product\/4449","targetHints":{"allow":["GET"]}}],"collection":[{"href":"https:\/\/digilago.es\/mugun\/wp-json\/wp\/v2\/product"}],"about":[{"href":"https:\/\/digilago.es\/mugun\/wp-json\/wp\/v2\/types\/product"}],"replies":[{"embeddable":true,"href":"https:\/\/digilago.es\/mugun\/wp-json\/wp\/v2\/comments?post=4449"}],"wp:featuredmedia":[{"embeddable":true,"href":"https:\/\/digilago.es\/mugun\/wp-json\/wp\/v2\/media\/4452"}],"wp:attachment":[{"href":"https:\/\/digilago.es\/mugun\/wp-json\/wp\/v2\/media?parent=4449"}],"wp:term":[{"taxonomy":"product_brand","embeddable":true,"href":"https:\/\/digilago.es\/mugun\/wp-json\/wp\/v2\/product_brand?post=4449"},{"taxonomy":"product_cat","embeddable":true,"href":"https:\/\/digilago.es\/mugun\/wp-json\/wp\/v2\/product_cat?post=4449"},{"taxonomy":"product_tag","embeddable":true,"href":"https:\/\/digilago.es\/mugun\/wp-json\/wp\/v2\/product_tag?post=4449"}],"curies":[{"name":"wp","href":"https:\/\/api.w.org\/{rel}","templated":true}]}}