{"id":3982,"date":"2022-05-23T19:00:20","date_gmt":"2022-05-23T19:00:20","guid":{"rendered":"https:\/\/digilago.es\/mugun\/?post_type=product&#038;p=3982"},"modified":"2022-07-01T00:43:14","modified_gmt":"2022-07-01T00:43:14","slug":"laneige-pack","status":"publish","type":"product","link":"https:\/\/digilago.es\/mugun\/producto\/laneige-pack\/","title":{"rendered":"LANEIGE Cream Skin Pack"},"content":{"rendered":"<p><strong>Modo de uso:<\/strong><\/p>\n<ul>\n<li><span style=\"font-weight: 400\"><strong>Aceite limpiador<\/strong>: Dispensa un pump de producto en los dedos y masaj\u00e9alo en tu rostro suavemente. Insiste en las zonas en las que lleves m\u00e1s maquillaje y tengas m\u00e1s puntos negros. Retira el producto con agua templada .<\/span><\/li>\n<li><span style=\"font-weight: 400\"><strong>T\u00f3nico:<\/strong> Extiende una peque\u00f1a cantidad del t\u00f3nico en tus dedos y esp\u00e1rcelo sobre el rostro dando peque\u00f1os toquecitos. \u00a1Evita arrastrar el producto! <\/span><\/li>\n<li><span style=\"font-weight: 400\"><strong>Mist:<\/strong> Vaporiza la bruma por todo el rostro a una distancia de unos 20 o 30 cent\u00edmetros y deja que la piel la absorba. Puedes utilizarla incluso despu\u00e9s del maquillaje. Si lo prefieres&#8230; Tambi\u00e9n puedes utilizarla a modo de t\u00f3nico.<\/span><\/li>\n<li><span style=\"font-weight: 400\"><strong>Mascarilla :<\/strong> Extiende una cantidad generosa de la mascarilla nocturna en todo el rostro. Puedes aplicarla tras tu crema hidratante nocturna habitual, o usarla sola tras tu s\u00e9rum.<\/span><\/li>\n<\/ul>\n<ol>\n<li><strong> Aceite limpiador<\/strong><span style=\"font-weight: 400\"><br \/>\n<\/span><span style=\"font-weight: 400\">2. Limpiador a base de agua<\/span><span style=\"font-weight: 400\"><br \/>\n<\/span><span style=\"font-weight: 400\">3. Exfoliante<\/span><span style=\"font-weight: 400\"><br \/>\n<\/span><strong>4. T\u00f3nico<\/strong><span style=\"font-weight: 400\"><br \/>\n<\/span><strong>5. Mascarilla<\/strong><span style=\"font-weight: 400\"><br \/>\n<\/span><span style=\"font-weight: 400\">6. Esencia<\/span><span style=\"font-weight: 400\"><br \/>\n<\/span>7. S\u00e9rum<span style=\"font-weight: 400\"><br \/>\n<\/span><span style=\"font-weight: 400\">8. Crema para ojos<\/span><span style=\"font-weight: 400\"><br \/>\n<\/span>9. Crema o loci\u00f3n<br \/>\n<span style=\"font-weight: 400\">10. Sleeping pack, protector solar, BB cream o almohadilla<\/span><\/li>\n<\/ol>\n<p><strong>Ingredientes:<\/strong><\/p>\n<p><strong>ACEITE LIMPIADOR<\/strong><\/p>\n<p><span style=\"font-weight: 400\">WATER \/ AQUA \/ EAU, HYDROGENATED POLYISOBUTENE,TRIETHYLHEXANOIN, DIPROPYLENE GLYCOL, ISODODECANE,CAPRYLIC\/CAPRIC TRIGLYCERIDE, POLYGLYCERYL-3 DISTEARATE,1,2-HEXANEDIOL, C12-14 PARETH-12, GLYCERYL STEARATE, SODIUM STEAROYL GLUTAMATE, POLYACRYLATE CROSSPOLYMER-6,GLYCERYL STEARATE CITRATE, SIMMONDSIA CHINENSIS (JOJOBA)SEED OIL, LIMNANTHES ALBA (MEADOWFOAM) SEED OIL, XANTHAN GUM, CITRIC ACID, CAPRYLYL GLYCOL, ETHYLHEXYLGLYCERIN,DISODIUM EDTA, PROPANEDIOL, CAMELLIA SINENSIS LEAF EXTRACT,BUTYLENE GLYCOL, GLYCERYL CAPRYLATE, POLYGLYCERYL-10 STEARATE, GLYCERIN, INULIN LAURYL CARBAMATE, TOCOPHEROL<\/span><\/p>\n<p><strong>T\u00d3NICO<\/strong><\/p>\n<p><span style=\"font-weight: 400\">EAU, BUTYLENE GLYCOL, GLYCERIN, LIMNANTHES ALBA (MEADOWFOAM) SEED OIL, 1,2-HEXANEDIOL, POLYGLYCERYL-10 STEARATE, GLYCERYL STEARATE CITRATE, SODIUM STEAROYL GLUTAMATE, INULIN LAURYL CARBAMATE, GLYCERYL CAPRYLATE, ETHYLHEXYLGLYCERIN, PROPANEDIOL, DISODIUM EDTA, CAMELLIA SINENSIS LEAF EXTRACT, TOCOPHEROL<\/span><\/p>\n<p><strong>MIST<\/strong><\/p>\n<p><span style=\"font-weight: 400\">EAU, BUTYLENE GLYCOL, GLYCERIN, LIMNANTHES ALBA (MEADOWFOAM) SEED OIL, 1,2-HEXANEDIOL, POLYGLYCERYL-10 STEARATE, GLYCERYL STEARATE CITRATE, SODIUM STEAROYL GLUTAMATE, INULIN LAURYL CARBAMATE, GLYCERYL CAPRYLATE, ETHYLHEXYLGLYCERIN, PROPANEDIOL, DISODIUM EDTA, CAMELLIA SINENSIS LEAF EXTRACT, TOCOPHEROL<\/span><\/p>\n<p><strong>MASCARILLA<\/strong><\/p>\n<p><span style=\"font-weight: 400\">WATER \/ AQUA \/ EAU, PROPANEDIOL, CETYL ETHYLHEXANOATE, SQUALANE, HYDROGENATED POLY(C6-14 OLEFIN), GLYCERIN, PANTHENOL, CETEARYL ALCOHOL, BUTYROSPERMUM PARKII (SHEA) BUTTER, GLYCERYL STEARATE CITRATE, 1,2-HEXANEDIOL, POLYGLYCERYL-3 METHYLGLUCOSE DISTEARATE, POLYGLYCERYL-10 STEARATE, HYDROXYETHYL ACRYLATE\/SODIUM ACRYLOYLDIMETHYL TAURATE COPOLYMER, BUTYLENE GLYCOL, ACRYLATES\/C10-30 ALKYL ACRYLATE CROSSPOLYMER, GLYCERYL CAPRYLATE, ETHYLHEXYLGLYCERIN, DISODIUM EDTA, ASIATICOSIDE, MADECASSIC ACID, SORBITAN ISOSTEARATE, ASIATIC ACID, MELALEUCA ALTERNIFOLIA (TEA TREE) LEAF OIL, AUREOBASIDIUM PULLULANS FERMENT, CHAMAECYPARIS OBTUSA LEAF EXTRACT, CYMBOPOGON MARTINI OIL, TOCOPHEROL<\/span><\/p>\n","protected":false},"excerpt":{"rendered":"<p>El pack ideal para mimar a las pieles m\u00e1s sensibles, sin fragancias, colorantes y vegana.<br \/>\nContiene hojas de t\u00e9 blanco y amino\u00e1cidos para calmar y fortalecer la barrera de la piel. De r\u00e1pida absorci\u00f3n para que todo tipo de pieles se sientan c\u00f3modas.<\/p>\n","protected":false},"featured_media":4339,"comment_status":"open","ping_status":"closed","template":"","meta":{"site-sidebar-layout":"default","site-content-layout":"default","ast-site-content-layout":"default","site-content-style":"default","site-sidebar-style":"default","ast-global-header-display":"","ast-banner-title-visibility":"","ast-main-header-display":"","ast-hfb-above-header-display":"","ast-hfb-below-header-display":"","ast-hfb-mobile-header-display":"","site-post-title":"","ast-breadcrumbs-content":"","ast-featured-img":"","footer-sml-layout":"","ast-disable-related-posts":"","theme-transparent-header-meta":"default","adv-header-id-meta":"","stick-header-meta":"","header-above-stick-meta":"","header-main-stick-meta":"","header-below-stick-meta":"","astra-migrate-meta-layouts":"default","ast-page-background-enabled":"default","ast-page-background-meta":{"desktop":{"background-color":"var(--ast-global-color-4)","background-image":"","background-repeat":"repeat","background-position":"center center","background-size":"auto","background-attachment":"scroll","background-type":"","background-media":"","overlay-type":"","overlay-color":"","overlay-opacity":"","overlay-gradient":""},"tablet":{"background-color":"","background-image":"","background-repeat":"repeat","background-position":"center center","background-size":"auto","background-attachment":"scroll","background-type":"","background-media":"","overlay-type":"","overlay-color":"","overlay-opacity":"","overlay-gradient":""},"mobile":{"background-color":"","background-image":"","background-repeat":"repeat","background-position":"center center","background-size":"auto","background-attachment":"scroll","background-type":"","background-media":"","overlay-type":"","overlay-color":"","overlay-opacity":"","overlay-gradient":""}},"ast-content-background-meta":{"desktop":{"background-color":"var(--ast-global-color-5)","background-image":"","background-repeat":"repeat","background-position":"center center","background-size":"auto","background-attachment":"scroll","background-type":"","background-media":"","overlay-type":"","overlay-color":"","overlay-opacity":"","overlay-gradient":""},"tablet":{"background-color":"var(--ast-global-color-5)","background-image":"","background-repeat":"repeat","background-position":"center center","background-size":"auto","background-attachment":"scroll","background-type":"","background-media":"","overlay-type":"","overlay-color":"","overlay-opacity":"","overlay-gradient":""},"mobile":{"background-color":"var(--ast-global-color-5)","background-image":"","background-repeat":"repeat","background-position":"center center","background-size":"auto","background-attachment":"scroll","background-type":"","background-media":"","overlay-type":"","overlay-color":"","overlay-opacity":"","overlay-gradient":""}}},"product_brand":[],"product_cat":[59,44,29,42,31],"product_tag":[],"class_list":{"0":"post-3982","1":"product","2":"type-product","3":"status-publish","4":"has-post-thumbnail","6":"product_cat-laneige","7":"product_cat-pack","8":"product_cat-pieles","9":"product_cat-piel-seca","10":"product_cat-sensible","11":"desktop-align-center","12":"tablet-align-left","13":"mobile-align-left","15":"first","16":"instock","17":"featured","18":"shipping-taxable","19":"purchasable","20":"product-type-simple"},"yoast_head":"<!-- This site is optimized with the Yoast SEO plugin v26.8 - https:\/\/yoast.com\/product\/yoast-seo-wordpress\/ -->\n<title>LANEIGE Cream Skin Pack - MERAKI<\/title>\n<meta name=\"robots\" content=\"index, follow, max-snippet:-1, max-image-preview:large, max-video-preview:-1\" \/>\n<link rel=\"canonical\" href=\"https:\/\/digilago.es\/mugun\/producto\/laneige-pack\/\" \/>\n<meta property=\"og:locale\" content=\"es_ES\" \/>\n<meta property=\"og:type\" content=\"article\" \/>\n<meta property=\"og:title\" content=\"LANEIGE Cream Skin Pack - MERAKI\" \/>\n<meta property=\"og:description\" content=\"El pack ideal para mimar a las pieles m\u00e1s sensibles, sin fragancias, colorantes y vegana. Contiene hojas de t\u00e9 blanco y amino\u00e1cidos para calmar y fortalecer la barrera de la piel. De r\u00e1pida absorci\u00f3n para que todo tipo de pieles se sientan c\u00f3modas.\" \/>\n<meta property=\"og:url\" content=\"https:\/\/digilago.es\/mugun\/producto\/laneige-pack\/\" \/>\n<meta property=\"og:site_name\" content=\"MERAKI\" \/>\n<meta property=\"article:modified_time\" content=\"2022-07-01T00:43:14+00:00\" \/>\n<meta property=\"og:image\" content=\"https:\/\/digilago.es\/mugun\/wp-content\/uploads\/sites\/5\/2022\/05\/detail-01.webp\" \/>\n\t<meta property=\"og:image:width\" content=\"500\" \/>\n\t<meta property=\"og:image:height\" content=\"500\" \/>\n\t<meta property=\"og:image:type\" content=\"image\/webp\" \/>\n<meta name=\"twitter:card\" content=\"summary_large_image\" \/>\n<meta name=\"twitter:label1\" content=\"Tiempo de lectura\" \/>\n\t<meta name=\"twitter:data1\" content=\"2 minutos\" \/>\n<script type=\"application\/ld+json\" class=\"yoast-schema-graph\">{\"@context\":\"https:\/\/schema.org\",\"@graph\":[{\"@type\":\"WebPage\",\"@id\":\"https:\/\/digilago.es\/mugun\/producto\/laneige-pack\/\",\"url\":\"https:\/\/digilago.es\/mugun\/producto\/laneige-pack\/\",\"name\":\"LANEIGE Cream Skin Pack - MERAKI\",\"isPartOf\":{\"@id\":\"https:\/\/digilago.es\/mugun\/#website\"},\"primaryImageOfPage\":{\"@id\":\"https:\/\/digilago.es\/mugun\/producto\/laneige-pack\/#primaryimage\"},\"image\":{\"@id\":\"https:\/\/digilago.es\/mugun\/producto\/laneige-pack\/#primaryimage\"},\"thumbnailUrl\":\"https:\/\/digilago.es\/mugun\/wp-content\/uploads\/sites\/5\/2022\/05\/detail-01.webp\",\"datePublished\":\"2022-05-23T19:00:20+00:00\",\"dateModified\":\"2022-07-01T00:43:14+00:00\",\"breadcrumb\":{\"@id\":\"https:\/\/digilago.es\/mugun\/producto\/laneige-pack\/#breadcrumb\"},\"inLanguage\":\"es\",\"potentialAction\":[{\"@type\":\"ReadAction\",\"target\":[\"https:\/\/digilago.es\/mugun\/producto\/laneige-pack\/\"]}]},{\"@type\":\"ImageObject\",\"inLanguage\":\"es\",\"@id\":\"https:\/\/digilago.es\/mugun\/producto\/laneige-pack\/#primaryimage\",\"url\":\"https:\/\/digilago.es\/mugun\/wp-content\/uploads\/sites\/5\/2022\/05\/detail-01.webp\",\"contentUrl\":\"https:\/\/digilago.es\/mugun\/wp-content\/uploads\/sites\/5\/2022\/05\/detail-01.webp\",\"width\":500,\"height\":500},{\"@type\":\"BreadcrumbList\",\"@id\":\"https:\/\/digilago.es\/mugun\/producto\/laneige-pack\/#breadcrumb\",\"itemListElement\":[{\"@type\":\"ListItem\",\"position\":1,\"name\":\"Portada\",\"item\":\"https:\/\/digilago.es\/mugun\/\"},{\"@type\":\"ListItem\",\"position\":2,\"name\":\"Todos los productos\",\"item\":\"https:\/\/digilago.es\/mugun\/shop\/\"},{\"@type\":\"ListItem\",\"position\":3,\"name\":\"LANEIGE Cream Skin Pack\"}]},{\"@type\":\"WebSite\",\"@id\":\"https:\/\/digilago.es\/mugun\/#website\",\"url\":\"https:\/\/digilago.es\/mugun\/\",\"name\":\"MERAKI\",\"description\":\"Otro sitio m\u00e1s de DIGILAGO proyectos de negocio alumnos\",\"publisher\":{\"@id\":\"https:\/\/digilago.es\/mugun\/#organization\"},\"potentialAction\":[{\"@type\":\"SearchAction\",\"target\":{\"@type\":\"EntryPoint\",\"urlTemplate\":\"https:\/\/digilago.es\/mugun\/?s={search_term_string}\"},\"query-input\":{\"@type\":\"PropertyValueSpecification\",\"valueRequired\":true,\"valueName\":\"search_term_string\"}}],\"inLanguage\":\"es\"},{\"@type\":\"Organization\",\"@id\":\"https:\/\/digilago.es\/mugun\/#organization\",\"name\":\"MERAKI\",\"url\":\"https:\/\/digilago.es\/mugun\/\",\"logo\":{\"@type\":\"ImageObject\",\"inLanguage\":\"es\",\"@id\":\"https:\/\/digilago.es\/mugun\/#\/schema\/logo\/image\/\",\"url\":\"https:\/\/digilago.es\/mugun\/wp-content\/uploads\/sites\/5\/2024\/01\/cropped-cropped-Logo-blanco-sin-nombre.png\",\"contentUrl\":\"https:\/\/digilago.es\/mugun\/wp-content\/uploads\/sites\/5\/2024\/01\/cropped-cropped-Logo-blanco-sin-nombre.png\",\"width\":184,\"height\":166,\"caption\":\"MERAKI\"},\"image\":{\"@id\":\"https:\/\/digilago.es\/mugun\/#\/schema\/logo\/image\/\"}}]}<\/script>\n<!-- \/ Yoast SEO plugin. -->","yoast_head_json":{"title":"LANEIGE Cream Skin Pack - MERAKI","robots":{"index":"index","follow":"follow","max-snippet":"max-snippet:-1","max-image-preview":"max-image-preview:large","max-video-preview":"max-video-preview:-1"},"canonical":"https:\/\/digilago.es\/mugun\/producto\/laneige-pack\/","og_locale":"es_ES","og_type":"article","og_title":"LANEIGE Cream Skin Pack - MERAKI","og_description":"El pack ideal para mimar a las pieles m\u00e1s sensibles, sin fragancias, colorantes y vegana. Contiene hojas de t\u00e9 blanco y amino\u00e1cidos para calmar y fortalecer la barrera de la piel. De r\u00e1pida absorci\u00f3n para que todo tipo de pieles se sientan c\u00f3modas.","og_url":"https:\/\/digilago.es\/mugun\/producto\/laneige-pack\/","og_site_name":"MERAKI","article_modified_time":"2022-07-01T00:43:14+00:00","og_image":[{"width":500,"height":500,"url":"https:\/\/digilago.es\/mugun\/wp-content\/uploads\/sites\/5\/2022\/05\/detail-01.webp","type":"image\/webp"}],"twitter_card":"summary_large_image","twitter_misc":{"Tiempo de lectura":"2 minutos"},"schema":{"@context":"https:\/\/schema.org","@graph":[{"@type":"WebPage","@id":"https:\/\/digilago.es\/mugun\/producto\/laneige-pack\/","url":"https:\/\/digilago.es\/mugun\/producto\/laneige-pack\/","name":"LANEIGE Cream Skin Pack - MERAKI","isPartOf":{"@id":"https:\/\/digilago.es\/mugun\/#website"},"primaryImageOfPage":{"@id":"https:\/\/digilago.es\/mugun\/producto\/laneige-pack\/#primaryimage"},"image":{"@id":"https:\/\/digilago.es\/mugun\/producto\/laneige-pack\/#primaryimage"},"thumbnailUrl":"https:\/\/digilago.es\/mugun\/wp-content\/uploads\/sites\/5\/2022\/05\/detail-01.webp","datePublished":"2022-05-23T19:00:20+00:00","dateModified":"2022-07-01T00:43:14+00:00","breadcrumb":{"@id":"https:\/\/digilago.es\/mugun\/producto\/laneige-pack\/#breadcrumb"},"inLanguage":"es","potentialAction":[{"@type":"ReadAction","target":["https:\/\/digilago.es\/mugun\/producto\/laneige-pack\/"]}]},{"@type":"ImageObject","inLanguage":"es","@id":"https:\/\/digilago.es\/mugun\/producto\/laneige-pack\/#primaryimage","url":"https:\/\/digilago.es\/mugun\/wp-content\/uploads\/sites\/5\/2022\/05\/detail-01.webp","contentUrl":"https:\/\/digilago.es\/mugun\/wp-content\/uploads\/sites\/5\/2022\/05\/detail-01.webp","width":500,"height":500},{"@type":"BreadcrumbList","@id":"https:\/\/digilago.es\/mugun\/producto\/laneige-pack\/#breadcrumb","itemListElement":[{"@type":"ListItem","position":1,"name":"Portada","item":"https:\/\/digilago.es\/mugun\/"},{"@type":"ListItem","position":2,"name":"Todos los productos","item":"https:\/\/digilago.es\/mugun\/shop\/"},{"@type":"ListItem","position":3,"name":"LANEIGE Cream Skin Pack"}]},{"@type":"WebSite","@id":"https:\/\/digilago.es\/mugun\/#website","url":"https:\/\/digilago.es\/mugun\/","name":"MERAKI","description":"Otro sitio m\u00e1s de DIGILAGO proyectos de negocio alumnos","publisher":{"@id":"https:\/\/digilago.es\/mugun\/#organization"},"potentialAction":[{"@type":"SearchAction","target":{"@type":"EntryPoint","urlTemplate":"https:\/\/digilago.es\/mugun\/?s={search_term_string}"},"query-input":{"@type":"PropertyValueSpecification","valueRequired":true,"valueName":"search_term_string"}}],"inLanguage":"es"},{"@type":"Organization","@id":"https:\/\/digilago.es\/mugun\/#organization","name":"MERAKI","url":"https:\/\/digilago.es\/mugun\/","logo":{"@type":"ImageObject","inLanguage":"es","@id":"https:\/\/digilago.es\/mugun\/#\/schema\/logo\/image\/","url":"https:\/\/digilago.es\/mugun\/wp-content\/uploads\/sites\/5\/2024\/01\/cropped-cropped-Logo-blanco-sin-nombre.png","contentUrl":"https:\/\/digilago.es\/mugun\/wp-content\/uploads\/sites\/5\/2024\/01\/cropped-cropped-Logo-blanco-sin-nombre.png","width":184,"height":166,"caption":"MERAKI"},"image":{"@id":"https:\/\/digilago.es\/mugun\/#\/schema\/logo\/image\/"}}]}},"_links":{"self":[{"href":"https:\/\/digilago.es\/mugun\/wp-json\/wp\/v2\/product\/3982","targetHints":{"allow":["GET"]}}],"collection":[{"href":"https:\/\/digilago.es\/mugun\/wp-json\/wp\/v2\/product"}],"about":[{"href":"https:\/\/digilago.es\/mugun\/wp-json\/wp\/v2\/types\/product"}],"replies":[{"embeddable":true,"href":"https:\/\/digilago.es\/mugun\/wp-json\/wp\/v2\/comments?post=3982"}],"wp:featuredmedia":[{"embeddable":true,"href":"https:\/\/digilago.es\/mugun\/wp-json\/wp\/v2\/media\/4339"}],"wp:attachment":[{"href":"https:\/\/digilago.es\/mugun\/wp-json\/wp\/v2\/media?parent=3982"}],"wp:term":[{"taxonomy":"product_brand","embeddable":true,"href":"https:\/\/digilago.es\/mugun\/wp-json\/wp\/v2\/product_brand?post=3982"},{"taxonomy":"product_cat","embeddable":true,"href":"https:\/\/digilago.es\/mugun\/wp-json\/wp\/v2\/product_cat?post=3982"},{"taxonomy":"product_tag","embeddable":true,"href":"https:\/\/digilago.es\/mugun\/wp-json\/wp\/v2\/product_tag?post=3982"}],"curies":[{"name":"wp","href":"https:\/\/api.w.org\/{rel}","templated":true}]}}