{"id":3681,"date":"2020-09-09T07:23:26","date_gmt":"2020-09-09T07:23:26","guid":{"rendered":"https:\/\/digilago.es\/mugun\/producto\/pulses-from-organic-farm\/"},"modified":"2022-05-31T07:55:22","modified_gmt":"2022-05-31T07:55:22","slug":"pulses-from-organic-farm","status":"publish","type":"product","link":"https:\/\/digilago.es\/mugun\/producto\/pulses-from-organic-farm\/","title":{"rendered":"KLAIRS Pack"},"content":{"rendered":"<p><strong>Modo de uso:\u00a0<\/strong><\/p>\n<ul>\n<li><span style=\"font-weight: 400\"><strong>S\u00e9rum:<\/strong> Vierte la cantidad de dos <\/span><i><span style=\"font-weight: 400\">pumps<\/span><\/i><span style=\"font-weight: 400\"> del s\u00e9rum sobre la palma de las manos y apl\u00edcala, a toquecitos, sobre el rostro, cuello y escote. Presiona bien las palmas para ayudar a que el producto penetre mejor y se absorba m\u00e1s r\u00e1pidamente.<\/span><\/li>\n<li><strong>T\u00f3nico:<\/strong> Extiende una peque\u00f1a cantidad del t\u00f3nico en tus dedos y esp\u00e1rcelo sobre el rostro dando peque\u00f1os toquecitos. \u00a1Evita arrastrar el producto!<\/li>\n<li><span style=\"font-weight: 400\"><strong>Booster<\/strong>: Con la ayuda del gotero, vierte entre 4 y 5 gotas de la esencia sobre los puntos principales del rostro: mejillas, frente y barbilla. Masajea bien el producto con los dedos y presiona tu piel con las palmas de las manos hasta que se absorba.<\/span><\/li>\n<li>\u00a0<strong>Crema de noche:<\/strong> Antes de irte a dormir, extiende una cantidad generosa de la mascarilla nocturna en todo el rostro. No te preocupes, \u00a1se absorbe enseguida!<\/li>\n<li><strong>\u00a0Crema<span style=\"font-size: 16px\">: <\/span><\/strong><span style=\"font-weight: 400\">Extiende la cantidad de crema suficiente para hidratar el rostro, cuello y escote. Masajea el producto con movimientos ascendentes hasta que se absorba. Espera un minuto a aplicar el siguiente producto.<\/span><span style=\"font-size: 16px\">\u00a0<\/span><\/li>\n<\/ul>\n<p><span style=\"font-weight: 400\">1. Aceite limpiador<\/span><span style=\"font-weight: 400\"><br \/>\n<\/span><span style=\"font-weight: 400\">2. Limpiador a base de agua<\/span><span style=\"font-weight: 400\"><br \/>\n<\/span><span style=\"font-weight: 400\">3. Exfoliante<\/span><span style=\"font-weight: 400\"><br \/>\n<\/span><strong>4. T\u00f3nico<\/strong><span style=\"font-weight: 400\"><br \/>\n<\/span><span style=\"font-weight: 400\">5. Mascarilla<\/span><span style=\"font-weight: 400\"><br \/>\n<\/span><span style=\"font-weight: 400\">6. Esencia<\/span><span style=\"font-weight: 400\"><br \/>\n<\/span><strong>7. Serum<\/strong><span style=\"font-weight: 400\"><br \/>\n<\/span><span style=\"font-weight: 400\">8. Crema para ojos<\/span><span style=\"font-weight: 400\"><br \/>\n<\/span><b>9. Crema o loci\u00f3n<\/b><b><br \/>\n<\/b><strong>10. Sleeping pack, protector solar, BB cream o almohadilla<\/strong><\/p>\n<p><b>Ingredientes:<\/b><\/p>\n<p><strong>SERUM<\/strong><\/p>\n<p><span style=\"font-weight: 400\">WATER, SODIUM HYALURONATE, BUTYLENE GLYCOL, DIMETHYL SULFONE, BETAINE, NATTO GUM, PROPANEDIOL, POLYQUATERNIUM-51, DISODIUM EDTA, CENTELLA ASIATICA EXTRACT, GLYCYRRHIZA GLABRA (LICORICE) ROOT EXTRACT, CARBOMER, ARGININE, PEG-60 HYDROGENATED CASTOR OIL, LYSINE HCL, PROLINE, SODIUM ASCORBYL PHOSPHATE, ACETYL METHIONINE, THEANINE, CHLORPHENESIN, TOCOPHERYL ACETATE, ILLICIUM VERUM(ANISE) FRUIT EXTRACT, CITRUS PARADISI(GRAPEFRUIT) FRUIT EXTRACT, NELUMBIUM SPECIOSUM FLOWER EXTRACT, PAEONIA SUFFRUTICOSA ROOT EXTRACT, SCUTELLARIA BAICALENSIS ROOT EXTRACT, PANTHENOL, LUFFA CYLINDRICA FRUIT\/LEAF\/STEM EXTRACT, BETA-GLUCAN, ALTHAEA ROSEA FLOWER EXTRACT, ALOE BARBADENSIS LEAF EXTRACT, LAVANDULA ANGUSTIFOLIA (LAVENDER) OIL, EUCALYPTUS GLOBULUS LEAF OIL, PELARGONIUM GRAVEOLENS FLOWER OIL, CITRUS LIMON (LEMON) PEEL OIL, CITRUS AURANTIUM DULCIS (ORANGE) PEEL OIL, CANANGA ODORATA FLOWER OIL, PORTULACA OLERACEA EXTRACT, APIUM GRAVEOLENS (CELERY) EXTRACT, BRASSICA OLERACEA CAPITATA (CABBAGE) LEAF EXTRACT, BRASSICA OLERACEA ITALICA (BROCCOLI) EXTRACT, BRASSICA RAPA (TURNIP) LEAF EXTRACT, DAUCUS CAROTA SATIVA (CARROT) ROOT EXTRACT, ORYZA SATIVA (RICE) BRAN EXTRACT, SOLANUM<\/span><\/p>\n<p><strong>TONICO<\/strong><\/p>\n<p><span style=\"font-weight: 400\">WATER, BUTYLENE GLYCOL, DIMETHYL SULFONE, BETAINE, CAPRYLIC\/CAPRIC TRIGLYCERIDE, NATTO GUM, SODIUM HYALURONATE, DISODIUM EDTA, CENTELLA ASIATICA EXTRACT, GLYCYRRHIZA GLABRA (LICORICE) ROOT EXTRACT, POLYQUATERNIUM-51, CHLORPHENESIN, TOCOPHERYL ACETATE, CARBOMER, PANTHENOL, ARGININE, LUFFA CYLINDRICA FRUIT\/LEAF\/STEM EXTRACT, BETA-GLUCAN, ALTHAEA ROSEA FLOWER EXTRACT, ALOE BARBADENSIS LEAF EXTRACT, HYDROXYETHYLCELLULOSE, PORTULACA, OLERACEA EXTRACT, LYSINE HCL, PROLINE, SODIUM ASCORBYL PHOSPHATE, ACETYL METHIONINE, THEANINE, COPPER TRIPEPTIDE-1<\/span><\/p>\n<p><strong>BOOSTER<\/strong><\/p>\n<p><span style=\"font-weight: 400\">WATER, PROPYLEN GLYCOL, ASCORBIC ACID(5%), HYDROXYETHYLCELLULOSE, CENTELLA ASIATICA EXTRACT, CITRUS JUNOS FRUIT\u00a0EXTRACT, ILLICIUM VERUM(ANISE) FRUIT EXTRACT, CITRUS PARADISI(GRAPEFRUIT) FRUIT EXTRACT, NELUMBIUM SPECIOSUM FLOWER\u00a0EXTRACT, PAEONIA SUFFRUTICOSA ROOT EXTRACT, SCUTELLARIA BAICALENSIS ROOT EXTRACT, POLYSORBATE 60, BRASSICA OLERACEA\u00a0ITALICA (BROCCOLI) EXTRACT, CHAENOMELES SINENSIS FRUIT EXTRACT, ORANGE OIL BRAZIL, SODIUM ACRYLATE\/SODIUM\u00a0ACRYLOYLDIMETHYL TAURATE COPOLYMER, DISODIUM EDTA, LAVANDULA ANGUSTIFOLIA (LAVENDER) OIL, CAMELLIA SINENSIS CALLUS\u00a0CULTURE EXTRACT, LARIX EUROPAEA WOOD EXTRACT, CHRYSANTHELLUM INDICUM EXTRACT, RHEUM PALMATUM ROOT EXTRACT, ASARUM\u00a0SIEBOLDI ROOT EXTRACT, QUERCUS MONGOLIA LEAF EXTRACT, PERSICARIA HYDROPIPER EXTRACT, CORYDALIS TURTSCHANINOVII ROOT\u00a0EXTRACT, COPTIS CHINENSIS ROOT EXTRACT, MAGNOLIA OBOVATA BARK EXTRACT, LYSINE HCL, PROLINE, SODIUM ASCORBYL\u00a0PHOSPHATE, ACETYL METHIONINE, THEANINE, LECITHIN, ACETYL GLUTAMINE,SH-OLGOPEPTIDE-1, SH-OLGOPEPTIDE-2, SH-POLYPEPTIDE-1, SH-POLYPEPTIDE-9, SH-POLYPEPTIDE-11, BACILLUS\/SOYBEAN\/FOLIC ACID FERMENT EXTRACT, SODIUM HYALURONATE,\u00a0CAPRYLYL GLYCOL, BUTYLENE GLYCOL, 1,2-HEXANEDIOL.<\/span><\/p>\n<p><strong>CREMA DE NOCHE<\/strong><\/p>\n<p><span style=\"font-weight: 400\">AQUA (WATER), CETYL ETHYLHEXANOATE, GLYCERIN, BUTYLENE GLYCOL, CAPRYLIC\/CAPRIC TRIGLYCERIDE, CENTELLA ASIATICA EXTRACT, SORBITAN STEARATE, ARGANIA SPINOSA KERNEL OIL, BUTYROSPERMUM PARKII (SHEA) BUTTER, CETYL ALCOHOL, SIMMONDSIA CHINENSIS (JOJOBA) SEED OIL, SORBITAN SESQUIOLEATE, GLYCERYL STEARATE, STEARIC ACID, TROMETHAMINE, PORTULACA OLERACEA EXTRACT, ANTHEMIS NOBILIS FLOWER EXTRACT, CANDELILLA CERA, CHLORPHENESIN, POLYSORBATE 60, 1,2-HEXANEDIOL, HYDROGENATED LECITHIN, TOCOPHERYL ACETATE, XANTHAN GUM, ACRYLATES\/C10-30 ALKYL ACRYLATE CROSSPOLYMER, BRASSICA OLERACEA ITALICA (BROCCOLI) EXTRACT, MORUS ALBA BARK EXTRACT, GUAIAZULENE, CERAMIDE NP, SODIUM HYALURONATE, ACETYL GLUTAMINE, LECITHIN, BACILLUS\/FOLIC ACID\/SOYBEAN FERMENT EXTRACT, CAPRYLYL GLYCOL, SH-OLIGOPEPTIDE-1, SH-OLIGOPEPTIDE-2, SH-POLYPEPTIDE-1, SH-POLYPEPTIDE-11, SH-POLYPEPTIDE-9, ACETYL HEXAPEPTIDE-8.<\/span><\/p>\n<p><strong>CREMA<\/strong><\/p>\n<p><span style=\"font-weight: 400\">WATER, CAPRYLIC\/CAPRIC TRIGLYCERIDE, GLYCERIN, CETYL ALCOHOL, CYCLOPENTASILOXANE, GLYCERYL STEARATE, SODIUM HYALURONATE, CETYL ETHYLHEXANOATE, STEARIC ACID, SHEA BUTTER, SIMMONDSIA CHINENSIS SEED OIL, BETA-GLUCAN, SORBITAN SESQUIOLEATE, MICROCRYSTALLINE WAX, BETAINE, PEG-100 STEARATE, CERAMIDE 3, POLYQUATERNIUM-51, SORBITAN STEARATE, DIMETHICONE, TOCOPHERYL ACETATE, CARBOMER, ARGININE, ILLICIUM VERUM FRUIT EXTRACT, CITRUS PARADISI FRUIT EXTRACT, NELUMBIUM SPECIOSUM FLOWER EXTRACT, PAEONIA SUFFRUTICOSA ROOT EXTRACT, SCUTELLARIA BAICALENSIS ROOT EXTRACT, CHLORPHENESIN, DISODIUM ADENOSINE TRIPHOSPHATE, ALGIN, CARICA PAPAYA FRUIT EXTRACT, CITRIC ACID, PORTULACA OLERACEA EXTRACT, NATTO GUM, CENTELLA ASIATICA <\/span><\/p>\n","protected":false},"excerpt":{"rendered":"<p>Ahora puedes tener la piel igual de perfecta como la de tus idols favoritos gracias a este incre\u00edble pack formado con productos veganos que utilizan ingredientes naturales y vegetales como la\u00a0centella asi\u00e1tica, el frijol o el az\u00facar.<\/p>\n<p>&nbsp;<\/p>\n","protected":false},"featured_media":4340,"comment_status":"open","ping_status":"closed","template":"","meta":{"site-sidebar-layout":"default","site-content-layout":"default","ast-site-content-layout":"default","site-content-style":"default","site-sidebar-style":"default","ast-global-header-display":"","ast-banner-title-visibility":"","ast-main-header-display":"","ast-hfb-above-header-display":"","ast-hfb-below-header-display":"","ast-hfb-mobile-header-display":"","site-post-title":"","ast-breadcrumbs-content":"","ast-featured-img":"","footer-sml-layout":"","ast-disable-related-posts":"","theme-transparent-header-meta":"default","adv-header-id-meta":"","stick-header-meta":"","header-above-stick-meta":"","header-main-stick-meta":"","header-below-stick-meta":"","astra-migrate-meta-layouts":"default","ast-page-background-enabled":"default","ast-page-background-meta":{"desktop":{"background-color":"var(--ast-global-color-4)","background-image":"","background-repeat":"repeat","background-position":"center center","background-size":"auto","background-attachment":"scroll","background-type":"","background-media":"","overlay-type":"","overlay-color":"","overlay-opacity":"","overlay-gradient":""},"tablet":{"background-color":"","background-image":"","background-repeat":"repeat","background-position":"center center","background-size":"auto","background-attachment":"scroll","background-type":"","background-media":"","overlay-type":"","overlay-color":"","overlay-opacity":"","overlay-gradient":""},"mobile":{"background-color":"","background-image":"","background-repeat":"repeat","background-position":"center center","background-size":"auto","background-attachment":"scroll","background-type":"","background-media":"","overlay-type":"","overlay-color":"","overlay-opacity":"","overlay-gradient":""}},"ast-content-background-meta":{"desktop":{"background-color":"var(--ast-global-color-5)","background-image":"","background-repeat":"repeat","background-position":"center center","background-size":"auto","background-attachment":"scroll","background-type":"","background-media":"","overlay-type":"","overlay-color":"","overlay-opacity":"","overlay-gradient":""},"tablet":{"background-color":"var(--ast-global-color-5)","background-image":"","background-repeat":"repeat","background-position":"center center","background-size":"auto","background-attachment":"scroll","background-type":"","background-media":"","overlay-type":"","overlay-color":"","overlay-opacity":"","overlay-gradient":""},"mobile":{"background-color":"var(--ast-global-color-5)","background-image":"","background-repeat":"repeat","background-position":"center center","background-size":"auto","background-attachment":"scroll","background-type":"","background-media":"","overlay-type":"","overlay-color":"","overlay-opacity":"","overlay-gradient":""}}},"product_brand":[],"product_cat":[44,29,45,47,61,42,31],"product_tag":[],"class_list":{"0":"post-3681","1":"product","2":"type-product","3":"status-publish","4":"has-post-thumbnail","6":"product_cat-pack","7":"product_cat-pieles","8":"product_cat-piel-con-acne","9":"product_cat-piel-grasa","10":"product_cat-piel-mixta","11":"product_cat-piel-seca","12":"product_cat-sensible","13":"desktop-align-center","14":"tablet-align-left","15":"mobile-align-left","17":"first","18":"instock","19":"sale","20":"featured","21":"shipping-taxable","22":"purchasable","23":"product-type-simple"},"yoast_head":"<!-- This site is optimized with the Yoast SEO plugin v26.8 - https:\/\/yoast.com\/product\/yoast-seo-wordpress\/ -->\n<title>KLAIRS Pack - MERAKI<\/title>\n<meta name=\"robots\" content=\"index, follow, max-snippet:-1, max-image-preview:large, max-video-preview:-1\" \/>\n<link rel=\"canonical\" href=\"https:\/\/digilago.es\/mugun\/producto\/pulses-from-organic-farm\/\" \/>\n<meta property=\"og:locale\" content=\"es_ES\" \/>\n<meta property=\"og:type\" content=\"article\" \/>\n<meta property=\"og:title\" content=\"KLAIRS Pack - MERAKI\" \/>\n<meta property=\"og:description\" content=\"Ahora puedes tener la piel igual de perfecta como la de tus idols favoritos gracias a este incre\u00edble pack formado con productos veganos que utilizan ingredientes naturales y vegetales como la\u00a0centella asi\u00e1tica, el frijol o el az\u00facar.  &nbsp;\" \/>\n<meta property=\"og:url\" content=\"https:\/\/digilago.es\/mugun\/producto\/pulses-from-organic-farm\/\" \/>\n<meta property=\"og:site_name\" content=\"MERAKI\" \/>\n<meta property=\"article:modified_time\" content=\"2022-05-31T07:55:22+00:00\" \/>\n<meta property=\"og:image\" content=\"https:\/\/digilago.es\/mugun\/wp-content\/uploads\/sites\/5\/2020\/09\/410TrQ7zMOL.jpg\" \/>\n\t<meta property=\"og:image:width\" content=\"500\" \/>\n\t<meta property=\"og:image:height\" content=\"500\" \/>\n\t<meta property=\"og:image:type\" content=\"image\/jpeg\" \/>\n<meta name=\"twitter:card\" content=\"summary_large_image\" \/>\n<meta name=\"twitter:label1\" content=\"Tiempo de lectura\" \/>\n\t<meta name=\"twitter:data1\" content=\"4 minutos\" \/>\n<script type=\"application\/ld+json\" class=\"yoast-schema-graph\">{\"@context\":\"https:\/\/schema.org\",\"@graph\":[{\"@type\":\"WebPage\",\"@id\":\"https:\/\/digilago.es\/mugun\/producto\/pulses-from-organic-farm\/\",\"url\":\"https:\/\/digilago.es\/mugun\/producto\/pulses-from-organic-farm\/\",\"name\":\"KLAIRS Pack - MERAKI\",\"isPartOf\":{\"@id\":\"https:\/\/digilago.es\/mugun\/#website\"},\"primaryImageOfPage\":{\"@id\":\"https:\/\/digilago.es\/mugun\/producto\/pulses-from-organic-farm\/#primaryimage\"},\"image\":{\"@id\":\"https:\/\/digilago.es\/mugun\/producto\/pulses-from-organic-farm\/#primaryimage\"},\"thumbnailUrl\":\"https:\/\/digilago.es\/mugun\/wp-content\/uploads\/sites\/5\/2020\/09\/410TrQ7zMOL.jpg\",\"datePublished\":\"2020-09-09T07:23:26+00:00\",\"dateModified\":\"2022-05-31T07:55:22+00:00\",\"breadcrumb\":{\"@id\":\"https:\/\/digilago.es\/mugun\/producto\/pulses-from-organic-farm\/#breadcrumb\"},\"inLanguage\":\"es\",\"potentialAction\":[{\"@type\":\"ReadAction\",\"target\":[\"https:\/\/digilago.es\/mugun\/producto\/pulses-from-organic-farm\/\"]}]},{\"@type\":\"ImageObject\",\"inLanguage\":\"es\",\"@id\":\"https:\/\/digilago.es\/mugun\/producto\/pulses-from-organic-farm\/#primaryimage\",\"url\":\"https:\/\/digilago.es\/mugun\/wp-content\/uploads\/sites\/5\/2020\/09\/410TrQ7zMOL.jpg\",\"contentUrl\":\"https:\/\/digilago.es\/mugun\/wp-content\/uploads\/sites\/5\/2020\/09\/410TrQ7zMOL.jpg\",\"width\":500,\"height\":500},{\"@type\":\"BreadcrumbList\",\"@id\":\"https:\/\/digilago.es\/mugun\/producto\/pulses-from-organic-farm\/#breadcrumb\",\"itemListElement\":[{\"@type\":\"ListItem\",\"position\":1,\"name\":\"Portada\",\"item\":\"https:\/\/digilago.es\/mugun\/\"},{\"@type\":\"ListItem\",\"position\":2,\"name\":\"Todos los productos\",\"item\":\"https:\/\/digilago.es\/mugun\/shop\/\"},{\"@type\":\"ListItem\",\"position\":3,\"name\":\"KLAIRS Pack\"}]},{\"@type\":\"WebSite\",\"@id\":\"https:\/\/digilago.es\/mugun\/#website\",\"url\":\"https:\/\/digilago.es\/mugun\/\",\"name\":\"MERAKI\",\"description\":\"Otro sitio m\u00e1s de DIGILAGO proyectos de negocio alumnos\",\"publisher\":{\"@id\":\"https:\/\/digilago.es\/mugun\/#organization\"},\"potentialAction\":[{\"@type\":\"SearchAction\",\"target\":{\"@type\":\"EntryPoint\",\"urlTemplate\":\"https:\/\/digilago.es\/mugun\/?s={search_term_string}\"},\"query-input\":{\"@type\":\"PropertyValueSpecification\",\"valueRequired\":true,\"valueName\":\"search_term_string\"}}],\"inLanguage\":\"es\"},{\"@type\":\"Organization\",\"@id\":\"https:\/\/digilago.es\/mugun\/#organization\",\"name\":\"MERAKI\",\"url\":\"https:\/\/digilago.es\/mugun\/\",\"logo\":{\"@type\":\"ImageObject\",\"inLanguage\":\"es\",\"@id\":\"https:\/\/digilago.es\/mugun\/#\/schema\/logo\/image\/\",\"url\":\"https:\/\/digilago.es\/mugun\/wp-content\/uploads\/sites\/5\/2024\/01\/cropped-cropped-Logo-blanco-sin-nombre.png\",\"contentUrl\":\"https:\/\/digilago.es\/mugun\/wp-content\/uploads\/sites\/5\/2024\/01\/cropped-cropped-Logo-blanco-sin-nombre.png\",\"width\":184,\"height\":166,\"caption\":\"MERAKI\"},\"image\":{\"@id\":\"https:\/\/digilago.es\/mugun\/#\/schema\/logo\/image\/\"}}]}<\/script>\n<!-- \/ Yoast SEO plugin. -->","yoast_head_json":{"title":"KLAIRS Pack - MERAKI","robots":{"index":"index","follow":"follow","max-snippet":"max-snippet:-1","max-image-preview":"max-image-preview:large","max-video-preview":"max-video-preview:-1"},"canonical":"https:\/\/digilago.es\/mugun\/producto\/pulses-from-organic-farm\/","og_locale":"es_ES","og_type":"article","og_title":"KLAIRS Pack - MERAKI","og_description":"Ahora puedes tener la piel igual de perfecta como la de tus idols favoritos gracias a este incre\u00edble pack formado con productos veganos que utilizan ingredientes naturales y vegetales como la\u00a0centella asi\u00e1tica, el frijol o el az\u00facar.  &nbsp;","og_url":"https:\/\/digilago.es\/mugun\/producto\/pulses-from-organic-farm\/","og_site_name":"MERAKI","article_modified_time":"2022-05-31T07:55:22+00:00","og_image":[{"width":500,"height":500,"url":"https:\/\/digilago.es\/mugun\/wp-content\/uploads\/sites\/5\/2020\/09\/410TrQ7zMOL.jpg","type":"image\/jpeg"}],"twitter_card":"summary_large_image","twitter_misc":{"Tiempo de lectura":"4 minutos"},"schema":{"@context":"https:\/\/schema.org","@graph":[{"@type":"WebPage","@id":"https:\/\/digilago.es\/mugun\/producto\/pulses-from-organic-farm\/","url":"https:\/\/digilago.es\/mugun\/producto\/pulses-from-organic-farm\/","name":"KLAIRS Pack - MERAKI","isPartOf":{"@id":"https:\/\/digilago.es\/mugun\/#website"},"primaryImageOfPage":{"@id":"https:\/\/digilago.es\/mugun\/producto\/pulses-from-organic-farm\/#primaryimage"},"image":{"@id":"https:\/\/digilago.es\/mugun\/producto\/pulses-from-organic-farm\/#primaryimage"},"thumbnailUrl":"https:\/\/digilago.es\/mugun\/wp-content\/uploads\/sites\/5\/2020\/09\/410TrQ7zMOL.jpg","datePublished":"2020-09-09T07:23:26+00:00","dateModified":"2022-05-31T07:55:22+00:00","breadcrumb":{"@id":"https:\/\/digilago.es\/mugun\/producto\/pulses-from-organic-farm\/#breadcrumb"},"inLanguage":"es","potentialAction":[{"@type":"ReadAction","target":["https:\/\/digilago.es\/mugun\/producto\/pulses-from-organic-farm\/"]}]},{"@type":"ImageObject","inLanguage":"es","@id":"https:\/\/digilago.es\/mugun\/producto\/pulses-from-organic-farm\/#primaryimage","url":"https:\/\/digilago.es\/mugun\/wp-content\/uploads\/sites\/5\/2020\/09\/410TrQ7zMOL.jpg","contentUrl":"https:\/\/digilago.es\/mugun\/wp-content\/uploads\/sites\/5\/2020\/09\/410TrQ7zMOL.jpg","width":500,"height":500},{"@type":"BreadcrumbList","@id":"https:\/\/digilago.es\/mugun\/producto\/pulses-from-organic-farm\/#breadcrumb","itemListElement":[{"@type":"ListItem","position":1,"name":"Portada","item":"https:\/\/digilago.es\/mugun\/"},{"@type":"ListItem","position":2,"name":"Todos los productos","item":"https:\/\/digilago.es\/mugun\/shop\/"},{"@type":"ListItem","position":3,"name":"KLAIRS Pack"}]},{"@type":"WebSite","@id":"https:\/\/digilago.es\/mugun\/#website","url":"https:\/\/digilago.es\/mugun\/","name":"MERAKI","description":"Otro sitio m\u00e1s de DIGILAGO proyectos de negocio alumnos","publisher":{"@id":"https:\/\/digilago.es\/mugun\/#organization"},"potentialAction":[{"@type":"SearchAction","target":{"@type":"EntryPoint","urlTemplate":"https:\/\/digilago.es\/mugun\/?s={search_term_string}"},"query-input":{"@type":"PropertyValueSpecification","valueRequired":true,"valueName":"search_term_string"}}],"inLanguage":"es"},{"@type":"Organization","@id":"https:\/\/digilago.es\/mugun\/#organization","name":"MERAKI","url":"https:\/\/digilago.es\/mugun\/","logo":{"@type":"ImageObject","inLanguage":"es","@id":"https:\/\/digilago.es\/mugun\/#\/schema\/logo\/image\/","url":"https:\/\/digilago.es\/mugun\/wp-content\/uploads\/sites\/5\/2024\/01\/cropped-cropped-Logo-blanco-sin-nombre.png","contentUrl":"https:\/\/digilago.es\/mugun\/wp-content\/uploads\/sites\/5\/2024\/01\/cropped-cropped-Logo-blanco-sin-nombre.png","width":184,"height":166,"caption":"MERAKI"},"image":{"@id":"https:\/\/digilago.es\/mugun\/#\/schema\/logo\/image\/"}}]}},"_links":{"self":[{"href":"https:\/\/digilago.es\/mugun\/wp-json\/wp\/v2\/product\/3681","targetHints":{"allow":["GET"]}}],"collection":[{"href":"https:\/\/digilago.es\/mugun\/wp-json\/wp\/v2\/product"}],"about":[{"href":"https:\/\/digilago.es\/mugun\/wp-json\/wp\/v2\/types\/product"}],"replies":[{"embeddable":true,"href":"https:\/\/digilago.es\/mugun\/wp-json\/wp\/v2\/comments?post=3681"}],"wp:featuredmedia":[{"embeddable":true,"href":"https:\/\/digilago.es\/mugun\/wp-json\/wp\/v2\/media\/4340"}],"wp:attachment":[{"href":"https:\/\/digilago.es\/mugun\/wp-json\/wp\/v2\/media?parent=3681"}],"wp:term":[{"taxonomy":"product_brand","embeddable":true,"href":"https:\/\/digilago.es\/mugun\/wp-json\/wp\/v2\/product_brand?post=3681"},{"taxonomy":"product_cat","embeddable":true,"href":"https:\/\/digilago.es\/mugun\/wp-json\/wp\/v2\/product_cat?post=3681"},{"taxonomy":"product_tag","embeddable":true,"href":"https:\/\/digilago.es\/mugun\/wp-json\/wp\/v2\/product_tag?post=3681"}],"curies":[{"name":"wp","href":"https:\/\/api.w.org\/{rel}","templated":true}]}}