{"id":4646,"date":"2022-05-29T10:42:28","date_gmt":"2022-05-29T10:42:28","guid":{"rendered":"https:\/\/digilago.es\/mugun\/?page_id=4646"},"modified":"2024-01-05T18:33:21","modified_gmt":"2024-01-05T18:33:21","slug":"conocenos-2","status":"publish","type":"page","link":"https:\/\/digilago.es\/mugun\/conocenos-2\/","title":{"rendered":"Con\u00f3cenos"},"content":{"rendered":"\n<p class=\"has-text-align-left\" style=\"font-size:16px\">Si est\u00e1s aqu\u00ed es porque  te ha picado la curiosidad y quieres saber un poco m\u00e1s sobre nosotros y el incre\u00edble  mundo del maquillaje coreano. Seguramente ahora est\u00e1s maravillada con la cantidad de productos, sus deliciosos y novedosos packagings, sus f\u00f3rmulas repletas de activos y todo lo que pueden hacer por ti.<\/p>\n\n\n\n<p class=\"has-text-align-left\" style=\"font-size:16px\">Si eres nueva en este mundillo es posible que no nos conozcas, as\u00ed que d\u00e9janos que te contemos un poco m\u00e1s sobre nosotros<\/p>\n\n\n\n<p style=\"font-size:16px\">Somos Meraki, una marca de maquillaje coreano que fusiona la elegancia y la innovaci\u00f3n para realzar la belleza natural de cada persona. Con una filosof\u00eda arraigada en la pasi\u00f3n por el cuidado personal y la autenticidad, ofrecemos una gama de productos de alta calidad dise\u00f1ados para celebrar la individualidad de cada persona.<\/p>\n\n\n\n<div class=\"wp-block-uagb-icon-list uagb-block-88d11098\"><div class=\"uagb-icon-list__wrap\">\n<div class=\"wp-block-uagb-icon-list-child uagb-block-de0c459f\"><span class=\"uagb-icon-list__source-wrap\"><img loading=\"lazy\" decoding=\"async\" class=\"uagb-icon-list__source-image\" src=\"https:\/\/digilago.es\/mugun\/wp-content\/uploads\/sites\/5\/2024\/01\/objetivo.png\" width=\"42\" height=\"42\" loading=\"lazy\" alt=\"\" \/><\/span><span class=\"uagb-icon-list__label\"><strong>Misi\u00f3n: <\/strong><br>Proporcionar a nuestros clientes una gama diversa de productos estrella que no solo realcen su belleza exterior, sino que tambi\u00e9n cuiden y respeten su piel. Nos esforzamos por fomentar la autoexpresi\u00f3n, la confianza y la autenticidad en cada uno de nuestros usuarios.<\/span><\/div>\n\n\n\n<div class=\"wp-block-uagb-icon-list-child uagb-block-ac965b48\"><span class=\"uagb-icon-list__source-wrap\"><img loading=\"lazy\" decoding=\"async\" class=\"uagb-icon-list__source-image\" src=\"https:\/\/digilago.es\/mugun\/wp-content\/uploads\/sites\/5\/2024\/01\/foto-1.png\" width=\"42\" height=\"42\" loading=\"lazy\" alt=\"\" \/><\/span><span class=\"uagb-icon-list__label\"><strong>Visi\u00f3n: <\/strong><br>Ser reconocidos como l\u00edderes en la industria del maquillaje coreano en Espa\u00f1a, promover la autenticidad y la celebraci\u00f3n de la belleza \u00fanica en cada individuo. Buscamos inspirar confianza y empoderamiento a trav\u00e9s de productos innovadores que realzan la belleza natural, invitando a las personas a expresarse libremente y a abrazar su singularidad.<\/span><\/div>\n<\/div><\/div>\n\n\n\n<p><\/p>\n\n\n\n<h2 class=\"wp-block-heading has-ast-global-color-2-color has-text-color\" style=\"font-size:18px\"><strong>Valores:<\/strong><\/h2>\n\n\n\n<div class=\"wp-block-group is-layout-constrained wp-block-group-is-layout-constrained\">\n<div class=\"wp-block-group is-layout-constrained wp-block-group-is-layout-constrained\">\n<div class=\"wp-block-uagb-icon-list uagb-block-c594872d\"><div class=\"uagb-icon-list__wrap\">\n<div class=\"wp-block-uagb-icon-list-child uagb-block-5d662948\"><span class=\"uagb-icon-list__source-wrap\"><img loading=\"lazy\" decoding=\"async\" class=\"uagb-icon-list__source-image\" src=\"https:\/\/digilago.es\/mugun\/wp-content\/uploads\/sites\/5\/2024\/01\/calidad.png\" width=\"44\" height=\"44\" loading=\"lazy\" alt=\"\" \/><\/span><span class=\"uagb-icon-list__label\"><strong>Autenticidad y calidad: <\/strong>ofrecemos productos de marcas reconocidas, garantizando su autenticidad y la calidad.<\/span><\/div>\n\n\n\n<div class=\"wp-block-uagb-icon-list-child uagb-block-20773251\"><span class=\"uagb-icon-list__source-wrap\"><img loading=\"lazy\" decoding=\"async\" class=\"uagb-icon-list__source-image\" src=\"https:\/\/digilago.es\/mugun\/wp-content\/uploads\/sites\/5\/2024\/01\/fuego.png\" width=\"44\" height=\"44\" loading=\"lazy\" alt=\"\" \/><\/span><span class=\"uagb-icon-list__label\"><strong>Innovaci\u00f3n y tendencias: <\/strong>estamos comprometidos con la continua b\u00fasqueda y presentaci\u00f3n de las \u00faltimas tendencias y productos innovadores en el mundo del maquillaje coreano.<\/span><\/div>\n\n\n\n<div class=\"wp-block-uagb-icon-list-child uagb-block-c0a75bf8\"><span class=\"uagb-icon-list__source-wrap\"><img loading=\"lazy\" decoding=\"async\" class=\"uagb-icon-list__source-image\" src=\"https:\/\/digilago.es\/mugun\/wp-content\/uploads\/sites\/5\/2024\/01\/calidad-de-vida.png\" width=\"44\" height=\"44\" loading=\"lazy\" alt=\"\" \/><\/span><span class=\"uagb-icon-list__label\"><strong>Celebraci\u00f3n de la individualidad: <\/strong>creemos en la diversidad y la inclusi\u00f3n y nos esforzamos por ofrecer opciones que celebren la belleza en todas sus formas y colores, donde todos se sientan bienvenidos y representados.<\/span><\/div>\n<\/div><\/div>\n<\/div>\n<\/div>\n\n\n\n<p class=\"has-medium-font-size\"> <\/p>\n\n\n\n<p>Es hora de sacar a relucir la mejor versi\u00f3n de ti misma, olv\u00eddate de tus complejos, olv\u00eddate de tener miedo a mostrar tu bello y hermoso rostro, aqu\u00ed te ayudaremos a ganar la confianza que te mereces, \u00a1dicho esto, disfruta de nuestra web y la gran variedad de productos y consejos que te esperan!<\/p>\n","protected":false},"excerpt":{"rendered":"<p>Si est\u00e1s aqu\u00ed es porque te ha picado la curiosidad y quieres saber un poco m\u00e1s sobre nosotros y el [&hellip;]<\/p>\n","protected":false},"author":4,"featured_media":0,"parent":0,"menu_order":0,"comment_status":"closed","ping_status":"closed","template":"","meta":{"site-sidebar-layout":"default","site-content-layout":"","ast-site-content-layout":"default","site-content-style":"default","site-sidebar-style":"default","ast-global-header-display":"","ast-banner-title-visibility":"","ast-main-header-display":"","ast-hfb-above-header-display":"","ast-hfb-below-header-display":"","ast-hfb-mobile-header-display":"","site-post-title":"","ast-breadcrumbs-content":"","ast-featured-img":"","footer-sml-layout":"","ast-disable-related-posts":"","theme-transparent-header-meta":"","adv-header-id-meta":"","stick-header-meta":"","header-above-stick-meta":"","header-main-stick-meta":"","header-below-stick-meta":"","astra-migrate-meta-layouts":"set","ast-page-background-enabled":"default","ast-page-background-meta":{"desktop":{"background-color":"var(--ast-global-color-4)","background-image":"","background-repeat":"repeat","background-position":"center center","background-size":"auto","background-attachment":"scroll","background-type":"","background-media":"","overlay-type":"","overlay-color":"","overlay-opacity":"","overlay-gradient":""},"tablet":{"background-color":"","background-image":"","background-repeat":"repeat","background-position":"center center","background-size":"auto","background-attachment":"scroll","background-type":"","background-media":"","overlay-type":"","overlay-color":"","overlay-opacity":"","overlay-gradient":""},"mobile":{"background-color":"","background-image":"","background-repeat":"repeat","background-position":"center center","background-size":"auto","background-attachment":"scroll","background-type":"","background-media":"","overlay-type":"","overlay-color":"","overlay-opacity":"","overlay-gradient":""}},"ast-content-background-meta":{"desktop":{"background-color":"var(--ast-global-color-5)","background-image":"","background-repeat":"repeat","background-position":"center center","background-size":"auto","background-attachment":"scroll","background-type":"","background-media":"","overlay-type":"","overlay-color":"","overlay-opacity":"","overlay-gradient":""},"tablet":{"background-color":"var(--ast-global-color-5)","background-image":"","background-repeat":"repeat","background-position":"center center","background-size":"auto","background-attachment":"scroll","background-type":"","background-media":"","overlay-type":"","overlay-color":"","overlay-opacity":"","overlay-gradient":""},"mobile":{"background-color":"var(--ast-global-color-5)","background-image":"","background-repeat":"repeat","background-position":"center center","background-size":"auto","background-attachment":"scroll","background-type":"","background-media":"","overlay-type":"","overlay-color":"","overlay-opacity":"","overlay-gradient":""}},"footnotes":""},"class_list":["post-4646","page","type-page","status-publish","hentry"],"yoast_head":"<!-- This site is optimized with the Yoast SEO plugin v26.8 - https:\/\/yoast.com\/product\/yoast-seo-wordpress\/ -->\n<title>Con\u00f3cenos - MERAKI<\/title>\n<meta name=\"robots\" content=\"index, follow, max-snippet:-1, max-image-preview:large, max-video-preview:-1\" \/>\n<link rel=\"canonical\" href=\"https:\/\/digilago.es\/mugun\/conocenos-2\/\" \/>\n<meta property=\"og:locale\" content=\"es_ES\" \/>\n<meta property=\"og:type\" content=\"article\" \/>\n<meta property=\"og:title\" content=\"Con\u00f3cenos - MERAKI\" \/>\n<meta property=\"og:description\" content=\"Si est\u00e1s aqu\u00ed es porque te ha picado la curiosidad y quieres saber un poco m\u00e1s sobre nosotros y el [&hellip;]\" \/>\n<meta property=\"og:url\" content=\"https:\/\/digilago.es\/mugun\/conocenos-2\/\" \/>\n<meta property=\"og:site_name\" content=\"MERAKI\" \/>\n<meta property=\"article:modified_time\" content=\"2024-01-05T18:33:21+00:00\" \/>\n<meta property=\"og:image\" content=\"https:\/\/digilago.es\/mugun\/wp-content\/uploads\/sites\/5\/2024\/01\/objetivo.png\" \/>\n<meta name=\"twitter:card\" content=\"summary_large_image\" \/>\n<meta name=\"twitter:label1\" content=\"Tiempo de lectura\" \/>\n\t<meta name=\"twitter:data1\" content=\"3 minutos\" \/>\n<script type=\"application\/ld+json\" class=\"yoast-schema-graph\">{\"@context\":\"https:\/\/schema.org\",\"@graph\":[{\"@type\":\"WebPage\",\"@id\":\"https:\/\/digilago.es\/mugun\/conocenos-2\/\",\"url\":\"https:\/\/digilago.es\/mugun\/conocenos-2\/\",\"name\":\"Con\u00f3cenos - MERAKI\",\"isPartOf\":{\"@id\":\"https:\/\/digilago.es\/mugun\/#website\"},\"primaryImageOfPage\":{\"@id\":\"https:\/\/digilago.es\/mugun\/conocenos-2\/#primaryimage\"},\"image\":{\"@id\":\"https:\/\/digilago.es\/mugun\/conocenos-2\/#primaryimage\"},\"thumbnailUrl\":\"https:\/\/digilago.es\/mugun\/wp-content\/uploads\/sites\/5\/2024\/01\/objetivo.png\",\"datePublished\":\"2022-05-29T10:42:28+00:00\",\"dateModified\":\"2024-01-05T18:33:21+00:00\",\"breadcrumb\":{\"@id\":\"https:\/\/digilago.es\/mugun\/conocenos-2\/#breadcrumb\"},\"inLanguage\":\"es\",\"potentialAction\":[{\"@type\":\"ReadAction\",\"target\":[\"https:\/\/digilago.es\/mugun\/conocenos-2\/\"]}]},{\"@type\":\"ImageObject\",\"inLanguage\":\"es\",\"@id\":\"https:\/\/digilago.es\/mugun\/conocenos-2\/#primaryimage\",\"url\":\"https:\/\/digilago.es\/mugun\/wp-content\/uploads\/sites\/5\/2024\/01\/objetivo.png\",\"contentUrl\":\"https:\/\/digilago.es\/mugun\/wp-content\/uploads\/sites\/5\/2024\/01\/objetivo.png\",\"width\":512,\"height\":512},{\"@type\":\"BreadcrumbList\",\"@id\":\"https:\/\/digilago.es\/mugun\/conocenos-2\/#breadcrumb\",\"itemListElement\":[{\"@type\":\"ListItem\",\"position\":1,\"name\":\"Portada\",\"item\":\"https:\/\/digilago.es\/mugun\/\"},{\"@type\":\"ListItem\",\"position\":2,\"name\":\"Con\u00f3cenos\"}]},{\"@type\":\"WebSite\",\"@id\":\"https:\/\/digilago.es\/mugun\/#website\",\"url\":\"https:\/\/digilago.es\/mugun\/\",\"name\":\"MERAKI\",\"description\":\"Otro sitio m\u00e1s de DIGILAGO proyectos de negocio alumnos\",\"publisher\":{\"@id\":\"https:\/\/digilago.es\/mugun\/#organization\"},\"potentialAction\":[{\"@type\":\"SearchAction\",\"target\":{\"@type\":\"EntryPoint\",\"urlTemplate\":\"https:\/\/digilago.es\/mugun\/?s={search_term_string}\"},\"query-input\":{\"@type\":\"PropertyValueSpecification\",\"valueRequired\":true,\"valueName\":\"search_term_string\"}}],\"inLanguage\":\"es\"},{\"@type\":\"Organization\",\"@id\":\"https:\/\/digilago.es\/mugun\/#organization\",\"name\":\"MERAKI\",\"url\":\"https:\/\/digilago.es\/mugun\/\",\"logo\":{\"@type\":\"ImageObject\",\"inLanguage\":\"es\",\"@id\":\"https:\/\/digilago.es\/mugun\/#\/schema\/logo\/image\/\",\"url\":\"https:\/\/digilago.es\/mugun\/wp-content\/uploads\/sites\/5\/2024\/01\/cropped-cropped-Logo-blanco-sin-nombre.png\",\"contentUrl\":\"https:\/\/digilago.es\/mugun\/wp-content\/uploads\/sites\/5\/2024\/01\/cropped-cropped-Logo-blanco-sin-nombre.png\",\"width\":184,\"height\":166,\"caption\":\"MERAKI\"},\"image\":{\"@id\":\"https:\/\/digilago.es\/mugun\/#\/schema\/logo\/image\/\"}}]}<\/script>\n<!-- \/ Yoast SEO plugin. -->","yoast_head_json":{"title":"Con\u00f3cenos - MERAKI","robots":{"index":"index","follow":"follow","max-snippet":"max-snippet:-1","max-image-preview":"max-image-preview:large","max-video-preview":"max-video-preview:-1"},"canonical":"https:\/\/digilago.es\/mugun\/conocenos-2\/","og_locale":"es_ES","og_type":"article","og_title":"Con\u00f3cenos - MERAKI","og_description":"Si est\u00e1s aqu\u00ed es porque te ha picado la curiosidad y quieres saber un poco m\u00e1s sobre nosotros y el [&hellip;]","og_url":"https:\/\/digilago.es\/mugun\/conocenos-2\/","og_site_name":"MERAKI","article_modified_time":"2024-01-05T18:33:21+00:00","og_image":[{"url":"https:\/\/digilago.es\/mugun\/wp-content\/uploads\/sites\/5\/2024\/01\/objetivo.png","type":"","width":"","height":""}],"twitter_card":"summary_large_image","twitter_misc":{"Tiempo de lectura":"3 minutos"},"schema":{"@context":"https:\/\/schema.org","@graph":[{"@type":"WebPage","@id":"https:\/\/digilago.es\/mugun\/conocenos-2\/","url":"https:\/\/digilago.es\/mugun\/conocenos-2\/","name":"Con\u00f3cenos - MERAKI","isPartOf":{"@id":"https:\/\/digilago.es\/mugun\/#website"},"primaryImageOfPage":{"@id":"https:\/\/digilago.es\/mugun\/conocenos-2\/#primaryimage"},"image":{"@id":"https:\/\/digilago.es\/mugun\/conocenos-2\/#primaryimage"},"thumbnailUrl":"https:\/\/digilago.es\/mugun\/wp-content\/uploads\/sites\/5\/2024\/01\/objetivo.png","datePublished":"2022-05-29T10:42:28+00:00","dateModified":"2024-01-05T18:33:21+00:00","breadcrumb":{"@id":"https:\/\/digilago.es\/mugun\/conocenos-2\/#breadcrumb"},"inLanguage":"es","potentialAction":[{"@type":"ReadAction","target":["https:\/\/digilago.es\/mugun\/conocenos-2\/"]}]},{"@type":"ImageObject","inLanguage":"es","@id":"https:\/\/digilago.es\/mugun\/conocenos-2\/#primaryimage","url":"https:\/\/digilago.es\/mugun\/wp-content\/uploads\/sites\/5\/2024\/01\/objetivo.png","contentUrl":"https:\/\/digilago.es\/mugun\/wp-content\/uploads\/sites\/5\/2024\/01\/objetivo.png","width":512,"height":512},{"@type":"BreadcrumbList","@id":"https:\/\/digilago.es\/mugun\/conocenos-2\/#breadcrumb","itemListElement":[{"@type":"ListItem","position":1,"name":"Portada","item":"https:\/\/digilago.es\/mugun\/"},{"@type":"ListItem","position":2,"name":"Con\u00f3cenos"}]},{"@type":"WebSite","@id":"https:\/\/digilago.es\/mugun\/#website","url":"https:\/\/digilago.es\/mugun\/","name":"MERAKI","description":"Otro sitio m\u00e1s de DIGILAGO proyectos de negocio alumnos","publisher":{"@id":"https:\/\/digilago.es\/mugun\/#organization"},"potentialAction":[{"@type":"SearchAction","target":{"@type":"EntryPoint","urlTemplate":"https:\/\/digilago.es\/mugun\/?s={search_term_string}"},"query-input":{"@type":"PropertyValueSpecification","valueRequired":true,"valueName":"search_term_string"}}],"inLanguage":"es"},{"@type":"Organization","@id":"https:\/\/digilago.es\/mugun\/#organization","name":"MERAKI","url":"https:\/\/digilago.es\/mugun\/","logo":{"@type":"ImageObject","inLanguage":"es","@id":"https:\/\/digilago.es\/mugun\/#\/schema\/logo\/image\/","url":"https:\/\/digilago.es\/mugun\/wp-content\/uploads\/sites\/5\/2024\/01\/cropped-cropped-Logo-blanco-sin-nombre.png","contentUrl":"https:\/\/digilago.es\/mugun\/wp-content\/uploads\/sites\/5\/2024\/01\/cropped-cropped-Logo-blanco-sin-nombre.png","width":184,"height":166,"caption":"MERAKI"},"image":{"@id":"https:\/\/digilago.es\/mugun\/#\/schema\/logo\/image\/"}}]}},"_links":{"self":[{"href":"https:\/\/digilago.es\/mugun\/wp-json\/wp\/v2\/pages\/4646","targetHints":{"allow":["GET"]}}],"collection":[{"href":"https:\/\/digilago.es\/mugun\/wp-json\/wp\/v2\/pages"}],"about":[{"href":"https:\/\/digilago.es\/mugun\/wp-json\/wp\/v2\/types\/page"}],"author":[{"embeddable":true,"href":"https:\/\/digilago.es\/mugun\/wp-json\/wp\/v2\/users\/4"}],"replies":[{"embeddable":true,"href":"https:\/\/digilago.es\/mugun\/wp-json\/wp\/v2\/comments?post=4646"}],"version-history":[{"count":6,"href":"https:\/\/digilago.es\/mugun\/wp-json\/wp\/v2\/pages\/4646\/revisions"}],"predecessor-version":[{"id":5148,"href":"https:\/\/digilago.es\/mugun\/wp-json\/wp\/v2\/pages\/4646\/revisions\/5148"}],"wp:attachment":[{"href":"https:\/\/digilago.es\/mugun\/wp-json\/wp\/v2\/media?parent=4646"}],"curies":[{"name":"wp","href":"https:\/\/api.w.org\/{rel}","templated":true}]}}