{"id":4413,"date":"2022-05-27T12:02:35","date_gmt":"2022-05-27T12:02:35","guid":{"rendered":"https:\/\/digilago.es\/mugun\/?page_id=4413"},"modified":"2024-01-05T18:40:52","modified_gmt":"2024-01-05T18:40:52","slug":"faqs","status":"publish","type":"page","link":"https:\/\/digilago.es\/mugun\/faqs\/","title":{"rendered":"FAQs"},"content":{"rendered":"\n<div class=\"wp-block-columns is-layout-flex wp-container-core-columns-is-layout-28f84493 wp-block-columns-is-layout-flex\">\n<div class=\"wp-block-column is-layout-flow wp-block-column-is-layout-flow\" style=\"flex-basis:100%\">\n<div class=\"wp-block-group is-layout-flow wp-block-group-is-layout-flow\"><\/div>\n<\/div>\n<\/div>\n\n\n\n<div class=\"wp-block-uagb-advanced-heading uagb-block-5a9aa597\"><h2 class=\"uagb-heading-text\">FAQs<\/h2><div class=\"uagb-separator\"><\/div><p class=\"uagb-desc-text\">\u00bfTienes alguna duda? \u00a1Deja que te ayudemos! Aqu\u00ed encontrar\u00e1s respuesta a las preguntas m\u00e1s frecuentes de Meraki.<\/p><\/div>\n\n\n\n<div style=\"height:53px\" aria-hidden=\"true\" class=\"wp-block-spacer\"><\/div>\n\n\n\n<div class=\"wp-block-uagb-icon-list uagb-block-85b20e28 uagb-icon-list__outer-wrap uagb-icon-list__layout-vertical\"><div class=\"uagb-icon-list__wrap\">\n<div class=\"wp-block-uagb-icon-list-child uagb-block-e6356fa2\"><a target=\"_self\" aria-label=\"PRODUCTOS\" rel=\"noopener noreferrer\" href=\"#\"> <\/a><span class=\"uagb-icon-list__source-wrap\"><img loading=\"lazy\" decoding=\"async\" class=\"uagb-icon-list__source-image\" src=\"https:\/\/digilago.es\/mugun\/wp-content\/uploads\/sites\/5\/2022\/05\/2010525.png\" width=\"35\" height=\"35\" loading=\"lazy\" alt=\"\" \/><\/span><span class=\"uagb-icon-list__label\"><strong>PRODUCTOS<\/strong><\/span><\/div>\n<\/div><\/div>\n\n\n\n<div style=\"height:40px\" aria-hidden=\"true\" class=\"wp-block-spacer\"><\/div>\n\n\n\n<h3 class=\"wp-block-heading has-medium-font-size\">\u00bfPor qu\u00e9 elegir el maquillaje coreano?<\/h3>\n\n\n\n<div class=\"wp-block-group is-layout-flow wp-block-group-is-layout-flow\">\n<p>El maquillaje coreano es una excelente opci\u00f3n por su enfoque en terner una piel radiante y natural. Los productos coreanos tienden a priorizar ingredientes suaves y beneficiosos para la piel, como extractos bot\u00e1nicos y f\u00f3rmulas hidratantes pero no grasas. Adem\u00e1s, su \u00e9nfasis en la innovaci\u00f3n tecnol\u00f3gica ofrece productos de alta calidad que no solo embellecen, sino que tambi\u00e9n cuidan la piel a largo plazo.<\/p>\n<\/div>\n\n\n\n<h3 class=\"wp-block-heading has-medium-font-size\">\u00bfSon seguros los productos de Meraki?<\/h3>\n\n\n\n<div class=\"wp-block-group is-layout-flow wp-block-group-is-layout-flow\">\n<div class=\"wp-block-group is-layout-flow wp-block-group-is-layout-flow\">\n<p>Todos nuestros productos cumplen con la normativa Europea sobre productos cosm\u00e9ticos, para ello&nbsp;antes de ponerse a la venta&nbsp;pasan estrictos controles de calidad y an\u00e1lisis&nbsp;requeridos por la AEMPS (Agencia Espa\u00f1ola de Medicamentos y productos Sanitarios).<\/p>\n<\/div>\n\n\n\n<h3 class=\"wp-block-heading has-medium-font-size\">\u00bfSon todos los productos originales?<\/h3>\n\n\n\n<p>\u00a1Por supuesto! Todos nuestros productos son originales, no vendemos  imitaciones. Todos los productos  proceden directamente de sus fabricantes oficiales.<\/p>\n\n\n\n<p class=\"has-medium-font-size\"><strong>Estoy buscando un producto concreto, pero no lo ten\u00e9is<\/strong>.<\/p>\n\n\n\n<p>Constantemente estamos probando nuevos productos y marcas coreanas para mantenernos siempre actualizados y tener los productos mas top. As\u00ed que no hay de qu\u00e9 preocuparse, iremos a\u00f1adiendo cada vez m\u00e1s productos a nuestro cat\u00e1logo. \u00a1No olvides visitar nuestra tienda para estar al d\u00eda con las novedades que te traemos!<\/p>\n\n\n\n<p class=\"has-medium-font-size\"><strong>\u00bfVuestros productos son testados en animales?<\/strong><\/p>\n\n\n\n<p>En toda Europa y Corea del sur est\u00e1 prohibido testar productos de cosm\u00e9tica en animales. Por lo tanto, todos los productos que encontrar\u00e1s en Meraki no han sido testados en animales.<\/p>\n\n\n\n<p class=\"has-medium-font-size\"><strong>\u00bfTen\u00e9is productos para hombres?<\/strong><\/p>\n\n\n\n<p>El maquillaje no suele diferenciarse por el g\u00e9nero o sexo, nosotros en Meraki tampoco creemos que sea necesario, lo importante es encontrar el producto adecuado para tu tipo de piel y el que m\u00e1s c\u00f3modo te haga sentir.<\/p>\n\n\n\n<p class=\"has-medium-font-size\"><strong>\u00bfQu\u00e9 productos debo comprar?<\/strong><\/p>\n\n\n\n<p>Sabemos que elegir entre tantas opciones puede ser algo complicado\u2026 \u00a1Pero para eso estamos nosotras aqu\u00ed! Tenemos m\u00faltiples opciones para ayudarte:<\/p>\n\n\n\n<ul class=\"wp-block-list\">\n<li><a href=\"https:\/\/digilago.es\/mugun\/contacto\/\">Cont\u00e1ctanos<\/a><\/li>\n\n\n\n<li>N\u00famero de tel\u00e9fono: <mark class=\"has-inline-color has-ast-global-color-0-color\">640 683 165<\/mark><\/li>\n\n\n\n<li>Redes sociales: <a href=\"https:\/\/www.instagram.com\/mugun.oficial\/\" target=\"_blank\" rel=\"noreferrer noopener\">Instagram<\/a><\/li>\n<\/ul>\n\n\n\n<p class=\"has-medium-font-size\"><strong>\u00bfQu\u00e9 significa no comedog\u00e9nico?<\/strong><\/p>\n\n\n\n<p>Un producto no comedog\u00e9nico es un producto que NO obstruye los poros. Por eso para las pieles grasas y mixtas lo ideal es que cada producto que escojan sea no comedog\u00e9nico, ya que unos poros obstruidos pueden convertirse en puntos negros o granitos.<\/p>\n\n\n\n<p class=\"has-medium-font-size\" style=\"font-style:normal;font-weight:400\"><strong>\u00bfQu\u00e9 significa hipoalerg\u00e9nico?<\/strong> <\/p>\n\n\n\n<p>Los productos hipoalerg\u00e9nicos son aquellos que tienen mucha menos probabilidades de causar una reacci\u00f3n al\u00e9rgica, la mayor\u00eda no suelen contener agentes irritantes como pueden ser las fragancias o colorantes.<\/p>\n\n\n\n<div style=\"height:64px\" aria-hidden=\"true\" class=\"wp-block-spacer\"><\/div>\n\n\n\n<div class=\"wp-block-uagb-icon-list uagb-block-56c1fd36 uagb-icon-list__outer-wrap uagb-icon-list__layout-vertical\"><div class=\"uagb-icon-list__wrap\">\n<div class=\"wp-block-uagb-icon-list-child uagb-block-7caa2884\"><a target=\"_self\" aria-label=\"ENV\u00cdOS\" rel=\"noopener noreferrer\" href=\"#\"> <\/a><span class=\"uagb-icon-list__source-wrap\"><img loading=\"lazy\" decoding=\"async\" class=\"uagb-icon-list__source-image\" src=\"https:\/\/digilago.es\/mugun\/wp-content\/uploads\/sites\/5\/2022\/05\/2010525.png\" width=\"35\" height=\"35\" loading=\"lazy\" alt=\"\" \/><\/span><span class=\"uagb-icon-list__label\"><strong>ENV\u00cdOS<\/strong><\/span><\/div>\n<\/div><\/div>\n\n\n\n<p class=\"has-medium-font-size\"><strong>\u00bfD\u00f3nde hac\u00e9is env\u00edos?<\/strong><\/p>\n\n\n\n<p>Hacemos env\u00edos a toda Europa y tenemos una buena variedad de formas de entrega, si gustas puedes echarle un vistazo en nuestra p\u00e1gina de Env\u00edos y devoluciones.<\/p>\n\n\n\n<p class=\"has-medium-font-size\"><strong>\u00bfCu\u00e1nto cuesta cada env\u00edo?<\/strong><\/p>\n\n\n\n<p>Depende del env\u00edo, en Europa todos los env\u00edos a partir de 15\u20ac de compra son gratuitos, para otros casos consulta en el apartado de Env\u00edos y devoluciones.<\/p>\n\n\n\n<h3 class=\"wp-block-heading has-medium-font-size\">He recibido un articulo en mal estado o err\u00f3neo, \u00bfqu\u00e9 puedo hacer?<\/h3>\n\n\n\n<p>Si alguno de los productos que has recibido se encuentra en mal estado o no se corresponde con lo que has pedido, no te preocupes, desde Meraki nos haremos cargo de la devoluci\u00f3n de los productos defectuosos o env\u00edos err\u00f3neos y los gastos de env\u00edo de vuelta correr\u00e1n a nuestra cuenta. Para ello debes comunicarnos esta circunstancia en el plazo m\u00e1ximo de 48 horas desde la fecha de recepci\u00f3n del pedido.<\/p>\n<\/div>\n\n\n\n<div style=\"height:100px\" aria-hidden=\"true\" class=\"wp-block-spacer\"><\/div>\n\n\n\n<hr class=\"wp-block-separator has-css-opacity is-style-dots\" \/>\n","protected":false},"excerpt":{"rendered":"<p>\u00bfPor qu\u00e9 elegir el maquillaje coreano? El maquillaje coreano es una excelente opci\u00f3n por su enfoque en terner una piel [&hellip;]<\/p>\n","protected":false},"author":4,"featured_media":0,"parent":0,"menu_order":0,"comment_status":"closed","ping_status":"closed","template":"","meta":{"site-sidebar-layout":"default","site-content-layout":"","ast-site-content-layout":"default","site-content-style":"default","site-sidebar-style":"default","ast-global-header-display":"","ast-banner-title-visibility":"","ast-main-header-display":"","ast-hfb-above-header-display":"","ast-hfb-below-header-display":"","ast-hfb-mobile-header-display":"","site-post-title":"disabled","ast-breadcrumbs-content":"","ast-featured-img":"","footer-sml-layout":"","ast-disable-related-posts":"","theme-transparent-header-meta":"","adv-header-id-meta":"","stick-header-meta":"","header-above-stick-meta":"","header-main-stick-meta":"","header-below-stick-meta":"","astra-migrate-meta-layouts":"set","ast-page-background-enabled":"default","ast-page-background-meta":{"desktop":{"background-color":"var(--ast-global-color-4)","background-image":"","background-repeat":"repeat","background-position":"center center","background-size":"auto","background-attachment":"scroll","background-type":"","background-media":"","overlay-type":"","overlay-color":"","overlay-opacity":"","overlay-gradient":""},"tablet":{"background-color":"","background-image":"","background-repeat":"repeat","background-position":"center center","background-size":"auto","background-attachment":"scroll","background-type":"","background-media":"","overlay-type":"","overlay-color":"","overlay-opacity":"","overlay-gradient":""},"mobile":{"background-color":"","background-image":"","background-repeat":"repeat","background-position":"center center","background-size":"auto","background-attachment":"scroll","background-type":"","background-media":"","overlay-type":"","overlay-color":"","overlay-opacity":"","overlay-gradient":""}},"ast-content-background-meta":{"desktop":{"background-color":"var(--ast-global-color-5)","background-image":"","background-repeat":"repeat","background-position":"center center","background-size":"auto","background-attachment":"scroll","background-type":"","background-media":"","overlay-type":"","overlay-color":"","overlay-opacity":"","overlay-gradient":""},"tablet":{"background-color":"var(--ast-global-color-5)","background-image":"","background-repeat":"repeat","background-position":"center center","background-size":"auto","background-attachment":"scroll","background-type":"","background-media":"","overlay-type":"","overlay-color":"","overlay-opacity":"","overlay-gradient":""},"mobile":{"background-color":"var(--ast-global-color-5)","background-image":"","background-repeat":"repeat","background-position":"center center","background-size":"auto","background-attachment":"scroll","background-type":"","background-media":"","overlay-type":"","overlay-color":"","overlay-opacity":"","overlay-gradient":""}},"footnotes":""},"class_list":["post-4413","page","type-page","status-publish","hentry"],"yoast_head":"<!-- This site is optimized with the Yoast SEO plugin v26.8 - https:\/\/yoast.com\/product\/yoast-seo-wordpress\/ -->\n<title>FAQs - MERAKI<\/title>\n<meta name=\"robots\" content=\"index, follow, max-snippet:-1, max-image-preview:large, max-video-preview:-1\" \/>\n<link rel=\"canonical\" href=\"https:\/\/digilago.es\/mugun\/faqs\/\" \/>\n<meta property=\"og:locale\" content=\"es_ES\" \/>\n<meta property=\"og:type\" content=\"article\" \/>\n<meta property=\"og:title\" content=\"FAQs - MERAKI\" \/>\n<meta property=\"og:description\" content=\"\u00bfPor qu\u00e9 elegir el maquillaje coreano? El maquillaje coreano es una excelente opci\u00f3n por su enfoque en terner una piel [&hellip;]\" \/>\n<meta property=\"og:url\" content=\"https:\/\/digilago.es\/mugun\/faqs\/\" \/>\n<meta property=\"og:site_name\" content=\"MERAKI\" \/>\n<meta property=\"article:modified_time\" content=\"2024-01-05T18:40:52+00:00\" \/>\n<meta property=\"og:image\" content=\"https:\/\/digilago.es\/mugun\/wp-content\/uploads\/sites\/5\/2022\/05\/2010525.png\" \/>\n<meta name=\"twitter:card\" content=\"summary_large_image\" \/>\n<meta name=\"twitter:label1\" content=\"Tiempo de lectura\" \/>\n\t<meta name=\"twitter:data1\" content=\"3 minutos\" \/>\n<script type=\"application\/ld+json\" class=\"yoast-schema-graph\">{\"@context\":\"https:\/\/schema.org\",\"@graph\":[{\"@type\":\"WebPage\",\"@id\":\"https:\/\/digilago.es\/mugun\/faqs\/\",\"url\":\"https:\/\/digilago.es\/mugun\/faqs\/\",\"name\":\"FAQs - MERAKI\",\"isPartOf\":{\"@id\":\"https:\/\/digilago.es\/mugun\/#website\"},\"primaryImageOfPage\":{\"@id\":\"https:\/\/digilago.es\/mugun\/faqs\/#primaryimage\"},\"image\":{\"@id\":\"https:\/\/digilago.es\/mugun\/faqs\/#primaryimage\"},\"thumbnailUrl\":\"https:\/\/digilago.es\/mugun\/wp-content\/uploads\/sites\/5\/2022\/05\/2010525.png\",\"datePublished\":\"2022-05-27T12:02:35+00:00\",\"dateModified\":\"2024-01-05T18:40:52+00:00\",\"breadcrumb\":{\"@id\":\"https:\/\/digilago.es\/mugun\/faqs\/#breadcrumb\"},\"inLanguage\":\"es\",\"potentialAction\":[{\"@type\":\"ReadAction\",\"target\":[\"https:\/\/digilago.es\/mugun\/faqs\/\"]}]},{\"@type\":\"ImageObject\",\"inLanguage\":\"es\",\"@id\":\"https:\/\/digilago.es\/mugun\/faqs\/#primaryimage\",\"url\":\"https:\/\/digilago.es\/mugun\/wp-content\/uploads\/sites\/5\/2022\/05\/2010525.png\",\"contentUrl\":\"https:\/\/digilago.es\/mugun\/wp-content\/uploads\/sites\/5\/2022\/05\/2010525.png\",\"width\":512,\"height\":512},{\"@type\":\"BreadcrumbList\",\"@id\":\"https:\/\/digilago.es\/mugun\/faqs\/#breadcrumb\",\"itemListElement\":[{\"@type\":\"ListItem\",\"position\":1,\"name\":\"Portada\",\"item\":\"https:\/\/digilago.es\/mugun\/\"},{\"@type\":\"ListItem\",\"position\":2,\"name\":\"FAQs\"}]},{\"@type\":\"WebSite\",\"@id\":\"https:\/\/digilago.es\/mugun\/#website\",\"url\":\"https:\/\/digilago.es\/mugun\/\",\"name\":\"MERAKI\",\"description\":\"Otro sitio m\u00e1s de DIGILAGO proyectos de negocio alumnos\",\"publisher\":{\"@id\":\"https:\/\/digilago.es\/mugun\/#organization\"},\"potentialAction\":[{\"@type\":\"SearchAction\",\"target\":{\"@type\":\"EntryPoint\",\"urlTemplate\":\"https:\/\/digilago.es\/mugun\/?s={search_term_string}\"},\"query-input\":{\"@type\":\"PropertyValueSpecification\",\"valueRequired\":true,\"valueName\":\"search_term_string\"}}],\"inLanguage\":\"es\"},{\"@type\":\"Organization\",\"@id\":\"https:\/\/digilago.es\/mugun\/#organization\",\"name\":\"MERAKI\",\"url\":\"https:\/\/digilago.es\/mugun\/\",\"logo\":{\"@type\":\"ImageObject\",\"inLanguage\":\"es\",\"@id\":\"https:\/\/digilago.es\/mugun\/#\/schema\/logo\/image\/\",\"url\":\"https:\/\/digilago.es\/mugun\/wp-content\/uploads\/sites\/5\/2024\/01\/cropped-cropped-Logo-blanco-sin-nombre.png\",\"contentUrl\":\"https:\/\/digilago.es\/mugun\/wp-content\/uploads\/sites\/5\/2024\/01\/cropped-cropped-Logo-blanco-sin-nombre.png\",\"width\":184,\"height\":166,\"caption\":\"MERAKI\"},\"image\":{\"@id\":\"https:\/\/digilago.es\/mugun\/#\/schema\/logo\/image\/\"}}]}<\/script>\n<!-- \/ Yoast SEO plugin. -->","yoast_head_json":{"title":"FAQs - MERAKI","robots":{"index":"index","follow":"follow","max-snippet":"max-snippet:-1","max-image-preview":"max-image-preview:large","max-video-preview":"max-video-preview:-1"},"canonical":"https:\/\/digilago.es\/mugun\/faqs\/","og_locale":"es_ES","og_type":"article","og_title":"FAQs - MERAKI","og_description":"\u00bfPor qu\u00e9 elegir el maquillaje coreano? El maquillaje coreano es una excelente opci\u00f3n por su enfoque en terner una piel [&hellip;]","og_url":"https:\/\/digilago.es\/mugun\/faqs\/","og_site_name":"MERAKI","article_modified_time":"2024-01-05T18:40:52+00:00","og_image":[{"url":"https:\/\/digilago.es\/mugun\/wp-content\/uploads\/sites\/5\/2022\/05\/2010525.png","type":"","width":"","height":""}],"twitter_card":"summary_large_image","twitter_misc":{"Tiempo de lectura":"3 minutos"},"schema":{"@context":"https:\/\/schema.org","@graph":[{"@type":"WebPage","@id":"https:\/\/digilago.es\/mugun\/faqs\/","url":"https:\/\/digilago.es\/mugun\/faqs\/","name":"FAQs - MERAKI","isPartOf":{"@id":"https:\/\/digilago.es\/mugun\/#website"},"primaryImageOfPage":{"@id":"https:\/\/digilago.es\/mugun\/faqs\/#primaryimage"},"image":{"@id":"https:\/\/digilago.es\/mugun\/faqs\/#primaryimage"},"thumbnailUrl":"https:\/\/digilago.es\/mugun\/wp-content\/uploads\/sites\/5\/2022\/05\/2010525.png","datePublished":"2022-05-27T12:02:35+00:00","dateModified":"2024-01-05T18:40:52+00:00","breadcrumb":{"@id":"https:\/\/digilago.es\/mugun\/faqs\/#breadcrumb"},"inLanguage":"es","potentialAction":[{"@type":"ReadAction","target":["https:\/\/digilago.es\/mugun\/faqs\/"]}]},{"@type":"ImageObject","inLanguage":"es","@id":"https:\/\/digilago.es\/mugun\/faqs\/#primaryimage","url":"https:\/\/digilago.es\/mugun\/wp-content\/uploads\/sites\/5\/2022\/05\/2010525.png","contentUrl":"https:\/\/digilago.es\/mugun\/wp-content\/uploads\/sites\/5\/2022\/05\/2010525.png","width":512,"height":512},{"@type":"BreadcrumbList","@id":"https:\/\/digilago.es\/mugun\/faqs\/#breadcrumb","itemListElement":[{"@type":"ListItem","position":1,"name":"Portada","item":"https:\/\/digilago.es\/mugun\/"},{"@type":"ListItem","position":2,"name":"FAQs"}]},{"@type":"WebSite","@id":"https:\/\/digilago.es\/mugun\/#website","url":"https:\/\/digilago.es\/mugun\/","name":"MERAKI","description":"Otro sitio m\u00e1s de DIGILAGO proyectos de negocio alumnos","publisher":{"@id":"https:\/\/digilago.es\/mugun\/#organization"},"potentialAction":[{"@type":"SearchAction","target":{"@type":"EntryPoint","urlTemplate":"https:\/\/digilago.es\/mugun\/?s={search_term_string}"},"query-input":{"@type":"PropertyValueSpecification","valueRequired":true,"valueName":"search_term_string"}}],"inLanguage":"es"},{"@type":"Organization","@id":"https:\/\/digilago.es\/mugun\/#organization","name":"MERAKI","url":"https:\/\/digilago.es\/mugun\/","logo":{"@type":"ImageObject","inLanguage":"es","@id":"https:\/\/digilago.es\/mugun\/#\/schema\/logo\/image\/","url":"https:\/\/digilago.es\/mugun\/wp-content\/uploads\/sites\/5\/2024\/01\/cropped-cropped-Logo-blanco-sin-nombre.png","contentUrl":"https:\/\/digilago.es\/mugun\/wp-content\/uploads\/sites\/5\/2024\/01\/cropped-cropped-Logo-blanco-sin-nombre.png","width":184,"height":166,"caption":"MERAKI"},"image":{"@id":"https:\/\/digilago.es\/mugun\/#\/schema\/logo\/image\/"}}]}},"_links":{"self":[{"href":"https:\/\/digilago.es\/mugun\/wp-json\/wp\/v2\/pages\/4413","targetHints":{"allow":["GET"]}}],"collection":[{"href":"https:\/\/digilago.es\/mugun\/wp-json\/wp\/v2\/pages"}],"about":[{"href":"https:\/\/digilago.es\/mugun\/wp-json\/wp\/v2\/types\/page"}],"author":[{"embeddable":true,"href":"https:\/\/digilago.es\/mugun\/wp-json\/wp\/v2\/users\/4"}],"replies":[{"embeddable":true,"href":"https:\/\/digilago.es\/mugun\/wp-json\/wp\/v2\/comments?post=4413"}],"version-history":[{"count":21,"href":"https:\/\/digilago.es\/mugun\/wp-json\/wp\/v2\/pages\/4413\/revisions"}],"predecessor-version":[{"id":5152,"href":"https:\/\/digilago.es\/mugun\/wp-json\/wp\/v2\/pages\/4413\/revisions\/5152"}],"wp:attachment":[{"href":"https:\/\/digilago.es\/mugun\/wp-json\/wp\/v2\/media?parent=4413"}],"curies":[{"name":"wp","href":"https:\/\/api.w.org\/{rel}","templated":true}]}}