{"id":4264,"date":"2022-05-22T10:34:25","date_gmt":"2022-05-22T10:34:25","guid":{"rendered":"https:\/\/digilago.es\/mugun\/?page_id=4264"},"modified":"2024-01-05T17:17:51","modified_gmt":"2024-01-05T17:17:51","slug":"por-que-comprar-aqui","status":"publish","type":"page","link":"https:\/\/digilago.es\/mugun\/por-que-comprar-aqui\/","title":{"rendered":"\u00bfPor qu\u00e9 comprar aqu\u00ed?"},"content":{"rendered":"\n<p>Si est\u00e1s leyendo esto te estar\u00e1s preguntando: \u00bfPor que comprar en Meraki y no en otro sitio?, \u00bfqu\u00e9 me pueden aportar a mi como clienta? \u00a1Sigue leyendo para conocer m\u00e1s sobre nosotras!<\/p>\n\n\n\n<div class=\"wp-block-uagb-icon-list uagb-block-aa8f73f9 uagb-icon-list__outer-wrap uagb-icon-list__layout-vertical\"><div class=\"uagb-icon-list__wrap\">\n<div class=\"wp-block-uagb-icon-list-child uagb-block-0fdb712f\"><a target=\"_self\" aria-label=\"Somos el referente del maquillaje coreano en Espa\u00f1a\" rel=\"noopener noreferrer\" href=\"#\"> <\/a><span class=\"uagb-icon-list__source-wrap\"><img decoding=\"async\" class=\"uagb-icon-list__source-image\" src=\"https:\/\/digilago.es\/mugun\/wp-content\/uploads\/sites\/5\/2022\/05\/2090284.png\" width=\"50\" loading=\"lazy\" alt=\"\" \/><\/span><span class=\"uagb-icon-list__label\"><strong>Somos el referente del maquillaje coreano en Espa\u00f1a<\/strong><\/span><\/div>\n<\/div><\/div>\n\n\n\n<div class=\"wp-block-group is-layout-flow wp-block-group-is-layout-flow\">\n<p>Nuestra visi\u00f3n como empresa es promover la autenticidad y la celebraci\u00f3n de la belleza \u00fanica en cada individuo. Buscamos inspirar confianza y empoderamiento a trav\u00e9s de productos innovadores que realzan la belleza natural, invitando a las personas a expresarse libremente y a abrazar su singularidad. \u00a1Nosotras amamos nuestro trabajo y tu amaras nuestros productos!<\/p>\n<\/div>\n\n\n\n<div class=\"wp-block-uagb-icon-list uagb-block-59bff3f2 uagb-icon-list__outer-wrap uagb-icon-list__layout-vertical\"><div class=\"uagb-icon-list__wrap\">\n<div class=\"wp-block-uagb-icon-list-child uagb-block-42bea91d\"><a target=\"_self\" aria-label=\"Te ofrecemos calidad\" rel=\"noopener noreferrer\" href=\"#\"> <\/a><span class=\"uagb-icon-list__source-wrap\"><img loading=\"lazy\" decoding=\"async\" class=\"uagb-icon-list__source-image\" src=\"https:\/\/digilago.es\/mugun\/wp-content\/uploads\/sites\/5\/2022\/05\/3937040.png\" width=\"50\" height=\"50\" loading=\"lazy\" alt=\"\" \/><\/span><span class=\"uagb-icon-list__label\"><strong>Te ofrecemos calidad<\/strong><\/span><\/div>\n<\/div><\/div>\n\n\n\n<div class=\"wp-block-group is-layout-flow wp-block-group-is-layout-flow\">\n<p>Todos los productos que encontrar\u00e1s en nuestra tienda han sido probados por nuestras expertas, ya que antes de llegar a ti, nos aseguraremos que cumplan unos est\u00e1ndares muy altos de seguridad y calidad. Garantizamos que nuestros productos son 100% seguros y eficaces para tu tipo de piel.<\/p>\n<\/div>\n\n\n\n<div class=\"wp-block-uagb-icon-list uagb-block-40c617fe uagb-icon-list__outer-wrap uagb-icon-list__layout-vertical\"><div class=\"uagb-icon-list__wrap\">\n<div class=\"wp-block-uagb-icon-list-child uagb-block-ed9b01b8\"><a target=\"_self\" aria-label=\"Te transmitimos confianza\" rel=\"noopener noreferrer\" href=\"#\"> <\/a><span class=\"uagb-icon-list__source-wrap\"><img decoding=\"async\" class=\"uagb-icon-list__source-image\" src=\"https:\/\/digilago.es\/mugun\/wp-content\/uploads\/sites\/5\/2022\/05\/4727566.png\" width=\"60\" loading=\"lazy\" alt=\"\" \/><\/span><span class=\"uagb-icon-list__label\"><strong>Te transmitimos confianza<\/strong><\/span><\/div>\n<\/div><\/div>\n\n\n\n<div class=\"wp-block-group is-layout-flow wp-block-group-is-layout-flow\">\n<p>Queremos que nuestros clientes nos vean como a esa mejor amiga a la que pueden contar y preguntar todo. No tengas verg\u00fcenza de escribirnos a trav\u00e9s de nuestro correo o chat para preguntarnos cualquier cosa.<\/p>\n<\/div>\n\n\n\n<div class=\"wp-block-group is-layout-flow wp-block-group-is-layout-flow\">\n<p> Nuestra m\u00e1xima es ayudarte a elegir los mejores productos seg\u00fan tu tipo de piel y que consigas justo los resultados que estas buscando y si piensas que un correo o un mensaje no puede resolver tus dudas al 100% no hay problema, pide una cita personalizada para ti con una de nuestras expertas por video llamada o llamada telef\u00f3nica.<\/p>\n<\/div>\n\n\n\n<div class=\"wp-block-uagb-icon-list uagb-block-f81d99d0 uagb-icon-list__outer-wrap uagb-icon-list__layout-vertical\"><div class=\"uagb-icon-list__wrap\">\n<div class=\"wp-block-uagb-icon-list-child uagb-block-fdef27de\"><a target=\"_self\" aria-label=\"Regalos en todas tus compras\" rel=\"noopener noreferrer\" href=\"#\"> <\/a><span class=\"uagb-icon-list__source-wrap\"><img loading=\"lazy\" decoding=\"async\" class=\"uagb-icon-list__source-image\" src=\"https:\/\/digilago.es\/mugun\/wp-content\/uploads\/sites\/5\/2022\/05\/5014063.png\" width=\"60\" height=\"60\" loading=\"lazy\" alt=\"\" \/><\/span><span class=\"uagb-icon-list__label\"><strong>Regalos en todas tus compras<\/strong><\/span><\/div>\n<\/div><\/div>\n\n\n\n<div class=\"wp-block-group is-layout-flow wp-block-group-is-layout-flow\">\n<p>Estamos tan agradecidos por tu confianza que queremos premiarte en todos tus pedidos con un regalo.<\/p>\n<\/div>\n\n\n\n<div class=\"wp-block-group is-layout-flow wp-block-group-is-layout-flow\">\n<p>En todos tus pedidos recibir\u00e1s una carta de agradecimiento del equipo de Meraki, muestras gratuitas de nuestros productos mas tops, \u00bfqui\u00e9n sabe?, puede que tu nueva base favorita venga en tu siguiente pedido. Y con cada compra acumula puntos de descuentos para tu siguiente pedido, \u00bfte imaginas que tu siguiente pedido te salga completamente gratis? \u00a1Seria maravilloso!<\/p>\n<\/div>\n\n\n\n<div class=\"wp-block-uagb-icon-list uagb-block-152532bb uagb-icon-list__outer-wrap uagb-icon-list__layout-vertical\"><div class=\"uagb-icon-list__wrap\">\n<div class=\"wp-block-uagb-icon-list-child uagb-block-d7d65ae9\"><a target=\"_self\" aria-label=\"Packs seg\u00fan la ocasi\u00f3n\" rel=\"noopener noreferrer\" href=\"#\"> <\/a><span class=\"uagb-icon-list__source-wrap\"><img decoding=\"async\" class=\"uagb-icon-list__source-image\" src=\"https:\/\/digilago.es\/mugun\/wp-content\/uploads\/sites\/5\/2022\/05\/Imagen1-1.png\" width=\"60\" loading=\"lazy\" alt=\"\" \/><\/span><span class=\"uagb-icon-list__label\"><strong>Packs seg\u00fan la ocasi\u00f3n<\/strong><\/span><\/div>\n<\/div><\/div>\n\n\n\n<div class=\"wp-block-group is-layout-flow wp-block-group-is-layout-flow\">\n<p>Todos sabemos que ahora con las redes sociales salen nuevas tendencias cada segundo, tambi\u00e9n sabemos que tienes ganas de probar todas y cada una de ellas. No tendr\u00e1s que matarte a buscar los productos ideales para ello, aqu\u00ed te ofrecemos packs con cada uno de los productos necesarios para que recrees el maquillaje deseado y no tengas que buscar tanto.<\/p>\n<\/div>\n\n\n\n<div class=\"wp-block-group is-layout-flow wp-block-group-is-layout-flow\">\n<p><\/p>\n<\/div>\n","protected":false},"excerpt":{"rendered":"<p>Si est\u00e1s leyendo esto te estar\u00e1s preguntando: \u00bfPor que comprar en Meraki y no en otro sitio?, \u00bfqu\u00e9 me pueden [&hellip;]<\/p>\n","protected":false},"author":32,"featured_media":0,"parent":0,"menu_order":0,"comment_status":"closed","ping_status":"closed","template":"","meta":{"site-sidebar-layout":"default","site-content-layout":"","ast-site-content-layout":"default","site-content-style":"default","site-sidebar-style":"default","ast-global-header-display":"","ast-banner-title-visibility":"","ast-main-header-display":"","ast-hfb-above-header-display":"","ast-hfb-below-header-display":"","ast-hfb-mobile-header-display":"","site-post-title":"","ast-breadcrumbs-content":"","ast-featured-img":"","footer-sml-layout":"","ast-disable-related-posts":"","theme-transparent-header-meta":"","adv-header-id-meta":"","stick-header-meta":"","header-above-stick-meta":"","header-main-stick-meta":"","header-below-stick-meta":"","astra-migrate-meta-layouts":"set","ast-page-background-enabled":"default","ast-page-background-meta":{"desktop":{"background-color":"var(--ast-global-color-4)","background-image":"","background-repeat":"repeat","background-position":"center center","background-size":"auto","background-attachment":"scroll","background-type":"","background-media":"","overlay-type":"","overlay-color":"","overlay-opacity":"","overlay-gradient":""},"tablet":{"background-color":"","background-image":"","background-repeat":"repeat","background-position":"center center","background-size":"auto","background-attachment":"scroll","background-type":"","background-media":"","overlay-type":"","overlay-color":"","overlay-opacity":"","overlay-gradient":""},"mobile":{"background-color":"","background-image":"","background-repeat":"repeat","background-position":"center center","background-size":"auto","background-attachment":"scroll","background-type":"","background-media":"","overlay-type":"","overlay-color":"","overlay-opacity":"","overlay-gradient":""}},"ast-content-background-meta":{"desktop":{"background-color":"var(--ast-global-color-5)","background-image":"","background-repeat":"repeat","background-position":"center center","background-size":"auto","background-attachment":"scroll","background-type":"","background-media":"","overlay-type":"","overlay-color":"","overlay-opacity":"","overlay-gradient":""},"tablet":{"background-color":"var(--ast-global-color-5)","background-image":"","background-repeat":"repeat","background-position":"center center","background-size":"auto","background-attachment":"scroll","background-type":"","background-media":"","overlay-type":"","overlay-color":"","overlay-opacity":"","overlay-gradient":""},"mobile":{"background-color":"var(--ast-global-color-5)","background-image":"","background-repeat":"repeat","background-position":"center center","background-size":"auto","background-attachment":"scroll","background-type":"","background-media":"","overlay-type":"","overlay-color":"","overlay-opacity":"","overlay-gradient":""}},"footnotes":""},"class_list":["post-4264","page","type-page","status-publish","hentry"],"yoast_head":"<!-- This site is optimized with the Yoast SEO plugin v26.8 - https:\/\/yoast.com\/product\/yoast-seo-wordpress\/ -->\n<title>\u00bfPor qu\u00e9 comprar aqu\u00ed? - MERAKI<\/title>\n<meta name=\"robots\" content=\"index, follow, max-snippet:-1, max-image-preview:large, max-video-preview:-1\" \/>\n<link rel=\"canonical\" href=\"https:\/\/digilago.es\/mugun\/por-que-comprar-aqui\/\" \/>\n<meta property=\"og:locale\" content=\"es_ES\" \/>\n<meta property=\"og:type\" content=\"article\" \/>\n<meta property=\"og:title\" content=\"\u00bfPor qu\u00e9 comprar aqu\u00ed? - MERAKI\" \/>\n<meta property=\"og:description\" content=\"Si est\u00e1s leyendo esto te estar\u00e1s preguntando: \u00bfPor que comprar en Meraki y no en otro sitio?, \u00bfqu\u00e9 me pueden [&hellip;]\" \/>\n<meta property=\"og:url\" content=\"https:\/\/digilago.es\/mugun\/por-que-comprar-aqui\/\" \/>\n<meta property=\"og:site_name\" content=\"MERAKI\" \/>\n<meta property=\"article:modified_time\" content=\"2024-01-05T17:17:51+00:00\" \/>\n<meta property=\"og:image\" content=\"https:\/\/digilago.es\/mugun\/wp-content\/uploads\/sites\/5\/2022\/05\/2090284.png\" \/>\n<meta name=\"twitter:card\" content=\"summary_large_image\" \/>\n<meta name=\"twitter:label1\" content=\"Tiempo de lectura\" \/>\n\t<meta name=\"twitter:data1\" content=\"3 minutos\" \/>\n<script type=\"application\/ld+json\" class=\"yoast-schema-graph\">{\"@context\":\"https:\/\/schema.org\",\"@graph\":[{\"@type\":\"WebPage\",\"@id\":\"https:\/\/digilago.es\/mugun\/por-que-comprar-aqui\/\",\"url\":\"https:\/\/digilago.es\/mugun\/por-que-comprar-aqui\/\",\"name\":\"\u00bfPor qu\u00e9 comprar aqu\u00ed? - MERAKI\",\"isPartOf\":{\"@id\":\"https:\/\/digilago.es\/mugun\/#website\"},\"primaryImageOfPage\":{\"@id\":\"https:\/\/digilago.es\/mugun\/por-que-comprar-aqui\/#primaryimage\"},\"image\":{\"@id\":\"https:\/\/digilago.es\/mugun\/por-que-comprar-aqui\/#primaryimage\"},\"thumbnailUrl\":\"https:\/\/digilago.es\/mugun\/wp-content\/uploads\/sites\/5\/2022\/05\/2090284.png\",\"datePublished\":\"2022-05-22T10:34:25+00:00\",\"dateModified\":\"2024-01-05T17:17:51+00:00\",\"breadcrumb\":{\"@id\":\"https:\/\/digilago.es\/mugun\/por-que-comprar-aqui\/#breadcrumb\"},\"inLanguage\":\"es\",\"potentialAction\":[{\"@type\":\"ReadAction\",\"target\":[\"https:\/\/digilago.es\/mugun\/por-que-comprar-aqui\/\"]}]},{\"@type\":\"ImageObject\",\"inLanguage\":\"es\",\"@id\":\"https:\/\/digilago.es\/mugun\/por-que-comprar-aqui\/#primaryimage\",\"url\":\"https:\/\/digilago.es\/mugun\/wp-content\/uploads\/sites\/5\/2022\/05\/2090284.png\",\"contentUrl\":\"https:\/\/digilago.es\/mugun\/wp-content\/uploads\/sites\/5\/2022\/05\/2090284.png\",\"width\":512,\"height\":512},{\"@type\":\"BreadcrumbList\",\"@id\":\"https:\/\/digilago.es\/mugun\/por-que-comprar-aqui\/#breadcrumb\",\"itemListElement\":[{\"@type\":\"ListItem\",\"position\":1,\"name\":\"Portada\",\"item\":\"https:\/\/digilago.es\/mugun\/\"},{\"@type\":\"ListItem\",\"position\":2,\"name\":\"\u00bfPor qu\u00e9 comprar aqu\u00ed?\"}]},{\"@type\":\"WebSite\",\"@id\":\"https:\/\/digilago.es\/mugun\/#website\",\"url\":\"https:\/\/digilago.es\/mugun\/\",\"name\":\"MERAKI\",\"description\":\"Otro sitio m\u00e1s de DIGILAGO proyectos de negocio alumnos\",\"publisher\":{\"@id\":\"https:\/\/digilago.es\/mugun\/#organization\"},\"potentialAction\":[{\"@type\":\"SearchAction\",\"target\":{\"@type\":\"EntryPoint\",\"urlTemplate\":\"https:\/\/digilago.es\/mugun\/?s={search_term_string}\"},\"query-input\":{\"@type\":\"PropertyValueSpecification\",\"valueRequired\":true,\"valueName\":\"search_term_string\"}}],\"inLanguage\":\"es\"},{\"@type\":\"Organization\",\"@id\":\"https:\/\/digilago.es\/mugun\/#organization\",\"name\":\"MERAKI\",\"url\":\"https:\/\/digilago.es\/mugun\/\",\"logo\":{\"@type\":\"ImageObject\",\"inLanguage\":\"es\",\"@id\":\"https:\/\/digilago.es\/mugun\/#\/schema\/logo\/image\/\",\"url\":\"https:\/\/digilago.es\/mugun\/wp-content\/uploads\/sites\/5\/2024\/01\/cropped-cropped-Logo-blanco-sin-nombre.png\",\"contentUrl\":\"https:\/\/digilago.es\/mugun\/wp-content\/uploads\/sites\/5\/2024\/01\/cropped-cropped-Logo-blanco-sin-nombre.png\",\"width\":184,\"height\":166,\"caption\":\"MERAKI\"},\"image\":{\"@id\":\"https:\/\/digilago.es\/mugun\/#\/schema\/logo\/image\/\"}}]}<\/script>\n<!-- \/ Yoast SEO plugin. -->","yoast_head_json":{"title":"\u00bfPor qu\u00e9 comprar aqu\u00ed? - MERAKI","robots":{"index":"index","follow":"follow","max-snippet":"max-snippet:-1","max-image-preview":"max-image-preview:large","max-video-preview":"max-video-preview:-1"},"canonical":"https:\/\/digilago.es\/mugun\/por-que-comprar-aqui\/","og_locale":"es_ES","og_type":"article","og_title":"\u00bfPor qu\u00e9 comprar aqu\u00ed? - MERAKI","og_description":"Si est\u00e1s leyendo esto te estar\u00e1s preguntando: \u00bfPor que comprar en Meraki y no en otro sitio?, \u00bfqu\u00e9 me pueden [&hellip;]","og_url":"https:\/\/digilago.es\/mugun\/por-que-comprar-aqui\/","og_site_name":"MERAKI","article_modified_time":"2024-01-05T17:17:51+00:00","og_image":[{"url":"https:\/\/digilago.es\/mugun\/wp-content\/uploads\/sites\/5\/2022\/05\/2090284.png","type":"","width":"","height":""}],"twitter_card":"summary_large_image","twitter_misc":{"Tiempo de lectura":"3 minutos"},"schema":{"@context":"https:\/\/schema.org","@graph":[{"@type":"WebPage","@id":"https:\/\/digilago.es\/mugun\/por-que-comprar-aqui\/","url":"https:\/\/digilago.es\/mugun\/por-que-comprar-aqui\/","name":"\u00bfPor qu\u00e9 comprar aqu\u00ed? - MERAKI","isPartOf":{"@id":"https:\/\/digilago.es\/mugun\/#website"},"primaryImageOfPage":{"@id":"https:\/\/digilago.es\/mugun\/por-que-comprar-aqui\/#primaryimage"},"image":{"@id":"https:\/\/digilago.es\/mugun\/por-que-comprar-aqui\/#primaryimage"},"thumbnailUrl":"https:\/\/digilago.es\/mugun\/wp-content\/uploads\/sites\/5\/2022\/05\/2090284.png","datePublished":"2022-05-22T10:34:25+00:00","dateModified":"2024-01-05T17:17:51+00:00","breadcrumb":{"@id":"https:\/\/digilago.es\/mugun\/por-que-comprar-aqui\/#breadcrumb"},"inLanguage":"es","potentialAction":[{"@type":"ReadAction","target":["https:\/\/digilago.es\/mugun\/por-que-comprar-aqui\/"]}]},{"@type":"ImageObject","inLanguage":"es","@id":"https:\/\/digilago.es\/mugun\/por-que-comprar-aqui\/#primaryimage","url":"https:\/\/digilago.es\/mugun\/wp-content\/uploads\/sites\/5\/2022\/05\/2090284.png","contentUrl":"https:\/\/digilago.es\/mugun\/wp-content\/uploads\/sites\/5\/2022\/05\/2090284.png","width":512,"height":512},{"@type":"BreadcrumbList","@id":"https:\/\/digilago.es\/mugun\/por-que-comprar-aqui\/#breadcrumb","itemListElement":[{"@type":"ListItem","position":1,"name":"Portada","item":"https:\/\/digilago.es\/mugun\/"},{"@type":"ListItem","position":2,"name":"\u00bfPor qu\u00e9 comprar aqu\u00ed?"}]},{"@type":"WebSite","@id":"https:\/\/digilago.es\/mugun\/#website","url":"https:\/\/digilago.es\/mugun\/","name":"MERAKI","description":"Otro sitio m\u00e1s de DIGILAGO proyectos de negocio alumnos","publisher":{"@id":"https:\/\/digilago.es\/mugun\/#organization"},"potentialAction":[{"@type":"SearchAction","target":{"@type":"EntryPoint","urlTemplate":"https:\/\/digilago.es\/mugun\/?s={search_term_string}"},"query-input":{"@type":"PropertyValueSpecification","valueRequired":true,"valueName":"search_term_string"}}],"inLanguage":"es"},{"@type":"Organization","@id":"https:\/\/digilago.es\/mugun\/#organization","name":"MERAKI","url":"https:\/\/digilago.es\/mugun\/","logo":{"@type":"ImageObject","inLanguage":"es","@id":"https:\/\/digilago.es\/mugun\/#\/schema\/logo\/image\/","url":"https:\/\/digilago.es\/mugun\/wp-content\/uploads\/sites\/5\/2024\/01\/cropped-cropped-Logo-blanco-sin-nombre.png","contentUrl":"https:\/\/digilago.es\/mugun\/wp-content\/uploads\/sites\/5\/2024\/01\/cropped-cropped-Logo-blanco-sin-nombre.png","width":184,"height":166,"caption":"MERAKI"},"image":{"@id":"https:\/\/digilago.es\/mugun\/#\/schema\/logo\/image\/"}}]}},"_links":{"self":[{"href":"https:\/\/digilago.es\/mugun\/wp-json\/wp\/v2\/pages\/4264","targetHints":{"allow":["GET"]}}],"collection":[{"href":"https:\/\/digilago.es\/mugun\/wp-json\/wp\/v2\/pages"}],"about":[{"href":"https:\/\/digilago.es\/mugun\/wp-json\/wp\/v2\/types\/page"}],"author":[{"embeddable":true,"href":"https:\/\/digilago.es\/mugun\/wp-json\/wp\/v2\/users\/32"}],"replies":[{"embeddable":true,"href":"https:\/\/digilago.es\/mugun\/wp-json\/wp\/v2\/comments?post=4264"}],"version-history":[{"count":19,"href":"https:\/\/digilago.es\/mugun\/wp-json\/wp\/v2\/pages\/4264\/revisions"}],"predecessor-version":[{"id":5131,"href":"https:\/\/digilago.es\/mugun\/wp-json\/wp\/v2\/pages\/4264\/revisions\/5131"}],"wp:attachment":[{"href":"https:\/\/digilago.es\/mugun\/wp-json\/wp\/v2\/media?parent=4264"}],"curies":[{"name":"wp","href":"https:\/\/api.w.org\/{rel}","templated":true}]}}