{"id":4225,"date":"2022-05-21T22:44:10","date_gmt":"2022-05-21T22:44:10","guid":{"rendered":"https:\/\/digilago.es\/mugun\/?page_id=4225"},"modified":"2024-01-05T19:12:26","modified_gmt":"2024-01-05T19:12:26","slug":"conoce-tu-tipo-de-piel","status":"publish","type":"page","link":"https:\/\/digilago.es\/mugun\/conoce-tu-tipo-de-piel\/","title":{"rendered":"Conoce tu tipo de piel"},"content":{"rendered":"\n<div class=\"wp-block-group is-layout-flow wp-block-group-is-layout-flow\">\n<div class=\"wp-block-uagb-icon-list uagb-block-65b29a0d uagb-icon-list__outer-wrap uagb-icon-list__layout-vertical\"><div class=\"uagb-icon-list__wrap\">\n<div class=\"wp-block-uagb-icon-list-child uagb-block-9025baf7\"><a target=\"_self\" aria-label=\"PIEL GRASA\" rel=\"noopener noreferrer\" href=\"#\"> <\/a><span class=\"uagb-icon-list__source-wrap\"><img loading=\"lazy\" decoding=\"async\" class=\"uagb-icon-list__source-image\" src=\"https:\/\/digilago.es\/mugun\/wp-content\/uploads\/sites\/5\/2022\/05\/Grasa.jpg\" width=\"100\" height=\"99\" loading=\"lazy\" alt=\"\" \/><\/span><span class=\"uagb-icon-list__label\"><strong>PIEL GRASA<\/strong><\/span><\/div>\n<\/div><\/div>\n<\/div>\n\n\n\n<p><\/p>\n\n\n\n<p class=\"has-text-align-left\">\u00bfSueles tener brillos, poros visibles y aceite en tu rostro a lo largo del d\u00eda? Si es as\u00ed seguramente tienes una piel grasa. Con nuestros productos tu rostro estar\u00e1 matificado, sin brillos y mucho m\u00e1s suave. Olv\u00eddate de sentirte una bombilla y empieza a brillar de otra manera.<\/p>\n\n\n\n<p><strong>CONSEJOS<\/strong><\/p>\n\n\n\n<ul class=\"wp-block-list\">\n<li>Busca siempre productos que contentan las palabras \u00abNo comedog\u00e9nico\u00bb o \u00abLibre de aceites\u00bb.<\/li>\n\n\n\n<li>Usa siempre un primer y un fijador matificante.<\/li>\n\n\n\n<li>No abuses de los productos en polvo, est\u00e1 bien variar para que tu piel no se acartone.<\/li>\n\n\n\n<li>Componentes que amar\u00e1s: niacinamida, \u00e1cido salic\u00edlico y aceite de \u00e1rbol de t\u00e9.<\/li>\n<\/ul>\n\n\n\n<hr class=\"wp-block-separator has-text-color has-pale-pink-color has-css-opacity has-pale-pink-background-color has-background is-style-default\" \/>\n\n\n\n<div class=\"wp-block-uagb-icon-list uagb-block-5aa60ec1 uagb-icon-list__outer-wrap uagb-icon-list__layout-vertical\"><div class=\"uagb-icon-list__wrap\">\n<div class=\"wp-block-uagb-icon-list-child uagb-block-2e11e67e\"><a target=\"_self\" aria-label=\"PIEL SECA\" rel=\"noopener noreferrer\" href=\"#\"> <\/a><span class=\"uagb-icon-list__source-wrap\"><img loading=\"lazy\" decoding=\"async\" class=\"uagb-icon-list__source-image\" src=\"https:\/\/digilago.es\/mugun\/wp-content\/uploads\/sites\/5\/2022\/05\/Seca.jpg\" width=\"100\" height=\"100\" loading=\"lazy\" alt=\"\" \/><\/span><span class=\"uagb-icon-list__label\"><strong>PIEL SECA<\/strong><\/span><\/div>\n<\/div><\/div>\n\n\n\n<p><\/p>\n\n\n\n<p>\u00bfSueles sentir tu piel tirante, tal vez escamada y nunca tienes brillos? Quiz\u00e1s parezca una lucha perdida contra la hidrataci\u00f3n, \u00a1pero no te preocupes! Tenemos los mejores consejos para estas pieles.<\/p>\n\n\n\n<p><strong>CONSEJOS<\/strong><\/p>\n\n\n\n<ul class=\"wp-block-list\">\n<li>Busca siempre utilizar productos en crema o l\u00edquidos, evita los polvos.<\/li>\n\n\n\n<li>Utiliza un primer y un fijador que sea hidratante.<\/li>\n\n\n\n<li>Evita el alcohol y el talco en los ingredientes.<\/li>\n\n\n\n<li>Componentes que amar\u00e1s: \u00e1cido hialur\u00f3nico, ceramidas y miel<\/li>\n<\/ul>\n\n\n\n<hr class=\"wp-block-separator has-text-color has-ast-global-color-0-color has-css-opacity has-ast-global-color-0-background-color has-background is-style-default\" \/>\n\n\n\n<div class=\"wp-block-uagb-icon-list uagb-block-5a49d342 uagb-icon-list__outer-wrap uagb-icon-list__layout-vertical\"><div class=\"uagb-icon-list__wrap\">\n<div class=\"wp-block-uagb-icon-list-child uagb-block-c2cae81d\"><a target=\"_self\" aria-label=\"PIEL MIXTA\" rel=\"noopener noreferrer\" href=\"#\"> <\/a><span class=\"uagb-icon-list__source-wrap\"><img loading=\"lazy\" decoding=\"async\" class=\"uagb-icon-list__source-image\" src=\"https:\/\/digilago.es\/mugun\/wp-content\/uploads\/sites\/5\/2022\/05\/mixta.jpg\" width=\"100\" height=\"99\" loading=\"lazy\" alt=\"\" \/><\/span><span class=\"uagb-icon-list__label\"><strong>PIEL MIXTA<\/strong><\/span><\/div>\n<\/div><\/div>\n\n\n\n<p><\/p>\n\n\n\n<p>Es una mezcla de algunos tipos de piel, la m\u00e1s com\u00fan es la que tiene la zona de la frente y la nariz grasa (la zona T) y las mejillas secas. \u00bfTe has comido la cabeza pensando que deber\u00edas usar y nunca has dado con el resultado? \u00a1Aqu\u00ed llegamos nosotras para ayudarte!<\/p>\n\n\n\n<p><strong>CONSEJOS<\/strong><\/p>\n\n\n\n<ul class=\"wp-block-list\">\n<li>Sella siempre tu rostro con polvos en tus zonas problem\u00e1ticas (la T com\u00fanmente).<\/li>\n\n\n\n<li>Utiliza un primer y un fijador acorde a c\u00f3mo est\u00e9 tu piel durante ese d\u00eda.<\/li>\n\n\n\n<li>No abuses de los productos en polvo, sobre todo el las zonas secas.<\/li>\n\n\n\n<li>Componentes que amar\u00e1s: antioxidantes, niacinamida y retinol.<\/li>\n<\/ul>\n\n\n\n<hr class=\"wp-block-separator has-text-color has-ast-global-color-0-color has-css-opacity has-ast-global-color-0-background-color has-background is-style-default\" \/>\n\n\n\n<div class=\"wp-block-uagb-icon-list uagb-block-113e2c2b uagb-icon-list__outer-wrap uagb-icon-list__layout-vertical\"><div class=\"uagb-icon-list__wrap\">\n<div class=\"wp-block-uagb-icon-list-child uagb-block-cd0613b6\"><a target=\"_self\" aria-label=\"PIELES CON ACN\u00c9\" rel=\"noopener noreferrer\" href=\"#\"> <\/a><span class=\"uagb-icon-list__source-wrap\"><img loading=\"lazy\" decoding=\"async\" class=\"uagb-icon-list__source-image\" src=\"https:\/\/digilago.es\/mugun\/wp-content\/uploads\/sites\/5\/2022\/05\/acne.jpg\" width=\"100\" height=\"99\" loading=\"lazy\" alt=\"\" \/><\/span><span class=\"uagb-icon-list__label\"><strong>PIELES CON ACN\u00c9<\/strong><\/span><\/div>\n<\/div><\/div>\n\n\n\n<p><\/p>\n\n\n\n<p>El acn\u00e9 o mejor conocido como el peor enemigo de muchos. Existen muchos tipos de acn\u00e9: severo, hormonal, comedog\u00e9nico\u2026 \u00a1A veces simplemente nos salen granitos espor\u00e1dicos! Te ayudaremos a disimularlos e incluso prevenir la aparici\u00f3n de granitos con el tratamiento incluido en cada producto de maquillaje.<\/p>\n\n\n\n<p><strong>CONSEJOS<\/strong><\/p>\n\n\n\n<ul class=\"wp-block-list\">\n<li>Busca siempre productos que sean \u00abNo comedog\u00e9nicos\u00bb o \u00abLibre de aceites\u00bb.<\/li>\n\n\n\n<li>Evita usar el mismo aplicador para las zonas sin acn\u00e9.<\/li>\n\n\n\n<li>Lo m\u00e1s importante\u2026 \u00a1No los revientes, ni los toques, es m\u00e1s, ni los mires!<\/li>\n\n\n\n<li>Componentes que amar\u00e1s: \u00e1cido salic\u00edlico, retinol, aceite de \u00e1rbol de t\u00e9 y niacinamida<\/li>\n<\/ul>\n\n\n\n<hr class=\"wp-block-separator has-text-color has-ast-global-color-0-color has-css-opacity has-ast-global-color-0-background-color has-background is-style-default\" \/>\n\n\n\n<div class=\"wp-block-uagb-icon-list uagb-block-beb6d63f uagb-icon-list__outer-wrap uagb-icon-list__layout-vertical\"><div class=\"uagb-icon-list__wrap\">\n<div class=\"wp-block-uagb-icon-list-child uagb-block-d606b33c\"><a target=\"_self\" aria-label=\"PIEL SENSIBLE\" rel=\"noopener noreferrer\" href=\"#\"> <\/a><span class=\"uagb-icon-list__source-wrap\"><img loading=\"lazy\" decoding=\"async\" class=\"uagb-icon-list__source-image\" src=\"https:\/\/digilago.es\/mugun\/wp-content\/uploads\/sites\/5\/2022\/05\/sensible.jpg\" width=\"100\" height=\"99\" loading=\"lazy\" alt=\"\" \/><\/span><span class=\"uagb-icon-list__label\"><strong>PIEL SENSIBLE<\/strong><\/span><\/div>\n<\/div><\/div>\n\n\n\n<p><\/p>\n\n\n\n<p>Las pieles sensibles, las m\u00e1s delicadas, no hay que tocarlas ni con el p\u00e9talo de una rosa, \u00bfTu piel suele reaccionar ante el calor, el frio o parece que le tengas alergia a todo? Si es as\u00ed, tu piel seguramente tiene su barrera protectora da\u00f1ada, aqu\u00ed aprender\u00e1s c\u00f3mo cuidarla.<\/p>\n\n\n\n<p><strong>CONSEJOS<\/strong><\/p>\n\n\n\n<ul class=\"wp-block-list\">\n<li>Los productos hipoalerg\u00e9nicos ser\u00e1n tus mejores amigos<\/li>\n\n\n\n<li>Evita los perfumes y el alcohol en los ingredientes de tus productos<\/li>\n\n\n\n<li>Un primer y fijador hidratante calmar\u00e1 tu piel<\/li>\n\n\n\n<li>Componentes que amar\u00e1s: ceramidas, arroz, alanto\u00edna y la avena<\/li>\n<\/ul>\n\n\n\n<hr class=\"wp-block-separator has-text-color has-ast-global-color-0-color has-css-opacity has-ast-global-color-0-background-color has-background is-style-default\" \/>\n","protected":false},"excerpt":{"rendered":"<p>\u00bfSueles tener brillos, poros visibles y aceite en tu rostro a lo largo del d\u00eda? Si es as\u00ed seguramente tienes [&hellip;]<\/p>\n","protected":false},"author":4,"featured_media":0,"parent":0,"menu_order":0,"comment_status":"closed","ping_status":"closed","template":"","meta":{"site-sidebar-layout":"default","site-content-layout":"","ast-site-content-layout":"default","site-content-style":"default","site-sidebar-style":"default","ast-global-header-display":"","ast-banner-title-visibility":"","ast-main-header-display":"","ast-hfb-above-header-display":"","ast-hfb-below-header-display":"","ast-hfb-mobile-header-display":"","site-post-title":"","ast-breadcrumbs-content":"","ast-featured-img":"","footer-sml-layout":"","ast-disable-related-posts":"","theme-transparent-header-meta":"","adv-header-id-meta":"","stick-header-meta":"","header-above-stick-meta":"","header-main-stick-meta":"","header-below-stick-meta":"","astra-migrate-meta-layouts":"set","ast-page-background-enabled":"default","ast-page-background-meta":{"desktop":{"background-color":"var(--ast-global-color-4)","background-image":"","background-repeat":"repeat","background-position":"center center","background-size":"auto","background-attachment":"scroll","background-type":"","background-media":"","overlay-type":"","overlay-color":"","overlay-opacity":"","overlay-gradient":""},"tablet":{"background-color":"","background-image":"","background-repeat":"repeat","background-position":"center center","background-size":"auto","background-attachment":"scroll","background-type":"","background-media":"","overlay-type":"","overlay-color":"","overlay-opacity":"","overlay-gradient":""},"mobile":{"background-color":"","background-image":"","background-repeat":"repeat","background-position":"center center","background-size":"auto","background-attachment":"scroll","background-type":"","background-media":"","overlay-type":"","overlay-color":"","overlay-opacity":"","overlay-gradient":""}},"ast-content-background-meta":{"desktop":{"background-color":"var(--ast-global-color-5)","background-image":"","background-repeat":"repeat","background-position":"center center","background-size":"auto","background-attachment":"scroll","background-type":"","background-media":"","overlay-type":"","overlay-color":"","overlay-opacity":"","overlay-gradient":""},"tablet":{"background-color":"var(--ast-global-color-5)","background-image":"","background-repeat":"repeat","background-position":"center center","background-size":"auto","background-attachment":"scroll","background-type":"","background-media":"","overlay-type":"","overlay-color":"","overlay-opacity":"","overlay-gradient":""},"mobile":{"background-color":"var(--ast-global-color-5)","background-image":"","background-repeat":"repeat","background-position":"center center","background-size":"auto","background-attachment":"scroll","background-type":"","background-media":"","overlay-type":"","overlay-color":"","overlay-opacity":"","overlay-gradient":""}},"footnotes":""},"class_list":["post-4225","page","type-page","status-publish","hentry"],"yoast_head":"<!-- This site is optimized with the Yoast SEO plugin v26.8 - https:\/\/yoast.com\/product\/yoast-seo-wordpress\/ -->\n<title>Conoce tu tipo de piel - MERAKI<\/title>\n<meta name=\"robots\" content=\"index, follow, max-snippet:-1, max-image-preview:large, max-video-preview:-1\" \/>\n<link rel=\"canonical\" href=\"https:\/\/digilago.es\/mugun\/conoce-tu-tipo-de-piel\/\" \/>\n<meta property=\"og:locale\" content=\"es_ES\" \/>\n<meta property=\"og:type\" content=\"article\" \/>\n<meta property=\"og:title\" content=\"Conoce tu tipo de piel - MERAKI\" \/>\n<meta property=\"og:description\" content=\"\u00bfSueles tener brillos, poros visibles y aceite en tu rostro a lo largo del d\u00eda? Si es as\u00ed seguramente tienes [&hellip;]\" \/>\n<meta property=\"og:url\" content=\"https:\/\/digilago.es\/mugun\/conoce-tu-tipo-de-piel\/\" \/>\n<meta property=\"og:site_name\" content=\"MERAKI\" \/>\n<meta property=\"article:modified_time\" content=\"2024-01-05T19:12:26+00:00\" \/>\n<meta property=\"og:image\" content=\"https:\/\/digilago.es\/mugun\/wp-content\/uploads\/sites\/5\/2022\/05\/Grasa.jpg\" \/>\n<meta name=\"twitter:card\" content=\"summary_large_image\" \/>\n<meta name=\"twitter:label1\" content=\"Tiempo de lectura\" \/>\n\t<meta name=\"twitter:data1\" content=\"4 minutos\" \/>\n<script type=\"application\/ld+json\" class=\"yoast-schema-graph\">{\"@context\":\"https:\/\/schema.org\",\"@graph\":[{\"@type\":\"WebPage\",\"@id\":\"https:\/\/digilago.es\/mugun\/conoce-tu-tipo-de-piel\/\",\"url\":\"https:\/\/digilago.es\/mugun\/conoce-tu-tipo-de-piel\/\",\"name\":\"Conoce tu tipo de piel - MERAKI\",\"isPartOf\":{\"@id\":\"https:\/\/digilago.es\/mugun\/#website\"},\"primaryImageOfPage\":{\"@id\":\"https:\/\/digilago.es\/mugun\/conoce-tu-tipo-de-piel\/#primaryimage\"},\"image\":{\"@id\":\"https:\/\/digilago.es\/mugun\/conoce-tu-tipo-de-piel\/#primaryimage\"},\"thumbnailUrl\":\"https:\/\/digilago.es\/mugun\/wp-content\/uploads\/sites\/5\/2022\/05\/Grasa.jpg\",\"datePublished\":\"2022-05-21T22:44:10+00:00\",\"dateModified\":\"2024-01-05T19:12:26+00:00\",\"breadcrumb\":{\"@id\":\"https:\/\/digilago.es\/mugun\/conoce-tu-tipo-de-piel\/#breadcrumb\"},\"inLanguage\":\"es\",\"potentialAction\":[{\"@type\":\"ReadAction\",\"target\":[\"https:\/\/digilago.es\/mugun\/conoce-tu-tipo-de-piel\/\"]}]},{\"@type\":\"ImageObject\",\"inLanguage\":\"es\",\"@id\":\"https:\/\/digilago.es\/mugun\/conoce-tu-tipo-de-piel\/#primaryimage\",\"url\":\"https:\/\/digilago.es\/mugun\/wp-content\/uploads\/sites\/5\/2022\/05\/Grasa.jpg\",\"contentUrl\":\"https:\/\/digilago.es\/mugun\/wp-content\/uploads\/sites\/5\/2022\/05\/Grasa.jpg\",\"width\":303,\"height\":302},{\"@type\":\"BreadcrumbList\",\"@id\":\"https:\/\/digilago.es\/mugun\/conoce-tu-tipo-de-piel\/#breadcrumb\",\"itemListElement\":[{\"@type\":\"ListItem\",\"position\":1,\"name\":\"Portada\",\"item\":\"https:\/\/digilago.es\/mugun\/\"},{\"@type\":\"ListItem\",\"position\":2,\"name\":\"Conoce tu tipo de piel\"}]},{\"@type\":\"WebSite\",\"@id\":\"https:\/\/digilago.es\/mugun\/#website\",\"url\":\"https:\/\/digilago.es\/mugun\/\",\"name\":\"MERAKI\",\"description\":\"Otro sitio m\u00e1s de DIGILAGO proyectos de negocio alumnos\",\"publisher\":{\"@id\":\"https:\/\/digilago.es\/mugun\/#organization\"},\"potentialAction\":[{\"@type\":\"SearchAction\",\"target\":{\"@type\":\"EntryPoint\",\"urlTemplate\":\"https:\/\/digilago.es\/mugun\/?s={search_term_string}\"},\"query-input\":{\"@type\":\"PropertyValueSpecification\",\"valueRequired\":true,\"valueName\":\"search_term_string\"}}],\"inLanguage\":\"es\"},{\"@type\":\"Organization\",\"@id\":\"https:\/\/digilago.es\/mugun\/#organization\",\"name\":\"MERAKI\",\"url\":\"https:\/\/digilago.es\/mugun\/\",\"logo\":{\"@type\":\"ImageObject\",\"inLanguage\":\"es\",\"@id\":\"https:\/\/digilago.es\/mugun\/#\/schema\/logo\/image\/\",\"url\":\"https:\/\/digilago.es\/mugun\/wp-content\/uploads\/sites\/5\/2024\/01\/cropped-cropped-Logo-blanco-sin-nombre.png\",\"contentUrl\":\"https:\/\/digilago.es\/mugun\/wp-content\/uploads\/sites\/5\/2024\/01\/cropped-cropped-Logo-blanco-sin-nombre.png\",\"width\":184,\"height\":166,\"caption\":\"MERAKI\"},\"image\":{\"@id\":\"https:\/\/digilago.es\/mugun\/#\/schema\/logo\/image\/\"}}]}<\/script>\n<!-- \/ Yoast SEO plugin. -->","yoast_head_json":{"title":"Conoce tu tipo de piel - MERAKI","robots":{"index":"index","follow":"follow","max-snippet":"max-snippet:-1","max-image-preview":"max-image-preview:large","max-video-preview":"max-video-preview:-1"},"canonical":"https:\/\/digilago.es\/mugun\/conoce-tu-tipo-de-piel\/","og_locale":"es_ES","og_type":"article","og_title":"Conoce tu tipo de piel - MERAKI","og_description":"\u00bfSueles tener brillos, poros visibles y aceite en tu rostro a lo largo del d\u00eda? Si es as\u00ed seguramente tienes [&hellip;]","og_url":"https:\/\/digilago.es\/mugun\/conoce-tu-tipo-de-piel\/","og_site_name":"MERAKI","article_modified_time":"2024-01-05T19:12:26+00:00","og_image":[{"url":"https:\/\/digilago.es\/mugun\/wp-content\/uploads\/sites\/5\/2022\/05\/Grasa.jpg","type":"","width":"","height":""}],"twitter_card":"summary_large_image","twitter_misc":{"Tiempo de lectura":"4 minutos"},"schema":{"@context":"https:\/\/schema.org","@graph":[{"@type":"WebPage","@id":"https:\/\/digilago.es\/mugun\/conoce-tu-tipo-de-piel\/","url":"https:\/\/digilago.es\/mugun\/conoce-tu-tipo-de-piel\/","name":"Conoce tu tipo de piel - MERAKI","isPartOf":{"@id":"https:\/\/digilago.es\/mugun\/#website"},"primaryImageOfPage":{"@id":"https:\/\/digilago.es\/mugun\/conoce-tu-tipo-de-piel\/#primaryimage"},"image":{"@id":"https:\/\/digilago.es\/mugun\/conoce-tu-tipo-de-piel\/#primaryimage"},"thumbnailUrl":"https:\/\/digilago.es\/mugun\/wp-content\/uploads\/sites\/5\/2022\/05\/Grasa.jpg","datePublished":"2022-05-21T22:44:10+00:00","dateModified":"2024-01-05T19:12:26+00:00","breadcrumb":{"@id":"https:\/\/digilago.es\/mugun\/conoce-tu-tipo-de-piel\/#breadcrumb"},"inLanguage":"es","potentialAction":[{"@type":"ReadAction","target":["https:\/\/digilago.es\/mugun\/conoce-tu-tipo-de-piel\/"]}]},{"@type":"ImageObject","inLanguage":"es","@id":"https:\/\/digilago.es\/mugun\/conoce-tu-tipo-de-piel\/#primaryimage","url":"https:\/\/digilago.es\/mugun\/wp-content\/uploads\/sites\/5\/2022\/05\/Grasa.jpg","contentUrl":"https:\/\/digilago.es\/mugun\/wp-content\/uploads\/sites\/5\/2022\/05\/Grasa.jpg","width":303,"height":302},{"@type":"BreadcrumbList","@id":"https:\/\/digilago.es\/mugun\/conoce-tu-tipo-de-piel\/#breadcrumb","itemListElement":[{"@type":"ListItem","position":1,"name":"Portada","item":"https:\/\/digilago.es\/mugun\/"},{"@type":"ListItem","position":2,"name":"Conoce tu tipo de piel"}]},{"@type":"WebSite","@id":"https:\/\/digilago.es\/mugun\/#website","url":"https:\/\/digilago.es\/mugun\/","name":"MERAKI","description":"Otro sitio m\u00e1s de DIGILAGO proyectos de negocio alumnos","publisher":{"@id":"https:\/\/digilago.es\/mugun\/#organization"},"potentialAction":[{"@type":"SearchAction","target":{"@type":"EntryPoint","urlTemplate":"https:\/\/digilago.es\/mugun\/?s={search_term_string}"},"query-input":{"@type":"PropertyValueSpecification","valueRequired":true,"valueName":"search_term_string"}}],"inLanguage":"es"},{"@type":"Organization","@id":"https:\/\/digilago.es\/mugun\/#organization","name":"MERAKI","url":"https:\/\/digilago.es\/mugun\/","logo":{"@type":"ImageObject","inLanguage":"es","@id":"https:\/\/digilago.es\/mugun\/#\/schema\/logo\/image\/","url":"https:\/\/digilago.es\/mugun\/wp-content\/uploads\/sites\/5\/2024\/01\/cropped-cropped-Logo-blanco-sin-nombre.png","contentUrl":"https:\/\/digilago.es\/mugun\/wp-content\/uploads\/sites\/5\/2024\/01\/cropped-cropped-Logo-blanco-sin-nombre.png","width":184,"height":166,"caption":"MERAKI"},"image":{"@id":"https:\/\/digilago.es\/mugun\/#\/schema\/logo\/image\/"}}]}},"_links":{"self":[{"href":"https:\/\/digilago.es\/mugun\/wp-json\/wp\/v2\/pages\/4225","targetHints":{"allow":["GET"]}}],"collection":[{"href":"https:\/\/digilago.es\/mugun\/wp-json\/wp\/v2\/pages"}],"about":[{"href":"https:\/\/digilago.es\/mugun\/wp-json\/wp\/v2\/types\/page"}],"author":[{"embeddable":true,"href":"https:\/\/digilago.es\/mugun\/wp-json\/wp\/v2\/users\/4"}],"replies":[{"embeddable":true,"href":"https:\/\/digilago.es\/mugun\/wp-json\/wp\/v2\/comments?post=4225"}],"version-history":[{"count":41,"href":"https:\/\/digilago.es\/mugun\/wp-json\/wp\/v2\/pages\/4225\/revisions"}],"predecessor-version":[{"id":5166,"href":"https:\/\/digilago.es\/mugun\/wp-json\/wp\/v2\/pages\/4225\/revisions\/5166"}],"wp:attachment":[{"href":"https:\/\/digilago.es\/mugun\/wp-json\/wp\/v2\/media?parent=4225"}],"curies":[{"name":"wp","href":"https:\/\/api.w.org\/{rel}","templated":true}]}}