{"id":221,"date":"2026-04-17T11:19:00","date_gmt":"2026-04-17T09:19:00","guid":{"rendered":"https:\/\/digilago.es\/jumpanddrinks\/?post_type=product&#038;p=221"},"modified":"2026-04-17T11:19:00","modified_gmt":"2026-04-17T09:19:00","slug":"cerveza-mahou","status":"publish","type":"product","link":"https:\/\/digilago.es\/jumpanddrinks\/producto\/cerveza-mahou\/","title":{"rendered":"Cerveza mahou"},"content":{"rendered":"<p>La <b data-path-to-node=\"3\" data-index-in-node=\"3\">Cerveza Jump &amp; Drinks<\/b> es el premio definitivo tras una sesi\u00f3n intensa desafiando a la gravedad. No hay nada como sentir ese vaso helado en la mano y el primer trago de una cerveza bien tirada, con su espuma perfecta y ese punto de amargor que te devuelve a la tierra de la mejor manera. Servida a la temperatura ideal (casi rozando el punto de congelaci\u00f3n), es la bebida por excelencia para comentar las mejores jugadas, los choques m\u00e1s divertidos y los saltos m\u00e1s \u00e9picos con tu equipo. Ya sea una rubia ligera y refrescante o una con m\u00e1s cuerpo, nuestra cerveza es el sello final de una experiencia redonda. <b data-path-to-node=\"3\" data-index-in-node=\"612\">Rel\u00e1jate, recupera el aliento y brinda por una tarde que no querr\u00e1s que termine.<\/b><\/p>\n","protected":false},"excerpt":{"rendered":"<p>El combustible oficial de los mejores brindis post-salto. Nuestra cerveza se sirve en su punto m\u00e1ximo de fr\u00edo para garantizarte ese momento de relax y desconexi\u00f3n que te mereces despu\u00e9s de darlo todo en la pista de Jump &amp; Drinks.<\/p>\n","protected":false},"featured_media":222,"comment_status":"open","ping_status":"closed","template":"","meta":[],"product_brand":[],"product_cat":[28],"product_tag":[],"class_list":{"0":"post-221","1":"product","2":"type-product","3":"status-publish","4":"has-post-thumbnail","6":"product_cat-bebidas","8":"first","9":"instock","10":"sale","11":"taxable","12":"shipping-taxable","13":"purchasable","14":"product-type-simple"},"yoast_head":"<!-- This site is optimized with the Yoast SEO plugin v26.8 - https:\/\/yoast.com\/product\/yoast-seo-wordpress\/ -->\n<title>Cerveza mahou - Jumpanddrinks<\/title>\n<meta name=\"description\" content=\"Disfruta de una cerveza bien fr\u00eda en Jump &amp; Drinks. El premio perfecto tras tus saltos: ca\u00f1as bien tiradas, frescor m\u00e1ximo y el mejor ambiente para brindar con amigos. \u00a1P\u00eddela en nuestra zona de bar y rel\u00e1jate!\" \/>\n<meta name=\"robots\" content=\"index, follow, max-snippet:-1, max-image-preview:large, max-video-preview:-1\" \/>\n<link rel=\"canonical\" href=\"https:\/\/digilago.es\/jumpanddrinks\/producto\/cerveza-mahou\/\" \/>\n<meta property=\"og:locale\" content=\"es_ES\" \/>\n<meta property=\"og:type\" content=\"article\" \/>\n<meta property=\"og:title\" content=\"Cerveza mahou - Jumpanddrinks\" \/>\n<meta property=\"og:description\" content=\"Disfruta de una cerveza bien fr\u00eda en Jump &amp; Drinks. El premio perfecto tras tus saltos: ca\u00f1as bien tiradas, frescor m\u00e1ximo y el mejor ambiente para brindar con amigos. \u00a1P\u00eddela en nuestra zona de bar y rel\u00e1jate!\" \/>\n<meta property=\"og:url\" content=\"https:\/\/digilago.es\/jumpanddrinks\/producto\/cerveza-mahou\/\" \/>\n<meta property=\"og:site_name\" content=\"Jumpanddrinks\" \/>\n<meta property=\"og:image\" content=\"https:\/\/digilago.es\/jumpanddrinks\/wp-content\/uploads\/sites\/55\/2026\/04\/Captura-de-pantalla-2026-04-17-111811.png\" \/>\n\t<meta property=\"og:image:width\" content=\"331\" \/>\n\t<meta property=\"og:image:height\" content=\"324\" \/>\n\t<meta property=\"og:image:type\" content=\"image\/png\" \/>\n<meta name=\"twitter:card\" content=\"summary_large_image\" \/>\n<meta name=\"twitter:label1\" content=\"Tiempo de lectura\" \/>\n\t<meta name=\"twitter:data1\" content=\"1 minuto\" \/>\n<script type=\"application\/ld+json\" class=\"yoast-schema-graph\">{\"@context\":\"https:\/\/schema.org\",\"@graph\":[{\"@type\":\"WebPage\",\"@id\":\"https:\/\/digilago.es\/jumpanddrinks\/producto\/cerveza-mahou\/\",\"url\":\"https:\/\/digilago.es\/jumpanddrinks\/producto\/cerveza-mahou\/\",\"name\":\"Cerveza mahou - Jumpanddrinks\",\"isPartOf\":{\"@id\":\"https:\/\/digilago.es\/jumpanddrinks\/#website\"},\"primaryImageOfPage\":{\"@id\":\"https:\/\/digilago.es\/jumpanddrinks\/producto\/cerveza-mahou\/#primaryimage\"},\"image\":{\"@id\":\"https:\/\/digilago.es\/jumpanddrinks\/producto\/cerveza-mahou\/#primaryimage\"},\"thumbnailUrl\":\"https:\/\/digilago.es\/jumpanddrinks\/wp-content\/uploads\/sites\/55\/2026\/04\/Captura-de-pantalla-2026-04-17-111811.png\",\"datePublished\":\"2026-04-17T09:19:00+00:00\",\"description\":\"Disfruta de una cerveza bien fr\u00eda en Jump & Drinks. El premio perfecto tras tus saltos: ca\u00f1as bien tiradas, frescor m\u00e1ximo y el mejor ambiente para brindar con amigos. \u00a1P\u00eddela en nuestra zona de bar y rel\u00e1jate!\",\"breadcrumb\":{\"@id\":\"https:\/\/digilago.es\/jumpanddrinks\/producto\/cerveza-mahou\/#breadcrumb\"},\"inLanguage\":\"es\",\"potentialAction\":[{\"@type\":\"ReadAction\",\"target\":[\"https:\/\/digilago.es\/jumpanddrinks\/producto\/cerveza-mahou\/\"]}]},{\"@type\":\"ImageObject\",\"inLanguage\":\"es\",\"@id\":\"https:\/\/digilago.es\/jumpanddrinks\/producto\/cerveza-mahou\/#primaryimage\",\"url\":\"https:\/\/digilago.es\/jumpanddrinks\/wp-content\/uploads\/sites\/55\/2026\/04\/Captura-de-pantalla-2026-04-17-111811.png\",\"contentUrl\":\"https:\/\/digilago.es\/jumpanddrinks\/wp-content\/uploads\/sites\/55\/2026\/04\/Captura-de-pantalla-2026-04-17-111811.png\",\"width\":331,\"height\":324},{\"@type\":\"BreadcrumbList\",\"@id\":\"https:\/\/digilago.es\/jumpanddrinks\/producto\/cerveza-mahou\/#breadcrumb\",\"itemListElement\":[{\"@type\":\"ListItem\",\"position\":1,\"name\":\"Portada\",\"item\":\"https:\/\/digilago.es\/jumpanddrinks\/\"},{\"@type\":\"ListItem\",\"position\":2,\"name\":\"Tienda\",\"item\":\"https:\/\/digilago.es\/jumpanddrinks\/tienda\/\"},{\"@type\":\"ListItem\",\"position\":3,\"name\":\"Cerveza mahou\"}]},{\"@type\":\"WebSite\",\"@id\":\"https:\/\/digilago.es\/jumpanddrinks\/#website\",\"url\":\"https:\/\/digilago.es\/jumpanddrinks\/\",\"name\":\"Jumpanddrinks\",\"description\":\"\",\"publisher\":{\"@id\":\"https:\/\/digilago.es\/jumpanddrinks\/#organization\"},\"potentialAction\":[{\"@type\":\"SearchAction\",\"target\":{\"@type\":\"EntryPoint\",\"urlTemplate\":\"https:\/\/digilago.es\/jumpanddrinks\/?s={search_term_string}\"},\"query-input\":{\"@type\":\"PropertyValueSpecification\",\"valueRequired\":true,\"valueName\":\"search_term_string\"}}],\"inLanguage\":\"es\"},{\"@type\":\"Organization\",\"@id\":\"https:\/\/digilago.es\/jumpanddrinks\/#organization\",\"name\":\"Jumpanddrinks\",\"url\":\"https:\/\/digilago.es\/jumpanddrinks\/\",\"logo\":{\"@type\":\"ImageObject\",\"inLanguage\":\"es\",\"@id\":\"https:\/\/digilago.es\/jumpanddrinks\/#\/schema\/logo\/image\/\",\"url\":\"https:\/\/digilago.es\/jumpanddrinks\/wp-content\/uploads\/sites\/55\/2026\/02\/cropped-Captura-de-pantalla-2026-02-03-201629.png\",\"contentUrl\":\"https:\/\/digilago.es\/jumpanddrinks\/wp-content\/uploads\/sites\/55\/2026\/02\/cropped-Captura-de-pantalla-2026-02-03-201629.png\",\"width\":316,\"height\":252,\"caption\":\"Jumpanddrinks\"},\"image\":{\"@id\":\"https:\/\/digilago.es\/jumpanddrinks\/#\/schema\/logo\/image\/\"}}]}<\/script>\n<!-- \/ Yoast SEO plugin. -->","yoast_head_json":{"title":"Cerveza mahou - Jumpanddrinks","description":"Disfruta de una cerveza bien fr\u00eda en Jump & Drinks. El premio perfecto tras tus saltos: ca\u00f1as bien tiradas, frescor m\u00e1ximo y el mejor ambiente para brindar con amigos. \u00a1P\u00eddela en nuestra zona de bar y rel\u00e1jate!","robots":{"index":"index","follow":"follow","max-snippet":"max-snippet:-1","max-image-preview":"max-image-preview:large","max-video-preview":"max-video-preview:-1"},"canonical":"https:\/\/digilago.es\/jumpanddrinks\/producto\/cerveza-mahou\/","og_locale":"es_ES","og_type":"article","og_title":"Cerveza mahou - Jumpanddrinks","og_description":"Disfruta de una cerveza bien fr\u00eda en Jump & Drinks. El premio perfecto tras tus saltos: ca\u00f1as bien tiradas, frescor m\u00e1ximo y el mejor ambiente para brindar con amigos. \u00a1P\u00eddela en nuestra zona de bar y rel\u00e1jate!","og_url":"https:\/\/digilago.es\/jumpanddrinks\/producto\/cerveza-mahou\/","og_site_name":"Jumpanddrinks","og_image":[{"width":331,"height":324,"url":"https:\/\/digilago.es\/jumpanddrinks\/wp-content\/uploads\/sites\/55\/2026\/04\/Captura-de-pantalla-2026-04-17-111811.png","type":"image\/png"}],"twitter_card":"summary_large_image","twitter_misc":{"Tiempo de lectura":"1 minuto"},"schema":{"@context":"https:\/\/schema.org","@graph":[{"@type":"WebPage","@id":"https:\/\/digilago.es\/jumpanddrinks\/producto\/cerveza-mahou\/","url":"https:\/\/digilago.es\/jumpanddrinks\/producto\/cerveza-mahou\/","name":"Cerveza mahou - Jumpanddrinks","isPartOf":{"@id":"https:\/\/digilago.es\/jumpanddrinks\/#website"},"primaryImageOfPage":{"@id":"https:\/\/digilago.es\/jumpanddrinks\/producto\/cerveza-mahou\/#primaryimage"},"image":{"@id":"https:\/\/digilago.es\/jumpanddrinks\/producto\/cerveza-mahou\/#primaryimage"},"thumbnailUrl":"https:\/\/digilago.es\/jumpanddrinks\/wp-content\/uploads\/sites\/55\/2026\/04\/Captura-de-pantalla-2026-04-17-111811.png","datePublished":"2026-04-17T09:19:00+00:00","description":"Disfruta de una cerveza bien fr\u00eda en Jump & Drinks. El premio perfecto tras tus saltos: ca\u00f1as bien tiradas, frescor m\u00e1ximo y el mejor ambiente para brindar con amigos. \u00a1P\u00eddela en nuestra zona de bar y rel\u00e1jate!","breadcrumb":{"@id":"https:\/\/digilago.es\/jumpanddrinks\/producto\/cerveza-mahou\/#breadcrumb"},"inLanguage":"es","potentialAction":[{"@type":"ReadAction","target":["https:\/\/digilago.es\/jumpanddrinks\/producto\/cerveza-mahou\/"]}]},{"@type":"ImageObject","inLanguage":"es","@id":"https:\/\/digilago.es\/jumpanddrinks\/producto\/cerveza-mahou\/#primaryimage","url":"https:\/\/digilago.es\/jumpanddrinks\/wp-content\/uploads\/sites\/55\/2026\/04\/Captura-de-pantalla-2026-04-17-111811.png","contentUrl":"https:\/\/digilago.es\/jumpanddrinks\/wp-content\/uploads\/sites\/55\/2026\/04\/Captura-de-pantalla-2026-04-17-111811.png","width":331,"height":324},{"@type":"BreadcrumbList","@id":"https:\/\/digilago.es\/jumpanddrinks\/producto\/cerveza-mahou\/#breadcrumb","itemListElement":[{"@type":"ListItem","position":1,"name":"Portada","item":"https:\/\/digilago.es\/jumpanddrinks\/"},{"@type":"ListItem","position":2,"name":"Tienda","item":"https:\/\/digilago.es\/jumpanddrinks\/tienda\/"},{"@type":"ListItem","position":3,"name":"Cerveza mahou"}]},{"@type":"WebSite","@id":"https:\/\/digilago.es\/jumpanddrinks\/#website","url":"https:\/\/digilago.es\/jumpanddrinks\/","name":"Jumpanddrinks","description":"","publisher":{"@id":"https:\/\/digilago.es\/jumpanddrinks\/#organization"},"potentialAction":[{"@type":"SearchAction","target":{"@type":"EntryPoint","urlTemplate":"https:\/\/digilago.es\/jumpanddrinks\/?s={search_term_string}"},"query-input":{"@type":"PropertyValueSpecification","valueRequired":true,"valueName":"search_term_string"}}],"inLanguage":"es"},{"@type":"Organization","@id":"https:\/\/digilago.es\/jumpanddrinks\/#organization","name":"Jumpanddrinks","url":"https:\/\/digilago.es\/jumpanddrinks\/","logo":{"@type":"ImageObject","inLanguage":"es","@id":"https:\/\/digilago.es\/jumpanddrinks\/#\/schema\/logo\/image\/","url":"https:\/\/digilago.es\/jumpanddrinks\/wp-content\/uploads\/sites\/55\/2026\/02\/cropped-Captura-de-pantalla-2026-02-03-201629.png","contentUrl":"https:\/\/digilago.es\/jumpanddrinks\/wp-content\/uploads\/sites\/55\/2026\/02\/cropped-Captura-de-pantalla-2026-02-03-201629.png","width":316,"height":252,"caption":"Jumpanddrinks"},"image":{"@id":"https:\/\/digilago.es\/jumpanddrinks\/#\/schema\/logo\/image\/"}}]}},"_links":{"self":[{"href":"https:\/\/digilago.es\/jumpanddrinks\/wp-json\/wp\/v2\/product\/221","targetHints":{"allow":["GET"]}}],"collection":[{"href":"https:\/\/digilago.es\/jumpanddrinks\/wp-json\/wp\/v2\/product"}],"about":[{"href":"https:\/\/digilago.es\/jumpanddrinks\/wp-json\/wp\/v2\/types\/product"}],"replies":[{"embeddable":true,"href":"https:\/\/digilago.es\/jumpanddrinks\/wp-json\/wp\/v2\/comments?post=221"}],"version-history":[{"count":1,"href":"https:\/\/digilago.es\/jumpanddrinks\/wp-json\/wp\/v2\/product\/221\/revisions"}],"predecessor-version":[{"id":223,"href":"https:\/\/digilago.es\/jumpanddrinks\/wp-json\/wp\/v2\/product\/221\/revisions\/223"}],"wp:featuredmedia":[{"embeddable":true,"href":"https:\/\/digilago.es\/jumpanddrinks\/wp-json\/wp\/v2\/media\/222"}],"wp:attachment":[{"href":"https:\/\/digilago.es\/jumpanddrinks\/wp-json\/wp\/v2\/media?parent=221"}],"wp:term":[{"taxonomy":"product_brand","embeddable":true,"href":"https:\/\/digilago.es\/jumpanddrinks\/wp-json\/wp\/v2\/product_brand?post=221"},{"taxonomy":"product_cat","embeddable":true,"href":"https:\/\/digilago.es\/jumpanddrinks\/wp-json\/wp\/v2\/product_cat?post=221"},{"taxonomy":"product_tag","embeddable":true,"href":"https:\/\/digilago.es\/jumpanddrinks\/wp-json\/wp\/v2\/product_tag?post=221"}],"curies":[{"name":"wp","href":"https:\/\/api.w.org\/{rel}","templated":true}]}}