{"id":218,"date":"2026-04-17T11:15:17","date_gmt":"2026-04-17T09:15:17","guid":{"rendered":"https:\/\/digilago.es\/jumpanddrinks\/?post_type=product&#038;p=218"},"modified":"2026-04-17T11:15:17","modified_gmt":"2026-04-17T09:15:17","slug":"tinto-de-verano","status":"publish","type":"product","link":"https:\/\/digilago.es\/jumpanddrinks\/producto\/tinto-de-verano\/","title":{"rendered":"Tinto de verano"},"content":{"rendered":"<p>El <b data-path-to-node=\"3\" data-index-in-node=\"3\">Tinto de Verano Jump &amp; Drinks<\/b> es la definici\u00f3n de frescura mediterr\u00e1nea en un vaso. La mezcla perfecta de un vino tinto joven y afrutado con el toque c\u00edtrico del lim\u00f3n o el gas de la gaseosa, servido siempre con una monta\u00f1a de hielo y rodajas de c\u00edtricos para que cada trago sea un respiro bajo el sol. Es la bebida ideal para esos grupos que, tras darlo todo en la pista, buscan relajarse en el bar con algo ligero, refrescante y con ese sabor a verano que nunca termina. Su equilibrio entre el dulzor y el punto justo de acidez lo convierte en el aliado perfecto para brindar por los mejores saltos de la tarde. <b data-path-to-node=\"3\" data-index-in-node=\"617\">Siente el frescor, relaja el ritmo y disfruta del sabor m\u00e1s aut\u00e9ntico de nuestras sesiones.<\/b><\/p>\n","protected":false},"excerpt":{"rendered":"<p>El cl\u00e1sico que nunca falla para bajar las pulsaciones con estilo. Nuestro Tinto de Verano combina la esencia del vino con un golpe c\u00edtrico ultra refrescante, ideal para compartir risas y brindis despu\u00e9s de volar en Jump &amp; Drinks.<\/p>\n","protected":false},"featured_media":219,"comment_status":"open","ping_status":"closed","template":"","meta":[],"product_brand":[],"product_cat":[28],"product_tag":[],"class_list":{"0":"post-218","1":"product","2":"type-product","3":"status-publish","4":"has-post-thumbnail","6":"product_cat-bebidas","8":"first","9":"instock","10":"sale","11":"taxable","12":"shipping-taxable","13":"purchasable","14":"product-type-simple"},"yoast_head":"<!-- This site is optimized with the Yoast SEO plugin v26.8 - https:\/\/yoast.com\/product\/yoast-seo-wordpress\/ -->\n<title>Tinto de verano - Jumpanddrinks<\/title>\n<meta name=\"description\" content=\"Refr\u00e9scate con nuestro Tinto de Verano en Jump &amp; Drinks. La mezcla perfecta de vino y toque c\u00edtrico, servida muy fr\u00eda para disfrutar despu\u00e9s de los trampolines. \u00a1El brindis oficial del post-salto te espera!\" \/>\n<meta name=\"robots\" content=\"index, follow, max-snippet:-1, max-image-preview:large, max-video-preview:-1\" \/>\n<link rel=\"canonical\" href=\"https:\/\/digilago.es\/jumpanddrinks\/producto\/tinto-de-verano\/\" \/>\n<meta property=\"og:locale\" content=\"es_ES\" \/>\n<meta property=\"og:type\" content=\"article\" \/>\n<meta property=\"og:title\" content=\"Tinto de verano - Jumpanddrinks\" \/>\n<meta property=\"og:description\" content=\"Refr\u00e9scate con nuestro Tinto de Verano en Jump &amp; Drinks. La mezcla perfecta de vino y toque c\u00edtrico, servida muy fr\u00eda para disfrutar despu\u00e9s de los trampolines. \u00a1El brindis oficial del post-salto te espera!\" \/>\n<meta property=\"og:url\" content=\"https:\/\/digilago.es\/jumpanddrinks\/producto\/tinto-de-verano\/\" \/>\n<meta property=\"og:site_name\" content=\"Jumpanddrinks\" \/>\n<meta property=\"og:image\" content=\"https:\/\/digilago.es\/jumpanddrinks\/wp-content\/uploads\/sites\/55\/2026\/04\/Captura-de-pantalla-2026-04-17-111430.png\" \/>\n\t<meta property=\"og:image:width\" content=\"415\" \/>\n\t<meta property=\"og:image:height\" content=\"407\" \/>\n\t<meta property=\"og:image:type\" content=\"image\/png\" \/>\n<meta name=\"twitter:card\" content=\"summary_large_image\" \/>\n<meta name=\"twitter:label1\" content=\"Tiempo de lectura\" \/>\n\t<meta name=\"twitter:data1\" content=\"1 minuto\" \/>\n<script type=\"application\/ld+json\" class=\"yoast-schema-graph\">{\"@context\":\"https:\/\/schema.org\",\"@graph\":[{\"@type\":\"WebPage\",\"@id\":\"https:\/\/digilago.es\/jumpanddrinks\/producto\/tinto-de-verano\/\",\"url\":\"https:\/\/digilago.es\/jumpanddrinks\/producto\/tinto-de-verano\/\",\"name\":\"Tinto de verano - Jumpanddrinks\",\"isPartOf\":{\"@id\":\"https:\/\/digilago.es\/jumpanddrinks\/#website\"},\"primaryImageOfPage\":{\"@id\":\"https:\/\/digilago.es\/jumpanddrinks\/producto\/tinto-de-verano\/#primaryimage\"},\"image\":{\"@id\":\"https:\/\/digilago.es\/jumpanddrinks\/producto\/tinto-de-verano\/#primaryimage\"},\"thumbnailUrl\":\"https:\/\/digilago.es\/jumpanddrinks\/wp-content\/uploads\/sites\/55\/2026\/04\/Captura-de-pantalla-2026-04-17-111430.png\",\"datePublished\":\"2026-04-17T09:15:17+00:00\",\"description\":\"Refr\u00e9scate con nuestro Tinto de Verano en Jump & Drinks. La mezcla perfecta de vino y toque c\u00edtrico, servida muy fr\u00eda para disfrutar despu\u00e9s de los trampolines. \u00a1El brindis oficial del post-salto te espera!\",\"breadcrumb\":{\"@id\":\"https:\/\/digilago.es\/jumpanddrinks\/producto\/tinto-de-verano\/#breadcrumb\"},\"inLanguage\":\"es\",\"potentialAction\":[{\"@type\":\"ReadAction\",\"target\":[\"https:\/\/digilago.es\/jumpanddrinks\/producto\/tinto-de-verano\/\"]}]},{\"@type\":\"ImageObject\",\"inLanguage\":\"es\",\"@id\":\"https:\/\/digilago.es\/jumpanddrinks\/producto\/tinto-de-verano\/#primaryimage\",\"url\":\"https:\/\/digilago.es\/jumpanddrinks\/wp-content\/uploads\/sites\/55\/2026\/04\/Captura-de-pantalla-2026-04-17-111430.png\",\"contentUrl\":\"https:\/\/digilago.es\/jumpanddrinks\/wp-content\/uploads\/sites\/55\/2026\/04\/Captura-de-pantalla-2026-04-17-111430.png\",\"width\":415,\"height\":407},{\"@type\":\"BreadcrumbList\",\"@id\":\"https:\/\/digilago.es\/jumpanddrinks\/producto\/tinto-de-verano\/#breadcrumb\",\"itemListElement\":[{\"@type\":\"ListItem\",\"position\":1,\"name\":\"Portada\",\"item\":\"https:\/\/digilago.es\/jumpanddrinks\/\"},{\"@type\":\"ListItem\",\"position\":2,\"name\":\"Tienda\",\"item\":\"https:\/\/digilago.es\/jumpanddrinks\/tienda\/\"},{\"@type\":\"ListItem\",\"position\":3,\"name\":\"Tinto de verano\"}]},{\"@type\":\"WebSite\",\"@id\":\"https:\/\/digilago.es\/jumpanddrinks\/#website\",\"url\":\"https:\/\/digilago.es\/jumpanddrinks\/\",\"name\":\"Jumpanddrinks\",\"description\":\"\",\"publisher\":{\"@id\":\"https:\/\/digilago.es\/jumpanddrinks\/#organization\"},\"potentialAction\":[{\"@type\":\"SearchAction\",\"target\":{\"@type\":\"EntryPoint\",\"urlTemplate\":\"https:\/\/digilago.es\/jumpanddrinks\/?s={search_term_string}\"},\"query-input\":{\"@type\":\"PropertyValueSpecification\",\"valueRequired\":true,\"valueName\":\"search_term_string\"}}],\"inLanguage\":\"es\"},{\"@type\":\"Organization\",\"@id\":\"https:\/\/digilago.es\/jumpanddrinks\/#organization\",\"name\":\"Jumpanddrinks\",\"url\":\"https:\/\/digilago.es\/jumpanddrinks\/\",\"logo\":{\"@type\":\"ImageObject\",\"inLanguage\":\"es\",\"@id\":\"https:\/\/digilago.es\/jumpanddrinks\/#\/schema\/logo\/image\/\",\"url\":\"https:\/\/digilago.es\/jumpanddrinks\/wp-content\/uploads\/sites\/55\/2026\/02\/cropped-Captura-de-pantalla-2026-02-03-201629.png\",\"contentUrl\":\"https:\/\/digilago.es\/jumpanddrinks\/wp-content\/uploads\/sites\/55\/2026\/02\/cropped-Captura-de-pantalla-2026-02-03-201629.png\",\"width\":316,\"height\":252,\"caption\":\"Jumpanddrinks\"},\"image\":{\"@id\":\"https:\/\/digilago.es\/jumpanddrinks\/#\/schema\/logo\/image\/\"}}]}<\/script>\n<!-- \/ Yoast SEO plugin. -->","yoast_head_json":{"title":"Tinto de verano - Jumpanddrinks","description":"Refr\u00e9scate con nuestro Tinto de Verano en Jump & Drinks. La mezcla perfecta de vino y toque c\u00edtrico, servida muy fr\u00eda para disfrutar despu\u00e9s de los trampolines. \u00a1El brindis oficial del post-salto te espera!","robots":{"index":"index","follow":"follow","max-snippet":"max-snippet:-1","max-image-preview":"max-image-preview:large","max-video-preview":"max-video-preview:-1"},"canonical":"https:\/\/digilago.es\/jumpanddrinks\/producto\/tinto-de-verano\/","og_locale":"es_ES","og_type":"article","og_title":"Tinto de verano - Jumpanddrinks","og_description":"Refr\u00e9scate con nuestro Tinto de Verano en Jump & Drinks. La mezcla perfecta de vino y toque c\u00edtrico, servida muy fr\u00eda para disfrutar despu\u00e9s de los trampolines. \u00a1El brindis oficial del post-salto te espera!","og_url":"https:\/\/digilago.es\/jumpanddrinks\/producto\/tinto-de-verano\/","og_site_name":"Jumpanddrinks","og_image":[{"width":415,"height":407,"url":"https:\/\/digilago.es\/jumpanddrinks\/wp-content\/uploads\/sites\/55\/2026\/04\/Captura-de-pantalla-2026-04-17-111430.png","type":"image\/png"}],"twitter_card":"summary_large_image","twitter_misc":{"Tiempo de lectura":"1 minuto"},"schema":{"@context":"https:\/\/schema.org","@graph":[{"@type":"WebPage","@id":"https:\/\/digilago.es\/jumpanddrinks\/producto\/tinto-de-verano\/","url":"https:\/\/digilago.es\/jumpanddrinks\/producto\/tinto-de-verano\/","name":"Tinto de verano - Jumpanddrinks","isPartOf":{"@id":"https:\/\/digilago.es\/jumpanddrinks\/#website"},"primaryImageOfPage":{"@id":"https:\/\/digilago.es\/jumpanddrinks\/producto\/tinto-de-verano\/#primaryimage"},"image":{"@id":"https:\/\/digilago.es\/jumpanddrinks\/producto\/tinto-de-verano\/#primaryimage"},"thumbnailUrl":"https:\/\/digilago.es\/jumpanddrinks\/wp-content\/uploads\/sites\/55\/2026\/04\/Captura-de-pantalla-2026-04-17-111430.png","datePublished":"2026-04-17T09:15:17+00:00","description":"Refr\u00e9scate con nuestro Tinto de Verano en Jump & Drinks. La mezcla perfecta de vino y toque c\u00edtrico, servida muy fr\u00eda para disfrutar despu\u00e9s de los trampolines. \u00a1El brindis oficial del post-salto te espera!","breadcrumb":{"@id":"https:\/\/digilago.es\/jumpanddrinks\/producto\/tinto-de-verano\/#breadcrumb"},"inLanguage":"es","potentialAction":[{"@type":"ReadAction","target":["https:\/\/digilago.es\/jumpanddrinks\/producto\/tinto-de-verano\/"]}]},{"@type":"ImageObject","inLanguage":"es","@id":"https:\/\/digilago.es\/jumpanddrinks\/producto\/tinto-de-verano\/#primaryimage","url":"https:\/\/digilago.es\/jumpanddrinks\/wp-content\/uploads\/sites\/55\/2026\/04\/Captura-de-pantalla-2026-04-17-111430.png","contentUrl":"https:\/\/digilago.es\/jumpanddrinks\/wp-content\/uploads\/sites\/55\/2026\/04\/Captura-de-pantalla-2026-04-17-111430.png","width":415,"height":407},{"@type":"BreadcrumbList","@id":"https:\/\/digilago.es\/jumpanddrinks\/producto\/tinto-de-verano\/#breadcrumb","itemListElement":[{"@type":"ListItem","position":1,"name":"Portada","item":"https:\/\/digilago.es\/jumpanddrinks\/"},{"@type":"ListItem","position":2,"name":"Tienda","item":"https:\/\/digilago.es\/jumpanddrinks\/tienda\/"},{"@type":"ListItem","position":3,"name":"Tinto de verano"}]},{"@type":"WebSite","@id":"https:\/\/digilago.es\/jumpanddrinks\/#website","url":"https:\/\/digilago.es\/jumpanddrinks\/","name":"Jumpanddrinks","description":"","publisher":{"@id":"https:\/\/digilago.es\/jumpanddrinks\/#organization"},"potentialAction":[{"@type":"SearchAction","target":{"@type":"EntryPoint","urlTemplate":"https:\/\/digilago.es\/jumpanddrinks\/?s={search_term_string}"},"query-input":{"@type":"PropertyValueSpecification","valueRequired":true,"valueName":"search_term_string"}}],"inLanguage":"es"},{"@type":"Organization","@id":"https:\/\/digilago.es\/jumpanddrinks\/#organization","name":"Jumpanddrinks","url":"https:\/\/digilago.es\/jumpanddrinks\/","logo":{"@type":"ImageObject","inLanguage":"es","@id":"https:\/\/digilago.es\/jumpanddrinks\/#\/schema\/logo\/image\/","url":"https:\/\/digilago.es\/jumpanddrinks\/wp-content\/uploads\/sites\/55\/2026\/02\/cropped-Captura-de-pantalla-2026-02-03-201629.png","contentUrl":"https:\/\/digilago.es\/jumpanddrinks\/wp-content\/uploads\/sites\/55\/2026\/02\/cropped-Captura-de-pantalla-2026-02-03-201629.png","width":316,"height":252,"caption":"Jumpanddrinks"},"image":{"@id":"https:\/\/digilago.es\/jumpanddrinks\/#\/schema\/logo\/image\/"}}]}},"_links":{"self":[{"href":"https:\/\/digilago.es\/jumpanddrinks\/wp-json\/wp\/v2\/product\/218","targetHints":{"allow":["GET"]}}],"collection":[{"href":"https:\/\/digilago.es\/jumpanddrinks\/wp-json\/wp\/v2\/product"}],"about":[{"href":"https:\/\/digilago.es\/jumpanddrinks\/wp-json\/wp\/v2\/types\/product"}],"replies":[{"embeddable":true,"href":"https:\/\/digilago.es\/jumpanddrinks\/wp-json\/wp\/v2\/comments?post=218"}],"version-history":[{"count":1,"href":"https:\/\/digilago.es\/jumpanddrinks\/wp-json\/wp\/v2\/product\/218\/revisions"}],"predecessor-version":[{"id":220,"href":"https:\/\/digilago.es\/jumpanddrinks\/wp-json\/wp\/v2\/product\/218\/revisions\/220"}],"wp:featuredmedia":[{"embeddable":true,"href":"https:\/\/digilago.es\/jumpanddrinks\/wp-json\/wp\/v2\/media\/219"}],"wp:attachment":[{"href":"https:\/\/digilago.es\/jumpanddrinks\/wp-json\/wp\/v2\/media?parent=218"}],"wp:term":[{"taxonomy":"product_brand","embeddable":true,"href":"https:\/\/digilago.es\/jumpanddrinks\/wp-json\/wp\/v2\/product_brand?post=218"},{"taxonomy":"product_cat","embeddable":true,"href":"https:\/\/digilago.es\/jumpanddrinks\/wp-json\/wp\/v2\/product_cat?post=218"},{"taxonomy":"product_tag","embeddable":true,"href":"https:\/\/digilago.es\/jumpanddrinks\/wp-json\/wp\/v2\/product_tag?post=218"}],"curies":[{"name":"wp","href":"https:\/\/api.w.org\/{rel}","templated":true}]}}