{"id":215,"date":"2026-04-17T11:10:56","date_gmt":"2026-04-17T09:10:56","guid":{"rendered":"https:\/\/digilago.es\/jumpanddrinks\/?post_type=product&#038;p=215"},"modified":"2026-04-17T11:10:56","modified_gmt":"2026-04-17T09:10:56","slug":"coca-cola","status":"publish","type":"product","link":"https:\/\/digilago.es\/jumpanddrinks\/producto\/coca-cola\/","title":{"rendered":"Coca-cola"},"content":{"rendered":"<p data-path-to-node=\"3\">No hay nada como el sonido de una <b data-path-to-node=\"3\" data-index-in-node=\"34\">Coca-Cola<\/b> abri\u00e9ndose despu\u00e9s de una sesi\u00f3n \u00e9pica de saltos. Es el refresco por excelencia que te ofrece ese golpe de gas y frescor inmediato que necesitas para resetear el cuerpo y seguir con la fiesta. Servida en su punto exacto de fr\u00edo, con hielo y esa rodaja de lim\u00f3n que marca la diferencia, nuestra Coca-Cola es la compa\u00f1era inseparable de tus momentos de descanso en el bar de Jump &amp; Drinks. Ya sea para recuperar el aliento tras un mortal o para acompa\u00f1ar una charla con tus amigos mientras plane\u00e1is el pr\u00f3ximo salto, este sabor ic\u00f3nico es el est\u00e1ndar de oro de la hidrataci\u00f3n con chispa. <b data-path-to-node=\"3\" data-index-in-node=\"630\">Destapa la felicidad, siente las burbujas y prep\u00e1rate para la siguiente ronda de diversi\u00f3n.<\/b><\/p>\n","protected":false},"excerpt":{"rendered":"<p>El refresco m\u00e1s ic\u00f3nico del mundo te espera en Jump &amp; Drinks. Disfruta de una Coca-Cola servida ultra fr\u00eda para vivir esa explosi\u00f3n de burbujas y frescor que solo el sabor original puede ofrecerte tras una buena sesi\u00f3n de saltos.<\/p>\n","protected":false},"featured_media":216,"comment_status":"open","ping_status":"closed","template":"","meta":[],"product_brand":[],"product_cat":[28],"product_tag":[],"class_list":{"0":"post-215","1":"product","2":"type-product","3":"status-publish","4":"has-post-thumbnail","6":"product_cat-bebidas","8":"first","9":"instock","10":"sale","11":"taxable","12":"shipping-taxable","13":"purchasable","14":"product-type-simple"},"yoast_head":"<!-- This site is optimized with the Yoast SEO plugin v26.8 - https:\/\/yoast.com\/product\/yoast-seo-wordpress\/ -->\n<title>Coca-cola - Jumpanddrinks<\/title>\n<meta name=\"description\" content=\"Refr\u00e9scate con una Coca-Cola bien fr\u00eda en Jump &amp; Drinks. El sabor cl\u00e1sico que necesitas para recuperar energ\u00edas y disfrutar al m\u00e1ximo tras tus saltos. \u00a1P\u00eddela con hielo y lim\u00f3n en nuestra zona de bar!\" \/>\n<meta name=\"robots\" content=\"index, follow, max-snippet:-1, max-image-preview:large, max-video-preview:-1\" \/>\n<link rel=\"canonical\" href=\"https:\/\/digilago.es\/jumpanddrinks\/producto\/coca-cola\/\" \/>\n<meta property=\"og:locale\" content=\"es_ES\" \/>\n<meta property=\"og:type\" content=\"article\" \/>\n<meta property=\"og:title\" content=\"Coca-cola - Jumpanddrinks\" \/>\n<meta property=\"og:description\" content=\"Refr\u00e9scate con una Coca-Cola bien fr\u00eda en Jump &amp; Drinks. El sabor cl\u00e1sico que necesitas para recuperar energ\u00edas y disfrutar al m\u00e1ximo tras tus saltos. \u00a1P\u00eddela con hielo y lim\u00f3n en nuestra zona de bar!\" \/>\n<meta property=\"og:url\" content=\"https:\/\/digilago.es\/jumpanddrinks\/producto\/coca-cola\/\" \/>\n<meta property=\"og:site_name\" content=\"Jumpanddrinks\" \/>\n<meta property=\"og:image\" content=\"https:\/\/digilago.es\/jumpanddrinks\/wp-content\/uploads\/sites\/55\/2026\/04\/Captura-de-pantalla-2026-04-17-110944.png\" \/>\n\t<meta property=\"og:image:width\" content=\"540\" \/>\n\t<meta property=\"og:image:height\" content=\"272\" \/>\n\t<meta property=\"og:image:type\" content=\"image\/png\" \/>\n<meta name=\"twitter:card\" content=\"summary_large_image\" \/>\n<meta name=\"twitter:label1\" content=\"Tiempo de lectura\" \/>\n\t<meta name=\"twitter:data1\" content=\"1 minuto\" \/>\n<script type=\"application\/ld+json\" class=\"yoast-schema-graph\">{\"@context\":\"https:\/\/schema.org\",\"@graph\":[{\"@type\":\"WebPage\",\"@id\":\"https:\/\/digilago.es\/jumpanddrinks\/producto\/coca-cola\/\",\"url\":\"https:\/\/digilago.es\/jumpanddrinks\/producto\/coca-cola\/\",\"name\":\"Coca-cola - Jumpanddrinks\",\"isPartOf\":{\"@id\":\"https:\/\/digilago.es\/jumpanddrinks\/#website\"},\"primaryImageOfPage\":{\"@id\":\"https:\/\/digilago.es\/jumpanddrinks\/producto\/coca-cola\/#primaryimage\"},\"image\":{\"@id\":\"https:\/\/digilago.es\/jumpanddrinks\/producto\/coca-cola\/#primaryimage\"},\"thumbnailUrl\":\"https:\/\/digilago.es\/jumpanddrinks\/wp-content\/uploads\/sites\/55\/2026\/04\/Captura-de-pantalla-2026-04-17-110944.png\",\"datePublished\":\"2026-04-17T09:10:56+00:00\",\"description\":\"Refr\u00e9scate con una Coca-Cola bien fr\u00eda en Jump & Drinks. El sabor cl\u00e1sico que necesitas para recuperar energ\u00edas y disfrutar al m\u00e1ximo tras tus saltos. \u00a1P\u00eddela con hielo y lim\u00f3n en nuestra zona de bar!\",\"breadcrumb\":{\"@id\":\"https:\/\/digilago.es\/jumpanddrinks\/producto\/coca-cola\/#breadcrumb\"},\"inLanguage\":\"es\",\"potentialAction\":[{\"@type\":\"ReadAction\",\"target\":[\"https:\/\/digilago.es\/jumpanddrinks\/producto\/coca-cola\/\"]}]},{\"@type\":\"ImageObject\",\"inLanguage\":\"es\",\"@id\":\"https:\/\/digilago.es\/jumpanddrinks\/producto\/coca-cola\/#primaryimage\",\"url\":\"https:\/\/digilago.es\/jumpanddrinks\/wp-content\/uploads\/sites\/55\/2026\/04\/Captura-de-pantalla-2026-04-17-110944.png\",\"contentUrl\":\"https:\/\/digilago.es\/jumpanddrinks\/wp-content\/uploads\/sites\/55\/2026\/04\/Captura-de-pantalla-2026-04-17-110944.png\",\"width\":540,\"height\":272},{\"@type\":\"BreadcrumbList\",\"@id\":\"https:\/\/digilago.es\/jumpanddrinks\/producto\/coca-cola\/#breadcrumb\",\"itemListElement\":[{\"@type\":\"ListItem\",\"position\":1,\"name\":\"Portada\",\"item\":\"https:\/\/digilago.es\/jumpanddrinks\/\"},{\"@type\":\"ListItem\",\"position\":2,\"name\":\"Tienda\",\"item\":\"https:\/\/digilago.es\/jumpanddrinks\/tienda\/\"},{\"@type\":\"ListItem\",\"position\":3,\"name\":\"Coca-cola\"}]},{\"@type\":\"WebSite\",\"@id\":\"https:\/\/digilago.es\/jumpanddrinks\/#website\",\"url\":\"https:\/\/digilago.es\/jumpanddrinks\/\",\"name\":\"Jumpanddrinks\",\"description\":\"\",\"publisher\":{\"@id\":\"https:\/\/digilago.es\/jumpanddrinks\/#organization\"},\"potentialAction\":[{\"@type\":\"SearchAction\",\"target\":{\"@type\":\"EntryPoint\",\"urlTemplate\":\"https:\/\/digilago.es\/jumpanddrinks\/?s={search_term_string}\"},\"query-input\":{\"@type\":\"PropertyValueSpecification\",\"valueRequired\":true,\"valueName\":\"search_term_string\"}}],\"inLanguage\":\"es\"},{\"@type\":\"Organization\",\"@id\":\"https:\/\/digilago.es\/jumpanddrinks\/#organization\",\"name\":\"Jumpanddrinks\",\"url\":\"https:\/\/digilago.es\/jumpanddrinks\/\",\"logo\":{\"@type\":\"ImageObject\",\"inLanguage\":\"es\",\"@id\":\"https:\/\/digilago.es\/jumpanddrinks\/#\/schema\/logo\/image\/\",\"url\":\"https:\/\/digilago.es\/jumpanddrinks\/wp-content\/uploads\/sites\/55\/2026\/02\/cropped-Captura-de-pantalla-2026-02-03-201629.png\",\"contentUrl\":\"https:\/\/digilago.es\/jumpanddrinks\/wp-content\/uploads\/sites\/55\/2026\/02\/cropped-Captura-de-pantalla-2026-02-03-201629.png\",\"width\":316,\"height\":252,\"caption\":\"Jumpanddrinks\"},\"image\":{\"@id\":\"https:\/\/digilago.es\/jumpanddrinks\/#\/schema\/logo\/image\/\"}}]}<\/script>\n<!-- \/ Yoast SEO plugin. -->","yoast_head_json":{"title":"Coca-cola - Jumpanddrinks","description":"Refr\u00e9scate con una Coca-Cola bien fr\u00eda en Jump & Drinks. El sabor cl\u00e1sico que necesitas para recuperar energ\u00edas y disfrutar al m\u00e1ximo tras tus saltos. \u00a1P\u00eddela con hielo y lim\u00f3n en nuestra zona de bar!","robots":{"index":"index","follow":"follow","max-snippet":"max-snippet:-1","max-image-preview":"max-image-preview:large","max-video-preview":"max-video-preview:-1"},"canonical":"https:\/\/digilago.es\/jumpanddrinks\/producto\/coca-cola\/","og_locale":"es_ES","og_type":"article","og_title":"Coca-cola - Jumpanddrinks","og_description":"Refr\u00e9scate con una Coca-Cola bien fr\u00eda en Jump & Drinks. El sabor cl\u00e1sico que necesitas para recuperar energ\u00edas y disfrutar al m\u00e1ximo tras tus saltos. \u00a1P\u00eddela con hielo y lim\u00f3n en nuestra zona de bar!","og_url":"https:\/\/digilago.es\/jumpanddrinks\/producto\/coca-cola\/","og_site_name":"Jumpanddrinks","og_image":[{"width":540,"height":272,"url":"https:\/\/digilago.es\/jumpanddrinks\/wp-content\/uploads\/sites\/55\/2026\/04\/Captura-de-pantalla-2026-04-17-110944.png","type":"image\/png"}],"twitter_card":"summary_large_image","twitter_misc":{"Tiempo de lectura":"1 minuto"},"schema":{"@context":"https:\/\/schema.org","@graph":[{"@type":"WebPage","@id":"https:\/\/digilago.es\/jumpanddrinks\/producto\/coca-cola\/","url":"https:\/\/digilago.es\/jumpanddrinks\/producto\/coca-cola\/","name":"Coca-cola - Jumpanddrinks","isPartOf":{"@id":"https:\/\/digilago.es\/jumpanddrinks\/#website"},"primaryImageOfPage":{"@id":"https:\/\/digilago.es\/jumpanddrinks\/producto\/coca-cola\/#primaryimage"},"image":{"@id":"https:\/\/digilago.es\/jumpanddrinks\/producto\/coca-cola\/#primaryimage"},"thumbnailUrl":"https:\/\/digilago.es\/jumpanddrinks\/wp-content\/uploads\/sites\/55\/2026\/04\/Captura-de-pantalla-2026-04-17-110944.png","datePublished":"2026-04-17T09:10:56+00:00","description":"Refr\u00e9scate con una Coca-Cola bien fr\u00eda en Jump & Drinks. El sabor cl\u00e1sico que necesitas para recuperar energ\u00edas y disfrutar al m\u00e1ximo tras tus saltos. \u00a1P\u00eddela con hielo y lim\u00f3n en nuestra zona de bar!","breadcrumb":{"@id":"https:\/\/digilago.es\/jumpanddrinks\/producto\/coca-cola\/#breadcrumb"},"inLanguage":"es","potentialAction":[{"@type":"ReadAction","target":["https:\/\/digilago.es\/jumpanddrinks\/producto\/coca-cola\/"]}]},{"@type":"ImageObject","inLanguage":"es","@id":"https:\/\/digilago.es\/jumpanddrinks\/producto\/coca-cola\/#primaryimage","url":"https:\/\/digilago.es\/jumpanddrinks\/wp-content\/uploads\/sites\/55\/2026\/04\/Captura-de-pantalla-2026-04-17-110944.png","contentUrl":"https:\/\/digilago.es\/jumpanddrinks\/wp-content\/uploads\/sites\/55\/2026\/04\/Captura-de-pantalla-2026-04-17-110944.png","width":540,"height":272},{"@type":"BreadcrumbList","@id":"https:\/\/digilago.es\/jumpanddrinks\/producto\/coca-cola\/#breadcrumb","itemListElement":[{"@type":"ListItem","position":1,"name":"Portada","item":"https:\/\/digilago.es\/jumpanddrinks\/"},{"@type":"ListItem","position":2,"name":"Tienda","item":"https:\/\/digilago.es\/jumpanddrinks\/tienda\/"},{"@type":"ListItem","position":3,"name":"Coca-cola"}]},{"@type":"WebSite","@id":"https:\/\/digilago.es\/jumpanddrinks\/#website","url":"https:\/\/digilago.es\/jumpanddrinks\/","name":"Jumpanddrinks","description":"","publisher":{"@id":"https:\/\/digilago.es\/jumpanddrinks\/#organization"},"potentialAction":[{"@type":"SearchAction","target":{"@type":"EntryPoint","urlTemplate":"https:\/\/digilago.es\/jumpanddrinks\/?s={search_term_string}"},"query-input":{"@type":"PropertyValueSpecification","valueRequired":true,"valueName":"search_term_string"}}],"inLanguage":"es"},{"@type":"Organization","@id":"https:\/\/digilago.es\/jumpanddrinks\/#organization","name":"Jumpanddrinks","url":"https:\/\/digilago.es\/jumpanddrinks\/","logo":{"@type":"ImageObject","inLanguage":"es","@id":"https:\/\/digilago.es\/jumpanddrinks\/#\/schema\/logo\/image\/","url":"https:\/\/digilago.es\/jumpanddrinks\/wp-content\/uploads\/sites\/55\/2026\/02\/cropped-Captura-de-pantalla-2026-02-03-201629.png","contentUrl":"https:\/\/digilago.es\/jumpanddrinks\/wp-content\/uploads\/sites\/55\/2026\/02\/cropped-Captura-de-pantalla-2026-02-03-201629.png","width":316,"height":252,"caption":"Jumpanddrinks"},"image":{"@id":"https:\/\/digilago.es\/jumpanddrinks\/#\/schema\/logo\/image\/"}}]}},"_links":{"self":[{"href":"https:\/\/digilago.es\/jumpanddrinks\/wp-json\/wp\/v2\/product\/215","targetHints":{"allow":["GET"]}}],"collection":[{"href":"https:\/\/digilago.es\/jumpanddrinks\/wp-json\/wp\/v2\/product"}],"about":[{"href":"https:\/\/digilago.es\/jumpanddrinks\/wp-json\/wp\/v2\/types\/product"}],"replies":[{"embeddable":true,"href":"https:\/\/digilago.es\/jumpanddrinks\/wp-json\/wp\/v2\/comments?post=215"}],"version-history":[{"count":1,"href":"https:\/\/digilago.es\/jumpanddrinks\/wp-json\/wp\/v2\/product\/215\/revisions"}],"predecessor-version":[{"id":217,"href":"https:\/\/digilago.es\/jumpanddrinks\/wp-json\/wp\/v2\/product\/215\/revisions\/217"}],"wp:featuredmedia":[{"embeddable":true,"href":"https:\/\/digilago.es\/jumpanddrinks\/wp-json\/wp\/v2\/media\/216"}],"wp:attachment":[{"href":"https:\/\/digilago.es\/jumpanddrinks\/wp-json\/wp\/v2\/media?parent=215"}],"wp:term":[{"taxonomy":"product_brand","embeddable":true,"href":"https:\/\/digilago.es\/jumpanddrinks\/wp-json\/wp\/v2\/product_brand?post=215"},{"taxonomy":"product_cat","embeddable":true,"href":"https:\/\/digilago.es\/jumpanddrinks\/wp-json\/wp\/v2\/product_cat?post=215"},{"taxonomy":"product_tag","embeddable":true,"href":"https:\/\/digilago.es\/jumpanddrinks\/wp-json\/wp\/v2\/product_tag?post=215"}],"curies":[{"name":"wp","href":"https:\/\/api.w.org\/{rel}","templated":true}]}}