{"id":208,"date":"2026-04-17T10:56:43","date_gmt":"2026-04-17T08:56:43","guid":{"rendered":"https:\/\/digilago.es\/jumpanddrinks\/?post_type=product&#038;p=208"},"modified":"2026-04-17T11:03:23","modified_gmt":"2026-04-17T09:03:23","slug":"gorra-oficial-jumpanddrinks","status":"publish","type":"product","link":"https:\/\/digilago.es\/jumpanddrinks\/producto\/gorra-oficial-jumpanddrinks\/","title":{"rendered":"Gorra oficial jumpanddrinks"},"content":{"rendered":"<p data-path-to-node=\"3\">La <b data-path-to-node=\"3\" data-index-in-node=\"3\">Gorra Oficial Jump &amp; Drinks<\/b> es el accesorio definitivo para mantener el estilo intacto incluso despu\u00e9s de la sesi\u00f3n de saltos m\u00e1s intensa. Dise\u00f1ada con una estructura de seis paneles y una visera curva que aporta ese toque urbano cl\u00e1sico, esta gorra no solo te protege del sol, sino que oculta el \u00abpelo de saltar\u00bb para que pases directamente de la pista a la barra con total confianza. Cuenta con un cierre ajustable que garantiza un ajuste firme y c\u00f3modo para cualquier medida, junto con ojales de ventilaci\u00f3n bordados que mantienen tu cabeza fresca en todo momento. Con nuestro logo bordado en alta densidad, es la pieza que completa tu kit y demuestra que el esp\u00edritu Jump &amp; Drinks te acompa\u00f1a mucho m\u00e1s all\u00e1 de los trampolines.<\/p>\n","protected":false},"excerpt":{"rendered":"<p>Lleva el estilo de Jump &amp; Drinks a la calle con nuestra gorra oficial. Un dise\u00f1o ajustable, fresco y con personalidad, pensado para aguantar tu ritmo y darte el toque definitivo cuando bajas de la pista para disfrutar de una buena bebida.<\/p>\n","protected":false},"featured_media":212,"comment_status":"open","ping_status":"closed","template":"","meta":[],"product_brand":[],"product_cat":[26],"product_tag":[],"class_list":{"0":"post-208","1":"product","2":"type-product","3":"status-publish","4":"has-post-thumbnail","6":"product_cat-productos-jumpanddrinks","8":"first","9":"instock","10":"sale","11":"taxable","12":"shipping-taxable","13":"purchasable","14":"product-type-simple"},"yoast_head":"<!-- This site is optimized with the Yoast SEO plugin v26.8 - https:\/\/yoast.com\/product\/yoast-seo-wordpress\/ -->\n<title>Gorra oficial jumpanddrinks - Jumpanddrinks<\/title>\n<meta name=\"description\" content=\"Completa tu look con la Gorra Oficial Jump &amp; Drinks. Dise\u00f1o urbano, ajustable y transpirable, ideal para pasar del salto al bar con el mejor estilo. \u00a1Hazte con la tuya y lleva nuestra energ\u00eda a todas partes!\" \/>\n<meta name=\"robots\" content=\"index, follow, max-snippet:-1, max-image-preview:large, max-video-preview:-1\" \/>\n<link rel=\"canonical\" href=\"https:\/\/digilago.es\/jumpanddrinks\/producto\/gorra-oficial-jumpanddrinks\/\" \/>\n<meta property=\"og:locale\" content=\"es_ES\" \/>\n<meta property=\"og:type\" content=\"article\" \/>\n<meta property=\"og:title\" content=\"Gorra oficial jumpanddrinks - Jumpanddrinks\" \/>\n<meta property=\"og:description\" content=\"Completa tu look con la Gorra Oficial Jump &amp; Drinks. Dise\u00f1o urbano, ajustable y transpirable, ideal para pasar del salto al bar con el mejor estilo. \u00a1Hazte con la tuya y lleva nuestra energ\u00eda a todas partes!\" \/>\n<meta property=\"og:url\" content=\"https:\/\/digilago.es\/jumpanddrinks\/producto\/gorra-oficial-jumpanddrinks\/\" \/>\n<meta property=\"og:site_name\" content=\"Jumpanddrinks\" \/>\n<meta property=\"article:modified_time\" content=\"2026-04-17T09:03:23+00:00\" \/>\n<meta property=\"og:image\" content=\"https:\/\/digilago.es\/jumpanddrinks\/wp-content\/uploads\/sites\/55\/2026\/04\/Gemini_Generated_Image_byz3pibyz3pibyz3.png\" \/>\n\t<meta property=\"og:image:width\" content=\"1408\" \/>\n\t<meta property=\"og:image:height\" content=\"768\" \/>\n\t<meta property=\"og:image:type\" content=\"image\/png\" \/>\n<meta name=\"twitter:card\" content=\"summary_large_image\" \/>\n<meta name=\"twitter:label1\" content=\"Tiempo de lectura\" \/>\n\t<meta name=\"twitter:data1\" content=\"1 minuto\" \/>\n<script type=\"application\/ld+json\" class=\"yoast-schema-graph\">{\"@context\":\"https:\/\/schema.org\",\"@graph\":[{\"@type\":\"WebPage\",\"@id\":\"https:\/\/digilago.es\/jumpanddrinks\/producto\/gorra-oficial-jumpanddrinks\/\",\"url\":\"https:\/\/digilago.es\/jumpanddrinks\/producto\/gorra-oficial-jumpanddrinks\/\",\"name\":\"Gorra oficial jumpanddrinks - Jumpanddrinks\",\"isPartOf\":{\"@id\":\"https:\/\/digilago.es\/jumpanddrinks\/#website\"},\"primaryImageOfPage\":{\"@id\":\"https:\/\/digilago.es\/jumpanddrinks\/producto\/gorra-oficial-jumpanddrinks\/#primaryimage\"},\"image\":{\"@id\":\"https:\/\/digilago.es\/jumpanddrinks\/producto\/gorra-oficial-jumpanddrinks\/#primaryimage\"},\"thumbnailUrl\":\"https:\/\/digilago.es\/jumpanddrinks\/wp-content\/uploads\/sites\/55\/2026\/04\/Gemini_Generated_Image_byz3pibyz3pibyz3.png\",\"datePublished\":\"2026-04-17T08:56:43+00:00\",\"dateModified\":\"2026-04-17T09:03:23+00:00\",\"description\":\"Completa tu look con la Gorra Oficial Jump & Drinks. Dise\u00f1o urbano, ajustable y transpirable, ideal para pasar del salto al bar con el mejor estilo. \u00a1Hazte con la tuya y lleva nuestra energ\u00eda a todas partes!\",\"breadcrumb\":{\"@id\":\"https:\/\/digilago.es\/jumpanddrinks\/producto\/gorra-oficial-jumpanddrinks\/#breadcrumb\"},\"inLanguage\":\"es\",\"potentialAction\":[{\"@type\":\"ReadAction\",\"target\":[\"https:\/\/digilago.es\/jumpanddrinks\/producto\/gorra-oficial-jumpanddrinks\/\"]}]},{\"@type\":\"ImageObject\",\"inLanguage\":\"es\",\"@id\":\"https:\/\/digilago.es\/jumpanddrinks\/producto\/gorra-oficial-jumpanddrinks\/#primaryimage\",\"url\":\"https:\/\/digilago.es\/jumpanddrinks\/wp-content\/uploads\/sites\/55\/2026\/04\/Gemini_Generated_Image_byz3pibyz3pibyz3.png\",\"contentUrl\":\"https:\/\/digilago.es\/jumpanddrinks\/wp-content\/uploads\/sites\/55\/2026\/04\/Gemini_Generated_Image_byz3pibyz3pibyz3.png\",\"width\":1408,\"height\":768},{\"@type\":\"BreadcrumbList\",\"@id\":\"https:\/\/digilago.es\/jumpanddrinks\/producto\/gorra-oficial-jumpanddrinks\/#breadcrumb\",\"itemListElement\":[{\"@type\":\"ListItem\",\"position\":1,\"name\":\"Portada\",\"item\":\"https:\/\/digilago.es\/jumpanddrinks\/\"},{\"@type\":\"ListItem\",\"position\":2,\"name\":\"Tienda\",\"item\":\"https:\/\/digilago.es\/jumpanddrinks\/tienda\/\"},{\"@type\":\"ListItem\",\"position\":3,\"name\":\"Gorra oficial jumpanddrinks\"}]},{\"@type\":\"WebSite\",\"@id\":\"https:\/\/digilago.es\/jumpanddrinks\/#website\",\"url\":\"https:\/\/digilago.es\/jumpanddrinks\/\",\"name\":\"Jumpanddrinks\",\"description\":\"\",\"publisher\":{\"@id\":\"https:\/\/digilago.es\/jumpanddrinks\/#organization\"},\"potentialAction\":[{\"@type\":\"SearchAction\",\"target\":{\"@type\":\"EntryPoint\",\"urlTemplate\":\"https:\/\/digilago.es\/jumpanddrinks\/?s={search_term_string}\"},\"query-input\":{\"@type\":\"PropertyValueSpecification\",\"valueRequired\":true,\"valueName\":\"search_term_string\"}}],\"inLanguage\":\"es\"},{\"@type\":\"Organization\",\"@id\":\"https:\/\/digilago.es\/jumpanddrinks\/#organization\",\"name\":\"Jumpanddrinks\",\"url\":\"https:\/\/digilago.es\/jumpanddrinks\/\",\"logo\":{\"@type\":\"ImageObject\",\"inLanguage\":\"es\",\"@id\":\"https:\/\/digilago.es\/jumpanddrinks\/#\/schema\/logo\/image\/\",\"url\":\"https:\/\/digilago.es\/jumpanddrinks\/wp-content\/uploads\/sites\/55\/2026\/02\/cropped-Captura-de-pantalla-2026-02-03-201629.png\",\"contentUrl\":\"https:\/\/digilago.es\/jumpanddrinks\/wp-content\/uploads\/sites\/55\/2026\/02\/cropped-Captura-de-pantalla-2026-02-03-201629.png\",\"width\":316,\"height\":252,\"caption\":\"Jumpanddrinks\"},\"image\":{\"@id\":\"https:\/\/digilago.es\/jumpanddrinks\/#\/schema\/logo\/image\/\"}}]}<\/script>\n<!-- \/ Yoast SEO plugin. -->","yoast_head_json":{"title":"Gorra oficial jumpanddrinks - Jumpanddrinks","description":"Completa tu look con la Gorra Oficial Jump & Drinks. Dise\u00f1o urbano, ajustable y transpirable, ideal para pasar del salto al bar con el mejor estilo. \u00a1Hazte con la tuya y lleva nuestra energ\u00eda a todas partes!","robots":{"index":"index","follow":"follow","max-snippet":"max-snippet:-1","max-image-preview":"max-image-preview:large","max-video-preview":"max-video-preview:-1"},"canonical":"https:\/\/digilago.es\/jumpanddrinks\/producto\/gorra-oficial-jumpanddrinks\/","og_locale":"es_ES","og_type":"article","og_title":"Gorra oficial jumpanddrinks - Jumpanddrinks","og_description":"Completa tu look con la Gorra Oficial Jump & Drinks. Dise\u00f1o urbano, ajustable y transpirable, ideal para pasar del salto al bar con el mejor estilo. \u00a1Hazte con la tuya y lleva nuestra energ\u00eda a todas partes!","og_url":"https:\/\/digilago.es\/jumpanddrinks\/producto\/gorra-oficial-jumpanddrinks\/","og_site_name":"Jumpanddrinks","article_modified_time":"2026-04-17T09:03:23+00:00","og_image":[{"width":1408,"height":768,"url":"https:\/\/digilago.es\/jumpanddrinks\/wp-content\/uploads\/sites\/55\/2026\/04\/Gemini_Generated_Image_byz3pibyz3pibyz3.png","type":"image\/png"}],"twitter_card":"summary_large_image","twitter_misc":{"Tiempo de lectura":"1 minuto"},"schema":{"@context":"https:\/\/schema.org","@graph":[{"@type":"WebPage","@id":"https:\/\/digilago.es\/jumpanddrinks\/producto\/gorra-oficial-jumpanddrinks\/","url":"https:\/\/digilago.es\/jumpanddrinks\/producto\/gorra-oficial-jumpanddrinks\/","name":"Gorra oficial jumpanddrinks - Jumpanddrinks","isPartOf":{"@id":"https:\/\/digilago.es\/jumpanddrinks\/#website"},"primaryImageOfPage":{"@id":"https:\/\/digilago.es\/jumpanddrinks\/producto\/gorra-oficial-jumpanddrinks\/#primaryimage"},"image":{"@id":"https:\/\/digilago.es\/jumpanddrinks\/producto\/gorra-oficial-jumpanddrinks\/#primaryimage"},"thumbnailUrl":"https:\/\/digilago.es\/jumpanddrinks\/wp-content\/uploads\/sites\/55\/2026\/04\/Gemini_Generated_Image_byz3pibyz3pibyz3.png","datePublished":"2026-04-17T08:56:43+00:00","dateModified":"2026-04-17T09:03:23+00:00","description":"Completa tu look con la Gorra Oficial Jump & Drinks. Dise\u00f1o urbano, ajustable y transpirable, ideal para pasar del salto al bar con el mejor estilo. \u00a1Hazte con la tuya y lleva nuestra energ\u00eda a todas partes!","breadcrumb":{"@id":"https:\/\/digilago.es\/jumpanddrinks\/producto\/gorra-oficial-jumpanddrinks\/#breadcrumb"},"inLanguage":"es","potentialAction":[{"@type":"ReadAction","target":["https:\/\/digilago.es\/jumpanddrinks\/producto\/gorra-oficial-jumpanddrinks\/"]}]},{"@type":"ImageObject","inLanguage":"es","@id":"https:\/\/digilago.es\/jumpanddrinks\/producto\/gorra-oficial-jumpanddrinks\/#primaryimage","url":"https:\/\/digilago.es\/jumpanddrinks\/wp-content\/uploads\/sites\/55\/2026\/04\/Gemini_Generated_Image_byz3pibyz3pibyz3.png","contentUrl":"https:\/\/digilago.es\/jumpanddrinks\/wp-content\/uploads\/sites\/55\/2026\/04\/Gemini_Generated_Image_byz3pibyz3pibyz3.png","width":1408,"height":768},{"@type":"BreadcrumbList","@id":"https:\/\/digilago.es\/jumpanddrinks\/producto\/gorra-oficial-jumpanddrinks\/#breadcrumb","itemListElement":[{"@type":"ListItem","position":1,"name":"Portada","item":"https:\/\/digilago.es\/jumpanddrinks\/"},{"@type":"ListItem","position":2,"name":"Tienda","item":"https:\/\/digilago.es\/jumpanddrinks\/tienda\/"},{"@type":"ListItem","position":3,"name":"Gorra oficial jumpanddrinks"}]},{"@type":"WebSite","@id":"https:\/\/digilago.es\/jumpanddrinks\/#website","url":"https:\/\/digilago.es\/jumpanddrinks\/","name":"Jumpanddrinks","description":"","publisher":{"@id":"https:\/\/digilago.es\/jumpanddrinks\/#organization"},"potentialAction":[{"@type":"SearchAction","target":{"@type":"EntryPoint","urlTemplate":"https:\/\/digilago.es\/jumpanddrinks\/?s={search_term_string}"},"query-input":{"@type":"PropertyValueSpecification","valueRequired":true,"valueName":"search_term_string"}}],"inLanguage":"es"},{"@type":"Organization","@id":"https:\/\/digilago.es\/jumpanddrinks\/#organization","name":"Jumpanddrinks","url":"https:\/\/digilago.es\/jumpanddrinks\/","logo":{"@type":"ImageObject","inLanguage":"es","@id":"https:\/\/digilago.es\/jumpanddrinks\/#\/schema\/logo\/image\/","url":"https:\/\/digilago.es\/jumpanddrinks\/wp-content\/uploads\/sites\/55\/2026\/02\/cropped-Captura-de-pantalla-2026-02-03-201629.png","contentUrl":"https:\/\/digilago.es\/jumpanddrinks\/wp-content\/uploads\/sites\/55\/2026\/02\/cropped-Captura-de-pantalla-2026-02-03-201629.png","width":316,"height":252,"caption":"Jumpanddrinks"},"image":{"@id":"https:\/\/digilago.es\/jumpanddrinks\/#\/schema\/logo\/image\/"}}]}},"_links":{"self":[{"href":"https:\/\/digilago.es\/jumpanddrinks\/wp-json\/wp\/v2\/product\/208","targetHints":{"allow":["GET"]}}],"collection":[{"href":"https:\/\/digilago.es\/jumpanddrinks\/wp-json\/wp\/v2\/product"}],"about":[{"href":"https:\/\/digilago.es\/jumpanddrinks\/wp-json\/wp\/v2\/types\/product"}],"replies":[{"embeddable":true,"href":"https:\/\/digilago.es\/jumpanddrinks\/wp-json\/wp\/v2\/comments?post=208"}],"version-history":[{"count":1,"href":"https:\/\/digilago.es\/jumpanddrinks\/wp-json\/wp\/v2\/product\/208\/revisions"}],"predecessor-version":[{"id":210,"href":"https:\/\/digilago.es\/jumpanddrinks\/wp-json\/wp\/v2\/product\/208\/revisions\/210"}],"wp:featuredmedia":[{"embeddable":true,"href":"https:\/\/digilago.es\/jumpanddrinks\/wp-json\/wp\/v2\/media\/212"}],"wp:attachment":[{"href":"https:\/\/digilago.es\/jumpanddrinks\/wp-json\/wp\/v2\/media?parent=208"}],"wp:term":[{"taxonomy":"product_brand","embeddable":true,"href":"https:\/\/digilago.es\/jumpanddrinks\/wp-json\/wp\/v2\/product_brand?post=208"},{"taxonomy":"product_cat","embeddable":true,"href":"https:\/\/digilago.es\/jumpanddrinks\/wp-json\/wp\/v2\/product_cat?post=208"},{"taxonomy":"product_tag","embeddable":true,"href":"https:\/\/digilago.es\/jumpanddrinks\/wp-json\/wp\/v2\/product_tag?post=208"}],"curies":[{"name":"wp","href":"https:\/\/api.w.org\/{rel}","templated":true}]}}