{"id":202,"date":"2026-04-17T10:30:58","date_gmt":"2026-04-17T08:30:58","guid":{"rendered":"https:\/\/digilago.es\/jumpanddrinks\/?post_type=product&#038;p=202"},"modified":"2026-04-17T10:31:37","modified_gmt":"2026-04-17T08:31:37","slug":"calcetines","status":"publish","type":"product","link":"https:\/\/digilago.es\/jumpanddrinks\/producto\/calcetines\/","title":{"rendered":"Calcetines"},"content":{"rendered":"<p>Lleva tus saltos al siguiente nivel con los calcetines dise\u00f1ados espec\u00edficamente para la acci\u00f3n. Equipados con una suela antideslizante de m\u00e1ximo agarre, te ofrecen la estabilidad y seguridad que necesitas para moverte con total libertad. Son c\u00f3modos, transpirables y est\u00e1n disponibles en todas las tallas para que nadie se quede fuera de la pista. \u00a1Asegura tu pisada y salta con estilo!<\/p>\n","protected":false},"excerpt":{"rendered":"<p>Maximiza tu seguridad y agarre con nuestros calcetines antideslizantes oficiales, dise\u00f1ados para un salto perfecto. Disponibles en todas las tallas, son el accesorio esencial y obligatorio para disfrutar a tope de la experiencia.<\/p>\n","protected":false},"featured_media":203,"comment_status":"open","ping_status":"closed","template":"","meta":[],"product_brand":[],"product_cat":[26],"product_tag":[27],"class_list":{"0":"post-202","1":"product","2":"type-product","3":"status-publish","4":"has-post-thumbnail","6":"product_cat-productos-jumpanddrinks","7":"product_tag-calcetines","9":"first","10":"instock","11":"sale","12":"taxable","13":"shipping-taxable","14":"purchasable","15":"product-type-simple"},"yoast_head":"<!-- This site is optimized with the Yoast SEO plugin v26.8 - https:\/\/yoast.com\/product\/yoast-seo-wordpress\/ -->\n<title>Calcetines - Jumpanddrinks<\/title>\n<meta name=\"description\" content=\"Lleva tus saltos al siguiente nivel con los calcetines dise\u00f1ados espec\u00edficamente para la acci\u00f3n. Equipados con una suela antideslizante de m\u00e1ximo agarre, te ofrecen la estabilidad y seguridad que necesitas para moverte con total libertad. Son c\u00f3modos, transpirables y est\u00e1n disponibles en todas las tallas (S, M y L) para que nadie se quede fuera de la pista. \u00a1Asegura tu pisada y salta con estilo!\" \/>\n<meta name=\"robots\" content=\"index, follow, max-snippet:-1, max-image-preview:large, max-video-preview:-1\" \/>\n<link rel=\"canonical\" href=\"https:\/\/digilago.es\/jumpanddrinks\/producto\/calcetines\/\" \/>\n<meta property=\"og:locale\" content=\"es_ES\" \/>\n<meta property=\"og:type\" content=\"article\" \/>\n<meta property=\"og:title\" content=\"Calcetines - Jumpanddrinks\" \/>\n<meta property=\"og:description\" content=\"Lleva tus saltos al siguiente nivel con los calcetines dise\u00f1ados espec\u00edficamente para la acci\u00f3n. Equipados con una suela antideslizante de m\u00e1ximo agarre, te ofrecen la estabilidad y seguridad que necesitas para moverte con total libertad. Son c\u00f3modos, transpirables y est\u00e1n disponibles en todas las tallas (S, M y L) para que nadie se quede fuera de la pista. \u00a1Asegura tu pisada y salta con estilo!\" \/>\n<meta property=\"og:url\" content=\"https:\/\/digilago.es\/jumpanddrinks\/producto\/calcetines\/\" \/>\n<meta property=\"og:site_name\" content=\"Jumpanddrinks\" \/>\n<meta property=\"article:modified_time\" content=\"2026-04-17T08:31:37+00:00\" \/>\n<meta property=\"og:image\" content=\"https:\/\/digilago.es\/jumpanddrinks\/wp-content\/uploads\/sites\/55\/2026\/04\/ChatGPT-Image-17-abr-2026-10_29_40-683x1024.png\" \/>\n\t<meta property=\"og:image:width\" content=\"683\" \/>\n\t<meta property=\"og:image:height\" content=\"1024\" \/>\n\t<meta property=\"og:image:type\" content=\"image\/png\" \/>\n<meta name=\"twitter:card\" content=\"summary_large_image\" \/>\n<meta name=\"twitter:label1\" content=\"Tiempo de lectura\" \/>\n\t<meta name=\"twitter:data1\" content=\"1 minuto\" \/>\n<script type=\"application\/ld+json\" class=\"yoast-schema-graph\">{\"@context\":\"https:\/\/schema.org\",\"@graph\":[{\"@type\":\"WebPage\",\"@id\":\"https:\/\/digilago.es\/jumpanddrinks\/producto\/calcetines\/\",\"url\":\"https:\/\/digilago.es\/jumpanddrinks\/producto\/calcetines\/\",\"name\":\"Calcetines - Jumpanddrinks\",\"isPartOf\":{\"@id\":\"https:\/\/digilago.es\/jumpanddrinks\/#website\"},\"primaryImageOfPage\":{\"@id\":\"https:\/\/digilago.es\/jumpanddrinks\/producto\/calcetines\/#primaryimage\"},\"image\":{\"@id\":\"https:\/\/digilago.es\/jumpanddrinks\/producto\/calcetines\/#primaryimage\"},\"thumbnailUrl\":\"https:\/\/digilago.es\/jumpanddrinks\/wp-content\/uploads\/sites\/55\/2026\/04\/ChatGPT-Image-17-abr-2026-10_29_40.png\",\"datePublished\":\"2026-04-17T08:30:58+00:00\",\"dateModified\":\"2026-04-17T08:31:37+00:00\",\"description\":\"Lleva tus saltos al siguiente nivel con los calcetines dise\u00f1ados espec\u00edficamente para la acci\u00f3n. Equipados con una suela antideslizante de m\u00e1ximo agarre, te ofrecen la estabilidad y seguridad que necesitas para moverte con total libertad. Son c\u00f3modos, transpirables y est\u00e1n disponibles en todas las tallas (S, M y L) para que nadie se quede fuera de la pista. \u00a1Asegura tu pisada y salta con estilo!\",\"breadcrumb\":{\"@id\":\"https:\/\/digilago.es\/jumpanddrinks\/producto\/calcetines\/#breadcrumb\"},\"inLanguage\":\"es\",\"potentialAction\":[{\"@type\":\"ReadAction\",\"target\":[\"https:\/\/digilago.es\/jumpanddrinks\/producto\/calcetines\/\"]}]},{\"@type\":\"ImageObject\",\"inLanguage\":\"es\",\"@id\":\"https:\/\/digilago.es\/jumpanddrinks\/producto\/calcetines\/#primaryimage\",\"url\":\"https:\/\/digilago.es\/jumpanddrinks\/wp-content\/uploads\/sites\/55\/2026\/04\/ChatGPT-Image-17-abr-2026-10_29_40.png\",\"contentUrl\":\"https:\/\/digilago.es\/jumpanddrinks\/wp-content\/uploads\/sites\/55\/2026\/04\/ChatGPT-Image-17-abr-2026-10_29_40.png\",\"width\":1024,\"height\":1536},{\"@type\":\"BreadcrumbList\",\"@id\":\"https:\/\/digilago.es\/jumpanddrinks\/producto\/calcetines\/#breadcrumb\",\"itemListElement\":[{\"@type\":\"ListItem\",\"position\":1,\"name\":\"Portada\",\"item\":\"https:\/\/digilago.es\/jumpanddrinks\/\"},{\"@type\":\"ListItem\",\"position\":2,\"name\":\"Tienda\",\"item\":\"https:\/\/digilago.es\/jumpanddrinks\/tienda\/\"},{\"@type\":\"ListItem\",\"position\":3,\"name\":\"Calcetines\"}]},{\"@type\":\"WebSite\",\"@id\":\"https:\/\/digilago.es\/jumpanddrinks\/#website\",\"url\":\"https:\/\/digilago.es\/jumpanddrinks\/\",\"name\":\"Jumpanddrinks\",\"description\":\"\",\"publisher\":{\"@id\":\"https:\/\/digilago.es\/jumpanddrinks\/#organization\"},\"potentialAction\":[{\"@type\":\"SearchAction\",\"target\":{\"@type\":\"EntryPoint\",\"urlTemplate\":\"https:\/\/digilago.es\/jumpanddrinks\/?s={search_term_string}\"},\"query-input\":{\"@type\":\"PropertyValueSpecification\",\"valueRequired\":true,\"valueName\":\"search_term_string\"}}],\"inLanguage\":\"es\"},{\"@type\":\"Organization\",\"@id\":\"https:\/\/digilago.es\/jumpanddrinks\/#organization\",\"name\":\"Jumpanddrinks\",\"url\":\"https:\/\/digilago.es\/jumpanddrinks\/\",\"logo\":{\"@type\":\"ImageObject\",\"inLanguage\":\"es\",\"@id\":\"https:\/\/digilago.es\/jumpanddrinks\/#\/schema\/logo\/image\/\",\"url\":\"https:\/\/digilago.es\/jumpanddrinks\/wp-content\/uploads\/sites\/55\/2026\/02\/cropped-Captura-de-pantalla-2026-02-03-201629.png\",\"contentUrl\":\"https:\/\/digilago.es\/jumpanddrinks\/wp-content\/uploads\/sites\/55\/2026\/02\/cropped-Captura-de-pantalla-2026-02-03-201629.png\",\"width\":316,\"height\":252,\"caption\":\"Jumpanddrinks\"},\"image\":{\"@id\":\"https:\/\/digilago.es\/jumpanddrinks\/#\/schema\/logo\/image\/\"}}]}<\/script>\n<!-- \/ Yoast SEO plugin. -->","yoast_head_json":{"title":"Calcetines - Jumpanddrinks","description":"Lleva tus saltos al siguiente nivel con los calcetines dise\u00f1ados espec\u00edficamente para la acci\u00f3n. Equipados con una suela antideslizante de m\u00e1ximo agarre, te ofrecen la estabilidad y seguridad que necesitas para moverte con total libertad. Son c\u00f3modos, transpirables y est\u00e1n disponibles en todas las tallas (S, M y L) para que nadie se quede fuera de la pista. \u00a1Asegura tu pisada y salta con estilo!","robots":{"index":"index","follow":"follow","max-snippet":"max-snippet:-1","max-image-preview":"max-image-preview:large","max-video-preview":"max-video-preview:-1"},"canonical":"https:\/\/digilago.es\/jumpanddrinks\/producto\/calcetines\/","og_locale":"es_ES","og_type":"article","og_title":"Calcetines - Jumpanddrinks","og_description":"Lleva tus saltos al siguiente nivel con los calcetines dise\u00f1ados espec\u00edficamente para la acci\u00f3n. Equipados con una suela antideslizante de m\u00e1ximo agarre, te ofrecen la estabilidad y seguridad que necesitas para moverte con total libertad. Son c\u00f3modos, transpirables y est\u00e1n disponibles en todas las tallas (S, M y L) para que nadie se quede fuera de la pista. \u00a1Asegura tu pisada y salta con estilo!","og_url":"https:\/\/digilago.es\/jumpanddrinks\/producto\/calcetines\/","og_site_name":"Jumpanddrinks","article_modified_time":"2026-04-17T08:31:37+00:00","og_image":[{"width":683,"height":1024,"url":"https:\/\/digilago.es\/jumpanddrinks\/wp-content\/uploads\/sites\/55\/2026\/04\/ChatGPT-Image-17-abr-2026-10_29_40-683x1024.png","type":"image\/png"}],"twitter_card":"summary_large_image","twitter_misc":{"Tiempo de lectura":"1 minuto"},"schema":{"@context":"https:\/\/schema.org","@graph":[{"@type":"WebPage","@id":"https:\/\/digilago.es\/jumpanddrinks\/producto\/calcetines\/","url":"https:\/\/digilago.es\/jumpanddrinks\/producto\/calcetines\/","name":"Calcetines - Jumpanddrinks","isPartOf":{"@id":"https:\/\/digilago.es\/jumpanddrinks\/#website"},"primaryImageOfPage":{"@id":"https:\/\/digilago.es\/jumpanddrinks\/producto\/calcetines\/#primaryimage"},"image":{"@id":"https:\/\/digilago.es\/jumpanddrinks\/producto\/calcetines\/#primaryimage"},"thumbnailUrl":"https:\/\/digilago.es\/jumpanddrinks\/wp-content\/uploads\/sites\/55\/2026\/04\/ChatGPT-Image-17-abr-2026-10_29_40.png","datePublished":"2026-04-17T08:30:58+00:00","dateModified":"2026-04-17T08:31:37+00:00","description":"Lleva tus saltos al siguiente nivel con los calcetines dise\u00f1ados espec\u00edficamente para la acci\u00f3n. Equipados con una suela antideslizante de m\u00e1ximo agarre, te ofrecen la estabilidad y seguridad que necesitas para moverte con total libertad. Son c\u00f3modos, transpirables y est\u00e1n disponibles en todas las tallas (S, M y L) para que nadie se quede fuera de la pista. \u00a1Asegura tu pisada y salta con estilo!","breadcrumb":{"@id":"https:\/\/digilago.es\/jumpanddrinks\/producto\/calcetines\/#breadcrumb"},"inLanguage":"es","potentialAction":[{"@type":"ReadAction","target":["https:\/\/digilago.es\/jumpanddrinks\/producto\/calcetines\/"]}]},{"@type":"ImageObject","inLanguage":"es","@id":"https:\/\/digilago.es\/jumpanddrinks\/producto\/calcetines\/#primaryimage","url":"https:\/\/digilago.es\/jumpanddrinks\/wp-content\/uploads\/sites\/55\/2026\/04\/ChatGPT-Image-17-abr-2026-10_29_40.png","contentUrl":"https:\/\/digilago.es\/jumpanddrinks\/wp-content\/uploads\/sites\/55\/2026\/04\/ChatGPT-Image-17-abr-2026-10_29_40.png","width":1024,"height":1536},{"@type":"BreadcrumbList","@id":"https:\/\/digilago.es\/jumpanddrinks\/producto\/calcetines\/#breadcrumb","itemListElement":[{"@type":"ListItem","position":1,"name":"Portada","item":"https:\/\/digilago.es\/jumpanddrinks\/"},{"@type":"ListItem","position":2,"name":"Tienda","item":"https:\/\/digilago.es\/jumpanddrinks\/tienda\/"},{"@type":"ListItem","position":3,"name":"Calcetines"}]},{"@type":"WebSite","@id":"https:\/\/digilago.es\/jumpanddrinks\/#website","url":"https:\/\/digilago.es\/jumpanddrinks\/","name":"Jumpanddrinks","description":"","publisher":{"@id":"https:\/\/digilago.es\/jumpanddrinks\/#organization"},"potentialAction":[{"@type":"SearchAction","target":{"@type":"EntryPoint","urlTemplate":"https:\/\/digilago.es\/jumpanddrinks\/?s={search_term_string}"},"query-input":{"@type":"PropertyValueSpecification","valueRequired":true,"valueName":"search_term_string"}}],"inLanguage":"es"},{"@type":"Organization","@id":"https:\/\/digilago.es\/jumpanddrinks\/#organization","name":"Jumpanddrinks","url":"https:\/\/digilago.es\/jumpanddrinks\/","logo":{"@type":"ImageObject","inLanguage":"es","@id":"https:\/\/digilago.es\/jumpanddrinks\/#\/schema\/logo\/image\/","url":"https:\/\/digilago.es\/jumpanddrinks\/wp-content\/uploads\/sites\/55\/2026\/02\/cropped-Captura-de-pantalla-2026-02-03-201629.png","contentUrl":"https:\/\/digilago.es\/jumpanddrinks\/wp-content\/uploads\/sites\/55\/2026\/02\/cropped-Captura-de-pantalla-2026-02-03-201629.png","width":316,"height":252,"caption":"Jumpanddrinks"},"image":{"@id":"https:\/\/digilago.es\/jumpanddrinks\/#\/schema\/logo\/image\/"}}]}},"_links":{"self":[{"href":"https:\/\/digilago.es\/jumpanddrinks\/wp-json\/wp\/v2\/product\/202","targetHints":{"allow":["GET"]}}],"collection":[{"href":"https:\/\/digilago.es\/jumpanddrinks\/wp-json\/wp\/v2\/product"}],"about":[{"href":"https:\/\/digilago.es\/jumpanddrinks\/wp-json\/wp\/v2\/types\/product"}],"replies":[{"embeddable":true,"href":"https:\/\/digilago.es\/jumpanddrinks\/wp-json\/wp\/v2\/comments?post=202"}],"version-history":[{"count":1,"href":"https:\/\/digilago.es\/jumpanddrinks\/wp-json\/wp\/v2\/product\/202\/revisions"}],"predecessor-version":[{"id":204,"href":"https:\/\/digilago.es\/jumpanddrinks\/wp-json\/wp\/v2\/product\/202\/revisions\/204"}],"wp:featuredmedia":[{"embeddable":true,"href":"https:\/\/digilago.es\/jumpanddrinks\/wp-json\/wp\/v2\/media\/203"}],"wp:attachment":[{"href":"https:\/\/digilago.es\/jumpanddrinks\/wp-json\/wp\/v2\/media?parent=202"}],"wp:term":[{"taxonomy":"product_brand","embeddable":true,"href":"https:\/\/digilago.es\/jumpanddrinks\/wp-json\/wp\/v2\/product_brand?post=202"},{"taxonomy":"product_cat","embeddable":true,"href":"https:\/\/digilago.es\/jumpanddrinks\/wp-json\/wp\/v2\/product_cat?post=202"},{"taxonomy":"product_tag","embeddable":true,"href":"https:\/\/digilago.es\/jumpanddrinks\/wp-json\/wp\/v2\/product_tag?post=202"}],"curies":[{"name":"wp","href":"https:\/\/api.w.org\/{rel}","templated":true}]}}